{"id":3425,"date":"2023-04-26T17:43:34","date_gmt":"2023-04-26T15:43:34","guid":{"rendered":"https:\/\/reklameskolen.devz.no\/barneskole\/?page_id=3425"},"modified":"2024-08-20T12:20:46","modified_gmt":"2024-08-20T10:20:46","slug":"betalt-bodskap","status":"publish","type":"page","link":"https:\/\/reklameskolen.devz.no\/barneskole\/nn\/betalt-bodskap\/","title":{"rendered":"Betalt bodskap"},"content":{"rendered":"\n<div style=\"height:10px\" aria-hidden=\"true\" class=\"wp-block-spacer\"><\/div>\n\n\n\n<figure class=\"wp-block-image aligncenter size-full\"><img loading=\"lazy\" decoding=\"async\" width=\"2558\" height=\"640\" src=\"https:\/\/reklameskolen.devz.no\/barneskole\/nn\/files\/2023\/06\/joshua-earle-X_roZ7toBJY-unsplash-scaled-1-2.jpg\" alt=\"Gutt ser opp p\u00e5 reklamevegger i gate\" class=\"wp-image-4247\" srcset=\"https:\/\/reklameskolen.devz.no\/barneskole\/nn\/files\/2023\/06\/joshua-earle-X_roZ7toBJY-unsplash-scaled-1-2.jpg 2558w, https:\/\/reklameskolen.devz.no\/barneskole\/nn\/files\/2023\/06\/joshua-earle-X_roZ7toBJY-unsplash-scaled-1-2-300x75.jpg 300w, https:\/\/reklameskolen.devz.no\/barneskole\/nn\/files\/2023\/06\/joshua-earle-X_roZ7toBJY-unsplash-scaled-1-2-1024x256.jpg 1024w, https:\/\/reklameskolen.devz.no\/barneskole\/nn\/files\/2023\/06\/joshua-earle-X_roZ7toBJY-unsplash-scaled-1-2-768x192.jpg 768w, https:\/\/reklameskolen.devz.no\/barneskole\/nn\/files\/2023\/06\/joshua-earle-X_roZ7toBJY-unsplash-scaled-1-2-1536x384.jpg 1536w, https:\/\/reklameskolen.devz.no\/barneskole\/nn\/files\/2023\/06\/joshua-earle-X_roZ7toBJY-unsplash-scaled-1-2-2048x512.jpg 2048w, https:\/\/reklameskolen.devz.no\/barneskole\/nn\/files\/2023\/06\/joshua-earle-X_roZ7toBJY-unsplash-scaled-1-2-150x38.jpg 150w\" sizes=\"auto, (max-width: 2558px) 100vw, 2558px\" \/><figcaption class=\"wp-element-caption\">Foto: Joshua Earle\/Unsplash.<\/figcaption><\/figure>\n\n\n\n<h1 class=\"wp-block-heading has-text-align-left\">Betalt bodskap<\/h1>\n\n\n\n<div class=\"wp-block-columns is-layout-flex wp-container-core-columns-is-layout-28f84493 wp-block-columns-is-layout-flex\">\n<div class=\"wp-block-column is-layout-flow wp-block-column-is-layout-flow\" style=\"flex-basis:67%\">\n<p>N\u00e5r nokon tener pengar p\u00e5 \u00e5 fortelje om ei vare eller teneste, kallar vi det reklame.&nbsp;<\/p>\n\n\n\n<p>Reklame handlar om \u00e5 vise fram eit produkt til s\u00e5 mange som mogleg. Mykje reklame fortel kor bra produktet er. Men reklame er ikkje berre ord og setningar. Dei som lagar reklame kan bruke b\u00e5de bilde, lyd og lys for \u00e5 p\u00e5verke deg.&nbsp;<\/p>\n\n\n\n<p>M\u00e5let med reklame er ofte \u00e5 f\u00e5 flest mogleg til \u00e5 kj\u00f8pe eit bestemt produkt. Eller til \u00e5 like eit bestemt merke. Men reklame kan gjere meir enn det. Reklame kan nemleg p\u00e5verke kva vi tenker og f\u00f8ler. B\u00e5de om menneske og ting. Og om oss sj\u00f8lv.&nbsp;<\/p>\n<\/div>\n\n\n\n<div class=\"wp-block-column is-layout-flow wp-block-column-is-layout-flow\" style=\"flex-basis:33.33%\">\n<div class=\"wp-block-group is-style-fact-box is-layout-flow wp-block-group-is-layout-flow\">\n<h2 class=\"wp-block-heading has-palette-color-8-color has-text-color\">Definisjon<\/h2>\n\n\n\n<p><strong>Reklame&nbsp;<\/strong>er at nokon f\u00e5r betalt for \u00e5 fortelje om eit produkt.<\/p>\n<\/div>\n\n\n\n<div style=\"height:50px\" aria-hidden=\"true\" class=\"wp-block-spacer\"><\/div>\n\n\n\n<div style=\"height:50px\" aria-hidden=\"true\" class=\"wp-block-spacer\"><\/div>\n<\/div>\n<\/div>\n\n\n\n<div class=\"wp-block-group alignfull is-layout-flow wp-block-group-is-layout-flow\">\n<div class=\"wp-block-columns is-layout-flex wp-container-core-columns-is-layout-28f84493 wp-block-columns-is-layout-flex\">\n<div class=\"wp-block-column is-layout-flow wp-block-column-is-layout-flow\">\n<div class=\"wp-block-buttons is-content-justification-right is-layout-flex wp-container-core-buttons-is-layout-d445cf74 wp-block-buttons-is-layout-flex\">\n<div class=\"wp-block-button\"><a class=\"wp-block-button__link has-palette-color-8-color has-palette-color-3-background-color has-text-color has-background wp-element-button\" href=\"https:\/\/reklameskolen.devz.no\/barneskole\/nn\/kjenner-du-att-reklamen\/\" style=\"padding-top:var(--wp--preset--spacing--40);padding-right:var(--wp--preset--spacing--40);padding-bottom:var(--wp--preset--spacing--40);padding-left:var(--wp--preset--spacing--40)\">Tilbake til &#8220;Kjenner du igjen reklamen?&#8221;<\/a><\/div>\n<\/div>\n<\/div>\n\n\n\n<div class=\"wp-block-column is-layout-flow wp-block-column-is-layout-flow\">\n<div class=\"wp-block-buttons is-horizontal is-content-justification-left is-layout-flex wp-container-core-buttons-is-layout-20be11b6 wp-block-buttons-is-layout-flex\">\n<div class=\"wp-block-button\"><a class=\"wp-block-button__link has-palette-color-8-color has-palette-color-3-background-color has-text-color has-background wp-element-button\" href=\"https:\/\/reklameskolen.devz.no\/barneskole\/nn\/kven-seier-kva-til-kven\/\" style=\"padding-top:var(--wp--preset--spacing--40);padding-right:var(--wp--preset--spacing--40);padding-bottom:var(--wp--preset--spacing--40);padding-left:var(--wp--preset--spacing--40)\">Vidare til &#8220;Kven seier kva til kven?&#8221;<\/a><\/div>\n<\/div>\n<\/div>\n<\/div>\n<\/div>\n\n\n\n<div style=\"height:30px\" aria-hidden=\"true\" class=\"wp-block-spacer\"><\/div>\n","protected":false},"excerpt":{"rendered":"<p>Betalt bodskap N\u00e5r nokon tener pengar p\u00e5 \u00e5 fortelje om ei vare eller teneste, kallar vi det reklame.&nbsp; Reklame handlar om \u00e5 vise fram eit produkt til s\u00e5 mange som mogleg. Mykje reklame fortel kor bra produktet er. Men reklame er ikkje berre ord og setningar. Dei som lagar reklame kan bruke b\u00e5de bilde, lyd [&hellip;]<\/p>\n","protected":false},"author":1,"featured_media":0,"parent":0,"menu_order":3,"comment_status":"closed","ping_status":"closed","template":"","meta":{"_acf_changed":false,"editor_notices":[],"footnotes":""},"class_list":["post-3425","page","type-page","status-publish","hentry"],"blocksy_meta":[],"acf":[],"yoast_head":"<!-- This site is optimized with the Yoast SEO plugin v25.9 - https:\/\/yoast.com\/wordpress\/plugins\/seo\/ -->\n<title>Betalt bodskap - Barneskole - Nynorsk<\/title>\n<meta name=\"robots\" content=\"index, follow, max-snippet:-1, max-image-preview:large, max-video-preview:-1\" \/>\n<link rel=\"canonical\" href=\"https:\/\/reklameskolen.devz.no\/barneskole\/nn\/betalt-bodskap\/\" \/>\n<meta property=\"og:locale\" content=\"nn_NO\" \/>\n<meta property=\"og:type\" content=\"article\" \/>\n<meta property=\"og:title\" content=\"Betalt bodskap - Barneskole - Nynorsk\" \/>\n<meta property=\"og:description\" content=\"Betalt bodskap N\u00e5r nokon tener pengar p\u00e5 \u00e5 fortelje om ei vare eller teneste, kallar vi det reklame.&nbsp; Reklame handlar om \u00e5 vise fram eit produkt til s\u00e5 mange som mogleg. Mykje reklame fortel kor bra produktet er. Men reklame er ikkje berre ord og setningar. Dei som lagar reklame kan bruke b\u00e5de bilde, lyd [&hellip;]\" \/>\n<meta property=\"og:url\" content=\"https:\/\/reklameskolen.devz.no\/barneskole\/nn\/betalt-bodskap\/\" \/>\n<meta property=\"og:site_name\" content=\"Barneskole - Nynorsk\" \/>\n<meta property=\"article:modified_time\" content=\"2024-08-20T10:20:46+00:00\" \/>\n<meta property=\"og:image\" content=\"https:\/\/reklameskolen.devz.no\/wp-content\/uploads\/2023\/06\/joshua-earle-X_roZ7toBJY-unsplash-scaled-1.jpg\" \/>\n\t<meta property=\"og:image:width\" content=\"2558\" \/>\n\t<meta property=\"og:image:height\" content=\"640\" \/>\n\t<meta property=\"og:image:type\" content=\"image\/jpeg\" \/>\n<meta name=\"twitter:card\" content=\"summary_large_image\" \/>\n<meta name=\"twitter:label1\" content=\"Est. reading time\" \/>\n\t<meta name=\"twitter:data1\" content=\"1 minute\" \/>\n<script type=\"application\/ld+json\" class=\"yoast-schema-graph\">{\"@context\":\"https:\/\/schema.org\",\"@graph\":[{\"@type\":\"WebPage\",\"@id\":\"https:\/\/reklameskolen.devz.no\/barneskole\/nn\/betalt-bodskap\/\",\"url\":\"https:\/\/reklameskolen.devz.no\/barneskole\/nn\/betalt-bodskap\/\",\"name\":\"Betalt bodskap - Barneskole - Nynorsk\",\"isPartOf\":{\"@id\":\"https:\/\/reklameskolen.devz.no\/barneskole\/nn\/#website\"},\"primaryImageOfPage\":{\"@id\":\"https:\/\/reklameskolen.devz.no\/barneskole\/nn\/betalt-bodskap\/#primaryimage\"},\"image\":{\"@id\":\"https:\/\/reklameskolen.devz.no\/barneskole\/nn\/betalt-bodskap\/#primaryimage\"},\"thumbnailUrl\":\"https:\/\/reklameskolen.devz.no\/barneskole\/nn\/files\/2023\/06\/joshua-earle-X_roZ7toBJY-unsplash-scaled-1-2.jpg\",\"datePublished\":\"2023-04-26T15:43:34+00:00\",\"dateModified\":\"2024-08-20T10:20:46+00:00\",\"breadcrumb\":{\"@id\":\"https:\/\/reklameskolen.devz.no\/barneskole\/nn\/betalt-bodskap\/#breadcrumb\"},\"inLanguage\":\"nn-NO\",\"potentialAction\":[{\"@type\":\"ReadAction\",\"target\":[\"https:\/\/reklameskolen.devz.no\/barneskole\/nn\/betalt-bodskap\/\"]}]},{\"@type\":\"ImageObject\",\"inLanguage\":\"nn-NO\",\"@id\":\"https:\/\/reklameskolen.devz.no\/barneskole\/nn\/betalt-bodskap\/#primaryimage\",\"url\":\"https:\/\/reklameskolen.devz.no\/wp-content\/uploads\/2023\/06\/joshua-earle-X_roZ7toBJY-unsplash-scaled-1.jpg\",\"contentUrl\":\"https:\/\/reklameskolen.devz.no\/wp-content\/uploads\/2023\/06\/joshua-earle-X_roZ7toBJY-unsplash-scaled-1.jpg\",\"width\":2558,\"height\":640,\"caption\":\"Gutt ser opp p\u00e5 reklamevegger i gate\"},{\"@type\":\"BreadcrumbList\",\"@id\":\"https:\/\/reklameskolen.devz.no\/barneskole\/nn\/betalt-bodskap\/#breadcrumb\",\"itemListElement\":[{\"@type\":\"ListItem\",\"position\":1,\"name\":\"Home\",\"item\":\"https:\/\/reklameskolen.devz.no\/barneskole\/nn\/\"},{\"@type\":\"ListItem\",\"position\":2,\"name\":\"Betalt bodskap\"}]},{\"@type\":\"WebSite\",\"@id\":\"https:\/\/reklameskolen.devz.no\/barneskole\/nn\/#website\",\"url\":\"https:\/\/reklameskolen.devz.no\/barneskole\/nn\/\",\"name\":\"Barneskole - Nynorsk\",\"description\":\"Oppl\u00e6ringsverkt\u00f8y om reklame\",\"publisher\":{\"@id\":\"https:\/\/reklameskolen.devz.no\/barneskole\/nn\/#organization\"},\"potentialAction\":[{\"@type\":\"SearchAction\",\"target\":{\"@type\":\"EntryPoint\",\"urlTemplate\":\"https:\/\/reklameskolen.devz.no\/barneskole\/nn\/?s={search_term_string}\"},\"query-input\":{\"@type\":\"PropertyValueSpecification\",\"valueRequired\":true,\"valueName\":\"search_term_string\"}}],\"inLanguage\":\"nn-NO\"},{\"@type\":\"Organization\",\"@id\":\"https:\/\/reklameskolen.devz.no\/barneskole\/nn\/#organization\",\"name\":\"Barneskole - Nynorsk\",\"url\":\"https:\/\/reklameskolen.devz.no\/barneskole\/nn\/\",\"logo\":{\"@type\":\"ImageObject\",\"inLanguage\":\"nn-NO\",\"@id\":\"https:\/\/reklameskolen.devz.no\/barneskole\/nn\/#\/schema\/logo\/image\/\",\"url\":\"https:\/\/reklameskolen.devz.no\/wp-content\/uploads\/2023\/08\/Reklameskolen-Logo-01.png\",\"contentUrl\":\"https:\/\/reklameskolen.devz.no\/wp-content\/uploads\/2023\/08\/Reklameskolen-Logo-01.png\",\"caption\":\"Barneskole - Nynorsk\"},\"image\":{\"@id\":\"https:\/\/reklameskolen.devz.no\/barneskole\/nn\/#\/schema\/logo\/image\/\"}}]}<\/script>\n<!-- \/ Yoast SEO plugin. -->","yoast_head_json":{"title":"Betalt bodskap - Barneskole - Nynorsk","robots":{"index":"index","follow":"follow","max-snippet":"max-snippet:-1","max-image-preview":"max-image-preview:large","max-video-preview":"max-video-preview:-1"},"canonical":"https:\/\/reklameskolen.devz.no\/barneskole\/nn\/betalt-bodskap\/","og_locale":"nn_NO","og_type":"article","og_title":"Betalt bodskap - Barneskole - Nynorsk","og_description":"Betalt bodskap N\u00e5r nokon tener pengar p\u00e5 \u00e5 fortelje om ei vare eller teneste, kallar vi det reklame.&nbsp; Reklame handlar om \u00e5 vise fram eit produkt til s\u00e5 mange som mogleg. Mykje reklame fortel kor bra produktet er. Men reklame er ikkje berre ord og setningar. Dei som lagar reklame kan bruke b\u00e5de bilde, lyd [&hellip;]","og_url":"https:\/\/reklameskolen.devz.no\/barneskole\/nn\/betalt-bodskap\/","og_site_name":"Barneskole - Nynorsk","article_modified_time":"2024-08-20T10:20:46+00:00","og_image":[{"width":2558,"height":640,"url":"https:\/\/reklameskolen.devz.no\/wp-content\/uploads\/2023\/06\/joshua-earle-X_roZ7toBJY-unsplash-scaled-1.jpg","type":"image\/jpeg"}],"twitter_card":"summary_large_image","twitter_misc":{"Est. reading time":"1 minute"},"schema":{"@context":"https:\/\/schema.org","@graph":[{"@type":"WebPage","@id":"https:\/\/reklameskolen.devz.no\/barneskole\/nn\/betalt-bodskap\/","url":"https:\/\/reklameskolen.devz.no\/barneskole\/nn\/betalt-bodskap\/","name":"Betalt bodskap - Barneskole - Nynorsk","isPartOf":{"@id":"https:\/\/reklameskolen.devz.no\/barneskole\/nn\/#website"},"primaryImageOfPage":{"@id":"https:\/\/reklameskolen.devz.no\/barneskole\/nn\/betalt-bodskap\/#primaryimage"},"image":{"@id":"https:\/\/reklameskolen.devz.no\/barneskole\/nn\/betalt-bodskap\/#primaryimage"},"thumbnailUrl":"https:\/\/reklameskolen.devz.no\/barneskole\/nn\/files\/2023\/06\/joshua-earle-X_roZ7toBJY-unsplash-scaled-1-2.jpg","datePublished":"2023-04-26T15:43:34+00:00","dateModified":"2024-08-20T10:20:46+00:00","breadcrumb":{"@id":"https:\/\/reklameskolen.devz.no\/barneskole\/nn\/betalt-bodskap\/#breadcrumb"},"inLanguage":"nn-NO","potentialAction":[{"@type":"ReadAction","target":["https:\/\/reklameskolen.devz.no\/barneskole\/nn\/betalt-bodskap\/"]}]},{"@type":"ImageObject","inLanguage":"nn-NO","@id":"https:\/\/reklameskolen.devz.no\/barneskole\/nn\/betalt-bodskap\/#primaryimage","url":"https:\/\/reklameskolen.devz.no\/wp-content\/uploads\/2023\/06\/joshua-earle-X_roZ7toBJY-unsplash-scaled-1.jpg","contentUrl":"https:\/\/reklameskolen.devz.no\/wp-content\/uploads\/2023\/06\/joshua-earle-X_roZ7toBJY-unsplash-scaled-1.jpg","width":2558,"height":640,"caption":"Gutt ser opp p\u00e5 reklamevegger i gate"},{"@type":"BreadcrumbList","@id":"https:\/\/reklameskolen.devz.no\/barneskole\/nn\/betalt-bodskap\/#breadcrumb","itemListElement":[{"@type":"ListItem","position":1,"name":"Home","item":"https:\/\/reklameskolen.devz.no\/barneskole\/nn\/"},{"@type":"ListItem","position":2,"name":"Betalt bodskap"}]},{"@type":"WebSite","@id":"https:\/\/reklameskolen.devz.no\/barneskole\/nn\/#website","url":"https:\/\/reklameskolen.devz.no\/barneskole\/nn\/","name":"Barneskole - Nynorsk","description":"Oppl\u00e6ringsverkt\u00f8y om reklame","publisher":{"@id":"https:\/\/reklameskolen.devz.no\/barneskole\/nn\/#organization"},"potentialAction":[{"@type":"SearchAction","target":{"@type":"EntryPoint","urlTemplate":"https:\/\/reklameskolen.devz.no\/barneskole\/nn\/?s={search_term_string}"},"query-input":{"@type":"PropertyValueSpecification","valueRequired":true,"valueName":"search_term_string"}}],"inLanguage":"nn-NO"},{"@type":"Organization","@id":"https:\/\/reklameskolen.devz.no\/barneskole\/nn\/#organization","name":"Barneskole - Nynorsk","url":"https:\/\/reklameskolen.devz.no\/barneskole\/nn\/","logo":{"@type":"ImageObject","inLanguage":"nn-NO","@id":"https:\/\/reklameskolen.devz.no\/barneskole\/nn\/#\/schema\/logo\/image\/","url":"https:\/\/reklameskolen.devz.no\/wp-content\/uploads\/2023\/08\/Reklameskolen-Logo-01.png","contentUrl":"https:\/\/reklameskolen.devz.no\/wp-content\/uploads\/2023\/08\/Reklameskolen-Logo-01.png","caption":"Barneskole - Nynorsk"},"image":{"@id":"https:\/\/reklameskolen.devz.no\/barneskole\/nn\/#\/schema\/logo\/image\/"}}]}},"_links":{"self":[{"href":"https:\/\/reklameskolen.devz.no\/barneskole\/nn\/wp-json\/wp\/v2\/pages\/3425","targetHints":{"allow":["GET"]}}],"collection":[{"href":"https:\/\/reklameskolen.devz.no\/barneskole\/nn\/wp-json\/wp\/v2\/pages"}],"about":[{"href":"https:\/\/reklameskolen.devz.no\/barneskole\/nn\/wp-json\/wp\/v2\/types\/page"}],"author":[{"embeddable":true,"href":"https:\/\/reklameskolen.devz.no\/barneskole\/nn\/wp-json\/wp\/v2\/users\/1"}],"replies":[{"embeddable":true,"href":"https:\/\/reklameskolen.devz.no\/barneskole\/nn\/wp-json\/wp\/v2\/comments?post=3425"}],"version-history":[{"count":11,"href":"https:\/\/reklameskolen.devz.no\/barneskole\/nn\/wp-json\/wp\/v2\/pages\/3425\/revisions"}],"predecessor-version":[{"id":5175,"href":"https:\/\/reklameskolen.devz.no\/barneskole\/nn\/wp-json\/wp\/v2\/pages\/3425\/revisions\/5175"}],"wp:attachment":[{"href":"https:\/\/reklameskolen.devz.no\/barneskole\/nn\/wp-json\/wp\/v2\/media?parent=3425"}],"curies":[{"name":"wp","href":"https:\/\/api.w.org\/{rel}","templated":true}]}}