{"id":3493,"date":"2023-04-26T18:11:02","date_gmt":"2023-04-26T16:11:02","guid":{"rendered":"https:\/\/reklameskolen.devz.no\/barneskole\/?page_id=3493"},"modified":"2024-08-20T12:24:20","modified_gmt":"2024-08-20T10:24:20","slug":"fargar-som-fortel","status":"publish","type":"page","link":"https:\/\/reklameskolen.devz.no\/barneskole\/nn\/verkemiddel-i-reklame\/fargar-som-fortel\/","title":{"rendered":"Fargar som fortel"},"content":{"rendered":"\n<div style=\"height:10px\" aria-hidden=\"true\" class=\"wp-block-spacer\"><\/div>\n\n\n\n<figure class=\"wp-block-image aligncenter size-full\"><img loading=\"lazy\" decoding=\"async\" width=\"1500\" height=\"375\" src=\"https:\/\/reklameskolen.devz.no\/barneskole\/nn\/files\/2023\/06\/farger169-2.jpg\" alt=\"Malingsruller i fire farger\" class=\"wp-image-4240\" srcset=\"https:\/\/reklameskolen.devz.no\/barneskole\/nn\/files\/2023\/06\/farger169-2.jpg 1500w, https:\/\/reklameskolen.devz.no\/barneskole\/nn\/files\/2023\/06\/farger169-2-300x75.jpg 300w, https:\/\/reklameskolen.devz.no\/barneskole\/nn\/files\/2023\/06\/farger169-2-1024x256.jpg 1024w, https:\/\/reklameskolen.devz.no\/barneskole\/nn\/files\/2023\/06\/farger169-2-768x192.jpg 768w, https:\/\/reklameskolen.devz.no\/barneskole\/nn\/files\/2023\/06\/farger169-2-150x38.jpg 150w\" sizes=\"auto, (max-width: 1500px) 100vw, 1500px\" \/><figcaption class=\"wp-element-caption\">David Pisnoy\/Unsplash<\/figcaption><\/figure>\n\n\n\n<h1 class=\"wp-block-heading\">Fargar som fortel<\/h1>\n\n\n\n<p>Sj\u00f8lv om spr\u00e5ket i reklamen er viktig, er det \u00f2g mogleg \u00e5 seie mykje utan \u00e5 bruke eit einaste ord. Musikk kan for eksempel f\u00e5 deg til \u00e5 bli glad, trist eller avslappa. Dei som lagar reklame kan \u00f2g bruke fargar&nbsp;til \u00e5 vise at eit produkt har visse eigenskapar. Utan at det blir sagt eller skrive i reklamen.&nbsp;&nbsp;<\/p>\n\n\n\n<h2 class=\"wp-block-heading\">Desse fargane blir ofte brukte i reklame:\u202f&nbsp;<\/h2>\n\n\n\n<ul class=\"wp-block-list\">\n<li><strong>Gr\u00f8nn:<\/strong>\u202fMange firma bruker gr\u00f8nt for \u00e5 vise at noko er naturleg eller milj\u00f8vennleg.&nbsp;&nbsp;<\/li>\n\n\n\n<li><strong>R\u00f8d:<\/strong>\u202fFargen raud tyder ofte fare. Raudt blir \u00f2g brukt for \u00e5 fange merksemda di, eller for \u00e5 fortelje at noko er sterkt eller kraftig.&nbsp;&nbsp;<\/li>\n\n\n\n<li><strong>Gul:<\/strong>\u202fFargen gul blir gjerne brukt som signalfarge. Mange butikkar bruker gult for \u00e5 gjere det lettare \u00e5 sj\u00e5 at noko er p\u00e5 tilbod.&nbsp;&nbsp;<\/li>\n\n\n\n<li><strong>Bl\u00e5:\u202f<\/strong>Bl\u00e5tt blir ofte brukt for \u00e5 vise at noko er mildt, reint eller ufarleg. Nett som gr\u00f8nt, kan bl\u00e5tt \u00f2g symbolisere at noko er milj\u00f8vennleg.\u202f&nbsp;<\/li>\n\n\n\n<li><strong>Svart:<\/strong>\u202fSvart kan bli brukt for \u00e5 vise at noko er moderne, elegant og dyrt.&nbsp;&nbsp;<\/li>\n<\/ul>\n\n\n\n<div class=\"wp-block-group alignfull is-layout-flow wp-block-group-is-layout-flow\">\n<div class=\"wp-block-columns is-layout-flex wp-container-core-columns-is-layout-28f84493 wp-block-columns-is-layout-flex\">\n<div class=\"wp-block-column is-layout-flow wp-block-column-is-layout-flow\">\n<div class=\"wp-block-buttons is-content-justification-right is-layout-flex wp-container-core-buttons-is-layout-d445cf74 wp-block-buttons-is-layout-flex\">\n<div class=\"wp-block-button\"><a class=\"wp-block-button__link has-palette-color-8-color has-palette-color-3-background-color has-text-color has-background wp-element-button\" href=\"https:\/\/reklameskolen.devz.no\/barneskole\/nn\/verkemiddel-i-reklame\/ord-som-verkar\/\" style=\"padding-top:var(--wp--preset--spacing--40);padding-right:var(--wp--preset--spacing--40);padding-bottom:var(--wp--preset--spacing--40);padding-left:var(--wp--preset--spacing--40)\">Tilbake til &#8220;Ord som verkar&#8221;<\/a><\/div>\n<\/div>\n<\/div>\n\n\n\n<div class=\"wp-block-column is-layout-flow wp-block-column-is-layout-flow\">\n<div class=\"wp-block-buttons is-horizontal is-content-justification-left is-layout-flex wp-container-core-buttons-is-layout-20be11b6 wp-block-buttons-is-layout-flex\">\n<div class=\"wp-block-button\"><a class=\"wp-block-button__link has-palette-color-8-color has-palette-color-3-background-color has-text-color has-background wp-element-button\" href=\"https:\/\/reklameskolen.devz.no\/barneskole\/nn\/varemerke-og-merkevarer\/\" style=\"padding-top:var(--wp--preset--spacing--40);padding-right:var(--wp--preset--spacing--40);padding-bottom:var(--wp--preset--spacing--40);padding-left:var(--wp--preset--spacing--40)\">Vidare til &#8220;Varemerke og merkevarer&#8221;<\/a><\/div>\n<\/div>\n<\/div>\n<\/div>\n<\/div>\n\n\n\n<div style=\"height:30px\" aria-hidden=\"true\" class=\"wp-block-spacer\"><\/div>\n","protected":false},"excerpt":{"rendered":"<p>Fargar som fortel Sj\u00f8lv om spr\u00e5ket i reklamen er viktig, er det \u00f2g mogleg \u00e5 seie mykje utan \u00e5 bruke eit einaste ord. Musikk kan for eksempel f\u00e5 deg til \u00e5 bli glad, trist eller avslappa. Dei som lagar reklame kan \u00f2g bruke fargar&nbsp;til \u00e5 vise at eit produkt har visse eigenskapar. Utan at det [&hellip;]<\/p>\n","protected":false},"author":1,"featured_media":0,"parent":4499,"menu_order":3,"comment_status":"closed","ping_status":"closed","template":"","meta":{"_acf_changed":false,"editor_notices":[],"footnotes":""},"class_list":["post-3493","page","type-page","status-publish","hentry"],"blocksy_meta":[],"acf":[],"yoast_head":"<!-- This site is optimized with the Yoast SEO plugin v25.9 - https:\/\/yoast.com\/wordpress\/plugins\/seo\/ -->\n<title>Fargar som fortel - Barneskole - Nynorsk<\/title>\n<meta name=\"robots\" content=\"index, follow, max-snippet:-1, max-image-preview:large, max-video-preview:-1\" \/>\n<link rel=\"canonical\" href=\"https:\/\/reklameskolen.devz.no\/barneskole\/nn\/verkemiddel-i-reklame\/fargar-som-fortel\/\" \/>\n<meta property=\"og:locale\" content=\"nn_NO\" \/>\n<meta property=\"og:type\" content=\"article\" \/>\n<meta property=\"og:title\" content=\"Fargar som fortel - Barneskole - Nynorsk\" \/>\n<meta property=\"og:description\" content=\"Fargar som fortel Sj\u00f8lv om spr\u00e5ket i reklamen er viktig, er det \u00f2g mogleg \u00e5 seie mykje utan \u00e5 bruke eit einaste ord. Musikk kan for eksempel f\u00e5 deg til \u00e5 bli glad, trist eller avslappa. Dei som lagar reklame kan \u00f2g bruke fargar&nbsp;til \u00e5 vise at eit produkt har visse eigenskapar. Utan at det [&hellip;]\" \/>\n<meta property=\"og:url\" content=\"https:\/\/reklameskolen.devz.no\/barneskole\/nn\/verkemiddel-i-reklame\/fargar-som-fortel\/\" \/>\n<meta property=\"og:site_name\" content=\"Barneskole - Nynorsk\" \/>\n<meta property=\"article:modified_time\" content=\"2024-08-20T10:24:20+00:00\" \/>\n<meta property=\"og:image\" content=\"https:\/\/reklameskolen.devz.no\/wp-content\/uploads\/2023\/06\/farger169.jpg\" \/>\n\t<meta property=\"og:image:width\" content=\"1500\" \/>\n\t<meta property=\"og:image:height\" content=\"375\" \/>\n\t<meta property=\"og:image:type\" content=\"image\/jpeg\" \/>\n<meta name=\"twitter:card\" content=\"summary_large_image\" \/>\n<meta name=\"twitter:label1\" content=\"Est. reading time\" \/>\n\t<meta name=\"twitter:data1\" content=\"1 minute\" \/>\n<script type=\"application\/ld+json\" class=\"yoast-schema-graph\">{\"@context\":\"https:\/\/schema.org\",\"@graph\":[{\"@type\":\"WebPage\",\"@id\":\"https:\/\/reklameskolen.devz.no\/barneskole\/nn\/verkemiddel-i-reklame\/fargar-som-fortel\/\",\"url\":\"https:\/\/reklameskolen.devz.no\/barneskole\/nn\/verkemiddel-i-reklame\/fargar-som-fortel\/\",\"name\":\"Fargar som fortel - Barneskole - Nynorsk\",\"isPartOf\":{\"@id\":\"https:\/\/reklameskolen.devz.no\/barneskole\/nn\/#website\"},\"primaryImageOfPage\":{\"@id\":\"https:\/\/reklameskolen.devz.no\/barneskole\/nn\/verkemiddel-i-reklame\/fargar-som-fortel\/#primaryimage\"},\"image\":{\"@id\":\"https:\/\/reklameskolen.devz.no\/barneskole\/nn\/verkemiddel-i-reklame\/fargar-som-fortel\/#primaryimage\"},\"thumbnailUrl\":\"https:\/\/reklameskolen.devz.no\/barneskole\/nn\/files\/2023\/06\/farger169-2.jpg\",\"datePublished\":\"2023-04-26T16:11:02+00:00\",\"dateModified\":\"2024-08-20T10:24:20+00:00\",\"breadcrumb\":{\"@id\":\"https:\/\/reklameskolen.devz.no\/barneskole\/nn\/verkemiddel-i-reklame\/fargar-som-fortel\/#breadcrumb\"},\"inLanguage\":\"nn-NO\",\"potentialAction\":[{\"@type\":\"ReadAction\",\"target\":[\"https:\/\/reklameskolen.devz.no\/barneskole\/nn\/verkemiddel-i-reklame\/fargar-som-fortel\/\"]}]},{\"@type\":\"ImageObject\",\"inLanguage\":\"nn-NO\",\"@id\":\"https:\/\/reklameskolen.devz.no\/barneskole\/nn\/verkemiddel-i-reklame\/fargar-som-fortel\/#primaryimage\",\"url\":\"https:\/\/reklameskolen.devz.no\/wp-content\/uploads\/2023\/06\/farger169.jpg\",\"contentUrl\":\"https:\/\/reklameskolen.devz.no\/wp-content\/uploads\/2023\/06\/farger169.jpg\",\"width\":1500,\"height\":375,\"caption\":\"Malingsruller i fire farger\"},{\"@type\":\"BreadcrumbList\",\"@id\":\"https:\/\/reklameskolen.devz.no\/barneskole\/nn\/verkemiddel-i-reklame\/fargar-som-fortel\/#breadcrumb\",\"itemListElement\":[{\"@type\":\"ListItem\",\"position\":1,\"name\":\"Home\",\"item\":\"https:\/\/reklameskolen.devz.no\/barneskole\/nn\/\"},{\"@type\":\"ListItem\",\"position\":2,\"name\":\"Verkemiddel i reklame\",\"item\":\"https:\/\/reklameskolen.devz.no\/barneskole\/nn\/verkemiddel-i-reklame\/\"},{\"@type\":\"ListItem\",\"position\":3,\"name\":\"Fargar som fortel\"}]},{\"@type\":\"WebSite\",\"@id\":\"https:\/\/reklameskolen.devz.no\/barneskole\/nn\/#website\",\"url\":\"https:\/\/reklameskolen.devz.no\/barneskole\/nn\/\",\"name\":\"Barneskole - Nynorsk\",\"description\":\"Oppl\u00e6ringsverkt\u00f8y om reklame\",\"publisher\":{\"@id\":\"https:\/\/reklameskolen.devz.no\/barneskole\/nn\/#organization\"},\"potentialAction\":[{\"@type\":\"SearchAction\",\"target\":{\"@type\":\"EntryPoint\",\"urlTemplate\":\"https:\/\/reklameskolen.devz.no\/barneskole\/nn\/?s={search_term_string}\"},\"query-input\":{\"@type\":\"PropertyValueSpecification\",\"valueRequired\":true,\"valueName\":\"search_term_string\"}}],\"inLanguage\":\"nn-NO\"},{\"@type\":\"Organization\",\"@id\":\"https:\/\/reklameskolen.devz.no\/barneskole\/nn\/#organization\",\"name\":\"Barneskole - Nynorsk\",\"url\":\"https:\/\/reklameskolen.devz.no\/barneskole\/nn\/\",\"logo\":{\"@type\":\"ImageObject\",\"inLanguage\":\"nn-NO\",\"@id\":\"https:\/\/reklameskolen.devz.no\/barneskole\/nn\/#\/schema\/logo\/image\/\",\"url\":\"https:\/\/reklameskolen.devz.no\/wp-content\/uploads\/2023\/08\/Reklameskolen-Logo-01.png\",\"contentUrl\":\"https:\/\/reklameskolen.devz.no\/wp-content\/uploads\/2023\/08\/Reklameskolen-Logo-01.png\",\"caption\":\"Barneskole - Nynorsk\"},\"image\":{\"@id\":\"https:\/\/reklameskolen.devz.no\/barneskole\/nn\/#\/schema\/logo\/image\/\"}}]}<\/script>\n<!-- \/ Yoast SEO plugin. -->","yoast_head_json":{"title":"Fargar som fortel - Barneskole - Nynorsk","robots":{"index":"index","follow":"follow","max-snippet":"max-snippet:-1","max-image-preview":"max-image-preview:large","max-video-preview":"max-video-preview:-1"},"canonical":"https:\/\/reklameskolen.devz.no\/barneskole\/nn\/verkemiddel-i-reklame\/fargar-som-fortel\/","og_locale":"nn_NO","og_type":"article","og_title":"Fargar som fortel - Barneskole - Nynorsk","og_description":"Fargar som fortel Sj\u00f8lv om spr\u00e5ket i reklamen er viktig, er det \u00f2g mogleg \u00e5 seie mykje utan \u00e5 bruke eit einaste ord. Musikk kan for eksempel f\u00e5 deg til \u00e5 bli glad, trist eller avslappa. Dei som lagar reklame kan \u00f2g bruke fargar&nbsp;til \u00e5 vise at eit produkt har visse eigenskapar. Utan at det [&hellip;]","og_url":"https:\/\/reklameskolen.devz.no\/barneskole\/nn\/verkemiddel-i-reklame\/fargar-som-fortel\/","og_site_name":"Barneskole - Nynorsk","article_modified_time":"2024-08-20T10:24:20+00:00","og_image":[{"width":1500,"height":375,"url":"https:\/\/reklameskolen.devz.no\/wp-content\/uploads\/2023\/06\/farger169.jpg","type":"image\/jpeg"}],"twitter_card":"summary_large_image","twitter_misc":{"Est. reading time":"1 minute"},"schema":{"@context":"https:\/\/schema.org","@graph":[{"@type":"WebPage","@id":"https:\/\/reklameskolen.devz.no\/barneskole\/nn\/verkemiddel-i-reklame\/fargar-som-fortel\/","url":"https:\/\/reklameskolen.devz.no\/barneskole\/nn\/verkemiddel-i-reklame\/fargar-som-fortel\/","name":"Fargar som fortel - Barneskole - Nynorsk","isPartOf":{"@id":"https:\/\/reklameskolen.devz.no\/barneskole\/nn\/#website"},"primaryImageOfPage":{"@id":"https:\/\/reklameskolen.devz.no\/barneskole\/nn\/verkemiddel-i-reklame\/fargar-som-fortel\/#primaryimage"},"image":{"@id":"https:\/\/reklameskolen.devz.no\/barneskole\/nn\/verkemiddel-i-reklame\/fargar-som-fortel\/#primaryimage"},"thumbnailUrl":"https:\/\/reklameskolen.devz.no\/barneskole\/nn\/files\/2023\/06\/farger169-2.jpg","datePublished":"2023-04-26T16:11:02+00:00","dateModified":"2024-08-20T10:24:20+00:00","breadcrumb":{"@id":"https:\/\/reklameskolen.devz.no\/barneskole\/nn\/verkemiddel-i-reklame\/fargar-som-fortel\/#breadcrumb"},"inLanguage":"nn-NO","potentialAction":[{"@type":"ReadAction","target":["https:\/\/reklameskolen.devz.no\/barneskole\/nn\/verkemiddel-i-reklame\/fargar-som-fortel\/"]}]},{"@type":"ImageObject","inLanguage":"nn-NO","@id":"https:\/\/reklameskolen.devz.no\/barneskole\/nn\/verkemiddel-i-reklame\/fargar-som-fortel\/#primaryimage","url":"https:\/\/reklameskolen.devz.no\/wp-content\/uploads\/2023\/06\/farger169.jpg","contentUrl":"https:\/\/reklameskolen.devz.no\/wp-content\/uploads\/2023\/06\/farger169.jpg","width":1500,"height":375,"caption":"Malingsruller i fire farger"},{"@type":"BreadcrumbList","@id":"https:\/\/reklameskolen.devz.no\/barneskole\/nn\/verkemiddel-i-reklame\/fargar-som-fortel\/#breadcrumb","itemListElement":[{"@type":"ListItem","position":1,"name":"Home","item":"https:\/\/reklameskolen.devz.no\/barneskole\/nn\/"},{"@type":"ListItem","position":2,"name":"Verkemiddel i reklame","item":"https:\/\/reklameskolen.devz.no\/barneskole\/nn\/verkemiddel-i-reklame\/"},{"@type":"ListItem","position":3,"name":"Fargar som fortel"}]},{"@type":"WebSite","@id":"https:\/\/reklameskolen.devz.no\/barneskole\/nn\/#website","url":"https:\/\/reklameskolen.devz.no\/barneskole\/nn\/","name":"Barneskole - Nynorsk","description":"Oppl\u00e6ringsverkt\u00f8y om reklame","publisher":{"@id":"https:\/\/reklameskolen.devz.no\/barneskole\/nn\/#organization"},"potentialAction":[{"@type":"SearchAction","target":{"@type":"EntryPoint","urlTemplate":"https:\/\/reklameskolen.devz.no\/barneskole\/nn\/?s={search_term_string}"},"query-input":{"@type":"PropertyValueSpecification","valueRequired":true,"valueName":"search_term_string"}}],"inLanguage":"nn-NO"},{"@type":"Organization","@id":"https:\/\/reklameskolen.devz.no\/barneskole\/nn\/#organization","name":"Barneskole - Nynorsk","url":"https:\/\/reklameskolen.devz.no\/barneskole\/nn\/","logo":{"@type":"ImageObject","inLanguage":"nn-NO","@id":"https:\/\/reklameskolen.devz.no\/barneskole\/nn\/#\/schema\/logo\/image\/","url":"https:\/\/reklameskolen.devz.no\/wp-content\/uploads\/2023\/08\/Reklameskolen-Logo-01.png","contentUrl":"https:\/\/reklameskolen.devz.no\/wp-content\/uploads\/2023\/08\/Reklameskolen-Logo-01.png","caption":"Barneskole - Nynorsk"},"image":{"@id":"https:\/\/reklameskolen.devz.no\/barneskole\/nn\/#\/schema\/logo\/image\/"}}]}},"_links":{"self":[{"href":"https:\/\/reklameskolen.devz.no\/barneskole\/nn\/wp-json\/wp\/v2\/pages\/3493","targetHints":{"allow":["GET"]}}],"collection":[{"href":"https:\/\/reklameskolen.devz.no\/barneskole\/nn\/wp-json\/wp\/v2\/pages"}],"about":[{"href":"https:\/\/reklameskolen.devz.no\/barneskole\/nn\/wp-json\/wp\/v2\/types\/page"}],"author":[{"embeddable":true,"href":"https:\/\/reklameskolen.devz.no\/barneskole\/nn\/wp-json\/wp\/v2\/users\/1"}],"replies":[{"embeddable":true,"href":"https:\/\/reklameskolen.devz.no\/barneskole\/nn\/wp-json\/wp\/v2\/comments?post=3493"}],"version-history":[{"count":11,"href":"https:\/\/reklameskolen.devz.no\/barneskole\/nn\/wp-json\/wp\/v2\/pages\/3493\/revisions"}],"predecessor-version":[{"id":5177,"href":"https:\/\/reklameskolen.devz.no\/barneskole\/nn\/wp-json\/wp\/v2\/pages\/3493\/revisions\/5177"}],"up":[{"embeddable":true,"href":"https:\/\/reklameskolen.devz.no\/barneskole\/nn\/wp-json\/wp\/v2\/pages\/4499"}],"wp:attachment":[{"href":"https:\/\/reklameskolen.devz.no\/barneskole\/nn\/wp-json\/wp\/v2\/media?parent=3493"}],"curies":[{"name":"wp","href":"https:\/\/api.w.org\/{rel}","templated":true}]}}