{"id":3497,"date":"2023-04-26T18:12:11","date_gmt":"2023-04-26T16:12:11","guid":{"rendered":"https:\/\/reklameskolen.devz.no\/barneskole\/?page_id=3497"},"modified":"2024-10-02T13:19:19","modified_gmt":"2024-10-02T11:19:19","slug":"varemerke-og-merkevarer","status":"publish","type":"page","link":"https:\/\/reklameskolen.devz.no\/barneskole\/nn\/varemerke-og-merkevarer\/","title":{"rendered":"Varemerke og merkevarer"},"content":{"rendered":"\n<div style=\"height:10px\" aria-hidden=\"true\" class=\"wp-block-spacer\"><\/div>\n\n\n\n<figure class=\"wp-block-image aligncenter size-full\"><img loading=\"lazy\" decoding=\"async\" width=\"1500\" height=\"375\" src=\"https:\/\/reklameskolen.devz.no\/barneskole\/nn\/files\/2023\/06\/logoer1500-2.jpg\" alt=\"Plakat med mange forskjellige varemerker\" class=\"wp-image-4337\" srcset=\"https:\/\/reklameskolen.devz.no\/barneskole\/nn\/files\/2023\/06\/logoer1500-2.jpg 1500w, https:\/\/reklameskolen.devz.no\/barneskole\/nn\/files\/2023\/06\/logoer1500-2-300x75.jpg 300w, https:\/\/reklameskolen.devz.no\/barneskole\/nn\/files\/2023\/06\/logoer1500-2-1024x256.jpg 1024w, https:\/\/reklameskolen.devz.no\/barneskole\/nn\/files\/2023\/06\/logoer1500-2-768x192.jpg 768w, https:\/\/reklameskolen.devz.no\/barneskole\/nn\/files\/2023\/06\/logoer1500-2-150x38.jpg 150w\" sizes=\"auto, (max-width: 1500px) 100vw, 1500px\" \/><\/figure>\n\n\n\n<h1 class=\"wp-block-heading\">Varemerke og merkevarer<\/h1>\n\n\n\n<div class=\"wp-block-columns is-layout-flex wp-container-core-columns-is-layout-28f84493 wp-block-columns-is-layout-flex\">\n<div class=\"wp-block-column is-layout-flow wp-block-column-is-layout-flow\" style=\"flex-basis:67%\">\n<p>Har du nokon gong lurt p\u00e5 kvifor dei beste fotballaga har drakta full av sponsorlogoar? Eller kvifor ein liten sparebank deler ut gratis vassflasker p\u00e5 handballcup? Svaret er at det handlar om merkevarebygging.\u202f&nbsp;<\/p>\n\n\n\n<p>Alle firma vil at folk skal ha eit godt inntrykk av dei. Derfor bruker mange firma mykje pengar p\u00e5 merkevarebygging.&nbsp;&nbsp;<\/p>\n\n\n\n<p>Mange firma sponsar idrettsut\u00f8varar eller andre kjende personar. Det du tenker om ein kjent person eller eit lag, smittar fort over p\u00e5 firmaet som sponsar dei. Viss ein av dei beste fotballspelarane i verda blir sponsa av eit skomerke, vil nok mange tenke at skoa \u00f2g er dei beste i verda.&nbsp;<\/p>\n\n\n\n<p>Andre firma sponsar lokale lag eller arrangement. For eit lite idrettslag er det fint \u00e5 f\u00e5 pengar til ein ny pumptrack eller ei stor fotballturnering. For butikken som gir pengane, kan det vere god reklame. Mange vil nok tenke at dei som eig butikken har vore snille. D\u00e5 f\u00e5r dei kanskje meir lyst til \u00e5 handle der.&nbsp;<\/p>\n<\/div>\n\n\n\n<div class=\"wp-block-column is-layout-flow wp-block-column-is-layout-flow\" style=\"flex-basis:33.33%\">\n<div class=\"wp-block-group is-style-fact-box is-layout-flow wp-block-group-is-layout-flow\">\n<h2 class=\"wp-block-heading has-palette-color-8-color has-text-color\">Ordliste<\/h2>\n\n\n\n<p><strong>Merkevare:<\/strong> Ei vare eller teneste som blir selt under eit eige varemerke.&nbsp;<\/p>\n\n\n\n<p><strong>Varemerke:<\/strong> Eit merke eit firma bruker for \u00e5 selje noko. Eit varemerke kan best\u00e5 av b\u00e5de namn, logo, symbol og design.&nbsp;<\/p>\n\n\n\n<p><strong>Merkevarebygging:<\/strong> Mange firma bruker reklame for at folk skal forbinde produkta deira med noko positivt. Dette kallar vi merkevarebygging.&nbsp;<\/p>\n\n\n\n<p><strong>Sponsing:<\/strong> N\u00e5r eit firma gir pengar til eit idrettslag, ein kjent person, ein organisasjon eller eit arrangement kallar vi det sponsing.&nbsp;<\/p>\n<\/div>\n<\/div>\n<\/div>\n\n\n\n<div style=\"height:30px\" aria-hidden=\"true\" class=\"wp-block-spacer\"><\/div>\n\n\n\n<div class=\"wp-block-group alignfull is-layout-flow wp-block-group-is-layout-flow\">\n<div class=\"wp-block-columns is-layout-flex wp-container-core-columns-is-layout-28f84493 wp-block-columns-is-layout-flex\">\n<div class=\"wp-block-column is-layout-flow wp-block-column-is-layout-flow\">\n<div class=\"wp-block-buttons is-content-justification-right is-layout-flex wp-container-core-buttons-is-layout-d445cf74 wp-block-buttons-is-layout-flex\">\n<div class=\"wp-block-button\"><a class=\"wp-block-button__link has-palette-color-8-color has-palette-color-3-background-color has-text-color has-background wp-element-button\" href=\"https:\/\/reklameskolen.devz.no\/barneskole\/nn\/verkemiddel-i-reklame\/fargar-som-fortel\/\" style=\"padding-top:var(--wp--preset--spacing--40);padding-right:var(--wp--preset--spacing--40);padding-bottom:var(--wp--preset--spacing--40);padding-left:var(--wp--preset--spacing--40)\">Tilbake til &#8220;Fargar som fortel&#8221;<\/a><\/div>\n<\/div>\n<\/div>\n\n\n\n<div class=\"wp-block-column is-layout-flow wp-block-column-is-layout-flow\">\n<div class=\"wp-block-buttons is-horizontal is-content-justification-left is-layout-flex wp-container-core-buttons-is-layout-20be11b6 wp-block-buttons-is-layout-flex\">\n<div class=\"wp-block-button\"><a class=\"wp-block-button__link has-palette-color-8-color has-palette-color-3-background-color has-text-color has-background wp-element-button\" href=\"https:\/\/reklameskolen.devz.no\/barneskole\/nn\/varemerke-og-merkevarer\/kven-reklamerer-dei-for\/\" style=\"padding-top:var(--wp--preset--spacing--40);padding-right:var(--wp--preset--spacing--40);padding-bottom:var(--wp--preset--spacing--40);padding-left:var(--wp--preset--spacing--40)\">Vidare til &#8220;Kven sponsar landslaget?&#8221;<\/a><\/div>\n<\/div>\n<\/div>\n<\/div>\n<\/div>\n\n\n\n<div style=\"height:30px\" aria-hidden=\"true\" class=\"wp-block-spacer\"><\/div>\n","protected":false},"excerpt":{"rendered":"<p>Varemerke og merkevarer Har du nokon gong lurt p\u00e5 kvifor dei beste fotballaga har drakta full av sponsorlogoar? Eller kvifor ein liten sparebank deler ut gratis vassflasker p\u00e5 handballcup? Svaret er at det handlar om merkevarebygging.\u202f&nbsp; Alle firma vil at folk skal ha eit godt inntrykk av dei. Derfor bruker mange firma mykje pengar p\u00e5 [&hellip;]<\/p>\n","protected":false},"author":1,"featured_media":0,"parent":0,"menu_order":6,"comment_status":"closed","ping_status":"closed","template":"","meta":{"_acf_changed":false,"editor_notices":[],"footnotes":""},"class_list":["post-3497","page","type-page","status-publish","hentry"],"blocksy_meta":[],"acf":[],"yoast_head":"<!-- This site is optimized with the Yoast SEO plugin v25.9 - https:\/\/yoast.com\/wordpress\/plugins\/seo\/ -->\n<title>Varemerke og merkevarer - Barneskole - Nynorsk<\/title>\n<meta name=\"robots\" content=\"index, follow, max-snippet:-1, max-image-preview:large, max-video-preview:-1\" \/>\n<link rel=\"canonical\" href=\"https:\/\/reklameskolen.devz.no\/barneskole\/nn\/varemerke-og-merkevarer\/\" \/>\n<meta property=\"og:locale\" content=\"nn_NO\" \/>\n<meta property=\"og:type\" content=\"article\" \/>\n<meta property=\"og:title\" content=\"Varemerke og merkevarer - Barneskole - Nynorsk\" \/>\n<meta property=\"og:description\" content=\"Varemerke og merkevarer Har du nokon gong lurt p\u00e5 kvifor dei beste fotballaga har drakta full av sponsorlogoar? Eller kvifor ein liten sparebank deler ut gratis vassflasker p\u00e5 handballcup? Svaret er at det handlar om merkevarebygging.\u202f&nbsp; Alle firma vil at folk skal ha eit godt inntrykk av dei. Derfor bruker mange firma mykje pengar p\u00e5 [&hellip;]\" \/>\n<meta property=\"og:url\" content=\"https:\/\/reklameskolen.devz.no\/barneskole\/nn\/varemerke-og-merkevarer\/\" \/>\n<meta property=\"og:site_name\" content=\"Barneskole - Nynorsk\" \/>\n<meta property=\"article:modified_time\" content=\"2024-10-02T11:19:19+00:00\" \/>\n<meta property=\"og:image\" content=\"https:\/\/reklameskolen.devz.no\/wp-content\/uploads\/2023\/06\/logoer1500.jpg\" \/>\n\t<meta property=\"og:image:width\" content=\"1500\" \/>\n\t<meta property=\"og:image:height\" content=\"375\" \/>\n\t<meta property=\"og:image:type\" content=\"image\/jpeg\" \/>\n<meta name=\"twitter:card\" content=\"summary_large_image\" \/>\n<meta name=\"twitter:label1\" content=\"Est. reading time\" \/>\n\t<meta name=\"twitter:data1\" content=\"1 minute\" \/>\n<script type=\"application\/ld+json\" class=\"yoast-schema-graph\">{\"@context\":\"https:\/\/schema.org\",\"@graph\":[{\"@type\":\"WebPage\",\"@id\":\"https:\/\/reklameskolen.devz.no\/barneskole\/nn\/varemerke-og-merkevarer\/\",\"url\":\"https:\/\/reklameskolen.devz.no\/barneskole\/nn\/varemerke-og-merkevarer\/\",\"name\":\"Varemerke og merkevarer - Barneskole - Nynorsk\",\"isPartOf\":{\"@id\":\"https:\/\/reklameskolen.devz.no\/barneskole\/nn\/#website\"},\"primaryImageOfPage\":{\"@id\":\"https:\/\/reklameskolen.devz.no\/barneskole\/nn\/varemerke-og-merkevarer\/#primaryimage\"},\"image\":{\"@id\":\"https:\/\/reklameskolen.devz.no\/barneskole\/nn\/varemerke-og-merkevarer\/#primaryimage\"},\"thumbnailUrl\":\"https:\/\/reklameskolen.devz.no\/barneskole\/nn\/files\/2023\/06\/logoer1500-2.jpg\",\"datePublished\":\"2023-04-26T16:12:11+00:00\",\"dateModified\":\"2024-10-02T11:19:19+00:00\",\"breadcrumb\":{\"@id\":\"https:\/\/reklameskolen.devz.no\/barneskole\/nn\/varemerke-og-merkevarer\/#breadcrumb\"},\"inLanguage\":\"nn-NO\",\"potentialAction\":[{\"@type\":\"ReadAction\",\"target\":[\"https:\/\/reklameskolen.devz.no\/barneskole\/nn\/varemerke-og-merkevarer\/\"]}]},{\"@type\":\"ImageObject\",\"inLanguage\":\"nn-NO\",\"@id\":\"https:\/\/reklameskolen.devz.no\/barneskole\/nn\/varemerke-og-merkevarer\/#primaryimage\",\"url\":\"https:\/\/reklameskolen.devz.no\/wp-content\/uploads\/2023\/06\/logoer1500.jpg\",\"contentUrl\":\"https:\/\/reklameskolen.devz.no\/wp-content\/uploads\/2023\/06\/logoer1500.jpg\",\"width\":1500,\"height\":375,\"caption\":\"Plakat med mange forskjellige varemerker\"},{\"@type\":\"BreadcrumbList\",\"@id\":\"https:\/\/reklameskolen.devz.no\/barneskole\/nn\/varemerke-og-merkevarer\/#breadcrumb\",\"itemListElement\":[{\"@type\":\"ListItem\",\"position\":1,\"name\":\"Home\",\"item\":\"https:\/\/reklameskolen.devz.no\/barneskole\/nn\/\"},{\"@type\":\"ListItem\",\"position\":2,\"name\":\"Varemerke og merkevarer\"}]},{\"@type\":\"WebSite\",\"@id\":\"https:\/\/reklameskolen.devz.no\/barneskole\/nn\/#website\",\"url\":\"https:\/\/reklameskolen.devz.no\/barneskole\/nn\/\",\"name\":\"Barneskole - Nynorsk\",\"description\":\"Oppl\u00e6ringsverkt\u00f8y om reklame\",\"publisher\":{\"@id\":\"https:\/\/reklameskolen.devz.no\/barneskole\/nn\/#organization\"},\"potentialAction\":[{\"@type\":\"SearchAction\",\"target\":{\"@type\":\"EntryPoint\",\"urlTemplate\":\"https:\/\/reklameskolen.devz.no\/barneskole\/nn\/?s={search_term_string}\"},\"query-input\":{\"@type\":\"PropertyValueSpecification\",\"valueRequired\":true,\"valueName\":\"search_term_string\"}}],\"inLanguage\":\"nn-NO\"},{\"@type\":\"Organization\",\"@id\":\"https:\/\/reklameskolen.devz.no\/barneskole\/nn\/#organization\",\"name\":\"Barneskole - Nynorsk\",\"url\":\"https:\/\/reklameskolen.devz.no\/barneskole\/nn\/\",\"logo\":{\"@type\":\"ImageObject\",\"inLanguage\":\"nn-NO\",\"@id\":\"https:\/\/reklameskolen.devz.no\/barneskole\/nn\/#\/schema\/logo\/image\/\",\"url\":\"https:\/\/reklameskolen.devz.no\/wp-content\/uploads\/2023\/08\/Reklameskolen-Logo-01.png\",\"contentUrl\":\"https:\/\/reklameskolen.devz.no\/wp-content\/uploads\/2023\/08\/Reklameskolen-Logo-01.png\",\"caption\":\"Barneskole - Nynorsk\"},\"image\":{\"@id\":\"https:\/\/reklameskolen.devz.no\/barneskole\/nn\/#\/schema\/logo\/image\/\"}}]}<\/script>\n<!-- \/ Yoast SEO plugin. -->","yoast_head_json":{"title":"Varemerke og merkevarer - Barneskole - Nynorsk","robots":{"index":"index","follow":"follow","max-snippet":"max-snippet:-1","max-image-preview":"max-image-preview:large","max-video-preview":"max-video-preview:-1"},"canonical":"https:\/\/reklameskolen.devz.no\/barneskole\/nn\/varemerke-og-merkevarer\/","og_locale":"nn_NO","og_type":"article","og_title":"Varemerke og merkevarer - Barneskole - Nynorsk","og_description":"Varemerke og merkevarer Har du nokon gong lurt p\u00e5 kvifor dei beste fotballaga har drakta full av sponsorlogoar? Eller kvifor ein liten sparebank deler ut gratis vassflasker p\u00e5 handballcup? Svaret er at det handlar om merkevarebygging.\u202f&nbsp; Alle firma vil at folk skal ha eit godt inntrykk av dei. Derfor bruker mange firma mykje pengar p\u00e5 [&hellip;]","og_url":"https:\/\/reklameskolen.devz.no\/barneskole\/nn\/varemerke-og-merkevarer\/","og_site_name":"Barneskole - Nynorsk","article_modified_time":"2024-10-02T11:19:19+00:00","og_image":[{"width":1500,"height":375,"url":"https:\/\/reklameskolen.devz.no\/wp-content\/uploads\/2023\/06\/logoer1500.jpg","type":"image\/jpeg"}],"twitter_card":"summary_large_image","twitter_misc":{"Est. reading time":"1 minute"},"schema":{"@context":"https:\/\/schema.org","@graph":[{"@type":"WebPage","@id":"https:\/\/reklameskolen.devz.no\/barneskole\/nn\/varemerke-og-merkevarer\/","url":"https:\/\/reklameskolen.devz.no\/barneskole\/nn\/varemerke-og-merkevarer\/","name":"Varemerke og merkevarer - Barneskole - Nynorsk","isPartOf":{"@id":"https:\/\/reklameskolen.devz.no\/barneskole\/nn\/#website"},"primaryImageOfPage":{"@id":"https:\/\/reklameskolen.devz.no\/barneskole\/nn\/varemerke-og-merkevarer\/#primaryimage"},"image":{"@id":"https:\/\/reklameskolen.devz.no\/barneskole\/nn\/varemerke-og-merkevarer\/#primaryimage"},"thumbnailUrl":"https:\/\/reklameskolen.devz.no\/barneskole\/nn\/files\/2023\/06\/logoer1500-2.jpg","datePublished":"2023-04-26T16:12:11+00:00","dateModified":"2024-10-02T11:19:19+00:00","breadcrumb":{"@id":"https:\/\/reklameskolen.devz.no\/barneskole\/nn\/varemerke-og-merkevarer\/#breadcrumb"},"inLanguage":"nn-NO","potentialAction":[{"@type":"ReadAction","target":["https:\/\/reklameskolen.devz.no\/barneskole\/nn\/varemerke-og-merkevarer\/"]}]},{"@type":"ImageObject","inLanguage":"nn-NO","@id":"https:\/\/reklameskolen.devz.no\/barneskole\/nn\/varemerke-og-merkevarer\/#primaryimage","url":"https:\/\/reklameskolen.devz.no\/wp-content\/uploads\/2023\/06\/logoer1500.jpg","contentUrl":"https:\/\/reklameskolen.devz.no\/wp-content\/uploads\/2023\/06\/logoer1500.jpg","width":1500,"height":375,"caption":"Plakat med mange forskjellige varemerker"},{"@type":"BreadcrumbList","@id":"https:\/\/reklameskolen.devz.no\/barneskole\/nn\/varemerke-og-merkevarer\/#breadcrumb","itemListElement":[{"@type":"ListItem","position":1,"name":"Home","item":"https:\/\/reklameskolen.devz.no\/barneskole\/nn\/"},{"@type":"ListItem","position":2,"name":"Varemerke og merkevarer"}]},{"@type":"WebSite","@id":"https:\/\/reklameskolen.devz.no\/barneskole\/nn\/#website","url":"https:\/\/reklameskolen.devz.no\/barneskole\/nn\/","name":"Barneskole - Nynorsk","description":"Oppl\u00e6ringsverkt\u00f8y om reklame","publisher":{"@id":"https:\/\/reklameskolen.devz.no\/barneskole\/nn\/#organization"},"potentialAction":[{"@type":"SearchAction","target":{"@type":"EntryPoint","urlTemplate":"https:\/\/reklameskolen.devz.no\/barneskole\/nn\/?s={search_term_string}"},"query-input":{"@type":"PropertyValueSpecification","valueRequired":true,"valueName":"search_term_string"}}],"inLanguage":"nn-NO"},{"@type":"Organization","@id":"https:\/\/reklameskolen.devz.no\/barneskole\/nn\/#organization","name":"Barneskole - Nynorsk","url":"https:\/\/reklameskolen.devz.no\/barneskole\/nn\/","logo":{"@type":"ImageObject","inLanguage":"nn-NO","@id":"https:\/\/reklameskolen.devz.no\/barneskole\/nn\/#\/schema\/logo\/image\/","url":"https:\/\/reklameskolen.devz.no\/wp-content\/uploads\/2023\/08\/Reklameskolen-Logo-01.png","contentUrl":"https:\/\/reklameskolen.devz.no\/wp-content\/uploads\/2023\/08\/Reklameskolen-Logo-01.png","caption":"Barneskole - Nynorsk"},"image":{"@id":"https:\/\/reklameskolen.devz.no\/barneskole\/nn\/#\/schema\/logo\/image\/"}}]}},"_links":{"self":[{"href":"https:\/\/reklameskolen.devz.no\/barneskole\/nn\/wp-json\/wp\/v2\/pages\/3497","targetHints":{"allow":["GET"]}}],"collection":[{"href":"https:\/\/reklameskolen.devz.no\/barneskole\/nn\/wp-json\/wp\/v2\/pages"}],"about":[{"href":"https:\/\/reklameskolen.devz.no\/barneskole\/nn\/wp-json\/wp\/v2\/types\/page"}],"author":[{"embeddable":true,"href":"https:\/\/reklameskolen.devz.no\/barneskole\/nn\/wp-json\/wp\/v2\/users\/1"}],"replies":[{"embeddable":true,"href":"https:\/\/reklameskolen.devz.no\/barneskole\/nn\/wp-json\/wp\/v2\/comments?post=3497"}],"version-history":[{"count":10,"href":"https:\/\/reklameskolen.devz.no\/barneskole\/nn\/wp-json\/wp\/v2\/pages\/3497\/revisions"}],"predecessor-version":[{"id":5184,"href":"https:\/\/reklameskolen.devz.no\/barneskole\/nn\/wp-json\/wp\/v2\/pages\/3497\/revisions\/5184"}],"wp:attachment":[{"href":"https:\/\/reklameskolen.devz.no\/barneskole\/nn\/wp-json\/wp\/v2\/media?parent=3497"}],"curies":[{"name":"wp","href":"https:\/\/api.w.org\/{rel}","templated":true}]}}