{"id":3501,"date":"2023-04-26T18:15:42","date_gmt":"2023-04-26T16:15:42","guid":{"rendered":"https:\/\/reklameskolen.devz.no\/barneskole\/?page_id=3501"},"modified":"2023-12-12T13:52:58","modified_gmt":"2023-12-12T12:52:58","slug":"bilde-som-lyg","status":"publish","type":"page","link":"https:\/\/reklameskolen.devz.no\/barneskole\/nn\/bilde-som-lyg\/","title":{"rendered":"Bilde som lyg"},"content":{"rendered":"\n<h1 class=\"wp-block-heading\">Bilde som lyg<\/h1>\n\n\n\n<p><\/p>\n\n\n\n<p>Eit bilde seier meir enn tusen ord. Men det er ikkje alt bilda fortel som er sant. Appar og dataprogram har gjort det raskt og enkelt \u00e5 endre korleis du ser ut p\u00e5 bilde og video. Spesielt i sosiale medium.&nbsp;<\/p>\n\n\n\n<p>Nedanfor ser du to influensarar som viser der lett det er \u00e5 bruke filter for \u00e5 endre korleis dei ser ut i sosiale medium.&nbsp;<\/p>\n\n\n\n<div class=\"wp-block-group is-style-tableofcontent has-palette-color-5-background-color has-background is-layout-flow wp-block-group-is-layout-flow\">\n<div style=\"height:40px\" aria-hidden=\"true\" class=\"wp-block-spacer\"><\/div>\n\n\n\n<div class=\"wp-block-columns is-layout-flex wp-container-core-columns-is-layout-28f84493 wp-block-columns-is-layout-flex\">\n<div class=\"wp-block-column has-palette-color-5-background-color has-background is-layout-flow wp-block-column-is-layout-flow\" style=\"flex-basis:5%\">\n<p class=\"has-palette-color-4-color has-text-color\"><\/p>\n<\/div>\n\n\n\n<div class=\"wp-block-column has-palette-color-5-background-color has-background is-layout-flow wp-block-column-is-layout-flow\" style=\"flex-basis:43%\">\n<figure class=\"wp-block-video\"><video height=\"1334\" style=\"aspect-ratio: 750 \/ 1334;\" width=\"750\" controls src=\"https:\/\/reklameskolen.devz.no\/nn\/wp-content\/uploads\/2022\/04\/Sandra_Lyng-retusjerte-bilder-1.mp4\"><\/video><\/figure>\n\n\n\n<p class=\"has-palette-color-4-color has-text-color\">(Videoen er delt med samtykke fr\u00e5 Sandra Lyng.)<\/p>\n<\/div>\n\n\n\n<div class=\"wp-block-column has-palette-color-5-background-color has-background is-layout-flow wp-block-column-is-layout-flow\" style=\"flex-basis:4%\">\n<p><\/p>\n<\/div>\n\n\n\n<div class=\"wp-block-column has-palette-color-5-background-color has-background is-layout-flow wp-block-column-is-layout-flow\" style=\"flex-basis:43%\">\n<figure class=\"wp-block-video\"><video height=\"1334\" style=\"aspect-ratio: 750 \/ 1334;\" width=\"750\" controls src=\"https:\/\/reklameskolen.devz.no\/nn\/wp-content\/uploads\/2022\/04\/Line-Victoria-retusjerte-bilder-1.mp4\"><\/video><\/figure>\n\n\n\n<p class=\"has-palette-color-4-color has-text-color\">(Videoen er delt med samtykke fr\u00e5 Line Victoria Husby.)<\/p>\n<\/div>\n\n\n\n<div class=\"wp-block-column has-palette-color-5-background-color has-background is-layout-flow wp-block-column-is-layout-flow\" style=\"flex-basis:5%\"><\/div>\n<\/div>\n<\/div>\n\n\n\n<div class=\"wp-block-group alignfull is-layout-flow wp-block-group-is-layout-flow\">\n<div class=\"wp-block-columns is-layout-flex wp-container-core-columns-is-layout-28f84493 wp-block-columns-is-layout-flex\">\n<div class=\"wp-block-column is-layout-flow wp-block-column-is-layout-flow\">\n<div class=\"wp-block-buttons is-content-justification-right is-layout-flex wp-container-core-buttons-is-layout-d445cf74 wp-block-buttons-is-layout-flex\">\n<div class=\"wp-block-button\"><a class=\"wp-block-button__link has-palette-color-8-color has-palette-color-3-background-color has-text-color has-background wp-element-button\" href=\"https:\/\/reklameskolen.devz.no\/barneskole\/nn\/varemerke-og-merkevarer\/kven-reklamerer-dei-for\/\">Tilbake til &#8220;Kven sponsar landslaget?&#8221;<\/a><\/div>\n<\/div>\n<\/div>\n\n\n\n<div class=\"wp-block-column is-layout-flow wp-block-column-is-layout-flow\">\n<div class=\"wp-block-buttons is-horizontal is-content-justification-left is-layout-flex wp-container-core-buttons-is-layout-20be11b6 wp-block-buttons-is-layout-flex\">\n<div class=\"wp-block-button\"><a class=\"wp-block-button__link has-palette-color-8-color has-palette-color-3-background-color has-text-color has-background wp-element-button\" href=\"https:\/\/reklameskolen.devz.no\/barneskole\/nn\/bilde-som-lyg\/kva-er-retusjert-reklame\/\">Vidare til &#8220;Kva er retusjert reklame?&#8221;<\/a><\/div>\n<\/div>\n<\/div>\n<\/div>\n<\/div>\n\n\n\n<div style=\"height:30px\" aria-hidden=\"true\" class=\"wp-block-spacer\"><\/div>\n","protected":false},"excerpt":{"rendered":"<p>Bilde som lyg Eit bilde seier meir enn tusen ord. Men det er ikkje alt bilda fortel som er sant. Appar og dataprogram har gjort det raskt og enkelt \u00e5 endre korleis du ser ut p\u00e5 bilde og video. Spesielt i sosiale medium.&nbsp; Nedanfor ser du to influensarar som viser der lett det er \u00e5 [&hellip;]<\/p>\n","protected":false},"author":1,"featured_media":0,"parent":0,"menu_order":7,"comment_status":"closed","ping_status":"closed","template":"","meta":{"_acf_changed":false,"editor_notices":[],"footnotes":""},"class_list":["post-3501","page","type-page","status-publish","hentry"],"blocksy_meta":[],"acf":[],"yoast_head":"<!-- This site is optimized with the Yoast SEO plugin v25.9 - https:\/\/yoast.com\/wordpress\/plugins\/seo\/ -->\n<title>Bilde som lyg - Barneskole - Nynorsk<\/title>\n<meta name=\"robots\" content=\"index, follow, max-snippet:-1, max-image-preview:large, max-video-preview:-1\" \/>\n<link rel=\"canonical\" href=\"https:\/\/reklameskolen.devz.no\/barneskole\/nn\/bilde-som-lyg\/\" \/>\n<meta property=\"og:locale\" content=\"nn_NO\" \/>\n<meta property=\"og:type\" content=\"article\" \/>\n<meta property=\"og:title\" content=\"Bilde som lyg - Barneskole - Nynorsk\" \/>\n<meta property=\"og:description\" content=\"Bilde som lyg Eit bilde seier meir enn tusen ord. Men det er ikkje alt bilda fortel som er sant. Appar og dataprogram har gjort det raskt og enkelt \u00e5 endre korleis du ser ut p\u00e5 bilde og video. Spesielt i sosiale medium.&nbsp; Nedanfor ser du to influensarar som viser der lett det er \u00e5 [&hellip;]\" \/>\n<meta property=\"og:url\" content=\"https:\/\/reklameskolen.devz.no\/barneskole\/nn\/bilde-som-lyg\/\" \/>\n<meta property=\"og:site_name\" content=\"Barneskole - Nynorsk\" \/>\n<meta property=\"article:modified_time\" content=\"2023-12-12T12:52:58+00:00\" \/>\n<meta name=\"twitter:card\" content=\"summary_large_image\" \/>\n<script type=\"application\/ld+json\" class=\"yoast-schema-graph\">{\"@context\":\"https:\/\/schema.org\",\"@graph\":[{\"@type\":\"WebPage\",\"@id\":\"https:\/\/reklameskolen.devz.no\/barneskole\/nn\/bilde-som-lyg\/\",\"url\":\"https:\/\/reklameskolen.devz.no\/barneskole\/nn\/bilde-som-lyg\/\",\"name\":\"Bilde som lyg - Barneskole - Nynorsk\",\"isPartOf\":{\"@id\":\"https:\/\/reklameskolen.devz.no\/barneskole\/nn\/#website\"},\"datePublished\":\"2023-04-26T16:15:42+00:00\",\"dateModified\":\"2023-12-12T12:52:58+00:00\",\"breadcrumb\":{\"@id\":\"https:\/\/reklameskolen.devz.no\/barneskole\/nn\/bilde-som-lyg\/#breadcrumb\"},\"inLanguage\":\"nn-NO\",\"potentialAction\":[{\"@type\":\"ReadAction\",\"target\":[\"https:\/\/reklameskolen.devz.no\/barneskole\/nn\/bilde-som-lyg\/\"]}]},{\"@type\":\"BreadcrumbList\",\"@id\":\"https:\/\/reklameskolen.devz.no\/barneskole\/nn\/bilde-som-lyg\/#breadcrumb\",\"itemListElement\":[{\"@type\":\"ListItem\",\"position\":1,\"name\":\"Home\",\"item\":\"https:\/\/reklameskolen.devz.no\/barneskole\/nn\/\"},{\"@type\":\"ListItem\",\"position\":2,\"name\":\"Bilde som lyg\"}]},{\"@type\":\"WebSite\",\"@id\":\"https:\/\/reklameskolen.devz.no\/barneskole\/nn\/#website\",\"url\":\"https:\/\/reklameskolen.devz.no\/barneskole\/nn\/\",\"name\":\"Barneskole - Nynorsk\",\"description\":\"Oppl\u00e6ringsverkt\u00f8y om reklame\",\"publisher\":{\"@id\":\"https:\/\/reklameskolen.devz.no\/barneskole\/nn\/#organization\"},\"potentialAction\":[{\"@type\":\"SearchAction\",\"target\":{\"@type\":\"EntryPoint\",\"urlTemplate\":\"https:\/\/reklameskolen.devz.no\/barneskole\/nn\/?s={search_term_string}\"},\"query-input\":{\"@type\":\"PropertyValueSpecification\",\"valueRequired\":true,\"valueName\":\"search_term_string\"}}],\"inLanguage\":\"nn-NO\"},{\"@type\":\"Organization\",\"@id\":\"https:\/\/reklameskolen.devz.no\/barneskole\/nn\/#organization\",\"name\":\"Barneskole - Nynorsk\",\"url\":\"https:\/\/reklameskolen.devz.no\/barneskole\/nn\/\",\"logo\":{\"@type\":\"ImageObject\",\"inLanguage\":\"nn-NO\",\"@id\":\"https:\/\/reklameskolen.devz.no\/barneskole\/nn\/#\/schema\/logo\/image\/\",\"url\":\"https:\/\/reklameskolen.devz.no\/wp-content\/uploads\/2023\/08\/Reklameskolen-Logo-01.png\",\"contentUrl\":\"https:\/\/reklameskolen.devz.no\/wp-content\/uploads\/2023\/08\/Reklameskolen-Logo-01.png\",\"caption\":\"Barneskole - Nynorsk\"},\"image\":{\"@id\":\"https:\/\/reklameskolen.devz.no\/barneskole\/nn\/#\/schema\/logo\/image\/\"}}]}<\/script>\n<!-- \/ Yoast SEO plugin. -->","yoast_head_json":{"title":"Bilde som lyg - Barneskole - Nynorsk","robots":{"index":"index","follow":"follow","max-snippet":"max-snippet:-1","max-image-preview":"max-image-preview:large","max-video-preview":"max-video-preview:-1"},"canonical":"https:\/\/reklameskolen.devz.no\/barneskole\/nn\/bilde-som-lyg\/","og_locale":"nn_NO","og_type":"article","og_title":"Bilde som lyg - Barneskole - Nynorsk","og_description":"Bilde som lyg Eit bilde seier meir enn tusen ord. Men det er ikkje alt bilda fortel som er sant. Appar og dataprogram har gjort det raskt og enkelt \u00e5 endre korleis du ser ut p\u00e5 bilde og video. Spesielt i sosiale medium.&nbsp; Nedanfor ser du to influensarar som viser der lett det er \u00e5 [&hellip;]","og_url":"https:\/\/reklameskolen.devz.no\/barneskole\/nn\/bilde-som-lyg\/","og_site_name":"Barneskole - Nynorsk","article_modified_time":"2023-12-12T12:52:58+00:00","twitter_card":"summary_large_image","schema":{"@context":"https:\/\/schema.org","@graph":[{"@type":"WebPage","@id":"https:\/\/reklameskolen.devz.no\/barneskole\/nn\/bilde-som-lyg\/","url":"https:\/\/reklameskolen.devz.no\/barneskole\/nn\/bilde-som-lyg\/","name":"Bilde som lyg - Barneskole - Nynorsk","isPartOf":{"@id":"https:\/\/reklameskolen.devz.no\/barneskole\/nn\/#website"},"datePublished":"2023-04-26T16:15:42+00:00","dateModified":"2023-12-12T12:52:58+00:00","breadcrumb":{"@id":"https:\/\/reklameskolen.devz.no\/barneskole\/nn\/bilde-som-lyg\/#breadcrumb"},"inLanguage":"nn-NO","potentialAction":[{"@type":"ReadAction","target":["https:\/\/reklameskolen.devz.no\/barneskole\/nn\/bilde-som-lyg\/"]}]},{"@type":"BreadcrumbList","@id":"https:\/\/reklameskolen.devz.no\/barneskole\/nn\/bilde-som-lyg\/#breadcrumb","itemListElement":[{"@type":"ListItem","position":1,"name":"Home","item":"https:\/\/reklameskolen.devz.no\/barneskole\/nn\/"},{"@type":"ListItem","position":2,"name":"Bilde som lyg"}]},{"@type":"WebSite","@id":"https:\/\/reklameskolen.devz.no\/barneskole\/nn\/#website","url":"https:\/\/reklameskolen.devz.no\/barneskole\/nn\/","name":"Barneskole - Nynorsk","description":"Oppl\u00e6ringsverkt\u00f8y om reklame","publisher":{"@id":"https:\/\/reklameskolen.devz.no\/barneskole\/nn\/#organization"},"potentialAction":[{"@type":"SearchAction","target":{"@type":"EntryPoint","urlTemplate":"https:\/\/reklameskolen.devz.no\/barneskole\/nn\/?s={search_term_string}"},"query-input":{"@type":"PropertyValueSpecification","valueRequired":true,"valueName":"search_term_string"}}],"inLanguage":"nn-NO"},{"@type":"Organization","@id":"https:\/\/reklameskolen.devz.no\/barneskole\/nn\/#organization","name":"Barneskole - Nynorsk","url":"https:\/\/reklameskolen.devz.no\/barneskole\/nn\/","logo":{"@type":"ImageObject","inLanguage":"nn-NO","@id":"https:\/\/reklameskolen.devz.no\/barneskole\/nn\/#\/schema\/logo\/image\/","url":"https:\/\/reklameskolen.devz.no\/wp-content\/uploads\/2023\/08\/Reklameskolen-Logo-01.png","contentUrl":"https:\/\/reklameskolen.devz.no\/wp-content\/uploads\/2023\/08\/Reklameskolen-Logo-01.png","caption":"Barneskole - Nynorsk"},"image":{"@id":"https:\/\/reklameskolen.devz.no\/barneskole\/nn\/#\/schema\/logo\/image\/"}}]}},"_links":{"self":[{"href":"https:\/\/reklameskolen.devz.no\/barneskole\/nn\/wp-json\/wp\/v2\/pages\/3501","targetHints":{"allow":["GET"]}}],"collection":[{"href":"https:\/\/reklameskolen.devz.no\/barneskole\/nn\/wp-json\/wp\/v2\/pages"}],"about":[{"href":"https:\/\/reklameskolen.devz.no\/barneskole\/nn\/wp-json\/wp\/v2\/types\/page"}],"author":[{"embeddable":true,"href":"https:\/\/reklameskolen.devz.no\/barneskole\/nn\/wp-json\/wp\/v2\/users\/1"}],"replies":[{"embeddable":true,"href":"https:\/\/reklameskolen.devz.no\/barneskole\/nn\/wp-json\/wp\/v2\/comments?post=3501"}],"version-history":[{"count":19,"href":"https:\/\/reklameskolen.devz.no\/barneskole\/nn\/wp-json\/wp\/v2\/pages\/3501\/revisions"}],"predecessor-version":[{"id":5100,"href":"https:\/\/reklameskolen.devz.no\/barneskole\/nn\/wp-json\/wp\/v2\/pages\/3501\/revisions\/5100"}],"wp:attachment":[{"href":"https:\/\/reklameskolen.devz.no\/barneskole\/nn\/wp-json\/wp\/v2\/media?parent=3501"}],"curies":[{"name":"wp","href":"https:\/\/api.w.org\/{rel}","templated":true}]}}