{"id":3503,"date":"2023-04-26T18:16:46","date_gmt":"2023-04-26T16:16:46","guid":{"rendered":"https:\/\/reklameskolen.devz.no\/barneskole\/?page_id=3503"},"modified":"2023-11-24T13:46:37","modified_gmt":"2023-11-24T12:46:37","slug":"kva-er-retusjert-reklame","status":"publish","type":"page","link":"https:\/\/reklameskolen.devz.no\/barneskole\/nn\/bilde-som-lyg\/kva-er-retusjert-reklame\/","title":{"rendered":"Kva er retusjert reklame?"},"content":{"rendered":"\n<h1 class=\"wp-block-heading\">Kva er retusjert reklame?<\/h1>\n\n\n\n<div style=\"height:10px\" aria-hidden=\"true\" class=\"wp-block-spacer\"><\/div>\n\n\n\n<div style=\"height:30px\" aria-hidden=\"true\" class=\"wp-block-spacer\"><\/div>\n\n\n\n<div class=\"wp-block-columns is-layout-flex wp-container-core-columns-is-layout-28f84493 wp-block-columns-is-layout-flex\">\n<div class=\"wp-block-column is-layout-flow wp-block-column-is-layout-flow\" style=\"flex-basis:67%\">\n<p>I reklame skal alt helst sj\u00e5 perfekt ut. B\u00e5de menneske og ting. Ofte blir kroppane i reklamen endra p\u00e5 for \u00e5 sj\u00e5 s\u00e5 bra ut som mogleg.&nbsp; \u00c5 endre bilde p\u00e5 denne m\u00e5ten kallar vi\u202fretusjering.\u202f&nbsp;<\/p>\n\n\n\n<p>Slik reklame kan f\u00f8re til kroppspress. Det er lett \u00e5 samanlikne seg sj\u00f8lv med dei perfekte menneska p\u00e5 reklamebilda. Dette kan bidra til at barn og unge f\u00e5r d\u00e5rlegare sj\u00f8lvtillit. Derfor st\u00e5r det i lova at all reklame der st\u00f8rrelsen, fasongen eller huda til ein kropp er retusjert, skal merkast med eit\u202fspesielt merke.&nbsp;<\/p>\n\n\n\n<p>Merket til h\u00f8gre viser at personane i reklamen er endra p\u00e5, og ikkje ser slik ut i verkelegheita.\u202f&nbsp;<\/p>\n<\/div>\n\n\n\n<div class=\"wp-block-column is-layout-flow wp-block-column-is-layout-flow\" style=\"flex-basis:33.33%\">\n<div class=\"wp-block-group is-style-fact-box is-layout-flow wp-block-group-is-layout-flow\">\n<h2 class=\"wp-block-heading has-palette-color-8-color has-text-color\">Definisjon<\/h2>\n\n\n\n<p><strong>Retusjert reklame:&nbsp;<\/strong>Reklame der fasongen, st\u00f8rrelsen eller huda til ein kropp er endra p\u00e5.<\/p>\n<\/div>\n\n\n\n<div style=\"height:40px\" aria-hidden=\"true\" class=\"wp-block-spacer\"><\/div>\n\n\n\n<figure class=\"wp-block-image aligncenter size-full is-resized\"><img loading=\"lazy\" decoding=\"async\" src=\"https:\/\/reklameskolen.devz.no\/barneskole\/files\/2023\/07\/Retusjertsort.png\" alt=\"Logo i svart\/hvitt med teksten &quot;Retusjert person. Reklame&quot;.\" class=\"wp-image-4413\" width=\"150\" height=\"150\"\/><\/figure>\n<\/div>\n<\/div>\n\n\n\n<div class=\"wp-block-group alignfull is-layout-flow wp-block-group-is-layout-flow\">\n<div class=\"wp-block-columns is-layout-flex wp-container-core-columns-is-layout-28f84493 wp-block-columns-is-layout-flex\">\n<div class=\"wp-block-column is-layout-flow wp-block-column-is-layout-flow\">\n<div class=\"wp-block-buttons is-content-justification-right is-layout-flex wp-container-core-buttons-is-layout-d445cf74 wp-block-buttons-is-layout-flex\">\n<div class=\"wp-block-button\"><a class=\"wp-block-button__link has-palette-color-8-color has-palette-color-3-background-color has-text-color has-background wp-element-button\" href=\"https:\/\/reklameskolen.devz.no\/barneskole\/nn\/bilde-som-lyg\/\" style=\"padding-top:var(--wp--preset--spacing--40);padding-right:var(--wp--preset--spacing--40);padding-bottom:var(--wp--preset--spacing--40);padding-left:var(--wp--preset--spacing--40)\">Tilbake til &#8220;Forrige side &#8220;Bilde som lyg&#8221;<\/a><\/div>\n<\/div>\n<\/div>\n\n\n\n<div class=\"wp-block-column is-layout-flow wp-block-column-is-layout-flow\">\n<div class=\"wp-block-buttons is-horizontal is-content-justification-left is-layout-flex wp-container-core-buttons-is-layout-20be11b6 wp-block-buttons-is-layout-flex\">\n<div class=\"wp-block-button\"><a class=\"wp-block-button__link has-palette-color-8-color has-palette-color-3-background-color has-text-color has-background wp-element-button\" href=\"https:\/\/reklameskolen.devz.no\/barneskole\/nn\/den-digitale-halen\/\" style=\"padding-top:var(--wp--preset--spacing--40);padding-right:var(--wp--preset--spacing--40);padding-bottom:var(--wp--preset--spacing--40);padding-left:var(--wp--preset--spacing--40)\">Vidare til &#8220;Den digitale halen&#8221;<\/a><\/div>\n<\/div>\n<\/div>\n<\/div>\n<\/div>\n\n\n\n<div style=\"height:30px\" aria-hidden=\"true\" class=\"wp-block-spacer\"><\/div>\n","protected":false},"excerpt":{"rendered":"<p>Kva er retusjert reklame? I reklame skal alt helst sj\u00e5 perfekt ut. B\u00e5de menneske og ting. Ofte blir kroppane i reklamen endra p\u00e5 for \u00e5 sj\u00e5 s\u00e5 bra ut som mogleg.&nbsp; \u00c5 endre bilde p\u00e5 denne m\u00e5ten kallar vi\u202fretusjering.\u202f&nbsp; Slik reklame kan f\u00f8re til kroppspress. Det er lett \u00e5 samanlikne seg sj\u00f8lv med dei perfekte [&hellip;]<\/p>\n","protected":false},"author":1,"featured_media":0,"parent":3501,"menu_order":1,"comment_status":"closed","ping_status":"closed","template":"","meta":{"_acf_changed":false,"editor_notices":[],"footnotes":""},"class_list":["post-3503","page","type-page","status-publish","hentry"],"blocksy_meta":[],"acf":[],"yoast_head":"<!-- This site is optimized with the Yoast SEO plugin v25.9 - https:\/\/yoast.com\/wordpress\/plugins\/seo\/ -->\n<title>Kva er retusjert reklame? - Barneskole - Nynorsk<\/title>\n<meta name=\"robots\" content=\"index, follow, max-snippet:-1, max-image-preview:large, max-video-preview:-1\" \/>\n<link rel=\"canonical\" href=\"https:\/\/reklameskolen.devz.no\/barneskole\/nn\/bilde-som-lyg\/kva-er-retusjert-reklame\/\" \/>\n<meta property=\"og:locale\" content=\"nn_NO\" \/>\n<meta property=\"og:type\" content=\"article\" \/>\n<meta property=\"og:title\" content=\"Kva er retusjert reklame? - Barneskole - Nynorsk\" \/>\n<meta property=\"og:description\" content=\"Kva er retusjert reklame? I reklame skal alt helst sj\u00e5 perfekt ut. B\u00e5de menneske og ting. Ofte blir kroppane i reklamen endra p\u00e5 for \u00e5 sj\u00e5 s\u00e5 bra ut som mogleg.&nbsp; \u00c5 endre bilde p\u00e5 denne m\u00e5ten kallar vi\u202fretusjering.\u202f&nbsp; Slik reklame kan f\u00f8re til kroppspress. Det er lett \u00e5 samanlikne seg sj\u00f8lv med dei perfekte [&hellip;]\" \/>\n<meta property=\"og:url\" content=\"https:\/\/reklameskolen.devz.no\/barneskole\/nn\/bilde-som-lyg\/kva-er-retusjert-reklame\/\" \/>\n<meta property=\"og:site_name\" content=\"Barneskole - Nynorsk\" \/>\n<meta property=\"article:modified_time\" content=\"2023-11-24T12:46:37+00:00\" \/>\n<meta name=\"twitter:card\" content=\"summary_large_image\" \/>\n<meta name=\"twitter:label1\" content=\"Est. reading time\" \/>\n\t<meta name=\"twitter:data1\" content=\"1 minute\" \/>\n<script type=\"application\/ld+json\" class=\"yoast-schema-graph\">{\"@context\":\"https:\/\/schema.org\",\"@graph\":[{\"@type\":\"WebPage\",\"@id\":\"https:\/\/reklameskolen.devz.no\/barneskole\/nn\/bilde-som-lyg\/kva-er-retusjert-reklame\/\",\"url\":\"https:\/\/reklameskolen.devz.no\/barneskole\/nn\/bilde-som-lyg\/kva-er-retusjert-reklame\/\",\"name\":\"Kva er retusjert reklame? - Barneskole - Nynorsk\",\"isPartOf\":{\"@id\":\"https:\/\/reklameskolen.devz.no\/barneskole\/nn\/#website\"},\"primaryImageOfPage\":{\"@id\":\"https:\/\/reklameskolen.devz.no\/barneskole\/nn\/bilde-som-lyg\/kva-er-retusjert-reklame\/#primaryimage\"},\"image\":{\"@id\":\"https:\/\/reklameskolen.devz.no\/barneskole\/nn\/bilde-som-lyg\/kva-er-retusjert-reklame\/#primaryimage\"},\"thumbnailUrl\":\"https:\/\/reklameskolen.devz.no\/barneskole\/files\/2023\/07\/Retusjertsort.png\",\"datePublished\":\"2023-04-26T16:16:46+00:00\",\"dateModified\":\"2023-11-24T12:46:37+00:00\",\"breadcrumb\":{\"@id\":\"https:\/\/reklameskolen.devz.no\/barneskole\/nn\/bilde-som-lyg\/kva-er-retusjert-reklame\/#breadcrumb\"},\"inLanguage\":\"nn-NO\",\"potentialAction\":[{\"@type\":\"ReadAction\",\"target\":[\"https:\/\/reklameskolen.devz.no\/barneskole\/nn\/bilde-som-lyg\/kva-er-retusjert-reklame\/\"]}]},{\"@type\":\"ImageObject\",\"inLanguage\":\"nn-NO\",\"@id\":\"https:\/\/reklameskolen.devz.no\/barneskole\/nn\/bilde-som-lyg\/kva-er-retusjert-reklame\/#primaryimage\",\"url\":\"https:\/\/reklameskolen.devz.no\/barneskole\/files\/2023\/07\/Retusjertsort.png\",\"contentUrl\":\"https:\/\/reklameskolen.devz.no\/barneskole\/files\/2023\/07\/Retusjertsort.png\"},{\"@type\":\"BreadcrumbList\",\"@id\":\"https:\/\/reklameskolen.devz.no\/barneskole\/nn\/bilde-som-lyg\/kva-er-retusjert-reklame\/#breadcrumb\",\"itemListElement\":[{\"@type\":\"ListItem\",\"position\":1,\"name\":\"Home\",\"item\":\"https:\/\/reklameskolen.devz.no\/barneskole\/nn\/\"},{\"@type\":\"ListItem\",\"position\":2,\"name\":\"Bilde som lyg\",\"item\":\"https:\/\/reklameskolen.devz.no\/barneskole\/nn\/bilde-som-lyg\/\"},{\"@type\":\"ListItem\",\"position\":3,\"name\":\"Kva er retusjert reklame?\"}]},{\"@type\":\"WebSite\",\"@id\":\"https:\/\/reklameskolen.devz.no\/barneskole\/nn\/#website\",\"url\":\"https:\/\/reklameskolen.devz.no\/barneskole\/nn\/\",\"name\":\"Barneskole - Nynorsk\",\"description\":\"Oppl\u00e6ringsverkt\u00f8y om reklame\",\"publisher\":{\"@id\":\"https:\/\/reklameskolen.devz.no\/barneskole\/nn\/#organization\"},\"potentialAction\":[{\"@type\":\"SearchAction\",\"target\":{\"@type\":\"EntryPoint\",\"urlTemplate\":\"https:\/\/reklameskolen.devz.no\/barneskole\/nn\/?s={search_term_string}\"},\"query-input\":{\"@type\":\"PropertyValueSpecification\",\"valueRequired\":true,\"valueName\":\"search_term_string\"}}],\"inLanguage\":\"nn-NO\"},{\"@type\":\"Organization\",\"@id\":\"https:\/\/reklameskolen.devz.no\/barneskole\/nn\/#organization\",\"name\":\"Barneskole - Nynorsk\",\"url\":\"https:\/\/reklameskolen.devz.no\/barneskole\/nn\/\",\"logo\":{\"@type\":\"ImageObject\",\"inLanguage\":\"nn-NO\",\"@id\":\"https:\/\/reklameskolen.devz.no\/barneskole\/nn\/#\/schema\/logo\/image\/\",\"url\":\"https:\/\/reklameskolen.devz.no\/wp-content\/uploads\/2023\/08\/Reklameskolen-Logo-01.png\",\"contentUrl\":\"https:\/\/reklameskolen.devz.no\/wp-content\/uploads\/2023\/08\/Reklameskolen-Logo-01.png\",\"caption\":\"Barneskole - Nynorsk\"},\"image\":{\"@id\":\"https:\/\/reklameskolen.devz.no\/barneskole\/nn\/#\/schema\/logo\/image\/\"}}]}<\/script>\n<!-- \/ Yoast SEO plugin. -->","yoast_head_json":{"title":"Kva er retusjert reklame? - Barneskole - Nynorsk","robots":{"index":"index","follow":"follow","max-snippet":"max-snippet:-1","max-image-preview":"max-image-preview:large","max-video-preview":"max-video-preview:-1"},"canonical":"https:\/\/reklameskolen.devz.no\/barneskole\/nn\/bilde-som-lyg\/kva-er-retusjert-reklame\/","og_locale":"nn_NO","og_type":"article","og_title":"Kva er retusjert reklame? - Barneskole - Nynorsk","og_description":"Kva er retusjert reklame? I reklame skal alt helst sj\u00e5 perfekt ut. B\u00e5de menneske og ting. Ofte blir kroppane i reklamen endra p\u00e5 for \u00e5 sj\u00e5 s\u00e5 bra ut som mogleg.&nbsp; \u00c5 endre bilde p\u00e5 denne m\u00e5ten kallar vi\u202fretusjering.\u202f&nbsp; Slik reklame kan f\u00f8re til kroppspress. Det er lett \u00e5 samanlikne seg sj\u00f8lv med dei perfekte [&hellip;]","og_url":"https:\/\/reklameskolen.devz.no\/barneskole\/nn\/bilde-som-lyg\/kva-er-retusjert-reklame\/","og_site_name":"Barneskole - Nynorsk","article_modified_time":"2023-11-24T12:46:37+00:00","twitter_card":"summary_large_image","twitter_misc":{"Est. reading time":"1 minute"},"schema":{"@context":"https:\/\/schema.org","@graph":[{"@type":"WebPage","@id":"https:\/\/reklameskolen.devz.no\/barneskole\/nn\/bilde-som-lyg\/kva-er-retusjert-reklame\/","url":"https:\/\/reklameskolen.devz.no\/barneskole\/nn\/bilde-som-lyg\/kva-er-retusjert-reklame\/","name":"Kva er retusjert reklame? - Barneskole - Nynorsk","isPartOf":{"@id":"https:\/\/reklameskolen.devz.no\/barneskole\/nn\/#website"},"primaryImageOfPage":{"@id":"https:\/\/reklameskolen.devz.no\/barneskole\/nn\/bilde-som-lyg\/kva-er-retusjert-reklame\/#primaryimage"},"image":{"@id":"https:\/\/reklameskolen.devz.no\/barneskole\/nn\/bilde-som-lyg\/kva-er-retusjert-reklame\/#primaryimage"},"thumbnailUrl":"https:\/\/reklameskolen.devz.no\/barneskole\/files\/2023\/07\/Retusjertsort.png","datePublished":"2023-04-26T16:16:46+00:00","dateModified":"2023-11-24T12:46:37+00:00","breadcrumb":{"@id":"https:\/\/reklameskolen.devz.no\/barneskole\/nn\/bilde-som-lyg\/kva-er-retusjert-reklame\/#breadcrumb"},"inLanguage":"nn-NO","potentialAction":[{"@type":"ReadAction","target":["https:\/\/reklameskolen.devz.no\/barneskole\/nn\/bilde-som-lyg\/kva-er-retusjert-reklame\/"]}]},{"@type":"ImageObject","inLanguage":"nn-NO","@id":"https:\/\/reklameskolen.devz.no\/barneskole\/nn\/bilde-som-lyg\/kva-er-retusjert-reklame\/#primaryimage","url":"https:\/\/reklameskolen.devz.no\/barneskole\/files\/2023\/07\/Retusjertsort.png","contentUrl":"https:\/\/reklameskolen.devz.no\/barneskole\/files\/2023\/07\/Retusjertsort.png"},{"@type":"BreadcrumbList","@id":"https:\/\/reklameskolen.devz.no\/barneskole\/nn\/bilde-som-lyg\/kva-er-retusjert-reklame\/#breadcrumb","itemListElement":[{"@type":"ListItem","position":1,"name":"Home","item":"https:\/\/reklameskolen.devz.no\/barneskole\/nn\/"},{"@type":"ListItem","position":2,"name":"Bilde som lyg","item":"https:\/\/reklameskolen.devz.no\/barneskole\/nn\/bilde-som-lyg\/"},{"@type":"ListItem","position":3,"name":"Kva er retusjert reklame?"}]},{"@type":"WebSite","@id":"https:\/\/reklameskolen.devz.no\/barneskole\/nn\/#website","url":"https:\/\/reklameskolen.devz.no\/barneskole\/nn\/","name":"Barneskole - Nynorsk","description":"Oppl\u00e6ringsverkt\u00f8y om reklame","publisher":{"@id":"https:\/\/reklameskolen.devz.no\/barneskole\/nn\/#organization"},"potentialAction":[{"@type":"SearchAction","target":{"@type":"EntryPoint","urlTemplate":"https:\/\/reklameskolen.devz.no\/barneskole\/nn\/?s={search_term_string}"},"query-input":{"@type":"PropertyValueSpecification","valueRequired":true,"valueName":"search_term_string"}}],"inLanguage":"nn-NO"},{"@type":"Organization","@id":"https:\/\/reklameskolen.devz.no\/barneskole\/nn\/#organization","name":"Barneskole - Nynorsk","url":"https:\/\/reklameskolen.devz.no\/barneskole\/nn\/","logo":{"@type":"ImageObject","inLanguage":"nn-NO","@id":"https:\/\/reklameskolen.devz.no\/barneskole\/nn\/#\/schema\/logo\/image\/","url":"https:\/\/reklameskolen.devz.no\/wp-content\/uploads\/2023\/08\/Reklameskolen-Logo-01.png","contentUrl":"https:\/\/reklameskolen.devz.no\/wp-content\/uploads\/2023\/08\/Reklameskolen-Logo-01.png","caption":"Barneskole - Nynorsk"},"image":{"@id":"https:\/\/reklameskolen.devz.no\/barneskole\/nn\/#\/schema\/logo\/image\/"}}]}},"_links":{"self":[{"href":"https:\/\/reklameskolen.devz.no\/barneskole\/nn\/wp-json\/wp\/v2\/pages\/3503","targetHints":{"allow":["GET"]}}],"collection":[{"href":"https:\/\/reklameskolen.devz.no\/barneskole\/nn\/wp-json\/wp\/v2\/pages"}],"about":[{"href":"https:\/\/reklameskolen.devz.no\/barneskole\/nn\/wp-json\/wp\/v2\/types\/page"}],"author":[{"embeddable":true,"href":"https:\/\/reklameskolen.devz.no\/barneskole\/nn\/wp-json\/wp\/v2\/users\/1"}],"replies":[{"embeddable":true,"href":"https:\/\/reklameskolen.devz.no\/barneskole\/nn\/wp-json\/wp\/v2\/comments?post=3503"}],"version-history":[{"count":20,"href":"https:\/\/reklameskolen.devz.no\/barneskole\/nn\/wp-json\/wp\/v2\/pages\/3503\/revisions"}],"predecessor-version":[{"id":5060,"href":"https:\/\/reklameskolen.devz.no\/barneskole\/nn\/wp-json\/wp\/v2\/pages\/3503\/revisions\/5060"}],"up":[{"embeddable":true,"href":"https:\/\/reklameskolen.devz.no\/barneskole\/nn\/wp-json\/wp\/v2\/pages\/3501"}],"wp:attachment":[{"href":"https:\/\/reklameskolen.devz.no\/barneskole\/nn\/wp-json\/wp\/v2\/media?parent=3503"}],"curies":[{"name":"wp","href":"https:\/\/api.w.org\/{rel}","templated":true}]}}