{"id":3535,"date":"2023-04-26T18:34:12","date_gmt":"2023-04-26T16:34:12","guid":{"rendered":"https:\/\/reklameskolen.devz.no\/barneskole\/?page_id=3535"},"modified":"2023-11-24T13:52:09","modified_gmt":"2023-11-24T12:52:09","slug":"pengar-og-produkt","status":"publish","type":"page","link":"https:\/\/reklameskolen.devz.no\/barneskole\/nn\/reklame-i-spel\/pengar-og-produkt\/","title":{"rendered":"Pengar og produkt"},"content":{"rendered":"\n<div style=\"height:10px\" aria-hidden=\"true\" class=\"wp-block-spacer\"><\/div>\n\n\n\n<figure class=\"wp-block-image aligncenter size-full\"><img loading=\"lazy\" decoding=\"async\" width=\"1500\" height=\"375\" src=\"https:\/\/reklameskolen.devz.no\/barneskole\/nn\/files\/2023\/06\/iStock-1128731767-2.jpg\" alt=\"Fotografi av to gutar som spelar dataspel. Den n\u00e6raste guten har p\u00e5 seg briller og eit gaming-hovudsett med mikrofonbom.\" class=\"wp-image-4228\" srcset=\"https:\/\/reklameskolen.devz.no\/barneskole\/nn\/files\/2023\/06\/iStock-1128731767-2.jpg 1500w, https:\/\/reklameskolen.devz.no\/barneskole\/nn\/files\/2023\/06\/iStock-1128731767-2-300x75.jpg 300w, https:\/\/reklameskolen.devz.no\/barneskole\/nn\/files\/2023\/06\/iStock-1128731767-2-1024x256.jpg 1024w, https:\/\/reklameskolen.devz.no\/barneskole\/nn\/files\/2023\/06\/iStock-1128731767-2-768x192.jpg 768w, https:\/\/reklameskolen.devz.no\/barneskole\/nn\/files\/2023\/06\/iStock-1128731767-2-150x38.jpg 150w\" sizes=\"auto, (max-width: 1500px) 100vw, 1500px\" \/><figcaption class=\"wp-element-caption\">Foto: Milan_Jovic\/iStock<\/figcaption><\/figure>\n\n\n\n<h1 class=\"wp-block-heading has-text-align-left\">Pengar og produkt<\/h1>\n\n\n\n<div class=\"wp-block-columns is-layout-flex wp-container-core-columns-is-layout-28f84493 wp-block-columns-is-layout-flex\">\n<div class=\"wp-block-column is-layout-flow wp-block-column-is-layout-flow\" style=\"flex-basis:67%\">\n<p>Mange spelprodusentar tener pengar p\u00e5 reklame. Store firma betaler ofte masse pengar for \u00e5 f\u00e5 plassert produkt og logoar i alle slags spel.<\/p>\n\n\n\n<p>N\u00e5r til d\u00f8mes eit snowboard eller ei jakke dukkar opp i eit spel, f\u00e5r spelarar over heile verda sj\u00e5 dette produktet. Kanskje du har f\u00e5tt lyst til \u00e5 kj\u00f8pe noko etter \u00e5 ha sett det i eit spel?<\/p>\n\n\n\n<h2 class=\"wp-block-heading\">Dyre gratisspel<\/h2>\n\n\n\n<p>Sj\u00f8lv om eit spel er gratis \u00e5 laste ned, kan det bli dyrt likevel. I mange spel kan du kj\u00f8pe spelpengar, v\u00e5pen, skins eller andre ting. I nokre spel er det nesten umogleg \u00e5 gjere det bra utan \u00e5 bruke pengar.<\/p>\n\n\n\n<p>I nokre spel kan du \u00f2g kj\u00f8pe lootboksar. Produsentane lokkar ofte med at du kan f\u00e5 figurar eller utstyr som gjer det lettare \u00e5 gjere det bra i spelet. Men du veit ikkje kva pakka faktisk inneheld f\u00f8r du har kj\u00f8pt ho.<\/p>\n\n\n\n<p>Det er ikkje all reklame i spel som er lov. Det er til d\u00f8mes forbode \u00e5 bruke direkte kj\u00f8psoppfordringar retta mot barn i spel \u00f2g.<\/p>\n<\/div>\n\n\n\n<div class=\"wp-block-column is-layout-flow wp-block-column-is-layout-flow\" style=\"flex-basis:33.33%\">\n<div class=\"wp-block-group is-style-fact-box is-layout-flow wp-block-group-is-layout-flow\">\n<h2 class=\"wp-block-heading has-palette-color-8-color has-text-color\">Ordliste<\/h2>\n\n\n\n<ul class=\"wp-block-list\">\n<li><strong>Lootboks:<\/strong> Ei forundringspakke du kan kj\u00f8pe, vinne eller finne i spel. Du veit ikkje kva pakka inneheld f\u00f8r du opnar ho.<\/li>\n\n\n\n<li><strong>Produktplassering:<\/strong> N\u00e5r eit firma betaler for \u00e5 vise fram eit produkt eller varemerke i ein film, eit TV-program eller eit spel.<\/li>\n\n\n\n<li><strong>Spelpengar:<\/strong> Ei form for pengar du kan bruke til \u00e5 kj\u00f8pe ting i eit spel.<\/li>\n\n\n\n<li><strong>Skin:<\/strong> Ein slags tilleggspakke som endrar korleis karakterar eller gjenstandar i spel ser ut.<\/li>\n<\/ul>\n<\/div>\n\n\n\n<div style=\"height:50px\" aria-hidden=\"true\" class=\"wp-block-spacer\"><\/div>\n\n\n\n<div style=\"height:50px\" aria-hidden=\"true\" class=\"wp-block-spacer\"><\/div>\n<\/div>\n<\/div>\n\n\n\n<div class=\"wp-block-group alignfull is-layout-flow wp-block-group-is-layout-flow\">\n<div class=\"wp-block-columns is-layout-flex wp-container-core-columns-is-layout-28f84493 wp-block-columns-is-layout-flex\">\n<div class=\"wp-block-column is-layout-flow wp-block-column-is-layout-flow\">\n<div class=\"wp-block-buttons is-content-justification-right is-layout-flex wp-container-core-buttons-is-layout-d445cf74 wp-block-buttons-is-layout-flex\">\n<div class=\"wp-block-button\"><a class=\"wp-block-button__link has-palette-color-8-color has-palette-color-3-background-color has-text-color has-background wp-element-button\" href=\"https:\/\/reklameskolen.devz.no\/barneskole\/nn\/reklame-i-spel\/\" style=\"padding-top:var(--wp--preset--spacing--40);padding-right:var(--wp--preset--spacing--40);padding-bottom:var(--wp--preset--spacing--40);padding-left:var(--wp--preset--spacing--40)\">Tilbake til &#8220;Reklame i spel&#8221;<\/a><\/div>\n<\/div>\n<\/div>\n\n\n\n<div class=\"wp-block-column is-layout-flow wp-block-column-is-layout-flow\">\n<div class=\"wp-block-buttons is-horizontal is-content-justification-left is-layout-flex wp-container-core-buttons-is-layout-20be11b6 wp-block-buttons-is-layout-flex\">\n<div class=\"wp-block-button\"><a class=\"wp-block-button__link has-palette-color-8-color has-palette-color-3-background-color has-text-color has-background wp-element-button\" href=\"https:\/\/reklameskolen.devz.no\/barneskole\/nn\/reklame-i-spel\/finn-reklamen\/\" style=\"padding-top:var(--wp--preset--spacing--40);padding-right:var(--wp--preset--spacing--40);padding-bottom:var(--wp--preset--spacing--40);padding-left:var(--wp--preset--spacing--40)\">Vidare til &#8220;Finn reklamen&#8221;<\/a><\/div>\n<\/div>\n<\/div>\n<\/div>\n<\/div>\n\n\n\n<div style=\"height:30px\" aria-hidden=\"true\" class=\"wp-block-spacer\"><\/div>\n","protected":false},"excerpt":{"rendered":"<p>Pengar og produkt Mange spelprodusentar tener pengar p\u00e5 reklame. Store firma betaler ofte masse pengar for \u00e5 f\u00e5 plassert produkt og logoar i alle slags spel. N\u00e5r til d\u00f8mes eit snowboard eller ei jakke dukkar opp i eit spel, f\u00e5r spelarar over heile verda sj\u00e5 dette produktet. Kanskje du har f\u00e5tt lyst til \u00e5 kj\u00f8pe [&hellip;]<\/p>\n","protected":false},"author":1,"featured_media":0,"parent":3533,"menu_order":1,"comment_status":"closed","ping_status":"closed","template":"","meta":{"_acf_changed":false,"editor_notices":[],"footnotes":""},"class_list":["post-3535","page","type-page","status-publish","hentry"],"blocksy_meta":[],"acf":[],"yoast_head":"<!-- This site is optimized with the Yoast SEO plugin v25.9 - https:\/\/yoast.com\/wordpress\/plugins\/seo\/ -->\n<title>Pengar og produkt - Barneskole - Nynorsk<\/title>\n<meta name=\"robots\" content=\"index, follow, max-snippet:-1, max-image-preview:large, max-video-preview:-1\" \/>\n<link rel=\"canonical\" href=\"https:\/\/reklameskolen.devz.no\/barneskole\/nn\/reklame-i-spel\/pengar-og-produkt\/\" \/>\n<meta property=\"og:locale\" content=\"nn_NO\" \/>\n<meta property=\"og:type\" content=\"article\" \/>\n<meta property=\"og:title\" content=\"Pengar og produkt - Barneskole - Nynorsk\" \/>\n<meta property=\"og:description\" content=\"Pengar og produkt Mange spelprodusentar tener pengar p\u00e5 reklame. Store firma betaler ofte masse pengar for \u00e5 f\u00e5 plassert produkt og logoar i alle slags spel. N\u00e5r til d\u00f8mes eit snowboard eller ei jakke dukkar opp i eit spel, f\u00e5r spelarar over heile verda sj\u00e5 dette produktet. Kanskje du har f\u00e5tt lyst til \u00e5 kj\u00f8pe [&hellip;]\" \/>\n<meta property=\"og:url\" content=\"https:\/\/reklameskolen.devz.no\/barneskole\/nn\/reklame-i-spel\/pengar-og-produkt\/\" \/>\n<meta property=\"og:site_name\" content=\"Barneskole - Nynorsk\" \/>\n<meta property=\"article:modified_time\" content=\"2023-11-24T12:52:09+00:00\" \/>\n<meta property=\"og:image\" content=\"https:\/\/reklameskolen.devz.no\/wp-content\/uploads\/2023\/06\/iStock-1128731767.jpg\" \/>\n\t<meta property=\"og:image:width\" content=\"1500\" \/>\n\t<meta property=\"og:image:height\" content=\"375\" \/>\n\t<meta property=\"og:image:type\" content=\"image\/jpeg\" \/>\n<meta name=\"twitter:card\" content=\"summary_large_image\" \/>\n<meta name=\"twitter:label1\" content=\"Est. reading time\" \/>\n\t<meta name=\"twitter:data1\" content=\"1 minute\" \/>\n<script type=\"application\/ld+json\" class=\"yoast-schema-graph\">{\"@context\":\"https:\/\/schema.org\",\"@graph\":[{\"@type\":\"WebPage\",\"@id\":\"https:\/\/reklameskolen.devz.no\/barneskole\/nn\/reklame-i-spel\/pengar-og-produkt\/\",\"url\":\"https:\/\/reklameskolen.devz.no\/barneskole\/nn\/reklame-i-spel\/pengar-og-produkt\/\",\"name\":\"Pengar og produkt - Barneskole - Nynorsk\",\"isPartOf\":{\"@id\":\"https:\/\/reklameskolen.devz.no\/barneskole\/nn\/#website\"},\"primaryImageOfPage\":{\"@id\":\"https:\/\/reklameskolen.devz.no\/barneskole\/nn\/reklame-i-spel\/pengar-og-produkt\/#primaryimage\"},\"image\":{\"@id\":\"https:\/\/reklameskolen.devz.no\/barneskole\/nn\/reklame-i-spel\/pengar-og-produkt\/#primaryimage\"},\"thumbnailUrl\":\"https:\/\/reklameskolen.devz.no\/barneskole\/nn\/files\/2023\/06\/iStock-1128731767-2.jpg\",\"datePublished\":\"2023-04-26T16:34:12+00:00\",\"dateModified\":\"2023-11-24T12:52:09+00:00\",\"breadcrumb\":{\"@id\":\"https:\/\/reklameskolen.devz.no\/barneskole\/nn\/reklame-i-spel\/pengar-og-produkt\/#breadcrumb\"},\"inLanguage\":\"nn-NO\",\"potentialAction\":[{\"@type\":\"ReadAction\",\"target\":[\"https:\/\/reklameskolen.devz.no\/barneskole\/nn\/reklame-i-spel\/pengar-og-produkt\/\"]}]},{\"@type\":\"ImageObject\",\"inLanguage\":\"nn-NO\",\"@id\":\"https:\/\/reklameskolen.devz.no\/barneskole\/nn\/reklame-i-spel\/pengar-og-produkt\/#primaryimage\",\"url\":\"https:\/\/reklameskolen.devz.no\/wp-content\/uploads\/2023\/06\/iStock-1128731767.jpg\",\"contentUrl\":\"https:\/\/reklameskolen.devz.no\/wp-content\/uploads\/2023\/06\/iStock-1128731767.jpg\",\"width\":1500,\"height\":375,\"caption\":\"Two boys playing online games\"},{\"@type\":\"BreadcrumbList\",\"@id\":\"https:\/\/reklameskolen.devz.no\/barneskole\/nn\/reklame-i-spel\/pengar-og-produkt\/#breadcrumb\",\"itemListElement\":[{\"@type\":\"ListItem\",\"position\":1,\"name\":\"Home\",\"item\":\"https:\/\/reklameskolen.devz.no\/barneskole\/nn\/\"},{\"@type\":\"ListItem\",\"position\":2,\"name\":\"Reklame i spel\",\"item\":\"https:\/\/reklameskolen.devz.no\/barneskole\/nn\/reklame-i-spel\/\"},{\"@type\":\"ListItem\",\"position\":3,\"name\":\"Pengar og produkt\"}]},{\"@type\":\"WebSite\",\"@id\":\"https:\/\/reklameskolen.devz.no\/barneskole\/nn\/#website\",\"url\":\"https:\/\/reklameskolen.devz.no\/barneskole\/nn\/\",\"name\":\"Barneskole - Nynorsk\",\"description\":\"Oppl\u00e6ringsverkt\u00f8y om reklame\",\"publisher\":{\"@id\":\"https:\/\/reklameskolen.devz.no\/barneskole\/nn\/#organization\"},\"potentialAction\":[{\"@type\":\"SearchAction\",\"target\":{\"@type\":\"EntryPoint\",\"urlTemplate\":\"https:\/\/reklameskolen.devz.no\/barneskole\/nn\/?s={search_term_string}\"},\"query-input\":{\"@type\":\"PropertyValueSpecification\",\"valueRequired\":true,\"valueName\":\"search_term_string\"}}],\"inLanguage\":\"nn-NO\"},{\"@type\":\"Organization\",\"@id\":\"https:\/\/reklameskolen.devz.no\/barneskole\/nn\/#organization\",\"name\":\"Barneskole - Nynorsk\",\"url\":\"https:\/\/reklameskolen.devz.no\/barneskole\/nn\/\",\"logo\":{\"@type\":\"ImageObject\",\"inLanguage\":\"nn-NO\",\"@id\":\"https:\/\/reklameskolen.devz.no\/barneskole\/nn\/#\/schema\/logo\/image\/\",\"url\":\"https:\/\/reklameskolen.devz.no\/wp-content\/uploads\/2023\/08\/Reklameskolen-Logo-01.png\",\"contentUrl\":\"https:\/\/reklameskolen.devz.no\/wp-content\/uploads\/2023\/08\/Reklameskolen-Logo-01.png\",\"caption\":\"Barneskole - Nynorsk\"},\"image\":{\"@id\":\"https:\/\/reklameskolen.devz.no\/barneskole\/nn\/#\/schema\/logo\/image\/\"}}]}<\/script>\n<!-- \/ Yoast SEO plugin. -->","yoast_head_json":{"title":"Pengar og produkt - Barneskole - Nynorsk","robots":{"index":"index","follow":"follow","max-snippet":"max-snippet:-1","max-image-preview":"max-image-preview:large","max-video-preview":"max-video-preview:-1"},"canonical":"https:\/\/reklameskolen.devz.no\/barneskole\/nn\/reklame-i-spel\/pengar-og-produkt\/","og_locale":"nn_NO","og_type":"article","og_title":"Pengar og produkt - Barneskole - Nynorsk","og_description":"Pengar og produkt Mange spelprodusentar tener pengar p\u00e5 reklame. Store firma betaler ofte masse pengar for \u00e5 f\u00e5 plassert produkt og logoar i alle slags spel. N\u00e5r til d\u00f8mes eit snowboard eller ei jakke dukkar opp i eit spel, f\u00e5r spelarar over heile verda sj\u00e5 dette produktet. Kanskje du har f\u00e5tt lyst til \u00e5 kj\u00f8pe [&hellip;]","og_url":"https:\/\/reklameskolen.devz.no\/barneskole\/nn\/reklame-i-spel\/pengar-og-produkt\/","og_site_name":"Barneskole - Nynorsk","article_modified_time":"2023-11-24T12:52:09+00:00","og_image":[{"width":1500,"height":375,"url":"https:\/\/reklameskolen.devz.no\/wp-content\/uploads\/2023\/06\/iStock-1128731767.jpg","type":"image\/jpeg"}],"twitter_card":"summary_large_image","twitter_misc":{"Est. reading time":"1 minute"},"schema":{"@context":"https:\/\/schema.org","@graph":[{"@type":"WebPage","@id":"https:\/\/reklameskolen.devz.no\/barneskole\/nn\/reklame-i-spel\/pengar-og-produkt\/","url":"https:\/\/reklameskolen.devz.no\/barneskole\/nn\/reklame-i-spel\/pengar-og-produkt\/","name":"Pengar og produkt - Barneskole - Nynorsk","isPartOf":{"@id":"https:\/\/reklameskolen.devz.no\/barneskole\/nn\/#website"},"primaryImageOfPage":{"@id":"https:\/\/reklameskolen.devz.no\/barneskole\/nn\/reklame-i-spel\/pengar-og-produkt\/#primaryimage"},"image":{"@id":"https:\/\/reklameskolen.devz.no\/barneskole\/nn\/reklame-i-spel\/pengar-og-produkt\/#primaryimage"},"thumbnailUrl":"https:\/\/reklameskolen.devz.no\/barneskole\/nn\/files\/2023\/06\/iStock-1128731767-2.jpg","datePublished":"2023-04-26T16:34:12+00:00","dateModified":"2023-11-24T12:52:09+00:00","breadcrumb":{"@id":"https:\/\/reklameskolen.devz.no\/barneskole\/nn\/reklame-i-spel\/pengar-og-produkt\/#breadcrumb"},"inLanguage":"nn-NO","potentialAction":[{"@type":"ReadAction","target":["https:\/\/reklameskolen.devz.no\/barneskole\/nn\/reklame-i-spel\/pengar-og-produkt\/"]}]},{"@type":"ImageObject","inLanguage":"nn-NO","@id":"https:\/\/reklameskolen.devz.no\/barneskole\/nn\/reklame-i-spel\/pengar-og-produkt\/#primaryimage","url":"https:\/\/reklameskolen.devz.no\/wp-content\/uploads\/2023\/06\/iStock-1128731767.jpg","contentUrl":"https:\/\/reklameskolen.devz.no\/wp-content\/uploads\/2023\/06\/iStock-1128731767.jpg","width":1500,"height":375,"caption":"Two boys playing online games"},{"@type":"BreadcrumbList","@id":"https:\/\/reklameskolen.devz.no\/barneskole\/nn\/reklame-i-spel\/pengar-og-produkt\/#breadcrumb","itemListElement":[{"@type":"ListItem","position":1,"name":"Home","item":"https:\/\/reklameskolen.devz.no\/barneskole\/nn\/"},{"@type":"ListItem","position":2,"name":"Reklame i spel","item":"https:\/\/reklameskolen.devz.no\/barneskole\/nn\/reklame-i-spel\/"},{"@type":"ListItem","position":3,"name":"Pengar og produkt"}]},{"@type":"WebSite","@id":"https:\/\/reklameskolen.devz.no\/barneskole\/nn\/#website","url":"https:\/\/reklameskolen.devz.no\/barneskole\/nn\/","name":"Barneskole - Nynorsk","description":"Oppl\u00e6ringsverkt\u00f8y om reklame","publisher":{"@id":"https:\/\/reklameskolen.devz.no\/barneskole\/nn\/#organization"},"potentialAction":[{"@type":"SearchAction","target":{"@type":"EntryPoint","urlTemplate":"https:\/\/reklameskolen.devz.no\/barneskole\/nn\/?s={search_term_string}"},"query-input":{"@type":"PropertyValueSpecification","valueRequired":true,"valueName":"search_term_string"}}],"inLanguage":"nn-NO"},{"@type":"Organization","@id":"https:\/\/reklameskolen.devz.no\/barneskole\/nn\/#organization","name":"Barneskole - Nynorsk","url":"https:\/\/reklameskolen.devz.no\/barneskole\/nn\/","logo":{"@type":"ImageObject","inLanguage":"nn-NO","@id":"https:\/\/reklameskolen.devz.no\/barneskole\/nn\/#\/schema\/logo\/image\/","url":"https:\/\/reklameskolen.devz.no\/wp-content\/uploads\/2023\/08\/Reklameskolen-Logo-01.png","contentUrl":"https:\/\/reklameskolen.devz.no\/wp-content\/uploads\/2023\/08\/Reklameskolen-Logo-01.png","caption":"Barneskole - Nynorsk"},"image":{"@id":"https:\/\/reklameskolen.devz.no\/barneskole\/nn\/#\/schema\/logo\/image\/"}}]}},"_links":{"self":[{"href":"https:\/\/reklameskolen.devz.no\/barneskole\/nn\/wp-json\/wp\/v2\/pages\/3535","targetHints":{"allow":["GET"]}}],"collection":[{"href":"https:\/\/reklameskolen.devz.no\/barneskole\/nn\/wp-json\/wp\/v2\/pages"}],"about":[{"href":"https:\/\/reklameskolen.devz.no\/barneskole\/nn\/wp-json\/wp\/v2\/types\/page"}],"author":[{"embeddable":true,"href":"https:\/\/reklameskolen.devz.no\/barneskole\/nn\/wp-json\/wp\/v2\/users\/1"}],"replies":[{"embeddable":true,"href":"https:\/\/reklameskolen.devz.no\/barneskole\/nn\/wp-json\/wp\/v2\/comments?post=3535"}],"version-history":[{"count":9,"href":"https:\/\/reklameskolen.devz.no\/barneskole\/nn\/wp-json\/wp\/v2\/pages\/3535\/revisions"}],"predecessor-version":[{"id":5077,"href":"https:\/\/reklameskolen.devz.no\/barneskole\/nn\/wp-json\/wp\/v2\/pages\/3535\/revisions\/5077"}],"up":[{"embeddable":true,"href":"https:\/\/reklameskolen.devz.no\/barneskole\/nn\/wp-json\/wp\/v2\/pages\/3533"}],"wp:attachment":[{"href":"https:\/\/reklameskolen.devz.no\/barneskole\/nn\/wp-json\/wp\/v2\/media?parent=3535"}],"curies":[{"name":"wp","href":"https:\/\/api.w.org\/{rel}","templated":true}]}}