{"id":3539,"date":"2023-04-26T18:38:50","date_gmt":"2023-04-26T16:38:50","guid":{"rendered":"https:\/\/reklameskolen.devz.no\/barneskole\/?page_id=3539"},"modified":"2023-11-24T13:52:57","modified_gmt":"2023-11-24T12:52:57","slug":"reklame-pa-skolen","status":"publish","type":"page","link":"https:\/\/reklameskolen.devz.no\/barneskole\/nn\/reklame-pa-skolen\/","title":{"rendered":"Reklame p\u00e5 skolen"},"content":{"rendered":"\n<div style=\"height:10px\" aria-hidden=\"true\" class=\"wp-block-spacer\"><\/div>\n\n\n\n<figure class=\"wp-block-image aligncenter size-full\"><img loading=\"lazy\" decoding=\"async\" width=\"1500\" height=\"375\" src=\"https:\/\/reklameskolen.devz.no\/barneskole\/nn\/files\/2023\/06\/iStock-1128877958-2.jpg\" alt=\"Fotografi av ni skolebarn som spring i ein korridor. Det er b\u00e5de gutar og jenter i gruppa, og fleire av dei har p\u00e5 seg skolesekkar.\" class=\"wp-image-4224\" srcset=\"https:\/\/reklameskolen.devz.no\/barneskole\/nn\/files\/2023\/06\/iStock-1128877958-2.jpg 1500w, https:\/\/reklameskolen.devz.no\/barneskole\/nn\/files\/2023\/06\/iStock-1128877958-2-300x75.jpg 300w, https:\/\/reklameskolen.devz.no\/barneskole\/nn\/files\/2023\/06\/iStock-1128877958-2-1024x256.jpg 1024w, https:\/\/reklameskolen.devz.no\/barneskole\/nn\/files\/2023\/06\/iStock-1128877958-2-768x192.jpg 768w, https:\/\/reklameskolen.devz.no\/barneskole\/nn\/files\/2023\/06\/iStock-1128877958-2-150x38.jpg 150w\" sizes=\"auto, (max-width: 1500px) 100vw, 1500px\" \/><figcaption class=\"wp-element-caption\">Foto: skynesher\/iStock<\/figcaption><\/figure>\n\n\n\n<h1 class=\"wp-block-heading has-text-align-left\">Reklame p\u00e5 skolen<\/h1>\n\n\n\n<p>Har du f\u00e5tt linjal, vassflaske eller refleksvest med reklame p\u00e5 skulen? Eller har du sett logoen til firmaet som leverer mj\u00f8lk?<\/p>\n\n\n\n<p>Det er kanskje ikkje s\u00e5 rart. Det er nemleg ikkje forbode med reklame p\u00e5 skulen. Firma som leverer mj\u00f8lk og frukt til skulen kan for eksempel merke kj\u00f8leskap og andre ting med logoane sine.<\/p>\n\n\n\n<h2 class=\"wp-block-heading\">Eigne reglar<\/h2>\n\n\n\n<p>Skulen kan bestemme sj\u00f8lv kva reklame dei vil sleppe til, men det finst nokre hovudreglar som alle skular m\u00e5 f\u00f8lge.<\/p>\n\n\n\n<p>P\u00e5 skulen b\u00f8r det ikkje vere reklame som p\u00e5verkar kva elevane tenker og f\u00f8ler, eller bidreg til kj\u00f8pepress. Det b\u00f8r for eksempel ikkje vere reklame for mat, klede eller aktivitetar p\u00e5 omr\u00e5det p\u00e5 skulen.<\/p>\n\n\n\n<p>Det er heller ikkje lov med reklame som fortel korleis gutar og jenter skal vere, som viser korleis den ideelle kroppen ser ut, eller korleis ein skal kle seg for \u00e5 bli kul og popul\u00e6r.<\/p>\n\n\n\n<div class=\"wp-block-group alignfull is-layout-flow wp-block-group-is-layout-flow\">\n<div class=\"wp-block-columns is-layout-flex wp-container-core-columns-is-layout-28f84493 wp-block-columns-is-layout-flex\">\n<div class=\"wp-block-column is-layout-flow wp-block-column-is-layout-flow\">\n<div class=\"wp-block-buttons is-content-justification-right is-layout-flex wp-container-core-buttons-is-layout-d445cf74 wp-block-buttons-is-layout-flex\">\n<div class=\"wp-block-button\"><a class=\"wp-block-button__link has-palette-color-8-color has-palette-color-3-background-color has-text-color has-background wp-element-button\" href=\"https:\/\/reklameskolen.devz.no\/barneskole\/nn\/reklame-overalt\/\" style=\"padding-top:var(--wp--preset--spacing--40);padding-right:var(--wp--preset--spacing--40);padding-bottom:var(--wp--preset--spacing--40);padding-left:var(--wp--preset--spacing--40)\">Tilbake til &#8220;Reklame overalt&#8221;<\/a><\/div>\n<\/div>\n<\/div>\n\n\n\n<div class=\"wp-block-column is-layout-flow wp-block-column-is-layout-flow\">\n<div class=\"wp-block-buttons is-horizontal is-content-justification-left is-layout-flex wp-container-core-buttons-is-layout-20be11b6 wp-block-buttons-is-layout-flex\">\n<div class=\"wp-block-button\"><a class=\"wp-block-button__link has-palette-color-8-color has-palette-color-3-background-color has-text-color has-background wp-element-button\" href=\"https:\/\/reklameskolen.devz.no\/barneskole\/nn\/reklame-pa-skolen\/er-dette-lov\/\" style=\"padding-top:var(--wp--preset--spacing--40);padding-right:var(--wp--preset--spacing--40);padding-bottom:var(--wp--preset--spacing--40);padding-left:var(--wp--preset--spacing--40)\">Vidare til &#8220;Er dette lov?&#8221;<\/a><\/div>\n<\/div>\n<\/div>\n<\/div>\n<\/div>\n\n\n\n<div style=\"height:30px\" aria-hidden=\"true\" class=\"wp-block-spacer\"><\/div>\n","protected":false},"excerpt":{"rendered":"<p>Reklame p\u00e5 skolen Har du f\u00e5tt linjal, vassflaske eller refleksvest med reklame p\u00e5 skulen? Eller har du sett logoen til firmaet som leverer mj\u00f8lk? Det er kanskje ikkje s\u00e5 rart. Det er nemleg ikkje forbode med reklame p\u00e5 skulen. Firma som leverer mj\u00f8lk og frukt til skulen kan for eksempel merke kj\u00f8leskap og andre ting [&hellip;]<\/p>\n","protected":false},"author":1,"featured_media":0,"parent":0,"menu_order":15,"comment_status":"closed","ping_status":"closed","template":"","meta":{"_acf_changed":false,"editor_notices":[],"footnotes":""},"class_list":["post-3539","page","type-page","status-publish","hentry"],"blocksy_meta":[],"acf":[],"yoast_head":"<!-- This site is optimized with the Yoast SEO plugin v25.9 - https:\/\/yoast.com\/wordpress\/plugins\/seo\/ -->\n<title>Reklame p\u00e5 skolen - Barneskole - Nynorsk<\/title>\n<meta name=\"robots\" content=\"index, follow, max-snippet:-1, max-image-preview:large, max-video-preview:-1\" \/>\n<link rel=\"canonical\" href=\"https:\/\/reklameskolen.devz.no\/barneskole\/nn\/reklame-pa-skolen\/\" \/>\n<meta property=\"og:locale\" content=\"nn_NO\" \/>\n<meta property=\"og:type\" content=\"article\" \/>\n<meta property=\"og:title\" content=\"Reklame p\u00e5 skolen - Barneskole - Nynorsk\" \/>\n<meta property=\"og:description\" content=\"Reklame p\u00e5 skolen Har du f\u00e5tt linjal, vassflaske eller refleksvest med reklame p\u00e5 skulen? Eller har du sett logoen til firmaet som leverer mj\u00f8lk? Det er kanskje ikkje s\u00e5 rart. Det er nemleg ikkje forbode med reklame p\u00e5 skulen. Firma som leverer mj\u00f8lk og frukt til skulen kan for eksempel merke kj\u00f8leskap og andre ting [&hellip;]\" \/>\n<meta property=\"og:url\" content=\"https:\/\/reklameskolen.devz.no\/barneskole\/nn\/reklame-pa-skolen\/\" \/>\n<meta property=\"og:site_name\" content=\"Barneskole - Nynorsk\" \/>\n<meta property=\"article:modified_time\" content=\"2023-11-24T12:52:57+00:00\" \/>\n<meta property=\"og:image\" content=\"https:\/\/reklameskolen.devz.no\/wp-content\/uploads\/2023\/06\/iStock-1128877958.jpg\" \/>\n\t<meta property=\"og:image:width\" content=\"1500\" \/>\n\t<meta property=\"og:image:height\" content=\"375\" \/>\n\t<meta property=\"og:image:type\" content=\"image\/jpeg\" \/>\n<meta name=\"twitter:card\" content=\"summary_large_image\" \/>\n<meta name=\"twitter:label1\" content=\"Est. reading time\" \/>\n\t<meta name=\"twitter:data1\" content=\"1 minute\" \/>\n<script type=\"application\/ld+json\" class=\"yoast-schema-graph\">{\"@context\":\"https:\/\/schema.org\",\"@graph\":[{\"@type\":\"WebPage\",\"@id\":\"https:\/\/reklameskolen.devz.no\/barneskole\/nn\/reklame-pa-skolen\/\",\"url\":\"https:\/\/reklameskolen.devz.no\/barneskole\/nn\/reklame-pa-skolen\/\",\"name\":\"Reklame p\u00e5 skolen - Barneskole - Nynorsk\",\"isPartOf\":{\"@id\":\"https:\/\/reklameskolen.devz.no\/barneskole\/nn\/#website\"},\"primaryImageOfPage\":{\"@id\":\"https:\/\/reklameskolen.devz.no\/barneskole\/nn\/reklame-pa-skolen\/#primaryimage\"},\"image\":{\"@id\":\"https:\/\/reklameskolen.devz.no\/barneskole\/nn\/reklame-pa-skolen\/#primaryimage\"},\"thumbnailUrl\":\"https:\/\/reklameskolen.devz.no\/barneskole\/nn\/files\/2023\/06\/iStock-1128877958-2.jpg\",\"datePublished\":\"2023-04-26T16:38:50+00:00\",\"dateModified\":\"2023-11-24T12:52:57+00:00\",\"breadcrumb\":{\"@id\":\"https:\/\/reklameskolen.devz.no\/barneskole\/nn\/reklame-pa-skolen\/#breadcrumb\"},\"inLanguage\":\"nn-NO\",\"potentialAction\":[{\"@type\":\"ReadAction\",\"target\":[\"https:\/\/reklameskolen.devz.no\/barneskole\/nn\/reklame-pa-skolen\/\"]}]},{\"@type\":\"ImageObject\",\"inLanguage\":\"nn-NO\",\"@id\":\"https:\/\/reklameskolen.devz.no\/barneskole\/nn\/reklame-pa-skolen\/#primaryimage\",\"url\":\"https:\/\/reklameskolen.devz.no\/wp-content\/uploads\/2023\/06\/iStock-1128877958.jpg\",\"contentUrl\":\"https:\/\/reklameskolen.devz.no\/wp-content\/uploads\/2023\/06\/iStock-1128877958.jpg\",\"width\":1500,\"height\":375,\"caption\":\"Back view of elementary students running in the school hallway.\"},{\"@type\":\"BreadcrumbList\",\"@id\":\"https:\/\/reklameskolen.devz.no\/barneskole\/nn\/reklame-pa-skolen\/#breadcrumb\",\"itemListElement\":[{\"@type\":\"ListItem\",\"position\":1,\"name\":\"Home\",\"item\":\"https:\/\/reklameskolen.devz.no\/barneskole\/nn\/\"},{\"@type\":\"ListItem\",\"position\":2,\"name\":\"Reklame p\u00e5 skolen\"}]},{\"@type\":\"WebSite\",\"@id\":\"https:\/\/reklameskolen.devz.no\/barneskole\/nn\/#website\",\"url\":\"https:\/\/reklameskolen.devz.no\/barneskole\/nn\/\",\"name\":\"Barneskole - Nynorsk\",\"description\":\"Oppl\u00e6ringsverkt\u00f8y om reklame\",\"publisher\":{\"@id\":\"https:\/\/reklameskolen.devz.no\/barneskole\/nn\/#organization\"},\"potentialAction\":[{\"@type\":\"SearchAction\",\"target\":{\"@type\":\"EntryPoint\",\"urlTemplate\":\"https:\/\/reklameskolen.devz.no\/barneskole\/nn\/?s={search_term_string}\"},\"query-input\":{\"@type\":\"PropertyValueSpecification\",\"valueRequired\":true,\"valueName\":\"search_term_string\"}}],\"inLanguage\":\"nn-NO\"},{\"@type\":\"Organization\",\"@id\":\"https:\/\/reklameskolen.devz.no\/barneskole\/nn\/#organization\",\"name\":\"Barneskole - Nynorsk\",\"url\":\"https:\/\/reklameskolen.devz.no\/barneskole\/nn\/\",\"logo\":{\"@type\":\"ImageObject\",\"inLanguage\":\"nn-NO\",\"@id\":\"https:\/\/reklameskolen.devz.no\/barneskole\/nn\/#\/schema\/logo\/image\/\",\"url\":\"https:\/\/reklameskolen.devz.no\/wp-content\/uploads\/2023\/08\/Reklameskolen-Logo-01.png\",\"contentUrl\":\"https:\/\/reklameskolen.devz.no\/wp-content\/uploads\/2023\/08\/Reklameskolen-Logo-01.png\",\"caption\":\"Barneskole - Nynorsk\"},\"image\":{\"@id\":\"https:\/\/reklameskolen.devz.no\/barneskole\/nn\/#\/schema\/logo\/image\/\"}}]}<\/script>\n<!-- \/ Yoast SEO plugin. -->","yoast_head_json":{"title":"Reklame p\u00e5 skolen - Barneskole - Nynorsk","robots":{"index":"index","follow":"follow","max-snippet":"max-snippet:-1","max-image-preview":"max-image-preview:large","max-video-preview":"max-video-preview:-1"},"canonical":"https:\/\/reklameskolen.devz.no\/barneskole\/nn\/reklame-pa-skolen\/","og_locale":"nn_NO","og_type":"article","og_title":"Reklame p\u00e5 skolen - Barneskole - Nynorsk","og_description":"Reklame p\u00e5 skolen Har du f\u00e5tt linjal, vassflaske eller refleksvest med reklame p\u00e5 skulen? Eller har du sett logoen til firmaet som leverer mj\u00f8lk? Det er kanskje ikkje s\u00e5 rart. Det er nemleg ikkje forbode med reklame p\u00e5 skulen. Firma som leverer mj\u00f8lk og frukt til skulen kan for eksempel merke kj\u00f8leskap og andre ting [&hellip;]","og_url":"https:\/\/reklameskolen.devz.no\/barneskole\/nn\/reklame-pa-skolen\/","og_site_name":"Barneskole - Nynorsk","article_modified_time":"2023-11-24T12:52:57+00:00","og_image":[{"width":1500,"height":375,"url":"https:\/\/reklameskolen.devz.no\/wp-content\/uploads\/2023\/06\/iStock-1128877958.jpg","type":"image\/jpeg"}],"twitter_card":"summary_large_image","twitter_misc":{"Est. reading time":"1 minute"},"schema":{"@context":"https:\/\/schema.org","@graph":[{"@type":"WebPage","@id":"https:\/\/reklameskolen.devz.no\/barneskole\/nn\/reklame-pa-skolen\/","url":"https:\/\/reklameskolen.devz.no\/barneskole\/nn\/reklame-pa-skolen\/","name":"Reklame p\u00e5 skolen - Barneskole - Nynorsk","isPartOf":{"@id":"https:\/\/reklameskolen.devz.no\/barneskole\/nn\/#website"},"primaryImageOfPage":{"@id":"https:\/\/reklameskolen.devz.no\/barneskole\/nn\/reklame-pa-skolen\/#primaryimage"},"image":{"@id":"https:\/\/reklameskolen.devz.no\/barneskole\/nn\/reklame-pa-skolen\/#primaryimage"},"thumbnailUrl":"https:\/\/reklameskolen.devz.no\/barneskole\/nn\/files\/2023\/06\/iStock-1128877958-2.jpg","datePublished":"2023-04-26T16:38:50+00:00","dateModified":"2023-11-24T12:52:57+00:00","breadcrumb":{"@id":"https:\/\/reklameskolen.devz.no\/barneskole\/nn\/reklame-pa-skolen\/#breadcrumb"},"inLanguage":"nn-NO","potentialAction":[{"@type":"ReadAction","target":["https:\/\/reklameskolen.devz.no\/barneskole\/nn\/reklame-pa-skolen\/"]}]},{"@type":"ImageObject","inLanguage":"nn-NO","@id":"https:\/\/reklameskolen.devz.no\/barneskole\/nn\/reklame-pa-skolen\/#primaryimage","url":"https:\/\/reklameskolen.devz.no\/wp-content\/uploads\/2023\/06\/iStock-1128877958.jpg","contentUrl":"https:\/\/reklameskolen.devz.no\/wp-content\/uploads\/2023\/06\/iStock-1128877958.jpg","width":1500,"height":375,"caption":"Back view of elementary students running in the school hallway."},{"@type":"BreadcrumbList","@id":"https:\/\/reklameskolen.devz.no\/barneskole\/nn\/reklame-pa-skolen\/#breadcrumb","itemListElement":[{"@type":"ListItem","position":1,"name":"Home","item":"https:\/\/reklameskolen.devz.no\/barneskole\/nn\/"},{"@type":"ListItem","position":2,"name":"Reklame p\u00e5 skolen"}]},{"@type":"WebSite","@id":"https:\/\/reklameskolen.devz.no\/barneskole\/nn\/#website","url":"https:\/\/reklameskolen.devz.no\/barneskole\/nn\/","name":"Barneskole - Nynorsk","description":"Oppl\u00e6ringsverkt\u00f8y om reklame","publisher":{"@id":"https:\/\/reklameskolen.devz.no\/barneskole\/nn\/#organization"},"potentialAction":[{"@type":"SearchAction","target":{"@type":"EntryPoint","urlTemplate":"https:\/\/reklameskolen.devz.no\/barneskole\/nn\/?s={search_term_string}"},"query-input":{"@type":"PropertyValueSpecification","valueRequired":true,"valueName":"search_term_string"}}],"inLanguage":"nn-NO"},{"@type":"Organization","@id":"https:\/\/reklameskolen.devz.no\/barneskole\/nn\/#organization","name":"Barneskole - Nynorsk","url":"https:\/\/reklameskolen.devz.no\/barneskole\/nn\/","logo":{"@type":"ImageObject","inLanguage":"nn-NO","@id":"https:\/\/reklameskolen.devz.no\/barneskole\/nn\/#\/schema\/logo\/image\/","url":"https:\/\/reklameskolen.devz.no\/wp-content\/uploads\/2023\/08\/Reklameskolen-Logo-01.png","contentUrl":"https:\/\/reklameskolen.devz.no\/wp-content\/uploads\/2023\/08\/Reklameskolen-Logo-01.png","caption":"Barneskole - Nynorsk"},"image":{"@id":"https:\/\/reklameskolen.devz.no\/barneskole\/nn\/#\/schema\/logo\/image\/"}}]}},"_links":{"self":[{"href":"https:\/\/reklameskolen.devz.no\/barneskole\/nn\/wp-json\/wp\/v2\/pages\/3539","targetHints":{"allow":["GET"]}}],"collection":[{"href":"https:\/\/reklameskolen.devz.no\/barneskole\/nn\/wp-json\/wp\/v2\/pages"}],"about":[{"href":"https:\/\/reklameskolen.devz.no\/barneskole\/nn\/wp-json\/wp\/v2\/types\/page"}],"author":[{"embeddable":true,"href":"https:\/\/reklameskolen.devz.no\/barneskole\/nn\/wp-json\/wp\/v2\/users\/1"}],"replies":[{"embeddable":true,"href":"https:\/\/reklameskolen.devz.no\/barneskole\/nn\/wp-json\/wp\/v2\/comments?post=3539"}],"version-history":[{"count":11,"href":"https:\/\/reklameskolen.devz.no\/barneskole\/nn\/wp-json\/wp\/v2\/pages\/3539\/revisions"}],"predecessor-version":[{"id":5079,"href":"https:\/\/reklameskolen.devz.no\/barneskole\/nn\/wp-json\/wp\/v2\/pages\/3539\/revisions\/5079"}],"wp:attachment":[{"href":"https:\/\/reklameskolen.devz.no\/barneskole\/nn\/wp-json\/wp\/v2\/media?parent=3539"}],"curies":[{"name":"wp","href":"https:\/\/api.w.org\/{rel}","templated":true}]}}