{"id":3543,"date":"2023-04-26T18:40:25","date_gmt":"2023-04-26T16:40:25","guid":{"rendered":"https:\/\/reklameskolen.devz.no\/barneskole\/?page_id=3543"},"modified":"2023-11-24T13:53:44","modified_gmt":"2023-11-24T12:53:44","slug":"reklame-rundt-oss","status":"publish","type":"page","link":"https:\/\/reklameskolen.devz.no\/barneskole\/nn\/reklame-rundt-oss\/","title":{"rendered":"Reklame rundt oss"},"content":{"rendered":"\n<div style=\"height:10px\" aria-hidden=\"true\" class=\"wp-block-spacer\"><\/div>\n\n\n\n<figure class=\"wp-block-image aligncenter size-full\"><img loading=\"lazy\" decoding=\"async\" width=\"1500\" height=\"375\" src=\"https:\/\/reklameskolen.devz.no\/barneskole\/nn\/files\/2023\/06\/iStock-653898136-2.jpg\" alt=\"Fotografi av ei travel g\u00e5gate p\u00e5 dagtid. Butikkane p\u00e5 kvar side av gata har reklameskilt og plakatar av alle slag.\" class=\"wp-image-4218\" srcset=\"https:\/\/reklameskolen.devz.no\/barneskole\/nn\/files\/2023\/06\/iStock-653898136-2.jpg 1500w, https:\/\/reklameskolen.devz.no\/barneskole\/nn\/files\/2023\/06\/iStock-653898136-2-300x75.jpg 300w, https:\/\/reklameskolen.devz.no\/barneskole\/nn\/files\/2023\/06\/iStock-653898136-2-1024x256.jpg 1024w, https:\/\/reklameskolen.devz.no\/barneskole\/nn\/files\/2023\/06\/iStock-653898136-2-768x192.jpg 768w, https:\/\/reklameskolen.devz.no\/barneskole\/nn\/files\/2023\/06\/iStock-653898136-2-150x38.jpg 150w\" sizes=\"auto, (max-width: 1500px) 100vw, 1500px\" \/><figcaption class=\"wp-element-caption\">Foto: funky-data\/iStock<\/figcaption><\/figure>\n\n\n\n<h1 class=\"wp-block-heading has-text-align-left\">Reklame rundt oss<\/h1>\n\n\n\n<p>Du kan ikkje sl\u00e5 av reklamen ved \u00e5 sl\u00e5 av PC-en eller legge bort telefonen. Det er nemleg reklame overalt. P\u00e5 bussen og p\u00e5 kj\u00f8pesenteret, for eksempel. Og p\u00e5 kino og i forn\u00f8yelsesparkar er det ofte reklame p\u00e5 alt fr\u00e5 plakatar og skjermar til sj\u00f8lve billettane. <\/p>\n\n\n\n<p>Det er lett \u00e5 sj\u00e5 at plakaten p\u00e5 veggen er reklame. Men reklame kjem i alle fasongar og former. Noko f\u00e5r du kanskje rett i handa. Utan at du tenker p\u00e5 at det er reklame.<\/p>\n\n\n\n<p>Viss du er med p\u00e5 ei handballturnering, f\u00e5r du kanskje delt ut ei vassflaske eller ei t-skjorte. Kanskje du f\u00e5r ein medalje \u00f2g. Ofte med logoen til ein eller annan sponsor. Utan at du m\u00e5 betale for det. D\u00e5 er det lurt \u00e5 tenke p\u00e5 at det kan vere nokon andre som har betalt. For \u00e5 p\u00e5verke kva du tenker, f\u00f8ler og gjer.<\/p>\n\n\n\n<div class=\"wp-block-group alignfull is-layout-flow wp-block-group-is-layout-flow\">\n<div class=\"wp-block-columns is-layout-flex wp-container-core-columns-is-layout-28f84493 wp-block-columns-is-layout-flex\">\n<div class=\"wp-block-column is-layout-flow wp-block-column-is-layout-flow\">\n<div class=\"wp-block-buttons is-content-justification-right is-layout-flex wp-container-core-buttons-is-layout-d445cf74 wp-block-buttons-is-layout-flex\">\n<div class=\"wp-block-button\"><a class=\"wp-block-button__link has-palette-color-8-color has-palette-color-3-background-color has-text-color has-background wp-element-button\" href=\"https:\/\/reklameskolen.devz.no\/barneskole\/nn\/reklame-overalt\/\" style=\"padding-top:var(--wp--preset--spacing--40);padding-right:var(--wp--preset--spacing--40);padding-bottom:var(--wp--preset--spacing--40);padding-left:var(--wp--preset--spacing--40)\">Tilbake til &#8220;Reklame overalt&#8221;<\/a><\/div>\n<\/div>\n<\/div>\n\n\n\n<div class=\"wp-block-column is-layout-flow wp-block-column-is-layout-flow\">\n<div class=\"wp-block-buttons is-horizontal is-content-justification-left is-layout-flex wp-container-core-buttons-is-layout-20be11b6 wp-block-buttons-is-layout-flex\">\n<div class=\"wp-block-button\"><a class=\"wp-block-button__link has-palette-color-8-color has-palette-color-3-background-color has-text-color has-background wp-element-button\" href=\"https:\/\/reklameskolen.devz.no\/barneskole\/nn\/reklame-rundt-oss\/kor-finn-du-reklame\/\" style=\"padding-top:var(--wp--preset--spacing--40);padding-right:var(--wp--preset--spacing--40);padding-bottom:var(--wp--preset--spacing--40);padding-left:var(--wp--preset--spacing--40)\">Vidare til &#8220;Kor finn du reklame&#8221;<\/a><\/div>\n<\/div>\n<\/div>\n<\/div>\n<\/div>\n\n\n\n<div style=\"height:30px\" aria-hidden=\"true\" class=\"wp-block-spacer\"><\/div>\n","protected":false},"excerpt":{"rendered":"<p>Reklame rundt oss Du kan ikkje sl\u00e5 av reklamen ved \u00e5 sl\u00e5 av PC-en eller legge bort telefonen. Det er nemleg reklame overalt. P\u00e5 bussen og p\u00e5 kj\u00f8pesenteret, for eksempel. Og p\u00e5 kino og i forn\u00f8yelsesparkar er det ofte reklame p\u00e5 alt fr\u00e5 plakatar og skjermar til sj\u00f8lve billettane. Det er lett \u00e5 sj\u00e5 at [&hellip;]<\/p>\n","protected":false},"author":1,"featured_media":0,"parent":0,"menu_order":16,"comment_status":"closed","ping_status":"closed","template":"","meta":{"_acf_changed":false,"editor_notices":[],"footnotes":""},"class_list":["post-3543","page","type-page","status-publish","hentry"],"blocksy_meta":[],"acf":[],"yoast_head":"<!-- This site is optimized with the Yoast SEO plugin v25.9 - https:\/\/yoast.com\/wordpress\/plugins\/seo\/ -->\n<title>Reklame rundt oss - Barneskole - Nynorsk<\/title>\n<meta name=\"robots\" content=\"index, follow, max-snippet:-1, max-image-preview:large, max-video-preview:-1\" \/>\n<link rel=\"canonical\" href=\"https:\/\/reklameskolen.devz.no\/barneskole\/nn\/reklame-rundt-oss\/\" \/>\n<meta property=\"og:locale\" content=\"nn_NO\" \/>\n<meta property=\"og:type\" content=\"article\" \/>\n<meta property=\"og:title\" content=\"Reklame rundt oss - Barneskole - Nynorsk\" \/>\n<meta property=\"og:description\" content=\"Reklame rundt oss Du kan ikkje sl\u00e5 av reklamen ved \u00e5 sl\u00e5 av PC-en eller legge bort telefonen. Det er nemleg reklame overalt. P\u00e5 bussen og p\u00e5 kj\u00f8pesenteret, for eksempel. Og p\u00e5 kino og i forn\u00f8yelsesparkar er det ofte reklame p\u00e5 alt fr\u00e5 plakatar og skjermar til sj\u00f8lve billettane. Det er lett \u00e5 sj\u00e5 at [&hellip;]\" \/>\n<meta property=\"og:url\" content=\"https:\/\/reklameskolen.devz.no\/barneskole\/nn\/reklame-rundt-oss\/\" \/>\n<meta property=\"og:site_name\" content=\"Barneskole - Nynorsk\" \/>\n<meta property=\"article:modified_time\" content=\"2023-11-24T12:53:44+00:00\" \/>\n<meta property=\"og:image\" content=\"https:\/\/reklameskolen.devz.no\/wp-content\/uploads\/2023\/06\/iStock-653898136.jpg\" \/>\n\t<meta property=\"og:image:width\" content=\"1500\" \/>\n\t<meta property=\"og:image:height\" content=\"375\" \/>\n\t<meta property=\"og:image:type\" content=\"image\/jpeg\" \/>\n<meta name=\"twitter:card\" content=\"summary_large_image\" \/>\n<meta name=\"twitter:label1\" content=\"Est. reading time\" \/>\n\t<meta name=\"twitter:data1\" content=\"1 minute\" \/>\n<script type=\"application\/ld+json\" class=\"yoast-schema-graph\">{\"@context\":\"https:\/\/schema.org\",\"@graph\":[{\"@type\":\"WebPage\",\"@id\":\"https:\/\/reklameskolen.devz.no\/barneskole\/nn\/reklame-rundt-oss\/\",\"url\":\"https:\/\/reklameskolen.devz.no\/barneskole\/nn\/reklame-rundt-oss\/\",\"name\":\"Reklame rundt oss - Barneskole - Nynorsk\",\"isPartOf\":{\"@id\":\"https:\/\/reklameskolen.devz.no\/barneskole\/nn\/#website\"},\"primaryImageOfPage\":{\"@id\":\"https:\/\/reklameskolen.devz.no\/barneskole\/nn\/reklame-rundt-oss\/#primaryimage\"},\"image\":{\"@id\":\"https:\/\/reklameskolen.devz.no\/barneskole\/nn\/reklame-rundt-oss\/#primaryimage\"},\"thumbnailUrl\":\"https:\/\/reklameskolen.devz.no\/barneskole\/nn\/files\/2023\/06\/iStock-653898136-2.jpg\",\"datePublished\":\"2023-04-26T16:40:25+00:00\",\"dateModified\":\"2023-11-24T12:53:44+00:00\",\"breadcrumb\":{\"@id\":\"https:\/\/reklameskolen.devz.no\/barneskole\/nn\/reklame-rundt-oss\/#breadcrumb\"},\"inLanguage\":\"nn-NO\",\"potentialAction\":[{\"@type\":\"ReadAction\",\"target\":[\"https:\/\/reklameskolen.devz.no\/barneskole\/nn\/reklame-rundt-oss\/\"]}]},{\"@type\":\"ImageObject\",\"inLanguage\":\"nn-NO\",\"@id\":\"https:\/\/reklameskolen.devz.no\/barneskole\/nn\/reklame-rundt-oss\/#primaryimage\",\"url\":\"https:\/\/reklameskolen.devz.no\/wp-content\/uploads\/2023\/06\/iStock-653898136.jpg\",\"contentUrl\":\"https:\/\/reklameskolen.devz.no\/wp-content\/uploads\/2023\/06\/iStock-653898136.jpg\",\"width\":1500,\"height\":375,\"caption\":\"Horizontal color image of typical shopping street in Western Europe\"},{\"@type\":\"BreadcrumbList\",\"@id\":\"https:\/\/reklameskolen.devz.no\/barneskole\/nn\/reklame-rundt-oss\/#breadcrumb\",\"itemListElement\":[{\"@type\":\"ListItem\",\"position\":1,\"name\":\"Home\",\"item\":\"https:\/\/reklameskolen.devz.no\/barneskole\/nn\/\"},{\"@type\":\"ListItem\",\"position\":2,\"name\":\"Reklame rundt oss\"}]},{\"@type\":\"WebSite\",\"@id\":\"https:\/\/reklameskolen.devz.no\/barneskole\/nn\/#website\",\"url\":\"https:\/\/reklameskolen.devz.no\/barneskole\/nn\/\",\"name\":\"Barneskole - Nynorsk\",\"description\":\"Oppl\u00e6ringsverkt\u00f8y om reklame\",\"publisher\":{\"@id\":\"https:\/\/reklameskolen.devz.no\/barneskole\/nn\/#organization\"},\"potentialAction\":[{\"@type\":\"SearchAction\",\"target\":{\"@type\":\"EntryPoint\",\"urlTemplate\":\"https:\/\/reklameskolen.devz.no\/barneskole\/nn\/?s={search_term_string}\"},\"query-input\":{\"@type\":\"PropertyValueSpecification\",\"valueRequired\":true,\"valueName\":\"search_term_string\"}}],\"inLanguage\":\"nn-NO\"},{\"@type\":\"Organization\",\"@id\":\"https:\/\/reklameskolen.devz.no\/barneskole\/nn\/#organization\",\"name\":\"Barneskole - Nynorsk\",\"url\":\"https:\/\/reklameskolen.devz.no\/barneskole\/nn\/\",\"logo\":{\"@type\":\"ImageObject\",\"inLanguage\":\"nn-NO\",\"@id\":\"https:\/\/reklameskolen.devz.no\/barneskole\/nn\/#\/schema\/logo\/image\/\",\"url\":\"https:\/\/reklameskolen.devz.no\/wp-content\/uploads\/2023\/08\/Reklameskolen-Logo-01.png\",\"contentUrl\":\"https:\/\/reklameskolen.devz.no\/wp-content\/uploads\/2023\/08\/Reklameskolen-Logo-01.png\",\"caption\":\"Barneskole - Nynorsk\"},\"image\":{\"@id\":\"https:\/\/reklameskolen.devz.no\/barneskole\/nn\/#\/schema\/logo\/image\/\"}}]}<\/script>\n<!-- \/ Yoast SEO plugin. -->","yoast_head_json":{"title":"Reklame rundt oss - Barneskole - Nynorsk","robots":{"index":"index","follow":"follow","max-snippet":"max-snippet:-1","max-image-preview":"max-image-preview:large","max-video-preview":"max-video-preview:-1"},"canonical":"https:\/\/reklameskolen.devz.no\/barneskole\/nn\/reklame-rundt-oss\/","og_locale":"nn_NO","og_type":"article","og_title":"Reklame rundt oss - Barneskole - Nynorsk","og_description":"Reklame rundt oss Du kan ikkje sl\u00e5 av reklamen ved \u00e5 sl\u00e5 av PC-en eller legge bort telefonen. Det er nemleg reklame overalt. P\u00e5 bussen og p\u00e5 kj\u00f8pesenteret, for eksempel. Og p\u00e5 kino og i forn\u00f8yelsesparkar er det ofte reklame p\u00e5 alt fr\u00e5 plakatar og skjermar til sj\u00f8lve billettane. Det er lett \u00e5 sj\u00e5 at [&hellip;]","og_url":"https:\/\/reklameskolen.devz.no\/barneskole\/nn\/reklame-rundt-oss\/","og_site_name":"Barneskole - Nynorsk","article_modified_time":"2023-11-24T12:53:44+00:00","og_image":[{"width":1500,"height":375,"url":"https:\/\/reklameskolen.devz.no\/wp-content\/uploads\/2023\/06\/iStock-653898136.jpg","type":"image\/jpeg"}],"twitter_card":"summary_large_image","twitter_misc":{"Est. reading time":"1 minute"},"schema":{"@context":"https:\/\/schema.org","@graph":[{"@type":"WebPage","@id":"https:\/\/reklameskolen.devz.no\/barneskole\/nn\/reklame-rundt-oss\/","url":"https:\/\/reklameskolen.devz.no\/barneskole\/nn\/reklame-rundt-oss\/","name":"Reklame rundt oss - Barneskole - Nynorsk","isPartOf":{"@id":"https:\/\/reklameskolen.devz.no\/barneskole\/nn\/#website"},"primaryImageOfPage":{"@id":"https:\/\/reklameskolen.devz.no\/barneskole\/nn\/reklame-rundt-oss\/#primaryimage"},"image":{"@id":"https:\/\/reklameskolen.devz.no\/barneskole\/nn\/reklame-rundt-oss\/#primaryimage"},"thumbnailUrl":"https:\/\/reklameskolen.devz.no\/barneskole\/nn\/files\/2023\/06\/iStock-653898136-2.jpg","datePublished":"2023-04-26T16:40:25+00:00","dateModified":"2023-11-24T12:53:44+00:00","breadcrumb":{"@id":"https:\/\/reklameskolen.devz.no\/barneskole\/nn\/reklame-rundt-oss\/#breadcrumb"},"inLanguage":"nn-NO","potentialAction":[{"@type":"ReadAction","target":["https:\/\/reklameskolen.devz.no\/barneskole\/nn\/reklame-rundt-oss\/"]}]},{"@type":"ImageObject","inLanguage":"nn-NO","@id":"https:\/\/reklameskolen.devz.no\/barneskole\/nn\/reklame-rundt-oss\/#primaryimage","url":"https:\/\/reklameskolen.devz.no\/wp-content\/uploads\/2023\/06\/iStock-653898136.jpg","contentUrl":"https:\/\/reklameskolen.devz.no\/wp-content\/uploads\/2023\/06\/iStock-653898136.jpg","width":1500,"height":375,"caption":"Horizontal color image of typical shopping street in Western Europe"},{"@type":"BreadcrumbList","@id":"https:\/\/reklameskolen.devz.no\/barneskole\/nn\/reklame-rundt-oss\/#breadcrumb","itemListElement":[{"@type":"ListItem","position":1,"name":"Home","item":"https:\/\/reklameskolen.devz.no\/barneskole\/nn\/"},{"@type":"ListItem","position":2,"name":"Reklame rundt oss"}]},{"@type":"WebSite","@id":"https:\/\/reklameskolen.devz.no\/barneskole\/nn\/#website","url":"https:\/\/reklameskolen.devz.no\/barneskole\/nn\/","name":"Barneskole - Nynorsk","description":"Oppl\u00e6ringsverkt\u00f8y om reklame","publisher":{"@id":"https:\/\/reklameskolen.devz.no\/barneskole\/nn\/#organization"},"potentialAction":[{"@type":"SearchAction","target":{"@type":"EntryPoint","urlTemplate":"https:\/\/reklameskolen.devz.no\/barneskole\/nn\/?s={search_term_string}"},"query-input":{"@type":"PropertyValueSpecification","valueRequired":true,"valueName":"search_term_string"}}],"inLanguage":"nn-NO"},{"@type":"Organization","@id":"https:\/\/reklameskolen.devz.no\/barneskole\/nn\/#organization","name":"Barneskole - Nynorsk","url":"https:\/\/reklameskolen.devz.no\/barneskole\/nn\/","logo":{"@type":"ImageObject","inLanguage":"nn-NO","@id":"https:\/\/reklameskolen.devz.no\/barneskole\/nn\/#\/schema\/logo\/image\/","url":"https:\/\/reklameskolen.devz.no\/wp-content\/uploads\/2023\/08\/Reklameskolen-Logo-01.png","contentUrl":"https:\/\/reklameskolen.devz.no\/wp-content\/uploads\/2023\/08\/Reklameskolen-Logo-01.png","caption":"Barneskole - Nynorsk"},"image":{"@id":"https:\/\/reklameskolen.devz.no\/barneskole\/nn\/#\/schema\/logo\/image\/"}}]}},"_links":{"self":[{"href":"https:\/\/reklameskolen.devz.no\/barneskole\/nn\/wp-json\/wp\/v2\/pages\/3543","targetHints":{"allow":["GET"]}}],"collection":[{"href":"https:\/\/reklameskolen.devz.no\/barneskole\/nn\/wp-json\/wp\/v2\/pages"}],"about":[{"href":"https:\/\/reklameskolen.devz.no\/barneskole\/nn\/wp-json\/wp\/v2\/types\/page"}],"author":[{"embeddable":true,"href":"https:\/\/reklameskolen.devz.no\/barneskole\/nn\/wp-json\/wp\/v2\/users\/1"}],"replies":[{"embeddable":true,"href":"https:\/\/reklameskolen.devz.no\/barneskole\/nn\/wp-json\/wp\/v2\/comments?post=3543"}],"version-history":[{"count":12,"href":"https:\/\/reklameskolen.devz.no\/barneskole\/nn\/wp-json\/wp\/v2\/pages\/3543\/revisions"}],"predecessor-version":[{"id":5081,"href":"https:\/\/reklameskolen.devz.no\/barneskole\/nn\/wp-json\/wp\/v2\/pages\/3543\/revisions\/5081"}],"wp:attachment":[{"href":"https:\/\/reklameskolen.devz.no\/barneskole\/nn\/wp-json\/wp\/v2\/media?parent=3543"}],"curies":[{"name":"wp","href":"https:\/\/api.w.org\/{rel}","templated":true}]}}