{"id":3553,"date":"2023-04-26T18:45:29","date_gmt":"2023-04-26T16:45:29","guid":{"rendered":"https:\/\/reklameskolen.devz.no\/barneskole\/?page_id=3553"},"modified":"2023-12-15T14:00:44","modified_gmt":"2023-12-15T13:00:44","slug":"reklame-i-butikken","status":"publish","type":"page","link":"https:\/\/reklameskolen.devz.no\/barneskole\/nn\/reklame-i-butikken\/","title":{"rendered":"Reklame i butikken"},"content":{"rendered":"\n<div style=\"height:10px\" aria-hidden=\"true\" class=\"wp-block-spacer\"><\/div>\n\n\n\n<figure class=\"wp-block-image aligncenter size-full\"><img loading=\"lazy\" decoding=\"async\" width=\"1495\" height=\"374\" src=\"https:\/\/reklameskolen.devz.no\/barneskole\/nn\/files\/2023\/06\/iStock-1337275668-2.jpg\" alt=\"Illustrasjon av ein stor haug med raude snakkebobler. Alle snakkeboblene inneheld tekstar som signaliserer rabatt, for eksempel &quot;-20%&quot; og &quot;-60%&quot;.\" class=\"wp-image-4210\" srcset=\"https:\/\/reklameskolen.devz.no\/barneskole\/nn\/files\/2023\/06\/iStock-1337275668-2.jpg 1495w, https:\/\/reklameskolen.devz.no\/barneskole\/nn\/files\/2023\/06\/iStock-1337275668-2-300x75.jpg 300w, https:\/\/reklameskolen.devz.no\/barneskole\/nn\/files\/2023\/06\/iStock-1337275668-2-1024x256.jpg 1024w, https:\/\/reklameskolen.devz.no\/barneskole\/nn\/files\/2023\/06\/iStock-1337275668-2-768x192.jpg 768w, https:\/\/reklameskolen.devz.no\/barneskole\/nn\/files\/2023\/06\/iStock-1337275668-2-150x38.jpg 150w\" sizes=\"auto, (max-width: 1495px) 100vw, 1495px\" \/><figcaption class=\"wp-element-caption\">Illustrastjon: Akinbostanci\/iStock<\/figcaption><\/figure>\n\n\n\n<h1 class=\"wp-block-heading\">Reklame i butikken<\/h1>\n\n\n\n<p><strong>\u00ab3 for 2\u00bb. \u00abOpp til 70 % rabatt\u00bb. \u00abSal!\u00bb. \u00abBlack Friday\u00bb. \u00abTilbod!\u00bb<\/strong><\/p>\n\n\n\n<p>Mange butikkar og nettsider reklamerer med sal eller tilbod. Store plakatar i sterke fargar annonserer for eksempel \u00ab3 for 2\u00bb eller \u00ab70% rabatt\u00bb.<\/p>\n\n\n\n<p>Butikkane bruker mange forskjellige verkemiddel for \u00e5 f\u00e5 deg til \u00e5 handle fort. I nettbutikkane kan det for eksempel vere ei klokke som tel ned mot at tilbodet tek slutt. Du kan f\u00e5 beskjed om at det er f\u00e5 varer igjen, og at det er mange som ser p\u00e5 denne vara. Rabattkodar og kupongar kan gi inntrykk av at du er spesielt heldig som f\u00e5r dette tilbodet.<\/p>\n\n\n\n<p>Det er lett \u00e5 la seg rive med av slike tilbod. Derfor er det strenge reglar for korleis butikkane kan reklamere for sal. Dei m\u00e5 blant anna skrive prisen b\u00e5de f\u00f8r og etter rabatten. Og f\u00f8rprisen m\u00e5 vere den l\u00e5gaste prisen vara har hatt dei siste 30 dagane f\u00f8r salet starta.<\/p>\n\n\n\n<p>Likevel er det lurt \u00e5 vere skeptisk til gode tilbod. Det kan for eksempel vere smart \u00e5 sjekke om vara er billigare ein anna stad. For det er ikkje alt som er p\u00e5 sal som er billig!<\/p>\n\n\n\n<div class=\"wp-block-group alignfull is-layout-flow wp-block-group-is-layout-flow\">\n<div class=\"wp-block-columns is-layout-flex wp-container-core-columns-is-layout-28f84493 wp-block-columns-is-layout-flex\">\n<div class=\"wp-block-column is-layout-flow wp-block-column-is-layout-flow\">\n<div class=\"wp-block-buttons is-content-justification-right is-layout-flex wp-container-core-buttons-is-layout-d445cf74 wp-block-buttons-is-layout-flex\">\n<div class=\"wp-block-button\"><a class=\"wp-block-button__link has-palette-color-8-color has-palette-color-3-background-color has-text-color has-background wp-element-button\" href=\"https:\/\/reklameskolen.devz.no\/barneskole\/nn\/reklame-overalt\/\" style=\"padding-top:var(--wp--preset--spacing--40);padding-right:var(--wp--preset--spacing--40);padding-bottom:var(--wp--preset--spacing--40);padding-left:var(--wp--preset--spacing--40)\">Tilbake til &#8220;Reklame overalt&#8221;<\/a><\/div>\n<\/div>\n<\/div>\n\n\n\n<div class=\"wp-block-column is-layout-flow wp-block-column-is-layout-flow\">\n<div class=\"wp-block-buttons is-horizontal is-content-justification-left is-layout-flex wp-container-core-buttons-is-layout-20be11b6 wp-block-buttons-is-layout-flex\">\n<div class=\"wp-block-button\"><a class=\"wp-block-button__link has-palette-color-8-color has-palette-color-3-background-color has-text-color has-background wp-element-button\" href=\"https:\/\/reklameskolen.devz.no\/barneskole\/nn\/reklame-i-butikken\/verkemiddel-i-butikken\/\" style=\"padding-top:var(--wp--preset--spacing--40);padding-right:var(--wp--preset--spacing--40);padding-bottom:var(--wp--preset--spacing--40);padding-left:var(--wp--preset--spacing--40)\">Vidare til &#8220;Verkemiddel i butikken&#8221;<\/a><\/div>\n<\/div>\n<\/div>\n<\/div>\n<\/div>\n\n\n\n<div style=\"height:30px\" aria-hidden=\"true\" class=\"wp-block-spacer\"><\/div>\n","protected":false},"excerpt":{"rendered":"<p>Reklame i butikken \u00ab3 for 2\u00bb. \u00abOpp til 70 % rabatt\u00bb. \u00abSal!\u00bb. \u00abBlack Friday\u00bb. \u00abTilbod!\u00bb Mange butikkar og nettsider reklamerer med sal eller tilbod. Store plakatar i sterke fargar annonserer for eksempel \u00ab3 for 2\u00bb eller \u00ab70% rabatt\u00bb. Butikkane bruker mange forskjellige verkemiddel for \u00e5 f\u00e5 deg til \u00e5 handle fort. I nettbutikkane kan det [&hellip;]<\/p>\n","protected":false},"author":1,"featured_media":0,"parent":0,"menu_order":18,"comment_status":"closed","ping_status":"closed","template":"","meta":{"_acf_changed":false,"editor_notices":[],"footnotes":""},"class_list":["post-3553","page","type-page","status-publish","hentry"],"blocksy_meta":[],"acf":[],"yoast_head":"<!-- This site is optimized with the Yoast SEO plugin v25.9 - https:\/\/yoast.com\/wordpress\/plugins\/seo\/ -->\n<title>Reklame i butikken - Barneskole - Nynorsk<\/title>\n<meta name=\"robots\" content=\"index, follow, max-snippet:-1, max-image-preview:large, max-video-preview:-1\" \/>\n<link rel=\"canonical\" href=\"https:\/\/reklameskolen.devz.no\/barneskole\/nn\/reklame-i-butikken\/\" \/>\n<meta property=\"og:locale\" content=\"nn_NO\" \/>\n<meta property=\"og:type\" content=\"article\" \/>\n<meta property=\"og:title\" content=\"Reklame i butikken - Barneskole - Nynorsk\" \/>\n<meta property=\"og:description\" content=\"Reklame i butikken \u00ab3 for 2\u00bb. \u00abOpp til 70 % rabatt\u00bb. \u00abSal!\u00bb. \u00abBlack Friday\u00bb. \u00abTilbod!\u00bb Mange butikkar og nettsider reklamerer med sal eller tilbod. Store plakatar i sterke fargar annonserer for eksempel \u00ab3 for 2\u00bb eller \u00ab70% rabatt\u00bb. Butikkane bruker mange forskjellige verkemiddel for \u00e5 f\u00e5 deg til \u00e5 handle fort. I nettbutikkane kan det [&hellip;]\" \/>\n<meta property=\"og:url\" content=\"https:\/\/reklameskolen.devz.no\/barneskole\/nn\/reklame-i-butikken\/\" \/>\n<meta property=\"og:site_name\" content=\"Barneskole - Nynorsk\" \/>\n<meta property=\"article:modified_time\" content=\"2023-12-15T13:00:44+00:00\" \/>\n<meta property=\"og:image\" content=\"https:\/\/reklameskolen.devz.no\/wp-content\/uploads\/2023\/06\/iStock-1337275668.jpg\" \/>\n\t<meta property=\"og:image:width\" content=\"1495\" \/>\n\t<meta property=\"og:image:height\" content=\"374\" \/>\n\t<meta property=\"og:image:type\" content=\"image\/jpeg\" \/>\n<meta name=\"twitter:card\" content=\"summary_large_image\" \/>\n<meta name=\"twitter:label1\" content=\"Est. reading time\" \/>\n\t<meta name=\"twitter:data1\" content=\"1 minute\" \/>\n<script type=\"application\/ld+json\" class=\"yoast-schema-graph\">{\"@context\":\"https:\/\/schema.org\",\"@graph\":[{\"@type\":\"WebPage\",\"@id\":\"https:\/\/reklameskolen.devz.no\/barneskole\/nn\/reklame-i-butikken\/\",\"url\":\"https:\/\/reklameskolen.devz.no\/barneskole\/nn\/reklame-i-butikken\/\",\"name\":\"Reklame i butikken - Barneskole - Nynorsk\",\"isPartOf\":{\"@id\":\"https:\/\/reklameskolen.devz.no\/barneskole\/nn\/#website\"},\"primaryImageOfPage\":{\"@id\":\"https:\/\/reklameskolen.devz.no\/barneskole\/nn\/reklame-i-butikken\/#primaryimage\"},\"image\":{\"@id\":\"https:\/\/reklameskolen.devz.no\/barneskole\/nn\/reklame-i-butikken\/#primaryimage\"},\"thumbnailUrl\":\"https:\/\/reklameskolen.devz.no\/barneskole\/nn\/files\/2023\/06\/iStock-1337275668-2.jpg\",\"datePublished\":\"2023-04-26T16:45:29+00:00\",\"dateModified\":\"2023-12-15T13:00:44+00:00\",\"breadcrumb\":{\"@id\":\"https:\/\/reklameskolen.devz.no\/barneskole\/nn\/reklame-i-butikken\/#breadcrumb\"},\"inLanguage\":\"nn-NO\",\"potentialAction\":[{\"@type\":\"ReadAction\",\"target\":[\"https:\/\/reklameskolen.devz.no\/barneskole\/nn\/reklame-i-butikken\/\"]}]},{\"@type\":\"ImageObject\",\"inLanguage\":\"nn-NO\",\"@id\":\"https:\/\/reklameskolen.devz.no\/barneskole\/nn\/reklame-i-butikken\/#primaryimage\",\"url\":\"https:\/\/reklameskolen.devz.no\/wp-content\/uploads\/2023\/06\/iStock-1337275668.jpg\",\"contentUrl\":\"https:\/\/reklameskolen.devz.no\/wp-content\/uploads\/2023\/06\/iStock-1337275668.jpg\",\"width\":1495,\"height\":374,\"caption\":\"Rabattskilt\"},{\"@type\":\"BreadcrumbList\",\"@id\":\"https:\/\/reklameskolen.devz.no\/barneskole\/nn\/reklame-i-butikken\/#breadcrumb\",\"itemListElement\":[{\"@type\":\"ListItem\",\"position\":1,\"name\":\"Home\",\"item\":\"https:\/\/reklameskolen.devz.no\/barneskole\/nn\/\"},{\"@type\":\"ListItem\",\"position\":2,\"name\":\"Reklame i butikken\"}]},{\"@type\":\"WebSite\",\"@id\":\"https:\/\/reklameskolen.devz.no\/barneskole\/nn\/#website\",\"url\":\"https:\/\/reklameskolen.devz.no\/barneskole\/nn\/\",\"name\":\"Barneskole - Nynorsk\",\"description\":\"Oppl\u00e6ringsverkt\u00f8y om reklame\",\"publisher\":{\"@id\":\"https:\/\/reklameskolen.devz.no\/barneskole\/nn\/#organization\"},\"potentialAction\":[{\"@type\":\"SearchAction\",\"target\":{\"@type\":\"EntryPoint\",\"urlTemplate\":\"https:\/\/reklameskolen.devz.no\/barneskole\/nn\/?s={search_term_string}\"},\"query-input\":{\"@type\":\"PropertyValueSpecification\",\"valueRequired\":true,\"valueName\":\"search_term_string\"}}],\"inLanguage\":\"nn-NO\"},{\"@type\":\"Organization\",\"@id\":\"https:\/\/reklameskolen.devz.no\/barneskole\/nn\/#organization\",\"name\":\"Barneskole - Nynorsk\",\"url\":\"https:\/\/reklameskolen.devz.no\/barneskole\/nn\/\",\"logo\":{\"@type\":\"ImageObject\",\"inLanguage\":\"nn-NO\",\"@id\":\"https:\/\/reklameskolen.devz.no\/barneskole\/nn\/#\/schema\/logo\/image\/\",\"url\":\"https:\/\/reklameskolen.devz.no\/wp-content\/uploads\/2023\/08\/Reklameskolen-Logo-01.png\",\"contentUrl\":\"https:\/\/reklameskolen.devz.no\/wp-content\/uploads\/2023\/08\/Reklameskolen-Logo-01.png\",\"caption\":\"Barneskole - Nynorsk\"},\"image\":{\"@id\":\"https:\/\/reklameskolen.devz.no\/barneskole\/nn\/#\/schema\/logo\/image\/\"}}]}<\/script>\n<!-- \/ Yoast SEO plugin. -->","yoast_head_json":{"title":"Reklame i butikken - Barneskole - Nynorsk","robots":{"index":"index","follow":"follow","max-snippet":"max-snippet:-1","max-image-preview":"max-image-preview:large","max-video-preview":"max-video-preview:-1"},"canonical":"https:\/\/reklameskolen.devz.no\/barneskole\/nn\/reklame-i-butikken\/","og_locale":"nn_NO","og_type":"article","og_title":"Reklame i butikken - Barneskole - Nynorsk","og_description":"Reklame i butikken \u00ab3 for 2\u00bb. \u00abOpp til 70 % rabatt\u00bb. \u00abSal!\u00bb. \u00abBlack Friday\u00bb. \u00abTilbod!\u00bb Mange butikkar og nettsider reklamerer med sal eller tilbod. Store plakatar i sterke fargar annonserer for eksempel \u00ab3 for 2\u00bb eller \u00ab70% rabatt\u00bb. Butikkane bruker mange forskjellige verkemiddel for \u00e5 f\u00e5 deg til \u00e5 handle fort. I nettbutikkane kan det [&hellip;]","og_url":"https:\/\/reklameskolen.devz.no\/barneskole\/nn\/reklame-i-butikken\/","og_site_name":"Barneskole - Nynorsk","article_modified_time":"2023-12-15T13:00:44+00:00","og_image":[{"width":1495,"height":374,"url":"https:\/\/reklameskolen.devz.no\/wp-content\/uploads\/2023\/06\/iStock-1337275668.jpg","type":"image\/jpeg"}],"twitter_card":"summary_large_image","twitter_misc":{"Est. reading time":"1 minute"},"schema":{"@context":"https:\/\/schema.org","@graph":[{"@type":"WebPage","@id":"https:\/\/reklameskolen.devz.no\/barneskole\/nn\/reklame-i-butikken\/","url":"https:\/\/reklameskolen.devz.no\/barneskole\/nn\/reklame-i-butikken\/","name":"Reklame i butikken - Barneskole - Nynorsk","isPartOf":{"@id":"https:\/\/reklameskolen.devz.no\/barneskole\/nn\/#website"},"primaryImageOfPage":{"@id":"https:\/\/reklameskolen.devz.no\/barneskole\/nn\/reklame-i-butikken\/#primaryimage"},"image":{"@id":"https:\/\/reklameskolen.devz.no\/barneskole\/nn\/reklame-i-butikken\/#primaryimage"},"thumbnailUrl":"https:\/\/reklameskolen.devz.no\/barneskole\/nn\/files\/2023\/06\/iStock-1337275668-2.jpg","datePublished":"2023-04-26T16:45:29+00:00","dateModified":"2023-12-15T13:00:44+00:00","breadcrumb":{"@id":"https:\/\/reklameskolen.devz.no\/barneskole\/nn\/reklame-i-butikken\/#breadcrumb"},"inLanguage":"nn-NO","potentialAction":[{"@type":"ReadAction","target":["https:\/\/reklameskolen.devz.no\/barneskole\/nn\/reklame-i-butikken\/"]}]},{"@type":"ImageObject","inLanguage":"nn-NO","@id":"https:\/\/reklameskolen.devz.no\/barneskole\/nn\/reklame-i-butikken\/#primaryimage","url":"https:\/\/reklameskolen.devz.no\/wp-content\/uploads\/2023\/06\/iStock-1337275668.jpg","contentUrl":"https:\/\/reklameskolen.devz.no\/wp-content\/uploads\/2023\/06\/iStock-1337275668.jpg","width":1495,"height":374,"caption":"Rabattskilt"},{"@type":"BreadcrumbList","@id":"https:\/\/reklameskolen.devz.no\/barneskole\/nn\/reklame-i-butikken\/#breadcrumb","itemListElement":[{"@type":"ListItem","position":1,"name":"Home","item":"https:\/\/reklameskolen.devz.no\/barneskole\/nn\/"},{"@type":"ListItem","position":2,"name":"Reklame i butikken"}]},{"@type":"WebSite","@id":"https:\/\/reklameskolen.devz.no\/barneskole\/nn\/#website","url":"https:\/\/reklameskolen.devz.no\/barneskole\/nn\/","name":"Barneskole - Nynorsk","description":"Oppl\u00e6ringsverkt\u00f8y om reklame","publisher":{"@id":"https:\/\/reklameskolen.devz.no\/barneskole\/nn\/#organization"},"potentialAction":[{"@type":"SearchAction","target":{"@type":"EntryPoint","urlTemplate":"https:\/\/reklameskolen.devz.no\/barneskole\/nn\/?s={search_term_string}"},"query-input":{"@type":"PropertyValueSpecification","valueRequired":true,"valueName":"search_term_string"}}],"inLanguage":"nn-NO"},{"@type":"Organization","@id":"https:\/\/reklameskolen.devz.no\/barneskole\/nn\/#organization","name":"Barneskole - Nynorsk","url":"https:\/\/reklameskolen.devz.no\/barneskole\/nn\/","logo":{"@type":"ImageObject","inLanguage":"nn-NO","@id":"https:\/\/reklameskolen.devz.no\/barneskole\/nn\/#\/schema\/logo\/image\/","url":"https:\/\/reklameskolen.devz.no\/wp-content\/uploads\/2023\/08\/Reklameskolen-Logo-01.png","contentUrl":"https:\/\/reklameskolen.devz.no\/wp-content\/uploads\/2023\/08\/Reklameskolen-Logo-01.png","caption":"Barneskole - Nynorsk"},"image":{"@id":"https:\/\/reklameskolen.devz.no\/barneskole\/nn\/#\/schema\/logo\/image\/"}}]}},"_links":{"self":[{"href":"https:\/\/reklameskolen.devz.no\/barneskole\/nn\/wp-json\/wp\/v2\/pages\/3553","targetHints":{"allow":["GET"]}}],"collection":[{"href":"https:\/\/reklameskolen.devz.no\/barneskole\/nn\/wp-json\/wp\/v2\/pages"}],"about":[{"href":"https:\/\/reklameskolen.devz.no\/barneskole\/nn\/wp-json\/wp\/v2\/types\/page"}],"author":[{"embeddable":true,"href":"https:\/\/reklameskolen.devz.no\/barneskole\/nn\/wp-json\/wp\/v2\/users\/1"}],"replies":[{"embeddable":true,"href":"https:\/\/reklameskolen.devz.no\/barneskole\/nn\/wp-json\/wp\/v2\/comments?post=3553"}],"version-history":[{"count":12,"href":"https:\/\/reklameskolen.devz.no\/barneskole\/nn\/wp-json\/wp\/v2\/pages\/3553\/revisions"}],"predecessor-version":[{"id":5101,"href":"https:\/\/reklameskolen.devz.no\/barneskole\/nn\/wp-json\/wp\/v2\/pages\/3553\/revisions\/5101"}],"wp:attachment":[{"href":"https:\/\/reklameskolen.devz.no\/barneskole\/nn\/wp-json\/wp\/v2\/media?parent=3553"}],"curies":[{"name":"wp","href":"https:\/\/api.w.org\/{rel}","templated":true}]}}