{"id":4350,"date":"2023-04-26T18:08:34","date_gmt":"2023-04-26T16:08:34","guid":{"rendered":"https:\/\/reklameskolen.devz.no\/barneskole\/?page_id=3485"},"modified":"2024-08-20T12:25:05","modified_gmt":"2024-08-20T10:25:05","slug":"viktige-verktoy","status":"publish","type":"page","link":"https:\/\/reklameskolen.devz.no\/barneskole\/nn\/verkemiddel-i-reklame\/viktige-verktoy\/","title":{"rendered":"Viktige verkt\u00f8y"},"content":{"rendered":"\n<div style=\"height:10px\" aria-hidden=\"true\" class=\"wp-block-spacer\"><\/div>\n\n\n\n<figure class=\"wp-block-image aligncenter size-full\"><img loading=\"lazy\" decoding=\"async\" width=\"1311\" height=\"328\" src=\"https:\/\/reklameskolen.devz.no\/barneskole\/nn\/files\/2023\/06\/Tannkrem-2.jpg\" alt=\"Dame smiler med hvite tenner og reklamerer for tannkrem\" class=\"wp-image-4249\" srcset=\"https:\/\/reklameskolen.devz.no\/barneskole\/nn\/files\/2023\/06\/Tannkrem-2.jpg 1311w, https:\/\/reklameskolen.devz.no\/barneskole\/nn\/files\/2023\/06\/Tannkrem-2-300x75.jpg 300w, https:\/\/reklameskolen.devz.no\/barneskole\/nn\/files\/2023\/06\/Tannkrem-2-1024x256.jpg 1024w, https:\/\/reklameskolen.devz.no\/barneskole\/nn\/files\/2023\/06\/Tannkrem-2-768x192.jpg 768w, https:\/\/reklameskolen.devz.no\/barneskole\/nn\/files\/2023\/06\/Tannkrem-2-150x38.jpg 150w\" sizes=\"auto, (max-width: 1311px) 100vw, 1311px\" \/><figcaption class=\"wp-element-caption\">Illustration: Netron\/Forbrukertilsynet<\/figcaption><\/figure>\n\n\n\n<h1 class=\"wp-block-heading\">Viktige verkt\u00f8y<\/h1>\n\n\n\n<div class=\"wp-block-columns is-layout-flex wp-container-core-columns-is-layout-28f84493 wp-block-columns-is-layout-flex\">\n<div class=\"wp-block-column is-layout-flow wp-block-column-is-layout-flow\" style=\"flex-basis:67%\">\n<p>Har du nokon gong tenkt over kvifor nokre merke er meir popul\u00e6re enn andre? Eller kvifor du \u00f8nsker deg akkurat\u202f<em>den<\/em>\u202fspesielle genseren?\u202f&nbsp;<\/p>\n\n\n\n<p>Det har dei som lagar reklame.&nbsp;&nbsp;<\/p>\n\n\n\n<p>Reklamebransjen bruker mange forskjellige verkemiddel for \u00e5 p\u00e5verke deg. Ord som \u00abSal\u00bb og \u00abTilbod\u00bb kan gi inntrykk av at noko er ekstra billig nett no. Musikk og fargar kan p\u00e5verke korleis du f\u00f8ler deg. Nedteljingar eller tikkande klokker i nettbutikkar og spel kan f\u00e5 deg til handle fort. Utan \u00e5 tenke for mykje f\u00f8rst.&nbsp;&nbsp;<\/p>\n\n\n\n<p>Alle desse verkemidla er n\u00f8ye valt ut for \u00e5 f\u00e5 deg til \u00e5 like eit spesielt merke. Eller til \u00e5 kj\u00f8pe ein bestemt ting. Gjerne utan at du skj\u00f8nner kvifor du gjer det.\u202f&nbsp;<\/p>\n<\/div>\n\n\n\n<div class=\"wp-block-column is-layout-flow wp-block-column-is-layout-flow\" style=\"flex-basis:33.33%\">\n<div class=\"wp-block-group is-style-fact-box is-layout-flow wp-block-group-is-layout-flow\">\n<h2 class=\"wp-block-heading has-palette-color-8-color has-text-color\">Ordforklaring<\/h2>\n\n\n\n<p><strong>Verkemiddel:<\/strong> Metodar og verkt\u00f8y ein kan bruke for \u00e5 n\u00e5 eit m\u00e5l. Reklamen bruker mange ulike verkemiddel for \u00e5 p\u00e5verke oss.&nbsp;<\/p>\n<\/div>\n\n\n\n<div style=\"height:50px\" aria-hidden=\"true\" class=\"wp-block-spacer\"><\/div>\n\n\n\n<div style=\"height:50px\" aria-hidden=\"true\" class=\"wp-block-spacer\"><\/div>\n<\/div>\n<\/div>\n\n\n\n<div class=\"wp-block-group alignfull is-layout-flow wp-block-group-is-layout-flow\">\n<div class=\"wp-block-columns is-layout-flex wp-container-core-columns-is-layout-28f84493 wp-block-columns-is-layout-flex\">\n<div class=\"wp-block-column is-layout-flow wp-block-column-is-layout-flow\">\n<div class=\"wp-block-buttons is-content-justification-right is-layout-flex wp-container-core-buttons-is-layout-d445cf74 wp-block-buttons-is-layout-flex\">\n<div class=\"wp-block-button\"><a class=\"wp-block-button__link has-palette-color-8-color has-palette-color-3-background-color has-text-color has-background wp-element-button\" href=\"https:\/\/reklameskolen.devz.no\/barneskole\/nn\/verkemiddel-i-reklame\/\" style=\"padding-top:var(--wp--preset--spacing--40);padding-right:var(--wp--preset--spacing--40);padding-bottom:var(--wp--preset--spacing--40);padding-left:var(--wp--preset--spacing--40)\">Tilbake til &#8220;Verkemiddel i reklame&#8221;<\/a><\/div>\n<\/div>\n<\/div>\n\n\n\n<div class=\"wp-block-column is-layout-flow wp-block-column-is-layout-flow\">\n<div class=\"wp-block-buttons is-horizontal is-content-justification-left is-layout-flex wp-container-core-buttons-is-layout-20be11b6 wp-block-buttons-is-layout-flex\">\n<div class=\"wp-block-button\"><a class=\"wp-block-button__link has-palette-color-8-color has-palette-color-3-background-color has-text-color has-background wp-element-button\" href=\"https:\/\/reklameskolen.devz.no\/barneskole\/nn\/verkemiddel-i-reklame\/ord-som-verkar\/\" style=\"padding-top:var(--wp--preset--spacing--40);padding-right:var(--wp--preset--spacing--40);padding-bottom:var(--wp--preset--spacing--40);padding-left:var(--wp--preset--spacing--40)\">Vidare til &#8220;Ord som verkar&#8221;<\/a><\/div>\n<\/div>\n<\/div>\n<\/div>\n<\/div>\n\n\n\n<div style=\"height:30px\" aria-hidden=\"true\" class=\"wp-block-spacer\"><\/div>\n","protected":false},"excerpt":{"rendered":"<p>Viktige verkt\u00f8y Har du nokon gong tenkt over kvifor nokre merke er meir popul\u00e6re enn andre? Eller kvifor du \u00f8nsker deg akkurat\u202fden\u202fspesielle genseren?\u202f&nbsp; Det har dei som lagar reklame.&nbsp;&nbsp; Reklamebransjen bruker mange forskjellige verkemiddel for \u00e5 p\u00e5verke deg. Ord som \u00abSal\u00bb og \u00abTilbod\u00bb kan gi inntrykk av at noko er ekstra billig nett no. Musikk [&hellip;]<\/p>\n","protected":false},"author":1,"featured_media":0,"parent":4499,"menu_order":1,"comment_status":"closed","ping_status":"closed","template":"","meta":{"_acf_changed":false,"editor_notices":[],"footnotes":""},"class_list":["post-4350","page","type-page","status-publish","hentry"],"blocksy_meta":[],"acf":[],"yoast_head":"<!-- This site is optimized with the Yoast SEO plugin v25.9 - https:\/\/yoast.com\/wordpress\/plugins\/seo\/ -->\n<title>Viktige verkt\u00f8y - Barneskole - Nynorsk<\/title>\n<meta name=\"robots\" content=\"index, follow, max-snippet:-1, max-image-preview:large, max-video-preview:-1\" \/>\n<link rel=\"canonical\" href=\"https:\/\/reklameskolen.devz.no\/barneskole\/nn\/verkemiddel-i-reklame\/viktige-verktoy\/\" \/>\n<meta property=\"og:locale\" content=\"nn_NO\" \/>\n<meta property=\"og:type\" content=\"article\" \/>\n<meta property=\"og:title\" content=\"Viktige verkt\u00f8y - Barneskole - Nynorsk\" \/>\n<meta property=\"og:description\" content=\"Viktige verkt\u00f8y Har du nokon gong tenkt over kvifor nokre merke er meir popul\u00e6re enn andre? Eller kvifor du \u00f8nsker deg akkurat\u202fden\u202fspesielle genseren?\u202f&nbsp; Det har dei som lagar reklame.&nbsp;&nbsp; Reklamebransjen bruker mange forskjellige verkemiddel for \u00e5 p\u00e5verke deg. Ord som \u00abSal\u00bb og \u00abTilbod\u00bb kan gi inntrykk av at noko er ekstra billig nett no. Musikk [&hellip;]\" \/>\n<meta property=\"og:url\" content=\"https:\/\/reklameskolen.devz.no\/barneskole\/nn\/verkemiddel-i-reklame\/viktige-verktoy\/\" \/>\n<meta property=\"og:site_name\" content=\"Barneskole - Nynorsk\" \/>\n<meta property=\"article:modified_time\" content=\"2024-08-20T10:25:05+00:00\" \/>\n<meta property=\"og:image\" content=\"https:\/\/reklameskolen.devz.no\/wp-content\/uploads\/2023\/06\/Tannkrem.jpg\" \/>\n\t<meta property=\"og:image:width\" content=\"1311\" \/>\n\t<meta property=\"og:image:height\" content=\"328\" \/>\n\t<meta property=\"og:image:type\" content=\"image\/jpeg\" \/>\n<meta name=\"twitter:card\" content=\"summary_large_image\" \/>\n<meta name=\"twitter:label1\" content=\"Est. reading time\" \/>\n\t<meta name=\"twitter:data1\" content=\"1 minute\" \/>\n<script type=\"application\/ld+json\" class=\"yoast-schema-graph\">{\"@context\":\"https:\/\/schema.org\",\"@graph\":[{\"@type\":\"WebPage\",\"@id\":\"https:\/\/reklameskolen.devz.no\/barneskole\/nn\/verkemiddel-i-reklame\/viktige-verktoy\/\",\"url\":\"https:\/\/reklameskolen.devz.no\/barneskole\/nn\/verkemiddel-i-reklame\/viktige-verktoy\/\",\"name\":\"Viktige verkt\u00f8y - Barneskole - Nynorsk\",\"isPartOf\":{\"@id\":\"https:\/\/reklameskolen.devz.no\/barneskole\/nn\/#website\"},\"primaryImageOfPage\":{\"@id\":\"https:\/\/reklameskolen.devz.no\/barneskole\/nn\/verkemiddel-i-reklame\/viktige-verktoy\/#primaryimage\"},\"image\":{\"@id\":\"https:\/\/reklameskolen.devz.no\/barneskole\/nn\/verkemiddel-i-reklame\/viktige-verktoy\/#primaryimage\"},\"thumbnailUrl\":\"https:\/\/reklameskolen.devz.no\/barneskole\/nn\/files\/2023\/06\/Tannkrem-2.jpg\",\"datePublished\":\"2023-04-26T16:08:34+00:00\",\"dateModified\":\"2024-08-20T10:25:05+00:00\",\"breadcrumb\":{\"@id\":\"https:\/\/reklameskolen.devz.no\/barneskole\/nn\/verkemiddel-i-reklame\/viktige-verktoy\/#breadcrumb\"},\"inLanguage\":\"nn-NO\",\"potentialAction\":[{\"@type\":\"ReadAction\",\"target\":[\"https:\/\/reklameskolen.devz.no\/barneskole\/nn\/verkemiddel-i-reklame\/viktige-verktoy\/\"]}]},{\"@type\":\"ImageObject\",\"inLanguage\":\"nn-NO\",\"@id\":\"https:\/\/reklameskolen.devz.no\/barneskole\/nn\/verkemiddel-i-reklame\/viktige-verktoy\/#primaryimage\",\"url\":\"https:\/\/reklameskolen.devz.no\/wp-content\/uploads\/2023\/06\/Tannkrem.jpg\",\"contentUrl\":\"https:\/\/reklameskolen.devz.no\/wp-content\/uploads\/2023\/06\/Tannkrem.jpg\",\"width\":1311,\"height\":328,\"caption\":\"Dame smiler med hvite tenner og reklamerer for tannkrem\"},{\"@type\":\"BreadcrumbList\",\"@id\":\"https:\/\/reklameskolen.devz.no\/barneskole\/nn\/verkemiddel-i-reklame\/viktige-verktoy\/#breadcrumb\",\"itemListElement\":[{\"@type\":\"ListItem\",\"position\":1,\"name\":\"Home\",\"item\":\"https:\/\/reklameskolen.devz.no\/barneskole\/nn\/\"},{\"@type\":\"ListItem\",\"position\":2,\"name\":\"Verkemiddel i reklame\",\"item\":\"https:\/\/reklameskolen.devz.no\/barneskole\/nn\/verkemiddel-i-reklame\/\"},{\"@type\":\"ListItem\",\"position\":3,\"name\":\"Viktige verkt\u00f8y\"}]},{\"@type\":\"WebSite\",\"@id\":\"https:\/\/reklameskolen.devz.no\/barneskole\/nn\/#website\",\"url\":\"https:\/\/reklameskolen.devz.no\/barneskole\/nn\/\",\"name\":\"Barneskole - Nynorsk\",\"description\":\"Oppl\u00e6ringsverkt\u00f8y om reklame\",\"publisher\":{\"@id\":\"https:\/\/reklameskolen.devz.no\/barneskole\/nn\/#organization\"},\"potentialAction\":[{\"@type\":\"SearchAction\",\"target\":{\"@type\":\"EntryPoint\",\"urlTemplate\":\"https:\/\/reklameskolen.devz.no\/barneskole\/nn\/?s={search_term_string}\"},\"query-input\":{\"@type\":\"PropertyValueSpecification\",\"valueRequired\":true,\"valueName\":\"search_term_string\"}}],\"inLanguage\":\"nn-NO\"},{\"@type\":\"Organization\",\"@id\":\"https:\/\/reklameskolen.devz.no\/barneskole\/nn\/#organization\",\"name\":\"Barneskole - Nynorsk\",\"url\":\"https:\/\/reklameskolen.devz.no\/barneskole\/nn\/\",\"logo\":{\"@type\":\"ImageObject\",\"inLanguage\":\"nn-NO\",\"@id\":\"https:\/\/reklameskolen.devz.no\/barneskole\/nn\/#\/schema\/logo\/image\/\",\"url\":\"https:\/\/reklameskolen.devz.no\/wp-content\/uploads\/2023\/08\/Reklameskolen-Logo-01.png\",\"contentUrl\":\"https:\/\/reklameskolen.devz.no\/wp-content\/uploads\/2023\/08\/Reklameskolen-Logo-01.png\",\"caption\":\"Barneskole - Nynorsk\"},\"image\":{\"@id\":\"https:\/\/reklameskolen.devz.no\/barneskole\/nn\/#\/schema\/logo\/image\/\"}}]}<\/script>\n<!-- \/ Yoast SEO plugin. -->","yoast_head_json":{"title":"Viktige verkt\u00f8y - Barneskole - Nynorsk","robots":{"index":"index","follow":"follow","max-snippet":"max-snippet:-1","max-image-preview":"max-image-preview:large","max-video-preview":"max-video-preview:-1"},"canonical":"https:\/\/reklameskolen.devz.no\/barneskole\/nn\/verkemiddel-i-reklame\/viktige-verktoy\/","og_locale":"nn_NO","og_type":"article","og_title":"Viktige verkt\u00f8y - Barneskole - Nynorsk","og_description":"Viktige verkt\u00f8y Har du nokon gong tenkt over kvifor nokre merke er meir popul\u00e6re enn andre? Eller kvifor du \u00f8nsker deg akkurat\u202fden\u202fspesielle genseren?\u202f&nbsp; Det har dei som lagar reklame.&nbsp;&nbsp; Reklamebransjen bruker mange forskjellige verkemiddel for \u00e5 p\u00e5verke deg. Ord som \u00abSal\u00bb og \u00abTilbod\u00bb kan gi inntrykk av at noko er ekstra billig nett no. Musikk [&hellip;]","og_url":"https:\/\/reklameskolen.devz.no\/barneskole\/nn\/verkemiddel-i-reklame\/viktige-verktoy\/","og_site_name":"Barneskole - Nynorsk","article_modified_time":"2024-08-20T10:25:05+00:00","og_image":[{"width":1311,"height":328,"url":"https:\/\/reklameskolen.devz.no\/wp-content\/uploads\/2023\/06\/Tannkrem.jpg","type":"image\/jpeg"}],"twitter_card":"summary_large_image","twitter_misc":{"Est. reading time":"1 minute"},"schema":{"@context":"https:\/\/schema.org","@graph":[{"@type":"WebPage","@id":"https:\/\/reklameskolen.devz.no\/barneskole\/nn\/verkemiddel-i-reklame\/viktige-verktoy\/","url":"https:\/\/reklameskolen.devz.no\/barneskole\/nn\/verkemiddel-i-reklame\/viktige-verktoy\/","name":"Viktige verkt\u00f8y - Barneskole - Nynorsk","isPartOf":{"@id":"https:\/\/reklameskolen.devz.no\/barneskole\/nn\/#website"},"primaryImageOfPage":{"@id":"https:\/\/reklameskolen.devz.no\/barneskole\/nn\/verkemiddel-i-reklame\/viktige-verktoy\/#primaryimage"},"image":{"@id":"https:\/\/reklameskolen.devz.no\/barneskole\/nn\/verkemiddel-i-reklame\/viktige-verktoy\/#primaryimage"},"thumbnailUrl":"https:\/\/reklameskolen.devz.no\/barneskole\/nn\/files\/2023\/06\/Tannkrem-2.jpg","datePublished":"2023-04-26T16:08:34+00:00","dateModified":"2024-08-20T10:25:05+00:00","breadcrumb":{"@id":"https:\/\/reklameskolen.devz.no\/barneskole\/nn\/verkemiddel-i-reklame\/viktige-verktoy\/#breadcrumb"},"inLanguage":"nn-NO","potentialAction":[{"@type":"ReadAction","target":["https:\/\/reklameskolen.devz.no\/barneskole\/nn\/verkemiddel-i-reklame\/viktige-verktoy\/"]}]},{"@type":"ImageObject","inLanguage":"nn-NO","@id":"https:\/\/reklameskolen.devz.no\/barneskole\/nn\/verkemiddel-i-reklame\/viktige-verktoy\/#primaryimage","url":"https:\/\/reklameskolen.devz.no\/wp-content\/uploads\/2023\/06\/Tannkrem.jpg","contentUrl":"https:\/\/reklameskolen.devz.no\/wp-content\/uploads\/2023\/06\/Tannkrem.jpg","width":1311,"height":328,"caption":"Dame smiler med hvite tenner og reklamerer for tannkrem"},{"@type":"BreadcrumbList","@id":"https:\/\/reklameskolen.devz.no\/barneskole\/nn\/verkemiddel-i-reklame\/viktige-verktoy\/#breadcrumb","itemListElement":[{"@type":"ListItem","position":1,"name":"Home","item":"https:\/\/reklameskolen.devz.no\/barneskole\/nn\/"},{"@type":"ListItem","position":2,"name":"Verkemiddel i reklame","item":"https:\/\/reklameskolen.devz.no\/barneskole\/nn\/verkemiddel-i-reklame\/"},{"@type":"ListItem","position":3,"name":"Viktige verkt\u00f8y"}]},{"@type":"WebSite","@id":"https:\/\/reklameskolen.devz.no\/barneskole\/nn\/#website","url":"https:\/\/reklameskolen.devz.no\/barneskole\/nn\/","name":"Barneskole - Nynorsk","description":"Oppl\u00e6ringsverkt\u00f8y om reklame","publisher":{"@id":"https:\/\/reklameskolen.devz.no\/barneskole\/nn\/#organization"},"potentialAction":[{"@type":"SearchAction","target":{"@type":"EntryPoint","urlTemplate":"https:\/\/reklameskolen.devz.no\/barneskole\/nn\/?s={search_term_string}"},"query-input":{"@type":"PropertyValueSpecification","valueRequired":true,"valueName":"search_term_string"}}],"inLanguage":"nn-NO"},{"@type":"Organization","@id":"https:\/\/reklameskolen.devz.no\/barneskole\/nn\/#organization","name":"Barneskole - Nynorsk","url":"https:\/\/reklameskolen.devz.no\/barneskole\/nn\/","logo":{"@type":"ImageObject","inLanguage":"nn-NO","@id":"https:\/\/reklameskolen.devz.no\/barneskole\/nn\/#\/schema\/logo\/image\/","url":"https:\/\/reklameskolen.devz.no\/wp-content\/uploads\/2023\/08\/Reklameskolen-Logo-01.png","contentUrl":"https:\/\/reklameskolen.devz.no\/wp-content\/uploads\/2023\/08\/Reklameskolen-Logo-01.png","caption":"Barneskole - Nynorsk"},"image":{"@id":"https:\/\/reklameskolen.devz.no\/barneskole\/nn\/#\/schema\/logo\/image\/"}}]}},"_links":{"self":[{"href":"https:\/\/reklameskolen.devz.no\/barneskole\/nn\/wp-json\/wp\/v2\/pages\/4350","targetHints":{"allow":["GET"]}}],"collection":[{"href":"https:\/\/reklameskolen.devz.no\/barneskole\/nn\/wp-json\/wp\/v2\/pages"}],"about":[{"href":"https:\/\/reklameskolen.devz.no\/barneskole\/nn\/wp-json\/wp\/v2\/types\/page"}],"author":[{"embeddable":true,"href":"https:\/\/reklameskolen.devz.no\/barneskole\/nn\/wp-json\/wp\/v2\/users\/1"}],"replies":[{"embeddable":true,"href":"https:\/\/reklameskolen.devz.no\/barneskole\/nn\/wp-json\/wp\/v2\/comments?post=4350"}],"version-history":[{"count":13,"href":"https:\/\/reklameskolen.devz.no\/barneskole\/nn\/wp-json\/wp\/v2\/pages\/4350\/revisions"}],"predecessor-version":[{"id":5178,"href":"https:\/\/reklameskolen.devz.no\/barneskole\/nn\/wp-json\/wp\/v2\/pages\/4350\/revisions\/5178"}],"up":[{"embeddable":true,"href":"https:\/\/reklameskolen.devz.no\/barneskole\/nn\/wp-json\/wp\/v2\/pages\/4499"}],"wp:attachment":[{"href":"https:\/\/reklameskolen.devz.no\/barneskole\/nn\/wp-json\/wp\/v2\/media?parent=4350"}],"curies":[{"name":"wp","href":"https:\/\/api.w.org\/{rel}","templated":true}]}}