{"id":4351,"date":"2023-04-26T18:09:06","date_gmt":"2023-04-26T16:09:06","guid":{"rendered":"https:\/\/reklameskolen.devz.no\/barneskole\/?page_id=3487"},"modified":"2023-11-24T13:44:22","modified_gmt":"2023-11-24T12:44:22","slug":"ord-som-verkar","status":"publish","type":"page","link":"https:\/\/reklameskolen.devz.no\/barneskole\/nn\/verkemiddel-i-reklame\/ord-som-verkar\/","title":{"rendered":"Ord som verkar"},"content":{"rendered":"\n<div style=\"height:10px\" aria-hidden=\"true\" class=\"wp-block-spacer\"><\/div>\n\n\n\n<figure class=\"wp-block-image aligncenter size-full\"><img loading=\"lazy\" decoding=\"async\" width=\"1500\" height=\"376\" src=\"https:\/\/reklameskolen.devz.no\/barneskole\/nn\/files\/2023\/06\/clarissa-watson-0aLt3QExk3Y-unsplash164-2.jpg\" alt=\"Fotografi av ein haug med Scrabble-brikker.\" class=\"wp-image-4104\" srcset=\"https:\/\/reklameskolen.devz.no\/barneskole\/nn\/files\/2023\/06\/clarissa-watson-0aLt3QExk3Y-unsplash164-2.jpg 1500w, https:\/\/reklameskolen.devz.no\/barneskole\/nn\/files\/2023\/06\/clarissa-watson-0aLt3QExk3Y-unsplash164-2-300x75.jpg 300w, https:\/\/reklameskolen.devz.no\/barneskole\/nn\/files\/2023\/06\/clarissa-watson-0aLt3QExk3Y-unsplash164-2-1024x257.jpg 1024w, https:\/\/reklameskolen.devz.no\/barneskole\/nn\/files\/2023\/06\/clarissa-watson-0aLt3QExk3Y-unsplash164-2-768x193.jpg 768w, https:\/\/reklameskolen.devz.no\/barneskole\/nn\/files\/2023\/06\/clarissa-watson-0aLt3QExk3Y-unsplash164-2-150x38.jpg 150w\" sizes=\"auto, (max-width: 1500px) 100vw, 1500px\" \/><figcaption class=\"wp-element-caption\">Foto: Clarissa Watson\/Unsplash<\/figcaption><\/figure>\n\n\n\n<h1 class=\"wp-block-heading has-text-align-left\">Ord som verkar<\/h1>\n\n\n\n<p>Spr\u00e5ket er eit av dei viktigaste verkt\u00f8ya vi menneske har. B\u00e5de i reklame og i andre former for kommunikasjon er spr\u00e5ket eit viktig verkemiddel.\u202fDet veit alle som jobbar med reklame. Derfor bruker dei ord og uttrykk som kan p\u00e5verke kva du tenker om eit produkt eller eit firma.&nbsp;<\/p>\n\n\n\n<h2 class=\"wp-block-heading\">Spr\u00e5ket i reklame kan p\u00e5verke deg p\u00e5 mange m\u00e5tar:&nbsp;<\/h2>\n\n\n\n<ul class=\"wp-block-list\">\n<li><strong>Humor:<\/strong>\u202fHumor f\u00e5r deg til \u00e5 le og f\u00f8le deg glad. Derfor kan humor gjere deg meir positiv til reklamen.\u202f&nbsp;<\/li>\n\n\n\n<li><strong>Gjentaking:<\/strong>\u202fN\u00e5r den same bodskapen blir sagt eller vist mange gongar, festar den seg i hovudet ditt.\u202f&nbsp;<\/li>\n\n\n\n<li><strong>Positive ord:<\/strong>\u202fI reklame blir det ofte brukt positive ord for \u00e5 gi eit godt inntrykk av eit produkt eller eit firma&nbsp;<\/li>\n\n\n\n<li><strong>Skrifttype og st\u00f8rrelse:<\/strong>\u202fHjernen vel automatisk bort tekst det er vanskeleg \u00e5 lese. Derfor er hovudbodskapen i reklamen ofte skrive med store, tydelege bokstavar.&nbsp;&nbsp;<\/li>\n<\/ul>\n\n\n\n<div style=\"height:30px\" aria-hidden=\"true\" class=\"wp-block-spacer\"><\/div>\n\n\n\n<div class=\"wp-block-group alignfull is-layout-flow wp-block-group-is-layout-flow\">\n<div class=\"wp-block-columns is-layout-flex wp-container-core-columns-is-layout-28f84493 wp-block-columns-is-layout-flex\">\n<div class=\"wp-block-column is-layout-flow wp-block-column-is-layout-flow\">\n<div class=\"wp-block-buttons is-content-justification-right is-layout-flex wp-container-core-buttons-is-layout-d445cf74 wp-block-buttons-is-layout-flex\">\n<div class=\"wp-block-button\"><a class=\"wp-block-button__link has-palette-color-8-color has-palette-color-3-background-color has-text-color has-background wp-element-button\" href=\"https:\/\/reklameskolen.devz.no\/barneskole\/nn\/verkemiddel-i-reklame\/viktige-verktoy\/\" style=\"padding-top:var(--wp--preset--spacing--40);padding-right:var(--wp--preset--spacing--40);padding-bottom:var(--wp--preset--spacing--40);padding-left:var(--wp--preset--spacing--40)\">Tilbake til &#8220;Viktige verkt\u00f8y&#8221;<\/a><\/div>\n<\/div>\n<\/div>\n\n\n\n<div class=\"wp-block-column is-layout-flow wp-block-column-is-layout-flow\">\n<div class=\"wp-block-buttons is-horizontal is-content-justification-left is-layout-flex wp-container-core-buttons-is-layout-20be11b6 wp-block-buttons-is-layout-flex\">\n<div class=\"wp-block-button\"><a class=\"wp-block-button__link has-palette-color-8-color has-palette-color-3-background-color has-text-color has-background wp-element-button\" href=\"https:\/\/reklameskolen.devz.no\/barneskole\/nn\/verkemiddel-i-reklame\/fargar-som-fortel\/\" style=\"padding-top:var(--wp--preset--spacing--40);padding-right:var(--wp--preset--spacing--40);padding-bottom:var(--wp--preset--spacing--40);padding-left:var(--wp--preset--spacing--40)\">Vidare til &#8220;Fargar som fortel&#8221;<\/a><\/div>\n<\/div>\n<\/div>\n<\/div>\n<\/div>\n\n\n\n<div style=\"height:30px\" aria-hidden=\"true\" class=\"wp-block-spacer\"><\/div>\n","protected":false},"excerpt":{"rendered":"<p>Ord som verkar Spr\u00e5ket er eit av dei viktigaste verkt\u00f8ya vi menneske har. B\u00e5de i reklame og i andre former for kommunikasjon er spr\u00e5ket eit viktig verkemiddel.\u202fDet veit alle som jobbar med reklame. Derfor bruker dei ord og uttrykk som kan p\u00e5verke kva du tenker om eit produkt eller eit firma.&nbsp; Spr\u00e5ket i reklame kan [&hellip;]<\/p>\n","protected":false},"author":1,"featured_media":0,"parent":4499,"menu_order":2,"comment_status":"closed","ping_status":"closed","template":"","meta":{"_acf_changed":false,"editor_notices":[],"footnotes":""},"class_list":["post-4351","page","type-page","status-publish","hentry"],"blocksy_meta":[],"acf":[],"yoast_head":"<!-- This site is optimized with the Yoast SEO plugin v25.9 - https:\/\/yoast.com\/wordpress\/plugins\/seo\/ -->\n<title>Ord som verkar - Barneskole - Nynorsk<\/title>\n<meta name=\"robots\" content=\"index, follow, max-snippet:-1, max-image-preview:large, max-video-preview:-1\" \/>\n<link rel=\"canonical\" href=\"https:\/\/reklameskolen.devz.no\/barneskole\/nn\/verkemiddel-i-reklame\/ord-som-verkar\/\" \/>\n<meta property=\"og:locale\" content=\"nn_NO\" \/>\n<meta property=\"og:type\" content=\"article\" \/>\n<meta property=\"og:title\" content=\"Ord som verkar - Barneskole - Nynorsk\" \/>\n<meta property=\"og:description\" content=\"Ord som verkar Spr\u00e5ket er eit av dei viktigaste verkt\u00f8ya vi menneske har. B\u00e5de i reklame og i andre former for kommunikasjon er spr\u00e5ket eit viktig verkemiddel.\u202fDet veit alle som jobbar med reklame. Derfor bruker dei ord og uttrykk som kan p\u00e5verke kva du tenker om eit produkt eller eit firma.&nbsp; Spr\u00e5ket i reklame kan [&hellip;]\" \/>\n<meta property=\"og:url\" content=\"https:\/\/reklameskolen.devz.no\/barneskole\/nn\/verkemiddel-i-reklame\/ord-som-verkar\/\" \/>\n<meta property=\"og:site_name\" content=\"Barneskole - Nynorsk\" \/>\n<meta property=\"article:modified_time\" content=\"2023-11-24T12:44:22+00:00\" \/>\n<meta property=\"og:image\" content=\"https:\/\/reklameskolen.devz.no\/wp-content\/uploads\/2023\/06\/clarissa-watson-0aLt3QExk3Y-unsplash164.jpg\" \/>\n\t<meta property=\"og:image:width\" content=\"1500\" \/>\n\t<meta property=\"og:image:height\" content=\"376\" \/>\n\t<meta property=\"og:image:type\" content=\"image\/jpeg\" \/>\n<meta name=\"twitter:card\" content=\"summary_large_image\" \/>\n<meta name=\"twitter:label1\" content=\"Est. reading time\" \/>\n\t<meta name=\"twitter:data1\" content=\"1 minute\" \/>\n<script type=\"application\/ld+json\" class=\"yoast-schema-graph\">{\"@context\":\"https:\/\/schema.org\",\"@graph\":[{\"@type\":\"WebPage\",\"@id\":\"https:\/\/reklameskolen.devz.no\/barneskole\/nn\/verkemiddel-i-reklame\/ord-som-verkar\/\",\"url\":\"https:\/\/reklameskolen.devz.no\/barneskole\/nn\/verkemiddel-i-reklame\/ord-som-verkar\/\",\"name\":\"Ord som verkar - Barneskole - Nynorsk\",\"isPartOf\":{\"@id\":\"https:\/\/reklameskolen.devz.no\/barneskole\/nn\/#website\"},\"primaryImageOfPage\":{\"@id\":\"https:\/\/reklameskolen.devz.no\/barneskole\/nn\/verkemiddel-i-reklame\/ord-som-verkar\/#primaryimage\"},\"image\":{\"@id\":\"https:\/\/reklameskolen.devz.no\/barneskole\/nn\/verkemiddel-i-reklame\/ord-som-verkar\/#primaryimage\"},\"thumbnailUrl\":\"https:\/\/reklameskolen.devz.no\/barneskole\/nn\/files\/2023\/06\/clarissa-watson-0aLt3QExk3Y-unsplash164-2.jpg\",\"datePublished\":\"2023-04-26T16:09:06+00:00\",\"dateModified\":\"2023-11-24T12:44:22+00:00\",\"breadcrumb\":{\"@id\":\"https:\/\/reklameskolen.devz.no\/barneskole\/nn\/verkemiddel-i-reklame\/ord-som-verkar\/#breadcrumb\"},\"inLanguage\":\"nn-NO\",\"potentialAction\":[{\"@type\":\"ReadAction\",\"target\":[\"https:\/\/reklameskolen.devz.no\/barneskole\/nn\/verkemiddel-i-reklame\/ord-som-verkar\/\"]}]},{\"@type\":\"ImageObject\",\"inLanguage\":\"nn-NO\",\"@id\":\"https:\/\/reklameskolen.devz.no\/barneskole\/nn\/verkemiddel-i-reklame\/ord-som-verkar\/#primaryimage\",\"url\":\"https:\/\/reklameskolen.devz.no\/wp-content\/uploads\/2023\/06\/clarissa-watson-0aLt3QExk3Y-unsplash164.jpg\",\"contentUrl\":\"https:\/\/reklameskolen.devz.no\/wp-content\/uploads\/2023\/06\/clarissa-watson-0aLt3QExk3Y-unsplash164.jpg\",\"width\":1500,\"height\":376},{\"@type\":\"BreadcrumbList\",\"@id\":\"https:\/\/reklameskolen.devz.no\/barneskole\/nn\/verkemiddel-i-reklame\/ord-som-verkar\/#breadcrumb\",\"itemListElement\":[{\"@type\":\"ListItem\",\"position\":1,\"name\":\"Home\",\"item\":\"https:\/\/reklameskolen.devz.no\/barneskole\/nn\/\"},{\"@type\":\"ListItem\",\"position\":2,\"name\":\"Verkemiddel i reklame\",\"item\":\"https:\/\/reklameskolen.devz.no\/barneskole\/nn\/verkemiddel-i-reklame\/\"},{\"@type\":\"ListItem\",\"position\":3,\"name\":\"Ord som verkar\"}]},{\"@type\":\"WebSite\",\"@id\":\"https:\/\/reklameskolen.devz.no\/barneskole\/nn\/#website\",\"url\":\"https:\/\/reklameskolen.devz.no\/barneskole\/nn\/\",\"name\":\"Barneskole - Nynorsk\",\"description\":\"Oppl\u00e6ringsverkt\u00f8y om reklame\",\"publisher\":{\"@id\":\"https:\/\/reklameskolen.devz.no\/barneskole\/nn\/#organization\"},\"potentialAction\":[{\"@type\":\"SearchAction\",\"target\":{\"@type\":\"EntryPoint\",\"urlTemplate\":\"https:\/\/reklameskolen.devz.no\/barneskole\/nn\/?s={search_term_string}\"},\"query-input\":{\"@type\":\"PropertyValueSpecification\",\"valueRequired\":true,\"valueName\":\"search_term_string\"}}],\"inLanguage\":\"nn-NO\"},{\"@type\":\"Organization\",\"@id\":\"https:\/\/reklameskolen.devz.no\/barneskole\/nn\/#organization\",\"name\":\"Barneskole - Nynorsk\",\"url\":\"https:\/\/reklameskolen.devz.no\/barneskole\/nn\/\",\"logo\":{\"@type\":\"ImageObject\",\"inLanguage\":\"nn-NO\",\"@id\":\"https:\/\/reklameskolen.devz.no\/barneskole\/nn\/#\/schema\/logo\/image\/\",\"url\":\"https:\/\/reklameskolen.devz.no\/wp-content\/uploads\/2023\/08\/Reklameskolen-Logo-01.png\",\"contentUrl\":\"https:\/\/reklameskolen.devz.no\/wp-content\/uploads\/2023\/08\/Reklameskolen-Logo-01.png\",\"caption\":\"Barneskole - Nynorsk\"},\"image\":{\"@id\":\"https:\/\/reklameskolen.devz.no\/barneskole\/nn\/#\/schema\/logo\/image\/\"}}]}<\/script>\n<!-- \/ Yoast SEO plugin. -->","yoast_head_json":{"title":"Ord som verkar - Barneskole - Nynorsk","robots":{"index":"index","follow":"follow","max-snippet":"max-snippet:-1","max-image-preview":"max-image-preview:large","max-video-preview":"max-video-preview:-1"},"canonical":"https:\/\/reklameskolen.devz.no\/barneskole\/nn\/verkemiddel-i-reklame\/ord-som-verkar\/","og_locale":"nn_NO","og_type":"article","og_title":"Ord som verkar - Barneskole - Nynorsk","og_description":"Ord som verkar Spr\u00e5ket er eit av dei viktigaste verkt\u00f8ya vi menneske har. B\u00e5de i reklame og i andre former for kommunikasjon er spr\u00e5ket eit viktig verkemiddel.\u202fDet veit alle som jobbar med reklame. Derfor bruker dei ord og uttrykk som kan p\u00e5verke kva du tenker om eit produkt eller eit firma.&nbsp; Spr\u00e5ket i reklame kan [&hellip;]","og_url":"https:\/\/reklameskolen.devz.no\/barneskole\/nn\/verkemiddel-i-reklame\/ord-som-verkar\/","og_site_name":"Barneskole - Nynorsk","article_modified_time":"2023-11-24T12:44:22+00:00","og_image":[{"width":1500,"height":376,"url":"https:\/\/reklameskolen.devz.no\/wp-content\/uploads\/2023\/06\/clarissa-watson-0aLt3QExk3Y-unsplash164.jpg","type":"image\/jpeg"}],"twitter_card":"summary_large_image","twitter_misc":{"Est. reading time":"1 minute"},"schema":{"@context":"https:\/\/schema.org","@graph":[{"@type":"WebPage","@id":"https:\/\/reklameskolen.devz.no\/barneskole\/nn\/verkemiddel-i-reklame\/ord-som-verkar\/","url":"https:\/\/reklameskolen.devz.no\/barneskole\/nn\/verkemiddel-i-reklame\/ord-som-verkar\/","name":"Ord som verkar - Barneskole - Nynorsk","isPartOf":{"@id":"https:\/\/reklameskolen.devz.no\/barneskole\/nn\/#website"},"primaryImageOfPage":{"@id":"https:\/\/reklameskolen.devz.no\/barneskole\/nn\/verkemiddel-i-reklame\/ord-som-verkar\/#primaryimage"},"image":{"@id":"https:\/\/reklameskolen.devz.no\/barneskole\/nn\/verkemiddel-i-reklame\/ord-som-verkar\/#primaryimage"},"thumbnailUrl":"https:\/\/reklameskolen.devz.no\/barneskole\/nn\/files\/2023\/06\/clarissa-watson-0aLt3QExk3Y-unsplash164-2.jpg","datePublished":"2023-04-26T16:09:06+00:00","dateModified":"2023-11-24T12:44:22+00:00","breadcrumb":{"@id":"https:\/\/reklameskolen.devz.no\/barneskole\/nn\/verkemiddel-i-reklame\/ord-som-verkar\/#breadcrumb"},"inLanguage":"nn-NO","potentialAction":[{"@type":"ReadAction","target":["https:\/\/reklameskolen.devz.no\/barneskole\/nn\/verkemiddel-i-reklame\/ord-som-verkar\/"]}]},{"@type":"ImageObject","inLanguage":"nn-NO","@id":"https:\/\/reklameskolen.devz.no\/barneskole\/nn\/verkemiddel-i-reklame\/ord-som-verkar\/#primaryimage","url":"https:\/\/reklameskolen.devz.no\/wp-content\/uploads\/2023\/06\/clarissa-watson-0aLt3QExk3Y-unsplash164.jpg","contentUrl":"https:\/\/reklameskolen.devz.no\/wp-content\/uploads\/2023\/06\/clarissa-watson-0aLt3QExk3Y-unsplash164.jpg","width":1500,"height":376},{"@type":"BreadcrumbList","@id":"https:\/\/reklameskolen.devz.no\/barneskole\/nn\/verkemiddel-i-reklame\/ord-som-verkar\/#breadcrumb","itemListElement":[{"@type":"ListItem","position":1,"name":"Home","item":"https:\/\/reklameskolen.devz.no\/barneskole\/nn\/"},{"@type":"ListItem","position":2,"name":"Verkemiddel i reklame","item":"https:\/\/reklameskolen.devz.no\/barneskole\/nn\/verkemiddel-i-reklame\/"},{"@type":"ListItem","position":3,"name":"Ord som verkar"}]},{"@type":"WebSite","@id":"https:\/\/reklameskolen.devz.no\/barneskole\/nn\/#website","url":"https:\/\/reklameskolen.devz.no\/barneskole\/nn\/","name":"Barneskole - Nynorsk","description":"Oppl\u00e6ringsverkt\u00f8y om reklame","publisher":{"@id":"https:\/\/reklameskolen.devz.no\/barneskole\/nn\/#organization"},"potentialAction":[{"@type":"SearchAction","target":{"@type":"EntryPoint","urlTemplate":"https:\/\/reklameskolen.devz.no\/barneskole\/nn\/?s={search_term_string}"},"query-input":{"@type":"PropertyValueSpecification","valueRequired":true,"valueName":"search_term_string"}}],"inLanguage":"nn-NO"},{"@type":"Organization","@id":"https:\/\/reklameskolen.devz.no\/barneskole\/nn\/#organization","name":"Barneskole - Nynorsk","url":"https:\/\/reklameskolen.devz.no\/barneskole\/nn\/","logo":{"@type":"ImageObject","inLanguage":"nn-NO","@id":"https:\/\/reklameskolen.devz.no\/barneskole\/nn\/#\/schema\/logo\/image\/","url":"https:\/\/reklameskolen.devz.no\/wp-content\/uploads\/2023\/08\/Reklameskolen-Logo-01.png","contentUrl":"https:\/\/reklameskolen.devz.no\/wp-content\/uploads\/2023\/08\/Reklameskolen-Logo-01.png","caption":"Barneskole - Nynorsk"},"image":{"@id":"https:\/\/reklameskolen.devz.no\/barneskole\/nn\/#\/schema\/logo\/image\/"}}]}},"_links":{"self":[{"href":"https:\/\/reklameskolen.devz.no\/barneskole\/nn\/wp-json\/wp\/v2\/pages\/4351","targetHints":{"allow":["GET"]}}],"collection":[{"href":"https:\/\/reklameskolen.devz.no\/barneskole\/nn\/wp-json\/wp\/v2\/pages"}],"about":[{"href":"https:\/\/reklameskolen.devz.no\/barneskole\/nn\/wp-json\/wp\/v2\/types\/page"}],"author":[{"embeddable":true,"href":"https:\/\/reklameskolen.devz.no\/barneskole\/nn\/wp-json\/wp\/v2\/users\/1"}],"replies":[{"embeddable":true,"href":"https:\/\/reklameskolen.devz.no\/barneskole\/nn\/wp-json\/wp\/v2\/comments?post=4351"}],"version-history":[{"count":9,"href":"https:\/\/reklameskolen.devz.no\/barneskole\/nn\/wp-json\/wp\/v2\/pages\/4351\/revisions"}],"predecessor-version":[{"id":5055,"href":"https:\/\/reklameskolen.devz.no\/barneskole\/nn\/wp-json\/wp\/v2\/pages\/4351\/revisions\/5055"}],"up":[{"embeddable":true,"href":"https:\/\/reklameskolen.devz.no\/barneskole\/nn\/wp-json\/wp\/v2\/pages\/4499"}],"wp:attachment":[{"href":"https:\/\/reklameskolen.devz.no\/barneskole\/nn\/wp-json\/wp\/v2\/media?parent=4351"}],"curies":[{"name":"wp","href":"https:\/\/api.w.org\/{rel}","templated":true}]}}