{"id":4356,"date":"2023-04-26T18:19:34","date_gmt":"2023-04-26T16:19:34","guid":{"rendered":"https:\/\/reklameskolen.devz.no\/barneskole\/?page_id=3509"},"modified":"2023-11-24T13:47:26","modified_gmt":"2023-11-24T12:47:26","slug":"algoritmene-ser-deg","status":"publish","type":"page","link":"https:\/\/reklameskolen.devz.no\/barneskole\/nn\/den-digitale-halen\/algoritmene-ser-deg\/","title":{"rendered":"Algoritmene ser deg"},"content":{"rendered":"\n<div style=\"height:10px\" aria-hidden=\"true\" class=\"wp-block-spacer\"><\/div>\n\n\n\n<figure class=\"wp-block-image aligncenter size-full\"><img loading=\"lazy\" decoding=\"async\" width=\"1500\" height=\"375\" src=\"https:\/\/reklameskolen.devz.no\/barneskole\/nn\/files\/2023\/06\/iStock-1315599813-2.jpg\" alt=\"Abstrakt illustrasjon av dataalgoritmer\" class=\"wp-image-4252\" srcset=\"https:\/\/reklameskolen.devz.no\/barneskole\/nn\/files\/2023\/06\/iStock-1315599813-2.jpg 1500w, https:\/\/reklameskolen.devz.no\/barneskole\/nn\/files\/2023\/06\/iStock-1315599813-2-300x75.jpg 300w, https:\/\/reklameskolen.devz.no\/barneskole\/nn\/files\/2023\/06\/iStock-1315599813-2-1024x256.jpg 1024w, https:\/\/reklameskolen.devz.no\/barneskole\/nn\/files\/2023\/06\/iStock-1315599813-2-768x192.jpg 768w, https:\/\/reklameskolen.devz.no\/barneskole\/nn\/files\/2023\/06\/iStock-1315599813-2-150x38.jpg 150w\" sizes=\"auto, (max-width: 1500px) 100vw, 1500px\" \/><figcaption class=\"wp-element-caption\">Foto: metamorworks\/iStock<\/figcaption><\/figure>\n\n\n\n<div style=\"height:20px\" aria-hidden=\"true\" class=\"wp-block-spacer\"><\/div>\n\n\n\n<div class=\"wp-block-columns is-layout-flex wp-container-core-columns-is-layout-28f84493 wp-block-columns-is-layout-flex\">\n<div class=\"wp-block-column is-layout-flow wp-block-column-is-layout-flow\" style=\"flex-basis:67%\">\n<h1 class=\"wp-block-heading\">Algoritmane ser deg<\/h1>\n\n\n\n<p>Dei fleste sosiale medium er styrte av algoritmar. Desse sm\u00e5 dataprogramma styrer kva innlegg, stories og videoar du f\u00e5r sj\u00e5. Dei pr\u00f8ver heile tida \u00e5 vise deg meir av det du liker. M\u00e5let er \u00e5 f\u00e5 deg til \u00e5 fortsette \u00e5 skrolle.&nbsp;&nbsp;<\/p>\n\n\n\n<p>For \u00e5 klare det, treng algoritmane informasjon om deg. Derfor samlar b\u00e5de sosiale medium og andre nettsider og appar inn informasjon om korleis du bruker dei. Dei lagrar blant anna kva lenker du klikkar p\u00e5, og kor lenge du ser p\u00e5 kvart innlegg. Dei unders\u00f8ker \u00f2g kva du legg ut sj\u00f8lv. B\u00e5de tekst, bilde og videoar.&nbsp;&nbsp;<\/p>\n\n\n\n<p>Sosiale medium, spel og andre nettsider bruker denne informasjonen til \u00e5 vise deg reklame for ting algoritmane trur du vil like. D\u00e5 er det st\u00f8rre sjanse for at du f\u00e5r lyst til \u00e5 kj\u00f8pe tinga. Mange firma betaler for at akkurat du skal sj\u00e5 reklamen deira.&nbsp;<\/p>\n<\/div>\n\n\n\n<div class=\"wp-block-column is-layout-flow wp-block-column-is-layout-flow\" style=\"flex-basis:33.33%\">\n<div class=\"wp-block-group is-style-fact-box is-layout-flow wp-block-group-is-layout-flow\">\n<h2 class=\"wp-block-heading has-palette-color-8-color has-text-color\">Definisjon<\/h2>\n\n\n\n<p><strong>Algoritme:<\/strong> Ei oppskrift som forklarer korleis noko skal gjerast. I sosiale medium er algoritmane sm\u00e5 dataprogram. Dei bestemmer blant anna kva innlegg du f\u00e5r sj\u00e5.<\/p>\n<\/div>\n\n\n\n<div style=\"height:50px\" aria-hidden=\"true\" class=\"wp-block-spacer\"><\/div>\n\n\n\n<div class=\"wp-block-group is-style-fact-box is-layout-flow wp-block-group-is-layout-flow\">\n<h2 class=\"wp-block-heading has-palette-color-8-color has-text-color\">Dette kan du gjere:<\/h2>\n\n\n\n<ol class=\"wp-block-list\">\n<li>Tenk over kva du deler p\u00e5 sosiale medium. V\u00ear spesielt forsiktig med kva du deler om andre.<\/li>\n\n\n\n<li>Sjekk personverninnstillingane p\u00e5 telefonen og appane du bruker.<\/li>\n\n\n\n<li>Slett appar og kontoar du ikkje bruker.<\/li>\n<\/ol>\n<\/div>\n\n\n\n<div style=\"height:50px\" aria-hidden=\"true\" class=\"wp-block-spacer\"><\/div>\n<\/div>\n<\/div>\n\n\n\n<div class=\"wp-block-group alignfull is-layout-flow wp-block-group-is-layout-flow\">\n<div class=\"wp-block-columns is-layout-flex wp-container-core-columns-is-layout-28f84493 wp-block-columns-is-layout-flex\">\n<div class=\"wp-block-column is-layout-flow wp-block-column-is-layout-flow\">\n<div class=\"wp-block-buttons is-content-justification-right is-layout-flex wp-container-core-buttons-is-layout-d445cf74 wp-block-buttons-is-layout-flex\">\n<div class=\"wp-block-button\"><a class=\"wp-block-button__link has-palette-color-8-color has-palette-color-3-background-color has-text-color has-background wp-element-button\" href=\"https:\/\/reklameskolen.devz.no\/barneskole\/nn\/den-digitale-halen\/\" style=\"padding-top:var(--wp--preset--spacing--40);padding-right:var(--wp--preset--spacing--40);padding-bottom:var(--wp--preset--spacing--40);padding-left:var(--wp--preset--spacing--40)\">Tilbake til &#8220;Den digitale halen&#8221;<\/a><\/div>\n<\/div>\n<\/div>\n\n\n\n<div class=\"wp-block-column is-layout-flow wp-block-column-is-layout-flow\">\n<div class=\"wp-block-buttons is-horizontal is-content-justification-left is-layout-flex wp-container-core-buttons-is-layout-20be11b6 wp-block-buttons-is-layout-flex\">\n<div class=\"wp-block-button\"><a class=\"wp-block-button__link has-palette-color-8-color has-palette-color-3-background-color has-text-color has-background wp-element-button\" href=\"https:\/\/reklameskolen.devz.no\/barneskole\/nn\/reglar-for-reklame\/\" style=\"padding-top:var(--wp--preset--spacing--40);padding-right:var(--wp--preset--spacing--40);padding-bottom:var(--wp--preset--spacing--40);padding-left:var(--wp--preset--spacing--40)\">Vidare til &#8220;Reglar for reklame&#8221;<\/a><\/div>\n<\/div>\n<\/div>\n<\/div>\n<\/div>\n\n\n\n<div style=\"height:30px\" aria-hidden=\"true\" class=\"wp-block-spacer\"><\/div>\n","protected":false},"excerpt":{"rendered":"<p>Algoritmane ser deg Dei fleste sosiale medium er styrte av algoritmar. Desse sm\u00e5 dataprogramma styrer kva innlegg, stories og videoar du f\u00e5r sj\u00e5. Dei pr\u00f8ver heile tida \u00e5 vise deg meir av det du liker. M\u00e5let er \u00e5 f\u00e5 deg til \u00e5 fortsette \u00e5 skrolle.&nbsp;&nbsp; For \u00e5 klare det, treng algoritmane informasjon om deg. Derfor [&hellip;]<\/p>\n","protected":false},"author":1,"featured_media":0,"parent":4355,"menu_order":1,"comment_status":"closed","ping_status":"closed","template":"","meta":{"_acf_changed":false,"editor_notices":[],"footnotes":""},"class_list":["post-4356","page","type-page","status-publish","hentry"],"blocksy_meta":[],"acf":[],"yoast_head":"<!-- This site is optimized with the Yoast SEO plugin v25.9 - https:\/\/yoast.com\/wordpress\/plugins\/seo\/ -->\n<title>Algoritmene ser deg - Barneskole - Nynorsk<\/title>\n<meta name=\"robots\" content=\"index, follow, max-snippet:-1, max-image-preview:large, max-video-preview:-1\" \/>\n<link rel=\"canonical\" href=\"https:\/\/reklameskolen.devz.no\/barneskole\/nn\/den-digitale-halen\/algoritmene-ser-deg\/\" \/>\n<meta property=\"og:locale\" content=\"nn_NO\" \/>\n<meta property=\"og:type\" content=\"article\" \/>\n<meta property=\"og:title\" content=\"Algoritmene ser deg - Barneskole - Nynorsk\" \/>\n<meta property=\"og:description\" content=\"Algoritmane ser deg Dei fleste sosiale medium er styrte av algoritmar. Desse sm\u00e5 dataprogramma styrer kva innlegg, stories og videoar du f\u00e5r sj\u00e5. Dei pr\u00f8ver heile tida \u00e5 vise deg meir av det du liker. M\u00e5let er \u00e5 f\u00e5 deg til \u00e5 fortsette \u00e5 skrolle.&nbsp;&nbsp; For \u00e5 klare det, treng algoritmane informasjon om deg. Derfor [&hellip;]\" \/>\n<meta property=\"og:url\" content=\"https:\/\/reklameskolen.devz.no\/barneskole\/nn\/den-digitale-halen\/algoritmene-ser-deg\/\" \/>\n<meta property=\"og:site_name\" content=\"Barneskole - Nynorsk\" \/>\n<meta property=\"article:modified_time\" content=\"2023-11-24T12:47:26+00:00\" \/>\n<meta property=\"og:image\" content=\"https:\/\/reklameskolen.devz.no\/wp-content\/uploads\/2023\/06\/iStock-1315599813.jpg\" \/>\n\t<meta property=\"og:image:width\" content=\"1500\" \/>\n\t<meta property=\"og:image:height\" content=\"375\" \/>\n\t<meta property=\"og:image:type\" content=\"image\/jpeg\" \/>\n<meta name=\"twitter:card\" content=\"summary_large_image\" \/>\n<meta name=\"twitter:label1\" content=\"Est. reading time\" \/>\n\t<meta name=\"twitter:data1\" content=\"1 minute\" \/>\n<script type=\"application\/ld+json\" class=\"yoast-schema-graph\">{\"@context\":\"https:\/\/schema.org\",\"@graph\":[{\"@type\":\"WebPage\",\"@id\":\"https:\/\/reklameskolen.devz.no\/barneskole\/nn\/den-digitale-halen\/algoritmene-ser-deg\/\",\"url\":\"https:\/\/reklameskolen.devz.no\/barneskole\/nn\/den-digitale-halen\/algoritmene-ser-deg\/\",\"name\":\"Algoritmene ser deg - Barneskole - Nynorsk\",\"isPartOf\":{\"@id\":\"https:\/\/reklameskolen.devz.no\/barneskole\/nn\/#website\"},\"primaryImageOfPage\":{\"@id\":\"https:\/\/reklameskolen.devz.no\/barneskole\/nn\/den-digitale-halen\/algoritmene-ser-deg\/#primaryimage\"},\"image\":{\"@id\":\"https:\/\/reklameskolen.devz.no\/barneskole\/nn\/den-digitale-halen\/algoritmene-ser-deg\/#primaryimage\"},\"thumbnailUrl\":\"https:\/\/reklameskolen.devz.no\/barneskole\/nn\/files\/2023\/06\/iStock-1315599813-2.jpg\",\"datePublished\":\"2023-04-26T16:19:34+00:00\",\"dateModified\":\"2023-11-24T12:47:26+00:00\",\"breadcrumb\":{\"@id\":\"https:\/\/reklameskolen.devz.no\/barneskole\/nn\/den-digitale-halen\/algoritmene-ser-deg\/#breadcrumb\"},\"inLanguage\":\"nn-NO\",\"potentialAction\":[{\"@type\":\"ReadAction\",\"target\":[\"https:\/\/reklameskolen.devz.no\/barneskole\/nn\/den-digitale-halen\/algoritmene-ser-deg\/\"]}]},{\"@type\":\"ImageObject\",\"inLanguage\":\"nn-NO\",\"@id\":\"https:\/\/reklameskolen.devz.no\/barneskole\/nn\/den-digitale-halen\/algoritmene-ser-deg\/#primaryimage\",\"url\":\"https:\/\/reklameskolen.devz.no\/wp-content\/uploads\/2023\/06\/iStock-1315599813.jpg\",\"contentUrl\":\"https:\/\/reklameskolen.devz.no\/wp-content\/uploads\/2023\/06\/iStock-1315599813.jpg\",\"width\":1500,\"height\":375,\"caption\":\"People communication network concept. Social media.\"},{\"@type\":\"BreadcrumbList\",\"@id\":\"https:\/\/reklameskolen.devz.no\/barneskole\/nn\/den-digitale-halen\/algoritmene-ser-deg\/#breadcrumb\",\"itemListElement\":[{\"@type\":\"ListItem\",\"position\":1,\"name\":\"Home\",\"item\":\"https:\/\/reklameskolen.devz.no\/barneskole\/nn\/\"},{\"@type\":\"ListItem\",\"position\":2,\"name\":\"Den digitale halen\",\"item\":\"https:\/\/reklameskolen.devz.no\/barneskole\/nn\/den-digitale-halen\/\"},{\"@type\":\"ListItem\",\"position\":3,\"name\":\"Algoritmene ser deg\"}]},{\"@type\":\"WebSite\",\"@id\":\"https:\/\/reklameskolen.devz.no\/barneskole\/nn\/#website\",\"url\":\"https:\/\/reklameskolen.devz.no\/barneskole\/nn\/\",\"name\":\"Barneskole - Nynorsk\",\"description\":\"Oppl\u00e6ringsverkt\u00f8y om reklame\",\"publisher\":{\"@id\":\"https:\/\/reklameskolen.devz.no\/barneskole\/nn\/#organization\"},\"potentialAction\":[{\"@type\":\"SearchAction\",\"target\":{\"@type\":\"EntryPoint\",\"urlTemplate\":\"https:\/\/reklameskolen.devz.no\/barneskole\/nn\/?s={search_term_string}\"},\"query-input\":{\"@type\":\"PropertyValueSpecification\",\"valueRequired\":true,\"valueName\":\"search_term_string\"}}],\"inLanguage\":\"nn-NO\"},{\"@type\":\"Organization\",\"@id\":\"https:\/\/reklameskolen.devz.no\/barneskole\/nn\/#organization\",\"name\":\"Barneskole - Nynorsk\",\"url\":\"https:\/\/reklameskolen.devz.no\/barneskole\/nn\/\",\"logo\":{\"@type\":\"ImageObject\",\"inLanguage\":\"nn-NO\",\"@id\":\"https:\/\/reklameskolen.devz.no\/barneskole\/nn\/#\/schema\/logo\/image\/\",\"url\":\"https:\/\/reklameskolen.devz.no\/wp-content\/uploads\/2023\/08\/Reklameskolen-Logo-01.png\",\"contentUrl\":\"https:\/\/reklameskolen.devz.no\/wp-content\/uploads\/2023\/08\/Reklameskolen-Logo-01.png\",\"caption\":\"Barneskole - Nynorsk\"},\"image\":{\"@id\":\"https:\/\/reklameskolen.devz.no\/barneskole\/nn\/#\/schema\/logo\/image\/\"}}]}<\/script>\n<!-- \/ Yoast SEO plugin. -->","yoast_head_json":{"title":"Algoritmene ser deg - Barneskole - Nynorsk","robots":{"index":"index","follow":"follow","max-snippet":"max-snippet:-1","max-image-preview":"max-image-preview:large","max-video-preview":"max-video-preview:-1"},"canonical":"https:\/\/reklameskolen.devz.no\/barneskole\/nn\/den-digitale-halen\/algoritmene-ser-deg\/","og_locale":"nn_NO","og_type":"article","og_title":"Algoritmene ser deg - Barneskole - Nynorsk","og_description":"Algoritmane ser deg Dei fleste sosiale medium er styrte av algoritmar. Desse sm\u00e5 dataprogramma styrer kva innlegg, stories og videoar du f\u00e5r sj\u00e5. Dei pr\u00f8ver heile tida \u00e5 vise deg meir av det du liker. M\u00e5let er \u00e5 f\u00e5 deg til \u00e5 fortsette \u00e5 skrolle.&nbsp;&nbsp; For \u00e5 klare det, treng algoritmane informasjon om deg. Derfor [&hellip;]","og_url":"https:\/\/reklameskolen.devz.no\/barneskole\/nn\/den-digitale-halen\/algoritmene-ser-deg\/","og_site_name":"Barneskole - Nynorsk","article_modified_time":"2023-11-24T12:47:26+00:00","og_image":[{"width":1500,"height":375,"url":"https:\/\/reklameskolen.devz.no\/wp-content\/uploads\/2023\/06\/iStock-1315599813.jpg","type":"image\/jpeg"}],"twitter_card":"summary_large_image","twitter_misc":{"Est. reading time":"1 minute"},"schema":{"@context":"https:\/\/schema.org","@graph":[{"@type":"WebPage","@id":"https:\/\/reklameskolen.devz.no\/barneskole\/nn\/den-digitale-halen\/algoritmene-ser-deg\/","url":"https:\/\/reklameskolen.devz.no\/barneskole\/nn\/den-digitale-halen\/algoritmene-ser-deg\/","name":"Algoritmene ser deg - Barneskole - Nynorsk","isPartOf":{"@id":"https:\/\/reklameskolen.devz.no\/barneskole\/nn\/#website"},"primaryImageOfPage":{"@id":"https:\/\/reklameskolen.devz.no\/barneskole\/nn\/den-digitale-halen\/algoritmene-ser-deg\/#primaryimage"},"image":{"@id":"https:\/\/reklameskolen.devz.no\/barneskole\/nn\/den-digitale-halen\/algoritmene-ser-deg\/#primaryimage"},"thumbnailUrl":"https:\/\/reklameskolen.devz.no\/barneskole\/nn\/files\/2023\/06\/iStock-1315599813-2.jpg","datePublished":"2023-04-26T16:19:34+00:00","dateModified":"2023-11-24T12:47:26+00:00","breadcrumb":{"@id":"https:\/\/reklameskolen.devz.no\/barneskole\/nn\/den-digitale-halen\/algoritmene-ser-deg\/#breadcrumb"},"inLanguage":"nn-NO","potentialAction":[{"@type":"ReadAction","target":["https:\/\/reklameskolen.devz.no\/barneskole\/nn\/den-digitale-halen\/algoritmene-ser-deg\/"]}]},{"@type":"ImageObject","inLanguage":"nn-NO","@id":"https:\/\/reklameskolen.devz.no\/barneskole\/nn\/den-digitale-halen\/algoritmene-ser-deg\/#primaryimage","url":"https:\/\/reklameskolen.devz.no\/wp-content\/uploads\/2023\/06\/iStock-1315599813.jpg","contentUrl":"https:\/\/reklameskolen.devz.no\/wp-content\/uploads\/2023\/06\/iStock-1315599813.jpg","width":1500,"height":375,"caption":"People communication network concept. Social media."},{"@type":"BreadcrumbList","@id":"https:\/\/reklameskolen.devz.no\/barneskole\/nn\/den-digitale-halen\/algoritmene-ser-deg\/#breadcrumb","itemListElement":[{"@type":"ListItem","position":1,"name":"Home","item":"https:\/\/reklameskolen.devz.no\/barneskole\/nn\/"},{"@type":"ListItem","position":2,"name":"Den digitale halen","item":"https:\/\/reklameskolen.devz.no\/barneskole\/nn\/den-digitale-halen\/"},{"@type":"ListItem","position":3,"name":"Algoritmene ser deg"}]},{"@type":"WebSite","@id":"https:\/\/reklameskolen.devz.no\/barneskole\/nn\/#website","url":"https:\/\/reklameskolen.devz.no\/barneskole\/nn\/","name":"Barneskole - Nynorsk","description":"Oppl\u00e6ringsverkt\u00f8y om reklame","publisher":{"@id":"https:\/\/reklameskolen.devz.no\/barneskole\/nn\/#organization"},"potentialAction":[{"@type":"SearchAction","target":{"@type":"EntryPoint","urlTemplate":"https:\/\/reklameskolen.devz.no\/barneskole\/nn\/?s={search_term_string}"},"query-input":{"@type":"PropertyValueSpecification","valueRequired":true,"valueName":"search_term_string"}}],"inLanguage":"nn-NO"},{"@type":"Organization","@id":"https:\/\/reklameskolen.devz.no\/barneskole\/nn\/#organization","name":"Barneskole - Nynorsk","url":"https:\/\/reklameskolen.devz.no\/barneskole\/nn\/","logo":{"@type":"ImageObject","inLanguage":"nn-NO","@id":"https:\/\/reklameskolen.devz.no\/barneskole\/nn\/#\/schema\/logo\/image\/","url":"https:\/\/reklameskolen.devz.no\/wp-content\/uploads\/2023\/08\/Reklameskolen-Logo-01.png","contentUrl":"https:\/\/reklameskolen.devz.no\/wp-content\/uploads\/2023\/08\/Reklameskolen-Logo-01.png","caption":"Barneskole - Nynorsk"},"image":{"@id":"https:\/\/reklameskolen.devz.no\/barneskole\/nn\/#\/schema\/logo\/image\/"}}]}},"_links":{"self":[{"href":"https:\/\/reklameskolen.devz.no\/barneskole\/nn\/wp-json\/wp\/v2\/pages\/4356","targetHints":{"allow":["GET"]}}],"collection":[{"href":"https:\/\/reklameskolen.devz.no\/barneskole\/nn\/wp-json\/wp\/v2\/pages"}],"about":[{"href":"https:\/\/reklameskolen.devz.no\/barneskole\/nn\/wp-json\/wp\/v2\/types\/page"}],"author":[{"embeddable":true,"href":"https:\/\/reklameskolen.devz.no\/barneskole\/nn\/wp-json\/wp\/v2\/users\/1"}],"replies":[{"embeddable":true,"href":"https:\/\/reklameskolen.devz.no\/barneskole\/nn\/wp-json\/wp\/v2\/comments?post=4356"}],"version-history":[{"count":11,"href":"https:\/\/reklameskolen.devz.no\/barneskole\/nn\/wp-json\/wp\/v2\/pages\/4356\/revisions"}],"predecessor-version":[{"id":5062,"href":"https:\/\/reklameskolen.devz.no\/barneskole\/nn\/wp-json\/wp\/v2\/pages\/4356\/revisions\/5062"}],"up":[{"embeddable":true,"href":"https:\/\/reklameskolen.devz.no\/barneskole\/nn\/wp-json\/wp\/v2\/pages\/4355"}],"wp:attachment":[{"href":"https:\/\/reklameskolen.devz.no\/barneskole\/nn\/wp-json\/wp\/v2\/media?parent=4356"}],"curies":[{"name":"wp","href":"https:\/\/api.w.org\/{rel}","templated":true}]}}