{"id":4357,"date":"2023-04-26T18:20:00","date_gmt":"2023-04-26T16:20:00","guid":{"rendered":"https:\/\/reklameskolen.devz.no\/barneskole\/?page_id=3511"},"modified":"2023-11-24T13:47:50","modified_gmt":"2023-11-24T12:47:50","slug":"reglar-for-reklame","status":"publish","type":"page","link":"https:\/\/reklameskolen.devz.no\/barneskole\/nn\/reglar-for-reklame\/","title":{"rendered":"Reglar for reklame"},"content":{"rendered":"\n<div style=\"height:10px\" aria-hidden=\"true\" class=\"wp-block-spacer\"><\/div>\n\n\n\n<figure class=\"wp-block-image aligncenter size-full\"><img loading=\"lazy\" decoding=\"async\" width=\"1500\" height=\"375\" src=\"https:\/\/reklameskolen.devz.no\/barneskole\/nn\/files\/2023\/06\/iStock-1153687631-1-2.jpg\" alt=\"Illustrasjon av seks barn med forskjellig etnisitet som sit ved eit bord og leser.\" class=\"wp-image-4242\" srcset=\"https:\/\/reklameskolen.devz.no\/barneskole\/nn\/files\/2023\/06\/iStock-1153687631-1-2.jpg 1500w, https:\/\/reklameskolen.devz.no\/barneskole\/nn\/files\/2023\/06\/iStock-1153687631-1-2-300x75.jpg 300w, https:\/\/reklameskolen.devz.no\/barneskole\/nn\/files\/2023\/06\/iStock-1153687631-1-2-1024x256.jpg 1024w, https:\/\/reklameskolen.devz.no\/barneskole\/nn\/files\/2023\/06\/iStock-1153687631-1-2-768x192.jpg 768w, https:\/\/reklameskolen.devz.no\/barneskole\/nn\/files\/2023\/06\/iStock-1153687631-1-2-150x38.jpg 150w\" sizes=\"auto, (max-width: 1500px) 100vw, 1500px\" \/><figcaption class=\"wp-element-caption\">Foto: Lisitsa\/iStock<\/figcaption><\/figure>\n\n\n\n<h1 class=\"wp-block-heading\">Reglar for reklame<\/h1>\n\n\n\n<div class=\"wp-block-columns is-layout-flex wp-container-core-columns-is-layout-28f84493 wp-block-columns-is-layout-flex\">\n<div class=\"wp-block-column is-layout-flow wp-block-column-is-layout-flow\" style=\"flex-basis:67%\">\n<p>Barn ser reklame overalt. Heile dagen. Du ser reklame p\u00e5 skolen, p\u00e5 bussen, i butikken og i spel. Og p\u00e5 internett. Spesielt i sosiale medium er det fullt av reklame.&nbsp;<a href=\"https:\/\/www.medietilsynet.no\/globalassets\/publikasjoner\/barn-og-medier-undersokelser\/2022\/230412_reklame-og-influensere.pdf\" target=\"_blank\" rel=\"noreferrer noopener\">Ei unders\u00f8king fr\u00e5 Medietilsynet<\/a>&nbsp;viser at sju av ti barn mellom 9\u201318 synest dei f\u00e5r for mykje reklame i sosiale medium.&nbsp;<\/p>\n\n\n\n<p>Det er ikkje forbode \u00e5 lage reklame for barn. Men i Noreg har vi lovreglar som skal beskytte barn mot nokre typar reklame:&nbsp;<\/p>\n\n\n\n<ul class=\"wp-block-list\">\n<li><strong>Skjult reklame:<\/strong>&nbsp;N\u00e5r barn er m\u00e5lgruppa, m\u00e5 annons\u00f8rane gjere det ekstra tydeleg for barn at noko er reklame. Skjult reklame er alltid forbode.&nbsp;<\/li>\n\n\n\n<li><strong>Direkte kj\u00f8psoppfordringar:<\/strong>&nbsp;Det er forbode \u00e5 bruke direkte kj\u00f8psoppfordringar til barn. Ei kj\u00f8psoppfordring er n\u00e5r reklamen ber deg om \u00e5 kj\u00f8pe noko. Eller om \u00e5 f\u00e5 nokon vaksne til \u00e5 kj\u00f8pe det. Det er ikkje lov \u00e5 bruke uttrykk som \u00abkj\u00f8p no\u00bb,  \u00abbestill her\u00bb eller \u00abl\u00f8p og kj\u00f8p\u00bb i reklame til barn.&nbsp;<\/li>\n<\/ul>\n<\/div>\n\n\n\n<div class=\"wp-block-column is-layout-flow wp-block-column-is-layout-flow\" style=\"flex-basis:33.33%\">\n<div class=\"wp-block-group is-style-fact-box is-layout-flow wp-block-group-is-layout-flow\">\n<h2 class=\"wp-block-heading has-palette-color-8-color has-text-color\">Ordliste<\/h2>\n\n\n\n<ul class=\"wp-block-list\">\n<li><strong>M\u00e5lgruppe:&nbsp;<\/strong>Den gruppa ein bodskap er meint for.<\/li>\n\n\n\n<li><strong>Skjult reklame:<\/strong>&nbsp;Reklame som ikkje ser ut som reklame.<\/li>\n\n\n\n<li><strong>Kj\u00f8psoppfordring:<\/strong>&nbsp;N\u00e5r reklamen ber deg om \u00e5 kj\u00f8pe noko.<\/li>\n<\/ul>\n<\/div>\n\n\n\n<div style=\"height:50px\" aria-hidden=\"true\" class=\"wp-block-spacer\"><\/div>\n\n\n\n<div style=\"height:50px\" aria-hidden=\"true\" class=\"wp-block-spacer\"><\/div>\n<\/div>\n<\/div>\n\n\n\n<div class=\"wp-block-group alignfull is-layout-flow wp-block-group-is-layout-flow\">\n<div class=\"wp-block-columns is-layout-flex wp-container-core-columns-is-layout-28f84493 wp-block-columns-is-layout-flex\">\n<div class=\"wp-block-column is-layout-flow wp-block-column-is-layout-flow\">\n<div class=\"wp-block-buttons is-content-justification-right is-layout-flex wp-container-core-buttons-is-layout-d445cf74 wp-block-buttons-is-layout-flex\">\n<div class=\"wp-block-button\"><a class=\"wp-block-button__link has-palette-color-8-color has-palette-color-3-background-color has-text-color has-background wp-element-button\" href=\"https:\/\/reklameskolen.devz.no\/barneskole\/nn\/den-digitale-halen\/algoritmene-ser-deg\/\" style=\"padding-top:var(--wp--preset--spacing--40);padding-right:var(--wp--preset--spacing--40);padding-bottom:var(--wp--preset--spacing--40);padding-left:var(--wp--preset--spacing--40)\">Tilbake til &#8220;Algoritmane ser deg&#8221;<\/a><\/div>\n<\/div>\n<\/div>\n\n\n\n<div class=\"wp-block-column is-layout-flow wp-block-column-is-layout-flow\">\n<div class=\"wp-block-buttons is-horizontal is-content-justification-left is-layout-flex wp-container-core-buttons-is-layout-20be11b6 wp-block-buttons-is-layout-flex\">\n<div class=\"wp-block-button\"><a class=\"wp-block-button__link has-palette-color-8-color has-palette-color-3-background-color has-text-color has-background wp-element-button\" href=\"https:\/\/reklameskolen.devz.no\/barneskole\/nn\/reglar-for-reklame\/kva-er-lov\/\" style=\"padding-top:var(--wp--preset--spacing--40);padding-right:var(--wp--preset--spacing--40);padding-bottom:var(--wp--preset--spacing--40);padding-left:var(--wp--preset--spacing--40)\">Vidare til &#8220;Kva er lov?&#8221;<\/a><\/div>\n<\/div>\n<\/div>\n<\/div>\n<\/div>\n\n\n\n<div style=\"height:30px\" aria-hidden=\"true\" class=\"wp-block-spacer\"><\/div>\n","protected":false},"excerpt":{"rendered":"<p>Reglar for reklame Barn ser reklame overalt. Heile dagen. Du ser reklame p\u00e5 skolen, p\u00e5 bussen, i butikken og i spel. Og p\u00e5 internett. Spesielt i sosiale medium er det fullt av reklame.&nbsp;Ei unders\u00f8king fr\u00e5 Medietilsynet&nbsp;viser at sju av ti barn mellom 9\u201318 synest dei f\u00e5r for mykje reklame i sosiale medium.&nbsp; Det er ikkje [&hellip;]<\/p>\n","protected":false},"author":1,"featured_media":0,"parent":0,"menu_order":9,"comment_status":"closed","ping_status":"closed","template":"","meta":{"_acf_changed":false,"editor_notices":[],"footnotes":""},"class_list":["post-4357","page","type-page","status-publish","hentry"],"blocksy_meta":[],"acf":[],"yoast_head":"<!-- This site is optimized with the Yoast SEO plugin v25.9 - https:\/\/yoast.com\/wordpress\/plugins\/seo\/ -->\n<title>Reglar for reklame - Barneskole - Nynorsk<\/title>\n<meta name=\"robots\" content=\"index, follow, max-snippet:-1, max-image-preview:large, max-video-preview:-1\" \/>\n<link rel=\"canonical\" href=\"https:\/\/reklameskolen.devz.no\/barneskole\/nn\/reglar-for-reklame\/\" \/>\n<meta property=\"og:locale\" content=\"nn_NO\" \/>\n<meta property=\"og:type\" content=\"article\" \/>\n<meta property=\"og:title\" content=\"Reglar for reklame - Barneskole - Nynorsk\" \/>\n<meta property=\"og:description\" content=\"Reglar for reklame Barn ser reklame overalt. Heile dagen. Du ser reklame p\u00e5 skolen, p\u00e5 bussen, i butikken og i spel. Og p\u00e5 internett. Spesielt i sosiale medium er det fullt av reklame.&nbsp;Ei unders\u00f8king fr\u00e5 Medietilsynet&nbsp;viser at sju av ti barn mellom 9\u201318 synest dei f\u00e5r for mykje reklame i sosiale medium.&nbsp; Det er ikkje [&hellip;]\" \/>\n<meta property=\"og:url\" content=\"https:\/\/reklameskolen.devz.no\/barneskole\/nn\/reglar-for-reklame\/\" \/>\n<meta property=\"og:site_name\" content=\"Barneskole - Nynorsk\" \/>\n<meta property=\"article:modified_time\" content=\"2023-11-24T12:47:50+00:00\" \/>\n<meta property=\"og:image\" content=\"https:\/\/reklameskolen.devz.no\/wp-content\/uploads\/2023\/06\/iStock-1153687631-1.jpg\" \/>\n\t<meta property=\"og:image:width\" content=\"1500\" \/>\n\t<meta property=\"og:image:height\" content=\"375\" \/>\n\t<meta property=\"og:image:type\" content=\"image\/jpeg\" \/>\n<meta name=\"twitter:card\" content=\"summary_large_image\" \/>\n<meta name=\"twitter:label1\" content=\"Est. reading time\" \/>\n\t<meta name=\"twitter:data1\" content=\"1 minute\" \/>\n<script type=\"application\/ld+json\" class=\"yoast-schema-graph\">{\"@context\":\"https:\/\/schema.org\",\"@graph\":[{\"@type\":\"WebPage\",\"@id\":\"https:\/\/reklameskolen.devz.no\/barneskole\/nn\/reglar-for-reklame\/\",\"url\":\"https:\/\/reklameskolen.devz.no\/barneskole\/nn\/reglar-for-reklame\/\",\"name\":\"Reglar for reklame - Barneskole - Nynorsk\",\"isPartOf\":{\"@id\":\"https:\/\/reklameskolen.devz.no\/barneskole\/nn\/#website\"},\"primaryImageOfPage\":{\"@id\":\"https:\/\/reklameskolen.devz.no\/barneskole\/nn\/reglar-for-reklame\/#primaryimage\"},\"image\":{\"@id\":\"https:\/\/reklameskolen.devz.no\/barneskole\/nn\/reglar-for-reklame\/#primaryimage\"},\"thumbnailUrl\":\"https:\/\/reklameskolen.devz.no\/barneskole\/nn\/files\/2023\/06\/iStock-1153687631-1-2.jpg\",\"datePublished\":\"2023-04-26T16:20:00+00:00\",\"dateModified\":\"2023-11-24T12:47:50+00:00\",\"breadcrumb\":{\"@id\":\"https:\/\/reklameskolen.devz.no\/barneskole\/nn\/reglar-for-reklame\/#breadcrumb\"},\"inLanguage\":\"nn-NO\",\"potentialAction\":[{\"@type\":\"ReadAction\",\"target\":[\"https:\/\/reklameskolen.devz.no\/barneskole\/nn\/reglar-for-reklame\/\"]}]},{\"@type\":\"ImageObject\",\"inLanguage\":\"nn-NO\",\"@id\":\"https:\/\/reklameskolen.devz.no\/barneskole\/nn\/reglar-for-reklame\/#primaryimage\",\"url\":\"https:\/\/reklameskolen.devz.no\/wp-content\/uploads\/2023\/06\/iStock-1153687631-1.jpg\",\"contentUrl\":\"https:\/\/reklameskolen.devz.no\/wp-content\/uploads\/2023\/06\/iStock-1153687631-1.jpg\",\"width\":1500,\"height\":375,\"caption\":\"Barn sitter og tegner\"},{\"@type\":\"BreadcrumbList\",\"@id\":\"https:\/\/reklameskolen.devz.no\/barneskole\/nn\/reglar-for-reklame\/#breadcrumb\",\"itemListElement\":[{\"@type\":\"ListItem\",\"position\":1,\"name\":\"Home\",\"item\":\"https:\/\/reklameskolen.devz.no\/barneskole\/nn\/\"},{\"@type\":\"ListItem\",\"position\":2,\"name\":\"Reglar for reklame\"}]},{\"@type\":\"WebSite\",\"@id\":\"https:\/\/reklameskolen.devz.no\/barneskole\/nn\/#website\",\"url\":\"https:\/\/reklameskolen.devz.no\/barneskole\/nn\/\",\"name\":\"Barneskole - Nynorsk\",\"description\":\"Oppl\u00e6ringsverkt\u00f8y om reklame\",\"publisher\":{\"@id\":\"https:\/\/reklameskolen.devz.no\/barneskole\/nn\/#organization\"},\"potentialAction\":[{\"@type\":\"SearchAction\",\"target\":{\"@type\":\"EntryPoint\",\"urlTemplate\":\"https:\/\/reklameskolen.devz.no\/barneskole\/nn\/?s={search_term_string}\"},\"query-input\":{\"@type\":\"PropertyValueSpecification\",\"valueRequired\":true,\"valueName\":\"search_term_string\"}}],\"inLanguage\":\"nn-NO\"},{\"@type\":\"Organization\",\"@id\":\"https:\/\/reklameskolen.devz.no\/barneskole\/nn\/#organization\",\"name\":\"Barneskole - Nynorsk\",\"url\":\"https:\/\/reklameskolen.devz.no\/barneskole\/nn\/\",\"logo\":{\"@type\":\"ImageObject\",\"inLanguage\":\"nn-NO\",\"@id\":\"https:\/\/reklameskolen.devz.no\/barneskole\/nn\/#\/schema\/logo\/image\/\",\"url\":\"https:\/\/reklameskolen.devz.no\/wp-content\/uploads\/2023\/08\/Reklameskolen-Logo-01.png\",\"contentUrl\":\"https:\/\/reklameskolen.devz.no\/wp-content\/uploads\/2023\/08\/Reklameskolen-Logo-01.png\",\"caption\":\"Barneskole - Nynorsk\"},\"image\":{\"@id\":\"https:\/\/reklameskolen.devz.no\/barneskole\/nn\/#\/schema\/logo\/image\/\"}}]}<\/script>\n<!-- \/ Yoast SEO plugin. -->","yoast_head_json":{"title":"Reglar for reklame - Barneskole - Nynorsk","robots":{"index":"index","follow":"follow","max-snippet":"max-snippet:-1","max-image-preview":"max-image-preview:large","max-video-preview":"max-video-preview:-1"},"canonical":"https:\/\/reklameskolen.devz.no\/barneskole\/nn\/reglar-for-reklame\/","og_locale":"nn_NO","og_type":"article","og_title":"Reglar for reklame - Barneskole - Nynorsk","og_description":"Reglar for reklame Barn ser reklame overalt. Heile dagen. Du ser reklame p\u00e5 skolen, p\u00e5 bussen, i butikken og i spel. Og p\u00e5 internett. Spesielt i sosiale medium er det fullt av reklame.&nbsp;Ei unders\u00f8king fr\u00e5 Medietilsynet&nbsp;viser at sju av ti barn mellom 9\u201318 synest dei f\u00e5r for mykje reklame i sosiale medium.&nbsp; Det er ikkje [&hellip;]","og_url":"https:\/\/reklameskolen.devz.no\/barneskole\/nn\/reglar-for-reklame\/","og_site_name":"Barneskole - Nynorsk","article_modified_time":"2023-11-24T12:47:50+00:00","og_image":[{"width":1500,"height":375,"url":"https:\/\/reklameskolen.devz.no\/wp-content\/uploads\/2023\/06\/iStock-1153687631-1.jpg","type":"image\/jpeg"}],"twitter_card":"summary_large_image","twitter_misc":{"Est. reading time":"1 minute"},"schema":{"@context":"https:\/\/schema.org","@graph":[{"@type":"WebPage","@id":"https:\/\/reklameskolen.devz.no\/barneskole\/nn\/reglar-for-reklame\/","url":"https:\/\/reklameskolen.devz.no\/barneskole\/nn\/reglar-for-reklame\/","name":"Reglar for reklame - Barneskole - Nynorsk","isPartOf":{"@id":"https:\/\/reklameskolen.devz.no\/barneskole\/nn\/#website"},"primaryImageOfPage":{"@id":"https:\/\/reklameskolen.devz.no\/barneskole\/nn\/reglar-for-reklame\/#primaryimage"},"image":{"@id":"https:\/\/reklameskolen.devz.no\/barneskole\/nn\/reglar-for-reklame\/#primaryimage"},"thumbnailUrl":"https:\/\/reklameskolen.devz.no\/barneskole\/nn\/files\/2023\/06\/iStock-1153687631-1-2.jpg","datePublished":"2023-04-26T16:20:00+00:00","dateModified":"2023-11-24T12:47:50+00:00","breadcrumb":{"@id":"https:\/\/reklameskolen.devz.no\/barneskole\/nn\/reglar-for-reklame\/#breadcrumb"},"inLanguage":"nn-NO","potentialAction":[{"@type":"ReadAction","target":["https:\/\/reklameskolen.devz.no\/barneskole\/nn\/reglar-for-reklame\/"]}]},{"@type":"ImageObject","inLanguage":"nn-NO","@id":"https:\/\/reklameskolen.devz.no\/barneskole\/nn\/reglar-for-reklame\/#primaryimage","url":"https:\/\/reklameskolen.devz.no\/wp-content\/uploads\/2023\/06\/iStock-1153687631-1.jpg","contentUrl":"https:\/\/reklameskolen.devz.no\/wp-content\/uploads\/2023\/06\/iStock-1153687631-1.jpg","width":1500,"height":375,"caption":"Barn sitter og tegner"},{"@type":"BreadcrumbList","@id":"https:\/\/reklameskolen.devz.no\/barneskole\/nn\/reglar-for-reklame\/#breadcrumb","itemListElement":[{"@type":"ListItem","position":1,"name":"Home","item":"https:\/\/reklameskolen.devz.no\/barneskole\/nn\/"},{"@type":"ListItem","position":2,"name":"Reglar for reklame"}]},{"@type":"WebSite","@id":"https:\/\/reklameskolen.devz.no\/barneskole\/nn\/#website","url":"https:\/\/reklameskolen.devz.no\/barneskole\/nn\/","name":"Barneskole - Nynorsk","description":"Oppl\u00e6ringsverkt\u00f8y om reklame","publisher":{"@id":"https:\/\/reklameskolen.devz.no\/barneskole\/nn\/#organization"},"potentialAction":[{"@type":"SearchAction","target":{"@type":"EntryPoint","urlTemplate":"https:\/\/reklameskolen.devz.no\/barneskole\/nn\/?s={search_term_string}"},"query-input":{"@type":"PropertyValueSpecification","valueRequired":true,"valueName":"search_term_string"}}],"inLanguage":"nn-NO"},{"@type":"Organization","@id":"https:\/\/reklameskolen.devz.no\/barneskole\/nn\/#organization","name":"Barneskole - Nynorsk","url":"https:\/\/reklameskolen.devz.no\/barneskole\/nn\/","logo":{"@type":"ImageObject","inLanguage":"nn-NO","@id":"https:\/\/reklameskolen.devz.no\/barneskole\/nn\/#\/schema\/logo\/image\/","url":"https:\/\/reklameskolen.devz.no\/wp-content\/uploads\/2023\/08\/Reklameskolen-Logo-01.png","contentUrl":"https:\/\/reklameskolen.devz.no\/wp-content\/uploads\/2023\/08\/Reklameskolen-Logo-01.png","caption":"Barneskole - Nynorsk"},"image":{"@id":"https:\/\/reklameskolen.devz.no\/barneskole\/nn\/#\/schema\/logo\/image\/"}}]}},"_links":{"self":[{"href":"https:\/\/reklameskolen.devz.no\/barneskole\/nn\/wp-json\/wp\/v2\/pages\/4357","targetHints":{"allow":["GET"]}}],"collection":[{"href":"https:\/\/reklameskolen.devz.no\/barneskole\/nn\/wp-json\/wp\/v2\/pages"}],"about":[{"href":"https:\/\/reklameskolen.devz.no\/barneskole\/nn\/wp-json\/wp\/v2\/types\/page"}],"author":[{"embeddable":true,"href":"https:\/\/reklameskolen.devz.no\/barneskole\/nn\/wp-json\/wp\/v2\/users\/1"}],"replies":[{"embeddable":true,"href":"https:\/\/reklameskolen.devz.no\/barneskole\/nn\/wp-json\/wp\/v2\/comments?post=4357"}],"version-history":[{"count":13,"href":"https:\/\/reklameskolen.devz.no\/barneskole\/nn\/wp-json\/wp\/v2\/pages\/4357\/revisions"}],"predecessor-version":[{"id":5063,"href":"https:\/\/reklameskolen.devz.no\/barneskole\/nn\/wp-json\/wp\/v2\/pages\/4357\/revisions\/5063"}],"wp:attachment":[{"href":"https:\/\/reklameskolen.devz.no\/barneskole\/nn\/wp-json\/wp\/v2\/media?parent=4357"}],"curies":[{"name":"wp","href":"https:\/\/api.w.org\/{rel}","templated":true}]}}