{"id":4364,"date":"2023-04-26T18:30:26","date_gmt":"2023-04-26T16:30:26","guid":{"rendered":"https:\/\/reklameskolen.devz.no\/barneskole\/?page_id=3525"},"modified":"2024-11-27T12:43:48","modified_gmt":"2024-11-27T11:43:48","slug":"kva-er-ein-influensar","status":"publish","type":"page","link":"https:\/\/reklameskolen.devz.no\/barneskole\/nn\/reklame-i-sosiale-medium\/kva-er-ein-influensar\/","title":{"rendered":"Kva er ein influensar?"},"content":{"rendered":"\n<div style=\"height:10px\" aria-hidden=\"true\" class=\"wp-block-spacer\"><\/div>\n\n\n\n<figure class=\"wp-block-image aligncenter size-full\"><img decoding=\"async\" src=\"https:\/\/reklameskolen.devz.no\/wp-content\/uploads\/2024\/08\/kiril-krsteski-6enQSaGKxlY-unsplash.jpg\" alt=\"Foto av en ung kvinne som st\u00e5r midt i et tropisk landskap. Hun tar bilde av palmene med en mobiltelefon.\" class=\"wp-image-5061\"\/><figcaption class=\"wp-element-caption\">Foto: Kiril Krsteski\/Unsplash<\/figcaption><\/figure>\n\n\n\n<div class=\"wp-block-columns is-layout-flex wp-container-core-columns-is-layout-28f84493 wp-block-columns-is-layout-flex\">\n<div class=\"wp-block-column is-layout-flow wp-block-column-is-layout-flow\" style=\"flex-basis:67%\">\n<h1 class=\"wp-block-heading has-text-align-left\">Kva er ein influensar?<\/h1>\n\n\n\n<p>B\u00e5de barn, ungdom og vaksne lever store delar av livet p\u00e5 sosiale medium. Nokon lever \u00f2g\u202fav\u202fsosiale medium. Det gjeld blant anna dei vi kallar influensarar.&nbsp;<\/p>\n\n\n\n<p>Ein influensar er ein person som bruker sosiale medium for \u00e5 p\u00e5verke f\u00f8lgarane sine. Vanlegvis er det gratis \u00e5 sj\u00e5 bilda og videoane dei legg ut i sosiale medium. Likevel tener influensarane pengar p\u00e5 innhaldet dei lagar.&nbsp;&nbsp;<\/p>\n\n\n\n<p>Influensarar er ofte folk som mange beundrar og ser opp til. Folk vi f\u00f8ler at vi kjenner. Nesten som venner. Derfor er det mange som h\u00f8yrer p\u00e5 dei og stolar p\u00e5 dei. Mange firma betaler influensarar for at dei skal vise fram og skryte av produkta dei sel.&nbsp;<\/p>\n\n\n\n<p>Mange influensarar deler mykje personleg innhald blanda med reklame. Derfor er det ikkje alltid lett \u00e5 vite kva influensarane faktisk liker sj\u00f8lv, og kva dei f\u00e5r betalt for \u00e5 like. Dermed kan du bli p\u00e5verka av reklamen utan at du veit det sj\u00f8lv.&nbsp;&nbsp;<\/p>\n<\/div>\n\n\n\n<div class=\"wp-block-column is-layout-flow wp-block-column-is-layout-flow\" style=\"flex-basis:33.33%\">\n<div class=\"wp-block-group is-style-fact-box is-layout-flow wp-block-group-is-layout-flow\">\n<h2 class=\"wp-block-heading has-palette-color-8-color has-text-color\">Definisjon<\/h2>\n\n\n\n<p><strong>Influensar:<\/strong> Ein person som bruker sosiale medium for \u00e5 p\u00e5verke folk. <\/p>\n<\/div>\n\n\n\n<div style=\"height:50px\" aria-hidden=\"true\" class=\"wp-block-spacer\"><\/div>\n\n\n\n<div class=\"wp-block-group is-style-fact-box is-layout-constrained wp-block-group-is-layout-constrained\">\n<h2 class=\"wp-block-heading\">Blir det for mykje?<\/h2>\n\n\n\n<p>I ei <a href=\"https:\/\/www.medietilsynet.no\/fakta\/rapporter\/barn-og-medier\/2024\/barn-eksponering-reklame-nett-influensere\/\" target=\"_blank\" rel=\"noreferrer noopener\">unders\u00f8king<\/a> spurde medietilsynet barn og unge om dei synest det var for mykje reklame i sosiale medium. 64 prosent var einige i at dei f\u00e5r for mykje reklame.<\/p>\n<\/div>\n\n\n\n<div style=\"height:50px\" aria-hidden=\"true\" class=\"wp-block-spacer\"><\/div>\n<\/div>\n<\/div>\n\n\n\n<div class=\"wp-block-group alignfull is-layout-flow wp-block-group-is-layout-flow\">\n<div class=\"wp-block-columns is-layout-flex wp-container-core-columns-is-layout-28f84493 wp-block-columns-is-layout-flex\">\n<div class=\"wp-block-column is-layout-flow wp-block-column-is-layout-flow\">\n<div class=\"wp-block-buttons is-content-justification-right is-layout-flex wp-container-core-buttons-is-layout-d445cf74 wp-block-buttons-is-layout-flex\">\n<div class=\"wp-block-button\"><a class=\"wp-block-button__link has-palette-color-8-color has-palette-color-3-background-color has-text-color has-background wp-element-button\" href=\"https:\/\/reklameskolen.devz.no\/barneskole\/nn\/reklame-i-sosiale-medium\/\" style=\"padding-top:var(--wp--preset--spacing--40);padding-right:var(--wp--preset--spacing--40);padding-bottom:var(--wp--preset--spacing--40);padding-left:var(--wp--preset--spacing--40)\">Tilbake til &#8220;Reklame i sosiale medium&#8221;<\/a><\/div>\n<\/div>\n<\/div>\n\n\n\n<div class=\"wp-block-column is-layout-flow wp-block-column-is-layout-flow\">\n<div class=\"wp-block-buttons is-horizontal is-content-justification-left is-layout-flex wp-container-core-buttons-is-layout-20be11b6 wp-block-buttons-is-layout-flex\">\n<div class=\"wp-block-button\"><a class=\"wp-block-button__link has-palette-color-8-color has-palette-color-3-background-color has-text-color has-background wp-element-button\" href=\"https:\/\/reklameskolen.devz.no\/barneskole\/nn\/reklame-i-sosiale-medium\/en-dag-i-mitt-liv\/\" style=\"padding-top:var(--wp--preset--spacing--40);padding-right:var(--wp--preset--spacing--40);padding-bottom:var(--wp--preset--spacing--40);padding-left:var(--wp--preset--spacing--40)\">Vidare til &#8220;Ein dag i livet mitt&#8221;<\/a><\/div>\n<\/div>\n<\/div>\n<\/div>\n<\/div>\n\n\n\n<div style=\"height:30px\" aria-hidden=\"true\" class=\"wp-block-spacer\"><\/div>\n","protected":false},"excerpt":{"rendered":"<p>Kva er ein influensar? B\u00e5de barn, ungdom og vaksne lever store delar av livet p\u00e5 sosiale medium. Nokon lever \u00f2g\u202fav\u202fsosiale medium. Det gjeld blant anna dei vi kallar influensarar.&nbsp; Ein influensar er ein person som bruker sosiale medium for \u00e5 p\u00e5verke f\u00f8lgarane sine. Vanlegvis er det gratis \u00e5 sj\u00e5 bilda og videoane dei legg ut [&hellip;]<\/p>\n","protected":false},"author":1,"featured_media":0,"parent":4508,"menu_order":1,"comment_status":"closed","ping_status":"closed","template":"","meta":{"_acf_changed":false,"editor_notices":[],"footnotes":""},"class_list":["post-4364","page","type-page","status-publish","hentry"],"blocksy_meta":[],"acf":[],"yoast_head":"<!-- This site is optimized with the Yoast SEO plugin v25.9 - https:\/\/yoast.com\/wordpress\/plugins\/seo\/ -->\n<title>Kva er ein influensar? - Barneskole - Nynorsk<\/title>\n<meta name=\"robots\" content=\"index, follow, max-snippet:-1, max-image-preview:large, max-video-preview:-1\" \/>\n<link rel=\"canonical\" href=\"https:\/\/reklameskolen.devz.no\/barneskole\/nn\/reklame-i-sosiale-medium\/kva-er-ein-influensar\/\" \/>\n<meta property=\"og:locale\" content=\"nn_NO\" \/>\n<meta property=\"og:type\" content=\"article\" \/>\n<meta property=\"og:title\" content=\"Kva er ein influensar? - Barneskole - Nynorsk\" \/>\n<meta property=\"og:description\" content=\"Kva er ein influensar? B\u00e5de barn, ungdom og vaksne lever store delar av livet p\u00e5 sosiale medium. Nokon lever \u00f2g\u202fav\u202fsosiale medium. Det gjeld blant anna dei vi kallar influensarar.&nbsp; Ein influensar er ein person som bruker sosiale medium for \u00e5 p\u00e5verke f\u00f8lgarane sine. Vanlegvis er det gratis \u00e5 sj\u00e5 bilda og videoane dei legg ut [&hellip;]\" \/>\n<meta property=\"og:url\" content=\"https:\/\/reklameskolen.devz.no\/barneskole\/nn\/reklame-i-sosiale-medium\/kva-er-ein-influensar\/\" \/>\n<meta property=\"og:site_name\" content=\"Barneskole - Nynorsk\" \/>\n<meta property=\"article:modified_time\" content=\"2024-11-27T11:43:48+00:00\" \/>\n<meta name=\"twitter:card\" content=\"summary_large_image\" \/>\n<meta name=\"twitter:label1\" content=\"Est. reading time\" \/>\n\t<meta name=\"twitter:data1\" content=\"2 minutes\" \/>\n<script type=\"application\/ld+json\" class=\"yoast-schema-graph\">{\"@context\":\"https:\/\/schema.org\",\"@graph\":[{\"@type\":\"WebPage\",\"@id\":\"https:\/\/reklameskolen.devz.no\/barneskole\/nn\/reklame-i-sosiale-medium\/kva-er-ein-influensar\/\",\"url\":\"https:\/\/reklameskolen.devz.no\/barneskole\/nn\/reklame-i-sosiale-medium\/kva-er-ein-influensar\/\",\"name\":\"Kva er ein influensar? - Barneskole - Nynorsk\",\"isPartOf\":{\"@id\":\"https:\/\/reklameskolen.devz.no\/barneskole\/nn\/#website\"},\"primaryImageOfPage\":{\"@id\":\"https:\/\/reklameskolen.devz.no\/barneskole\/nn\/reklame-i-sosiale-medium\/kva-er-ein-influensar\/#primaryimage\"},\"image\":{\"@id\":\"https:\/\/reklameskolen.devz.no\/barneskole\/nn\/reklame-i-sosiale-medium\/kva-er-ein-influensar\/#primaryimage\"},\"thumbnailUrl\":\"https:\/\/reklameskolen.devz.no\/wp-content\/uploads\/2024\/08\/kiril-krsteski-6enQSaGKxlY-unsplash.jpg\",\"datePublished\":\"2023-04-26T16:30:26+00:00\",\"dateModified\":\"2024-11-27T11:43:48+00:00\",\"breadcrumb\":{\"@id\":\"https:\/\/reklameskolen.devz.no\/barneskole\/nn\/reklame-i-sosiale-medium\/kva-er-ein-influensar\/#breadcrumb\"},\"inLanguage\":\"nn-NO\",\"potentialAction\":[{\"@type\":\"ReadAction\",\"target\":[\"https:\/\/reklameskolen.devz.no\/barneskole\/nn\/reklame-i-sosiale-medium\/kva-er-ein-influensar\/\"]}]},{\"@type\":\"ImageObject\",\"inLanguage\":\"nn-NO\",\"@id\":\"https:\/\/reklameskolen.devz.no\/barneskole\/nn\/reklame-i-sosiale-medium\/kva-er-ein-influensar\/#primaryimage\",\"url\":\"https:\/\/reklameskolen.devz.no\/wp-content\/uploads\/2024\/08\/kiril-krsteski-6enQSaGKxlY-unsplash.jpg\",\"contentUrl\":\"https:\/\/reklameskolen.devz.no\/wp-content\/uploads\/2024\/08\/kiril-krsteski-6enQSaGKxlY-unsplash.jpg\"},{\"@type\":\"BreadcrumbList\",\"@id\":\"https:\/\/reklameskolen.devz.no\/barneskole\/nn\/reklame-i-sosiale-medium\/kva-er-ein-influensar\/#breadcrumb\",\"itemListElement\":[{\"@type\":\"ListItem\",\"position\":1,\"name\":\"Home\",\"item\":\"https:\/\/reklameskolen.devz.no\/barneskole\/nn\/\"},{\"@type\":\"ListItem\",\"position\":2,\"name\":\"Reklame i sosiale medium\",\"item\":\"https:\/\/reklameskolen.devz.no\/barneskole\/nn\/reklame-i-sosiale-medium\/\"},{\"@type\":\"ListItem\",\"position\":3,\"name\":\"Kva er ein influensar?\"}]},{\"@type\":\"WebSite\",\"@id\":\"https:\/\/reklameskolen.devz.no\/barneskole\/nn\/#website\",\"url\":\"https:\/\/reklameskolen.devz.no\/barneskole\/nn\/\",\"name\":\"Barneskole - Nynorsk\",\"description\":\"Oppl\u00e6ringsverkt\u00f8y om reklame\",\"publisher\":{\"@id\":\"https:\/\/reklameskolen.devz.no\/barneskole\/nn\/#organization\"},\"potentialAction\":[{\"@type\":\"SearchAction\",\"target\":{\"@type\":\"EntryPoint\",\"urlTemplate\":\"https:\/\/reklameskolen.devz.no\/barneskole\/nn\/?s={search_term_string}\"},\"query-input\":{\"@type\":\"PropertyValueSpecification\",\"valueRequired\":true,\"valueName\":\"search_term_string\"}}],\"inLanguage\":\"nn-NO\"},{\"@type\":\"Organization\",\"@id\":\"https:\/\/reklameskolen.devz.no\/barneskole\/nn\/#organization\",\"name\":\"Barneskole - Nynorsk\",\"url\":\"https:\/\/reklameskolen.devz.no\/barneskole\/nn\/\",\"logo\":{\"@type\":\"ImageObject\",\"inLanguage\":\"nn-NO\",\"@id\":\"https:\/\/reklameskolen.devz.no\/barneskole\/nn\/#\/schema\/logo\/image\/\",\"url\":\"https:\/\/reklameskolen.devz.no\/wp-content\/uploads\/2023\/08\/Reklameskolen-Logo-01.png\",\"contentUrl\":\"https:\/\/reklameskolen.devz.no\/wp-content\/uploads\/2023\/08\/Reklameskolen-Logo-01.png\",\"caption\":\"Barneskole - Nynorsk\"},\"image\":{\"@id\":\"https:\/\/reklameskolen.devz.no\/barneskole\/nn\/#\/schema\/logo\/image\/\"}}]}<\/script>\n<!-- \/ Yoast SEO plugin. -->","yoast_head_json":{"title":"Kva er ein influensar? - Barneskole - Nynorsk","robots":{"index":"index","follow":"follow","max-snippet":"max-snippet:-1","max-image-preview":"max-image-preview:large","max-video-preview":"max-video-preview:-1"},"canonical":"https:\/\/reklameskolen.devz.no\/barneskole\/nn\/reklame-i-sosiale-medium\/kva-er-ein-influensar\/","og_locale":"nn_NO","og_type":"article","og_title":"Kva er ein influensar? - Barneskole - Nynorsk","og_description":"Kva er ein influensar? B\u00e5de barn, ungdom og vaksne lever store delar av livet p\u00e5 sosiale medium. Nokon lever \u00f2g\u202fav\u202fsosiale medium. Det gjeld blant anna dei vi kallar influensarar.&nbsp; Ein influensar er ein person som bruker sosiale medium for \u00e5 p\u00e5verke f\u00f8lgarane sine. Vanlegvis er det gratis \u00e5 sj\u00e5 bilda og videoane dei legg ut [&hellip;]","og_url":"https:\/\/reklameskolen.devz.no\/barneskole\/nn\/reklame-i-sosiale-medium\/kva-er-ein-influensar\/","og_site_name":"Barneskole - Nynorsk","article_modified_time":"2024-11-27T11:43:48+00:00","twitter_card":"summary_large_image","twitter_misc":{"Est. reading time":"2 minutes"},"schema":{"@context":"https:\/\/schema.org","@graph":[{"@type":"WebPage","@id":"https:\/\/reklameskolen.devz.no\/barneskole\/nn\/reklame-i-sosiale-medium\/kva-er-ein-influensar\/","url":"https:\/\/reklameskolen.devz.no\/barneskole\/nn\/reklame-i-sosiale-medium\/kva-er-ein-influensar\/","name":"Kva er ein influensar? - Barneskole - Nynorsk","isPartOf":{"@id":"https:\/\/reklameskolen.devz.no\/barneskole\/nn\/#website"},"primaryImageOfPage":{"@id":"https:\/\/reklameskolen.devz.no\/barneskole\/nn\/reklame-i-sosiale-medium\/kva-er-ein-influensar\/#primaryimage"},"image":{"@id":"https:\/\/reklameskolen.devz.no\/barneskole\/nn\/reklame-i-sosiale-medium\/kva-er-ein-influensar\/#primaryimage"},"thumbnailUrl":"https:\/\/reklameskolen.devz.no\/wp-content\/uploads\/2024\/08\/kiril-krsteski-6enQSaGKxlY-unsplash.jpg","datePublished":"2023-04-26T16:30:26+00:00","dateModified":"2024-11-27T11:43:48+00:00","breadcrumb":{"@id":"https:\/\/reklameskolen.devz.no\/barneskole\/nn\/reklame-i-sosiale-medium\/kva-er-ein-influensar\/#breadcrumb"},"inLanguage":"nn-NO","potentialAction":[{"@type":"ReadAction","target":["https:\/\/reklameskolen.devz.no\/barneskole\/nn\/reklame-i-sosiale-medium\/kva-er-ein-influensar\/"]}]},{"@type":"ImageObject","inLanguage":"nn-NO","@id":"https:\/\/reklameskolen.devz.no\/barneskole\/nn\/reklame-i-sosiale-medium\/kva-er-ein-influensar\/#primaryimage","url":"https:\/\/reklameskolen.devz.no\/wp-content\/uploads\/2024\/08\/kiril-krsteski-6enQSaGKxlY-unsplash.jpg","contentUrl":"https:\/\/reklameskolen.devz.no\/wp-content\/uploads\/2024\/08\/kiril-krsteski-6enQSaGKxlY-unsplash.jpg"},{"@type":"BreadcrumbList","@id":"https:\/\/reklameskolen.devz.no\/barneskole\/nn\/reklame-i-sosiale-medium\/kva-er-ein-influensar\/#breadcrumb","itemListElement":[{"@type":"ListItem","position":1,"name":"Home","item":"https:\/\/reklameskolen.devz.no\/barneskole\/nn\/"},{"@type":"ListItem","position":2,"name":"Reklame i sosiale medium","item":"https:\/\/reklameskolen.devz.no\/barneskole\/nn\/reklame-i-sosiale-medium\/"},{"@type":"ListItem","position":3,"name":"Kva er ein influensar?"}]},{"@type":"WebSite","@id":"https:\/\/reklameskolen.devz.no\/barneskole\/nn\/#website","url":"https:\/\/reklameskolen.devz.no\/barneskole\/nn\/","name":"Barneskole - Nynorsk","description":"Oppl\u00e6ringsverkt\u00f8y om reklame","publisher":{"@id":"https:\/\/reklameskolen.devz.no\/barneskole\/nn\/#organization"},"potentialAction":[{"@type":"SearchAction","target":{"@type":"EntryPoint","urlTemplate":"https:\/\/reklameskolen.devz.no\/barneskole\/nn\/?s={search_term_string}"},"query-input":{"@type":"PropertyValueSpecification","valueRequired":true,"valueName":"search_term_string"}}],"inLanguage":"nn-NO"},{"@type":"Organization","@id":"https:\/\/reklameskolen.devz.no\/barneskole\/nn\/#organization","name":"Barneskole - Nynorsk","url":"https:\/\/reklameskolen.devz.no\/barneskole\/nn\/","logo":{"@type":"ImageObject","inLanguage":"nn-NO","@id":"https:\/\/reklameskolen.devz.no\/barneskole\/nn\/#\/schema\/logo\/image\/","url":"https:\/\/reklameskolen.devz.no\/wp-content\/uploads\/2023\/08\/Reklameskolen-Logo-01.png","contentUrl":"https:\/\/reklameskolen.devz.no\/wp-content\/uploads\/2023\/08\/Reklameskolen-Logo-01.png","caption":"Barneskole - Nynorsk"},"image":{"@id":"https:\/\/reklameskolen.devz.no\/barneskole\/nn\/#\/schema\/logo\/image\/"}}]}},"_links":{"self":[{"href":"https:\/\/reklameskolen.devz.no\/barneskole\/nn\/wp-json\/wp\/v2\/pages\/4364","targetHints":{"allow":["GET"]}}],"collection":[{"href":"https:\/\/reklameskolen.devz.no\/barneskole\/nn\/wp-json\/wp\/v2\/pages"}],"about":[{"href":"https:\/\/reklameskolen.devz.no\/barneskole\/nn\/wp-json\/wp\/v2\/types\/page"}],"author":[{"embeddable":true,"href":"https:\/\/reklameskolen.devz.no\/barneskole\/nn\/wp-json\/wp\/v2\/users\/1"}],"replies":[{"embeddable":true,"href":"https:\/\/reklameskolen.devz.no\/barneskole\/nn\/wp-json\/wp\/v2\/comments?post=4364"}],"version-history":[{"count":13,"href":"https:\/\/reklameskolen.devz.no\/barneskole\/nn\/wp-json\/wp\/v2\/pages\/4364\/revisions"}],"predecessor-version":[{"id":5193,"href":"https:\/\/reklameskolen.devz.no\/barneskole\/nn\/wp-json\/wp\/v2\/pages\/4364\/revisions\/5193"}],"up":[{"embeddable":true,"href":"https:\/\/reklameskolen.devz.no\/barneskole\/nn\/wp-json\/wp\/v2\/pages\/4508"}],"wp:attachment":[{"href":"https:\/\/reklameskolen.devz.no\/barneskole\/nn\/wp-json\/wp\/v2\/media?parent=4364"}],"curies":[{"name":"wp","href":"https:\/\/api.w.org\/{rel}","templated":true}]}}