{"id":4943,"date":"2023-08-24T10:38:48","date_gmt":"2023-08-24T08:38:48","guid":{"rendered":"https:\/\/reklameskolen.devz.no\/barneskole\/nn\/?page_id=4943"},"modified":"2024-05-08T12:47:02","modified_gmt":"2024-05-08T10:47:02","slug":"til-laeraren","status":"publish","type":"page","link":"https:\/\/reklameskolen.devz.no\/barneskole\/nn\/til-laeraren\/","title":{"rendered":"Til l\u00e6raren"},"content":{"rendered":"\n<h1 class=\"wp-block-heading\">Til l\u00e6raren<\/h1>\n\n\n\n<p><strong>Reklameskolen er eit gratis digitalt undervisningsverkt\u00f8y om reklame utvikla av Forbrukertilsynet p\u00e5 oppdrag fr\u00e5 Barne- og familiedepartementet.<\/strong><\/p>\n\n\n\n<p>Barn og unge i dag m\u00f8ter reklame heile tida. I butikken, p\u00e5 skolen, i sosiale medium, i spel og p\u00e5 fritidsaktivitetar, for eksempel. Det er reklame overalt, og det er ikkje alltid like lett \u00e5 vite kva som er reklame.<\/p>\n\n\n\n<p>M\u00e5let med reklameskolen er \u00e5 l\u00e6re barn \u00e5 kjenne igjen reklame og forst\u00e5 korleis reklamen p\u00e5verkar oss. D\u00e5 blir det lettare sj\u00e5 p\u00e5 reklamebodskap med eit kritisk blikk og ta gode val i m\u00f8tet med reklame.<\/p>\n\n\n\n<div class=\"wp-block-group is-style-default has-palette-color-5-background-color has-background is-layout-constrained wp-block-group-is-layout-constrained\">\n<div class=\"wp-block-columns is-layout-flex wp-container-core-columns-is-layout-28f84493 wp-block-columns-is-layout-flex\">\n<div class=\"wp-block-column is-layout-flow wp-block-column-is-layout-flow\" style=\"flex-basis:70%\">\n<h2 class=\"wp-block-heading\">ICPEN Consumer Education Award<\/h2>\n\n\n\n<p>I 2024 vann Reklameskolen ICPEN Consumer Education Awards i kategorien barn og unge. Denne prisen blir delt ut av <a href=\"https:\/\/icpen.org\/\" target=\"_blank\" rel=\"noreferrer noopener\">International Consumer Protection and Enforcement Network (ICPEN)<\/a>, og g\u00e5r til ein informasjonskampanje som har bidratt til god opplysning av forbrukarane.<\/p>\n<\/div>\n\n\n\n<div class=\"wp-block-column is-layout-flow wp-block-column-is-layout-flow\" style=\"flex-basis:30%\">\n<figure class=\"wp-block-image size-full\"><img decoding=\"async\" src=\"https:\/\/reklameskolen.devz.no\/barneskole\/files\/2024\/05\/award.png\" alt=\"\" class=\"wp-image-5039\"\/><\/figure>\n<\/div>\n<\/div>\n<\/div>\n\n\n\n<h2 class=\"wp-block-heading\">Slik bruker du Reklameskolen<\/h2>\n\n\n\n<p>Reklameskolen er lagt opp som eit komplett undervisningsopplegg som l\u00e8t elevane l\u00e6re gjennom videoar, tekstar og interaktive oppg\u00e5ver. Heile opplegget kan gjennomf\u00f8rast p\u00e5 ca. tre til fire timar, avhengig av kor gamle elevane er.<\/p>\n\n\n\n<p><strong>\u00d8nsker du \u00e5 gjennomf\u00f8re heile opplegget, kan det vere lurt \u00e5 ta ein kikk p\u00e5 denne l\u00e6rarrettleiinga.<\/strong><\/p>\n\n\n\n<div class=\"wp-block-buttons is-layout-flex wp-block-buttons-is-layout-flex\">\n<div class=\"wp-block-button\"><a class=\"wp-block-button__link has-palette-color-8-color has-palette-color-3-background-color has-text-color has-background wp-element-button\" href=\"https:\/\/reklameskolen.devz.no\/barneskole\/nn\/laerarrettleiing\/\">TIL L\u00c6RARRETTLEIINGA<\/a><\/div>\n<\/div>\n\n\n\n<p>Det er \u00f2g mogleg \u00e5 velje ut og bruke enkeltst\u00e5ande tema, sider, oppg\u00e5ver og videoar. Du kan naturlegvis velje fritt, men reklame i sosiale medium, reklame i spel og reklame i skolen er spesielt aktuelle tema for m\u00e5lgruppa.<\/p>\n\n\n\n<h2 class=\"wp-block-heading\">Reklameskolen og l\u00e6replanane<\/h2>\n\n\n\n<p>Reklameskolen passar godt inn i norsk og samfunnsfag p\u00e5 mellomtrinnet. Fleire av tekstane og oppg\u00e5vene kan \u00f2g knytast opp mot kompetansem\u00e5l innan kunst og handverk, og de kan med fordel jobbe tverrfagleg med temaet reklame.<\/p>\n\n\n\n<h3 class=\"wp-block-heading\">Norsk<\/h3>\n\n\n\n<ul class=\"wp-block-list\">\n<li><a href=\"https:\/\/www.udir.no\/lk20\/nor01-06\/om-faget\/kjerneelementer\" target=\"_blank\" rel=\"noreferrer noopener\"><strong>Kjerneelementet kritisk tiln\u00e6rming til tekst:<\/strong><\/a>&nbsp;Gjennom reklameskolen l\u00e6rer elevane om fleire av dei viktigaste spr\u00e5klege, retoriske og visuelle verkemidla i reklame. Gjennom heile undervisningsopplegget blir elevane oppfordra til og rettleia i \u00e5 reflektere kritisk over kva slags p\u00e5verknadskraft og truverd reklamen har, og vise digital d\u00f8mmekraft.<\/li>\n\n\n\n<li><a href=\"https:\/\/www.udir.no\/lk20\/nor01-06\/om-faget\/tverrfaglige-temaer\" target=\"_blank\" rel=\"noreferrer noopener\"><strong>Det tverrfaglege temaet demokrati og medborgarskap:<\/strong><\/a>&nbsp;Gjennom kritisk arbeid med reklamebodskap \u00f8ver elevane opp evna til kritisk tenking.<\/li>\n<\/ul>\n\n\n\n<h3 class=\"wp-block-heading\">Samfunnsfag<\/h3>\n\n\n\n<p>Reklameskolen er aktuell med tanke p\u00e5 fleire av&nbsp;<a href=\"https:\/\/www.udir.no\/lk20\/saf01-04\/kompetansemaal-og-vurdering\/kv146\">kompetansem\u00e5la i samfunnsfag<\/a>. Oppl\u00e6ringsverkt\u00f8yet utfordrar stadig elevane til \u00e5<\/p>\n\n\n\n<ul class=\"wp-block-list\">\n<li>reflektere over forskjellar mellom fakta, meiningar og kommersielle bodskap i mediebildet<\/li>\n\n\n\n<li>reflektere over korleis kommersiell p\u00e5verknad kan verke inn p\u00e5 forbruk, personleg \u00f8konomi og sj\u00f8lvbilde<\/li>\n\n\n\n<li>reflektere over korleis dei deltek i digital samhandling<\/li>\n\n\n\n<li>diskutere og bruke d\u00f8mmekraft, b\u00e5de p\u00e5 nett og sett i lys av gjeldande reglar for reklame.<\/li>\n<\/ul>\n\n\n\n<h3 class=\"wp-block-heading\">Kunst og handverk<\/h3>\n\n\n\n<p>Reklameskolen l\u00e8t elevane ta del i ei kritisk unders\u00f8king av forbrukskultur, og oppfordrar elevane til \u00e5 gjere eigne etiske val i m\u00f8te med reklame. P\u00e5 denne m\u00e5ten kan Reklameskolen knytast opp mot&nbsp;<a rel=\"noreferrer noopener\" href=\"https:\/\/www.udir.no\/lk20\/khv01-02\/om-faget\/tverrfaglige-temaer\" target=\"_blank\">det tverrfaglege temaet berekraftig utvikling<\/a>.<\/p>\n\n\n\n<p>Analyse av og arbeid med verkemidla i reklame kan \u00f2g knytast opp mot fleire av&nbsp;<a rel=\"noreferrer noopener\" href=\"https:\/\/www.udir.no\/lk20\/khv01-02\/kompetansemaal-og-vurdering\/kv158\" target=\"_blank\">kompetansem\u00e5la i kunst og handverk<\/a>:<\/p>\n\n\n\n<ul class=\"wp-block-list\">\n<li>Reklameskolen g\u00e5r gjennom fleire av dei viktigaste visuelle verkemidla i reklame. Dette kan l\u00e6re elevane \u00e5 analysere og forst\u00e5 visuelle verkemiddel i fleire forskjellige medium.<\/li>\n\n\n\n<li>Tema som retusjert reklame og reglane for reklame til barn l\u00e8t elevane unders\u00f8ke korleis reklamen ofte viser fram, forsterkar og spelar p\u00e5 kj\u00f8nnsroller, og kan vere med p\u00e5 \u00e5 etablere og halde ved lag stereotypiar.<\/li>\n<\/ul>\n\n\n\n<p><\/p>\n","protected":false},"excerpt":{"rendered":"<p>Til l\u00e6raren Reklameskolen er eit gratis digitalt undervisningsverkt\u00f8y om reklame utvikla av Forbrukertilsynet p\u00e5 oppdrag fr\u00e5 Barne- og familiedepartementet. Barn og unge i dag m\u00f8ter reklame heile tida. I butikken, p\u00e5 skolen, i sosiale medium, i spel og p\u00e5 fritidsaktivitetar, for eksempel. Det er reklame overalt, og det er ikkje alltid like lett \u00e5 vite [&hellip;]<\/p>\n","protected":false},"author":4,"featured_media":0,"parent":0,"menu_order":0,"comment_status":"closed","ping_status":"closed","template":"","meta":{"_acf_changed":false,"editor_notices":[],"footnotes":""},"class_list":["post-4943","page","type-page","status-publish","hentry"],"blocksy_meta":[],"acf":[],"yoast_head":"<!-- This site is optimized with the Yoast SEO plugin v25.9 - https:\/\/yoast.com\/wordpress\/plugins\/seo\/ -->\n<title>Til l\u00e6raren - Barneskole - Nynorsk<\/title>\n<meta name=\"robots\" content=\"index, follow, max-snippet:-1, max-image-preview:large, max-video-preview:-1\" \/>\n<link rel=\"canonical\" href=\"https:\/\/reklameskolen.devz.no\/barneskole\/nn\/til-laeraren\/\" \/>\n<meta property=\"og:locale\" content=\"nn_NO\" \/>\n<meta property=\"og:type\" content=\"article\" \/>\n<meta property=\"og:title\" content=\"Til l\u00e6raren - Barneskole - Nynorsk\" \/>\n<meta property=\"og:description\" content=\"Til l\u00e6raren Reklameskolen er eit gratis digitalt undervisningsverkt\u00f8y om reklame utvikla av Forbrukertilsynet p\u00e5 oppdrag fr\u00e5 Barne- og familiedepartementet. Barn og unge i dag m\u00f8ter reklame heile tida. I butikken, p\u00e5 skolen, i sosiale medium, i spel og p\u00e5 fritidsaktivitetar, for eksempel. Det er reklame overalt, og det er ikkje alltid like lett \u00e5 vite [&hellip;]\" \/>\n<meta property=\"og:url\" content=\"https:\/\/reklameskolen.devz.no\/barneskole\/nn\/til-laeraren\/\" \/>\n<meta property=\"og:site_name\" content=\"Barneskole - Nynorsk\" \/>\n<meta property=\"article:modified_time\" content=\"2024-05-08T10:47:02+00:00\" \/>\n<meta name=\"twitter:card\" content=\"summary_large_image\" \/>\n<meta name=\"twitter:label1\" content=\"Est. reading time\" \/>\n\t<meta name=\"twitter:data1\" content=\"3 minutes\" \/>\n<script type=\"application\/ld+json\" class=\"yoast-schema-graph\">{\"@context\":\"https:\/\/schema.org\",\"@graph\":[{\"@type\":\"WebPage\",\"@id\":\"https:\/\/reklameskolen.devz.no\/barneskole\/nn\/til-laeraren\/\",\"url\":\"https:\/\/reklameskolen.devz.no\/barneskole\/nn\/til-laeraren\/\",\"name\":\"Til l\u00e6raren - Barneskole - Nynorsk\",\"isPartOf\":{\"@id\":\"https:\/\/reklameskolen.devz.no\/barneskole\/nn\/#website\"},\"primaryImageOfPage\":{\"@id\":\"https:\/\/reklameskolen.devz.no\/barneskole\/nn\/til-laeraren\/#primaryimage\"},\"image\":{\"@id\":\"https:\/\/reklameskolen.devz.no\/barneskole\/nn\/til-laeraren\/#primaryimage\"},\"thumbnailUrl\":\"https:\/\/reklameskolen.devz.no\/barneskole\/files\/2024\/05\/award.png\",\"datePublished\":\"2023-08-24T08:38:48+00:00\",\"dateModified\":\"2024-05-08T10:47:02+00:00\",\"breadcrumb\":{\"@id\":\"https:\/\/reklameskolen.devz.no\/barneskole\/nn\/til-laeraren\/#breadcrumb\"},\"inLanguage\":\"nn-NO\",\"potentialAction\":[{\"@type\":\"ReadAction\",\"target\":[\"https:\/\/reklameskolen.devz.no\/barneskole\/nn\/til-laeraren\/\"]}]},{\"@type\":\"ImageObject\",\"inLanguage\":\"nn-NO\",\"@id\":\"https:\/\/reklameskolen.devz.no\/barneskole\/nn\/til-laeraren\/#primaryimage\",\"url\":\"https:\/\/reklameskolen.devz.no\/barneskole\/files\/2024\/05\/award.png\",\"contentUrl\":\"https:\/\/reklameskolen.devz.no\/barneskole\/files\/2024\/05\/award.png\"},{\"@type\":\"BreadcrumbList\",\"@id\":\"https:\/\/reklameskolen.devz.no\/barneskole\/nn\/til-laeraren\/#breadcrumb\",\"itemListElement\":[{\"@type\":\"ListItem\",\"position\":1,\"name\":\"Home\",\"item\":\"https:\/\/reklameskolen.devz.no\/barneskole\/nn\/\"},{\"@type\":\"ListItem\",\"position\":2,\"name\":\"Til l\u00e6raren\"}]},{\"@type\":\"WebSite\",\"@id\":\"https:\/\/reklameskolen.devz.no\/barneskole\/nn\/#website\",\"url\":\"https:\/\/reklameskolen.devz.no\/barneskole\/nn\/\",\"name\":\"Barneskole - Nynorsk\",\"description\":\"Oppl\u00e6ringsverkt\u00f8y om reklame\",\"publisher\":{\"@id\":\"https:\/\/reklameskolen.devz.no\/barneskole\/nn\/#organization\"},\"potentialAction\":[{\"@type\":\"SearchAction\",\"target\":{\"@type\":\"EntryPoint\",\"urlTemplate\":\"https:\/\/reklameskolen.devz.no\/barneskole\/nn\/?s={search_term_string}\"},\"query-input\":{\"@type\":\"PropertyValueSpecification\",\"valueRequired\":true,\"valueName\":\"search_term_string\"}}],\"inLanguage\":\"nn-NO\"},{\"@type\":\"Organization\",\"@id\":\"https:\/\/reklameskolen.devz.no\/barneskole\/nn\/#organization\",\"name\":\"Barneskole - Nynorsk\",\"url\":\"https:\/\/reklameskolen.devz.no\/barneskole\/nn\/\",\"logo\":{\"@type\":\"ImageObject\",\"inLanguage\":\"nn-NO\",\"@id\":\"https:\/\/reklameskolen.devz.no\/barneskole\/nn\/#\/schema\/logo\/image\/\",\"url\":\"https:\/\/reklameskolen.devz.no\/wp-content\/uploads\/2023\/08\/Reklameskolen-Logo-01.png\",\"contentUrl\":\"https:\/\/reklameskolen.devz.no\/wp-content\/uploads\/2023\/08\/Reklameskolen-Logo-01.png\",\"caption\":\"Barneskole - Nynorsk\"},\"image\":{\"@id\":\"https:\/\/reklameskolen.devz.no\/barneskole\/nn\/#\/schema\/logo\/image\/\"}}]}<\/script>\n<!-- \/ Yoast SEO plugin. -->","yoast_head_json":{"title":"Til l\u00e6raren - Barneskole - Nynorsk","robots":{"index":"index","follow":"follow","max-snippet":"max-snippet:-1","max-image-preview":"max-image-preview:large","max-video-preview":"max-video-preview:-1"},"canonical":"https:\/\/reklameskolen.devz.no\/barneskole\/nn\/til-laeraren\/","og_locale":"nn_NO","og_type":"article","og_title":"Til l\u00e6raren - Barneskole - Nynorsk","og_description":"Til l\u00e6raren Reklameskolen er eit gratis digitalt undervisningsverkt\u00f8y om reklame utvikla av Forbrukertilsynet p\u00e5 oppdrag fr\u00e5 Barne- og familiedepartementet. Barn og unge i dag m\u00f8ter reklame heile tida. I butikken, p\u00e5 skolen, i sosiale medium, i spel og p\u00e5 fritidsaktivitetar, for eksempel. Det er reklame overalt, og det er ikkje alltid like lett \u00e5 vite [&hellip;]","og_url":"https:\/\/reklameskolen.devz.no\/barneskole\/nn\/til-laeraren\/","og_site_name":"Barneskole - Nynorsk","article_modified_time":"2024-05-08T10:47:02+00:00","twitter_card":"summary_large_image","twitter_misc":{"Est. reading time":"3 minutes"},"schema":{"@context":"https:\/\/schema.org","@graph":[{"@type":"WebPage","@id":"https:\/\/reklameskolen.devz.no\/barneskole\/nn\/til-laeraren\/","url":"https:\/\/reklameskolen.devz.no\/barneskole\/nn\/til-laeraren\/","name":"Til l\u00e6raren - Barneskole - Nynorsk","isPartOf":{"@id":"https:\/\/reklameskolen.devz.no\/barneskole\/nn\/#website"},"primaryImageOfPage":{"@id":"https:\/\/reklameskolen.devz.no\/barneskole\/nn\/til-laeraren\/#primaryimage"},"image":{"@id":"https:\/\/reklameskolen.devz.no\/barneskole\/nn\/til-laeraren\/#primaryimage"},"thumbnailUrl":"https:\/\/reklameskolen.devz.no\/barneskole\/files\/2024\/05\/award.png","datePublished":"2023-08-24T08:38:48+00:00","dateModified":"2024-05-08T10:47:02+00:00","breadcrumb":{"@id":"https:\/\/reklameskolen.devz.no\/barneskole\/nn\/til-laeraren\/#breadcrumb"},"inLanguage":"nn-NO","potentialAction":[{"@type":"ReadAction","target":["https:\/\/reklameskolen.devz.no\/barneskole\/nn\/til-laeraren\/"]}]},{"@type":"ImageObject","inLanguage":"nn-NO","@id":"https:\/\/reklameskolen.devz.no\/barneskole\/nn\/til-laeraren\/#primaryimage","url":"https:\/\/reklameskolen.devz.no\/barneskole\/files\/2024\/05\/award.png","contentUrl":"https:\/\/reklameskolen.devz.no\/barneskole\/files\/2024\/05\/award.png"},{"@type":"BreadcrumbList","@id":"https:\/\/reklameskolen.devz.no\/barneskole\/nn\/til-laeraren\/#breadcrumb","itemListElement":[{"@type":"ListItem","position":1,"name":"Home","item":"https:\/\/reklameskolen.devz.no\/barneskole\/nn\/"},{"@type":"ListItem","position":2,"name":"Til l\u00e6raren"}]},{"@type":"WebSite","@id":"https:\/\/reklameskolen.devz.no\/barneskole\/nn\/#website","url":"https:\/\/reklameskolen.devz.no\/barneskole\/nn\/","name":"Barneskole - Nynorsk","description":"Oppl\u00e6ringsverkt\u00f8y om reklame","publisher":{"@id":"https:\/\/reklameskolen.devz.no\/barneskole\/nn\/#organization"},"potentialAction":[{"@type":"SearchAction","target":{"@type":"EntryPoint","urlTemplate":"https:\/\/reklameskolen.devz.no\/barneskole\/nn\/?s={search_term_string}"},"query-input":{"@type":"PropertyValueSpecification","valueRequired":true,"valueName":"search_term_string"}}],"inLanguage":"nn-NO"},{"@type":"Organization","@id":"https:\/\/reklameskolen.devz.no\/barneskole\/nn\/#organization","name":"Barneskole - Nynorsk","url":"https:\/\/reklameskolen.devz.no\/barneskole\/nn\/","logo":{"@type":"ImageObject","inLanguage":"nn-NO","@id":"https:\/\/reklameskolen.devz.no\/barneskole\/nn\/#\/schema\/logo\/image\/","url":"https:\/\/reklameskolen.devz.no\/wp-content\/uploads\/2023\/08\/Reklameskolen-Logo-01.png","contentUrl":"https:\/\/reklameskolen.devz.no\/wp-content\/uploads\/2023\/08\/Reklameskolen-Logo-01.png","caption":"Barneskole - Nynorsk"},"image":{"@id":"https:\/\/reklameskolen.devz.no\/barneskole\/nn\/#\/schema\/logo\/image\/"}}]}},"_links":{"self":[{"href":"https:\/\/reklameskolen.devz.no\/barneskole\/nn\/wp-json\/wp\/v2\/pages\/4943","targetHints":{"allow":["GET"]}}],"collection":[{"href":"https:\/\/reklameskolen.devz.no\/barneskole\/nn\/wp-json\/wp\/v2\/pages"}],"about":[{"href":"https:\/\/reklameskolen.devz.no\/barneskole\/nn\/wp-json\/wp\/v2\/types\/page"}],"author":[{"embeddable":true,"href":"https:\/\/reklameskolen.devz.no\/barneskole\/nn\/wp-json\/wp\/v2\/users\/4"}],"replies":[{"embeddable":true,"href":"https:\/\/reklameskolen.devz.no\/barneskole\/nn\/wp-json\/wp\/v2\/comments?post=4943"}],"version-history":[{"count":15,"href":"https:\/\/reklameskolen.devz.no\/barneskole\/nn\/wp-json\/wp\/v2\/pages\/4943\/revisions"}],"predecessor-version":[{"id":5173,"href":"https:\/\/reklameskolen.devz.no\/barneskole\/nn\/wp-json\/wp\/v2\/pages\/4943\/revisions\/5173"}],"wp:attachment":[{"href":"https:\/\/reklameskolen.devz.no\/barneskole\/nn\/wp-json\/wp\/v2\/media?parent=4943"}],"curies":[{"name":"wp","href":"https:\/\/api.w.org\/{rel}","templated":true}]}}