{"id":4960,"date":"2023-08-28T14:46:07","date_gmt":"2023-08-28T12:46:07","guid":{"rendered":"https:\/\/reklameskolen.devz.no\/barneskole\/nn\/?page_id=4960"},"modified":"2023-08-28T14:46:07","modified_gmt":"2023-08-28T12:46:07","slug":"laerarrettleiing","status":"publish","type":"page","link":"https:\/\/reklameskolen.devz.no\/barneskole\/nn\/laerarrettleiing\/","title":{"rendered":"L\u00e6rarrettleiing"},"content":{"rendered":"\n<h1 class=\"wp-block-heading\">L\u00e6rarrettleiing<\/h1>\n\n\n\n<p>Reklameskolen best\u00e5r av to delar. Del 1 tek for seg kva reklame er, kva som er form\u00e5let med reklame og kva verkemiddel reklamebransjen bruker for \u00e5 p\u00e5verke oss. Del 2 tek for seg seks ulike arenaer der elevane m\u00f8ter reklame:<\/p>\n\n\n\n<ol class=\"wp-block-list\" type=\"1\">\n<li><a href=\"https:\/\/reklameskolen.devz.no\/barneskole\/reklame-i-sosiale-medier\/\">Sosiale medium<\/a><\/li>\n\n\n\n<li><a href=\"https:\/\/reklameskolen.devz.no\/barneskole\/reklame-i-spill\/\">Spel<\/a><\/li>\n\n\n\n<li><a href=\"https:\/\/reklameskolen.devz.no\/barneskole\/reklame-pa-skolen\/\">Skolen<\/a><\/li>\n\n\n\n<li><a href=\"https:\/\/reklameskolen.devz.no\/barneskole\/reklame-rundt-oss\/\">Inne og ute<\/a> (buss, plakater, info-skjermer og lignende)<\/li>\n\n\n\n<li><a href=\"https:\/\/reklameskolen.devz.no\/barneskole\/reklame-i-alle-kanaler\/\">TV, mobil og PC<\/a><\/li>\n\n\n\n<li><a href=\"https:\/\/reklameskolen.devz.no\/barneskole\/reklame-i-butikken\/\">Butikken<\/a><\/li>\n<\/ol>\n\n\n\n<p>Reklameskolen er utvikla som eit komplett digitalt oppl\u00e6ringsverkt\u00f8y, der elevane l\u00e6rer om reklame gjennom tekstar, videoar og interaktive oppg\u00e5ver. Elevane kan jobbe med Reklameskolen p\u00e5 eiga hand, men opplegget fungerer best i ei klasseromssetting der elevane kan diskutere enkelte tema og problemstillingar med kvarandre.<\/p>\n\n\n\n<p>Heile Reklameskolen kan gjennomf\u00f8rast p\u00e5 ca. tre til fire timar. Mens dei eldste elevane fint kan komme gjennom Reklameskolen p\u00e5 eit par timar, vil nok dei yngste \u2013 s\u00e6rleg 5. trinn \u2013 trenge meir tid.<\/p>\n\n\n\n<p>Nedanfor finn du forslag til framgangsm\u00e5te. Det er naturlegvis \u00f2g mogleg \u00e5 tilpasse opplegget. For eksempel kan du godt gi delar av opplegget i lekse, eller elevane kan sj\u00e5 nokre av videoane enkeltvis i staden for i plenum.<\/p>\n\n\n\n<h2 class=\"wp-block-heading\">F\u00f8r du g\u00e5r i gong<\/h2>\n\n\n\n<p>Det kan vere ein god ide \u00e5 g\u00e5 gjennom Reklameskolen p\u00e5 eiga hand f\u00f8r du gjennomf\u00f8rer opplegget med elevane. Dette vil ta omtrent 20\u201330 minutt. Slik kan du gjere deg kjent med oppsettet, sidestrukturen og innhaldet.<\/p>\n\n\n\n<p>Elevane treng PC eller nettbrett for \u00e5 gjennomf\u00f8re Reklameskolen, og dei m\u00e5 ha tilgang til internett. Headset\/\u00f8yreproppar kan \u00f2g vere lurt. Du b\u00f8r ha Smartboard eller PC kopla til prosjektor\/storskjerm slik at du kan vise videoar og oppg\u00e5ver i plenum.<\/p>\n\n\n\n<h2 class=\"wp-block-heading\">Reklamebrillene<\/h2>\n\n\n\n<p>Reklamebrillene er ein metafor som blir brukt gjennom heile Reklameskolen. Omgrepet blir forklart i <a href=\"https:\/\/reklameskolen.devz.no\/barneskole\/reklamebrillene\/\">denne videoen<\/a>, men ordet blir brukt i fleire av filmane. Reklamebrillene viser at det er mogleg \u00e5 trene seg opp til \u00e5 kjenne igjen reklame. Det skal minne elevane p\u00e5 \u00e5 vere medvitne p\u00e5 kva som er reklame, og p\u00e5 korleis dei blir p\u00e5verka av den.<\/p>\n\n\n\n<h2 class=\"wp-block-heading\">Del 1<\/h2>\n\n\n\n<ul class=\"wp-block-list\">\n<li>Sj\u00e5 <a href=\"https:\/\/reklameskolen.devz.no\/barneskole\/reklame-pavirker-deg\/\">den f\u00f8rste videoen<\/a> i plenum. Diskuter i klasserommet: Kva er reklame? Kvifor finst det reklame? Blir vi p\u00e5verka av reklame? Kva er bra med reklame? Kva er dumt? Kan vi gjere noko for \u00e5 bli mindre p\u00e5verka?<\/li>\n\n\n\n<li>La elevane jobbe sj\u00f8lvstendig med oppg\u00e5va \u00ab<a href=\"https:\/\/reklameskolen.devz.no\/barneskole\/kjenner-du-igjen-reklamen\/\">Kjenner du igjen reklamen<\/a>\u00bb, og lese tekstane \u00abBetalt bodskap\u00bb og \u00abKven seier kva til kven?\u00bb.<\/li>\n\n\n\n<li>G\u00e5 gjennom ordlista i \u00abKven seier kva til kven?\u00bb i plenum. Kven er avsendaren og mottakaren av reklame? Kva er bodskapen, og kven er eigentleg annons\u00f8ren?<\/li>\n\n\n\n<li>La elevane jobbe sj\u00f8lvstendig med oppg\u00e5va \u00ab<a href=\"https:\/\/reklameskolen.devz.no\/barneskole\/hvem-sier-hva-til-hvem\/finn-annonsoren\/\">Finn annons\u00f8ren<\/a>\u00bb. G\u00e5 gjennom svara i plenum dersom du ser at det er behov for dette.<\/li>\n\n\n\n<li>Sj\u00e5 videoen \u00ab<a href=\"https:\/\/reklameskolen.devz.no\/barneskole\/virkemidler-i-reklame\/\">Verkemiddel i reklame<\/a>\u00bb i fellesskap. Diskuter i plenum: Kva betyr det \u00e5 ta p\u00e5 reklamebrillene? Kvifor er det lurt?<\/li>\n\n\n\n<li>La elevane lese tekstane \u00abViktige verkt\u00f8y\u00bb, \u00abOrd som verkar\u00bb, \u00abFargar som fortel\u00bb og \u00abVaremerke og merkevarer\u00bb. Diskuter i klassen: Kva er sponsing? Har de eksempel p\u00e5 at firma bruker kjende personar til merkevarebygging? Har dei vore med p\u00e5 arrangement eller kjenner de til lag som har blitt sponsa?<\/li>\n\n\n\n<li>La elevane l\u00f8yse oppg\u00e5va \u00ab<a href=\"https:\/\/reklameskolen.devz.no\/barneskole\/varemerker-og-merkevarer\/hvem-reklamerer-de-for\/\">Kven reklamerer dei for<\/a>\u00bb. Her kan det vere ein fordel at elevane jobbar saman i sm\u00e5 grupper p\u00e5 tre eller fire, gjerne b\u00e5de jenter og gutar p\u00e5 kvar gruppe.<\/li>\n\n\n\n<li>La elevane g\u00e5 gjennom sidene \u00abBilde som lyg\u00bb og \u00abKva er retusjert reklame?\u00bb p\u00e5 eiga hand. Diskuter i klassen: Har de sett merka? Og kva tenker de n\u00e5r de ser det? Korleis kan retusjert reklame f\u00f8re til kroppspress? Hjelper det at den retusjerte reklamen er merkt?<\/li>\n\n\n\n<li>Sj\u00e5 <a href=\"https:\/\/reklameskolen.devz.no\/barneskole\/den-digitale-halen\/\">filmen om den digitale halen<\/a> i plenum. La elevane kvar for seg lese teksten \u00abAlgoritmane ser deg\u00bb. Diskuter i klassen: Kvifor f\u00e5r du opp akkurat dei innlegga du ser i sosiale medium? Korleis bruker algoritmane informasjon om deg? Er det fint eller dumt at du f\u00e5r reklame som passar til det du liker? Kva kan du gjere for at algoritmane skal vite mindre om deg?<\/li>\n\n\n\n<li>La elevane lese teksten \u00abReglar for reklame\u00bb og gjere oppg\u00e5va \u00abKva er lov?\u00bb p\u00e5 eiga hand. Diskuter i plenum: Kvifor er det eigne reglar for reklame til barn? Trur de reglane verkar?<\/li>\n\n\n\n<li>Oppsummer: Kva har de l\u00e6rt om reklame? Korleis kan de bruke det de har l\u00e6rt?<\/li>\n<\/ul>\n\n\n\n<h2 class=\"wp-block-heading\">Del 2<\/h2>\n\n\n\n<p>Denne delen best\u00e5r som nemnt av seks forskjellige omr\u00e5de kor elevane m\u00f8ter reklame i kvardagen. Det er mogleg \u00e5 g\u00e5 gjennom desse omr\u00e5da i den rekkef\u00f8lga de sj\u00f8lv \u00f8nsker, men vi har sett opp eit forslag under.<\/p>\n\n\n\n<p>Det er naturlegvis \u00f2g mogleg \u00e5 berre velje ut nokre omr\u00e5de du \u00f8nsker \u00e5 g\u00e5 gjennom.<\/p>\n\n\n\n<h3 class=\"wp-block-heading\">Forslag til gjennomf\u00f8ring:<\/h3>\n\n\n\n<h4 class=\"wp-block-heading\"><strong>Heimelekse<\/strong>: <\/h4>\n\n\n\n<p>La elevane sj\u00e5 videoen om <a href=\"https:\/\/reklameskolen.devz.no\/barneskole\/reklamebrillene\/\">reklamebrillene<\/a>.<\/p>\n\n\n\n<p>Det er naturlegvis \u00f2g mogleg \u00e5 sj\u00e5 denne filmen saman p\u00e5 skolen.<\/p>\n\n\n\n<h4 class=\"wp-block-heading\">P\u00e5 skolen:<\/h4>\n\n\n\n<ol class=\"wp-block-list\" type=\"1\">\n<li><strong>Reklame i sosiale medium<\/strong><br>Sj\u00e5 videoen i plenum. Diskuter i klassen: Kva er ein influensar? Kva influensarar veit de om? Korleis tener dei pengane sine?<br>La elevane jobbe med sidene \u00abKva er ein influensar?\u00bb, \u00abEin dag i livet mitt\u00bb, \u00abSynleg og usynleg\u00bb og \u00abFinn reklamemerkinga\u00bb p\u00e5 eiga hand.<\/li>\n\n\n\n<li><strong>Reklame i spel<\/strong><br>Sj\u00e5 videoen i plenum. Diskuter i klassen: Har du opplevd reklame i spel? Synest du det er lett \u00e5 sj\u00e5 kva som er reklame i spel? Har du opplevd at det kan koste pengar \u00e5 kj\u00f8pe ting i gratisspel?<br>La elevane lese teksten \u00abPengar og produkt\u00bb og jobbe med oppg\u00e5va \u00abFinn reklamen\u00bb p\u00e5 eiga hand.<\/li>\n\n\n\n<li><strong>Reklame p\u00e5 skolen<\/strong><br>La elevane lese teksten \u00abReklame p\u00e5 skolen\u00bb p\u00e5 eiga hand.<br>Diskuter i klassen: Er det reklame p\u00e5 skolen deira? Kvifor er noko reklame lov p\u00e5 skolen, mens andre typar reklame ikkje er det?<br>La elevane jobbe sj\u00f8lvstendig med \u00abEr dette lov p\u00e5 skolen?\u00bb.<\/li>\n\n\n\n<li><strong>Inne og ute<\/strong><br>Dette temaet kan elevane jobbe med p\u00e5 eiga hand.<\/li>\n\n\n\n<li><strong>TV, mobil og PC<\/strong><br>La elevane lese teksten \u00abReklame i alle kanalar\u00bb.<br>Diskuter i klassen: Veit de om nokre eksempel p\u00e5 produktplassering? Kvifor betaler firma for denne typen reklame? Kvifor trur de produktplassering m\u00e5 merkast?<br>La elevane jobbe sj\u00f8lvstendig med oppg\u00e5va \u00abFinn du produktplasseringa?\u00bb.<\/li>\n\n\n\n<li><strong>I butikken<\/strong><br>Dette temaet kan elevane jobbe med p\u00e5 eiga hand.<\/li>\n<\/ol>\n\n\n\n<h2 class=\"wp-block-heading\">Oppsummering<\/h2>\n\n\n\n<p>Diskuter i klassen: Har de l\u00e6rt noko nytt om reklame? Kva overraska dykk mest? Kva kjem de til \u00e5 hugse best?<\/p>\n\n\n\n<p><\/p>\n","protected":false},"excerpt":{"rendered":"<p>L\u00e6rarrettleiing Reklameskolen best\u00e5r av to delar. Del 1 tek for seg kva reklame er, kva som er form\u00e5let med reklame og kva verkemiddel reklamebransjen bruker for \u00e5 p\u00e5verke oss. Del 2 tek for seg seks ulike arenaer der elevane m\u00f8ter reklame: Reklameskolen er utvikla som eit komplett digitalt oppl\u00e6ringsverkt\u00f8y, der elevane l\u00e6rer om reklame gjennom [&hellip;]<\/p>\n","protected":false},"author":4,"featured_media":0,"parent":0,"menu_order":0,"comment_status":"closed","ping_status":"closed","template":"","meta":{"_acf_changed":false,"editor_notices":[],"footnotes":""},"class_list":["post-4960","page","type-page","status-publish","hentry"],"blocksy_meta":[],"acf":[],"yoast_head":"<!-- This site is optimized with the Yoast SEO plugin v25.9 - https:\/\/yoast.com\/wordpress\/plugins\/seo\/ -->\n<title>L\u00e6rarrettleiing - Barneskole - Nynorsk<\/title>\n<meta name=\"robots\" content=\"index, follow, max-snippet:-1, max-image-preview:large, max-video-preview:-1\" \/>\n<link rel=\"canonical\" href=\"https:\/\/reklameskolen.devz.no\/barneskole\/nn\/laerarrettleiing\/\" \/>\n<meta property=\"og:locale\" content=\"nn_NO\" \/>\n<meta property=\"og:type\" content=\"article\" \/>\n<meta property=\"og:title\" content=\"L\u00e6rarrettleiing - Barneskole - Nynorsk\" \/>\n<meta property=\"og:description\" content=\"L\u00e6rarrettleiing Reklameskolen best\u00e5r av to delar. Del 1 tek for seg kva reklame er, kva som er form\u00e5let med reklame og kva verkemiddel reklamebransjen bruker for \u00e5 p\u00e5verke oss. Del 2 tek for seg seks ulike arenaer der elevane m\u00f8ter reklame: Reklameskolen er utvikla som eit komplett digitalt oppl\u00e6ringsverkt\u00f8y, der elevane l\u00e6rer om reklame gjennom [&hellip;]\" \/>\n<meta property=\"og:url\" content=\"https:\/\/reklameskolen.devz.no\/barneskole\/nn\/laerarrettleiing\/\" \/>\n<meta property=\"og:site_name\" content=\"Barneskole - Nynorsk\" \/>\n<meta name=\"twitter:card\" content=\"summary_large_image\" \/>\n<meta name=\"twitter:label1\" content=\"Est. reading time\" \/>\n\t<meta name=\"twitter:data1\" content=\"5 minutes\" \/>\n<script type=\"application\/ld+json\" class=\"yoast-schema-graph\">{\"@context\":\"https:\/\/schema.org\",\"@graph\":[{\"@type\":\"WebPage\",\"@id\":\"https:\/\/reklameskolen.devz.no\/barneskole\/nn\/laerarrettleiing\/\",\"url\":\"https:\/\/reklameskolen.devz.no\/barneskole\/nn\/laerarrettleiing\/\",\"name\":\"L\u00e6rarrettleiing - Barneskole - Nynorsk\",\"isPartOf\":{\"@id\":\"https:\/\/reklameskolen.devz.no\/barneskole\/nn\/#website\"},\"datePublished\":\"2023-08-28T12:46:07+00:00\",\"breadcrumb\":{\"@id\":\"https:\/\/reklameskolen.devz.no\/barneskole\/nn\/laerarrettleiing\/#breadcrumb\"},\"inLanguage\":\"nn-NO\",\"potentialAction\":[{\"@type\":\"ReadAction\",\"target\":[\"https:\/\/reklameskolen.devz.no\/barneskole\/nn\/laerarrettleiing\/\"]}]},{\"@type\":\"BreadcrumbList\",\"@id\":\"https:\/\/reklameskolen.devz.no\/barneskole\/nn\/laerarrettleiing\/#breadcrumb\",\"itemListElement\":[{\"@type\":\"ListItem\",\"position\":1,\"name\":\"Home\",\"item\":\"https:\/\/reklameskolen.devz.no\/barneskole\/nn\/\"},{\"@type\":\"ListItem\",\"position\":2,\"name\":\"L\u00e6rarrettleiing\"}]},{\"@type\":\"WebSite\",\"@id\":\"https:\/\/reklameskolen.devz.no\/barneskole\/nn\/#website\",\"url\":\"https:\/\/reklameskolen.devz.no\/barneskole\/nn\/\",\"name\":\"Barneskole - Nynorsk\",\"description\":\"Oppl\u00e6ringsverkt\u00f8y om reklame\",\"publisher\":{\"@id\":\"https:\/\/reklameskolen.devz.no\/barneskole\/nn\/#organization\"},\"potentialAction\":[{\"@type\":\"SearchAction\",\"target\":{\"@type\":\"EntryPoint\",\"urlTemplate\":\"https:\/\/reklameskolen.devz.no\/barneskole\/nn\/?s={search_term_string}\"},\"query-input\":{\"@type\":\"PropertyValueSpecification\",\"valueRequired\":true,\"valueName\":\"search_term_string\"}}],\"inLanguage\":\"nn-NO\"},{\"@type\":\"Organization\",\"@id\":\"https:\/\/reklameskolen.devz.no\/barneskole\/nn\/#organization\",\"name\":\"Barneskole - Nynorsk\",\"url\":\"https:\/\/reklameskolen.devz.no\/barneskole\/nn\/\",\"logo\":{\"@type\":\"ImageObject\",\"inLanguage\":\"nn-NO\",\"@id\":\"https:\/\/reklameskolen.devz.no\/barneskole\/nn\/#\/schema\/logo\/image\/\",\"url\":\"https:\/\/reklameskolen.devz.no\/wp-content\/uploads\/2023\/08\/Reklameskolen-Logo-01.png\",\"contentUrl\":\"https:\/\/reklameskolen.devz.no\/wp-content\/uploads\/2023\/08\/Reklameskolen-Logo-01.png\",\"caption\":\"Barneskole - Nynorsk\"},\"image\":{\"@id\":\"https:\/\/reklameskolen.devz.no\/barneskole\/nn\/#\/schema\/logo\/image\/\"}}]}<\/script>\n<!-- \/ Yoast SEO plugin. -->","yoast_head_json":{"title":"L\u00e6rarrettleiing - Barneskole - Nynorsk","robots":{"index":"index","follow":"follow","max-snippet":"max-snippet:-1","max-image-preview":"max-image-preview:large","max-video-preview":"max-video-preview:-1"},"canonical":"https:\/\/reklameskolen.devz.no\/barneskole\/nn\/laerarrettleiing\/","og_locale":"nn_NO","og_type":"article","og_title":"L\u00e6rarrettleiing - Barneskole - Nynorsk","og_description":"L\u00e6rarrettleiing Reklameskolen best\u00e5r av to delar. Del 1 tek for seg kva reklame er, kva som er form\u00e5let med reklame og kva verkemiddel reklamebransjen bruker for \u00e5 p\u00e5verke oss. Del 2 tek for seg seks ulike arenaer der elevane m\u00f8ter reklame: Reklameskolen er utvikla som eit komplett digitalt oppl\u00e6ringsverkt\u00f8y, der elevane l\u00e6rer om reklame gjennom [&hellip;]","og_url":"https:\/\/reklameskolen.devz.no\/barneskole\/nn\/laerarrettleiing\/","og_site_name":"Barneskole - Nynorsk","twitter_card":"summary_large_image","twitter_misc":{"Est. reading time":"5 minutes"},"schema":{"@context":"https:\/\/schema.org","@graph":[{"@type":"WebPage","@id":"https:\/\/reklameskolen.devz.no\/barneskole\/nn\/laerarrettleiing\/","url":"https:\/\/reklameskolen.devz.no\/barneskole\/nn\/laerarrettleiing\/","name":"L\u00e6rarrettleiing - Barneskole - Nynorsk","isPartOf":{"@id":"https:\/\/reklameskolen.devz.no\/barneskole\/nn\/#website"},"datePublished":"2023-08-28T12:46:07+00:00","breadcrumb":{"@id":"https:\/\/reklameskolen.devz.no\/barneskole\/nn\/laerarrettleiing\/#breadcrumb"},"inLanguage":"nn-NO","potentialAction":[{"@type":"ReadAction","target":["https:\/\/reklameskolen.devz.no\/barneskole\/nn\/laerarrettleiing\/"]}]},{"@type":"BreadcrumbList","@id":"https:\/\/reklameskolen.devz.no\/barneskole\/nn\/laerarrettleiing\/#breadcrumb","itemListElement":[{"@type":"ListItem","position":1,"name":"Home","item":"https:\/\/reklameskolen.devz.no\/barneskole\/nn\/"},{"@type":"ListItem","position":2,"name":"L\u00e6rarrettleiing"}]},{"@type":"WebSite","@id":"https:\/\/reklameskolen.devz.no\/barneskole\/nn\/#website","url":"https:\/\/reklameskolen.devz.no\/barneskole\/nn\/","name":"Barneskole - Nynorsk","description":"Oppl\u00e6ringsverkt\u00f8y om reklame","publisher":{"@id":"https:\/\/reklameskolen.devz.no\/barneskole\/nn\/#organization"},"potentialAction":[{"@type":"SearchAction","target":{"@type":"EntryPoint","urlTemplate":"https:\/\/reklameskolen.devz.no\/barneskole\/nn\/?s={search_term_string}"},"query-input":{"@type":"PropertyValueSpecification","valueRequired":true,"valueName":"search_term_string"}}],"inLanguage":"nn-NO"},{"@type":"Organization","@id":"https:\/\/reklameskolen.devz.no\/barneskole\/nn\/#organization","name":"Barneskole - Nynorsk","url":"https:\/\/reklameskolen.devz.no\/barneskole\/nn\/","logo":{"@type":"ImageObject","inLanguage":"nn-NO","@id":"https:\/\/reklameskolen.devz.no\/barneskole\/nn\/#\/schema\/logo\/image\/","url":"https:\/\/reklameskolen.devz.no\/wp-content\/uploads\/2023\/08\/Reklameskolen-Logo-01.png","contentUrl":"https:\/\/reklameskolen.devz.no\/wp-content\/uploads\/2023\/08\/Reklameskolen-Logo-01.png","caption":"Barneskole - Nynorsk"},"image":{"@id":"https:\/\/reklameskolen.devz.no\/barneskole\/nn\/#\/schema\/logo\/image\/"}}]}},"_links":{"self":[{"href":"https:\/\/reklameskolen.devz.no\/barneskole\/nn\/wp-json\/wp\/v2\/pages\/4960","targetHints":{"allow":["GET"]}}],"collection":[{"href":"https:\/\/reklameskolen.devz.no\/barneskole\/nn\/wp-json\/wp\/v2\/pages"}],"about":[{"href":"https:\/\/reklameskolen.devz.no\/barneskole\/nn\/wp-json\/wp\/v2\/types\/page"}],"author":[{"embeddable":true,"href":"https:\/\/reklameskolen.devz.no\/barneskole\/nn\/wp-json\/wp\/v2\/users\/4"}],"replies":[{"embeddable":true,"href":"https:\/\/reklameskolen.devz.no\/barneskole\/nn\/wp-json\/wp\/v2\/comments?post=4960"}],"version-history":[{"count":15,"href":"https:\/\/reklameskolen.devz.no\/barneskole\/nn\/wp-json\/wp\/v2\/pages\/4960\/revisions"}],"predecessor-version":[{"id":4975,"href":"https:\/\/reklameskolen.devz.no\/barneskole\/nn\/wp-json\/wp\/v2\/pages\/4960\/revisions\/4975"}],"wp:attachment":[{"href":"https:\/\/reklameskolen.devz.no\/barneskole\/nn\/wp-json\/wp\/v2\/media?parent=4960"}],"curies":[{"name":"wp","href":"https:\/\/api.w.org\/{rel}","templated":true}]}}