{"id":5005,"date":"2023-10-17T14:19:20","date_gmt":"2023-10-17T12:19:20","guid":{"rendered":"https:\/\/reklameskolen.devz.no\/barneskole\/nn\/?page_id=5005"},"modified":"2023-10-17T14:25:11","modified_gmt":"2023-10-17T12:25:11","slug":"videoar","status":"publish","type":"page","link":"https:\/\/reklameskolen.devz.no\/barneskole\/nn\/videoar\/","title":{"rendered":"Videoar"},"content":{"rendered":"\n<h1 class=\"wp-block-heading\">Videoar<\/h1>\n\n\n\n<h2 class=\"wp-block-heading\"><strong>Her finn du ei oversikt over alle videoane p\u00e5 Reklameskolen for mellomtrinnet:<\/strong><\/h2>\n\n\n\n<div class=\"wp-block-media-text is-stacked-on-mobile\" style=\"grid-template-columns:25% auto\"><figure class=\"wp-block-media-text__media\"><a href=\"https:\/\/reklameskolen.devz.no\/barneskole\/nn\/reklame-pavirkar-deg\/\"><img decoding=\"async\" src=\"https:\/\/reklameskolen.devz.no\/barneskole\/files\/2023\/10\/Reklameskolen-YouTube.png\" alt=\"Skjermbilde fra video for Reklameskolen. Illustrasjonen viser en gutt som ligger p\u00e5 en sofa med en mobil i h\u00e5nda. Bak ham kan vi se en TV. Teksten nederst p\u00e5 skjermen sl\u00e5r fast at &quot;Det er reklame over alt&quot;.\" class=\"wp-image-4801 size-full\"\/><\/a><\/figure><div class=\"wp-block-media-text__content\">\n<h3 class=\"wp-block-heading\"><a href=\"https:\/\/reklameskolen.devz.no\/barneskole\/nn\/reklame-pavirkar-deg\/\" target=\"_blank\" rel=\"noreferrer noopener\">Reklame p\u00e5verkar deg.<\/a><\/h3>\n\n\n\n<p>Det er reklame over alt. Men kva er eigentleg reklame? Og korleis p\u00e5verkar reklamen oss?<\/p>\n<\/div><\/div>\n\n\n\n<div class=\"wp-block-media-text is-stacked-on-mobile\" style=\"grid-template-columns:25% auto\"><figure class=\"wp-block-media-text__media\"><a href=\"https:\/\/reklameskolen.devz.no\/barneskole\/nn\/verkemiddel-i-reklame\/\"><img decoding=\"async\" src=\"https:\/\/reklameskolen.devz.no\/barneskole\/files\/2023\/10\/Virkemidler-i-reklame-YouTube.png\" alt=\"Illustrasjon av en buss med en reklameplakat. Plakaten viser to leende barn, og har teksten &quot;Lekeland - moro for hele familien&quot;.\" class=\"wp-image-4800 size-full\"\/><\/a><\/figure><div class=\"wp-block-media-text__content\">\n<h3 class=\"wp-block-heading\"><a href=\"https:\/\/reklameskolen.devz.no\/barneskole\/nn\/verkemiddel-i-reklame\/\" target=\"_blank\" rel=\"noreferrer noopener\">Verkemiddel i reklame<\/a><\/h3>\n\n\n\n<p>Dei som lagar reklame, bruker mange forskjellige verkemiddel for \u00e5 p\u00e5verke deg. Om du tek p\u00e5 deg reklamebrillene og ser n\u00f8ye etter, blir det lettare \u00e5 skj\u00f8nne korleis reklamen verkar.<\/p>\n<\/div><\/div>\n\n\n\n<div class=\"wp-block-media-text is-stacked-on-mobile\" style=\"grid-template-columns:25% auto\"><figure class=\"wp-block-media-text__media\"><a href=\"https:\/\/reklameskolen.devz.no\/barneskole\/den-digitale-halen\/\"><img decoding=\"async\" src=\"https:\/\/reklameskolen.devz.no\/barneskole\/files\/2023\/10\/Hvor-lang-er-den-digitale-halen-din_-YouTube.png\" alt=\"Skjermdump fra filmen &quot;Hvor lang er den digitale halen din?&quot;. P\u00e5 skjermen ser vi en telefon med en video med Finn Myrstad fra Forbrukerr\u00e5det. I bagfunnen ser vi en bardisk.\" class=\"wp-image-4803 size-full\"\/><\/a><\/figure><div class=\"wp-block-media-text__content\">\n<h3 class=\"wp-block-heading\"><a rel=\"noreferrer noopener\" href=\"https:\/\/reklameskolen.devz.no\/barneskole\/den-digitale-halen\/\" target=\"_blank\">Den digitale halen<\/a> (fr\u00e5 Medietilsynet og Forbrukarr\u00e5det)<\/h3>\n\n\n\n<p>Mange firma f\u00f8lger med p\u00e5 kva du gjer p\u00e5 nett. Dei veit kva du liker, kva du pleier \u00e5 kj\u00f8pe, og kven vennane dine er. Alt dette blir til ein digital hale av informasjon som du sleper med deg overalt p\u00e5 nettet.<\/p>\n<\/div><\/div>\n\n\n\n<div class=\"wp-block-media-text is-stacked-on-mobile\" style=\"grid-template-columns:25% auto\"><figure class=\"wp-block-media-text__media\"><a href=\"https:\/\/reklameskolen.devz.no\/barneskole\/nn\/reklamebrillene\/\"><img decoding=\"async\" src=\"https:\/\/reklameskolen.devz.no\/barneskole\/files\/2023\/10\/Se-verden-med-reklamebriller-YouTube.png\" alt=\"Skjermbilde fra videoen &quot;Se verden med reklamebriller&quot;. Bildet viser en gutt som ligger og sover. P\u00e5 nattbordet i forgrunnen ligger et par briller. Teksten nederst p\u00e5 skjermen lyder: &quot;s\u00e5 la oss utstyre Sondre her med et par &quot;reklamebriller&quot;.&quot;\" class=\"wp-image-4805 size-full\"\/><\/a><\/figure><div class=\"wp-block-media-text__content\">\n<h3 class=\"wp-block-heading\"><a href=\"https:\/\/reklameskolen.devz.no\/barneskole\/nn\/reklamebrillene\/\" target=\"_blank\" rel=\"noreferrer noopener\">Sj\u00e5 verda med reklamebriller<\/a><\/h3>\n\n\n\n<p>Det er ikkje alltid s\u00e5 lett \u00e5 vite kva bodskap som er betalt reklame. Tenk om det fanst reklamebriller som l\u00e9t deg sj\u00e5 kva som er reklame!<\/p>\n<\/div><\/div>\n\n\n\n<div class=\"wp-block-media-text is-stacked-on-mobile\" style=\"grid-template-columns:25% auto\"><figure class=\"wp-block-media-text__media\"><a href=\"https:\/\/reklameskolen.devz.no\/barneskole\/nn\/reklame-i-sosiale-medium\/\"><img decoding=\"async\" src=\"https:\/\/reklameskolen.devz.no\/barneskole\/files\/2023\/10\/Reklame-i-sosiale-medier-YouTube.png\" alt=\"Skjermbilde fra videoen &quot;Reklame i sosiale medier&quot;. Illustrasjonen viser to barn som ser p\u00e5 en influenser p\u00e5 en mobil. Teksten nederst p\u00e5 skjermen lyder &quot;Derfor er det ofte vanskelig \u00e5 vite hva influenserne faktisk liker selv&quot;.\" class=\"wp-image-4807 size-full\"\/><\/a><\/figure><div class=\"wp-block-media-text__content\">\n<h3 class=\"wp-block-heading\"><a href=\"https:\/\/reklameskolen.devz.no\/barneskole\/nn\/reklame-i-sosiale-medium\/\" target=\"_blank\" rel=\"noreferrer noopener\">Reklame i sosiale medium<\/a><\/h3>\n\n\n\n<p>Mange influensarar deler s\u00e5 mykje fr\u00e5 liva sine at det er lett \u00e5 tenke at du kjenner dei p\u00e5 ordentleg. Nesten som om dei var vennane dine. Men influensarar driv \u00f2g med reklame. Mange firma betaler dei for \u00e5 vise fram og skryte av tinga dei sel.<\/p>\n<\/div><\/div>\n\n\n\n<div class=\"wp-block-media-text is-stacked-on-mobile\" style=\"grid-template-columns:25% auto\"><figure class=\"wp-block-media-text__media\"><a href=\"https:\/\/reklameskolen.devz.no\/barneskole\/nn\/reklame-i-spel\/\"><img decoding=\"async\" src=\"https:\/\/reklameskolen.devz.no\/barneskole\/files\/2023\/10\/Reklame-i-spill-YouTube.png\" alt=\"Skjermbilde fra videoen &quot;Reklame i spill&quot;. Illustrasjonen viser to barn foran en skjerm hvor det st\u00e5r &quot;Game over&quot;. Teksten nederst p\u00e5 skjermen lyder &quot;umulig \u00e5 gj\u00f8re det bra uten \u00e5 kj\u00f8pe noe&quot;.\" class=\"wp-image-4809 size-full\"\/><\/a><\/figure><div class=\"wp-block-media-text__content\">\n<h3 class=\"wp-block-heading\"><a href=\"https:\/\/reklameskolen.devz.no\/barneskole\/nn\/reklame-i-spel\/\" target=\"_blank\" rel=\"noreferrer noopener\">Reklame i spel<\/a><\/h3>\n\n\n\n<p>Gaming er g\u00f8y! Men viss du ikkje passar p\u00e5, kan det fort bli dyrt. Mange spelselskap vil at du skal bruke s\u00e5 mykje pengar som mogleg i spela deira.<\/p>\n<\/div><\/div>\n\n\n\n<div style=\"height:100px\" aria-hidden=\"true\" class=\"wp-block-spacer\"><\/div>\n","protected":false},"excerpt":{"rendered":"<p>Videoar Her finn du ei oversikt over alle videoane p\u00e5 Reklameskolen for mellomtrinnet: Reklame p\u00e5verkar deg. Det er reklame over alt. Men kva er eigentleg reklame? Og korleis p\u00e5verkar reklamen oss? Verkemiddel i reklame Dei som lagar reklame, bruker mange forskjellige verkemiddel for \u00e5 p\u00e5verke deg. Om du tek p\u00e5 deg reklamebrillene og ser n\u00f8ye [&hellip;]<\/p>\n","protected":false},"author":4,"featured_media":0,"parent":0,"menu_order":0,"comment_status":"closed","ping_status":"closed","template":"","meta":{"_acf_changed":false,"editor_notices":[],"footnotes":""},"class_list":["post-5005","page","type-page","status-publish","hentry"],"blocksy_meta":[],"acf":[],"yoast_head":"<!-- This site is optimized with the Yoast SEO plugin v25.9 - https:\/\/yoast.com\/wordpress\/plugins\/seo\/ -->\n<title>Videoar - Barneskole - Nynorsk<\/title>\n<meta name=\"robots\" content=\"index, follow, max-snippet:-1, max-image-preview:large, max-video-preview:-1\" \/>\n<link rel=\"canonical\" href=\"https:\/\/reklameskolen.devz.no\/barneskole\/nn\/videoar\/\" \/>\n<meta property=\"og:locale\" content=\"nn_NO\" \/>\n<meta property=\"og:type\" content=\"article\" \/>\n<meta property=\"og:title\" content=\"Videoar - Barneskole - Nynorsk\" \/>\n<meta property=\"og:description\" content=\"Videoar Her finn du ei oversikt over alle videoane p\u00e5 Reklameskolen for mellomtrinnet: Reklame p\u00e5verkar deg. Det er reklame over alt. Men kva er eigentleg reklame? Og korleis p\u00e5verkar reklamen oss? Verkemiddel i reklame Dei som lagar reklame, bruker mange forskjellige verkemiddel for \u00e5 p\u00e5verke deg. Om du tek p\u00e5 deg reklamebrillene og ser n\u00f8ye [&hellip;]\" \/>\n<meta property=\"og:url\" content=\"https:\/\/reklameskolen.devz.no\/barneskole\/nn\/videoar\/\" \/>\n<meta property=\"og:site_name\" content=\"Barneskole - Nynorsk\" \/>\n<meta property=\"article:modified_time\" content=\"2023-10-17T12:25:11+00:00\" \/>\n<meta name=\"twitter:card\" content=\"summary_large_image\" \/>\n<meta name=\"twitter:label1\" content=\"Est. reading time\" \/>\n\t<meta name=\"twitter:data1\" content=\"1 minute\" \/>\n<script type=\"application\/ld+json\" class=\"yoast-schema-graph\">{\"@context\":\"https:\/\/schema.org\",\"@graph\":[{\"@type\":\"WebPage\",\"@id\":\"https:\/\/reklameskolen.devz.no\/barneskole\/nn\/videoar\/\",\"url\":\"https:\/\/reklameskolen.devz.no\/barneskole\/nn\/videoar\/\",\"name\":\"Videoar - Barneskole - Nynorsk\",\"isPartOf\":{\"@id\":\"https:\/\/reklameskolen.devz.no\/barneskole\/nn\/#website\"},\"primaryImageOfPage\":{\"@id\":\"https:\/\/reklameskolen.devz.no\/barneskole\/nn\/videoar\/#primaryimage\"},\"image\":{\"@id\":\"https:\/\/reklameskolen.devz.no\/barneskole\/nn\/videoar\/#primaryimage\"},\"thumbnailUrl\":\"https:\/\/reklameskolen.devz.no\/barneskole\/files\/2023\/10\/Reklameskolen-YouTube.png\",\"datePublished\":\"2023-10-17T12:19:20+00:00\",\"dateModified\":\"2023-10-17T12:25:11+00:00\",\"breadcrumb\":{\"@id\":\"https:\/\/reklameskolen.devz.no\/barneskole\/nn\/videoar\/#breadcrumb\"},\"inLanguage\":\"nn-NO\",\"potentialAction\":[{\"@type\":\"ReadAction\",\"target\":[\"https:\/\/reklameskolen.devz.no\/barneskole\/nn\/videoar\/\"]}]},{\"@type\":\"ImageObject\",\"inLanguage\":\"nn-NO\",\"@id\":\"https:\/\/reklameskolen.devz.no\/barneskole\/nn\/videoar\/#primaryimage\",\"url\":\"https:\/\/reklameskolen.devz.no\/barneskole\/files\/2023\/10\/Reklameskolen-YouTube.png\",\"contentUrl\":\"https:\/\/reklameskolen.devz.no\/barneskole\/files\/2023\/10\/Reklameskolen-YouTube.png\"},{\"@type\":\"BreadcrumbList\",\"@id\":\"https:\/\/reklameskolen.devz.no\/barneskole\/nn\/videoar\/#breadcrumb\",\"itemListElement\":[{\"@type\":\"ListItem\",\"position\":1,\"name\":\"Home\",\"item\":\"https:\/\/reklameskolen.devz.no\/barneskole\/nn\/\"},{\"@type\":\"ListItem\",\"position\":2,\"name\":\"Videoar\"}]},{\"@type\":\"WebSite\",\"@id\":\"https:\/\/reklameskolen.devz.no\/barneskole\/nn\/#website\",\"url\":\"https:\/\/reklameskolen.devz.no\/barneskole\/nn\/\",\"name\":\"Barneskole - Nynorsk\",\"description\":\"Oppl\u00e6ringsverkt\u00f8y om reklame\",\"publisher\":{\"@id\":\"https:\/\/reklameskolen.devz.no\/barneskole\/nn\/#organization\"},\"potentialAction\":[{\"@type\":\"SearchAction\",\"target\":{\"@type\":\"EntryPoint\",\"urlTemplate\":\"https:\/\/reklameskolen.devz.no\/barneskole\/nn\/?s={search_term_string}\"},\"query-input\":{\"@type\":\"PropertyValueSpecification\",\"valueRequired\":true,\"valueName\":\"search_term_string\"}}],\"inLanguage\":\"nn-NO\"},{\"@type\":\"Organization\",\"@id\":\"https:\/\/reklameskolen.devz.no\/barneskole\/nn\/#organization\",\"name\":\"Barneskole - Nynorsk\",\"url\":\"https:\/\/reklameskolen.devz.no\/barneskole\/nn\/\",\"logo\":{\"@type\":\"ImageObject\",\"inLanguage\":\"nn-NO\",\"@id\":\"https:\/\/reklameskolen.devz.no\/barneskole\/nn\/#\/schema\/logo\/image\/\",\"url\":\"https:\/\/reklameskolen.devz.no\/wp-content\/uploads\/2023\/08\/Reklameskolen-Logo-01.png\",\"contentUrl\":\"https:\/\/reklameskolen.devz.no\/wp-content\/uploads\/2023\/08\/Reklameskolen-Logo-01.png\",\"caption\":\"Barneskole - Nynorsk\"},\"image\":{\"@id\":\"https:\/\/reklameskolen.devz.no\/barneskole\/nn\/#\/schema\/logo\/image\/\"}}]}<\/script>\n<!-- \/ Yoast SEO plugin. -->","yoast_head_json":{"title":"Videoar - Barneskole - Nynorsk","robots":{"index":"index","follow":"follow","max-snippet":"max-snippet:-1","max-image-preview":"max-image-preview:large","max-video-preview":"max-video-preview:-1"},"canonical":"https:\/\/reklameskolen.devz.no\/barneskole\/nn\/videoar\/","og_locale":"nn_NO","og_type":"article","og_title":"Videoar - Barneskole - Nynorsk","og_description":"Videoar Her finn du ei oversikt over alle videoane p\u00e5 Reklameskolen for mellomtrinnet: Reklame p\u00e5verkar deg. Det er reklame over alt. Men kva er eigentleg reklame? Og korleis p\u00e5verkar reklamen oss? Verkemiddel i reklame Dei som lagar reklame, bruker mange forskjellige verkemiddel for \u00e5 p\u00e5verke deg. Om du tek p\u00e5 deg reklamebrillene og ser n\u00f8ye [&hellip;]","og_url":"https:\/\/reklameskolen.devz.no\/barneskole\/nn\/videoar\/","og_site_name":"Barneskole - Nynorsk","article_modified_time":"2023-10-17T12:25:11+00:00","twitter_card":"summary_large_image","twitter_misc":{"Est. reading time":"1 minute"},"schema":{"@context":"https:\/\/schema.org","@graph":[{"@type":"WebPage","@id":"https:\/\/reklameskolen.devz.no\/barneskole\/nn\/videoar\/","url":"https:\/\/reklameskolen.devz.no\/barneskole\/nn\/videoar\/","name":"Videoar - Barneskole - Nynorsk","isPartOf":{"@id":"https:\/\/reklameskolen.devz.no\/barneskole\/nn\/#website"},"primaryImageOfPage":{"@id":"https:\/\/reklameskolen.devz.no\/barneskole\/nn\/videoar\/#primaryimage"},"image":{"@id":"https:\/\/reklameskolen.devz.no\/barneskole\/nn\/videoar\/#primaryimage"},"thumbnailUrl":"https:\/\/reklameskolen.devz.no\/barneskole\/files\/2023\/10\/Reklameskolen-YouTube.png","datePublished":"2023-10-17T12:19:20+00:00","dateModified":"2023-10-17T12:25:11+00:00","breadcrumb":{"@id":"https:\/\/reklameskolen.devz.no\/barneskole\/nn\/videoar\/#breadcrumb"},"inLanguage":"nn-NO","potentialAction":[{"@type":"ReadAction","target":["https:\/\/reklameskolen.devz.no\/barneskole\/nn\/videoar\/"]}]},{"@type":"ImageObject","inLanguage":"nn-NO","@id":"https:\/\/reklameskolen.devz.no\/barneskole\/nn\/videoar\/#primaryimage","url":"https:\/\/reklameskolen.devz.no\/barneskole\/files\/2023\/10\/Reklameskolen-YouTube.png","contentUrl":"https:\/\/reklameskolen.devz.no\/barneskole\/files\/2023\/10\/Reklameskolen-YouTube.png"},{"@type":"BreadcrumbList","@id":"https:\/\/reklameskolen.devz.no\/barneskole\/nn\/videoar\/#breadcrumb","itemListElement":[{"@type":"ListItem","position":1,"name":"Home","item":"https:\/\/reklameskolen.devz.no\/barneskole\/nn\/"},{"@type":"ListItem","position":2,"name":"Videoar"}]},{"@type":"WebSite","@id":"https:\/\/reklameskolen.devz.no\/barneskole\/nn\/#website","url":"https:\/\/reklameskolen.devz.no\/barneskole\/nn\/","name":"Barneskole - Nynorsk","description":"Oppl\u00e6ringsverkt\u00f8y om reklame","publisher":{"@id":"https:\/\/reklameskolen.devz.no\/barneskole\/nn\/#organization"},"potentialAction":[{"@type":"SearchAction","target":{"@type":"EntryPoint","urlTemplate":"https:\/\/reklameskolen.devz.no\/barneskole\/nn\/?s={search_term_string}"},"query-input":{"@type":"PropertyValueSpecification","valueRequired":true,"valueName":"search_term_string"}}],"inLanguage":"nn-NO"},{"@type":"Organization","@id":"https:\/\/reklameskolen.devz.no\/barneskole\/nn\/#organization","name":"Barneskole - Nynorsk","url":"https:\/\/reklameskolen.devz.no\/barneskole\/nn\/","logo":{"@type":"ImageObject","inLanguage":"nn-NO","@id":"https:\/\/reklameskolen.devz.no\/barneskole\/nn\/#\/schema\/logo\/image\/","url":"https:\/\/reklameskolen.devz.no\/wp-content\/uploads\/2023\/08\/Reklameskolen-Logo-01.png","contentUrl":"https:\/\/reklameskolen.devz.no\/wp-content\/uploads\/2023\/08\/Reklameskolen-Logo-01.png","caption":"Barneskole - Nynorsk"},"image":{"@id":"https:\/\/reklameskolen.devz.no\/barneskole\/nn\/#\/schema\/logo\/image\/"}}]}},"_links":{"self":[{"href":"https:\/\/reklameskolen.devz.no\/barneskole\/nn\/wp-json\/wp\/v2\/pages\/5005","targetHints":{"allow":["GET"]}}],"collection":[{"href":"https:\/\/reklameskolen.devz.no\/barneskole\/nn\/wp-json\/wp\/v2\/pages"}],"about":[{"href":"https:\/\/reklameskolen.devz.no\/barneskole\/nn\/wp-json\/wp\/v2\/types\/page"}],"author":[{"embeddable":true,"href":"https:\/\/reklameskolen.devz.no\/barneskole\/nn\/wp-json\/wp\/v2\/users\/4"}],"replies":[{"embeddable":true,"href":"https:\/\/reklameskolen.devz.no\/barneskole\/nn\/wp-json\/wp\/v2\/comments?post=5005"}],"version-history":[{"count":13,"href":"https:\/\/reklameskolen.devz.no\/barneskole\/nn\/wp-json\/wp\/v2\/pages\/5005\/revisions"}],"predecessor-version":[{"id":5019,"href":"https:\/\/reklameskolen.devz.no\/barneskole\/nn\/wp-json\/wp\/v2\/pages\/5005\/revisions\/5019"}],"wp:attachment":[{"href":"https:\/\/reklameskolen.devz.no\/barneskole\/nn\/wp-json\/wp\/v2\/media?parent=5005"}],"curies":[{"name":"wp","href":"https:\/\/api.w.org\/{rel}","templated":true}]}}