{"id":5103,"date":"2024-01-09T14:02:42","date_gmt":"2024-01-09T13:02:42","guid":{"rendered":"https:\/\/reklameskolen.devz.no\/barneskole\/nn\/?page_id=5103"},"modified":"2024-01-09T14:26:04","modified_gmt":"2024-01-09T13:26:04","slug":"oppgaver","status":"publish","type":"page","link":"https:\/\/reklameskolen.devz.no\/barneskole\/nn\/oppgaver\/","title":{"rendered":"Oppg\u00e5ver"},"content":{"rendered":"\n<h1 class=\"wp-block-heading\">Oppg\u00e5ver<\/h1>\n\n\n\n<h2 class=\"wp-block-heading\">Her finn du ei oversikt over alle dei interaktive oppg\u00e5vene p\u00e5 Reklameskolen for mellomtrinnet:<\/h2>\n\n\n\n<div class=\"wp-block-media-text is-stacked-on-mobile\" style=\"grid-template-columns:30% auto\"><figure class=\"wp-block-media-text__media\"><a href=\"https:\/\/reklameskolen.devz.no\/barneskole\/nn\/kjenner-du-att-reklamen\/\"><img decoding=\"async\" src=\"https:\/\/reklameskolen.devz.no\/wp-content\/uploads\/2024\/01\/Kjenner-du-igjen-reklamen_-\u2013-NY-1024x576.jpg\" alt=\"Skjermbilde av oppgaven &quot;Kjenner du igjen reklamen?&quot; fra Reklameskolen.\" class=\"wp-image-4943 size-full\"\/><\/a><\/figure><div class=\"wp-block-media-text__content\">\n<h3 class=\"wp-block-heading\"><a href=\"https:\/\/reklameskolen.devz.no\/barneskole\/nn\/kjenner-du-att-reklamen\/\">Kjenner du igjen reklamen?<\/a><\/h3>\n\n\n\n<p>Det er reklame overalt rundt oss. Men det er ikkje alltid like lett \u00e5 sj\u00e5 kva som er reklame. Klarer du \u00e5 finne all reklamen p\u00e5 desse bilda?<\/p>\n<\/div><\/div>\n\n\n\n<div class=\"wp-block-media-text is-stacked-on-mobile\" style=\"grid-template-columns:30% auto\"><figure class=\"wp-block-media-text__media\"><a href=\"https:\/\/reklameskolen.devz.no\/barneskole\/nn\/kven-seier-kva-til-kven\/finn-annonsoren\/\"><img decoding=\"async\" src=\"https:\/\/reklameskolen.devz.no\/barneskole\/files\/2024\/01\/Finn-annonsoren-\u2013-lite.jpg\" alt=\"Skjermbilde av oppgaven &quot;Finn annons\u00f8ren?&quot; fra Reklameskolen.\" class=\"wp-image-4922 size-full\"\/><\/a><\/figure><div class=\"wp-block-media-text__content\">\n<h3 class=\"wp-block-heading\"><a href=\"https:\/\/reklameskolen.devz.no\/barneskole\/nn\/kven-seier-kva-til-kven\/finn-annonsoren\/\">Finn annons\u00f8ren<\/a><\/h3>\n\n\n\n<p>Ofte kan det vere vanskeleg \u00e5 vite kven som er annons\u00f8ren bak reklamebodskapen. Klarer du \u00e5 sj\u00e5 kven som er annons\u00f8ren bak reklamen p\u00e5 desse bilda?&nbsp;<\/p>\n<\/div><\/div>\n\n\n\n<div class=\"wp-block-media-text is-stacked-on-mobile\" style=\"grid-template-columns:30% auto\"><figure class=\"wp-block-media-text__media\"><a href=\"https:\/\/reklameskolen.devz.no\/barneskole\/nn\/varemerke-og-merkevarer\/kven-reklamerer-dei-for\/\"><img decoding=\"async\" src=\"https:\/\/reklameskolen.devz.no\/barneskole\/files\/2024\/01\/Hvem-sponser-landslaget_-\u2013-lite.jpg\" alt=\"Skjermbilde av oppgaven &quot;Hvem sponser landslaget?&quot; fra Reklameskolen.\" class=\"wp-image-4924 size-full\"\/><\/a><\/figure><div class=\"wp-block-media-text__content\">\n<h3 class=\"wp-block-heading\"><a href=\"https:\/\/reklameskolen.devz.no\/barneskole\/nn\/varemerke-og-merkevarer\/kven-reklamerer-dei-for\/\">Kven sponsar landslaget?<\/a><\/h3>\n\n\n\n<p>Mange firma sponsar idrettsut\u00f8varar eller andre kjende personar. Men kor godt verkar det eigentleg? Ser du kva for eit fruktfirma som sponsar det norske fotballandslaget?<\/p>\n<\/div><\/div>\n\n\n\n<div class=\"wp-block-media-text is-stacked-on-mobile\" style=\"grid-template-columns:30% auto\"><figure class=\"wp-block-media-text__media\"><a href=\"https:\/\/reklameskolen.devz.no\/barneskole\/nn\/reglar-for-reklame\/kva-er-lov\/\"><img decoding=\"async\" src=\"https:\/\/reklameskolen.devz.no\/wp-content\/uploads\/2024\/01\/Hva-er-lov_-\u2013-NY.jpg\" alt=\"Skjermbilde av oppgaven &quot;Hva er lov?&quot; fra Reklameskolen.\" class=\"wp-image-4947 size-full\"\/><\/a><\/figure><div class=\"wp-block-media-text__content\">\n<h3 class=\"wp-block-heading\"><a href=\"https:\/\/reklameskolen.devz.no\/barneskole\/nn\/reglar-for-reklame\/kva-er-lov\/\">Kva er lov?<\/a><\/h3>\n\n\n\n<p>Det er ikkje forbode \u00e5 lage reklame for barn. Men i Noreg har vi lovreglar som skal beskytte barn mot nokre typar reklame. I denne oppg\u00e5va f\u00e5r du sj\u00e5 fleire eksempel p\u00e5 reklame til barn. Kva er lov?<\/p>\n<\/div><\/div>\n\n\n\n<div class=\"wp-block-media-text is-stacked-on-mobile\" style=\"grid-template-columns:30% auto\"><figure class=\"wp-block-media-text__media\"><a href=\"https:\/\/reklameskolen.devz.no\/barneskole\/nn\/reklame-i-sosiale-medium\/en-dag-i-mitt-liv\/\"><img decoding=\"async\" src=\"https:\/\/reklameskolen.devz.no\/barneskole\/files\/2024\/01\/En-dag-i-mitt-liv-\u2013-LIte.jpg\" alt=\"Skjermbilde av oppgaven &quot;En dag i mitt liv&quot; fra Reklameskolen.\" class=\"wp-image-4927 size-full\"\/><\/a><\/figure><div class=\"wp-block-media-text__content\">\n<h3 class=\"wp-block-heading\"><a href=\"https:\/\/reklameskolen.devz.no\/barneskole\/nn\/reklame-i-sosiale-medium\/en-dag-i-mitt-liv\/\">Ein dag i livet mitt<\/a><\/h3>\n\n\n\n<p>F\u00f8lg denne influensaren gjennom ein heil dag. Klarer du \u00e5 sj\u00e5 kva innlegg som inneheld reklame?<\/p>\n<\/div><\/div>\n\n\n\n<div class=\"wp-block-media-text is-stacked-on-mobile\" style=\"grid-template-columns:30% auto\"><figure class=\"wp-block-media-text__media\"><a href=\"https:\/\/reklameskolen.devz.no\/barneskole\/nn\/reklame-i-sosiale-medium\/finn-reklamemerkinga\/\"><img decoding=\"async\" src=\"https:\/\/reklameskolen.devz.no\/wp-content\/uploads\/2024\/01\/Finn-reklamemerkingen-\u2013-NY.jpg\" alt=\"Skjermbilde av oppgaven &quot;Finn reklamemerkingen&quot; fra Reklameskolen.\" class=\"wp-image-4949 size-full\"\/><\/a><\/figure><div class=\"wp-block-media-text__content\">\n<h3 class=\"wp-block-heading\"><a href=\"https:\/\/reklameskolen.devz.no\/barneskole\/nn\/reklame-i-sosiale-medium\/finn-reklamemerkinga\/\">Finn reklamemerkinga<\/a><\/h3>\n\n\n\n<p>All reklame skal sj\u00e5 ut som reklame. Alle som legg ut reklame i sosiale medium b\u00f8r merke reklamen, slik at det er lett \u00e5 sj\u00e5 at det er reklame. <\/p>\n\n\n\n<p>Ser du reklamemerkinga i desse innlegga?<\/p>\n<\/div><\/div>\n\n\n\n<div class=\"wp-block-media-text is-stacked-on-mobile\" style=\"grid-template-columns:30% auto\"><figure class=\"wp-block-media-text__media\"><a href=\"https:\/\/reklameskolen.devz.no\/barneskole\/nn\/reklame-i-spel\/finn-reklamen\/\"><img decoding=\"async\" src=\"https:\/\/reklameskolen.devz.no\/barneskole\/files\/2024\/01\/Reklamei-spill-Finn-reklamen-\u2013-LIte.jpg\" alt=\"Skjermbilde av oppgaven &quot;Finn reklamen&quot; fra Reklameskolen.\" class=\"wp-image-4929 size-full\"\/><\/a><\/figure><div class=\"wp-block-media-text__content\">\n<h3 class=\"wp-block-heading\"><a href=\"https:\/\/reklameskolen.devz.no\/barneskole\/nn\/reklame-i-spel\/finn-reklamen\/\">Finn reklamen i spela<\/a><\/h3>\n\n\n\n<p>Mange spel er fulle av produktplassering. Andre masar heile tida p\u00e5 at du skal kj\u00f8pe noko i spelet.&nbsp;<\/p>\n\n\n\n<p>Ser du produktplasseringa og kj\u00f8psoppfordringane i desse spela?<\/p>\n<\/div><\/div>\n\n\n\n<div class=\"wp-block-media-text is-stacked-on-mobile\" style=\"grid-template-columns:30% auto\"><figure class=\"wp-block-media-text__media\"><a href=\"https:\/\/reklameskolen.devz.no\/barneskole\/nn\/reklame-pa-skolen\/er-dette-lov\/\"><img decoding=\"async\" src=\"https:\/\/reklameskolen.devz.no\/barneskole\/files\/2024\/01\/Er-dette-lov-pa-skolen_-\u2013-lite.png\" alt=\"Skjermbilde av oppgaven &quot;Hva er lov p\u00e5 skolen?&quot; fra Reklameskolen.\" class=\"wp-image-4933 size-full\"\/><\/a><\/figure><div class=\"wp-block-media-text__content\">\n<h3 class=\"wp-block-heading\"><a href=\"https:\/\/reklameskolen.devz.no\/barneskole\/nn\/reklame-pa-skolen\/er-dette-lov\/\">Er dette lov p\u00e5 skolen?<\/a><\/h3>\n\n\n\n<p>Skolen kan bestemme sj\u00f8lv kva reklame dei vil sleppe til, men det finst nokon hovudreglar som alle skolar m\u00e5 f\u00f8lge. &nbsp;Sj\u00e5 p\u00e5 reklameeksempla i oppg\u00e5va. Er det lov \u00e5 ha denne reklamen p\u00e5 skolen?<\/p>\n<\/div><\/div>\n\n\n\n<div class=\"wp-block-media-text is-stacked-on-mobile\" style=\"grid-template-columns:30% auto\"><figure class=\"wp-block-media-text__media\"><a href=\"https:\/\/reklameskolen.devz.no\/barneskole\/nn\/reklame-rundt-oss\/kor-finn-du-reklame\/\"><img decoding=\"async\" src=\"https:\/\/reklameskolen.devz.no\/barneskole\/files\/2024\/01\/Hvor-finner-du-reklame_-\u2013lite.jpg\" alt=\"Skjermbilde av oppgaven &quot;Hvor finner du reklame?&quot; fra Reklameskolen.\" class=\"wp-image-4935 size-full\"\/><\/a><\/figure><div class=\"wp-block-media-text__content\">\n<h3 class=\"wp-block-heading\"><a href=\"https:\/\/reklameskolen.devz.no\/barneskole\/nn\/reklame-rundt-oss\/kor-finn-du-reklame\/\">Kor finn du reklame?<\/a><\/h3>\n\n\n\n<p>I denne oppg\u00e5va skal du finne ord for stader du kan finne reklame.<\/p>\n<\/div><\/div>\n\n\n\n<div class=\"wp-block-media-text is-stacked-on-mobile\" style=\"grid-template-columns:30% auto\"><figure class=\"wp-block-media-text__media\"><a href=\"https:\/\/reklameskolen.devz.no\/barneskole\/nn\/reklame-i-alle-kanalar\/finn-du-produktplasseringa\/\"><img decoding=\"async\" src=\"https:\/\/reklameskolen.devz.no\/barneskole\/files\/2024\/01\/Finner-du-produktplasseringen_-\u2013-Lite.jpg\" alt=\"Skjermbilde av oppgaven &quot;Finn produktplasseringen?&quot; fra Reklameskolen.\" class=\"wp-image-4936 size-full\"\/><\/a><\/figure><div class=\"wp-block-media-text__content\">\n<h3 class=\"wp-block-heading\"><a href=\"https:\/\/reklameskolen.devz.no\/barneskole\/nn\/reklame-i-alle-kanalar\/finn-du-produktplasseringa\/\">Finn du produktplasseringa?<\/a><\/h3>\n\n\n\n<p>Mange annons\u00f8rar betaler for \u00e5 vise fram produkta sine inne i spel og videoar. Dette kallar vi produktplassering.<\/p>\n\n\n\n<p>Finn du produktplasseringa i desse bilda?<\/p>\n<\/div><\/div>\n\n\n\n<div class=\"wp-block-media-text is-stacked-on-mobile\" style=\"grid-template-columns:30% auto\"><figure class=\"wp-block-media-text__media\"><a href=\"https:\/\/reklameskolen.devz.no\/barneskole\/nn\/reklame-i-butikken\/verkemiddel-i-butikken\/\"><img decoding=\"async\" src=\"https:\/\/reklameskolen.devz.no\/barneskole\/files\/2024\/01\/Virkemidler-i-butikken-\u2013-Lite.jpg\" alt=\"Skjermbilde av oppgaven &quot;Virkemidler i butikken&quot; fra Reklameskolen.\" class=\"wp-image-4938 size-full\"\/><\/a><\/figure><div class=\"wp-block-media-text__content\">\n<h3 class=\"wp-block-heading\"><a href=\"https:\/\/reklameskolen.devz.no\/barneskole\/nn\/reklame-i-butikken\/verkemiddel-i-butikken\/\">Verkemiddel i butikken<\/a><\/h3>\n\n\n\n<p>Kan du finne alle verkemidla denne nettbutikken har brukt for \u00e5 f\u00e5 deg til \u00e5 handle sn\u00f8gt?<\/p>\n<\/div><\/div>\n\n\n\n<div style=\"height:100px\" aria-hidden=\"true\" class=\"wp-block-spacer\"><\/div>\n","protected":false},"excerpt":{"rendered":"<p>Oppg\u00e5ver Her finn du ei oversikt over alle dei interaktive oppg\u00e5vene p\u00e5 Reklameskolen for mellomtrinnet: Kjenner du igjen reklamen? Det er reklame overalt rundt oss. Men det er ikkje alltid like lett \u00e5 sj\u00e5 kva som er reklame. Klarer du \u00e5 finne all reklamen p\u00e5 desse bilda? Finn annons\u00f8ren Ofte kan det vere vanskeleg \u00e5 [&hellip;]<\/p>\n","protected":false},"author":4,"featured_media":0,"parent":0,"menu_order":0,"comment_status":"closed","ping_status":"closed","template":"","meta":{"_acf_changed":false,"editor_notices":[],"footnotes":""},"class_list":["post-5103","page","type-page","status-publish","hentry"],"blocksy_meta":[],"acf":[],"yoast_head":"<!-- This site is optimized with the Yoast SEO plugin v25.9 - https:\/\/yoast.com\/wordpress\/plugins\/seo\/ -->\n<title>Oppg\u00e5ver - Barneskole - Nynorsk<\/title>\n<meta name=\"robots\" content=\"index, follow, max-snippet:-1, max-image-preview:large, max-video-preview:-1\" \/>\n<link rel=\"canonical\" href=\"https:\/\/reklameskolen.devz.no\/barneskole\/nn\/oppgaver\/\" \/>\n<meta property=\"og:locale\" content=\"nn_NO\" \/>\n<meta property=\"og:type\" content=\"article\" \/>\n<meta property=\"og:title\" content=\"Oppg\u00e5ver - Barneskole - Nynorsk\" \/>\n<meta property=\"og:description\" content=\"Oppg\u00e5ver Her finn du ei oversikt over alle dei interaktive oppg\u00e5vene p\u00e5 Reklameskolen for mellomtrinnet: Kjenner du igjen reklamen? Det er reklame overalt rundt oss. Men det er ikkje alltid like lett \u00e5 sj\u00e5 kva som er reklame. Klarer du \u00e5 finne all reklamen p\u00e5 desse bilda? Finn annons\u00f8ren Ofte kan det vere vanskeleg \u00e5 [&hellip;]\" \/>\n<meta property=\"og:url\" content=\"https:\/\/reklameskolen.devz.no\/barneskole\/nn\/oppgaver\/\" \/>\n<meta property=\"og:site_name\" content=\"Barneskole - Nynorsk\" \/>\n<meta property=\"article:modified_time\" content=\"2024-01-09T13:26:04+00:00\" \/>\n<meta name=\"twitter:card\" content=\"summary_large_image\" \/>\n<meta name=\"twitter:label1\" content=\"Est. reading time\" \/>\n\t<meta name=\"twitter:data1\" content=\"2 minutes\" \/>\n<script type=\"application\/ld+json\" class=\"yoast-schema-graph\">{\"@context\":\"https:\/\/schema.org\",\"@graph\":[{\"@type\":\"WebPage\",\"@id\":\"https:\/\/reklameskolen.devz.no\/barneskole\/nn\/oppgaver\/\",\"url\":\"https:\/\/reklameskolen.devz.no\/barneskole\/nn\/oppgaver\/\",\"name\":\"Oppg\u00e5ver - Barneskole - Nynorsk\",\"isPartOf\":{\"@id\":\"https:\/\/reklameskolen.devz.no\/barneskole\/nn\/#website\"},\"datePublished\":\"2024-01-09T13:02:42+00:00\",\"dateModified\":\"2024-01-09T13:26:04+00:00\",\"breadcrumb\":{\"@id\":\"https:\/\/reklameskolen.devz.no\/barneskole\/nn\/oppgaver\/#breadcrumb\"},\"inLanguage\":\"nn-NO\",\"potentialAction\":[{\"@type\":\"ReadAction\",\"target\":[\"https:\/\/reklameskolen.devz.no\/barneskole\/nn\/oppgaver\/\"]}]},{\"@type\":\"BreadcrumbList\",\"@id\":\"https:\/\/reklameskolen.devz.no\/barneskole\/nn\/oppgaver\/#breadcrumb\",\"itemListElement\":[{\"@type\":\"ListItem\",\"position\":1,\"name\":\"Home\",\"item\":\"https:\/\/reklameskolen.devz.no\/barneskole\/nn\/\"},{\"@type\":\"ListItem\",\"position\":2,\"name\":\"Oppg\u00e5ver\"}]},{\"@type\":\"WebSite\",\"@id\":\"https:\/\/reklameskolen.devz.no\/barneskole\/nn\/#website\",\"url\":\"https:\/\/reklameskolen.devz.no\/barneskole\/nn\/\",\"name\":\"Barneskole - Nynorsk\",\"description\":\"Oppl\u00e6ringsverkt\u00f8y om reklame\",\"publisher\":{\"@id\":\"https:\/\/reklameskolen.devz.no\/barneskole\/nn\/#organization\"},\"potentialAction\":[{\"@type\":\"SearchAction\",\"target\":{\"@type\":\"EntryPoint\",\"urlTemplate\":\"https:\/\/reklameskolen.devz.no\/barneskole\/nn\/?s={search_term_string}\"},\"query-input\":{\"@type\":\"PropertyValueSpecification\",\"valueRequired\":true,\"valueName\":\"search_term_string\"}}],\"inLanguage\":\"nn-NO\"},{\"@type\":\"Organization\",\"@id\":\"https:\/\/reklameskolen.devz.no\/barneskole\/nn\/#organization\",\"name\":\"Barneskole - Nynorsk\",\"url\":\"https:\/\/reklameskolen.devz.no\/barneskole\/nn\/\",\"logo\":{\"@type\":\"ImageObject\",\"inLanguage\":\"nn-NO\",\"@id\":\"https:\/\/reklameskolen.devz.no\/barneskole\/nn\/#\/schema\/logo\/image\/\",\"url\":\"https:\/\/reklameskolen.devz.no\/wp-content\/uploads\/2023\/08\/Reklameskolen-Logo-01.png\",\"contentUrl\":\"https:\/\/reklameskolen.devz.no\/wp-content\/uploads\/2023\/08\/Reklameskolen-Logo-01.png\",\"caption\":\"Barneskole - Nynorsk\"},\"image\":{\"@id\":\"https:\/\/reklameskolen.devz.no\/barneskole\/nn\/#\/schema\/logo\/image\/\"}}]}<\/script>\n<!-- \/ Yoast SEO plugin. -->","yoast_head_json":{"title":"Oppg\u00e5ver - Barneskole - Nynorsk","robots":{"index":"index","follow":"follow","max-snippet":"max-snippet:-1","max-image-preview":"max-image-preview:large","max-video-preview":"max-video-preview:-1"},"canonical":"https:\/\/reklameskolen.devz.no\/barneskole\/nn\/oppgaver\/","og_locale":"nn_NO","og_type":"article","og_title":"Oppg\u00e5ver - Barneskole - Nynorsk","og_description":"Oppg\u00e5ver Her finn du ei oversikt over alle dei interaktive oppg\u00e5vene p\u00e5 Reklameskolen for mellomtrinnet: Kjenner du igjen reklamen? Det er reklame overalt rundt oss. Men det er ikkje alltid like lett \u00e5 sj\u00e5 kva som er reklame. Klarer du \u00e5 finne all reklamen p\u00e5 desse bilda? Finn annons\u00f8ren Ofte kan det vere vanskeleg \u00e5 [&hellip;]","og_url":"https:\/\/reklameskolen.devz.no\/barneskole\/nn\/oppgaver\/","og_site_name":"Barneskole - Nynorsk","article_modified_time":"2024-01-09T13:26:04+00:00","twitter_card":"summary_large_image","twitter_misc":{"Est. reading time":"2 minutes"},"schema":{"@context":"https:\/\/schema.org","@graph":[{"@type":"WebPage","@id":"https:\/\/reklameskolen.devz.no\/barneskole\/nn\/oppgaver\/","url":"https:\/\/reklameskolen.devz.no\/barneskole\/nn\/oppgaver\/","name":"Oppg\u00e5ver - Barneskole - Nynorsk","isPartOf":{"@id":"https:\/\/reklameskolen.devz.no\/barneskole\/nn\/#website"},"datePublished":"2024-01-09T13:02:42+00:00","dateModified":"2024-01-09T13:26:04+00:00","breadcrumb":{"@id":"https:\/\/reklameskolen.devz.no\/barneskole\/nn\/oppgaver\/#breadcrumb"},"inLanguage":"nn-NO","potentialAction":[{"@type":"ReadAction","target":["https:\/\/reklameskolen.devz.no\/barneskole\/nn\/oppgaver\/"]}]},{"@type":"BreadcrumbList","@id":"https:\/\/reklameskolen.devz.no\/barneskole\/nn\/oppgaver\/#breadcrumb","itemListElement":[{"@type":"ListItem","position":1,"name":"Home","item":"https:\/\/reklameskolen.devz.no\/barneskole\/nn\/"},{"@type":"ListItem","position":2,"name":"Oppg\u00e5ver"}]},{"@type":"WebSite","@id":"https:\/\/reklameskolen.devz.no\/barneskole\/nn\/#website","url":"https:\/\/reklameskolen.devz.no\/barneskole\/nn\/","name":"Barneskole - Nynorsk","description":"Oppl\u00e6ringsverkt\u00f8y om reklame","publisher":{"@id":"https:\/\/reklameskolen.devz.no\/barneskole\/nn\/#organization"},"potentialAction":[{"@type":"SearchAction","target":{"@type":"EntryPoint","urlTemplate":"https:\/\/reklameskolen.devz.no\/barneskole\/nn\/?s={search_term_string}"},"query-input":{"@type":"PropertyValueSpecification","valueRequired":true,"valueName":"search_term_string"}}],"inLanguage":"nn-NO"},{"@type":"Organization","@id":"https:\/\/reklameskolen.devz.no\/barneskole\/nn\/#organization","name":"Barneskole - Nynorsk","url":"https:\/\/reklameskolen.devz.no\/barneskole\/nn\/","logo":{"@type":"ImageObject","inLanguage":"nn-NO","@id":"https:\/\/reklameskolen.devz.no\/barneskole\/nn\/#\/schema\/logo\/image\/","url":"https:\/\/reklameskolen.devz.no\/wp-content\/uploads\/2023\/08\/Reklameskolen-Logo-01.png","contentUrl":"https:\/\/reklameskolen.devz.no\/wp-content\/uploads\/2023\/08\/Reklameskolen-Logo-01.png","caption":"Barneskole - Nynorsk"},"image":{"@id":"https:\/\/reklameskolen.devz.no\/barneskole\/nn\/#\/schema\/logo\/image\/"}}]}},"_links":{"self":[{"href":"https:\/\/reklameskolen.devz.no\/barneskole\/nn\/wp-json\/wp\/v2\/pages\/5103","targetHints":{"allow":["GET"]}}],"collection":[{"href":"https:\/\/reklameskolen.devz.no\/barneskole\/nn\/wp-json\/wp\/v2\/pages"}],"about":[{"href":"https:\/\/reklameskolen.devz.no\/barneskole\/nn\/wp-json\/wp\/v2\/types\/page"}],"author":[{"embeddable":true,"href":"https:\/\/reklameskolen.devz.no\/barneskole\/nn\/wp-json\/wp\/v2\/users\/4"}],"replies":[{"embeddable":true,"href":"https:\/\/reklameskolen.devz.no\/barneskole\/nn\/wp-json\/wp\/v2\/comments?post=5103"}],"version-history":[{"count":29,"href":"https:\/\/reklameskolen.devz.no\/barneskole\/nn\/wp-json\/wp\/v2\/pages\/5103\/revisions"}],"predecessor-version":[{"id":5134,"href":"https:\/\/reklameskolen.devz.no\/barneskole\/nn\/wp-json\/wp\/v2\/pages\/5103\/revisions\/5134"}],"wp:attachment":[{"href":"https:\/\/reklameskolen.devz.no\/barneskole\/nn\/wp-json\/wp\/v2\/media?parent=5103"}],"curies":[{"name":"wp","href":"https:\/\/api.w.org\/{rel}","templated":true}]}}