{"id":5139,"date":"2024-02-15T12:19:25","date_gmt":"2024-02-15T11:19:25","guid":{"rendered":"https:\/\/reklameskolen.devz.no\/barneskole\/nn\/?page_id=5139"},"modified":"2024-02-15T12:21:10","modified_gmt":"2024-02-15T11:21:10","slug":"til-foresette","status":"publish","type":"page","link":"https:\/\/reklameskolen.devz.no\/barneskole\/nn\/til-foresette\/","title":{"rendered":"Til f\u00f8resette"},"content":{"rendered":"\n<h1 class=\"wp-block-heading\">Til f\u00f8resette<\/h1>\n\n\n\n<p>Barn og unge i dag m\u00f8ter reklame heile tida. Overalt. I butikken, p\u00e5 skolen, i spel og ikkje minst i sosiale medium. Det er viktigare enn nokon gong at barn l\u00e6rer korleis reklame fungerer, og korleis han p\u00e5verkar oss.&nbsp;&nbsp;<\/p>\n\n\n\n<p>Derfor har Forbrukartilsynet laga Reklameskolen \u2013 eit digitalt oppl\u00e6ringsverkt\u00f8y om reklame. Reklameskolen har eigne sider for barne- og ungdomsskolen, og vi er no i gong med \u00e5 utvikle ein eigen versjon for vidareg\u00e5ande skole. Barneskoleversjonen er tilpassa barn i alderen fr\u00e5 ti til tolv. &nbsp;<\/p>\n\n\n\n<p>Reklameskolen er f\u00f8rst og fremst utvikla til bruk p\u00e5 skolen, men innhaldet kan godt brukast heime \u00f2g.<\/p>\n\n\n\n<h2 class=\"wp-block-heading\">Oppg\u00e5ver<\/h2>\n\n\n\n<p>Vi har laga ei lang rekkje interaktive oppg\u00e5ver til Reklameskolen. Nokre av oppg\u00e5vene er baserte p\u00e5 verkelege og aktuelle reklamed\u00f8me. I andre oppg\u00e5ver har vi brukt illustrasjonar tilpassa m\u00e5lgruppa.<\/p>\n\n\n\n<div class=\"wp-block-columns is-layout-flex wp-container-core-columns-is-layout-28f84493 wp-block-columns-is-layout-flex\">\n<div class=\"wp-block-column is-layout-flow wp-block-column-is-layout-flow\" style=\"flex-basis:40%\">\n<figure class=\"wp-block-image aligncenter size-full is-resized\"><a href=\"https:\/\/reklameskolen.devz.no\/barneskole\/nn\/reklame-i-sosiale-medium\/en-dag-i-mitt-liv\/\"><img loading=\"lazy\" decoding=\"async\" src=\"https:\/\/reklameskolen.devz.no\/barneskole\/files\/2024\/01\/En-dag-i-mitt-liv-\u2013-LIte.jpg\" alt=\"Skjermdump av oppgaven &quot;En dag i mitt liv&quot; fra Reklameskolen. \" class=\"wp-image-4927\" width=\"1289\" height=\"725\"\/><\/a><figcaption class=\"wp-element-caption\">I <a href=\"https:\/\/reklameskolen.devz.no\/barneskole\/nn\/reklame-i-sosiale-medium\/en-dag-i-mitt-liv\/\">denne oppg\u00e5va <\/a>skal barna f\u00f8lgje ein fiktiv influensar gjennom ein heil dag. Klarer dei \u00e5 sj\u00e5 kor mykje av det ho legg ut som er reklame?<\/figcaption><\/figure>\n<\/div>\n\n\n\n<div class=\"wp-block-column is-layout-flow wp-block-column-is-layout-flow\" style=\"flex-basis:60%\">\n<p>Barna kan jobbe med oppg\u00e5vene p\u00e5 eigenhand, eller de kan pr\u00f8va \u00e5 l\u00f8yse dei saman. Det kan vere ein fin inngang til gode og interessante samtalar om reklame.<\/p>\n\n\n\n<p>Klarer de til d\u00f8mes \u00e5 finna all reklamen i&nbsp;<a href=\"https:\/\/reklameskolen.devz.no\/barneskole\/nn\/reklame-i-spel\/finn-reklamen\/\">desse spela<\/a>?<\/p>\n\n\n\n<p>Og ser de kven som er annons\u00f8ren bak reklamen p\u00e5&nbsp;<a href=\"https:\/\/reklameskolen.devz.no\/barneskole\/nn\/kven-seier-kva-til-kven\/finn-annonsoren\/\">desse bileta<\/a>?<\/p>\n\n\n\n<p>Kanskje kan barna meir enn dykk vaksne!&nbsp;<\/p>\n\n\n\n<p><a href=\"https:\/\/reklameskolen.devz.no\/barneskole\/nn\/oppgaver\/\">Du finn ei oversikt over alle oppg\u00e5vene her.<\/a>&nbsp;<\/p>\n<\/div>\n<\/div>\n\n\n\n<h2 class=\"wp-block-heading\">Videoar<\/h2>\n\n\n\n<p>Lurar du p\u00e5 korleis du kan snakke med barna om reklame? Kanskje kan det vere ein god start \u00e5 sj\u00e5 ein liten videosnutt saman?<\/p>\n\n\n\n<div class=\"wp-block-columns is-layout-flex wp-container-core-columns-is-layout-28f84493 wp-block-columns-is-layout-flex\">\n<div class=\"wp-block-column is-layout-flow wp-block-column-is-layout-flow\" style=\"flex-basis:10%\"><\/div>\n\n\n\n<div class=\"wp-block-column is-layout-flow wp-block-column-is-layout-flow\" style=\"flex-basis:60%\">\n<iframe loading=\"lazy\" width=\"1268\" height=\"400\" src=\"https:\/\/www.youtube.com\/embed\/eHprusVV-h8?list=PLSeiJ4Po2hVXUFUxePJYkpuww1ipe17-G&#038;rel=0\" title=\"Reklameskolen\" frameborder=\"0\" allow=\"accelerometer; autoplay; clipboard-write; encrypted-media; gyroscope; picture-in-picture; web-share\" allowfullscreen><\/iframe>\n<\/div>\n\n\n\n<div class=\"wp-block-column is-layout-flow wp-block-column-is-layout-flow\" style=\"flex-basis:30%\"><\/div>\n<\/div>\n\n\n\n<p>Til Reklameskolen har vi f\u00e5tt laget en rekke videosnutter om flere viktige temaer. Fra virkemidler i reklame til reklame i spill.&nbsp;<\/p>\n\n\n\n<p><a href=\"https:\/\/reklameskolen.devz.no\/barneskole\/nn\/videoar\/\">Du finn ei oversikt over alle videoane her.<\/a>&nbsp;<\/p>\n\n\n\n<h2 class=\"wp-block-heading\">Digitale arenaer&nbsp;<\/h2>\n\n\n\n<p>Barn i dag lever i ein heilt annan mediekvardag enn tidlegare generasjonar. I tillegg til dei tradisjonelle mediekanalane som tv, radio og reklameplakatar, m\u00f8ter barn mykje reklame i digitale arenaer. Mange barn bruker til d\u00f8mes mykje tid p\u00e5 spel og sosiale medium. Derfor har Reklameskolen eigne temasider om desse temaa.&nbsp;<\/p>\n\n\n\n<div class=\"wp-block-columns is-layout-flex wp-container-core-columns-is-layout-28f84493 wp-block-columns-is-layout-flex\">\n<div class=\"wp-block-column is-layout-flow wp-block-column-is-layout-flow\" style=\"flex-basis:15%\">\n<div style=\"height:65px\" aria-hidden=\"true\" class=\"wp-block-spacer\"><\/div>\n\n\n\n<figure class=\"wp-block-image size-full\"><a href=\"https:\/\/reklameskolen.devz.no\/barneskole\/nn\/reklame-i-sosiale-medium\/\"><img decoding=\"async\" src=\"https:\/\/reklameskolen.devz.no\/barneskole\/files\/2023\/05\/Reklameskolen-Ikoner-morkebla-15.png\" alt=\"Illustrasjon av mobiltelefon med tommel opp\" class=\"wp-image-3906\"\/><\/a><\/figure>\n<\/div>\n\n\n\n<div class=\"wp-block-column is-layout-flow wp-block-column-is-layout-flow\" style=\"flex-basis:85%\">\n<h3 class=\"wp-block-heading\"><a href=\"https:\/\/reklameskolen.devz.no\/barneskole\/nn\/reklame-i-sosiale-medium\/\">Sosiale medium<\/a><\/h3>\n\n\n\n<p>Mange barn er fullstendig klare over at sosiale medium er fulle av reklame. Mange er ogs\u00e5 kritiske til reklamepresset.&nbsp;<a href=\"https:\/\/www.medietilsynet.no\/globalassets\/publikasjoner\/barn-og-medier-undersokelser\/2022\/230412_reklame-og-influensere.pdf\" target=\"_blank\" rel=\"noreferrer noopener\">Ei unders\u00f8king fr\u00e5 Medietilsynet<\/a>&nbsp;viser til d\u00f8mes at sju av ti unge brukarar av sosiale medium (9\u201318-\u00e5ringar) sj\u00f8lv meiner dei f\u00e5r for mykje reklame. Likevel er det mykje dei ikkje veit om korleis influensarar og annons\u00f8rar jobbar for \u00e5 p\u00e5verke dei.<\/p>\n\n\n\n<p>P\u00e5&nbsp;<a href=\"https:\/\/reklameskolen.devz.no\/barneskole\/nn\/reklame-i-sosiale-medium\/\">temasidene v\u00e5re om reklame i sosiale medium<\/a>&nbsp;kan barna l\u00e6re meir om dette gjennom video og tekst, og teste kunnskapen gjennom interaktive oppg\u00e5ver. Kanskje kan de vaksne ogs\u00e5 l\u00e6re noko nytt?&nbsp;&nbsp;<\/p>\n<\/div>\n<\/div>\n\n\n\n<div class=\"wp-block-columns is-layout-flex wp-container-core-columns-is-layout-28f84493 wp-block-columns-is-layout-flex\">\n<div class=\"wp-block-column is-layout-flow wp-block-column-is-layout-flow\" style=\"flex-basis:15%\">\n<div style=\"height:50px\" aria-hidden=\"true\" class=\"wp-block-spacer\"><\/div>\n\n\n\n<figure class=\"wp-block-image size-full\"><a href=\"https:\/\/reklameskolen.devz.no\/barneskole\/nn\/reklame-i-spel\/\"><img decoding=\"async\" src=\"https:\/\/reklameskolen.devz.no\/barneskole\/files\/2023\/05\/Reklameskolen-Ikoner-morkebla-16.png\" alt=\"Illustrasjon av en spillkontroller\" class=\"wp-image-3905\"\/><\/a><\/figure>\n<\/div>\n\n\n\n<div class=\"wp-block-column is-layout-flow wp-block-column-is-layout-flow\" style=\"flex-basis:85%\">\n<h3 class=\"wp-block-heading\"><a href=\"https:\/\/reklameskolen.devz.no\/barneskole\/nn\/reklame-i-spel\/\">Reklame i spel<\/a><\/h3>\n\n\n\n<p>Mange barn speler spel p\u00e5 PC, mobil, iPad, PlayStation eller liknande. For mange er dette ein m\u00e5te \u00e5 kopla av fr\u00e5 kvardagen p\u00e5. For andre er det ein fin arena for \u00e5 m\u00f8te venner og l\u00e6re seg nye ferdigheiter.<\/p>\n\n\n\n<p>Men i dag er spel \u00f2g ein viktig reklamekanal. P\u00e5&nbsp;<a href=\"https:\/\/reklameskolen.devz.no\/barneskole\/nn\/reklame-i-spel\/\">temasidene v\u00e5re om spel<\/a>&nbsp;kan de l\u00e6re om korleis reklame blir brukt i spel, og om korleis mange spelselskap pr\u00f8ver \u00e5 f\u00e5 spelarane til \u00e5 bruke mest mogleg pengar i spelet. &nbsp;<\/p>\n<\/div>\n<\/div>\n\n\n\n<p>Reklameskolen inneheld ogs\u00e5 videoar, tekstar og oppg\u00e5ver om ei lang rekkje andre tema. De kan til d\u00f8mes l\u00e6re om&nbsp;<a href=\"https:\/\/reklameskolen.devz.no\/barneskole\/nn\/reklame-i-butikken\/\">reklame i butikken<\/a>&nbsp;og&nbsp;<a href=\"https:\/\/reklameskolen.devz.no\/barneskole\/nn\/reklame-pa-skolen\/\">p\u00e5 skolen,<\/a>&nbsp;om&nbsp;<a href=\"https:\/\/reklameskolen.devz.no\/barneskole\/nn\/varemerke-og-merkevarer\/\">sponsing og merkevarebygging<\/a>&nbsp;og om&nbsp;<a href=\"https:\/\/reklameskolen.devz.no\/barneskole\/nn\/bilde-som-lyg\/\">retusjerte bilde i reklame<\/a>.&nbsp;<\/p>\n\n\n\n<p>Vi h\u00e5par Reklameskolen kan vere eit interessant nyttig og viktig tilbod for b\u00e5de liten og stor.&nbsp;<\/p>\n\n\n\n<div style=\"height:50px\" aria-hidden=\"true\" class=\"wp-block-spacer\"><\/div>\n","protected":false},"excerpt":{"rendered":"<p>Til f\u00f8resette Barn og unge i dag m\u00f8ter reklame heile tida. Overalt. I butikken, p\u00e5 skolen, i spel og ikkje minst i sosiale medium. Det er viktigare enn nokon gong at barn l\u00e6rer korleis reklame fungerer, og korleis han p\u00e5verkar oss.&nbsp;&nbsp; Derfor har Forbrukartilsynet laga Reklameskolen \u2013 eit digitalt oppl\u00e6ringsverkt\u00f8y om reklame. Reklameskolen har eigne [&hellip;]<\/p>\n","protected":false},"author":4,"featured_media":0,"parent":0,"menu_order":0,"comment_status":"closed","ping_status":"closed","template":"","meta":{"_acf_changed":false,"editor_notices":[],"footnotes":""},"class_list":["post-5139","page","type-page","status-publish","hentry"],"blocksy_meta":[],"acf":[],"yoast_head":"<!-- This site is optimized with the Yoast SEO plugin v25.9 - https:\/\/yoast.com\/wordpress\/plugins\/seo\/ -->\n<title>Til f\u00f8resette - Barneskole - Nynorsk<\/title>\n<meta name=\"robots\" content=\"index, follow, max-snippet:-1, max-image-preview:large, max-video-preview:-1\" \/>\n<link rel=\"canonical\" href=\"https:\/\/reklameskolen.devz.no\/barneskole\/nn\/til-foresette\/\" \/>\n<meta property=\"og:locale\" content=\"nn_NO\" \/>\n<meta property=\"og:type\" content=\"article\" \/>\n<meta property=\"og:title\" content=\"Til f\u00f8resette - Barneskole - Nynorsk\" \/>\n<meta property=\"og:description\" content=\"Til f\u00f8resette Barn og unge i dag m\u00f8ter reklame heile tida. Overalt. I butikken, p\u00e5 skolen, i spel og ikkje minst i sosiale medium. Det er viktigare enn nokon gong at barn l\u00e6rer korleis reklame fungerer, og korleis han p\u00e5verkar oss.&nbsp;&nbsp; Derfor har Forbrukartilsynet laga Reklameskolen \u2013 eit digitalt oppl\u00e6ringsverkt\u00f8y om reklame. Reklameskolen har eigne [&hellip;]\" \/>\n<meta property=\"og:url\" content=\"https:\/\/reklameskolen.devz.no\/barneskole\/nn\/til-foresette\/\" \/>\n<meta property=\"og:site_name\" content=\"Barneskole - Nynorsk\" \/>\n<meta property=\"article:modified_time\" content=\"2024-02-15T11:21:10+00:00\" \/>\n<meta property=\"og:image\" content=\"https:\/\/reklameskolen.devz.no\/barneskole\/files\/2023\/05\/Reklameskolen-Ikoner-morkebla-15.png\" \/>\n<meta name=\"twitter:card\" content=\"summary_large_image\" \/>\n<meta name=\"twitter:label1\" content=\"Est. reading time\" \/>\n\t<meta name=\"twitter:data1\" content=\"3 minutes\" \/>\n<script type=\"application\/ld+json\" class=\"yoast-schema-graph\">{\"@context\":\"https:\/\/schema.org\",\"@graph\":[{\"@type\":\"WebPage\",\"@id\":\"https:\/\/reklameskolen.devz.no\/barneskole\/nn\/til-foresette\/\",\"url\":\"https:\/\/reklameskolen.devz.no\/barneskole\/nn\/til-foresette\/\",\"name\":\"Til f\u00f8resette - Barneskole - Nynorsk\",\"isPartOf\":{\"@id\":\"https:\/\/reklameskolen.devz.no\/barneskole\/nn\/#website\"},\"primaryImageOfPage\":{\"@id\":\"https:\/\/reklameskolen.devz.no\/barneskole\/nn\/til-foresette\/#primaryimage\"},\"image\":{\"@id\":\"https:\/\/reklameskolen.devz.no\/barneskole\/nn\/til-foresette\/#primaryimage\"},\"thumbnailUrl\":\"https:\/\/reklameskolen.devz.no\/barneskole\/files\/2023\/05\/Reklameskolen-Ikoner-morkebla-15.png\",\"datePublished\":\"2024-02-15T11:19:25+00:00\",\"dateModified\":\"2024-02-15T11:21:10+00:00\",\"breadcrumb\":{\"@id\":\"https:\/\/reklameskolen.devz.no\/barneskole\/nn\/til-foresette\/#breadcrumb\"},\"inLanguage\":\"nn-NO\",\"potentialAction\":[{\"@type\":\"ReadAction\",\"target\":[\"https:\/\/reklameskolen.devz.no\/barneskole\/nn\/til-foresette\/\"]}]},{\"@type\":\"ImageObject\",\"inLanguage\":\"nn-NO\",\"@id\":\"https:\/\/reklameskolen.devz.no\/barneskole\/nn\/til-foresette\/#primaryimage\",\"url\":\"https:\/\/reklameskolen.devz.no\/barneskole\/files\/2023\/05\/Reklameskolen-Ikoner-morkebla-15.png\",\"contentUrl\":\"https:\/\/reklameskolen.devz.no\/barneskole\/files\/2023\/05\/Reklameskolen-Ikoner-morkebla-15.png\"},{\"@type\":\"BreadcrumbList\",\"@id\":\"https:\/\/reklameskolen.devz.no\/barneskole\/nn\/til-foresette\/#breadcrumb\",\"itemListElement\":[{\"@type\":\"ListItem\",\"position\":1,\"name\":\"Home\",\"item\":\"https:\/\/reklameskolen.devz.no\/barneskole\/nn\/\"},{\"@type\":\"ListItem\",\"position\":2,\"name\":\"Til f\u00f8resette\"}]},{\"@type\":\"WebSite\",\"@id\":\"https:\/\/reklameskolen.devz.no\/barneskole\/nn\/#website\",\"url\":\"https:\/\/reklameskolen.devz.no\/barneskole\/nn\/\",\"name\":\"Barneskole - Nynorsk\",\"description\":\"Oppl\u00e6ringsverkt\u00f8y om reklame\",\"publisher\":{\"@id\":\"https:\/\/reklameskolen.devz.no\/barneskole\/nn\/#organization\"},\"potentialAction\":[{\"@type\":\"SearchAction\",\"target\":{\"@type\":\"EntryPoint\",\"urlTemplate\":\"https:\/\/reklameskolen.devz.no\/barneskole\/nn\/?s={search_term_string}\"},\"query-input\":{\"@type\":\"PropertyValueSpecification\",\"valueRequired\":true,\"valueName\":\"search_term_string\"}}],\"inLanguage\":\"nn-NO\"},{\"@type\":\"Organization\",\"@id\":\"https:\/\/reklameskolen.devz.no\/barneskole\/nn\/#organization\",\"name\":\"Barneskole - Nynorsk\",\"url\":\"https:\/\/reklameskolen.devz.no\/barneskole\/nn\/\",\"logo\":{\"@type\":\"ImageObject\",\"inLanguage\":\"nn-NO\",\"@id\":\"https:\/\/reklameskolen.devz.no\/barneskole\/nn\/#\/schema\/logo\/image\/\",\"url\":\"https:\/\/reklameskolen.devz.no\/wp-content\/uploads\/2023\/08\/Reklameskolen-Logo-01.png\",\"contentUrl\":\"https:\/\/reklameskolen.devz.no\/wp-content\/uploads\/2023\/08\/Reklameskolen-Logo-01.png\",\"caption\":\"Barneskole - Nynorsk\"},\"image\":{\"@id\":\"https:\/\/reklameskolen.devz.no\/barneskole\/nn\/#\/schema\/logo\/image\/\"}}]}<\/script>\n<!-- \/ Yoast SEO plugin. -->","yoast_head_json":{"title":"Til f\u00f8resette - Barneskole - Nynorsk","robots":{"index":"index","follow":"follow","max-snippet":"max-snippet:-1","max-image-preview":"max-image-preview:large","max-video-preview":"max-video-preview:-1"},"canonical":"https:\/\/reklameskolen.devz.no\/barneskole\/nn\/til-foresette\/","og_locale":"nn_NO","og_type":"article","og_title":"Til f\u00f8resette - Barneskole - Nynorsk","og_description":"Til f\u00f8resette Barn og unge i dag m\u00f8ter reklame heile tida. Overalt. I butikken, p\u00e5 skolen, i spel og ikkje minst i sosiale medium. Det er viktigare enn nokon gong at barn l\u00e6rer korleis reklame fungerer, og korleis han p\u00e5verkar oss.&nbsp;&nbsp; Derfor har Forbrukartilsynet laga Reklameskolen \u2013 eit digitalt oppl\u00e6ringsverkt\u00f8y om reklame. Reklameskolen har eigne [&hellip;]","og_url":"https:\/\/reklameskolen.devz.no\/barneskole\/nn\/til-foresette\/","og_site_name":"Barneskole - Nynorsk","article_modified_time":"2024-02-15T11:21:10+00:00","og_image":[{"url":"https:\/\/reklameskolen.devz.no\/barneskole\/files\/2023\/05\/Reklameskolen-Ikoner-morkebla-15.png","type":"","width":"","height":""}],"twitter_card":"summary_large_image","twitter_misc":{"Est. reading time":"3 minutes"},"schema":{"@context":"https:\/\/schema.org","@graph":[{"@type":"WebPage","@id":"https:\/\/reklameskolen.devz.no\/barneskole\/nn\/til-foresette\/","url":"https:\/\/reklameskolen.devz.no\/barneskole\/nn\/til-foresette\/","name":"Til f\u00f8resette - Barneskole - Nynorsk","isPartOf":{"@id":"https:\/\/reklameskolen.devz.no\/barneskole\/nn\/#website"},"primaryImageOfPage":{"@id":"https:\/\/reklameskolen.devz.no\/barneskole\/nn\/til-foresette\/#primaryimage"},"image":{"@id":"https:\/\/reklameskolen.devz.no\/barneskole\/nn\/til-foresette\/#primaryimage"},"thumbnailUrl":"https:\/\/reklameskolen.devz.no\/barneskole\/files\/2023\/05\/Reklameskolen-Ikoner-morkebla-15.png","datePublished":"2024-02-15T11:19:25+00:00","dateModified":"2024-02-15T11:21:10+00:00","breadcrumb":{"@id":"https:\/\/reklameskolen.devz.no\/barneskole\/nn\/til-foresette\/#breadcrumb"},"inLanguage":"nn-NO","potentialAction":[{"@type":"ReadAction","target":["https:\/\/reklameskolen.devz.no\/barneskole\/nn\/til-foresette\/"]}]},{"@type":"ImageObject","inLanguage":"nn-NO","@id":"https:\/\/reklameskolen.devz.no\/barneskole\/nn\/til-foresette\/#primaryimage","url":"https:\/\/reklameskolen.devz.no\/barneskole\/files\/2023\/05\/Reklameskolen-Ikoner-morkebla-15.png","contentUrl":"https:\/\/reklameskolen.devz.no\/barneskole\/files\/2023\/05\/Reklameskolen-Ikoner-morkebla-15.png"},{"@type":"BreadcrumbList","@id":"https:\/\/reklameskolen.devz.no\/barneskole\/nn\/til-foresette\/#breadcrumb","itemListElement":[{"@type":"ListItem","position":1,"name":"Home","item":"https:\/\/reklameskolen.devz.no\/barneskole\/nn\/"},{"@type":"ListItem","position":2,"name":"Til f\u00f8resette"}]},{"@type":"WebSite","@id":"https:\/\/reklameskolen.devz.no\/barneskole\/nn\/#website","url":"https:\/\/reklameskolen.devz.no\/barneskole\/nn\/","name":"Barneskole - Nynorsk","description":"Oppl\u00e6ringsverkt\u00f8y om reklame","publisher":{"@id":"https:\/\/reklameskolen.devz.no\/barneskole\/nn\/#organization"},"potentialAction":[{"@type":"SearchAction","target":{"@type":"EntryPoint","urlTemplate":"https:\/\/reklameskolen.devz.no\/barneskole\/nn\/?s={search_term_string}"},"query-input":{"@type":"PropertyValueSpecification","valueRequired":true,"valueName":"search_term_string"}}],"inLanguage":"nn-NO"},{"@type":"Organization","@id":"https:\/\/reklameskolen.devz.no\/barneskole\/nn\/#organization","name":"Barneskole - Nynorsk","url":"https:\/\/reklameskolen.devz.no\/barneskole\/nn\/","logo":{"@type":"ImageObject","inLanguage":"nn-NO","@id":"https:\/\/reklameskolen.devz.no\/barneskole\/nn\/#\/schema\/logo\/image\/","url":"https:\/\/reklameskolen.devz.no\/wp-content\/uploads\/2023\/08\/Reklameskolen-Logo-01.png","contentUrl":"https:\/\/reklameskolen.devz.no\/wp-content\/uploads\/2023\/08\/Reklameskolen-Logo-01.png","caption":"Barneskole - Nynorsk"},"image":{"@id":"https:\/\/reklameskolen.devz.no\/barneskole\/nn\/#\/schema\/logo\/image\/"}}]}},"_links":{"self":[{"href":"https:\/\/reklameskolen.devz.no\/barneskole\/nn\/wp-json\/wp\/v2\/pages\/5139","targetHints":{"allow":["GET"]}}],"collection":[{"href":"https:\/\/reklameskolen.devz.no\/barneskole\/nn\/wp-json\/wp\/v2\/pages"}],"about":[{"href":"https:\/\/reklameskolen.devz.no\/barneskole\/nn\/wp-json\/wp\/v2\/types\/page"}],"author":[{"embeddable":true,"href":"https:\/\/reklameskolen.devz.no\/barneskole\/nn\/wp-json\/wp\/v2\/users\/4"}],"replies":[{"embeddable":true,"href":"https:\/\/reklameskolen.devz.no\/barneskole\/nn\/wp-json\/wp\/v2\/comments?post=5139"}],"version-history":[{"count":28,"href":"https:\/\/reklameskolen.devz.no\/barneskole\/nn\/wp-json\/wp\/v2\/pages\/5139\/revisions"}],"predecessor-version":[{"id":5168,"href":"https:\/\/reklameskolen.devz.no\/barneskole\/nn\/wp-json\/wp\/v2\/pages\/5139\/revisions\/5168"}],"wp:attachment":[{"href":"https:\/\/reklameskolen.devz.no\/barneskole\/nn\/wp-json\/wp\/v2\/media?parent=5139"}],"curies":[{"name":"wp","href":"https:\/\/api.w.org\/{rel}","templated":true}]}}