{"id":1627,"date":"2022-03-01T12:37:38","date_gmt":"2022-03-01T11:37:38","guid":{"rendered":"https:\/\/reklameskolen.devz.no\/?page_id=1627"},"modified":"2023-11-27T10:52:36","modified_gmt":"2023-11-27T09:52:36","slug":"om-forbrukertilsynet","status":"publish","type":"page","link":"https:\/\/reklameskolen.devz.no\/barneskole\/om-forbrukertilsynet\/","title":{"rendered":"Om Forbrukertilsynet"},"content":{"rendered":"\n<h2 class=\"wp-block-heading\">Om Forbrukertilsynet<\/h2>\n\n\n\n<h4 class=\"wp-block-heading\">Et enklere og tryggere samfunn for forbrukerne<\/h4>\n\n\n\n<div class=\"wp-block-columns is-layout-flex wp-container-core-columns-is-layout-28f84493 wp-block-columns-is-layout-flex\">\n<div class=\"wp-block-column is-layout-flow wp-block-column-is-layout-flow\" style=\"flex-basis:66.66%\">\n<p><strong>Forbrukertilsynet er en offentlig tilsynsmyndighet som f\u00f8rer tilsyn med markedsf\u00f8ring og avtalevilk\u00e5r, h\u00e5ndhever forbrukervernlovgivning og mekler i konflikter mellom forbrukere og n\u00e6ringsdrivende.&nbsp;<\/strong><\/p>\n\n\n\n<p>Forbrukertilsynet jobber for et enklere og tryggere samfunn for  forbrukerne.  Vi jobber med \u00e5 forebygge og stoppe ulovlig markedsf\u00f8ring og urimelige avtalevilk\u00e5r.  Vi veileder n\u00e6ringsdrivende om hvilke lover og regler som gjelder for markedsf\u00f8ring, og vi driver informasjonsarbeid rettet mot b\u00e5de forbrukere og n\u00e6ringsdrivende. For \u00e5 l\u00e6re barn og unge om reklame og hvordan den p\u00e5virker oss har vi laget Reklameskolen.  <\/p>\n\n\n\n<p>Reklameskolen er et digitalt undervisningsverkt\u00f8y om reklame. Det er utviklet av Forbrukertilsynet p\u00e5 oppdrag fra Barne- og familiedepartementet. M\u00e5let er at dagens barn og unge skal f\u00e5 sunne og gode holdninger til reklame, og at de skal bli i stand til \u00e5 ta trygge og velinformerte valg som forbrukere. <\/p>\n<\/div>\n\n\n\n<div class=\"wp-block-column is-layout-flow wp-block-column-is-layout-flow\" style=\"flex-basis:25%\">\n<div class=\"wp-block-group is-style-tableofcontent has-palette-color-5-background-color has-background is-layout-flow wp-block-group-is-layout-flow\">\n<h2 class=\"wp-block-heading has-palette-color-4-color has-palette-color-5-background-color has-text-color has-background\">Vil du vite mer om oss?<\/h2>\n\n\n\n<div class=\"wp-block-buttons is-layout-flex wp-block-buttons-is-layout-flex\">\n<div class=\"wp-block-button\"><a class=\"wp-block-button__link has-palette-color-8-color has-palette-color-3-background-color has-text-color has-background wp-element-button\" href=\"https:\/\/forbrukertilsynet.no\" target=\"_blank\" rel=\"noreferrer noopener\">Les mer p\u00e5 forbrukertilsynet.no.<\/a><\/div>\n<\/div>\n<\/div>\n<\/div>\n<\/div>\n","protected":false},"excerpt":{"rendered":"<p>Om Forbrukertilsynet Et enklere og tryggere samfunn for forbrukerne Forbrukertilsynet er en offentlig tilsynsmyndighet som f\u00f8rer tilsyn med markedsf\u00f8ring og avtalevilk\u00e5r, h\u00e5ndhever forbrukervernlovgivning og mekler i konflikter mellom forbrukere og n\u00e6ringsdrivende.&nbsp; Forbrukertilsynet jobber for et enklere og tryggere samfunn for forbrukerne. Vi jobber med \u00e5 forebygge og stoppe ulovlig markedsf\u00f8ring og urimelige avtalevilk\u00e5r. Vi veileder [&hellip;]<\/p>\n","protected":false},"author":10,"featured_media":0,"parent":0,"menu_order":40,"comment_status":"closed","ping_status":"closed","template":"","meta":{"_acf_changed":false,"editor_notices":[],"footnotes":""},"class_list":["post-1627","page","type-page","status-publish","hentry"],"blocksy_meta":{"styles_descriptor":{"styles":{"desktop":"","tablet":"","mobile":""},"google_fonts":[],"version":6}},"acf":[],"yoast_head":"<!-- This site is optimized with the Yoast SEO plugin v25.9 - https:\/\/yoast.com\/wordpress\/plugins\/seo\/ -->\n<title>Om Forbrukertilsynet - Barneskole<\/title>\n<meta name=\"robots\" content=\"index, follow, max-snippet:-1, max-image-preview:large, max-video-preview:-1\" \/>\n<link rel=\"canonical\" href=\"https:\/\/reklameskolen.devz.no\/barneskole\/om-forbrukertilsynet\/\" \/>\n<meta property=\"og:locale\" content=\"nb_NO\" \/>\n<meta property=\"og:type\" content=\"article\" \/>\n<meta property=\"og:title\" content=\"Om Forbrukertilsynet - Barneskole\" \/>\n<meta property=\"og:description\" content=\"Om Forbrukertilsynet Et enklere og tryggere samfunn for forbrukerne Forbrukertilsynet er en offentlig tilsynsmyndighet som f\u00f8rer tilsyn med markedsf\u00f8ring og avtalevilk\u00e5r, h\u00e5ndhever forbrukervernlovgivning og mekler i konflikter mellom forbrukere og n\u00e6ringsdrivende.&nbsp; Forbrukertilsynet jobber for et enklere og tryggere samfunn for forbrukerne. Vi jobber med \u00e5 forebygge og stoppe ulovlig markedsf\u00f8ring og urimelige avtalevilk\u00e5r. Vi veileder [&hellip;]\" \/>\n<meta property=\"og:url\" content=\"https:\/\/reklameskolen.devz.no\/barneskole\/om-forbrukertilsynet\/\" \/>\n<meta property=\"og:site_name\" content=\"Barneskole\" \/>\n<meta property=\"article:modified_time\" content=\"2023-11-27T09:52:36+00:00\" \/>\n<meta name=\"twitter:card\" content=\"summary_large_image\" \/>\n<meta name=\"twitter:label1\" content=\"Ansl. lesetid\" \/>\n\t<meta name=\"twitter:data1\" content=\"1 minutt\" \/>\n<script type=\"application\/ld+json\" class=\"yoast-schema-graph\">{\"@context\":\"https:\/\/schema.org\",\"@graph\":[{\"@type\":\"WebPage\",\"@id\":\"https:\/\/reklameskolen.devz.no\/barneskole\/om-forbrukertilsynet\/\",\"url\":\"https:\/\/reklameskolen.devz.no\/barneskole\/om-forbrukertilsynet\/\",\"name\":\"Om Forbrukertilsynet - Barneskole\",\"isPartOf\":{\"@id\":\"https:\/\/reklameskolen.devz.no\/barneskole\/#website\"},\"datePublished\":\"2022-03-01T11:37:38+00:00\",\"dateModified\":\"2023-11-27T09:52:36+00:00\",\"breadcrumb\":{\"@id\":\"https:\/\/reklameskolen.devz.no\/barneskole\/om-forbrukertilsynet\/#breadcrumb\"},\"inLanguage\":\"nb-NO\",\"potentialAction\":[{\"@type\":\"ReadAction\",\"target\":[\"https:\/\/reklameskolen.devz.no\/barneskole\/om-forbrukertilsynet\/\"]}]},{\"@type\":\"BreadcrumbList\",\"@id\":\"https:\/\/reklameskolen.devz.no\/barneskole\/om-forbrukertilsynet\/#breadcrumb\",\"itemListElement\":[{\"@type\":\"ListItem\",\"position\":1,\"name\":\"Home\",\"item\":\"https:\/\/reklameskolen.devz.no\/barneskole\/\"},{\"@type\":\"ListItem\",\"position\":2,\"name\":\"Om Forbrukertilsynet\"}]},{\"@type\":\"WebSite\",\"@id\":\"https:\/\/reklameskolen.devz.no\/barneskole\/#website\",\"url\":\"https:\/\/reklameskolen.devz.no\/barneskole\/\",\"name\":\"Barneskole\",\"description\":\"Oppl\u00e6ringsverkt\u00f8y om reklame\",\"publisher\":{\"@id\":\"https:\/\/reklameskolen.devz.no\/barneskole\/#organization\"},\"potentialAction\":[{\"@type\":\"SearchAction\",\"target\":{\"@type\":\"EntryPoint\",\"urlTemplate\":\"https:\/\/reklameskolen.devz.no\/barneskole\/?s={search_term_string}\"},\"query-input\":{\"@type\":\"PropertyValueSpecification\",\"valueRequired\":true,\"valueName\":\"search_term_string\"}}],\"inLanguage\":\"nb-NO\"},{\"@type\":\"Organization\",\"@id\":\"https:\/\/reklameskolen.devz.no\/barneskole\/#organization\",\"name\":\"Barneskole\",\"url\":\"https:\/\/reklameskolen.devz.no\/barneskole\/\",\"logo\":{\"@type\":\"ImageObject\",\"inLanguage\":\"nb-NO\",\"@id\":\"https:\/\/reklameskolen.devz.no\/barneskole\/#\/schema\/logo\/image\/\",\"url\":\"https:\/\/reklameskolen.devz.no\/barneskole\/files\/2023\/08\/Reklameskolen-Logo-01.png\",\"contentUrl\":\"https:\/\/reklameskolen.devz.no\/barneskole\/files\/2023\/08\/Reklameskolen-Logo-01.png\",\"width\":2571,\"height\":950,\"caption\":\"Barneskole\"},\"image\":{\"@id\":\"https:\/\/reklameskolen.devz.no\/barneskole\/#\/schema\/logo\/image\/\"}}]}<\/script>\n<!-- \/ Yoast SEO plugin. -->","yoast_head_json":{"title":"Om Forbrukertilsynet - Barneskole","robots":{"index":"index","follow":"follow","max-snippet":"max-snippet:-1","max-image-preview":"max-image-preview:large","max-video-preview":"max-video-preview:-1"},"canonical":"https:\/\/reklameskolen.devz.no\/barneskole\/om-forbrukertilsynet\/","og_locale":"nb_NO","og_type":"article","og_title":"Om Forbrukertilsynet - Barneskole","og_description":"Om Forbrukertilsynet Et enklere og tryggere samfunn for forbrukerne Forbrukertilsynet er en offentlig tilsynsmyndighet som f\u00f8rer tilsyn med markedsf\u00f8ring og avtalevilk\u00e5r, h\u00e5ndhever forbrukervernlovgivning og mekler i konflikter mellom forbrukere og n\u00e6ringsdrivende.&nbsp; Forbrukertilsynet jobber for et enklere og tryggere samfunn for forbrukerne. Vi jobber med \u00e5 forebygge og stoppe ulovlig markedsf\u00f8ring og urimelige avtalevilk\u00e5r. Vi veileder [&hellip;]","og_url":"https:\/\/reklameskolen.devz.no\/barneskole\/om-forbrukertilsynet\/","og_site_name":"Barneskole","article_modified_time":"2023-11-27T09:52:36+00:00","twitter_card":"summary_large_image","twitter_misc":{"Ansl. lesetid":"1 minutt"},"schema":{"@context":"https:\/\/schema.org","@graph":[{"@type":"WebPage","@id":"https:\/\/reklameskolen.devz.no\/barneskole\/om-forbrukertilsynet\/","url":"https:\/\/reklameskolen.devz.no\/barneskole\/om-forbrukertilsynet\/","name":"Om Forbrukertilsynet - Barneskole","isPartOf":{"@id":"https:\/\/reklameskolen.devz.no\/barneskole\/#website"},"datePublished":"2022-03-01T11:37:38+00:00","dateModified":"2023-11-27T09:52:36+00:00","breadcrumb":{"@id":"https:\/\/reklameskolen.devz.no\/barneskole\/om-forbrukertilsynet\/#breadcrumb"},"inLanguage":"nb-NO","potentialAction":[{"@type":"ReadAction","target":["https:\/\/reklameskolen.devz.no\/barneskole\/om-forbrukertilsynet\/"]}]},{"@type":"BreadcrumbList","@id":"https:\/\/reklameskolen.devz.no\/barneskole\/om-forbrukertilsynet\/#breadcrumb","itemListElement":[{"@type":"ListItem","position":1,"name":"Home","item":"https:\/\/reklameskolen.devz.no\/barneskole\/"},{"@type":"ListItem","position":2,"name":"Om Forbrukertilsynet"}]},{"@type":"WebSite","@id":"https:\/\/reklameskolen.devz.no\/barneskole\/#website","url":"https:\/\/reklameskolen.devz.no\/barneskole\/","name":"Barneskole","description":"Oppl\u00e6ringsverkt\u00f8y om reklame","publisher":{"@id":"https:\/\/reklameskolen.devz.no\/barneskole\/#organization"},"potentialAction":[{"@type":"SearchAction","target":{"@type":"EntryPoint","urlTemplate":"https:\/\/reklameskolen.devz.no\/barneskole\/?s={search_term_string}"},"query-input":{"@type":"PropertyValueSpecification","valueRequired":true,"valueName":"search_term_string"}}],"inLanguage":"nb-NO"},{"@type":"Organization","@id":"https:\/\/reklameskolen.devz.no\/barneskole\/#organization","name":"Barneskole","url":"https:\/\/reklameskolen.devz.no\/barneskole\/","logo":{"@type":"ImageObject","inLanguage":"nb-NO","@id":"https:\/\/reklameskolen.devz.no\/barneskole\/#\/schema\/logo\/image\/","url":"https:\/\/reklameskolen.devz.no\/barneskole\/files\/2023\/08\/Reklameskolen-Logo-01.png","contentUrl":"https:\/\/reklameskolen.devz.no\/barneskole\/files\/2023\/08\/Reklameskolen-Logo-01.png","width":2571,"height":950,"caption":"Barneskole"},"image":{"@id":"https:\/\/reklameskolen.devz.no\/barneskole\/#\/schema\/logo\/image\/"}}]}},"_links":{"self":[{"href":"https:\/\/reklameskolen.devz.no\/barneskole\/wp-json\/wp\/v2\/pages\/1627","targetHints":{"allow":["GET"]}}],"collection":[{"href":"https:\/\/reklameskolen.devz.no\/barneskole\/wp-json\/wp\/v2\/pages"}],"about":[{"href":"https:\/\/reklameskolen.devz.no\/barneskole\/wp-json\/wp\/v2\/types\/page"}],"author":[{"embeddable":true,"href":"https:\/\/reklameskolen.devz.no\/barneskole\/wp-json\/wp\/v2\/users\/10"}],"replies":[{"embeddable":true,"href":"https:\/\/reklameskolen.devz.no\/barneskole\/wp-json\/wp\/v2\/comments?post=1627"}],"version-history":[{"count":25,"href":"https:\/\/reklameskolen.devz.no\/barneskole\/wp-json\/wp\/v2\/pages\/1627\/revisions"}],"predecessor-version":[{"id":4899,"href":"https:\/\/reklameskolen.devz.no\/barneskole\/wp-json\/wp\/v2\/pages\/1627\/revisions\/4899"}],"wp:attachment":[{"href":"https:\/\/reklameskolen.devz.no\/barneskole\/wp-json\/wp\/v2\/media?parent=1627"}],"curies":[{"name":"wp","href":"https:\/\/api.w.org\/{rel}","templated":true}]}}