{"id":3475,"date":"2023-04-26T18:02:54","date_gmt":"2023-04-26T16:02:54","guid":{"rendered":"https:\/\/reklameskolen.devz.no\/barneskole\/?page_id=3475"},"modified":"2023-11-27T10:38:07","modified_gmt":"2023-11-27T09:38:07","slug":"hvem-sier-hva-til-hvem","status":"publish","type":"page","link":"https:\/\/reklameskolen.devz.no\/barneskole\/hvem-sier-hva-til-hvem\/","title":{"rendered":"Hvem sier hva til hvem?"},"content":{"rendered":"\n<div style=\"height:10px\" aria-hidden=\"true\" class=\"wp-block-spacer\"><\/div>\n\n\n\n<figure class=\"wp-block-image aligncenter size-full\"><img loading=\"lazy\" decoding=\"async\" width=\"8000\" height=\"2007\" src=\"https:\/\/reklameskolen.devz.no\/barneskole\/files\/2023\/06\/MicrosoftTeams-image-5.png\" alt=\"Illustrasjon av en s\u00e5kalt kommunikasjonsmodell. Illustrasjonen viser en avsender som sender et budskap til en mottaker.\" class=\"wp-image-4356\" srcset=\"https:\/\/reklameskolen.devz.no\/barneskole\/files\/2023\/06\/MicrosoftTeams-image-5.png 8000w, https:\/\/reklameskolen.devz.no\/barneskole\/files\/2023\/06\/MicrosoftTeams-image-5-300x75.png 300w, https:\/\/reklameskolen.devz.no\/barneskole\/files\/2023\/06\/MicrosoftTeams-image-5-1024x257.png 1024w, https:\/\/reklameskolen.devz.no\/barneskole\/files\/2023\/06\/MicrosoftTeams-image-5-768x193.png 768w, https:\/\/reklameskolen.devz.no\/barneskole\/files\/2023\/06\/MicrosoftTeams-image-5-1536x385.png 1536w, https:\/\/reklameskolen.devz.no\/barneskole\/files\/2023\/06\/MicrosoftTeams-image-5-2048x514.png 2048w, https:\/\/reklameskolen.devz.no\/barneskole\/files\/2023\/06\/MicrosoftTeams-image-5-150x38.png 150w\" sizes=\"auto, (max-width: 8000px) 100vw, 8000px\" \/><\/figure>\n\n\n\n<h1 class=\"wp-block-heading has-text-align-left\">Hvem sier hva til hvem?<\/h1>\n\n\n\n<div class=\"wp-block-columns is-layout-flex wp-container-core-columns-is-layout-28f84493 wp-block-columns-is-layout-flex\">\n<div class=\"wp-block-column is-layout-flow wp-block-column-is-layout-flow\" style=\"flex-basis:67%\">\n<p>All kommunikasjon har en avsender, et budskap og en mottaker. Reklame ogs\u00e5.\u202f\u202fMen hvem sier egentlig hva til hvem?&nbsp;<\/p>\n\n\n\n<p>Det spesielle med reklame, er at noen har betalt for \u00e5 f\u00e5 spredt et budskap. Den som betaler for reklamen, kaller vi annons\u00f8ren. Det kan for eksempel v\u00e6re en butikk eller et klesmerke, som Normal eller Nike.&nbsp;<\/p>\n\n\n\n<p>Annons\u00f8ren vil at budskapet skal p\u00e5virke mottakerne. Reklamen kan for eksempel f\u00e5 deg til \u00e5 velge et bestemt merke neste gang du skal kj\u00f8pe noe.&nbsp;<\/p>\n\n\n\n<p>Det er naturlig \u00e5 tenke at det er annons\u00f8ren som er avsenderen av reklamebudskapet. Men vanligvis er mange forskjellige firmaer og personer med p\u00e5 \u00e5 spre budskapet.&nbsp;<\/p>\n\n\n\n<p>Reklamebyr\u00e5er lager for eksempel reklamefilm og plakater. Influensere sprer reklamebudskap i sosiale medier. Ofte kan det v\u00e6re vanskelig \u00e5 vite hvem som egentlig er avsenderen.\u202f&nbsp;<\/p>\n<\/div>\n\n\n\n<div class=\"wp-block-column is-layout-flow wp-block-column-is-layout-flow\" style=\"flex-basis:33.33%\">\n<div class=\"wp-block-group is-style-fact-box is-layout-flow wp-block-group-is-layout-flow\">\n<h2 class=\"wp-block-heading has-palette-color-8-color has-text-color\">Ordliste<\/h2>\n\n\n\n<ul class=\"wp-block-list\">\n<li><strong>Avsender:<\/strong> Den som sender et budskap&nbsp;<\/li>\n\n\n\n<li><strong>Budskap:<\/strong> Det som blir sagt, vist eller fortalt&nbsp;<\/li>\n\n\n\n<li><strong>Mottaker:<\/strong> Den som skal ta i mot budskapet&nbsp;<\/li>\n\n\n\n<li><strong>Annons\u00f8r:<\/strong> En person, et firma eller en organisasjon som betaler for reklame<\/li>\n<\/ul>\n<\/div>\n\n\n\n<div style=\"height:50px\" aria-hidden=\"true\" class=\"wp-block-spacer\"><\/div>\n\n\n\n<div style=\"height:50px\" aria-hidden=\"true\" class=\"wp-block-spacer\"><\/div>\n<\/div>\n<\/div>\n\n\n\n<div class=\"wp-block-group alignfull is-layout-flow wp-block-group-is-layout-flow\">\n<div class=\"wp-block-columns is-layout-flex wp-container-core-columns-is-layout-28f84493 wp-block-columns-is-layout-flex\">\n<div class=\"wp-block-column is-layout-flow wp-block-column-is-layout-flow\">\n<div class=\"wp-block-buttons is-content-justification-right is-layout-flex wp-container-core-buttons-is-layout-d445cf74 wp-block-buttons-is-layout-flex\">\n<div class=\"wp-block-button\"><a class=\"wp-block-button__link has-palette-color-8-color has-palette-color-3-background-color has-text-color has-background wp-element-button\" href=\"https:\/\/reklameskolen.devz.no\/barneskole\/betalt-budskap\/\" style=\"padding-top:var(--wp--preset--spacing--40);padding-right:var(--wp--preset--spacing--40);padding-bottom:var(--wp--preset--spacing--40);padding-left:var(--wp--preset--spacing--40)\">Tilbake til &laquo;Betalt budskap&raquo;<\/a><\/div>\n<\/div>\n<\/div>\n\n\n\n<div class=\"wp-block-column is-layout-flow wp-block-column-is-layout-flow\">\n<div class=\"wp-block-buttons is-horizontal is-content-justification-left is-layout-flex wp-container-core-buttons-is-layout-20be11b6 wp-block-buttons-is-layout-flex\">\n<div class=\"wp-block-button\"><a class=\"wp-block-button__link has-palette-color-8-color has-palette-color-3-background-color has-text-color has-background wp-element-button\" href=\"https:\/\/reklameskolen.devz.no\/barneskole\/hvem-sier-hva-til-hvem\/finn-annonsoren\/\" style=\"padding-top:var(--wp--preset--spacing--40);padding-right:var(--wp--preset--spacing--40);padding-bottom:var(--wp--preset--spacing--40);padding-left:var(--wp--preset--spacing--40)\">Videre til &laquo;Finn annons\u00f8ren&raquo;<\/a><\/div>\n<\/div>\n<\/div>\n<\/div>\n<\/div>\n\n\n\n<div style=\"height:30px\" aria-hidden=\"true\" class=\"wp-block-spacer\"><\/div>\n","protected":false},"excerpt":{"rendered":"<p>Hvem sier hva til hvem? All kommunikasjon har en avsender, et budskap og en mottaker. Reklame ogs\u00e5.\u202f\u202fMen hvem sier egentlig hva til hvem?&nbsp; Det spesielle med reklame, er at noen har betalt for \u00e5 f\u00e5 spredt et budskap. Den som betaler for reklamen, kaller vi annons\u00f8ren. Det kan for eksempel v\u00e6re en butikk eller et [&hellip;]<\/p>\n","protected":false},"author":10,"featured_media":0,"parent":0,"menu_order":4,"comment_status":"closed","ping_status":"closed","template":"","meta":{"_acf_changed":false,"editor_notices":[],"footnotes":""},"class_list":["post-3475","page","type-page","status-publish","hentry"],"blocksy_meta":[],"acf":[],"yoast_head":"<!-- This site is optimized with the Yoast SEO plugin v25.9 - https:\/\/yoast.com\/wordpress\/plugins\/seo\/ -->\n<title>Hvem sier hva til hvem? - Barneskole<\/title>\n<meta name=\"robots\" content=\"index, follow, max-snippet:-1, max-image-preview:large, max-video-preview:-1\" \/>\n<link rel=\"canonical\" href=\"https:\/\/reklameskolen.devz.no\/barneskole\/hvem-sier-hva-til-hvem\/\" \/>\n<meta property=\"og:locale\" content=\"nb_NO\" \/>\n<meta property=\"og:type\" content=\"article\" \/>\n<meta property=\"og:title\" content=\"Hvem sier hva til hvem? - Barneskole\" \/>\n<meta property=\"og:description\" content=\"Hvem sier hva til hvem? All kommunikasjon har en avsender, et budskap og en mottaker. Reklame ogs\u00e5.\u202f\u202fMen hvem sier egentlig hva til hvem?&nbsp; Det spesielle med reklame, er at noen har betalt for \u00e5 f\u00e5 spredt et budskap. Den som betaler for reklamen, kaller vi annons\u00f8ren. Det kan for eksempel v\u00e6re en butikk eller et [&hellip;]\" \/>\n<meta property=\"og:url\" content=\"https:\/\/reklameskolen.devz.no\/barneskole\/hvem-sier-hva-til-hvem\/\" \/>\n<meta property=\"og:site_name\" content=\"Barneskole\" \/>\n<meta property=\"article:modified_time\" content=\"2023-11-27T09:38:07+00:00\" \/>\n<meta property=\"og:image\" content=\"https:\/\/reklameskolen.devz.no\/barneskole\/files\/2023\/06\/MicrosoftTeams-image-5.png\" \/>\n\t<meta property=\"og:image:width\" content=\"8000\" \/>\n\t<meta property=\"og:image:height\" content=\"2007\" \/>\n\t<meta property=\"og:image:type\" content=\"image\/png\" \/>\n<meta name=\"twitter:card\" content=\"summary_large_image\" \/>\n<meta name=\"twitter:label1\" content=\"Ansl. lesetid\" \/>\n\t<meta name=\"twitter:data1\" content=\"1 minutt\" \/>\n<script type=\"application\/ld+json\" class=\"yoast-schema-graph\">{\"@context\":\"https:\/\/schema.org\",\"@graph\":[{\"@type\":\"WebPage\",\"@id\":\"https:\/\/reklameskolen.devz.no\/barneskole\/hvem-sier-hva-til-hvem\/\",\"url\":\"https:\/\/reklameskolen.devz.no\/barneskole\/hvem-sier-hva-til-hvem\/\",\"name\":\"Hvem sier hva til hvem? - Barneskole\",\"isPartOf\":{\"@id\":\"https:\/\/reklameskolen.devz.no\/barneskole\/#website\"},\"primaryImageOfPage\":{\"@id\":\"https:\/\/reklameskolen.devz.no\/barneskole\/hvem-sier-hva-til-hvem\/#primaryimage\"},\"image\":{\"@id\":\"https:\/\/reklameskolen.devz.no\/barneskole\/hvem-sier-hva-til-hvem\/#primaryimage\"},\"thumbnailUrl\":\"https:\/\/reklameskolen.devz.no\/barneskole\/files\/2023\/06\/MicrosoftTeams-image-5.png\",\"datePublished\":\"2023-04-26T16:02:54+00:00\",\"dateModified\":\"2023-11-27T09:38:07+00:00\",\"breadcrumb\":{\"@id\":\"https:\/\/reklameskolen.devz.no\/barneskole\/hvem-sier-hva-til-hvem\/#breadcrumb\"},\"inLanguage\":\"nb-NO\",\"potentialAction\":[{\"@type\":\"ReadAction\",\"target\":[\"https:\/\/reklameskolen.devz.no\/barneskole\/hvem-sier-hva-til-hvem\/\"]}]},{\"@type\":\"ImageObject\",\"inLanguage\":\"nb-NO\",\"@id\":\"https:\/\/reklameskolen.devz.no\/barneskole\/hvem-sier-hva-til-hvem\/#primaryimage\",\"url\":\"https:\/\/reklameskolen.devz.no\/barneskole\/files\/2023\/06\/MicrosoftTeams-image-5.png\",\"contentUrl\":\"https:\/\/reklameskolen.devz.no\/barneskole\/files\/2023\/06\/MicrosoftTeams-image-5.png\",\"width\":8000,\"height\":2007,\"caption\":\"Kven seier kva til kven?\"},{\"@type\":\"BreadcrumbList\",\"@id\":\"https:\/\/reklameskolen.devz.no\/barneskole\/hvem-sier-hva-til-hvem\/#breadcrumb\",\"itemListElement\":[{\"@type\":\"ListItem\",\"position\":1,\"name\":\"Home\",\"item\":\"https:\/\/reklameskolen.devz.no\/barneskole\/\"},{\"@type\":\"ListItem\",\"position\":2,\"name\":\"Hvem sier hva til hvem?\"}]},{\"@type\":\"WebSite\",\"@id\":\"https:\/\/reklameskolen.devz.no\/barneskole\/#website\",\"url\":\"https:\/\/reklameskolen.devz.no\/barneskole\/\",\"name\":\"Barneskole\",\"description\":\"Oppl\u00e6ringsverkt\u00f8y om reklame\",\"publisher\":{\"@id\":\"https:\/\/reklameskolen.devz.no\/barneskole\/#organization\"},\"potentialAction\":[{\"@type\":\"SearchAction\",\"target\":{\"@type\":\"EntryPoint\",\"urlTemplate\":\"https:\/\/reklameskolen.devz.no\/barneskole\/?s={search_term_string}\"},\"query-input\":{\"@type\":\"PropertyValueSpecification\",\"valueRequired\":true,\"valueName\":\"search_term_string\"}}],\"inLanguage\":\"nb-NO\"},{\"@type\":\"Organization\",\"@id\":\"https:\/\/reklameskolen.devz.no\/barneskole\/#organization\",\"name\":\"Barneskole\",\"url\":\"https:\/\/reklameskolen.devz.no\/barneskole\/\",\"logo\":{\"@type\":\"ImageObject\",\"inLanguage\":\"nb-NO\",\"@id\":\"https:\/\/reklameskolen.devz.no\/barneskole\/#\/schema\/logo\/image\/\",\"url\":\"https:\/\/reklameskolen.devz.no\/barneskole\/files\/2023\/08\/Reklameskolen-Logo-01.png\",\"contentUrl\":\"https:\/\/reklameskolen.devz.no\/barneskole\/files\/2023\/08\/Reklameskolen-Logo-01.png\",\"width\":2571,\"height\":950,\"caption\":\"Barneskole\"},\"image\":{\"@id\":\"https:\/\/reklameskolen.devz.no\/barneskole\/#\/schema\/logo\/image\/\"}}]}<\/script>\n<!-- \/ Yoast SEO plugin. -->","yoast_head_json":{"title":"Hvem sier hva til hvem? - Barneskole","robots":{"index":"index","follow":"follow","max-snippet":"max-snippet:-1","max-image-preview":"max-image-preview:large","max-video-preview":"max-video-preview:-1"},"canonical":"https:\/\/reklameskolen.devz.no\/barneskole\/hvem-sier-hva-til-hvem\/","og_locale":"nb_NO","og_type":"article","og_title":"Hvem sier hva til hvem? - Barneskole","og_description":"Hvem sier hva til hvem? All kommunikasjon har en avsender, et budskap og en mottaker. Reklame ogs\u00e5.\u202f\u202fMen hvem sier egentlig hva til hvem?&nbsp; Det spesielle med reklame, er at noen har betalt for \u00e5 f\u00e5 spredt et budskap. Den som betaler for reklamen, kaller vi annons\u00f8ren. Det kan for eksempel v\u00e6re en butikk eller et [&hellip;]","og_url":"https:\/\/reklameskolen.devz.no\/barneskole\/hvem-sier-hva-til-hvem\/","og_site_name":"Barneskole","article_modified_time":"2023-11-27T09:38:07+00:00","og_image":[{"width":8000,"height":2007,"url":"https:\/\/reklameskolen.devz.no\/barneskole\/files\/2023\/06\/MicrosoftTeams-image-5.png","type":"image\/png"}],"twitter_card":"summary_large_image","twitter_misc":{"Ansl. lesetid":"1 minutt"},"schema":{"@context":"https:\/\/schema.org","@graph":[{"@type":"WebPage","@id":"https:\/\/reklameskolen.devz.no\/barneskole\/hvem-sier-hva-til-hvem\/","url":"https:\/\/reklameskolen.devz.no\/barneskole\/hvem-sier-hva-til-hvem\/","name":"Hvem sier hva til hvem? - Barneskole","isPartOf":{"@id":"https:\/\/reklameskolen.devz.no\/barneskole\/#website"},"primaryImageOfPage":{"@id":"https:\/\/reklameskolen.devz.no\/barneskole\/hvem-sier-hva-til-hvem\/#primaryimage"},"image":{"@id":"https:\/\/reklameskolen.devz.no\/barneskole\/hvem-sier-hva-til-hvem\/#primaryimage"},"thumbnailUrl":"https:\/\/reklameskolen.devz.no\/barneskole\/files\/2023\/06\/MicrosoftTeams-image-5.png","datePublished":"2023-04-26T16:02:54+00:00","dateModified":"2023-11-27T09:38:07+00:00","breadcrumb":{"@id":"https:\/\/reklameskolen.devz.no\/barneskole\/hvem-sier-hva-til-hvem\/#breadcrumb"},"inLanguage":"nb-NO","potentialAction":[{"@type":"ReadAction","target":["https:\/\/reklameskolen.devz.no\/barneskole\/hvem-sier-hva-til-hvem\/"]}]},{"@type":"ImageObject","inLanguage":"nb-NO","@id":"https:\/\/reklameskolen.devz.no\/barneskole\/hvem-sier-hva-til-hvem\/#primaryimage","url":"https:\/\/reklameskolen.devz.no\/barneskole\/files\/2023\/06\/MicrosoftTeams-image-5.png","contentUrl":"https:\/\/reklameskolen.devz.no\/barneskole\/files\/2023\/06\/MicrosoftTeams-image-5.png","width":8000,"height":2007,"caption":"Kven seier kva til kven?"},{"@type":"BreadcrumbList","@id":"https:\/\/reklameskolen.devz.no\/barneskole\/hvem-sier-hva-til-hvem\/#breadcrumb","itemListElement":[{"@type":"ListItem","position":1,"name":"Home","item":"https:\/\/reklameskolen.devz.no\/barneskole\/"},{"@type":"ListItem","position":2,"name":"Hvem sier hva til hvem?"}]},{"@type":"WebSite","@id":"https:\/\/reklameskolen.devz.no\/barneskole\/#website","url":"https:\/\/reklameskolen.devz.no\/barneskole\/","name":"Barneskole","description":"Oppl\u00e6ringsverkt\u00f8y om reklame","publisher":{"@id":"https:\/\/reklameskolen.devz.no\/barneskole\/#organization"},"potentialAction":[{"@type":"SearchAction","target":{"@type":"EntryPoint","urlTemplate":"https:\/\/reklameskolen.devz.no\/barneskole\/?s={search_term_string}"},"query-input":{"@type":"PropertyValueSpecification","valueRequired":true,"valueName":"search_term_string"}}],"inLanguage":"nb-NO"},{"@type":"Organization","@id":"https:\/\/reklameskolen.devz.no\/barneskole\/#organization","name":"Barneskole","url":"https:\/\/reklameskolen.devz.no\/barneskole\/","logo":{"@type":"ImageObject","inLanguage":"nb-NO","@id":"https:\/\/reklameskolen.devz.no\/barneskole\/#\/schema\/logo\/image\/","url":"https:\/\/reklameskolen.devz.no\/barneskole\/files\/2023\/08\/Reklameskolen-Logo-01.png","contentUrl":"https:\/\/reklameskolen.devz.no\/barneskole\/files\/2023\/08\/Reklameskolen-Logo-01.png","width":2571,"height":950,"caption":"Barneskole"},"image":{"@id":"https:\/\/reklameskolen.devz.no\/barneskole\/#\/schema\/logo\/image\/"}}]}},"_links":{"self":[{"href":"https:\/\/reklameskolen.devz.no\/barneskole\/wp-json\/wp\/v2\/pages\/3475","targetHints":{"allow":["GET"]}}],"collection":[{"href":"https:\/\/reklameskolen.devz.no\/barneskole\/wp-json\/wp\/v2\/pages"}],"about":[{"href":"https:\/\/reklameskolen.devz.no\/barneskole\/wp-json\/wp\/v2\/types\/page"}],"author":[{"embeddable":true,"href":"https:\/\/reklameskolen.devz.no\/barneskole\/wp-json\/wp\/v2\/users\/10"}],"replies":[{"embeddable":true,"href":"https:\/\/reklameskolen.devz.no\/barneskole\/wp-json\/wp\/v2\/comments?post=3475"}],"version-history":[{"count":27,"href":"https:\/\/reklameskolen.devz.no\/barneskole\/wp-json\/wp\/v2\/pages\/3475\/revisions"}],"predecessor-version":[{"id":4863,"href":"https:\/\/reklameskolen.devz.no\/barneskole\/wp-json\/wp\/v2\/pages\/3475\/revisions\/4863"}],"wp:attachment":[{"href":"https:\/\/reklameskolen.devz.no\/barneskole\/wp-json\/wp\/v2\/media?parent=3475"}],"curies":[{"name":"wp","href":"https:\/\/api.w.org\/{rel}","templated":true}]}}