{"id":3485,"date":"2023-04-26T18:08:34","date_gmt":"2023-04-26T16:08:34","guid":{"rendered":"https:\/\/reklameskolen.devz.no\/barneskole\/?page_id=3485"},"modified":"2024-08-20T12:25:19","modified_gmt":"2024-08-20T10:25:19","slug":"viktige-verktoy","status":"publish","type":"page","link":"https:\/\/reklameskolen.devz.no\/barneskole\/virkemidler-i-reklame\/viktige-verktoy\/","title":{"rendered":"Viktige verkt\u00f8y"},"content":{"rendered":"\n<div style=\"height:10px\" aria-hidden=\"true\" class=\"wp-block-spacer\"><\/div>\n\n\n\n<figure class=\"wp-block-image aligncenter size-full\"><img loading=\"lazy\" decoding=\"async\" width=\"1311\" height=\"328\" src=\"https:\/\/reklameskolen.devz.no\/barneskole\/files\/2023\/06\/Tannkrem.jpg\" alt=\"Dame smiler med hvite tenner og reklamerer for tannkrem\" class=\"wp-image-4249\" srcset=\"https:\/\/reklameskolen.devz.no\/barneskole\/files\/2023\/06\/Tannkrem.jpg 1311w, https:\/\/reklameskolen.devz.no\/barneskole\/files\/2023\/06\/Tannkrem-300x75.jpg 300w, https:\/\/reklameskolen.devz.no\/barneskole\/files\/2023\/06\/Tannkrem-1024x256.jpg 1024w, https:\/\/reklameskolen.devz.no\/barneskole\/files\/2023\/06\/Tannkrem-768x192.jpg 768w, https:\/\/reklameskolen.devz.no\/barneskole\/files\/2023\/06\/Tannkrem-150x38.jpg 150w\" sizes=\"auto, (max-width: 1311px) 100vw, 1311px\" \/><figcaption class=\"wp-element-caption\">Illustration: Netron\/Forbrukertilsynet<\/figcaption><\/figure>\n\n\n\n<h1 class=\"wp-block-heading\">Viktige verkt\u00f8y<\/h1>\n\n\n\n<div class=\"wp-block-columns is-layout-flex wp-container-core-columns-is-layout-28f84493 wp-block-columns-is-layout-flex\">\n<div class=\"wp-block-column is-layout-flow wp-block-column-is-layout-flow\" style=\"flex-basis:67%\">\n<p>Har du noen gang tenkt over hvorfor noen merker er mer popul\u00e6re enn andre? Eller hvorfor du \u00f8nsker deg akkurat\u202f<em>den<\/em>\u202fspesielle genseren?\u202f&nbsp;Det har de som lager reklame.&nbsp;&nbsp;<\/p>\n\n\n\n<p>Reklamebransjen bruker mange forskjellige virkemidler for \u00e5 p\u00e5virke deg. Ord som \u00abSalg\u00bb og \u00abTilbud\u00bb kan gi inntrykk av at noe er ekstra billig akkurat n\u00e5. Musikk og farger kan p\u00e5virke hvordan du f\u00f8ler deg. Nedtellinger eller tikkende klokker i nettbutikker og spill kan f\u00e5 deg til handle fort. Uten \u00e5 tenke for mye f\u00f8rst.\u202f\u202f&nbsp;<\/p>\n\n\n\n<p>Alle disse virkemidlene er n\u00f8ye utvalgt for \u00e5 f\u00e5 deg til \u00e5 like et spesielt merke. Eller til \u00e5 kj\u00f8pe en bestemt ting. Gjerne uten at du skj\u00f8nner hvorfor du gj\u00f8r det.\u202f&nbsp;<\/p>\n<\/div>\n\n\n\n<div class=\"wp-block-column is-layout-flow wp-block-column-is-layout-flow\" style=\"flex-basis:33.33%\">\n<div class=\"wp-block-group is-style-fact-box is-layout-flow wp-block-group-is-layout-flow\">\n<h2 class=\"wp-block-heading has-palette-color-8-color has-text-color\">Ordforklaring<\/h2>\n\n\n\n<p><strong>Virkemidler:<\/strong> Metoder og verkt\u00f8y man kan bruke for \u00e5 n\u00e5 et m\u00e5l. Reklamen bruker mange ulike virkemidler for \u00e5 p\u00e5virke oss.&nbsp;<\/p>\n<\/div>\n\n\n\n<div style=\"height:50px\" aria-hidden=\"true\" class=\"wp-block-spacer\"><\/div>\n\n\n\n<div style=\"height:50px\" aria-hidden=\"true\" class=\"wp-block-spacer\"><\/div>\n<\/div>\n<\/div>\n\n\n\n<div class=\"wp-block-group alignfull is-layout-flow wp-block-group-is-layout-flow\">\n<div class=\"wp-block-columns is-layout-flex wp-container-core-columns-is-layout-28f84493 wp-block-columns-is-layout-flex\">\n<div class=\"wp-block-column is-layout-flow wp-block-column-is-layout-flow\">\n<div class=\"wp-block-buttons is-content-justification-right is-layout-flex wp-container-core-buttons-is-layout-d445cf74 wp-block-buttons-is-layout-flex\">\n<div class=\"wp-block-button\"><a class=\"wp-block-button__link has-palette-color-8-color has-palette-color-3-background-color has-text-color has-background wp-element-button\" href=\"https:\/\/reklameskolen.devz.no\/barneskole\/virkemidler-i-reklame\/\" style=\"padding-top:var(--wp--preset--spacing--40);padding-right:var(--wp--preset--spacing--40);padding-bottom:var(--wp--preset--spacing--40);padding-left:var(--wp--preset--spacing--40)\">Tilbake til &laquo;Virkemidler i reklame&raquo;<\/a><\/div>\n<\/div>\n<\/div>\n\n\n\n<div class=\"wp-block-column is-layout-flow wp-block-column-is-layout-flow\">\n<div class=\"wp-block-buttons is-horizontal is-content-justification-left is-layout-flex wp-container-core-buttons-is-layout-20be11b6 wp-block-buttons-is-layout-flex\">\n<div class=\"wp-block-button\"><a class=\"wp-block-button__link has-palette-color-8-color has-palette-color-3-background-color has-text-color has-background wp-element-button\" href=\"https:\/\/reklameskolen.devz.no\/barneskole\/virkemidler-i-reklame\/ord-som-virker\/\" style=\"padding-top:var(--wp--preset--spacing--40);padding-right:var(--wp--preset--spacing--40);padding-bottom:var(--wp--preset--spacing--40);padding-left:var(--wp--preset--spacing--40)\">Videre til &laquo;Ord som virker&raquo;<\/a><\/div>\n<\/div>\n<\/div>\n<\/div>\n<\/div>\n\n\n\n<div style=\"height:30px\" aria-hidden=\"true\" class=\"wp-block-spacer\"><\/div>\n","protected":false},"excerpt":{"rendered":"<p>Viktige verkt\u00f8y Har du noen gang tenkt over hvorfor noen merker er mer popul\u00e6re enn andre? Eller hvorfor du \u00f8nsker deg akkurat\u202fden\u202fspesielle genseren?\u202f&nbsp;Det har de som lager reklame.&nbsp;&nbsp; Reklamebransjen bruker mange forskjellige virkemidler for \u00e5 p\u00e5virke deg. Ord som \u00abSalg\u00bb og \u00abTilbud\u00bb kan gi inntrykk av at noe er ekstra billig akkurat n\u00e5. Musikk og [&hellip;]<\/p>\n","protected":false},"author":10,"featured_media":0,"parent":4432,"menu_order":1,"comment_status":"closed","ping_status":"closed","template":"","meta":{"_acf_changed":false,"editor_notices":[],"footnotes":""},"class_list":["post-3485","page","type-page","status-publish","hentry"],"blocksy_meta":[],"acf":[],"yoast_head":"<!-- This site is optimized with the Yoast SEO plugin v25.9 - https:\/\/yoast.com\/wordpress\/plugins\/seo\/ -->\n<title>Viktige verkt\u00f8y - Barneskole<\/title>\n<meta name=\"robots\" content=\"index, follow, max-snippet:-1, max-image-preview:large, max-video-preview:-1\" \/>\n<link rel=\"canonical\" href=\"https:\/\/reklameskolen.devz.no\/barneskole\/virkemidler-i-reklame\/viktige-verktoy\/\" \/>\n<meta property=\"og:locale\" content=\"nb_NO\" \/>\n<meta property=\"og:type\" content=\"article\" \/>\n<meta property=\"og:title\" content=\"Viktige verkt\u00f8y - Barneskole\" \/>\n<meta property=\"og:description\" content=\"Viktige verkt\u00f8y Har du noen gang tenkt over hvorfor noen merker er mer popul\u00e6re enn andre? Eller hvorfor du \u00f8nsker deg akkurat\u202fden\u202fspesielle genseren?\u202f&nbsp;Det har de som lager reklame.&nbsp;&nbsp; Reklamebransjen bruker mange forskjellige virkemidler for \u00e5 p\u00e5virke deg. Ord som \u00abSalg\u00bb og \u00abTilbud\u00bb kan gi inntrykk av at noe er ekstra billig akkurat n\u00e5. Musikk og [&hellip;]\" \/>\n<meta property=\"og:url\" content=\"https:\/\/reklameskolen.devz.no\/barneskole\/virkemidler-i-reklame\/viktige-verktoy\/\" \/>\n<meta property=\"og:site_name\" content=\"Barneskole\" \/>\n<meta property=\"article:modified_time\" content=\"2024-08-20T10:25:19+00:00\" \/>\n<meta property=\"og:image\" content=\"https:\/\/reklameskolen.devz.no\/barneskole\/files\/2023\/06\/Tannkrem.jpg\" \/>\n\t<meta property=\"og:image:width\" content=\"1311\" \/>\n\t<meta property=\"og:image:height\" content=\"328\" \/>\n\t<meta property=\"og:image:type\" content=\"image\/jpeg\" \/>\n<meta name=\"twitter:card\" content=\"summary_large_image\" \/>\n<meta name=\"twitter:label1\" content=\"Ansl. lesetid\" \/>\n\t<meta name=\"twitter:data1\" content=\"1 minutt\" \/>\n<script type=\"application\/ld+json\" class=\"yoast-schema-graph\">{\"@context\":\"https:\/\/schema.org\",\"@graph\":[{\"@type\":\"WebPage\",\"@id\":\"https:\/\/reklameskolen.devz.no\/barneskole\/virkemidler-i-reklame\/viktige-verktoy\/\",\"url\":\"https:\/\/reklameskolen.devz.no\/barneskole\/virkemidler-i-reklame\/viktige-verktoy\/\",\"name\":\"Viktige verkt\u00f8y - Barneskole\",\"isPartOf\":{\"@id\":\"https:\/\/reklameskolen.devz.no\/barneskole\/#website\"},\"primaryImageOfPage\":{\"@id\":\"https:\/\/reklameskolen.devz.no\/barneskole\/virkemidler-i-reklame\/viktige-verktoy\/#primaryimage\"},\"image\":{\"@id\":\"https:\/\/reklameskolen.devz.no\/barneskole\/virkemidler-i-reklame\/viktige-verktoy\/#primaryimage\"},\"thumbnailUrl\":\"https:\/\/reklameskolen.devz.no\/barneskole\/files\/2023\/06\/Tannkrem.jpg\",\"datePublished\":\"2023-04-26T16:08:34+00:00\",\"dateModified\":\"2024-08-20T10:25:19+00:00\",\"breadcrumb\":{\"@id\":\"https:\/\/reklameskolen.devz.no\/barneskole\/virkemidler-i-reklame\/viktige-verktoy\/#breadcrumb\"},\"inLanguage\":\"nb-NO\",\"potentialAction\":[{\"@type\":\"ReadAction\",\"target\":[\"https:\/\/reklameskolen.devz.no\/barneskole\/virkemidler-i-reklame\/viktige-verktoy\/\"]}]},{\"@type\":\"ImageObject\",\"inLanguage\":\"nb-NO\",\"@id\":\"https:\/\/reklameskolen.devz.no\/barneskole\/virkemidler-i-reklame\/viktige-verktoy\/#primaryimage\",\"url\":\"https:\/\/reklameskolen.devz.no\/barneskole\/files\/2023\/06\/Tannkrem.jpg\",\"contentUrl\":\"https:\/\/reklameskolen.devz.no\/barneskole\/files\/2023\/06\/Tannkrem.jpg\",\"width\":1311,\"height\":328,\"caption\":\"Illustration: Netron\/Forbrukertilsynet\"},{\"@type\":\"BreadcrumbList\",\"@id\":\"https:\/\/reklameskolen.devz.no\/barneskole\/virkemidler-i-reklame\/viktige-verktoy\/#breadcrumb\",\"itemListElement\":[{\"@type\":\"ListItem\",\"position\":1,\"name\":\"Home\",\"item\":\"https:\/\/reklameskolen.devz.no\/barneskole\/\"},{\"@type\":\"ListItem\",\"position\":2,\"name\":\"Virkemidler i reklame\",\"item\":\"https:\/\/reklameskolen.devz.no\/barneskole\/virkemidler-i-reklame\/\"},{\"@type\":\"ListItem\",\"position\":3,\"name\":\"Viktige verkt\u00f8y\"}]},{\"@type\":\"WebSite\",\"@id\":\"https:\/\/reklameskolen.devz.no\/barneskole\/#website\",\"url\":\"https:\/\/reklameskolen.devz.no\/barneskole\/\",\"name\":\"Barneskole\",\"description\":\"Oppl\u00e6ringsverkt\u00f8y om reklame\",\"publisher\":{\"@id\":\"https:\/\/reklameskolen.devz.no\/barneskole\/#organization\"},\"potentialAction\":[{\"@type\":\"SearchAction\",\"target\":{\"@type\":\"EntryPoint\",\"urlTemplate\":\"https:\/\/reklameskolen.devz.no\/barneskole\/?s={search_term_string}\"},\"query-input\":{\"@type\":\"PropertyValueSpecification\",\"valueRequired\":true,\"valueName\":\"search_term_string\"}}],\"inLanguage\":\"nb-NO\"},{\"@type\":\"Organization\",\"@id\":\"https:\/\/reklameskolen.devz.no\/barneskole\/#organization\",\"name\":\"Barneskole\",\"url\":\"https:\/\/reklameskolen.devz.no\/barneskole\/\",\"logo\":{\"@type\":\"ImageObject\",\"inLanguage\":\"nb-NO\",\"@id\":\"https:\/\/reklameskolen.devz.no\/barneskole\/#\/schema\/logo\/image\/\",\"url\":\"https:\/\/reklameskolen.devz.no\/barneskole\/files\/2023\/08\/Reklameskolen-Logo-01.png\",\"contentUrl\":\"https:\/\/reklameskolen.devz.no\/barneskole\/files\/2023\/08\/Reklameskolen-Logo-01.png\",\"width\":2571,\"height\":950,\"caption\":\"Barneskole\"},\"image\":{\"@id\":\"https:\/\/reklameskolen.devz.no\/barneskole\/#\/schema\/logo\/image\/\"}}]}<\/script>\n<!-- \/ Yoast SEO plugin. -->","yoast_head_json":{"title":"Viktige verkt\u00f8y - Barneskole","robots":{"index":"index","follow":"follow","max-snippet":"max-snippet:-1","max-image-preview":"max-image-preview:large","max-video-preview":"max-video-preview:-1"},"canonical":"https:\/\/reklameskolen.devz.no\/barneskole\/virkemidler-i-reklame\/viktige-verktoy\/","og_locale":"nb_NO","og_type":"article","og_title":"Viktige verkt\u00f8y - Barneskole","og_description":"Viktige verkt\u00f8y Har du noen gang tenkt over hvorfor noen merker er mer popul\u00e6re enn andre? Eller hvorfor du \u00f8nsker deg akkurat\u202fden\u202fspesielle genseren?\u202f&nbsp;Det har de som lager reklame.&nbsp;&nbsp; Reklamebransjen bruker mange forskjellige virkemidler for \u00e5 p\u00e5virke deg. Ord som \u00abSalg\u00bb og \u00abTilbud\u00bb kan gi inntrykk av at noe er ekstra billig akkurat n\u00e5. Musikk og [&hellip;]","og_url":"https:\/\/reklameskolen.devz.no\/barneskole\/virkemidler-i-reklame\/viktige-verktoy\/","og_site_name":"Barneskole","article_modified_time":"2024-08-20T10:25:19+00:00","og_image":[{"width":1311,"height":328,"url":"https:\/\/reklameskolen.devz.no\/barneskole\/files\/2023\/06\/Tannkrem.jpg","type":"image\/jpeg"}],"twitter_card":"summary_large_image","twitter_misc":{"Ansl. lesetid":"1 minutt"},"schema":{"@context":"https:\/\/schema.org","@graph":[{"@type":"WebPage","@id":"https:\/\/reklameskolen.devz.no\/barneskole\/virkemidler-i-reklame\/viktige-verktoy\/","url":"https:\/\/reklameskolen.devz.no\/barneskole\/virkemidler-i-reklame\/viktige-verktoy\/","name":"Viktige verkt\u00f8y - Barneskole","isPartOf":{"@id":"https:\/\/reklameskolen.devz.no\/barneskole\/#website"},"primaryImageOfPage":{"@id":"https:\/\/reklameskolen.devz.no\/barneskole\/virkemidler-i-reklame\/viktige-verktoy\/#primaryimage"},"image":{"@id":"https:\/\/reklameskolen.devz.no\/barneskole\/virkemidler-i-reklame\/viktige-verktoy\/#primaryimage"},"thumbnailUrl":"https:\/\/reklameskolen.devz.no\/barneskole\/files\/2023\/06\/Tannkrem.jpg","datePublished":"2023-04-26T16:08:34+00:00","dateModified":"2024-08-20T10:25:19+00:00","breadcrumb":{"@id":"https:\/\/reklameskolen.devz.no\/barneskole\/virkemidler-i-reklame\/viktige-verktoy\/#breadcrumb"},"inLanguage":"nb-NO","potentialAction":[{"@type":"ReadAction","target":["https:\/\/reklameskolen.devz.no\/barneskole\/virkemidler-i-reklame\/viktige-verktoy\/"]}]},{"@type":"ImageObject","inLanguage":"nb-NO","@id":"https:\/\/reklameskolen.devz.no\/barneskole\/virkemidler-i-reklame\/viktige-verktoy\/#primaryimage","url":"https:\/\/reklameskolen.devz.no\/barneskole\/files\/2023\/06\/Tannkrem.jpg","contentUrl":"https:\/\/reklameskolen.devz.no\/barneskole\/files\/2023\/06\/Tannkrem.jpg","width":1311,"height":328,"caption":"Illustration: Netron\/Forbrukertilsynet"},{"@type":"BreadcrumbList","@id":"https:\/\/reklameskolen.devz.no\/barneskole\/virkemidler-i-reklame\/viktige-verktoy\/#breadcrumb","itemListElement":[{"@type":"ListItem","position":1,"name":"Home","item":"https:\/\/reklameskolen.devz.no\/barneskole\/"},{"@type":"ListItem","position":2,"name":"Virkemidler i reklame","item":"https:\/\/reklameskolen.devz.no\/barneskole\/virkemidler-i-reklame\/"},{"@type":"ListItem","position":3,"name":"Viktige verkt\u00f8y"}]},{"@type":"WebSite","@id":"https:\/\/reklameskolen.devz.no\/barneskole\/#website","url":"https:\/\/reklameskolen.devz.no\/barneskole\/","name":"Barneskole","description":"Oppl\u00e6ringsverkt\u00f8y om reklame","publisher":{"@id":"https:\/\/reklameskolen.devz.no\/barneskole\/#organization"},"potentialAction":[{"@type":"SearchAction","target":{"@type":"EntryPoint","urlTemplate":"https:\/\/reklameskolen.devz.no\/barneskole\/?s={search_term_string}"},"query-input":{"@type":"PropertyValueSpecification","valueRequired":true,"valueName":"search_term_string"}}],"inLanguage":"nb-NO"},{"@type":"Organization","@id":"https:\/\/reklameskolen.devz.no\/barneskole\/#organization","name":"Barneskole","url":"https:\/\/reklameskolen.devz.no\/barneskole\/","logo":{"@type":"ImageObject","inLanguage":"nb-NO","@id":"https:\/\/reklameskolen.devz.no\/barneskole\/#\/schema\/logo\/image\/","url":"https:\/\/reklameskolen.devz.no\/barneskole\/files\/2023\/08\/Reklameskolen-Logo-01.png","contentUrl":"https:\/\/reklameskolen.devz.no\/barneskole\/files\/2023\/08\/Reklameskolen-Logo-01.png","width":2571,"height":950,"caption":"Barneskole"},"image":{"@id":"https:\/\/reklameskolen.devz.no\/barneskole\/#\/schema\/logo\/image\/"}}]}},"_links":{"self":[{"href":"https:\/\/reklameskolen.devz.no\/barneskole\/wp-json\/wp\/v2\/pages\/3485","targetHints":{"allow":["GET"]}}],"collection":[{"href":"https:\/\/reklameskolen.devz.no\/barneskole\/wp-json\/wp\/v2\/pages"}],"about":[{"href":"https:\/\/reklameskolen.devz.no\/barneskole\/wp-json\/wp\/v2\/types\/page"}],"author":[{"embeddable":true,"href":"https:\/\/reklameskolen.devz.no\/barneskole\/wp-json\/wp\/v2\/users\/10"}],"replies":[{"embeddable":true,"href":"https:\/\/reklameskolen.devz.no\/barneskole\/wp-json\/wp\/v2\/comments?post=3485"}],"version-history":[{"count":18,"href":"https:\/\/reklameskolen.devz.no\/barneskole\/wp-json\/wp\/v2\/pages\/3485\/revisions"}],"predecessor-version":[{"id":5057,"href":"https:\/\/reklameskolen.devz.no\/barneskole\/wp-json\/wp\/v2\/pages\/3485\/revisions\/5057"}],"up":[{"embeddable":true,"href":"https:\/\/reklameskolen.devz.no\/barneskole\/wp-json\/wp\/v2\/pages\/4432"}],"wp:attachment":[{"href":"https:\/\/reklameskolen.devz.no\/barneskole\/wp-json\/wp\/v2\/media?parent=3485"}],"curies":[{"name":"wp","href":"https:\/\/api.w.org\/{rel}","templated":true}]}}