{"id":3487,"date":"2023-04-26T18:09:06","date_gmt":"2023-04-26T16:09:06","guid":{"rendered":"https:\/\/reklameskolen.devz.no\/barneskole\/?page_id=3487"},"modified":"2023-11-27T10:39:16","modified_gmt":"2023-11-27T09:39:16","slug":"ord-som-virker","status":"publish","type":"page","link":"https:\/\/reklameskolen.devz.no\/barneskole\/virkemidler-i-reklame\/ord-som-virker\/","title":{"rendered":"Ord som virker"},"content":{"rendered":"\n<div style=\"height:10px\" aria-hidden=\"true\" class=\"wp-block-spacer\"><\/div>\n\n\n\n<figure class=\"wp-block-image aligncenter size-full\"><img loading=\"lazy\" decoding=\"async\" width=\"1500\" height=\"376\" src=\"https:\/\/reklameskolen.devz.no\/barneskole\/files\/2023\/06\/clarissa-watson-0aLt3QExk3Y-unsplash164.jpg\" alt=\"Fotografi av en haug med Scrabble-brikker.\" class=\"wp-image-4104\" srcset=\"https:\/\/reklameskolen.devz.no\/barneskole\/files\/2023\/06\/clarissa-watson-0aLt3QExk3Y-unsplash164.jpg 1500w, https:\/\/reklameskolen.devz.no\/barneskole\/files\/2023\/06\/clarissa-watson-0aLt3QExk3Y-unsplash164-300x75.jpg 300w, https:\/\/reklameskolen.devz.no\/barneskole\/files\/2023\/06\/clarissa-watson-0aLt3QExk3Y-unsplash164-1024x257.jpg 1024w, https:\/\/reklameskolen.devz.no\/barneskole\/files\/2023\/06\/clarissa-watson-0aLt3QExk3Y-unsplash164-768x193.jpg 768w, https:\/\/reklameskolen.devz.no\/barneskole\/files\/2023\/06\/clarissa-watson-0aLt3QExk3Y-unsplash164-150x38.jpg 150w\" sizes=\"auto, (max-width: 1500px) 100vw, 1500px\" \/><figcaption class=\"wp-element-caption\">Foto: Clarissa Watson\/Unsplash<\/figcaption><\/figure>\n\n\n\n<h1 class=\"wp-block-heading has-text-align-left\">Ord som virker<\/h1>\n\n\n\n<p>Spr\u00e5ket er et av de viktigste verkt\u00f8yene vi mennesker har. B\u00e5de i reklame og i andre former for kommunikasjon er spr\u00e5ket et viktig virkemiddel.\u202fDet vet alle som jobber med reklame. Derfor bruker de ord og uttrykk som kan p\u00e5virke hva du tenker om et produkt eller et firma.&nbsp;<\/p>\n\n\n\n<h2 class=\"wp-block-heading\">Spr\u00e5ket i reklame kan p\u00e5virke deg p\u00e5 mange m\u00e5ter:&nbsp;<\/h2>\n\n\n\n<ul class=\"wp-block-list\">\n<li><strong>Humor:<\/strong> Humor f\u00e5r deg til \u00e5 le og f\u00f8le deg glad. Derfor kan humor gi deg en positiv f\u00f8lelse knyttet til reklamen.&nbsp;<\/li>\n\n\n\n<li><strong>Gjentakelse:<\/strong> N\u00e5r det samme budskapet blir sagt eller vist mange ganger, fester det seg i hodet ditt.\u202f&nbsp;<\/li>\n\n\n\n<li><strong>Positive ord:<\/strong> I reklame blir det ofte brukt positive ord for \u00e5 gi et godt inntrykk av et produkt eller et firma.&nbsp;<\/li>\n\n\n\n<li><strong>Skrifttype og st\u00f8rrelse:<\/strong> Hjernen velger automatisk bort tekst det er vanskelig \u00e5 lese. Derfor er hovedbudskapet i reklamen ofte skrevet med store, tydelige bokstaver.&nbsp;&nbsp;&nbsp;<\/li>\n<\/ul>\n\n\n\n<div style=\"height:30px\" aria-hidden=\"true\" class=\"wp-block-spacer\"><\/div>\n\n\n\n<div class=\"wp-block-group alignfull is-layout-flow wp-block-group-is-layout-flow\">\n<div class=\"wp-block-columns is-layout-flex wp-container-core-columns-is-layout-28f84493 wp-block-columns-is-layout-flex\">\n<div class=\"wp-block-column is-layout-flow wp-block-column-is-layout-flow\">\n<div class=\"wp-block-buttons is-content-justification-right is-layout-flex wp-container-core-buttons-is-layout-d445cf74 wp-block-buttons-is-layout-flex\">\n<div class=\"wp-block-button\"><a class=\"wp-block-button__link has-palette-color-8-color has-palette-color-3-background-color has-text-color has-background wp-element-button\" href=\"https:\/\/reklameskolen.devz.no\/barneskole\/virkemidler-i-reklame\/viktige-verktoy\/\" style=\"padding-top:var(--wp--preset--spacing--40);padding-right:var(--wp--preset--spacing--40);padding-bottom:var(--wp--preset--spacing--40);padding-left:var(--wp--preset--spacing--40)\">Tilbake til &laquo;Viktige verkt\u00f8y&raquo;<\/a><\/div>\n<\/div>\n<\/div>\n\n\n\n<div class=\"wp-block-column is-layout-flow wp-block-column-is-layout-flow\">\n<div class=\"wp-block-buttons is-horizontal is-content-justification-left is-layout-flex wp-container-core-buttons-is-layout-20be11b6 wp-block-buttons-is-layout-flex\">\n<div class=\"wp-block-button\"><a class=\"wp-block-button__link has-palette-color-8-color has-palette-color-3-background-color has-text-color has-background wp-element-button\" href=\"https:\/\/reklameskolen.devz.no\/barneskole\/virkemidler-i-reklame\/farger-som-forteller\/\" style=\"padding-top:var(--wp--preset--spacing--40);padding-right:var(--wp--preset--spacing--40);padding-bottom:var(--wp--preset--spacing--40);padding-left:var(--wp--preset--spacing--40)\">Videre til &laquo;Farger som forteller&raquo;<\/a><\/div>\n<\/div>\n<\/div>\n<\/div>\n<\/div>\n\n\n\n<div style=\"height:30px\" aria-hidden=\"true\" class=\"wp-block-spacer\"><\/div>\n","protected":false},"excerpt":{"rendered":"<p>Ord som virker Spr\u00e5ket er et av de viktigste verkt\u00f8yene vi mennesker har. B\u00e5de i reklame og i andre former for kommunikasjon er spr\u00e5ket et viktig virkemiddel.\u202fDet vet alle som jobber med reklame. Derfor bruker de ord og uttrykk som kan p\u00e5virke hva du tenker om et produkt eller et firma.&nbsp; Spr\u00e5ket i reklame kan [&hellip;]<\/p>\n","protected":false},"author":10,"featured_media":0,"parent":4432,"menu_order":2,"comment_status":"closed","ping_status":"closed","template":"","meta":{"_acf_changed":false,"editor_notices":[],"footnotes":""},"class_list":["post-3487","page","type-page","status-publish","hentry"],"blocksy_meta":[],"acf":[],"yoast_head":"<!-- This site is optimized with the Yoast SEO plugin v25.9 - https:\/\/yoast.com\/wordpress\/plugins\/seo\/ -->\n<title>Ord som virker - Barneskole<\/title>\n<meta name=\"robots\" content=\"index, follow, max-snippet:-1, max-image-preview:large, max-video-preview:-1\" \/>\n<link rel=\"canonical\" href=\"https:\/\/reklameskolen.devz.no\/barneskole\/virkemidler-i-reklame\/ord-som-virker\/\" \/>\n<meta property=\"og:locale\" content=\"nb_NO\" \/>\n<meta property=\"og:type\" content=\"article\" \/>\n<meta property=\"og:title\" content=\"Ord som virker - Barneskole\" \/>\n<meta property=\"og:description\" content=\"Ord som virker Spr\u00e5ket er et av de viktigste verkt\u00f8yene vi mennesker har. B\u00e5de i reklame og i andre former for kommunikasjon er spr\u00e5ket et viktig virkemiddel.\u202fDet vet alle som jobber med reklame. Derfor bruker de ord og uttrykk som kan p\u00e5virke hva du tenker om et produkt eller et firma.&nbsp; Spr\u00e5ket i reklame kan [&hellip;]\" \/>\n<meta property=\"og:url\" content=\"https:\/\/reklameskolen.devz.no\/barneskole\/virkemidler-i-reklame\/ord-som-virker\/\" \/>\n<meta property=\"og:site_name\" content=\"Barneskole\" \/>\n<meta property=\"article:modified_time\" content=\"2023-11-27T09:39:16+00:00\" \/>\n<meta property=\"og:image\" content=\"https:\/\/reklameskolen.devz.no\/barneskole\/files\/2023\/06\/clarissa-watson-0aLt3QExk3Y-unsplash164.jpg\" \/>\n\t<meta property=\"og:image:width\" content=\"1500\" \/>\n\t<meta property=\"og:image:height\" content=\"376\" \/>\n\t<meta property=\"og:image:type\" content=\"image\/jpeg\" \/>\n<meta name=\"twitter:card\" content=\"summary_large_image\" \/>\n<meta name=\"twitter:label1\" content=\"Ansl. lesetid\" \/>\n\t<meta name=\"twitter:data1\" content=\"1 minutt\" \/>\n<script type=\"application\/ld+json\" class=\"yoast-schema-graph\">{\"@context\":\"https:\/\/schema.org\",\"@graph\":[{\"@type\":\"WebPage\",\"@id\":\"https:\/\/reklameskolen.devz.no\/barneskole\/virkemidler-i-reklame\/ord-som-virker\/\",\"url\":\"https:\/\/reklameskolen.devz.no\/barneskole\/virkemidler-i-reklame\/ord-som-virker\/\",\"name\":\"Ord som virker - Barneskole\",\"isPartOf\":{\"@id\":\"https:\/\/reklameskolen.devz.no\/barneskole\/#website\"},\"primaryImageOfPage\":{\"@id\":\"https:\/\/reklameskolen.devz.no\/barneskole\/virkemidler-i-reklame\/ord-som-virker\/#primaryimage\"},\"image\":{\"@id\":\"https:\/\/reklameskolen.devz.no\/barneskole\/virkemidler-i-reklame\/ord-som-virker\/#primaryimage\"},\"thumbnailUrl\":\"https:\/\/reklameskolen.devz.no\/barneskole\/files\/2023\/06\/clarissa-watson-0aLt3QExk3Y-unsplash164.jpg\",\"datePublished\":\"2023-04-26T16:09:06+00:00\",\"dateModified\":\"2023-11-27T09:39:16+00:00\",\"breadcrumb\":{\"@id\":\"https:\/\/reklameskolen.devz.no\/barneskole\/virkemidler-i-reklame\/ord-som-virker\/#breadcrumb\"},\"inLanguage\":\"nb-NO\",\"potentialAction\":[{\"@type\":\"ReadAction\",\"target\":[\"https:\/\/reklameskolen.devz.no\/barneskole\/virkemidler-i-reklame\/ord-som-virker\/\"]}]},{\"@type\":\"ImageObject\",\"inLanguage\":\"nb-NO\",\"@id\":\"https:\/\/reklameskolen.devz.no\/barneskole\/virkemidler-i-reklame\/ord-som-virker\/#primaryimage\",\"url\":\"https:\/\/reklameskolen.devz.no\/barneskole\/files\/2023\/06\/clarissa-watson-0aLt3QExk3Y-unsplash164.jpg\",\"contentUrl\":\"https:\/\/reklameskolen.devz.no\/barneskole\/files\/2023\/06\/clarissa-watson-0aLt3QExk3Y-unsplash164.jpg\",\"width\":1500,\"height\":376},{\"@type\":\"BreadcrumbList\",\"@id\":\"https:\/\/reklameskolen.devz.no\/barneskole\/virkemidler-i-reklame\/ord-som-virker\/#breadcrumb\",\"itemListElement\":[{\"@type\":\"ListItem\",\"position\":1,\"name\":\"Home\",\"item\":\"https:\/\/reklameskolen.devz.no\/barneskole\/\"},{\"@type\":\"ListItem\",\"position\":2,\"name\":\"Virkemidler i reklame\",\"item\":\"https:\/\/reklameskolen.devz.no\/barneskole\/virkemidler-i-reklame\/\"},{\"@type\":\"ListItem\",\"position\":3,\"name\":\"Ord som virker\"}]},{\"@type\":\"WebSite\",\"@id\":\"https:\/\/reklameskolen.devz.no\/barneskole\/#website\",\"url\":\"https:\/\/reklameskolen.devz.no\/barneskole\/\",\"name\":\"Barneskole\",\"description\":\"Oppl\u00e6ringsverkt\u00f8y om reklame\",\"publisher\":{\"@id\":\"https:\/\/reklameskolen.devz.no\/barneskole\/#organization\"},\"potentialAction\":[{\"@type\":\"SearchAction\",\"target\":{\"@type\":\"EntryPoint\",\"urlTemplate\":\"https:\/\/reklameskolen.devz.no\/barneskole\/?s={search_term_string}\"},\"query-input\":{\"@type\":\"PropertyValueSpecification\",\"valueRequired\":true,\"valueName\":\"search_term_string\"}}],\"inLanguage\":\"nb-NO\"},{\"@type\":\"Organization\",\"@id\":\"https:\/\/reklameskolen.devz.no\/barneskole\/#organization\",\"name\":\"Barneskole\",\"url\":\"https:\/\/reklameskolen.devz.no\/barneskole\/\",\"logo\":{\"@type\":\"ImageObject\",\"inLanguage\":\"nb-NO\",\"@id\":\"https:\/\/reklameskolen.devz.no\/barneskole\/#\/schema\/logo\/image\/\",\"url\":\"https:\/\/reklameskolen.devz.no\/barneskole\/files\/2023\/08\/Reklameskolen-Logo-01.png\",\"contentUrl\":\"https:\/\/reklameskolen.devz.no\/barneskole\/files\/2023\/08\/Reklameskolen-Logo-01.png\",\"width\":2571,\"height\":950,\"caption\":\"Barneskole\"},\"image\":{\"@id\":\"https:\/\/reklameskolen.devz.no\/barneskole\/#\/schema\/logo\/image\/\"}}]}<\/script>\n<!-- \/ Yoast SEO plugin. -->","yoast_head_json":{"title":"Ord som virker - Barneskole","robots":{"index":"index","follow":"follow","max-snippet":"max-snippet:-1","max-image-preview":"max-image-preview:large","max-video-preview":"max-video-preview:-1"},"canonical":"https:\/\/reklameskolen.devz.no\/barneskole\/virkemidler-i-reklame\/ord-som-virker\/","og_locale":"nb_NO","og_type":"article","og_title":"Ord som virker - Barneskole","og_description":"Ord som virker Spr\u00e5ket er et av de viktigste verkt\u00f8yene vi mennesker har. B\u00e5de i reklame og i andre former for kommunikasjon er spr\u00e5ket et viktig virkemiddel.\u202fDet vet alle som jobber med reklame. Derfor bruker de ord og uttrykk som kan p\u00e5virke hva du tenker om et produkt eller et firma.&nbsp; Spr\u00e5ket i reklame kan [&hellip;]","og_url":"https:\/\/reklameskolen.devz.no\/barneskole\/virkemidler-i-reklame\/ord-som-virker\/","og_site_name":"Barneskole","article_modified_time":"2023-11-27T09:39:16+00:00","og_image":[{"width":1500,"height":376,"url":"https:\/\/reklameskolen.devz.no\/barneskole\/files\/2023\/06\/clarissa-watson-0aLt3QExk3Y-unsplash164.jpg","type":"image\/jpeg"}],"twitter_card":"summary_large_image","twitter_misc":{"Ansl. lesetid":"1 minutt"},"schema":{"@context":"https:\/\/schema.org","@graph":[{"@type":"WebPage","@id":"https:\/\/reklameskolen.devz.no\/barneskole\/virkemidler-i-reklame\/ord-som-virker\/","url":"https:\/\/reklameskolen.devz.no\/barneskole\/virkemidler-i-reklame\/ord-som-virker\/","name":"Ord som virker - Barneskole","isPartOf":{"@id":"https:\/\/reklameskolen.devz.no\/barneskole\/#website"},"primaryImageOfPage":{"@id":"https:\/\/reklameskolen.devz.no\/barneskole\/virkemidler-i-reklame\/ord-som-virker\/#primaryimage"},"image":{"@id":"https:\/\/reklameskolen.devz.no\/barneskole\/virkemidler-i-reklame\/ord-som-virker\/#primaryimage"},"thumbnailUrl":"https:\/\/reklameskolen.devz.no\/barneskole\/files\/2023\/06\/clarissa-watson-0aLt3QExk3Y-unsplash164.jpg","datePublished":"2023-04-26T16:09:06+00:00","dateModified":"2023-11-27T09:39:16+00:00","breadcrumb":{"@id":"https:\/\/reklameskolen.devz.no\/barneskole\/virkemidler-i-reklame\/ord-som-virker\/#breadcrumb"},"inLanguage":"nb-NO","potentialAction":[{"@type":"ReadAction","target":["https:\/\/reklameskolen.devz.no\/barneskole\/virkemidler-i-reklame\/ord-som-virker\/"]}]},{"@type":"ImageObject","inLanguage":"nb-NO","@id":"https:\/\/reklameskolen.devz.no\/barneskole\/virkemidler-i-reklame\/ord-som-virker\/#primaryimage","url":"https:\/\/reklameskolen.devz.no\/barneskole\/files\/2023\/06\/clarissa-watson-0aLt3QExk3Y-unsplash164.jpg","contentUrl":"https:\/\/reklameskolen.devz.no\/barneskole\/files\/2023\/06\/clarissa-watson-0aLt3QExk3Y-unsplash164.jpg","width":1500,"height":376},{"@type":"BreadcrumbList","@id":"https:\/\/reklameskolen.devz.no\/barneskole\/virkemidler-i-reklame\/ord-som-virker\/#breadcrumb","itemListElement":[{"@type":"ListItem","position":1,"name":"Home","item":"https:\/\/reklameskolen.devz.no\/barneskole\/"},{"@type":"ListItem","position":2,"name":"Virkemidler i reklame","item":"https:\/\/reklameskolen.devz.no\/barneskole\/virkemidler-i-reklame\/"},{"@type":"ListItem","position":3,"name":"Ord som virker"}]},{"@type":"WebSite","@id":"https:\/\/reklameskolen.devz.no\/barneskole\/#website","url":"https:\/\/reklameskolen.devz.no\/barneskole\/","name":"Barneskole","description":"Oppl\u00e6ringsverkt\u00f8y om reklame","publisher":{"@id":"https:\/\/reklameskolen.devz.no\/barneskole\/#organization"},"potentialAction":[{"@type":"SearchAction","target":{"@type":"EntryPoint","urlTemplate":"https:\/\/reklameskolen.devz.no\/barneskole\/?s={search_term_string}"},"query-input":{"@type":"PropertyValueSpecification","valueRequired":true,"valueName":"search_term_string"}}],"inLanguage":"nb-NO"},{"@type":"Organization","@id":"https:\/\/reklameskolen.devz.no\/barneskole\/#organization","name":"Barneskole","url":"https:\/\/reklameskolen.devz.no\/barneskole\/","logo":{"@type":"ImageObject","inLanguage":"nb-NO","@id":"https:\/\/reklameskolen.devz.no\/barneskole\/#\/schema\/logo\/image\/","url":"https:\/\/reklameskolen.devz.no\/barneskole\/files\/2023\/08\/Reklameskolen-Logo-01.png","contentUrl":"https:\/\/reklameskolen.devz.no\/barneskole\/files\/2023\/08\/Reklameskolen-Logo-01.png","width":2571,"height":950,"caption":"Barneskole"},"image":{"@id":"https:\/\/reklameskolen.devz.no\/barneskole\/#\/schema\/logo\/image\/"}}]}},"_links":{"self":[{"href":"https:\/\/reklameskolen.devz.no\/barneskole\/wp-json\/wp\/v2\/pages\/3487","targetHints":{"allow":["GET"]}}],"collection":[{"href":"https:\/\/reklameskolen.devz.no\/barneskole\/wp-json\/wp\/v2\/pages"}],"about":[{"href":"https:\/\/reklameskolen.devz.no\/barneskole\/wp-json\/wp\/v2\/types\/page"}],"author":[{"embeddable":true,"href":"https:\/\/reklameskolen.devz.no\/barneskole\/wp-json\/wp\/v2\/users\/10"}],"replies":[{"embeddable":true,"href":"https:\/\/reklameskolen.devz.no\/barneskole\/wp-json\/wp\/v2\/comments?post=3487"}],"version-history":[{"count":24,"href":"https:\/\/reklameskolen.devz.no\/barneskole\/wp-json\/wp\/v2\/pages\/3487\/revisions"}],"predecessor-version":[{"id":4867,"href":"https:\/\/reklameskolen.devz.no\/barneskole\/wp-json\/wp\/v2\/pages\/3487\/revisions\/4867"}],"up":[{"embeddable":true,"href":"https:\/\/reklameskolen.devz.no\/barneskole\/wp-json\/wp\/v2\/pages\/4432"}],"wp:attachment":[{"href":"https:\/\/reklameskolen.devz.no\/barneskole\/wp-json\/wp\/v2\/media?parent=3487"}],"curies":[{"name":"wp","href":"https:\/\/api.w.org\/{rel}","templated":true}]}}