{"id":3493,"date":"2023-04-26T18:11:02","date_gmt":"2023-04-26T16:11:02","guid":{"rendered":"https:\/\/reklameskolen.devz.no\/barneskole\/?page_id=3493"},"modified":"2024-08-20T12:24:01","modified_gmt":"2024-08-20T10:24:01","slug":"farger-som-forteller","status":"publish","type":"page","link":"https:\/\/reklameskolen.devz.no\/barneskole\/virkemidler-i-reklame\/farger-som-forteller\/","title":{"rendered":"Farger som forteller"},"content":{"rendered":"\n<div style=\"height:10px\" aria-hidden=\"true\" class=\"wp-block-spacer\"><\/div>\n\n\n\n<figure class=\"wp-block-image aligncenter size-full\"><img loading=\"lazy\" decoding=\"async\" width=\"1500\" height=\"375\" src=\"https:\/\/reklameskolen.devz.no\/barneskole\/files\/2023\/06\/farger169.jpg\" alt=\"Malingsruller i fire farger\" class=\"wp-image-4240\" srcset=\"https:\/\/reklameskolen.devz.no\/barneskole\/files\/2023\/06\/farger169.jpg 1500w, https:\/\/reklameskolen.devz.no\/barneskole\/files\/2023\/06\/farger169-300x75.jpg 300w, https:\/\/reklameskolen.devz.no\/barneskole\/files\/2023\/06\/farger169-1024x256.jpg 1024w, https:\/\/reklameskolen.devz.no\/barneskole\/files\/2023\/06\/farger169-768x192.jpg 768w, https:\/\/reklameskolen.devz.no\/barneskole\/files\/2023\/06\/farger169-150x38.jpg 150w\" sizes=\"auto, (max-width: 1500px) 100vw, 1500px\" \/><figcaption class=\"wp-element-caption\">David Pisnoy\/Unsplash<\/figcaption><\/figure>\n\n\n\n<h1 class=\"wp-block-heading\">Farger som forteller<\/h1>\n\n\n\n<p>Reklame kan ogs\u00e5 si mye uten \u00e5 bruke et eneste ord. Musikk kan for eksempel f\u00e5 deg til \u00e5 bli glad, trist, eller avslappet. Og farger kan brukes til \u00e5 vise at et produkt har bestemte egenskaper. Helt uten at det blir sagt eller skrevet i reklamen.&nbsp;&nbsp;<\/p>\n\n\n\n<h2 class=\"wp-block-heading\">Disse fargene blir ofte brukt i reklame:\u202f&nbsp;<\/h2>\n\n\n\n<ul class=\"wp-block-list\">\n<li><strong>Gr\u00f8nn:<\/strong>\u202fMange firmaer bruker gr\u00f8nt for \u00e5 vise at noe er naturlig eller milj\u00f8vennlig.&nbsp;&nbsp;<\/li>\n\n\n\n<li><strong>R\u00f8d:<\/strong>\u202fFargen r\u00f8d blir ofte forbundet med fare. R\u00f8dt blir ogs\u00e5 brukt for \u00e5 fange oppmerksomheten din, eller for \u00e5 fortelle at noe er sterkt eller kraftig.&nbsp;&nbsp;<\/li>\n\n\n\n<li><strong>Gul:<\/strong>\u202fFargen gul kan ogs\u00e5 brukes som signalfarge. I butikkene blir den gjerne brukt for \u00e5 gj\u00f8re det lett \u00e5 f\u00e5 \u00f8ye p\u00e5 ting som er p\u00e5 tilbud.<\/li>\n\n\n\n<li><strong>Bl\u00e5:\u202f<\/strong> Bl\u00e5tt\u202fbrukes ofte til \u00e5 vise at noe er mildt, rent eller ufarlig. Akkurat som gr\u00f8nt, kan bl\u00e5tt ogs\u00e5 symbolisere at noe er milj\u00f8vennlig.\u202f&nbsp;<\/li>\n\n\n\n<li><strong>Svart:<\/strong>\u202fSvart kan bli brukt for \u00e5 vise at noe er moderne, elegant og dyrt.\u202f\u202f&nbsp;<\/li>\n<\/ul>\n\n\n\n<div class=\"wp-block-group alignfull is-layout-flow wp-block-group-is-layout-flow\">\n<div class=\"wp-block-columns is-layout-flex wp-container-core-columns-is-layout-28f84493 wp-block-columns-is-layout-flex\">\n<div class=\"wp-block-column is-layout-flow wp-block-column-is-layout-flow\">\n<div class=\"wp-block-buttons is-content-justification-right is-layout-flex wp-container-core-buttons-is-layout-d445cf74 wp-block-buttons-is-layout-flex\">\n<div class=\"wp-block-button\"><a class=\"wp-block-button__link has-palette-color-8-color has-palette-color-3-background-color has-text-color has-background wp-element-button\" href=\"https:\/\/reklameskolen.devz.no\/barneskole\/virkemidler-i-reklame\/ord-som-virker\/\" style=\"padding-top:var(--wp--preset--spacing--40);padding-right:var(--wp--preset--spacing--40);padding-bottom:var(--wp--preset--spacing--40);padding-left:var(--wp--preset--spacing--40)\">Tilbake til &laquo;Ord som virker&raquo;<\/a><\/div>\n<\/div>\n<\/div>\n\n\n\n<div class=\"wp-block-column is-layout-flow wp-block-column-is-layout-flow\">\n<div class=\"wp-block-buttons is-horizontal is-content-justification-left is-layout-flex wp-container-core-buttons-is-layout-20be11b6 wp-block-buttons-is-layout-flex\">\n<div class=\"wp-block-button\"><a class=\"wp-block-button__link has-palette-color-8-color has-palette-color-3-background-color has-text-color has-background wp-element-button\" href=\"https:\/\/reklameskolen.devz.no\/barneskole\/varemerker-og-merkevarer\/\" style=\"padding-top:var(--wp--preset--spacing--40);padding-right:var(--wp--preset--spacing--40);padding-bottom:var(--wp--preset--spacing--40);padding-left:var(--wp--preset--spacing--40)\">Videre til &laquo;Varemerker og merkevarer&raquo;<\/a><\/div>\n<\/div>\n<\/div>\n<\/div>\n<\/div>\n\n\n\n<div style=\"height:30px\" aria-hidden=\"true\" class=\"wp-block-spacer\"><\/div>\n","protected":false},"excerpt":{"rendered":"<p>Farger som forteller Reklame kan ogs\u00e5 si mye uten \u00e5 bruke et eneste ord. Musikk kan for eksempel f\u00e5 deg til \u00e5 bli glad, trist, eller avslappet. Og farger kan brukes til \u00e5 vise at et produkt har bestemte egenskaper. Helt uten at det blir sagt eller skrevet i reklamen.&nbsp;&nbsp; Disse fargene blir ofte brukt [&hellip;]<\/p>\n","protected":false},"author":10,"featured_media":0,"parent":4432,"menu_order":3,"comment_status":"closed","ping_status":"closed","template":"","meta":{"_acf_changed":false,"editor_notices":[],"footnotes":""},"class_list":["post-3493","page","type-page","status-publish","hentry"],"blocksy_meta":[],"acf":[],"yoast_head":"<!-- This site is optimized with the Yoast SEO plugin v25.9 - https:\/\/yoast.com\/wordpress\/plugins\/seo\/ -->\n<title>Farger som forteller - Barneskole<\/title>\n<meta name=\"robots\" content=\"index, follow, max-snippet:-1, max-image-preview:large, max-video-preview:-1\" \/>\n<link rel=\"canonical\" href=\"https:\/\/reklameskolen.devz.no\/barneskole\/virkemidler-i-reklame\/farger-som-forteller\/\" \/>\n<meta property=\"og:locale\" content=\"nb_NO\" \/>\n<meta property=\"og:type\" content=\"article\" \/>\n<meta property=\"og:title\" content=\"Farger som forteller - Barneskole\" \/>\n<meta property=\"og:description\" content=\"Farger som forteller Reklame kan ogs\u00e5 si mye uten \u00e5 bruke et eneste ord. Musikk kan for eksempel f\u00e5 deg til \u00e5 bli glad, trist, eller avslappet. Og farger kan brukes til \u00e5 vise at et produkt har bestemte egenskaper. Helt uten at det blir sagt eller skrevet i reklamen.&nbsp;&nbsp; Disse fargene blir ofte brukt [&hellip;]\" \/>\n<meta property=\"og:url\" content=\"https:\/\/reklameskolen.devz.no\/barneskole\/virkemidler-i-reklame\/farger-som-forteller\/\" \/>\n<meta property=\"og:site_name\" content=\"Barneskole\" \/>\n<meta property=\"article:modified_time\" content=\"2024-08-20T10:24:01+00:00\" \/>\n<meta property=\"og:image\" content=\"https:\/\/reklameskolen.devz.no\/barneskole\/files\/2023\/06\/farger169.jpg\" \/>\n\t<meta property=\"og:image:width\" content=\"1500\" \/>\n\t<meta property=\"og:image:height\" content=\"375\" \/>\n\t<meta property=\"og:image:type\" content=\"image\/jpeg\" \/>\n<meta name=\"twitter:card\" content=\"summary_large_image\" \/>\n<meta name=\"twitter:label1\" content=\"Ansl. lesetid\" \/>\n\t<meta name=\"twitter:data1\" content=\"1 minutt\" \/>\n<script type=\"application\/ld+json\" class=\"yoast-schema-graph\">{\"@context\":\"https:\/\/schema.org\",\"@graph\":[{\"@type\":\"WebPage\",\"@id\":\"https:\/\/reklameskolen.devz.no\/barneskole\/virkemidler-i-reklame\/farger-som-forteller\/\",\"url\":\"https:\/\/reklameskolen.devz.no\/barneskole\/virkemidler-i-reklame\/farger-som-forteller\/\",\"name\":\"Farger som forteller - Barneskole\",\"isPartOf\":{\"@id\":\"https:\/\/reklameskolen.devz.no\/barneskole\/#website\"},\"primaryImageOfPage\":{\"@id\":\"https:\/\/reklameskolen.devz.no\/barneskole\/virkemidler-i-reklame\/farger-som-forteller\/#primaryimage\"},\"image\":{\"@id\":\"https:\/\/reklameskolen.devz.no\/barneskole\/virkemidler-i-reklame\/farger-som-forteller\/#primaryimage\"},\"thumbnailUrl\":\"https:\/\/reklameskolen.devz.no\/barneskole\/files\/2023\/06\/farger169.jpg\",\"datePublished\":\"2023-04-26T16:11:02+00:00\",\"dateModified\":\"2024-08-20T10:24:01+00:00\",\"breadcrumb\":{\"@id\":\"https:\/\/reklameskolen.devz.no\/barneskole\/virkemidler-i-reklame\/farger-som-forteller\/#breadcrumb\"},\"inLanguage\":\"nb-NO\",\"potentialAction\":[{\"@type\":\"ReadAction\",\"target\":[\"https:\/\/reklameskolen.devz.no\/barneskole\/virkemidler-i-reklame\/farger-som-forteller\/\"]}]},{\"@type\":\"ImageObject\",\"inLanguage\":\"nb-NO\",\"@id\":\"https:\/\/reklameskolen.devz.no\/barneskole\/virkemidler-i-reklame\/farger-som-forteller\/#primaryimage\",\"url\":\"https:\/\/reklameskolen.devz.no\/barneskole\/files\/2023\/06\/farger169.jpg\",\"contentUrl\":\"https:\/\/reklameskolen.devz.no\/barneskole\/files\/2023\/06\/farger169.jpg\",\"width\":1500,\"height\":375,\"caption\":\"David Pisnoy\/Unsplash\"},{\"@type\":\"BreadcrumbList\",\"@id\":\"https:\/\/reklameskolen.devz.no\/barneskole\/virkemidler-i-reklame\/farger-som-forteller\/#breadcrumb\",\"itemListElement\":[{\"@type\":\"ListItem\",\"position\":1,\"name\":\"Home\",\"item\":\"https:\/\/reklameskolen.devz.no\/barneskole\/\"},{\"@type\":\"ListItem\",\"position\":2,\"name\":\"Virkemidler i reklame\",\"item\":\"https:\/\/reklameskolen.devz.no\/barneskole\/virkemidler-i-reklame\/\"},{\"@type\":\"ListItem\",\"position\":3,\"name\":\"Farger som forteller\"}]},{\"@type\":\"WebSite\",\"@id\":\"https:\/\/reklameskolen.devz.no\/barneskole\/#website\",\"url\":\"https:\/\/reklameskolen.devz.no\/barneskole\/\",\"name\":\"Barneskole\",\"description\":\"Oppl\u00e6ringsverkt\u00f8y om reklame\",\"publisher\":{\"@id\":\"https:\/\/reklameskolen.devz.no\/barneskole\/#organization\"},\"potentialAction\":[{\"@type\":\"SearchAction\",\"target\":{\"@type\":\"EntryPoint\",\"urlTemplate\":\"https:\/\/reklameskolen.devz.no\/barneskole\/?s={search_term_string}\"},\"query-input\":{\"@type\":\"PropertyValueSpecification\",\"valueRequired\":true,\"valueName\":\"search_term_string\"}}],\"inLanguage\":\"nb-NO\"},{\"@type\":\"Organization\",\"@id\":\"https:\/\/reklameskolen.devz.no\/barneskole\/#organization\",\"name\":\"Barneskole\",\"url\":\"https:\/\/reklameskolen.devz.no\/barneskole\/\",\"logo\":{\"@type\":\"ImageObject\",\"inLanguage\":\"nb-NO\",\"@id\":\"https:\/\/reklameskolen.devz.no\/barneskole\/#\/schema\/logo\/image\/\",\"url\":\"https:\/\/reklameskolen.devz.no\/barneskole\/files\/2023\/08\/Reklameskolen-Logo-01.png\",\"contentUrl\":\"https:\/\/reklameskolen.devz.no\/barneskole\/files\/2023\/08\/Reklameskolen-Logo-01.png\",\"width\":2571,\"height\":950,\"caption\":\"Barneskole\"},\"image\":{\"@id\":\"https:\/\/reklameskolen.devz.no\/barneskole\/#\/schema\/logo\/image\/\"}}]}<\/script>\n<!-- \/ Yoast SEO plugin. -->","yoast_head_json":{"title":"Farger som forteller - Barneskole","robots":{"index":"index","follow":"follow","max-snippet":"max-snippet:-1","max-image-preview":"max-image-preview:large","max-video-preview":"max-video-preview:-1"},"canonical":"https:\/\/reklameskolen.devz.no\/barneskole\/virkemidler-i-reklame\/farger-som-forteller\/","og_locale":"nb_NO","og_type":"article","og_title":"Farger som forteller - Barneskole","og_description":"Farger som forteller Reklame kan ogs\u00e5 si mye uten \u00e5 bruke et eneste ord. Musikk kan for eksempel f\u00e5 deg til \u00e5 bli glad, trist, eller avslappet. Og farger kan brukes til \u00e5 vise at et produkt har bestemte egenskaper. Helt uten at det blir sagt eller skrevet i reklamen.&nbsp;&nbsp; Disse fargene blir ofte brukt [&hellip;]","og_url":"https:\/\/reklameskolen.devz.no\/barneskole\/virkemidler-i-reklame\/farger-som-forteller\/","og_site_name":"Barneskole","article_modified_time":"2024-08-20T10:24:01+00:00","og_image":[{"width":1500,"height":375,"url":"https:\/\/reklameskolen.devz.no\/barneskole\/files\/2023\/06\/farger169.jpg","type":"image\/jpeg"}],"twitter_card":"summary_large_image","twitter_misc":{"Ansl. lesetid":"1 minutt"},"schema":{"@context":"https:\/\/schema.org","@graph":[{"@type":"WebPage","@id":"https:\/\/reklameskolen.devz.no\/barneskole\/virkemidler-i-reklame\/farger-som-forteller\/","url":"https:\/\/reklameskolen.devz.no\/barneskole\/virkemidler-i-reklame\/farger-som-forteller\/","name":"Farger som forteller - Barneskole","isPartOf":{"@id":"https:\/\/reklameskolen.devz.no\/barneskole\/#website"},"primaryImageOfPage":{"@id":"https:\/\/reklameskolen.devz.no\/barneskole\/virkemidler-i-reklame\/farger-som-forteller\/#primaryimage"},"image":{"@id":"https:\/\/reklameskolen.devz.no\/barneskole\/virkemidler-i-reklame\/farger-som-forteller\/#primaryimage"},"thumbnailUrl":"https:\/\/reklameskolen.devz.no\/barneskole\/files\/2023\/06\/farger169.jpg","datePublished":"2023-04-26T16:11:02+00:00","dateModified":"2024-08-20T10:24:01+00:00","breadcrumb":{"@id":"https:\/\/reklameskolen.devz.no\/barneskole\/virkemidler-i-reklame\/farger-som-forteller\/#breadcrumb"},"inLanguage":"nb-NO","potentialAction":[{"@type":"ReadAction","target":["https:\/\/reklameskolen.devz.no\/barneskole\/virkemidler-i-reklame\/farger-som-forteller\/"]}]},{"@type":"ImageObject","inLanguage":"nb-NO","@id":"https:\/\/reklameskolen.devz.no\/barneskole\/virkemidler-i-reklame\/farger-som-forteller\/#primaryimage","url":"https:\/\/reklameskolen.devz.no\/barneskole\/files\/2023\/06\/farger169.jpg","contentUrl":"https:\/\/reklameskolen.devz.no\/barneskole\/files\/2023\/06\/farger169.jpg","width":1500,"height":375,"caption":"David Pisnoy\/Unsplash"},{"@type":"BreadcrumbList","@id":"https:\/\/reklameskolen.devz.no\/barneskole\/virkemidler-i-reklame\/farger-som-forteller\/#breadcrumb","itemListElement":[{"@type":"ListItem","position":1,"name":"Home","item":"https:\/\/reklameskolen.devz.no\/barneskole\/"},{"@type":"ListItem","position":2,"name":"Virkemidler i reklame","item":"https:\/\/reklameskolen.devz.no\/barneskole\/virkemidler-i-reklame\/"},{"@type":"ListItem","position":3,"name":"Farger som forteller"}]},{"@type":"WebSite","@id":"https:\/\/reklameskolen.devz.no\/barneskole\/#website","url":"https:\/\/reklameskolen.devz.no\/barneskole\/","name":"Barneskole","description":"Oppl\u00e6ringsverkt\u00f8y om reklame","publisher":{"@id":"https:\/\/reklameskolen.devz.no\/barneskole\/#organization"},"potentialAction":[{"@type":"SearchAction","target":{"@type":"EntryPoint","urlTemplate":"https:\/\/reklameskolen.devz.no\/barneskole\/?s={search_term_string}"},"query-input":{"@type":"PropertyValueSpecification","valueRequired":true,"valueName":"search_term_string"}}],"inLanguage":"nb-NO"},{"@type":"Organization","@id":"https:\/\/reklameskolen.devz.no\/barneskole\/#organization","name":"Barneskole","url":"https:\/\/reklameskolen.devz.no\/barneskole\/","logo":{"@type":"ImageObject","inLanguage":"nb-NO","@id":"https:\/\/reklameskolen.devz.no\/barneskole\/#\/schema\/logo\/image\/","url":"https:\/\/reklameskolen.devz.no\/barneskole\/files\/2023\/08\/Reklameskolen-Logo-01.png","contentUrl":"https:\/\/reklameskolen.devz.no\/barneskole\/files\/2023\/08\/Reklameskolen-Logo-01.png","width":2571,"height":950,"caption":"Barneskole"},"image":{"@id":"https:\/\/reklameskolen.devz.no\/barneskole\/#\/schema\/logo\/image\/"}}]}},"_links":{"self":[{"href":"https:\/\/reklameskolen.devz.no\/barneskole\/wp-json\/wp\/v2\/pages\/3493","targetHints":{"allow":["GET"]}}],"collection":[{"href":"https:\/\/reklameskolen.devz.no\/barneskole\/wp-json\/wp\/v2\/pages"}],"about":[{"href":"https:\/\/reklameskolen.devz.no\/barneskole\/wp-json\/wp\/v2\/types\/page"}],"author":[{"embeddable":true,"href":"https:\/\/reklameskolen.devz.no\/barneskole\/wp-json\/wp\/v2\/users\/10"}],"replies":[{"embeddable":true,"href":"https:\/\/reklameskolen.devz.no\/barneskole\/wp-json\/wp\/v2\/comments?post=3493"}],"version-history":[{"count":21,"href":"https:\/\/reklameskolen.devz.no\/barneskole\/wp-json\/wp\/v2\/pages\/3493\/revisions"}],"predecessor-version":[{"id":5056,"href":"https:\/\/reklameskolen.devz.no\/barneskole\/wp-json\/wp\/v2\/pages\/3493\/revisions\/5056"}],"up":[{"embeddable":true,"href":"https:\/\/reklameskolen.devz.no\/barneskole\/wp-json\/wp\/v2\/pages\/4432"}],"wp:attachment":[{"href":"https:\/\/reklameskolen.devz.no\/barneskole\/wp-json\/wp\/v2\/media?parent=3493"}],"curies":[{"name":"wp","href":"https:\/\/api.w.org\/{rel}","templated":true}]}}