{"id":3497,"date":"2023-04-26T18:12:11","date_gmt":"2023-04-26T16:12:11","guid":{"rendered":"https:\/\/reklameskolen.devz.no\/barneskole\/?page_id=3497"},"modified":"2024-10-02T13:18:45","modified_gmt":"2024-10-02T11:18:45","slug":"varemerker-og-merkevarer","status":"publish","type":"page","link":"https:\/\/reklameskolen.devz.no\/barneskole\/varemerker-og-merkevarer\/","title":{"rendered":"Varemerker og merkevarer"},"content":{"rendered":"\n<div style=\"height:10px\" aria-hidden=\"true\" class=\"wp-block-spacer\"><\/div>\n\n\n\n<figure class=\"wp-block-image aligncenter size-full\"><img loading=\"lazy\" decoding=\"async\" width=\"1500\" height=\"375\" src=\"https:\/\/reklameskolen.devz.no\/barneskole\/files\/2023\/06\/logoer1500.jpg\" alt=\"Plakat med mange forskjellige varemerker\" class=\"wp-image-4337\" srcset=\"https:\/\/reklameskolen.devz.no\/barneskole\/files\/2023\/06\/logoer1500.jpg 1500w, https:\/\/reklameskolen.devz.no\/barneskole\/files\/2023\/06\/logoer1500-300x75.jpg 300w, https:\/\/reklameskolen.devz.no\/barneskole\/files\/2023\/06\/logoer1500-1024x256.jpg 1024w, https:\/\/reklameskolen.devz.no\/barneskole\/files\/2023\/06\/logoer1500-768x192.jpg 768w, https:\/\/reklameskolen.devz.no\/barneskole\/files\/2023\/06\/logoer1500-150x38.jpg 150w\" sizes=\"auto, (max-width: 1500px) 100vw, 1500px\" \/><\/figure>\n\n\n\n<div style=\"height:30px\" aria-hidden=\"true\" class=\"wp-block-spacer\"><\/div>\n\n\n\n<div class=\"wp-block-columns is-layout-flex wp-container-core-columns-is-layout-28f84493 wp-block-columns-is-layout-flex\">\n<div class=\"wp-block-column is-layout-flow wp-block-column-is-layout-flow\" style=\"flex-basis:67%\">\n<h1 class=\"wp-block-heading\">Varemerker og merkevarer<\/h1>\n\n\n\n<p>Har du noen gang lurt p\u00e5 hvorfor de beste fotballagene har drakta full av sponsorlogoer? Eller hvorfor en liten sparebank deler ut gratis vannflasker p\u00e5 h\u00e5ndballcup? Svaret er at det handler om merkevarebygging.\u202f&nbsp;<\/p>\n\n\n\n<p>Alle firmaer vil at folk skal ha et godt inntrykk av dem. Derfor bruker mange firmaer mye penger p\u00e5 merkevarebygging.\u202f\u202f&nbsp;<\/p>\n\n\n\n<p>Mange firmaer sponser idrettsut\u00f8vere eller andre kjente personer. Det du tenker om en kjent person eller et lag, smitter fort over p\u00e5 firmaet som sponser dem. Hvis en av verdens beste fotballspillere blir sponset av et skomerke, vil nok mange tenke at skoene ogs\u00e5 er de beste i verden.&nbsp;<\/p>\n\n\n\n<p>Andre firmaer sponser lokale lag eller arrangementer. For et lite idrettslag er det fint \u00e5 f\u00e5 penger til en ny pumptrack eller en stor fotballturnering. For butikken som gir pengene kan det v\u00e6re god reklame. Mange vil nok tenke at butikken har v\u00e6rt snille. Da f\u00e5r de kanskje mer lyst til \u00e5 handle der.&nbsp;<\/p>\n<\/div>\n\n\n\n<div class=\"wp-block-column is-layout-flow wp-block-column-is-layout-flow\" style=\"flex-basis:33.33%\">\n<div class=\"wp-block-group is-style-fact-box is-layout-flow wp-block-group-is-layout-flow\">\n<h2 class=\"wp-block-heading has-palette-color-8-color has-text-color\">Ordliste<\/h2>\n\n\n\n<p><strong>Merkevare:<\/strong> En vare eller tjeneste som blir solgt under et eget varemerke.<\/p>\n\n\n\n<p><strong>Varemerke:<\/strong> Et merke et firma bruker for \u00e5 selge noe. Et varemerke kan best\u00e5 av b\u00e5de navn, logo, symboler og design.<\/p>\n\n\n\n<p><strong>Merkevarebygging:<\/strong> Mange firmaer bruker reklame for \u00e5 f\u00e5 folk til \u00e5 forbinde produktene deres med noe positivt. Dette kaller vi merkevarebygging.<\/p>\n\n\n\n<p><strong>Sponsing:<\/strong> N\u00e5r et firma gir penger til et idrettslag, en kjent person, en organisasjon eller et arrangement kalles det sponsing.<\/p>\n<\/div>\n<\/div>\n<\/div>\n\n\n\n<div style=\"height:30px\" aria-hidden=\"true\" class=\"wp-block-spacer\"><\/div>\n\n\n\n<div class=\"wp-block-group alignfull is-layout-flow wp-block-group-is-layout-flow\">\n<div class=\"wp-block-columns is-layout-flex wp-container-core-columns-is-layout-28f84493 wp-block-columns-is-layout-flex\">\n<div class=\"wp-block-column is-layout-flow wp-block-column-is-layout-flow\">\n<div class=\"wp-block-buttons is-content-justification-right is-layout-flex wp-container-core-buttons-is-layout-d445cf74 wp-block-buttons-is-layout-flex\">\n<div class=\"wp-block-button\"><a class=\"wp-block-button__link has-palette-color-8-color has-palette-color-3-background-color has-text-color has-background wp-element-button\" href=\"https:\/\/reklameskolen.devz.no\/barneskole\/virkemidler-i-reklame\/farger-som-forteller\/\" style=\"padding-top:var(--wp--preset--spacing--40);padding-right:var(--wp--preset--spacing--40);padding-bottom:var(--wp--preset--spacing--40);padding-left:var(--wp--preset--spacing--40)\">Tilbake til &laquo;Farger som forteller&raquo;<\/a><\/div>\n<\/div>\n<\/div>\n\n\n\n<div class=\"wp-block-column is-layout-flow wp-block-column-is-layout-flow\">\n<div class=\"wp-block-buttons is-horizontal is-content-justification-left is-layout-flex wp-container-core-buttons-is-layout-20be11b6 wp-block-buttons-is-layout-flex\">\n<div class=\"wp-block-button\"><a class=\"wp-block-button__link has-palette-color-8-color has-palette-color-3-background-color has-text-color has-background wp-element-button\" href=\"https:\/\/reklameskolen.devz.no\/barneskole\/varemerker-og-merkevarer\/hvem-reklamerer-de-for\/\" style=\"padding-top:var(--wp--preset--spacing--40);padding-right:var(--wp--preset--spacing--40);padding-bottom:var(--wp--preset--spacing--40);padding-left:var(--wp--preset--spacing--40)\">Videre til &laquo;Hvem sponser landslaget?&raquo;<\/a><\/div>\n<\/div>\n<\/div>\n<\/div>\n<\/div>\n\n\n\n<div style=\"height:30px\" aria-hidden=\"true\" class=\"wp-block-spacer\"><\/div>\n","protected":false},"excerpt":{"rendered":"<p>Varemerker og merkevarer Har du noen gang lurt p\u00e5 hvorfor de beste fotballagene har drakta full av sponsorlogoer? Eller hvorfor en liten sparebank deler ut gratis vannflasker p\u00e5 h\u00e5ndballcup? Svaret er at det handler om merkevarebygging.\u202f&nbsp; Alle firmaer vil at folk skal ha et godt inntrykk av dem. Derfor bruker mange firmaer mye penger p\u00e5 [&hellip;]<\/p>\n","protected":false},"author":10,"featured_media":0,"parent":0,"menu_order":6,"comment_status":"closed","ping_status":"closed","template":"","meta":{"_acf_changed":false,"editor_notices":[],"footnotes":""},"class_list":["post-3497","page","type-page","status-publish","hentry"],"blocksy_meta":[],"acf":[],"yoast_head":"<!-- This site is optimized with the Yoast SEO plugin v25.9 - https:\/\/yoast.com\/wordpress\/plugins\/seo\/ -->\n<title>Varemerker og merkevarer - Barneskole<\/title>\n<meta name=\"robots\" content=\"index, follow, max-snippet:-1, max-image-preview:large, max-video-preview:-1\" \/>\n<link rel=\"canonical\" href=\"https:\/\/reklameskolen.devz.no\/barneskole\/varemerker-og-merkevarer\/\" \/>\n<meta property=\"og:locale\" content=\"nb_NO\" \/>\n<meta property=\"og:type\" content=\"article\" \/>\n<meta property=\"og:title\" content=\"Varemerker og merkevarer - Barneskole\" \/>\n<meta property=\"og:description\" content=\"Varemerker og merkevarer Har du noen gang lurt p\u00e5 hvorfor de beste fotballagene har drakta full av sponsorlogoer? Eller hvorfor en liten sparebank deler ut gratis vannflasker p\u00e5 h\u00e5ndballcup? Svaret er at det handler om merkevarebygging.\u202f&nbsp; Alle firmaer vil at folk skal ha et godt inntrykk av dem. Derfor bruker mange firmaer mye penger p\u00e5 [&hellip;]\" \/>\n<meta property=\"og:url\" content=\"https:\/\/reklameskolen.devz.no\/barneskole\/varemerker-og-merkevarer\/\" \/>\n<meta property=\"og:site_name\" content=\"Barneskole\" \/>\n<meta property=\"article:modified_time\" content=\"2024-10-02T11:18:45+00:00\" \/>\n<meta property=\"og:image\" content=\"https:\/\/reklameskolen.devz.no\/barneskole\/files\/2023\/06\/logoer1500.jpg\" \/>\n\t<meta property=\"og:image:width\" content=\"1500\" \/>\n\t<meta property=\"og:image:height\" content=\"375\" \/>\n\t<meta property=\"og:image:type\" content=\"image\/jpeg\" \/>\n<meta name=\"twitter:card\" content=\"summary_large_image\" \/>\n<meta name=\"twitter:label1\" content=\"Ansl. lesetid\" \/>\n\t<meta name=\"twitter:data1\" content=\"1 minutt\" \/>\n<script type=\"application\/ld+json\" class=\"yoast-schema-graph\">{\"@context\":\"https:\/\/schema.org\",\"@graph\":[{\"@type\":\"WebPage\",\"@id\":\"https:\/\/reklameskolen.devz.no\/barneskole\/varemerker-og-merkevarer\/\",\"url\":\"https:\/\/reklameskolen.devz.no\/barneskole\/varemerker-og-merkevarer\/\",\"name\":\"Varemerker og merkevarer - Barneskole\",\"isPartOf\":{\"@id\":\"https:\/\/reklameskolen.devz.no\/barneskole\/#website\"},\"primaryImageOfPage\":{\"@id\":\"https:\/\/reklameskolen.devz.no\/barneskole\/varemerker-og-merkevarer\/#primaryimage\"},\"image\":{\"@id\":\"https:\/\/reklameskolen.devz.no\/barneskole\/varemerker-og-merkevarer\/#primaryimage\"},\"thumbnailUrl\":\"https:\/\/reklameskolen.devz.no\/barneskole\/files\/2023\/06\/logoer1500.jpg\",\"datePublished\":\"2023-04-26T16:12:11+00:00\",\"dateModified\":\"2024-10-02T11:18:45+00:00\",\"breadcrumb\":{\"@id\":\"https:\/\/reklameskolen.devz.no\/barneskole\/varemerker-og-merkevarer\/#breadcrumb\"},\"inLanguage\":\"nb-NO\",\"potentialAction\":[{\"@type\":\"ReadAction\",\"target\":[\"https:\/\/reklameskolen.devz.no\/barneskole\/varemerker-og-merkevarer\/\"]}]},{\"@type\":\"ImageObject\",\"inLanguage\":\"nb-NO\",\"@id\":\"https:\/\/reklameskolen.devz.no\/barneskole\/varemerker-og-merkevarer\/#primaryimage\",\"url\":\"https:\/\/reklameskolen.devz.no\/barneskole\/files\/2023\/06\/logoer1500.jpg\",\"contentUrl\":\"https:\/\/reklameskolen.devz.no\/barneskole\/files\/2023\/06\/logoer1500.jpg\",\"width\":1500,\"height\":375,\"caption\":\"Plakat med mange forskjellige varemerker\"},{\"@type\":\"BreadcrumbList\",\"@id\":\"https:\/\/reklameskolen.devz.no\/barneskole\/varemerker-og-merkevarer\/#breadcrumb\",\"itemListElement\":[{\"@type\":\"ListItem\",\"position\":1,\"name\":\"Home\",\"item\":\"https:\/\/reklameskolen.devz.no\/barneskole\/\"},{\"@type\":\"ListItem\",\"position\":2,\"name\":\"Varemerker og merkevarer\"}]},{\"@type\":\"WebSite\",\"@id\":\"https:\/\/reklameskolen.devz.no\/barneskole\/#website\",\"url\":\"https:\/\/reklameskolen.devz.no\/barneskole\/\",\"name\":\"Barneskole\",\"description\":\"Oppl\u00e6ringsverkt\u00f8y om reklame\",\"publisher\":{\"@id\":\"https:\/\/reklameskolen.devz.no\/barneskole\/#organization\"},\"potentialAction\":[{\"@type\":\"SearchAction\",\"target\":{\"@type\":\"EntryPoint\",\"urlTemplate\":\"https:\/\/reklameskolen.devz.no\/barneskole\/?s={search_term_string}\"},\"query-input\":{\"@type\":\"PropertyValueSpecification\",\"valueRequired\":true,\"valueName\":\"search_term_string\"}}],\"inLanguage\":\"nb-NO\"},{\"@type\":\"Organization\",\"@id\":\"https:\/\/reklameskolen.devz.no\/barneskole\/#organization\",\"name\":\"Barneskole\",\"url\":\"https:\/\/reklameskolen.devz.no\/barneskole\/\",\"logo\":{\"@type\":\"ImageObject\",\"inLanguage\":\"nb-NO\",\"@id\":\"https:\/\/reklameskolen.devz.no\/barneskole\/#\/schema\/logo\/image\/\",\"url\":\"https:\/\/reklameskolen.devz.no\/barneskole\/files\/2023\/08\/Reklameskolen-Logo-01.png\",\"contentUrl\":\"https:\/\/reklameskolen.devz.no\/barneskole\/files\/2023\/08\/Reklameskolen-Logo-01.png\",\"width\":2571,\"height\":950,\"caption\":\"Barneskole\"},\"image\":{\"@id\":\"https:\/\/reklameskolen.devz.no\/barneskole\/#\/schema\/logo\/image\/\"}}]}<\/script>\n<!-- \/ Yoast SEO plugin. -->","yoast_head_json":{"title":"Varemerker og merkevarer - Barneskole","robots":{"index":"index","follow":"follow","max-snippet":"max-snippet:-1","max-image-preview":"max-image-preview:large","max-video-preview":"max-video-preview:-1"},"canonical":"https:\/\/reklameskolen.devz.no\/barneskole\/varemerker-og-merkevarer\/","og_locale":"nb_NO","og_type":"article","og_title":"Varemerker og merkevarer - Barneskole","og_description":"Varemerker og merkevarer Har du noen gang lurt p\u00e5 hvorfor de beste fotballagene har drakta full av sponsorlogoer? Eller hvorfor en liten sparebank deler ut gratis vannflasker p\u00e5 h\u00e5ndballcup? Svaret er at det handler om merkevarebygging.\u202f&nbsp; Alle firmaer vil at folk skal ha et godt inntrykk av dem. Derfor bruker mange firmaer mye penger p\u00e5 [&hellip;]","og_url":"https:\/\/reklameskolen.devz.no\/barneskole\/varemerker-og-merkevarer\/","og_site_name":"Barneskole","article_modified_time":"2024-10-02T11:18:45+00:00","og_image":[{"width":1500,"height":375,"url":"https:\/\/reklameskolen.devz.no\/barneskole\/files\/2023\/06\/logoer1500.jpg","type":"image\/jpeg"}],"twitter_card":"summary_large_image","twitter_misc":{"Ansl. lesetid":"1 minutt"},"schema":{"@context":"https:\/\/schema.org","@graph":[{"@type":"WebPage","@id":"https:\/\/reklameskolen.devz.no\/barneskole\/varemerker-og-merkevarer\/","url":"https:\/\/reklameskolen.devz.no\/barneskole\/varemerker-og-merkevarer\/","name":"Varemerker og merkevarer - Barneskole","isPartOf":{"@id":"https:\/\/reklameskolen.devz.no\/barneskole\/#website"},"primaryImageOfPage":{"@id":"https:\/\/reklameskolen.devz.no\/barneskole\/varemerker-og-merkevarer\/#primaryimage"},"image":{"@id":"https:\/\/reklameskolen.devz.no\/barneskole\/varemerker-og-merkevarer\/#primaryimage"},"thumbnailUrl":"https:\/\/reklameskolen.devz.no\/barneskole\/files\/2023\/06\/logoer1500.jpg","datePublished":"2023-04-26T16:12:11+00:00","dateModified":"2024-10-02T11:18:45+00:00","breadcrumb":{"@id":"https:\/\/reklameskolen.devz.no\/barneskole\/varemerker-og-merkevarer\/#breadcrumb"},"inLanguage":"nb-NO","potentialAction":[{"@type":"ReadAction","target":["https:\/\/reklameskolen.devz.no\/barneskole\/varemerker-og-merkevarer\/"]}]},{"@type":"ImageObject","inLanguage":"nb-NO","@id":"https:\/\/reklameskolen.devz.no\/barneskole\/varemerker-og-merkevarer\/#primaryimage","url":"https:\/\/reklameskolen.devz.no\/barneskole\/files\/2023\/06\/logoer1500.jpg","contentUrl":"https:\/\/reklameskolen.devz.no\/barneskole\/files\/2023\/06\/logoer1500.jpg","width":1500,"height":375,"caption":"Plakat med mange forskjellige varemerker"},{"@type":"BreadcrumbList","@id":"https:\/\/reklameskolen.devz.no\/barneskole\/varemerker-og-merkevarer\/#breadcrumb","itemListElement":[{"@type":"ListItem","position":1,"name":"Home","item":"https:\/\/reklameskolen.devz.no\/barneskole\/"},{"@type":"ListItem","position":2,"name":"Varemerker og merkevarer"}]},{"@type":"WebSite","@id":"https:\/\/reklameskolen.devz.no\/barneskole\/#website","url":"https:\/\/reklameskolen.devz.no\/barneskole\/","name":"Barneskole","description":"Oppl\u00e6ringsverkt\u00f8y om reklame","publisher":{"@id":"https:\/\/reklameskolen.devz.no\/barneskole\/#organization"},"potentialAction":[{"@type":"SearchAction","target":{"@type":"EntryPoint","urlTemplate":"https:\/\/reklameskolen.devz.no\/barneskole\/?s={search_term_string}"},"query-input":{"@type":"PropertyValueSpecification","valueRequired":true,"valueName":"search_term_string"}}],"inLanguage":"nb-NO"},{"@type":"Organization","@id":"https:\/\/reklameskolen.devz.no\/barneskole\/#organization","name":"Barneskole","url":"https:\/\/reklameskolen.devz.no\/barneskole\/","logo":{"@type":"ImageObject","inLanguage":"nb-NO","@id":"https:\/\/reklameskolen.devz.no\/barneskole\/#\/schema\/logo\/image\/","url":"https:\/\/reklameskolen.devz.no\/barneskole\/files\/2023\/08\/Reklameskolen-Logo-01.png","contentUrl":"https:\/\/reklameskolen.devz.no\/barneskole\/files\/2023\/08\/Reklameskolen-Logo-01.png","width":2571,"height":950,"caption":"Barneskole"},"image":{"@id":"https:\/\/reklameskolen.devz.no\/barneskole\/#\/schema\/logo\/image\/"}}]}},"_links":{"self":[{"href":"https:\/\/reklameskolen.devz.no\/barneskole\/wp-json\/wp\/v2\/pages\/3497","targetHints":{"allow":["GET"]}}],"collection":[{"href":"https:\/\/reklameskolen.devz.no\/barneskole\/wp-json\/wp\/v2\/pages"}],"about":[{"href":"https:\/\/reklameskolen.devz.no\/barneskole\/wp-json\/wp\/v2\/types\/page"}],"author":[{"embeddable":true,"href":"https:\/\/reklameskolen.devz.no\/barneskole\/wp-json\/wp\/v2\/users\/10"}],"replies":[{"embeddable":true,"href":"https:\/\/reklameskolen.devz.no\/barneskole\/wp-json\/wp\/v2\/comments?post=3497"}],"version-history":[{"count":38,"href":"https:\/\/reklameskolen.devz.no\/barneskole\/wp-json\/wp\/v2\/pages\/3497\/revisions"}],"predecessor-version":[{"id":5078,"href":"https:\/\/reklameskolen.devz.no\/barneskole\/wp-json\/wp\/v2\/pages\/3497\/revisions\/5078"}],"wp:attachment":[{"href":"https:\/\/reklameskolen.devz.no\/barneskole\/wp-json\/wp\/v2\/media?parent=3497"}],"curies":[{"name":"wp","href":"https:\/\/api.w.org\/{rel}","templated":true}]}}