{"id":3503,"date":"2023-04-26T18:16:46","date_gmt":"2023-04-26T16:16:46","guid":{"rendered":"https:\/\/reklameskolen.devz.no\/barneskole\/?page_id=3503"},"modified":"2023-11-27T10:41:06","modified_gmt":"2023-11-27T09:41:06","slug":"hva-er-retusjert-reklame","status":"publish","type":"page","link":"https:\/\/reklameskolen.devz.no\/barneskole\/bilder-som-lyver\/hva-er-retusjert-reklame\/","title":{"rendered":"Hva er retusjert reklame?"},"content":{"rendered":"\n<h1 class=\"wp-block-heading\">Hva er retusjert reklame?<\/h1>\n\n\n\n<div style=\"height:10px\" aria-hidden=\"true\" class=\"wp-block-spacer\"><\/div>\n\n\n\n<div style=\"height:30px\" aria-hidden=\"true\" class=\"wp-block-spacer\"><\/div>\n\n\n\n<div class=\"wp-block-columns is-layout-flex wp-container-core-columns-is-layout-28f84493 wp-block-columns-is-layout-flex\">\n<div class=\"wp-block-column is-layout-flow wp-block-column-is-layout-flow\" style=\"flex-basis:67%\">\n<p>I reklame skal alt helst se perfekt ut. B\u00e5de mennesker og ting. Ofte blir kroppene i reklamen endret p\u00e5 for \u00e5 se s\u00e5 bra ut som mulig.&nbsp;\u00c5 endre bilder p\u00e5 denne m\u00e5ten kaller vi\u202fretusjering.\u202f&nbsp;<\/p>\n\n\n\n<p>Slik reklame kan f\u00f8re til kroppspress. Det er lett \u00e5 sammenligne seg selv med de perfekte menneskene p\u00e5 reklamebildene. Dette kan bidra til at barn og unge f\u00e5r d\u00e5rligere selvtillit. Derfor st\u00e5r det i loven at all reklame hvor st\u00f8rrelsen, fasongen eller huden til en kropp er retusjert, skal merkes med et&nbsp;spesielt merke.<\/p>\n\n\n\n<p>Merket til h\u00f8yre viser at personene i reklamen er endret p\u00e5, og ikke ser slik ut i virkeligheten.\u202f<\/p>\n<\/div>\n\n\n\n<div class=\"wp-block-column is-layout-flow wp-block-column-is-layout-flow\" style=\"flex-basis:33.33%\">\n<div class=\"wp-block-group is-style-fact-box is-layout-flow wp-block-group-is-layout-flow\">\n<h2 class=\"wp-block-heading has-palette-color-8-color has-text-color\">Definisjon<\/h2>\n\n\n\n<p><strong>Retusjert reklame: <\/strong>Reklame hvor fasongen, st\u00f8rrelsen eller huden til en kropp er endret p\u00e5.&nbsp;<\/p>\n<\/div>\n\n\n\n<div style=\"height:40px\" aria-hidden=\"true\" class=\"wp-block-spacer\"><\/div>\n\n\n\n<figure class=\"wp-block-image aligncenter size-full is-resized\"><img loading=\"lazy\" decoding=\"async\" src=\"https:\/\/reklameskolen.devz.no\/barneskole\/files\/2023\/07\/Retusjertsort.png\" alt=\"Logo i svart\/hvitt med teksten &quot;Retusjert person. Reklame&quot;.\" class=\"wp-image-4413\" width=\"150\" height=\"150\" srcset=\"https:\/\/reklameskolen.devz.no\/barneskole\/files\/2023\/07\/Retusjertsort.png 501w, https:\/\/reklameskolen.devz.no\/barneskole\/files\/2023\/07\/Retusjertsort-300x300.png 300w, https:\/\/reklameskolen.devz.no\/barneskole\/files\/2023\/07\/Retusjertsort-150x150.png 150w, https:\/\/reklameskolen.devz.no\/barneskole\/files\/2023\/07\/Retusjertsort-96x96.png 96w\" sizes=\"auto, (max-width: 150px) 100vw, 150px\" \/><\/figure>\n<\/div>\n<\/div>\n\n\n\n<div class=\"wp-block-group alignfull is-layout-flow wp-block-group-is-layout-flow\">\n<div class=\"wp-block-columns is-layout-flex wp-container-core-columns-is-layout-28f84493 wp-block-columns-is-layout-flex\">\n<div class=\"wp-block-column is-layout-flow wp-block-column-is-layout-flow\">\n<div class=\"wp-block-buttons is-content-justification-right is-layout-flex wp-container-core-buttons-is-layout-d445cf74 wp-block-buttons-is-layout-flex\">\n<div class=\"wp-block-button\"><a class=\"wp-block-button__link has-palette-color-8-color has-palette-color-3-background-color has-text-color has-background wp-element-button\" href=\"https:\/\/reklameskolen.devz.no\/barneskole\/bilder-som-lyver\/\" style=\"padding-top:var(--wp--preset--spacing--40);padding-right:var(--wp--preset--spacing--40);padding-bottom:var(--wp--preset--spacing--40);padding-left:var(--wp--preset--spacing--40)\">Tilbake til &laquo;Forrige side &laquo;Bilder som lyver&raquo;<\/a><\/div>\n<\/div>\n<\/div>\n\n\n\n<div class=\"wp-block-column is-layout-flow wp-block-column-is-layout-flow\">\n<div class=\"wp-block-buttons is-horizontal is-content-justification-left is-layout-flex wp-container-core-buttons-is-layout-20be11b6 wp-block-buttons-is-layout-flex\">\n<div class=\"wp-block-button\"><a class=\"wp-block-button__link has-palette-color-8-color has-palette-color-3-background-color has-text-color has-background wp-element-button\" href=\"https:\/\/reklameskolen.devz.no\/barneskole\/den-digitale-halen\/\" style=\"padding-top:var(--wp--preset--spacing--40);padding-right:var(--wp--preset--spacing--40);padding-bottom:var(--wp--preset--spacing--40);padding-left:var(--wp--preset--spacing--40)\">Videre til &laquo;Den digitale halen&raquo;<\/a><\/div>\n<\/div>\n<\/div>\n<\/div>\n<\/div>\n\n\n\n<div style=\"height:30px\" aria-hidden=\"true\" class=\"wp-block-spacer\"><\/div>\n","protected":false},"excerpt":{"rendered":"<p>Hva er retusjert reklame? I reklame skal alt helst se perfekt ut. B\u00e5de mennesker og ting. Ofte blir kroppene i reklamen endret p\u00e5 for \u00e5 se s\u00e5 bra ut som mulig.&nbsp;\u00c5 endre bilder p\u00e5 denne m\u00e5ten kaller vi\u202fretusjering.\u202f&nbsp; Slik reklame kan f\u00f8re til kroppspress. Det er lett \u00e5 sammenligne seg selv med de perfekte menneskene [&hellip;]<\/p>\n","protected":false},"author":10,"featured_media":0,"parent":3501,"menu_order":1,"comment_status":"closed","ping_status":"closed","template":"","meta":{"_acf_changed":false,"editor_notices":[],"footnotes":""},"class_list":["post-3503","page","type-page","status-publish","hentry"],"blocksy_meta":[],"acf":[],"yoast_head":"<!-- This site is optimized with the Yoast SEO plugin v25.9 - https:\/\/yoast.com\/wordpress\/plugins\/seo\/ -->\n<title>Hva er retusjert reklame? - Barneskole<\/title>\n<meta name=\"robots\" content=\"index, follow, max-snippet:-1, max-image-preview:large, max-video-preview:-1\" \/>\n<link rel=\"canonical\" href=\"https:\/\/reklameskolen.devz.no\/barneskole\/bilder-som-lyver\/hva-er-retusjert-reklame\/\" \/>\n<meta property=\"og:locale\" content=\"nb_NO\" \/>\n<meta property=\"og:type\" content=\"article\" \/>\n<meta property=\"og:title\" content=\"Hva er retusjert reklame? - Barneskole\" \/>\n<meta property=\"og:description\" content=\"Hva er retusjert reklame? I reklame skal alt helst se perfekt ut. B\u00e5de mennesker og ting. Ofte blir kroppene i reklamen endret p\u00e5 for \u00e5 se s\u00e5 bra ut som mulig.&nbsp;\u00c5 endre bilder p\u00e5 denne m\u00e5ten kaller vi\u202fretusjering.\u202f&nbsp; Slik reklame kan f\u00f8re til kroppspress. Det er lett \u00e5 sammenligne seg selv med de perfekte menneskene [&hellip;]\" \/>\n<meta property=\"og:url\" content=\"https:\/\/reklameskolen.devz.no\/barneskole\/bilder-som-lyver\/hva-er-retusjert-reklame\/\" \/>\n<meta property=\"og:site_name\" content=\"Barneskole\" \/>\n<meta property=\"article:modified_time\" content=\"2023-11-27T09:41:06+00:00\" \/>\n<meta property=\"og:image\" content=\"https:\/\/reklameskolen.devz.no\/barneskole\/files\/2023\/07\/Retusjertsort.png\" \/>\n\t<meta property=\"og:image:width\" content=\"501\" \/>\n\t<meta property=\"og:image:height\" content=\"501\" \/>\n\t<meta property=\"og:image:type\" content=\"image\/png\" \/>\n<meta name=\"twitter:card\" content=\"summary_large_image\" \/>\n<meta name=\"twitter:label1\" content=\"Ansl. lesetid\" \/>\n\t<meta name=\"twitter:data1\" content=\"1 minutt\" \/>\n<script type=\"application\/ld+json\" class=\"yoast-schema-graph\">{\"@context\":\"https:\/\/schema.org\",\"@graph\":[{\"@type\":\"WebPage\",\"@id\":\"https:\/\/reklameskolen.devz.no\/barneskole\/bilder-som-lyver\/hva-er-retusjert-reklame\/\",\"url\":\"https:\/\/reklameskolen.devz.no\/barneskole\/bilder-som-lyver\/hva-er-retusjert-reklame\/\",\"name\":\"Hva er retusjert reklame? - Barneskole\",\"isPartOf\":{\"@id\":\"https:\/\/reklameskolen.devz.no\/barneskole\/#website\"},\"primaryImageOfPage\":{\"@id\":\"https:\/\/reklameskolen.devz.no\/barneskole\/bilder-som-lyver\/hva-er-retusjert-reklame\/#primaryimage\"},\"image\":{\"@id\":\"https:\/\/reklameskolen.devz.no\/barneskole\/bilder-som-lyver\/hva-er-retusjert-reklame\/#primaryimage\"},\"thumbnailUrl\":\"https:\/\/reklameskolen.devz.no\/barneskole\/files\/2023\/07\/Retusjertsort.png\",\"datePublished\":\"2023-04-26T16:16:46+00:00\",\"dateModified\":\"2023-11-27T09:41:06+00:00\",\"breadcrumb\":{\"@id\":\"https:\/\/reklameskolen.devz.no\/barneskole\/bilder-som-lyver\/hva-er-retusjert-reklame\/#breadcrumb\"},\"inLanguage\":\"nb-NO\",\"potentialAction\":[{\"@type\":\"ReadAction\",\"target\":[\"https:\/\/reklameskolen.devz.no\/barneskole\/bilder-som-lyver\/hva-er-retusjert-reklame\/\"]}]},{\"@type\":\"ImageObject\",\"inLanguage\":\"nb-NO\",\"@id\":\"https:\/\/reklameskolen.devz.no\/barneskole\/bilder-som-lyver\/hva-er-retusjert-reklame\/#primaryimage\",\"url\":\"https:\/\/reklameskolen.devz.no\/barneskole\/files\/2023\/07\/Retusjertsort.png\",\"contentUrl\":\"https:\/\/reklameskolen.devz.no\/barneskole\/files\/2023\/07\/Retusjertsort.png\",\"width\":501,\"height\":501,\"caption\":\"Logo i svart\/hvitt med teksten \\\"Retusjert person. Reklame\\\".\"},{\"@type\":\"BreadcrumbList\",\"@id\":\"https:\/\/reklameskolen.devz.no\/barneskole\/bilder-som-lyver\/hva-er-retusjert-reklame\/#breadcrumb\",\"itemListElement\":[{\"@type\":\"ListItem\",\"position\":1,\"name\":\"Home\",\"item\":\"https:\/\/reklameskolen.devz.no\/barneskole\/\"},{\"@type\":\"ListItem\",\"position\":2,\"name\":\"Bilder som lyver\",\"item\":\"https:\/\/reklameskolen.devz.no\/barneskole\/bilder-som-lyver\/\"},{\"@type\":\"ListItem\",\"position\":3,\"name\":\"Hva er retusjert reklame?\"}]},{\"@type\":\"WebSite\",\"@id\":\"https:\/\/reklameskolen.devz.no\/barneskole\/#website\",\"url\":\"https:\/\/reklameskolen.devz.no\/barneskole\/\",\"name\":\"Barneskole\",\"description\":\"Oppl\u00e6ringsverkt\u00f8y om reklame\",\"publisher\":{\"@id\":\"https:\/\/reklameskolen.devz.no\/barneskole\/#organization\"},\"potentialAction\":[{\"@type\":\"SearchAction\",\"target\":{\"@type\":\"EntryPoint\",\"urlTemplate\":\"https:\/\/reklameskolen.devz.no\/barneskole\/?s={search_term_string}\"},\"query-input\":{\"@type\":\"PropertyValueSpecification\",\"valueRequired\":true,\"valueName\":\"search_term_string\"}}],\"inLanguage\":\"nb-NO\"},{\"@type\":\"Organization\",\"@id\":\"https:\/\/reklameskolen.devz.no\/barneskole\/#organization\",\"name\":\"Barneskole\",\"url\":\"https:\/\/reklameskolen.devz.no\/barneskole\/\",\"logo\":{\"@type\":\"ImageObject\",\"inLanguage\":\"nb-NO\",\"@id\":\"https:\/\/reklameskolen.devz.no\/barneskole\/#\/schema\/logo\/image\/\",\"url\":\"https:\/\/reklameskolen.devz.no\/barneskole\/files\/2023\/08\/Reklameskolen-Logo-01.png\",\"contentUrl\":\"https:\/\/reklameskolen.devz.no\/barneskole\/files\/2023\/08\/Reklameskolen-Logo-01.png\",\"width\":2571,\"height\":950,\"caption\":\"Barneskole\"},\"image\":{\"@id\":\"https:\/\/reklameskolen.devz.no\/barneskole\/#\/schema\/logo\/image\/\"}}]}<\/script>\n<!-- \/ Yoast SEO plugin. -->","yoast_head_json":{"title":"Hva er retusjert reklame? - Barneskole","robots":{"index":"index","follow":"follow","max-snippet":"max-snippet:-1","max-image-preview":"max-image-preview:large","max-video-preview":"max-video-preview:-1"},"canonical":"https:\/\/reklameskolen.devz.no\/barneskole\/bilder-som-lyver\/hva-er-retusjert-reklame\/","og_locale":"nb_NO","og_type":"article","og_title":"Hva er retusjert reklame? - Barneskole","og_description":"Hva er retusjert reklame? I reklame skal alt helst se perfekt ut. B\u00e5de mennesker og ting. Ofte blir kroppene i reklamen endret p\u00e5 for \u00e5 se s\u00e5 bra ut som mulig.&nbsp;\u00c5 endre bilder p\u00e5 denne m\u00e5ten kaller vi\u202fretusjering.\u202f&nbsp; Slik reklame kan f\u00f8re til kroppspress. Det er lett \u00e5 sammenligne seg selv med de perfekte menneskene [&hellip;]","og_url":"https:\/\/reklameskolen.devz.no\/barneskole\/bilder-som-lyver\/hva-er-retusjert-reklame\/","og_site_name":"Barneskole","article_modified_time":"2023-11-27T09:41:06+00:00","og_image":[{"width":501,"height":501,"url":"https:\/\/reklameskolen.devz.no\/barneskole\/files\/2023\/07\/Retusjertsort.png","type":"image\/png"}],"twitter_card":"summary_large_image","twitter_misc":{"Ansl. lesetid":"1 minutt"},"schema":{"@context":"https:\/\/schema.org","@graph":[{"@type":"WebPage","@id":"https:\/\/reklameskolen.devz.no\/barneskole\/bilder-som-lyver\/hva-er-retusjert-reklame\/","url":"https:\/\/reklameskolen.devz.no\/barneskole\/bilder-som-lyver\/hva-er-retusjert-reklame\/","name":"Hva er retusjert reklame? - Barneskole","isPartOf":{"@id":"https:\/\/reklameskolen.devz.no\/barneskole\/#website"},"primaryImageOfPage":{"@id":"https:\/\/reklameskolen.devz.no\/barneskole\/bilder-som-lyver\/hva-er-retusjert-reklame\/#primaryimage"},"image":{"@id":"https:\/\/reklameskolen.devz.no\/barneskole\/bilder-som-lyver\/hva-er-retusjert-reklame\/#primaryimage"},"thumbnailUrl":"https:\/\/reklameskolen.devz.no\/barneskole\/files\/2023\/07\/Retusjertsort.png","datePublished":"2023-04-26T16:16:46+00:00","dateModified":"2023-11-27T09:41:06+00:00","breadcrumb":{"@id":"https:\/\/reklameskolen.devz.no\/barneskole\/bilder-som-lyver\/hva-er-retusjert-reklame\/#breadcrumb"},"inLanguage":"nb-NO","potentialAction":[{"@type":"ReadAction","target":["https:\/\/reklameskolen.devz.no\/barneskole\/bilder-som-lyver\/hva-er-retusjert-reklame\/"]}]},{"@type":"ImageObject","inLanguage":"nb-NO","@id":"https:\/\/reklameskolen.devz.no\/barneskole\/bilder-som-lyver\/hva-er-retusjert-reklame\/#primaryimage","url":"https:\/\/reklameskolen.devz.no\/barneskole\/files\/2023\/07\/Retusjertsort.png","contentUrl":"https:\/\/reklameskolen.devz.no\/barneskole\/files\/2023\/07\/Retusjertsort.png","width":501,"height":501,"caption":"Logo i svart\/hvitt med teksten \"Retusjert person. Reklame\"."},{"@type":"BreadcrumbList","@id":"https:\/\/reklameskolen.devz.no\/barneskole\/bilder-som-lyver\/hva-er-retusjert-reklame\/#breadcrumb","itemListElement":[{"@type":"ListItem","position":1,"name":"Home","item":"https:\/\/reklameskolen.devz.no\/barneskole\/"},{"@type":"ListItem","position":2,"name":"Bilder som lyver","item":"https:\/\/reklameskolen.devz.no\/barneskole\/bilder-som-lyver\/"},{"@type":"ListItem","position":3,"name":"Hva er retusjert reklame?"}]},{"@type":"WebSite","@id":"https:\/\/reklameskolen.devz.no\/barneskole\/#website","url":"https:\/\/reklameskolen.devz.no\/barneskole\/","name":"Barneskole","description":"Oppl\u00e6ringsverkt\u00f8y om reklame","publisher":{"@id":"https:\/\/reklameskolen.devz.no\/barneskole\/#organization"},"potentialAction":[{"@type":"SearchAction","target":{"@type":"EntryPoint","urlTemplate":"https:\/\/reklameskolen.devz.no\/barneskole\/?s={search_term_string}"},"query-input":{"@type":"PropertyValueSpecification","valueRequired":true,"valueName":"search_term_string"}}],"inLanguage":"nb-NO"},{"@type":"Organization","@id":"https:\/\/reklameskolen.devz.no\/barneskole\/#organization","name":"Barneskole","url":"https:\/\/reklameskolen.devz.no\/barneskole\/","logo":{"@type":"ImageObject","inLanguage":"nb-NO","@id":"https:\/\/reklameskolen.devz.no\/barneskole\/#\/schema\/logo\/image\/","url":"https:\/\/reklameskolen.devz.no\/barneskole\/files\/2023\/08\/Reklameskolen-Logo-01.png","contentUrl":"https:\/\/reklameskolen.devz.no\/barneskole\/files\/2023\/08\/Reklameskolen-Logo-01.png","width":2571,"height":950,"caption":"Barneskole"},"image":{"@id":"https:\/\/reklameskolen.devz.no\/barneskole\/#\/schema\/logo\/image\/"}}]}},"_links":{"self":[{"href":"https:\/\/reklameskolen.devz.no\/barneskole\/wp-json\/wp\/v2\/pages\/3503","targetHints":{"allow":["GET"]}}],"collection":[{"href":"https:\/\/reklameskolen.devz.no\/barneskole\/wp-json\/wp\/v2\/pages"}],"about":[{"href":"https:\/\/reklameskolen.devz.no\/barneskole\/wp-json\/wp\/v2\/types\/page"}],"author":[{"embeddable":true,"href":"https:\/\/reklameskolen.devz.no\/barneskole\/wp-json\/wp\/v2\/users\/10"}],"replies":[{"embeddable":true,"href":"https:\/\/reklameskolen.devz.no\/barneskole\/wp-json\/wp\/v2\/comments?post=3503"}],"version-history":[{"count":27,"href":"https:\/\/reklameskolen.devz.no\/barneskole\/wp-json\/wp\/v2\/pages\/3503\/revisions"}],"predecessor-version":[{"id":4872,"href":"https:\/\/reklameskolen.devz.no\/barneskole\/wp-json\/wp\/v2\/pages\/3503\/revisions\/4872"}],"up":[{"embeddable":true,"href":"https:\/\/reklameskolen.devz.no\/barneskole\/wp-json\/wp\/v2\/pages\/3501"}],"wp:attachment":[{"href":"https:\/\/reklameskolen.devz.no\/barneskole\/wp-json\/wp\/v2\/media?parent=3503"}],"curies":[{"name":"wp","href":"https:\/\/api.w.org\/{rel}","templated":true}]}}