{"id":3517,"date":"2023-04-26T18:27:20","date_gmt":"2023-04-26T16:27:20","guid":{"rendered":"https:\/\/reklameskolen.devz.no\/barneskole\/?page_id=3517"},"modified":"2023-11-27T10:45:11","modified_gmt":"2023-11-27T09:45:11","slug":"reklame-overalt","status":"publish","type":"page","link":"https:\/\/reklameskolen.devz.no\/barneskole\/reklame-overalt\/","title":{"rendered":"Reklame overalt"},"content":{"rendered":"\n<div class=\"wp-block-columns is-layout-flex wp-container-core-columns-is-layout-28f84493 wp-block-columns-is-layout-flex\">\n<div class=\"wp-block-column is-layout-flow wp-block-column-is-layout-flow\" style=\"flex-basis:67%\">\n<h1 class=\"wp-block-heading\">Reklame overalt<\/h1>\n<\/div>\n\n\n\n<div class=\"wp-block-column is-layout-flow wp-block-column-is-layout-flow\" style=\"flex-basis:33.33%\">\n<div style=\"height:50px\" aria-hidden=\"true\" class=\"wp-block-spacer\"><\/div>\n<\/div>\n<\/div>\n\n\n\n<div class=\"wp-block-group is-style-tableofcontent has-palette-color-7-background-color has-background is-layout-constrained wp-block-group-is-layout-constrained\">\n<p class=\"has-text-align-center\">Her kan du l\u00e6re mer om noen av de viktigste stedene du finner reklame. Trykk p\u00e5 ikonene under for \u00e5 velge omr\u00e5de.<\/p>\n\n\n\n<div class=\"wp-block-columns is-layout-flex wp-container-core-columns-is-layout-28f84493 wp-block-columns-is-layout-flex\">\n<div class=\"wp-block-column is-layout-flow wp-block-column-is-layout-flow\"><\/div>\n\n\n\n<div class=\"wp-block-column is-layout-flow wp-block-column-is-layout-flow\">\n<figure class=\"wp-block-image aligncenter size-thumbnail\"><a href=\"https:\/\/reklameskolen.devz.no\/barneskole\/reklame-i-sosiale-medier\/\"><img loading=\"lazy\" decoding=\"async\" width=\"150\" height=\"150\" src=\"https:\/\/reklameskolen.devz.no\/barneskole\/files\/2023\/05\/Reklameskolen-Ikoner-09-150x150.png\" alt=\"Reklame i sosiale medier\" class=\"wp-image-3751\" srcset=\"https:\/\/reklameskolen.devz.no\/barneskole\/files\/2023\/05\/Reklameskolen-Ikoner-09-150x150.png 150w, https:\/\/reklameskolen.devz.no\/barneskole\/files\/2023\/05\/Reklameskolen-Ikoner-09-96x96.png 96w\" sizes=\"auto, (max-width: 150px) 100vw, 150px\" \/><\/a><figcaption class=\"wp-element-caption\">Reklame i sosiale medier<\/figcaption><\/figure>\n<\/div>\n\n\n\n<div class=\"wp-block-column is-layout-flow wp-block-column-is-layout-flow\">\n<figure class=\"wp-block-image aligncenter size-thumbnail\"><a href=\"https:\/\/reklameskolen.devz.no\/barneskole\/reklame-i-spill\/\"><img loading=\"lazy\" decoding=\"async\" width=\"150\" height=\"150\" src=\"https:\/\/reklameskolen.devz.no\/barneskole\/files\/2023\/05\/Reklameskolen-Ikoner-10-150x150.png\" alt=\"Reklame i spill\" class=\"wp-image-3752\" srcset=\"https:\/\/reklameskolen.devz.no\/barneskole\/files\/2023\/05\/Reklameskolen-Ikoner-10-150x150.png 150w, https:\/\/reklameskolen.devz.no\/barneskole\/files\/2023\/05\/Reklameskolen-Ikoner-10-96x96.png 96w\" sizes=\"auto, (max-width: 150px) 100vw, 150px\" \/><\/a><figcaption class=\"wp-element-caption\">Reklame i spill<\/figcaption><\/figure>\n<\/div>\n\n\n\n<div class=\"wp-block-column is-layout-flow wp-block-column-is-layout-flow\">\n<figure class=\"wp-block-image aligncenter size-thumbnail\"><a href=\"https:\/\/reklameskolen.devz.no\/barneskole\/reklame-pa-skolen\/\"><img loading=\"lazy\" decoding=\"async\" width=\"150\" height=\"150\" src=\"https:\/\/reklameskolen.devz.no\/barneskole\/files\/2023\/05\/Reklameskolen-Ikoner-11-150x150.png\" alt=\"Reklame i skolen\" class=\"wp-image-3753\" srcset=\"https:\/\/reklameskolen.devz.no\/barneskole\/files\/2023\/05\/Reklameskolen-Ikoner-11-150x150.png 150w, https:\/\/reklameskolen.devz.no\/barneskole\/files\/2023\/05\/Reklameskolen-Ikoner-11-96x96.png 96w\" sizes=\"auto, (max-width: 150px) 100vw, 150px\" \/><\/a><figcaption class=\"wp-element-caption\">Reklame p\u00e5 skolen<\/figcaption><\/figure>\n<\/div>\n\n\n\n<div class=\"wp-block-column is-layout-flow wp-block-column-is-layout-flow\"><\/div>\n<\/div>\n\n\n\n<div class=\"wp-block-columns is-layout-flex wp-container-core-columns-is-layout-28f84493 wp-block-columns-is-layout-flex\">\n<div class=\"wp-block-column is-layout-flow wp-block-column-is-layout-flow\"><\/div>\n\n\n\n<div class=\"wp-block-column is-layout-flow wp-block-column-is-layout-flow\">\n<figure class=\"wp-block-image aligncenter size-thumbnail\"><a href=\"https:\/\/reklameskolen.devz.no\/barneskole\/reklame-rundt-oss\/\"><img loading=\"lazy\" decoding=\"async\" width=\"150\" height=\"150\" src=\"https:\/\/reklameskolen.devz.no\/barneskole\/files\/2023\/05\/Reklameskolen-Ikoner-12-150x150.png\" alt=\"Reklame rundt oss\" class=\"wp-image-3754\" srcset=\"https:\/\/reklameskolen.devz.no\/barneskole\/files\/2023\/05\/Reklameskolen-Ikoner-12-150x150.png 150w, https:\/\/reklameskolen.devz.no\/barneskole\/files\/2023\/05\/Reklameskolen-Ikoner-12-96x96.png 96w\" sizes=\"auto, (max-width: 150px) 100vw, 150px\" \/><\/a><figcaption class=\"wp-element-caption\">Reklame rundt oss<\/figcaption><\/figure>\n<\/div>\n\n\n\n<div class=\"wp-block-column is-layout-flow wp-block-column-is-layout-flow\">\n<figure class=\"wp-block-image aligncenter size-thumbnail\"><a href=\"https:\/\/reklameskolen.devz.no\/barneskole\/reklame-i-alle-kanaler\/\"><img loading=\"lazy\" decoding=\"async\" width=\"150\" height=\"150\" src=\"https:\/\/reklameskolen.devz.no\/barneskole\/files\/2023\/05\/Reklameskolen-Ikoner-14-150x150.png\" alt=\"Reklame i alle kanaler\" class=\"wp-image-3756\" srcset=\"https:\/\/reklameskolen.devz.no\/barneskole\/files\/2023\/05\/Reklameskolen-Ikoner-14-150x150.png 150w, https:\/\/reklameskolen.devz.no\/barneskole\/files\/2023\/05\/Reklameskolen-Ikoner-14-96x96.png 96w\" sizes=\"auto, (max-width: 150px) 100vw, 150px\" \/><\/a><figcaption class=\"wp-element-caption\">Reklame i alle kanaler<\/figcaption><\/figure>\n<\/div>\n\n\n\n<div class=\"wp-block-column is-layout-flow wp-block-column-is-layout-flow\">\n<figure class=\"wp-block-image aligncenter size-thumbnail\"><a href=\"https:\/\/reklameskolen.devz.no\/barneskole\/reklame-i-butikken\/\"><img loading=\"lazy\" decoding=\"async\" width=\"150\" height=\"150\" src=\"https:\/\/reklameskolen.devz.no\/barneskole\/files\/2023\/05\/Reklameskolen-Ikoner-13-150x150.png\" alt=\"Reklame i butikken\" class=\"wp-image-3755\" srcset=\"https:\/\/reklameskolen.devz.no\/barneskole\/files\/2023\/05\/Reklameskolen-Ikoner-13-150x150.png 150w, https:\/\/reklameskolen.devz.no\/barneskole\/files\/2023\/05\/Reklameskolen-Ikoner-13-96x96.png 96w\" sizes=\"auto, (max-width: 150px) 100vw, 150px\" \/><\/a><figcaption class=\"wp-element-caption\">Reklame i butikken<\/figcaption><\/figure>\n<\/div>\n\n\n\n<div class=\"wp-block-column is-layout-flow wp-block-column-is-layout-flow\"><\/div>\n<\/div>\n<\/div>\n\n\n\n<p><\/p>\n\n\n\n<div class=\"wp-block-group is-layout-flow wp-block-group-is-layout-flow\">\n<div class=\"wp-block-columns is-layout-flex wp-container-core-columns-is-layout-28f84493 wp-block-columns-is-layout-flex\">\n<div class=\"wp-block-column is-layout-flow wp-block-column-is-layout-flow\">\n<div class=\"wp-block-buttons is-horizontal is-content-justification-center is-layout-flex wp-container-core-buttons-is-layout-03627597 wp-block-buttons-is-layout-flex\">\n<div class=\"wp-block-button\"><a class=\"wp-block-button__link has-palette-color-8-color has-palette-color-3-background-color has-text-color has-background wp-element-button\" href=\"https:\/\/reklameskolen.devz.no\/barneskole\/ferdig-med-reklameskolen\/\" style=\"padding-top:var(--wp--preset--spacing--40);padding-right:var(--wp--preset--spacing--40);padding-bottom:var(--wp--preset--spacing--40);padding-left:var(--wp--preset--spacing--40)\">Har du g\u00e5tt igjennom alle temaene over? Klikk her!<\/a><\/div>\n<\/div>\n<\/div>\n<\/div>\n<\/div>\n\n\n<p><!-- \/wp:post-content --><\/p>\n<p><!-- wp:spacer {\"height\":\"30px\"} --><\/p>\n<div class=\"wp-block-spacer\" style=\"height: 30px;\" aria-hidden=\"true\">&nbsp;<\/div>\n<p><!-- \/wp:spacer --><\/p>","protected":false},"excerpt":{"rendered":"<p>Reklame overalt Her kan du l\u00e6re mer om noen av de viktigste stedene du finner reklame. Trykk p\u00e5 ikonene under for \u00e5 velge omr\u00e5de. &nbsp;<\/p>\n","protected":false},"author":10,"featured_media":0,"parent":0,"menu_order":12,"comment_status":"closed","ping_status":"closed","template":"","meta":{"_acf_changed":false,"editor_notices":[],"footnotes":""},"class_list":["post-3517","page","type-page","status-publish","hentry"],"blocksy_meta":[],"acf":[],"yoast_head":"<!-- This site is optimized with the Yoast SEO plugin v25.9 - https:\/\/yoast.com\/wordpress\/plugins\/seo\/ -->\n<title>Reklame overalt - Barneskole<\/title>\n<meta name=\"robots\" content=\"index, follow, max-snippet:-1, max-image-preview:large, max-video-preview:-1\" \/>\n<link rel=\"canonical\" href=\"https:\/\/reklameskolen.devz.no\/barneskole\/reklame-overalt\/\" \/>\n<meta property=\"og:locale\" content=\"nb_NO\" \/>\n<meta property=\"og:type\" content=\"article\" \/>\n<meta property=\"og:title\" content=\"Reklame overalt - Barneskole\" \/>\n<meta property=\"og:description\" content=\"Reklame overalt Her kan du l\u00e6re mer om noen av de viktigste stedene du finner reklame. Trykk p\u00e5 ikonene under for \u00e5 velge omr\u00e5de. &nbsp;\" \/>\n<meta property=\"og:url\" content=\"https:\/\/reklameskolen.devz.no\/barneskole\/reklame-overalt\/\" \/>\n<meta property=\"og:site_name\" content=\"Barneskole\" \/>\n<meta property=\"article:modified_time\" content=\"2023-11-27T09:45:11+00:00\" \/>\n<meta property=\"og:image\" content=\"https:\/\/reklameskolen.devz.no\/barneskole\/files\/2023\/05\/Reklameskolen-Ikoner-09.png\" \/>\n\t<meta property=\"og:image:width\" content=\"1405\" \/>\n\t<meta property=\"og:image:height\" content=\"1275\" \/>\n\t<meta property=\"og:image:type\" content=\"image\/png\" \/>\n<meta name=\"twitter:card\" content=\"summary_large_image\" \/>\n<script type=\"application\/ld+json\" class=\"yoast-schema-graph\">{\"@context\":\"https:\/\/schema.org\",\"@graph\":[{\"@type\":\"WebPage\",\"@id\":\"https:\/\/reklameskolen.devz.no\/barneskole\/reklame-overalt\/\",\"url\":\"https:\/\/reklameskolen.devz.no\/barneskole\/reklame-overalt\/\",\"name\":\"Reklame overalt - Barneskole\",\"isPartOf\":{\"@id\":\"https:\/\/reklameskolen.devz.no\/barneskole\/#website\"},\"primaryImageOfPage\":{\"@id\":\"https:\/\/reklameskolen.devz.no\/barneskole\/reklame-overalt\/#primaryimage\"},\"image\":{\"@id\":\"https:\/\/reklameskolen.devz.no\/barneskole\/reklame-overalt\/#primaryimage\"},\"thumbnailUrl\":\"https:\/\/reklameskolen.devz.no\/barneskole\/files\/2023\/05\/Reklameskolen-Ikoner-09-150x150.png\",\"datePublished\":\"2023-04-26T16:27:20+00:00\",\"dateModified\":\"2023-11-27T09:45:11+00:00\",\"breadcrumb\":{\"@id\":\"https:\/\/reklameskolen.devz.no\/barneskole\/reklame-overalt\/#breadcrumb\"},\"inLanguage\":\"nb-NO\",\"potentialAction\":[{\"@type\":\"ReadAction\",\"target\":[\"https:\/\/reklameskolen.devz.no\/barneskole\/reklame-overalt\/\"]}]},{\"@type\":\"ImageObject\",\"inLanguage\":\"nb-NO\",\"@id\":\"https:\/\/reklameskolen.devz.no\/barneskole\/reklame-overalt\/#primaryimage\",\"url\":\"https:\/\/reklameskolen.devz.no\/barneskole\/files\/2023\/05\/Reklameskolen-Ikoner-09.png\",\"contentUrl\":\"https:\/\/reklameskolen.devz.no\/barneskole\/files\/2023\/05\/Reklameskolen-Ikoner-09.png\",\"width\":1405,\"height\":1275,\"caption\":\"Sosiale medier\"},{\"@type\":\"BreadcrumbList\",\"@id\":\"https:\/\/reklameskolen.devz.no\/barneskole\/reklame-overalt\/#breadcrumb\",\"itemListElement\":[{\"@type\":\"ListItem\",\"position\":1,\"name\":\"Home\",\"item\":\"https:\/\/reklameskolen.devz.no\/barneskole\/\"},{\"@type\":\"ListItem\",\"position\":2,\"name\":\"Reklame overalt\"}]},{\"@type\":\"WebSite\",\"@id\":\"https:\/\/reklameskolen.devz.no\/barneskole\/#website\",\"url\":\"https:\/\/reklameskolen.devz.no\/barneskole\/\",\"name\":\"Barneskole\",\"description\":\"Oppl\u00e6ringsverkt\u00f8y om reklame\",\"publisher\":{\"@id\":\"https:\/\/reklameskolen.devz.no\/barneskole\/#organization\"},\"potentialAction\":[{\"@type\":\"SearchAction\",\"target\":{\"@type\":\"EntryPoint\",\"urlTemplate\":\"https:\/\/reklameskolen.devz.no\/barneskole\/?s={search_term_string}\"},\"query-input\":{\"@type\":\"PropertyValueSpecification\",\"valueRequired\":true,\"valueName\":\"search_term_string\"}}],\"inLanguage\":\"nb-NO\"},{\"@type\":\"Organization\",\"@id\":\"https:\/\/reklameskolen.devz.no\/barneskole\/#organization\",\"name\":\"Barneskole\",\"url\":\"https:\/\/reklameskolen.devz.no\/barneskole\/\",\"logo\":{\"@type\":\"ImageObject\",\"inLanguage\":\"nb-NO\",\"@id\":\"https:\/\/reklameskolen.devz.no\/barneskole\/#\/schema\/logo\/image\/\",\"url\":\"https:\/\/reklameskolen.devz.no\/barneskole\/files\/2023\/08\/Reklameskolen-Logo-01.png\",\"contentUrl\":\"https:\/\/reklameskolen.devz.no\/barneskole\/files\/2023\/08\/Reklameskolen-Logo-01.png\",\"width\":2571,\"height\":950,\"caption\":\"Barneskole\"},\"image\":{\"@id\":\"https:\/\/reklameskolen.devz.no\/barneskole\/#\/schema\/logo\/image\/\"}}]}<\/script>\n<!-- \/ Yoast SEO plugin. -->","yoast_head_json":{"title":"Reklame overalt - Barneskole","robots":{"index":"index","follow":"follow","max-snippet":"max-snippet:-1","max-image-preview":"max-image-preview:large","max-video-preview":"max-video-preview:-1"},"canonical":"https:\/\/reklameskolen.devz.no\/barneskole\/reklame-overalt\/","og_locale":"nb_NO","og_type":"article","og_title":"Reklame overalt - Barneskole","og_description":"Reklame overalt Her kan du l\u00e6re mer om noen av de viktigste stedene du finner reklame. Trykk p\u00e5 ikonene under for \u00e5 velge omr\u00e5de. &nbsp;","og_url":"https:\/\/reklameskolen.devz.no\/barneskole\/reklame-overalt\/","og_site_name":"Barneskole","article_modified_time":"2023-11-27T09:45:11+00:00","og_image":[{"width":1405,"height":1275,"url":"https:\/\/reklameskolen.devz.no\/barneskole\/files\/2023\/05\/Reklameskolen-Ikoner-09.png","type":"image\/png"}],"twitter_card":"summary_large_image","schema":{"@context":"https:\/\/schema.org","@graph":[{"@type":"WebPage","@id":"https:\/\/reklameskolen.devz.no\/barneskole\/reklame-overalt\/","url":"https:\/\/reklameskolen.devz.no\/barneskole\/reklame-overalt\/","name":"Reklame overalt - Barneskole","isPartOf":{"@id":"https:\/\/reklameskolen.devz.no\/barneskole\/#website"},"primaryImageOfPage":{"@id":"https:\/\/reklameskolen.devz.no\/barneskole\/reklame-overalt\/#primaryimage"},"image":{"@id":"https:\/\/reklameskolen.devz.no\/barneskole\/reklame-overalt\/#primaryimage"},"thumbnailUrl":"https:\/\/reklameskolen.devz.no\/barneskole\/files\/2023\/05\/Reklameskolen-Ikoner-09-150x150.png","datePublished":"2023-04-26T16:27:20+00:00","dateModified":"2023-11-27T09:45:11+00:00","breadcrumb":{"@id":"https:\/\/reklameskolen.devz.no\/barneskole\/reklame-overalt\/#breadcrumb"},"inLanguage":"nb-NO","potentialAction":[{"@type":"ReadAction","target":["https:\/\/reklameskolen.devz.no\/barneskole\/reklame-overalt\/"]}]},{"@type":"ImageObject","inLanguage":"nb-NO","@id":"https:\/\/reklameskolen.devz.no\/barneskole\/reklame-overalt\/#primaryimage","url":"https:\/\/reklameskolen.devz.no\/barneskole\/files\/2023\/05\/Reklameskolen-Ikoner-09.png","contentUrl":"https:\/\/reklameskolen.devz.no\/barneskole\/files\/2023\/05\/Reklameskolen-Ikoner-09.png","width":1405,"height":1275,"caption":"Sosiale medier"},{"@type":"BreadcrumbList","@id":"https:\/\/reklameskolen.devz.no\/barneskole\/reklame-overalt\/#breadcrumb","itemListElement":[{"@type":"ListItem","position":1,"name":"Home","item":"https:\/\/reklameskolen.devz.no\/barneskole\/"},{"@type":"ListItem","position":2,"name":"Reklame overalt"}]},{"@type":"WebSite","@id":"https:\/\/reklameskolen.devz.no\/barneskole\/#website","url":"https:\/\/reklameskolen.devz.no\/barneskole\/","name":"Barneskole","description":"Oppl\u00e6ringsverkt\u00f8y om reklame","publisher":{"@id":"https:\/\/reklameskolen.devz.no\/barneskole\/#organization"},"potentialAction":[{"@type":"SearchAction","target":{"@type":"EntryPoint","urlTemplate":"https:\/\/reklameskolen.devz.no\/barneskole\/?s={search_term_string}"},"query-input":{"@type":"PropertyValueSpecification","valueRequired":true,"valueName":"search_term_string"}}],"inLanguage":"nb-NO"},{"@type":"Organization","@id":"https:\/\/reklameskolen.devz.no\/barneskole\/#organization","name":"Barneskole","url":"https:\/\/reklameskolen.devz.no\/barneskole\/","logo":{"@type":"ImageObject","inLanguage":"nb-NO","@id":"https:\/\/reklameskolen.devz.no\/barneskole\/#\/schema\/logo\/image\/","url":"https:\/\/reklameskolen.devz.no\/barneskole\/files\/2023\/08\/Reklameskolen-Logo-01.png","contentUrl":"https:\/\/reklameskolen.devz.no\/barneskole\/files\/2023\/08\/Reklameskolen-Logo-01.png","width":2571,"height":950,"caption":"Barneskole"},"image":{"@id":"https:\/\/reklameskolen.devz.no\/barneskole\/#\/schema\/logo\/image\/"}}]}},"_links":{"self":[{"href":"https:\/\/reklameskolen.devz.no\/barneskole\/wp-json\/wp\/v2\/pages\/3517","targetHints":{"allow":["GET"]}}],"collection":[{"href":"https:\/\/reklameskolen.devz.no\/barneskole\/wp-json\/wp\/v2\/pages"}],"about":[{"href":"https:\/\/reklameskolen.devz.no\/barneskole\/wp-json\/wp\/v2\/types\/page"}],"author":[{"embeddable":true,"href":"https:\/\/reklameskolen.devz.no\/barneskole\/wp-json\/wp\/v2\/users\/10"}],"replies":[{"embeddable":true,"href":"https:\/\/reklameskolen.devz.no\/barneskole\/wp-json\/wp\/v2\/comments?post=3517"}],"version-history":[{"count":45,"href":"https:\/\/reklameskolen.devz.no\/barneskole\/wp-json\/wp\/v2\/pages\/3517\/revisions"}],"predecessor-version":[{"id":4881,"href":"https:\/\/reklameskolen.devz.no\/barneskole\/wp-json\/wp\/v2\/pages\/3517\/revisions\/4881"}],"wp:attachment":[{"href":"https:\/\/reklameskolen.devz.no\/barneskole\/wp-json\/wp\/v2\/media?parent=3517"}],"curies":[{"name":"wp","href":"https:\/\/api.w.org\/{rel}","templated":true}]}}