{"id":3529,"date":"2023-04-26T18:31:48","date_gmt":"2023-04-26T16:31:48","guid":{"rendered":"https:\/\/reklameskolen.devz.no\/barneskole\/?page_id=3529"},"modified":"2024-08-20T13:17:18","modified_gmt":"2024-08-20T11:17:18","slug":"synlig-og-usynlig","status":"publish","type":"page","link":"https:\/\/reklameskolen.devz.no\/barneskole\/reklame-i-sosiale-medier\/synlig-og-usynlig\/","title":{"rendered":"Synlig og usynlig"},"content":{"rendered":"\n<div style=\"height:10px\" aria-hidden=\"true\" class=\"wp-block-spacer\"><\/div>\n\n\n\n<figure class=\"wp-block-image aligncenter size-full\"><img loading=\"lazy\" decoding=\"async\" width=\"1500\" height=\"375\" src=\"https:\/\/reklameskolen.devz.no\/barneskole\/files\/2023\/06\/darligeinnlegg21500.jpg\" alt=\"Illustrasjon av reklameinnlegg p\u00e5 sosiale medier\" class=\"wp-image-4231\" srcset=\"https:\/\/reklameskolen.devz.no\/barneskole\/files\/2023\/06\/darligeinnlegg21500.jpg 1500w, https:\/\/reklameskolen.devz.no\/barneskole\/files\/2023\/06\/darligeinnlegg21500-300x75.jpg 300w, https:\/\/reklameskolen.devz.no\/barneskole\/files\/2023\/06\/darligeinnlegg21500-1024x256.jpg 1024w, https:\/\/reklameskolen.devz.no\/barneskole\/files\/2023\/06\/darligeinnlegg21500-768x192.jpg 768w, https:\/\/reklameskolen.devz.no\/barneskole\/files\/2023\/06\/darligeinnlegg21500-150x38.jpg 150w\" sizes=\"auto, (max-width: 1500px) 100vw, 1500px\" \/><figcaption class=\"wp-element-caption\">Illustrasjon: Animer\/Forbrukertilsynet<\/figcaption><\/figure>\n\n\n\n<h1 class=\"wp-block-heading has-text-align-left\">Synlig og usynlig<\/h1>\n\n\n\n<p>De fleste vet at reklame er laget for \u00e5 p\u00e5virke oss. Derfor er mange litt skeptiske til det reklamen forteller.&nbsp;&nbsp;<\/p>\n\n\n\n<p>Men mange influensere viser fram ting p\u00e5 en slik m\u00e5te at det ser ut som noe de bruker selv. Noe de faktisk liker.\u202f\u202f&nbsp;De kan for eksempel vise fram tingene i en shopping haul eller en get ready with me-video. Da er det ikke alltid lett \u00e5 skj\u00f8nne at det faktisk er reklame du ser.\u202f\u202f&nbsp;<\/p>\n\n\n\n<h2 class=\"wp-block-heading\">Skjult reklame<\/h2>\n\n\n\n<p>I Norge st\u00e5r det i loven at reklame skal se ut som reklame. Derfor m\u00e5 reklame i sosiale medier merkes tydelig med \u201creklame\u201d eller \u201cannonse\u201d.&nbsp;<\/p>\n\n\n\n<p>N\u00e5r en influenser f\u00e5r betalt for \u00e5 legge ut et innlegg som skal f\u00e5 folk til \u00e5 kj\u00f8pe noe, er det reklame. Noen influensere f\u00e5r rabatter, gratis reiser eller produkter for \u00e5 legge ut reklame. Andre f\u00e5r betalt hver gang noen klikker p\u00e5 en lenke eller bruker en spesiell rabattkode. Slike innlegg er reklame, og m\u00e5 merkes tydelig.\u202f&nbsp;<\/p>\n\n\n\n<div class=\"wp-block-group alignfull is-layout-flow wp-block-group-is-layout-flow\">\n<div class=\"wp-block-columns is-layout-flex wp-container-core-columns-is-layout-28f84493 wp-block-columns-is-layout-flex\">\n<div class=\"wp-block-column is-layout-flow wp-block-column-is-layout-flow\">\n<div class=\"wp-block-buttons is-content-justification-right is-layout-flex wp-container-core-buttons-is-layout-d445cf74 wp-block-buttons-is-layout-flex\">\n<div class=\"wp-block-button\"><a class=\"wp-block-button__link has-palette-color-8-color has-palette-color-3-background-color has-text-color has-background wp-element-button\" href=\"https:\/\/reklameskolen.devz.no\/barneskole\/reklame-i-sosiale-medier\/en-dag-i-mitt-liv\/\" style=\"padding-top:var(--wp--preset--spacing--40);padding-right:var(--wp--preset--spacing--40);padding-bottom:var(--wp--preset--spacing--40);padding-left:var(--wp--preset--spacing--40)\">Tilbake til &laquo;En dag i mitt liv&raquo;<\/a><\/div>\n<\/div>\n<\/div>\n\n\n\n<div class=\"wp-block-column is-layout-flow wp-block-column-is-layout-flow\">\n<div class=\"wp-block-buttons is-horizontal is-content-justification-left is-layout-flex wp-container-core-buttons-is-layout-20be11b6 wp-block-buttons-is-layout-flex\">\n<div class=\"wp-block-button\"><a class=\"wp-block-button__link has-palette-color-8-color has-palette-color-3-background-color has-text-color has-background wp-element-button\" href=\"https:\/\/reklameskolen.devz.no\/barneskole\/reklame-i-sosiale-medier\/finn-reklamemerkingen\/\" style=\"padding-top:var(--wp--preset--spacing--40);padding-right:var(--wp--preset--spacing--40);padding-bottom:var(--wp--preset--spacing--40);padding-left:var(--wp--preset--spacing--40)\">Videre til &laquo;Finn reklamemerkingen&raquo;<\/a><\/div>\n<\/div>\n<\/div>\n<\/div>\n<\/div>\n\n\n\n<div style=\"height:30px\" aria-hidden=\"true\" class=\"wp-block-spacer\"><\/div>\n","protected":false},"excerpt":{"rendered":"<p>Synlig og usynlig De fleste vet at reklame er laget for \u00e5 p\u00e5virke oss. Derfor er mange litt skeptiske til det reklamen forteller.&nbsp;&nbsp; Men mange influensere viser fram ting p\u00e5 en slik m\u00e5te at det ser ut som noe de bruker selv. Noe de faktisk liker.\u202f\u202f&nbsp;De kan for eksempel vise fram tingene i en shopping [&hellip;]<\/p>\n","protected":false},"author":10,"featured_media":0,"parent":4440,"menu_order":3,"comment_status":"closed","ping_status":"closed","template":"","meta":{"_acf_changed":false,"editor_notices":[],"footnotes":""},"class_list":["post-3529","page","type-page","status-publish","hentry"],"blocksy_meta":[],"acf":[],"yoast_head":"<!-- This site is optimized with the Yoast SEO plugin v25.9 - https:\/\/yoast.com\/wordpress\/plugins\/seo\/ -->\n<title>Synlig og usynlig - Barneskole<\/title>\n<meta name=\"robots\" content=\"index, follow, max-snippet:-1, max-image-preview:large, max-video-preview:-1\" \/>\n<link rel=\"canonical\" href=\"https:\/\/reklameskolen.devz.no\/barneskole\/reklame-i-sosiale-medier\/synlig-og-usynlig\/\" \/>\n<meta property=\"og:locale\" content=\"nb_NO\" \/>\n<meta property=\"og:type\" content=\"article\" \/>\n<meta property=\"og:title\" content=\"Synlig og usynlig - Barneskole\" \/>\n<meta property=\"og:description\" content=\"Synlig og usynlig De fleste vet at reklame er laget for \u00e5 p\u00e5virke oss. Derfor er mange litt skeptiske til det reklamen forteller.&nbsp;&nbsp; Men mange influensere viser fram ting p\u00e5 en slik m\u00e5te at det ser ut som noe de bruker selv. Noe de faktisk liker.\u202f\u202f&nbsp;De kan for eksempel vise fram tingene i en shopping [&hellip;]\" \/>\n<meta property=\"og:url\" content=\"https:\/\/reklameskolen.devz.no\/barneskole\/reklame-i-sosiale-medier\/synlig-og-usynlig\/\" \/>\n<meta property=\"og:site_name\" content=\"Barneskole\" \/>\n<meta property=\"article:modified_time\" content=\"2024-08-20T11:17:18+00:00\" \/>\n<meta property=\"og:image\" content=\"https:\/\/reklameskolen.devz.no\/barneskole\/files\/2023\/06\/darligeinnlegg21500.jpg\" \/>\n\t<meta property=\"og:image:width\" content=\"1500\" \/>\n\t<meta property=\"og:image:height\" content=\"375\" \/>\n\t<meta property=\"og:image:type\" content=\"image\/jpeg\" \/>\n<meta name=\"twitter:card\" content=\"summary_large_image\" \/>\n<meta name=\"twitter:label1\" content=\"Ansl. lesetid\" \/>\n\t<meta name=\"twitter:data1\" content=\"1 minutt\" \/>\n<script type=\"application\/ld+json\" class=\"yoast-schema-graph\">{\"@context\":\"https:\/\/schema.org\",\"@graph\":[{\"@type\":\"WebPage\",\"@id\":\"https:\/\/reklameskolen.devz.no\/barneskole\/reklame-i-sosiale-medier\/synlig-og-usynlig\/\",\"url\":\"https:\/\/reklameskolen.devz.no\/barneskole\/reklame-i-sosiale-medier\/synlig-og-usynlig\/\",\"name\":\"Synlig og usynlig - Barneskole\",\"isPartOf\":{\"@id\":\"https:\/\/reklameskolen.devz.no\/barneskole\/#website\"},\"primaryImageOfPage\":{\"@id\":\"https:\/\/reklameskolen.devz.no\/barneskole\/reklame-i-sosiale-medier\/synlig-og-usynlig\/#primaryimage\"},\"image\":{\"@id\":\"https:\/\/reklameskolen.devz.no\/barneskole\/reklame-i-sosiale-medier\/synlig-og-usynlig\/#primaryimage\"},\"thumbnailUrl\":\"https:\/\/reklameskolen.devz.no\/barneskole\/files\/2023\/06\/darligeinnlegg21500.jpg\",\"datePublished\":\"2023-04-26T16:31:48+00:00\",\"dateModified\":\"2024-08-20T11:17:18+00:00\",\"breadcrumb\":{\"@id\":\"https:\/\/reklameskolen.devz.no\/barneskole\/reklame-i-sosiale-medier\/synlig-og-usynlig\/#breadcrumb\"},\"inLanguage\":\"nb-NO\",\"potentialAction\":[{\"@type\":\"ReadAction\",\"target\":[\"https:\/\/reklameskolen.devz.no\/barneskole\/reklame-i-sosiale-medier\/synlig-og-usynlig\/\"]}]},{\"@type\":\"ImageObject\",\"inLanguage\":\"nb-NO\",\"@id\":\"https:\/\/reklameskolen.devz.no\/barneskole\/reklame-i-sosiale-medier\/synlig-og-usynlig\/#primaryimage\",\"url\":\"https:\/\/reklameskolen.devz.no\/barneskole\/files\/2023\/06\/darligeinnlegg21500.jpg\",\"contentUrl\":\"https:\/\/reklameskolen.devz.no\/barneskole\/files\/2023\/06\/darligeinnlegg21500.jpg\",\"width\":1500,\"height\":375,\"caption\":\"Illustrasjon: Animer\/Forbrukertilsynet\"},{\"@type\":\"BreadcrumbList\",\"@id\":\"https:\/\/reklameskolen.devz.no\/barneskole\/reklame-i-sosiale-medier\/synlig-og-usynlig\/#breadcrumb\",\"itemListElement\":[{\"@type\":\"ListItem\",\"position\":1,\"name\":\"Home\",\"item\":\"https:\/\/reklameskolen.devz.no\/barneskole\/\"},{\"@type\":\"ListItem\",\"position\":2,\"name\":\"Reklame i sosiale medier\",\"item\":\"https:\/\/reklameskolen.devz.no\/barneskole\/reklame-i-sosiale-medier\/\"},{\"@type\":\"ListItem\",\"position\":3,\"name\":\"Synlig og usynlig\"}]},{\"@type\":\"WebSite\",\"@id\":\"https:\/\/reklameskolen.devz.no\/barneskole\/#website\",\"url\":\"https:\/\/reklameskolen.devz.no\/barneskole\/\",\"name\":\"Barneskole\",\"description\":\"Oppl\u00e6ringsverkt\u00f8y om reklame\",\"publisher\":{\"@id\":\"https:\/\/reklameskolen.devz.no\/barneskole\/#organization\"},\"potentialAction\":[{\"@type\":\"SearchAction\",\"target\":{\"@type\":\"EntryPoint\",\"urlTemplate\":\"https:\/\/reklameskolen.devz.no\/barneskole\/?s={search_term_string}\"},\"query-input\":{\"@type\":\"PropertyValueSpecification\",\"valueRequired\":true,\"valueName\":\"search_term_string\"}}],\"inLanguage\":\"nb-NO\"},{\"@type\":\"Organization\",\"@id\":\"https:\/\/reklameskolen.devz.no\/barneskole\/#organization\",\"name\":\"Barneskole\",\"url\":\"https:\/\/reklameskolen.devz.no\/barneskole\/\",\"logo\":{\"@type\":\"ImageObject\",\"inLanguage\":\"nb-NO\",\"@id\":\"https:\/\/reklameskolen.devz.no\/barneskole\/#\/schema\/logo\/image\/\",\"url\":\"https:\/\/reklameskolen.devz.no\/barneskole\/files\/2023\/08\/Reklameskolen-Logo-01.png\",\"contentUrl\":\"https:\/\/reklameskolen.devz.no\/barneskole\/files\/2023\/08\/Reklameskolen-Logo-01.png\",\"width\":2571,\"height\":950,\"caption\":\"Barneskole\"},\"image\":{\"@id\":\"https:\/\/reklameskolen.devz.no\/barneskole\/#\/schema\/logo\/image\/\"}}]}<\/script>\n<!-- \/ Yoast SEO plugin. -->","yoast_head_json":{"title":"Synlig og usynlig - Barneskole","robots":{"index":"index","follow":"follow","max-snippet":"max-snippet:-1","max-image-preview":"max-image-preview:large","max-video-preview":"max-video-preview:-1"},"canonical":"https:\/\/reklameskolen.devz.no\/barneskole\/reklame-i-sosiale-medier\/synlig-og-usynlig\/","og_locale":"nb_NO","og_type":"article","og_title":"Synlig og usynlig - Barneskole","og_description":"Synlig og usynlig De fleste vet at reklame er laget for \u00e5 p\u00e5virke oss. Derfor er mange litt skeptiske til det reklamen forteller.&nbsp;&nbsp; Men mange influensere viser fram ting p\u00e5 en slik m\u00e5te at det ser ut som noe de bruker selv. Noe de faktisk liker.\u202f\u202f&nbsp;De kan for eksempel vise fram tingene i en shopping [&hellip;]","og_url":"https:\/\/reklameskolen.devz.no\/barneskole\/reklame-i-sosiale-medier\/synlig-og-usynlig\/","og_site_name":"Barneskole","article_modified_time":"2024-08-20T11:17:18+00:00","og_image":[{"width":1500,"height":375,"url":"https:\/\/reklameskolen.devz.no\/barneskole\/files\/2023\/06\/darligeinnlegg21500.jpg","type":"image\/jpeg"}],"twitter_card":"summary_large_image","twitter_misc":{"Ansl. lesetid":"1 minutt"},"schema":{"@context":"https:\/\/schema.org","@graph":[{"@type":"WebPage","@id":"https:\/\/reklameskolen.devz.no\/barneskole\/reklame-i-sosiale-medier\/synlig-og-usynlig\/","url":"https:\/\/reklameskolen.devz.no\/barneskole\/reklame-i-sosiale-medier\/synlig-og-usynlig\/","name":"Synlig og usynlig - Barneskole","isPartOf":{"@id":"https:\/\/reklameskolen.devz.no\/barneskole\/#website"},"primaryImageOfPage":{"@id":"https:\/\/reklameskolen.devz.no\/barneskole\/reklame-i-sosiale-medier\/synlig-og-usynlig\/#primaryimage"},"image":{"@id":"https:\/\/reklameskolen.devz.no\/barneskole\/reklame-i-sosiale-medier\/synlig-og-usynlig\/#primaryimage"},"thumbnailUrl":"https:\/\/reklameskolen.devz.no\/barneskole\/files\/2023\/06\/darligeinnlegg21500.jpg","datePublished":"2023-04-26T16:31:48+00:00","dateModified":"2024-08-20T11:17:18+00:00","breadcrumb":{"@id":"https:\/\/reklameskolen.devz.no\/barneskole\/reklame-i-sosiale-medier\/synlig-og-usynlig\/#breadcrumb"},"inLanguage":"nb-NO","potentialAction":[{"@type":"ReadAction","target":["https:\/\/reklameskolen.devz.no\/barneskole\/reklame-i-sosiale-medier\/synlig-og-usynlig\/"]}]},{"@type":"ImageObject","inLanguage":"nb-NO","@id":"https:\/\/reklameskolen.devz.no\/barneskole\/reklame-i-sosiale-medier\/synlig-og-usynlig\/#primaryimage","url":"https:\/\/reklameskolen.devz.no\/barneskole\/files\/2023\/06\/darligeinnlegg21500.jpg","contentUrl":"https:\/\/reklameskolen.devz.no\/barneskole\/files\/2023\/06\/darligeinnlegg21500.jpg","width":1500,"height":375,"caption":"Illustrasjon: Animer\/Forbrukertilsynet"},{"@type":"BreadcrumbList","@id":"https:\/\/reklameskolen.devz.no\/barneskole\/reklame-i-sosiale-medier\/synlig-og-usynlig\/#breadcrumb","itemListElement":[{"@type":"ListItem","position":1,"name":"Home","item":"https:\/\/reklameskolen.devz.no\/barneskole\/"},{"@type":"ListItem","position":2,"name":"Reklame i sosiale medier","item":"https:\/\/reklameskolen.devz.no\/barneskole\/reklame-i-sosiale-medier\/"},{"@type":"ListItem","position":3,"name":"Synlig og usynlig"}]},{"@type":"WebSite","@id":"https:\/\/reklameskolen.devz.no\/barneskole\/#website","url":"https:\/\/reklameskolen.devz.no\/barneskole\/","name":"Barneskole","description":"Oppl\u00e6ringsverkt\u00f8y om reklame","publisher":{"@id":"https:\/\/reklameskolen.devz.no\/barneskole\/#organization"},"potentialAction":[{"@type":"SearchAction","target":{"@type":"EntryPoint","urlTemplate":"https:\/\/reklameskolen.devz.no\/barneskole\/?s={search_term_string}"},"query-input":{"@type":"PropertyValueSpecification","valueRequired":true,"valueName":"search_term_string"}}],"inLanguage":"nb-NO"},{"@type":"Organization","@id":"https:\/\/reklameskolen.devz.no\/barneskole\/#organization","name":"Barneskole","url":"https:\/\/reklameskolen.devz.no\/barneskole\/","logo":{"@type":"ImageObject","inLanguage":"nb-NO","@id":"https:\/\/reklameskolen.devz.no\/barneskole\/#\/schema\/logo\/image\/","url":"https:\/\/reklameskolen.devz.no\/barneskole\/files\/2023\/08\/Reklameskolen-Logo-01.png","contentUrl":"https:\/\/reklameskolen.devz.no\/barneskole\/files\/2023\/08\/Reklameskolen-Logo-01.png","width":2571,"height":950,"caption":"Barneskole"},"image":{"@id":"https:\/\/reklameskolen.devz.no\/barneskole\/#\/schema\/logo\/image\/"}}]}},"_links":{"self":[{"href":"https:\/\/reklameskolen.devz.no\/barneskole\/wp-json\/wp\/v2\/pages\/3529","targetHints":{"allow":["GET"]}}],"collection":[{"href":"https:\/\/reklameskolen.devz.no\/barneskole\/wp-json\/wp\/v2\/pages"}],"about":[{"href":"https:\/\/reklameskolen.devz.no\/barneskole\/wp-json\/wp\/v2\/types\/page"}],"author":[{"embeddable":true,"href":"https:\/\/reklameskolen.devz.no\/barneskole\/wp-json\/wp\/v2\/users\/10"}],"replies":[{"embeddable":true,"href":"https:\/\/reklameskolen.devz.no\/barneskole\/wp-json\/wp\/v2\/comments?post=3529"}],"version-history":[{"count":17,"href":"https:\/\/reklameskolen.devz.no\/barneskole\/wp-json\/wp\/v2\/pages\/3529\/revisions"}],"predecessor-version":[{"id":5066,"href":"https:\/\/reklameskolen.devz.no\/barneskole\/wp-json\/wp\/v2\/pages\/3529\/revisions\/5066"}],"up":[{"embeddable":true,"href":"https:\/\/reklameskolen.devz.no\/barneskole\/wp-json\/wp\/v2\/pages\/4440"}],"wp:attachment":[{"href":"https:\/\/reklameskolen.devz.no\/barneskole\/wp-json\/wp\/v2\/media?parent=3529"}],"curies":[{"name":"wp","href":"https:\/\/api.w.org\/{rel}","templated":true}]}}