{"id":3543,"date":"2023-04-26T18:40:25","date_gmt":"2023-04-26T16:40:25","guid":{"rendered":"https:\/\/reklameskolen.devz.no\/barneskole\/?page_id=3543"},"modified":"2023-11-27T10:49:47","modified_gmt":"2023-11-27T09:49:47","slug":"reklame-rundt-oss","status":"publish","type":"page","link":"https:\/\/reklameskolen.devz.no\/barneskole\/reklame-rundt-oss\/","title":{"rendered":"Reklame rundt oss"},"content":{"rendered":"\n<div style=\"height:10px\" aria-hidden=\"true\" class=\"wp-block-spacer\"><\/div>\n\n\n\n<figure class=\"wp-block-image aligncenter size-full\"><img loading=\"lazy\" decoding=\"async\" width=\"1500\" height=\"375\" src=\"https:\/\/reklameskolen.devz.no\/barneskole\/files\/2023\/06\/iStock-653898136.jpg\" alt=\"Fotografi av ei travel g\u00e5gate p\u00e5 dagtid. Butikkene p\u00e5 hver side av gata har reklameskilt og plakater av alle slag.\" class=\"wp-image-4218\" srcset=\"https:\/\/reklameskolen.devz.no\/barneskole\/files\/2023\/06\/iStock-653898136.jpg 1500w, https:\/\/reklameskolen.devz.no\/barneskole\/files\/2023\/06\/iStock-653898136-300x75.jpg 300w, https:\/\/reklameskolen.devz.no\/barneskole\/files\/2023\/06\/iStock-653898136-1024x256.jpg 1024w, https:\/\/reklameskolen.devz.no\/barneskole\/files\/2023\/06\/iStock-653898136-768x192.jpg 768w, https:\/\/reklameskolen.devz.no\/barneskole\/files\/2023\/06\/iStock-653898136-150x38.jpg 150w\" sizes=\"auto, (max-width: 1500px) 100vw, 1500px\" \/><figcaption class=\"wp-element-caption\">Foto: funky-data\/iStock<\/figcaption><\/figure>\n\n\n\n<h1 class=\"wp-block-heading has-text-align-left\">Reklame rundt oss<\/h1>\n\n\n\n<p>Du kan ikke sl\u00e5 av reklamen ved \u00e5 sl\u00e5 av PC-en eller legge bort telefonen. Det er nemlig reklame overalt. P\u00e5 bussen og p\u00e5 kj\u00f8pesenteret, for eksempel. Og p\u00e5 kino og i forn\u00f8yelsesparker er det ofte reklame p\u00e5 alt fra plakater og skjermer til selve billettene.\u202f&nbsp;<\/p>\n\n\n\n<p>Det er lett \u00e5 se at plakaten p\u00e5 veggen er reklame. Men reklame kommer i alle fasonger og former. Noe f\u00e5r du kanskje rett i h\u00e5nda. Uten at du tenker p\u00e5 at det er reklame.&nbsp;&nbsp;<\/p>\n\n\n\n<p>Hvis du er med p\u00e5 en h\u00e5ndballturnering, f\u00e5r du kanskje utdelt en vannflaske eller en t-skjorte. Kanskje du f\u00e5r en medalje ogs\u00e5. Ofte med logoen til en eller annen sponsor. Uten at du m\u00e5 betale for det. Da er det lurt \u00e5 tenke p\u00e5 at det kan v\u00e6re noen andre som har betalt. For \u00e5 p\u00e5virke hva du tenker, f\u00f8ler og gj\u00f8r.\u202f\u202f&nbsp;<\/p>\n\n\n\n<div class=\"wp-block-group alignfull is-layout-flow wp-block-group-is-layout-flow\">\n<div class=\"wp-block-columns is-layout-flex wp-container-core-columns-is-layout-28f84493 wp-block-columns-is-layout-flex\">\n<div class=\"wp-block-column is-layout-flow wp-block-column-is-layout-flow\">\n<div class=\"wp-block-buttons is-content-justification-right is-layout-flex wp-container-core-buttons-is-layout-d445cf74 wp-block-buttons-is-layout-flex\">\n<div class=\"wp-block-button\"><a class=\"wp-block-button__link has-palette-color-8-color has-palette-color-3-background-color has-text-color has-background wp-element-button\" href=\"https:\/\/reklameskolen.devz.no\/barneskole\/reklame-overalt\/\" style=\"padding-top:var(--wp--preset--spacing--40);padding-right:var(--wp--preset--spacing--40);padding-bottom:var(--wp--preset--spacing--40);padding-left:var(--wp--preset--spacing--40)\">Tilbake til &laquo;Reklame overalt&raquo;<\/a><\/div>\n<\/div>\n<\/div>\n\n\n\n<div class=\"wp-block-column is-layout-flow wp-block-column-is-layout-flow\">\n<div class=\"wp-block-buttons is-horizontal is-content-justification-left is-layout-flex wp-container-core-buttons-is-layout-20be11b6 wp-block-buttons-is-layout-flex\">\n<div class=\"wp-block-button\"><a class=\"wp-block-button__link has-palette-color-8-color has-palette-color-3-background-color has-text-color has-background wp-element-button\" href=\"https:\/\/reklameskolen.devz.no\/barneskole\/reklame-rundt-oss\/hvor-finner-du-reklame\/\" style=\"padding-top:var(--wp--preset--spacing--40);padding-right:var(--wp--preset--spacing--40);padding-bottom:var(--wp--preset--spacing--40);padding-left:var(--wp--preset--spacing--40)\">Videre til &laquo;Hvor finner du reklame?&raquo;<\/a><\/div>\n<\/div>\n<\/div>\n<\/div>\n<\/div>\n\n\n\n<div style=\"height:30px\" aria-hidden=\"true\" class=\"wp-block-spacer\"><\/div>\n","protected":false},"excerpt":{"rendered":"<p>Reklame rundt oss Du kan ikke sl\u00e5 av reklamen ved \u00e5 sl\u00e5 av PC-en eller legge bort telefonen. Det er nemlig reklame overalt. P\u00e5 bussen og p\u00e5 kj\u00f8pesenteret, for eksempel. Og p\u00e5 kino og i forn\u00f8yelsesparker er det ofte reklame p\u00e5 alt fra plakater og skjermer til selve billettene.\u202f&nbsp; Det er lett \u00e5 se at [&hellip;]<\/p>\n","protected":false},"author":10,"featured_media":0,"parent":0,"menu_order":16,"comment_status":"closed","ping_status":"closed","template":"","meta":{"_acf_changed":false,"editor_notices":[],"footnotes":""},"class_list":["post-3543","page","type-page","status-publish","hentry"],"blocksy_meta":[],"acf":[],"yoast_head":"<!-- This site is optimized with the Yoast SEO plugin v25.9 - https:\/\/yoast.com\/wordpress\/plugins\/seo\/ -->\n<title>Reklame rundt oss - Barneskole<\/title>\n<meta name=\"robots\" content=\"index, follow, max-snippet:-1, max-image-preview:large, max-video-preview:-1\" \/>\n<link rel=\"canonical\" href=\"https:\/\/reklameskolen.devz.no\/barneskole\/reklame-rundt-oss\/\" \/>\n<meta property=\"og:locale\" content=\"nb_NO\" \/>\n<meta property=\"og:type\" content=\"article\" \/>\n<meta property=\"og:title\" content=\"Reklame rundt oss - Barneskole\" \/>\n<meta property=\"og:description\" content=\"Reklame rundt oss Du kan ikke sl\u00e5 av reklamen ved \u00e5 sl\u00e5 av PC-en eller legge bort telefonen. Det er nemlig reklame overalt. P\u00e5 bussen og p\u00e5 kj\u00f8pesenteret, for eksempel. Og p\u00e5 kino og i forn\u00f8yelsesparker er det ofte reklame p\u00e5 alt fra plakater og skjermer til selve billettene.\u202f&nbsp; Det er lett \u00e5 se at [&hellip;]\" \/>\n<meta property=\"og:url\" content=\"https:\/\/reklameskolen.devz.no\/barneskole\/reklame-rundt-oss\/\" \/>\n<meta property=\"og:site_name\" content=\"Barneskole\" \/>\n<meta property=\"article:modified_time\" content=\"2023-11-27T09:49:47+00:00\" \/>\n<meta property=\"og:image\" content=\"https:\/\/reklameskolen.devz.no\/barneskole\/files\/2023\/06\/iStock-653898136.jpg\" \/>\n\t<meta property=\"og:image:width\" content=\"1500\" \/>\n\t<meta property=\"og:image:height\" content=\"375\" \/>\n\t<meta property=\"og:image:type\" content=\"image\/jpeg\" \/>\n<meta name=\"twitter:card\" content=\"summary_large_image\" \/>\n<meta name=\"twitter:label1\" content=\"Ansl. lesetid\" \/>\n\t<meta name=\"twitter:data1\" content=\"1 minutt\" \/>\n<script type=\"application\/ld+json\" class=\"yoast-schema-graph\">{\"@context\":\"https:\/\/schema.org\",\"@graph\":[{\"@type\":\"WebPage\",\"@id\":\"https:\/\/reklameskolen.devz.no\/barneskole\/reklame-rundt-oss\/\",\"url\":\"https:\/\/reklameskolen.devz.no\/barneskole\/reklame-rundt-oss\/\",\"name\":\"Reklame rundt oss - Barneskole\",\"isPartOf\":{\"@id\":\"https:\/\/reklameskolen.devz.no\/barneskole\/#website\"},\"primaryImageOfPage\":{\"@id\":\"https:\/\/reklameskolen.devz.no\/barneskole\/reklame-rundt-oss\/#primaryimage\"},\"image\":{\"@id\":\"https:\/\/reklameskolen.devz.no\/barneskole\/reklame-rundt-oss\/#primaryimage\"},\"thumbnailUrl\":\"https:\/\/reklameskolen.devz.no\/barneskole\/files\/2023\/06\/iStock-653898136.jpg\",\"datePublished\":\"2023-04-26T16:40:25+00:00\",\"dateModified\":\"2023-11-27T09:49:47+00:00\",\"breadcrumb\":{\"@id\":\"https:\/\/reklameskolen.devz.no\/barneskole\/reklame-rundt-oss\/#breadcrumb\"},\"inLanguage\":\"nb-NO\",\"potentialAction\":[{\"@type\":\"ReadAction\",\"target\":[\"https:\/\/reklameskolen.devz.no\/barneskole\/reklame-rundt-oss\/\"]}]},{\"@type\":\"ImageObject\",\"inLanguage\":\"nb-NO\",\"@id\":\"https:\/\/reklameskolen.devz.no\/barneskole\/reklame-rundt-oss\/#primaryimage\",\"url\":\"https:\/\/reklameskolen.devz.no\/barneskole\/files\/2023\/06\/iStock-653898136.jpg\",\"contentUrl\":\"https:\/\/reklameskolen.devz.no\/barneskole\/files\/2023\/06\/iStock-653898136.jpg\",\"width\":1500,\"height\":375,\"caption\":\"Horizontal color image of typical shopping street in Western Europe\"},{\"@type\":\"BreadcrumbList\",\"@id\":\"https:\/\/reklameskolen.devz.no\/barneskole\/reklame-rundt-oss\/#breadcrumb\",\"itemListElement\":[{\"@type\":\"ListItem\",\"position\":1,\"name\":\"Home\",\"item\":\"https:\/\/reklameskolen.devz.no\/barneskole\/\"},{\"@type\":\"ListItem\",\"position\":2,\"name\":\"Reklame rundt oss\"}]},{\"@type\":\"WebSite\",\"@id\":\"https:\/\/reklameskolen.devz.no\/barneskole\/#website\",\"url\":\"https:\/\/reklameskolen.devz.no\/barneskole\/\",\"name\":\"Barneskole\",\"description\":\"Oppl\u00e6ringsverkt\u00f8y om reklame\",\"publisher\":{\"@id\":\"https:\/\/reklameskolen.devz.no\/barneskole\/#organization\"},\"potentialAction\":[{\"@type\":\"SearchAction\",\"target\":{\"@type\":\"EntryPoint\",\"urlTemplate\":\"https:\/\/reklameskolen.devz.no\/barneskole\/?s={search_term_string}\"},\"query-input\":{\"@type\":\"PropertyValueSpecification\",\"valueRequired\":true,\"valueName\":\"search_term_string\"}}],\"inLanguage\":\"nb-NO\"},{\"@type\":\"Organization\",\"@id\":\"https:\/\/reklameskolen.devz.no\/barneskole\/#organization\",\"name\":\"Barneskole\",\"url\":\"https:\/\/reklameskolen.devz.no\/barneskole\/\",\"logo\":{\"@type\":\"ImageObject\",\"inLanguage\":\"nb-NO\",\"@id\":\"https:\/\/reklameskolen.devz.no\/barneskole\/#\/schema\/logo\/image\/\",\"url\":\"https:\/\/reklameskolen.devz.no\/barneskole\/files\/2023\/08\/Reklameskolen-Logo-01.png\",\"contentUrl\":\"https:\/\/reklameskolen.devz.no\/barneskole\/files\/2023\/08\/Reklameskolen-Logo-01.png\",\"width\":2571,\"height\":950,\"caption\":\"Barneskole\"},\"image\":{\"@id\":\"https:\/\/reklameskolen.devz.no\/barneskole\/#\/schema\/logo\/image\/\"}}]}<\/script>\n<!-- \/ Yoast SEO plugin. -->","yoast_head_json":{"title":"Reklame rundt oss - Barneskole","robots":{"index":"index","follow":"follow","max-snippet":"max-snippet:-1","max-image-preview":"max-image-preview:large","max-video-preview":"max-video-preview:-1"},"canonical":"https:\/\/reklameskolen.devz.no\/barneskole\/reklame-rundt-oss\/","og_locale":"nb_NO","og_type":"article","og_title":"Reklame rundt oss - Barneskole","og_description":"Reklame rundt oss Du kan ikke sl\u00e5 av reklamen ved \u00e5 sl\u00e5 av PC-en eller legge bort telefonen. Det er nemlig reklame overalt. P\u00e5 bussen og p\u00e5 kj\u00f8pesenteret, for eksempel. Og p\u00e5 kino og i forn\u00f8yelsesparker er det ofte reklame p\u00e5 alt fra plakater og skjermer til selve billettene.\u202f&nbsp; Det er lett \u00e5 se at [&hellip;]","og_url":"https:\/\/reklameskolen.devz.no\/barneskole\/reklame-rundt-oss\/","og_site_name":"Barneskole","article_modified_time":"2023-11-27T09:49:47+00:00","og_image":[{"width":1500,"height":375,"url":"https:\/\/reklameskolen.devz.no\/barneskole\/files\/2023\/06\/iStock-653898136.jpg","type":"image\/jpeg"}],"twitter_card":"summary_large_image","twitter_misc":{"Ansl. lesetid":"1 minutt"},"schema":{"@context":"https:\/\/schema.org","@graph":[{"@type":"WebPage","@id":"https:\/\/reklameskolen.devz.no\/barneskole\/reklame-rundt-oss\/","url":"https:\/\/reklameskolen.devz.no\/barneskole\/reklame-rundt-oss\/","name":"Reklame rundt oss - Barneskole","isPartOf":{"@id":"https:\/\/reklameskolen.devz.no\/barneskole\/#website"},"primaryImageOfPage":{"@id":"https:\/\/reklameskolen.devz.no\/barneskole\/reklame-rundt-oss\/#primaryimage"},"image":{"@id":"https:\/\/reklameskolen.devz.no\/barneskole\/reklame-rundt-oss\/#primaryimage"},"thumbnailUrl":"https:\/\/reklameskolen.devz.no\/barneskole\/files\/2023\/06\/iStock-653898136.jpg","datePublished":"2023-04-26T16:40:25+00:00","dateModified":"2023-11-27T09:49:47+00:00","breadcrumb":{"@id":"https:\/\/reklameskolen.devz.no\/barneskole\/reklame-rundt-oss\/#breadcrumb"},"inLanguage":"nb-NO","potentialAction":[{"@type":"ReadAction","target":["https:\/\/reklameskolen.devz.no\/barneskole\/reklame-rundt-oss\/"]}]},{"@type":"ImageObject","inLanguage":"nb-NO","@id":"https:\/\/reklameskolen.devz.no\/barneskole\/reklame-rundt-oss\/#primaryimage","url":"https:\/\/reklameskolen.devz.no\/barneskole\/files\/2023\/06\/iStock-653898136.jpg","contentUrl":"https:\/\/reklameskolen.devz.no\/barneskole\/files\/2023\/06\/iStock-653898136.jpg","width":1500,"height":375,"caption":"Horizontal color image of typical shopping street in Western Europe"},{"@type":"BreadcrumbList","@id":"https:\/\/reklameskolen.devz.no\/barneskole\/reklame-rundt-oss\/#breadcrumb","itemListElement":[{"@type":"ListItem","position":1,"name":"Home","item":"https:\/\/reklameskolen.devz.no\/barneskole\/"},{"@type":"ListItem","position":2,"name":"Reklame rundt oss"}]},{"@type":"WebSite","@id":"https:\/\/reklameskolen.devz.no\/barneskole\/#website","url":"https:\/\/reklameskolen.devz.no\/barneskole\/","name":"Barneskole","description":"Oppl\u00e6ringsverkt\u00f8y om reklame","publisher":{"@id":"https:\/\/reklameskolen.devz.no\/barneskole\/#organization"},"potentialAction":[{"@type":"SearchAction","target":{"@type":"EntryPoint","urlTemplate":"https:\/\/reklameskolen.devz.no\/barneskole\/?s={search_term_string}"},"query-input":{"@type":"PropertyValueSpecification","valueRequired":true,"valueName":"search_term_string"}}],"inLanguage":"nb-NO"},{"@type":"Organization","@id":"https:\/\/reklameskolen.devz.no\/barneskole\/#organization","name":"Barneskole","url":"https:\/\/reklameskolen.devz.no\/barneskole\/","logo":{"@type":"ImageObject","inLanguage":"nb-NO","@id":"https:\/\/reklameskolen.devz.no\/barneskole\/#\/schema\/logo\/image\/","url":"https:\/\/reklameskolen.devz.no\/barneskole\/files\/2023\/08\/Reklameskolen-Logo-01.png","contentUrl":"https:\/\/reklameskolen.devz.no\/barneskole\/files\/2023\/08\/Reklameskolen-Logo-01.png","width":2571,"height":950,"caption":"Barneskole"},"image":{"@id":"https:\/\/reklameskolen.devz.no\/barneskole\/#\/schema\/logo\/image\/"}}]}},"_links":{"self":[{"href":"https:\/\/reklameskolen.devz.no\/barneskole\/wp-json\/wp\/v2\/pages\/3543","targetHints":{"allow":["GET"]}}],"collection":[{"href":"https:\/\/reklameskolen.devz.no\/barneskole\/wp-json\/wp\/v2\/pages"}],"about":[{"href":"https:\/\/reklameskolen.devz.no\/barneskole\/wp-json\/wp\/v2\/types\/page"}],"author":[{"embeddable":true,"href":"https:\/\/reklameskolen.devz.no\/barneskole\/wp-json\/wp\/v2\/users\/10"}],"replies":[{"embeddable":true,"href":"https:\/\/reklameskolen.devz.no\/barneskole\/wp-json\/wp\/v2\/comments?post=3543"}],"version-history":[{"count":13,"href":"https:\/\/reklameskolen.devz.no\/barneskole\/wp-json\/wp\/v2\/pages\/3543\/revisions"}],"predecessor-version":[{"id":4892,"href":"https:\/\/reklameskolen.devz.no\/barneskole\/wp-json\/wp\/v2\/pages\/3543\/revisions\/4892"}],"wp:attachment":[{"href":"https:\/\/reklameskolen.devz.no\/barneskole\/wp-json\/wp\/v2\/media?parent=3543"}],"curies":[{"name":"wp","href":"https:\/\/api.w.org\/{rel}","templated":true}]}}