{"id":3547,"date":"2023-04-26T18:42:14","date_gmt":"2023-04-26T16:42:14","guid":{"rendered":"https:\/\/reklameskolen.devz.no\/barneskole\/?page_id=3547"},"modified":"2025-04-30T15:16:49","modified_gmt":"2025-04-30T13:16:49","slug":"reklame-i-alle-kanaler","status":"publish","type":"page","link":"https:\/\/reklameskolen.devz.no\/barneskole\/reklame-i-alle-kanaler\/","title":{"rendered":"Reklame i alle kanaler"},"content":{"rendered":"\n<div style=\"height:10px\" aria-hidden=\"true\" class=\"wp-block-spacer\"><\/div>\n\n\n\n<figure class=\"wp-block-image aligncenter size-full\"><img loading=\"lazy\" decoding=\"async\" width=\"1800\" height=\"450\" src=\"https:\/\/reklameskolen.devz.no\/barneskole\/files\/2023\/06\/iStock-1412872705-1.jpg\" alt=\"Fotografi som viser interi\u00f8ret i en stue. I forgrunnen skimtes ryggen p\u00e5 en sofa. I bakgrunnen kan vi se en stor  TV-skjerm med mange apper.\" class=\"wp-image-4295\" srcset=\"https:\/\/reklameskolen.devz.no\/barneskole\/files\/2023\/06\/iStock-1412872705-1.jpg 1800w, https:\/\/reklameskolen.devz.no\/barneskole\/files\/2023\/06\/iStock-1412872705-1-300x75.jpg 300w, https:\/\/reklameskolen.devz.no\/barneskole\/files\/2023\/06\/iStock-1412872705-1-1024x256.jpg 1024w, https:\/\/reklameskolen.devz.no\/barneskole\/files\/2023\/06\/iStock-1412872705-1-768x192.jpg 768w, https:\/\/reklameskolen.devz.no\/barneskole\/files\/2023\/06\/iStock-1412872705-1-1536x384.jpg 1536w, https:\/\/reklameskolen.devz.no\/barneskole\/files\/2023\/06\/iStock-1412872705-1-150x38.jpg 150w\" sizes=\"auto, (max-width: 1800px) 100vw, 1800px\" \/><figcaption class=\"wp-element-caption\">Foto: demaerre\/iStock<\/figcaption><\/figure>\n\n\n\n<h1 class=\"wp-block-heading has-text-align-left\">Reklame i alle kanaler<\/h1>\n\n\n\n<div class=\"wp-block-columns is-layout-flex wp-container-core-columns-is-layout-28f84493 wp-block-columns-is-layout-flex\">\n<div class=\"wp-block-column is-layout-flow wp-block-column-is-layout-flow\" style=\"flex-basis:67%\">\n<p>Nesten helt siden de f\u00f8rste avisene ble trykket, har det v\u00e6rt reklame i mediene. I dag er det, blant annet reklame p\u00e5 TV, i blader, p\u00e5 YouTube og i andre str\u00f8mmetjenester. Det er rett og slett reklame i alle kanaler!\u202f&nbsp;<\/p>\n\n\n\n<p>I alle medier skal det v\u00e6re tydelig hva som er reklame og hva som er annet innhold. I Norge st\u00e5r det i loven at reklame skal lages slik at det er lett \u00e5 se at det er nettopp reklame. Skjult reklame er ikke lov \u2013 verken i sosiale medier eller p\u00e5 TV.\u202f&nbsp;<\/p>\n\n\n\n<h2 class=\"wp-block-heading\">Plasserte produkter<\/h2>\n\n\n\n<p>I mange str\u00f8mmetjenester m\u00e5 du ofte se reklame f\u00f8r du f\u00e5r spille av videoene du vil se. Av og til kan du hoppe over reklamen etter noen sekunder. Men det er ikke all reklame det g\u00e5r an \u00e5 hoppe over.\u202f\u00a0<\/p>\n\n\n\n<p>Mange annons\u00f8rer betaler for \u00e5 vise fram produktene sine inne i selve videoene. Dette kaller vi produktplassering. I Norge m\u00e5 produktplassering merkes med et eget merke. Det er ikke lov med produktplassering i barneprogrammer.\u202f&nbsp;<\/p>\n<\/div>\n\n\n\n<div class=\"wp-block-column is-layout-flow wp-block-column-is-layout-flow\" style=\"flex-basis:33.33%\">\n<div class=\"wp-block-group is-style-fact-box is-layout-flow wp-block-group-is-layout-flow\">\n<h2 class=\"wp-block-heading has-palette-color-8-color has-text-color\">Definisjon<\/h2>\n\n\n\n<ul class=\"wp-block-list\">\n<li><strong>Str\u00f8mmetjeneste:<\/strong> En app eller et nettsted hvor du kan se videoer eller spille musikk.&nbsp;<\/li>\n\n\n\n<li><strong>Produktplassering:<\/strong> N\u00e5r et firma betaler for \u00e5 f\u00e5 vist fram produkter eller logo som en del av selve handlingen i et TV-program, en film eller en video.&nbsp;<\/li>\n<\/ul>\n<\/div>\n\n\n\n<div style=\"height:50px\" aria-hidden=\"true\" class=\"wp-block-spacer\"><\/div>\n\n\n\n<figure class=\"wp-block-image size-full\"><img loading=\"lazy\" decoding=\"async\" width=\"880\" height=\"303\" src=\"https:\/\/reklameskolen.devz.no\/barneskole\/files\/2023\/05\/P-Plassering-Sort_stor.jpg\" alt=\"Illustrasjon av en svart &quot;P&quot; p\u00e5 hvit bakgrunn, med en svart ramme rundt. Dette merket viser at en video eller et program inneholder produktplassering.\" class=\"wp-image-4027\" srcset=\"https:\/\/reklameskolen.devz.no\/barneskole\/files\/2023\/05\/P-Plassering-Sort_stor.jpg 880w, https:\/\/reklameskolen.devz.no\/barneskole\/files\/2023\/05\/P-Plassering-Sort_stor-300x103.jpg 300w, https:\/\/reklameskolen.devz.no\/barneskole\/files\/2023\/05\/P-Plassering-Sort_stor-768x264.jpg 768w, https:\/\/reklameskolen.devz.no\/barneskole\/files\/2023\/05\/P-Plassering-Sort_stor-150x52.jpg 150w\" sizes=\"auto, (max-width: 880px) 100vw, 880px\" \/><figcaption class=\"wp-element-caption\">Dette merket viser at et program eller en video inneholder produktplassering.<\/figcaption><\/figure>\n\n\n\n<div style=\"height:50px\" aria-hidden=\"true\" class=\"wp-block-spacer\"><\/div>\n<\/div>\n<\/div>\n\n\n\n<div class=\"wp-block-group alignfull is-layout-flow wp-block-group-is-layout-flow\">\n<div class=\"wp-block-columns is-layout-flex wp-container-core-columns-is-layout-28f84493 wp-block-columns-is-layout-flex\">\n<div class=\"wp-block-column is-layout-flow wp-block-column-is-layout-flow\">\n<div class=\"wp-block-buttons is-content-justification-right is-layout-flex wp-container-core-buttons-is-layout-d445cf74 wp-block-buttons-is-layout-flex\">\n<div class=\"wp-block-button\"><a class=\"wp-block-button__link has-palette-color-8-color has-palette-color-3-background-color has-text-color has-background wp-element-button\" href=\"https:\/\/reklameskolen.devz.no\/barneskole\/reklame-overalt\/\" style=\"padding-top:var(--wp--preset--spacing--40);padding-right:var(--wp--preset--spacing--40);padding-bottom:var(--wp--preset--spacing--40);padding-left:var(--wp--preset--spacing--40)\">Tilbake til &laquo;Reklame overalt&raquo;<\/a><\/div>\n<\/div>\n<\/div>\n\n\n\n<div class=\"wp-block-column is-layout-flow wp-block-column-is-layout-flow\">\n<div class=\"wp-block-buttons is-horizontal is-content-justification-left is-layout-flex wp-container-core-buttons-is-layout-20be11b6 wp-block-buttons-is-layout-flex\">\n<div class=\"wp-block-button\"><a class=\"wp-block-button__link has-palette-color-8-color has-palette-color-3-background-color has-text-color has-background wp-element-button\" href=\"https:\/\/reklameskolen.devz.no\/barneskole\/reklame-i-alle-kanaler\/finner-du-produktplasseringen\/\" style=\"padding-top:var(--wp--preset--spacing--40);padding-right:var(--wp--preset--spacing--40);padding-bottom:var(--wp--preset--spacing--40);padding-left:var(--wp--preset--spacing--40)\">Videre til &laquo;Finner du produktplasseringen?&raquo;<\/a><\/div>\n<\/div>\n<\/div>\n<\/div>\n<\/div>\n\n\n\n<div style=\"height:30px\" aria-hidden=\"true\" class=\"wp-block-spacer\"><\/div>\n","protected":false},"excerpt":{"rendered":"<p>Reklame i alle kanaler Nesten helt siden de f\u00f8rste avisene ble trykket, har det v\u00e6rt reklame i mediene. I dag er det, blant annet reklame p\u00e5 TV, i blader, p\u00e5 YouTube og i andre str\u00f8mmetjenester. Det er rett og slett reklame i alle kanaler!\u202f&nbsp; I alle medier skal det v\u00e6re tydelig hva som er reklame [&hellip;]<\/p>\n","protected":false},"author":10,"featured_media":0,"parent":0,"menu_order":17,"comment_status":"closed","ping_status":"closed","template":"","meta":{"_acf_changed":false,"editor_notices":[],"footnotes":""},"class_list":["post-3547","page","type-page","status-publish","hentry"],"blocksy_meta":[],"acf":[],"yoast_head":"<!-- This site is optimized with the Yoast SEO plugin v25.9 - https:\/\/yoast.com\/wordpress\/plugins\/seo\/ -->\n<title>Reklame i alle kanaler - Barneskole<\/title>\n<meta name=\"robots\" content=\"index, follow, max-snippet:-1, max-image-preview:large, max-video-preview:-1\" \/>\n<link rel=\"canonical\" href=\"https:\/\/reklameskolen.devz.no\/barneskole\/reklame-i-alle-kanaler\/\" \/>\n<meta property=\"og:locale\" content=\"nb_NO\" \/>\n<meta property=\"og:type\" content=\"article\" \/>\n<meta property=\"og:title\" content=\"Reklame i alle kanaler - Barneskole\" \/>\n<meta property=\"og:description\" content=\"Reklame i alle kanaler Nesten helt siden de f\u00f8rste avisene ble trykket, har det v\u00e6rt reklame i mediene. I dag er det, blant annet reklame p\u00e5 TV, i blader, p\u00e5 YouTube og i andre str\u00f8mmetjenester. Det er rett og slett reklame i alle kanaler!\u202f&nbsp; I alle medier skal det v\u00e6re tydelig hva som er reklame [&hellip;]\" \/>\n<meta property=\"og:url\" content=\"https:\/\/reklameskolen.devz.no\/barneskole\/reklame-i-alle-kanaler\/\" \/>\n<meta property=\"og:site_name\" content=\"Barneskole\" \/>\n<meta property=\"article:modified_time\" content=\"2025-04-30T13:16:49+00:00\" \/>\n<meta property=\"og:image\" content=\"https:\/\/reklameskolen.devz.no\/barneskole\/files\/2023\/06\/iStock-1412872705-1.jpg\" \/>\n\t<meta property=\"og:image:width\" content=\"1800\" \/>\n\t<meta property=\"og:image:height\" content=\"450\" \/>\n\t<meta property=\"og:image:type\" content=\"image\/jpeg\" \/>\n<meta name=\"twitter:card\" content=\"summary_large_image\" \/>\n<meta name=\"twitter:label1\" content=\"Ansl. lesetid\" \/>\n\t<meta name=\"twitter:data1\" content=\"2 minutter\" \/>\n<script type=\"application\/ld+json\" class=\"yoast-schema-graph\">{\"@context\":\"https:\/\/schema.org\",\"@graph\":[{\"@type\":\"WebPage\",\"@id\":\"https:\/\/reklameskolen.devz.no\/barneskole\/reklame-i-alle-kanaler\/\",\"url\":\"https:\/\/reklameskolen.devz.no\/barneskole\/reklame-i-alle-kanaler\/\",\"name\":\"Reklame i alle kanaler - Barneskole\",\"isPartOf\":{\"@id\":\"https:\/\/reklameskolen.devz.no\/barneskole\/#website\"},\"primaryImageOfPage\":{\"@id\":\"https:\/\/reklameskolen.devz.no\/barneskole\/reklame-i-alle-kanaler\/#primaryimage\"},\"image\":{\"@id\":\"https:\/\/reklameskolen.devz.no\/barneskole\/reklame-i-alle-kanaler\/#primaryimage\"},\"thumbnailUrl\":\"https:\/\/reklameskolen.devz.no\/barneskole\/files\/2023\/06\/iStock-1412872705-1.jpg\",\"datePublished\":\"2023-04-26T16:42:14+00:00\",\"dateModified\":\"2025-04-30T13:16:49+00:00\",\"breadcrumb\":{\"@id\":\"https:\/\/reklameskolen.devz.no\/barneskole\/reklame-i-alle-kanaler\/#breadcrumb\"},\"inLanguage\":\"nb-NO\",\"potentialAction\":[{\"@type\":\"ReadAction\",\"target\":[\"https:\/\/reklameskolen.devz.no\/barneskole\/reklame-i-alle-kanaler\/\"]}]},{\"@type\":\"ImageObject\",\"inLanguage\":\"nb-NO\",\"@id\":\"https:\/\/reklameskolen.devz.no\/barneskole\/reklame-i-alle-kanaler\/#primaryimage\",\"url\":\"https:\/\/reklameskolen.devz.no\/barneskole\/files\/2023\/06\/iStock-1412872705-1.jpg\",\"contentUrl\":\"https:\/\/reklameskolen.devz.no\/barneskole\/files\/2023\/06\/iStock-1412872705-1.jpg\",\"width\":1800,\"height\":450,\"caption\":\"Video on demand menu on a smart TV screen, entertainment and movies concept\"},{\"@type\":\"BreadcrumbList\",\"@id\":\"https:\/\/reklameskolen.devz.no\/barneskole\/reklame-i-alle-kanaler\/#breadcrumb\",\"itemListElement\":[{\"@type\":\"ListItem\",\"position\":1,\"name\":\"Home\",\"item\":\"https:\/\/reklameskolen.devz.no\/barneskole\/\"},{\"@type\":\"ListItem\",\"position\":2,\"name\":\"Reklame i alle kanaler\"}]},{\"@type\":\"WebSite\",\"@id\":\"https:\/\/reklameskolen.devz.no\/barneskole\/#website\",\"url\":\"https:\/\/reklameskolen.devz.no\/barneskole\/\",\"name\":\"Barneskole\",\"description\":\"Oppl\u00e6ringsverkt\u00f8y om reklame\",\"publisher\":{\"@id\":\"https:\/\/reklameskolen.devz.no\/barneskole\/#organization\"},\"potentialAction\":[{\"@type\":\"SearchAction\",\"target\":{\"@type\":\"EntryPoint\",\"urlTemplate\":\"https:\/\/reklameskolen.devz.no\/barneskole\/?s={search_term_string}\"},\"query-input\":{\"@type\":\"PropertyValueSpecification\",\"valueRequired\":true,\"valueName\":\"search_term_string\"}}],\"inLanguage\":\"nb-NO\"},{\"@type\":\"Organization\",\"@id\":\"https:\/\/reklameskolen.devz.no\/barneskole\/#organization\",\"name\":\"Barneskole\",\"url\":\"https:\/\/reklameskolen.devz.no\/barneskole\/\",\"logo\":{\"@type\":\"ImageObject\",\"inLanguage\":\"nb-NO\",\"@id\":\"https:\/\/reklameskolen.devz.no\/barneskole\/#\/schema\/logo\/image\/\",\"url\":\"https:\/\/reklameskolen.devz.no\/barneskole\/files\/2023\/08\/Reklameskolen-Logo-01.png\",\"contentUrl\":\"https:\/\/reklameskolen.devz.no\/barneskole\/files\/2023\/08\/Reklameskolen-Logo-01.png\",\"width\":2571,\"height\":950,\"caption\":\"Barneskole\"},\"image\":{\"@id\":\"https:\/\/reklameskolen.devz.no\/barneskole\/#\/schema\/logo\/image\/\"}}]}<\/script>\n<!-- \/ Yoast SEO plugin. -->","yoast_head_json":{"title":"Reklame i alle kanaler - Barneskole","robots":{"index":"index","follow":"follow","max-snippet":"max-snippet:-1","max-image-preview":"max-image-preview:large","max-video-preview":"max-video-preview:-1"},"canonical":"https:\/\/reklameskolen.devz.no\/barneskole\/reklame-i-alle-kanaler\/","og_locale":"nb_NO","og_type":"article","og_title":"Reklame i alle kanaler - Barneskole","og_description":"Reklame i alle kanaler Nesten helt siden de f\u00f8rste avisene ble trykket, har det v\u00e6rt reklame i mediene. I dag er det, blant annet reklame p\u00e5 TV, i blader, p\u00e5 YouTube og i andre str\u00f8mmetjenester. Det er rett og slett reklame i alle kanaler!\u202f&nbsp; I alle medier skal det v\u00e6re tydelig hva som er reklame [&hellip;]","og_url":"https:\/\/reklameskolen.devz.no\/barneskole\/reklame-i-alle-kanaler\/","og_site_name":"Barneskole","article_modified_time":"2025-04-30T13:16:49+00:00","og_image":[{"width":1800,"height":450,"url":"https:\/\/reklameskolen.devz.no\/barneskole\/files\/2023\/06\/iStock-1412872705-1.jpg","type":"image\/jpeg"}],"twitter_card":"summary_large_image","twitter_misc":{"Ansl. lesetid":"2 minutter"},"schema":{"@context":"https:\/\/schema.org","@graph":[{"@type":"WebPage","@id":"https:\/\/reklameskolen.devz.no\/barneskole\/reklame-i-alle-kanaler\/","url":"https:\/\/reklameskolen.devz.no\/barneskole\/reklame-i-alle-kanaler\/","name":"Reklame i alle kanaler - Barneskole","isPartOf":{"@id":"https:\/\/reklameskolen.devz.no\/barneskole\/#website"},"primaryImageOfPage":{"@id":"https:\/\/reklameskolen.devz.no\/barneskole\/reklame-i-alle-kanaler\/#primaryimage"},"image":{"@id":"https:\/\/reklameskolen.devz.no\/barneskole\/reklame-i-alle-kanaler\/#primaryimage"},"thumbnailUrl":"https:\/\/reklameskolen.devz.no\/barneskole\/files\/2023\/06\/iStock-1412872705-1.jpg","datePublished":"2023-04-26T16:42:14+00:00","dateModified":"2025-04-30T13:16:49+00:00","breadcrumb":{"@id":"https:\/\/reklameskolen.devz.no\/barneskole\/reklame-i-alle-kanaler\/#breadcrumb"},"inLanguage":"nb-NO","potentialAction":[{"@type":"ReadAction","target":["https:\/\/reklameskolen.devz.no\/barneskole\/reklame-i-alle-kanaler\/"]}]},{"@type":"ImageObject","inLanguage":"nb-NO","@id":"https:\/\/reklameskolen.devz.no\/barneskole\/reklame-i-alle-kanaler\/#primaryimage","url":"https:\/\/reklameskolen.devz.no\/barneskole\/files\/2023\/06\/iStock-1412872705-1.jpg","contentUrl":"https:\/\/reklameskolen.devz.no\/barneskole\/files\/2023\/06\/iStock-1412872705-1.jpg","width":1800,"height":450,"caption":"Video on demand menu on a smart TV screen, entertainment and movies concept"},{"@type":"BreadcrumbList","@id":"https:\/\/reklameskolen.devz.no\/barneskole\/reklame-i-alle-kanaler\/#breadcrumb","itemListElement":[{"@type":"ListItem","position":1,"name":"Home","item":"https:\/\/reklameskolen.devz.no\/barneskole\/"},{"@type":"ListItem","position":2,"name":"Reklame i alle kanaler"}]},{"@type":"WebSite","@id":"https:\/\/reklameskolen.devz.no\/barneskole\/#website","url":"https:\/\/reklameskolen.devz.no\/barneskole\/","name":"Barneskole","description":"Oppl\u00e6ringsverkt\u00f8y om reklame","publisher":{"@id":"https:\/\/reklameskolen.devz.no\/barneskole\/#organization"},"potentialAction":[{"@type":"SearchAction","target":{"@type":"EntryPoint","urlTemplate":"https:\/\/reklameskolen.devz.no\/barneskole\/?s={search_term_string}"},"query-input":{"@type":"PropertyValueSpecification","valueRequired":true,"valueName":"search_term_string"}}],"inLanguage":"nb-NO"},{"@type":"Organization","@id":"https:\/\/reklameskolen.devz.no\/barneskole\/#organization","name":"Barneskole","url":"https:\/\/reklameskolen.devz.no\/barneskole\/","logo":{"@type":"ImageObject","inLanguage":"nb-NO","@id":"https:\/\/reklameskolen.devz.no\/barneskole\/#\/schema\/logo\/image\/","url":"https:\/\/reklameskolen.devz.no\/barneskole\/files\/2023\/08\/Reklameskolen-Logo-01.png","contentUrl":"https:\/\/reklameskolen.devz.no\/barneskole\/files\/2023\/08\/Reklameskolen-Logo-01.png","width":2571,"height":950,"caption":"Barneskole"},"image":{"@id":"https:\/\/reklameskolen.devz.no\/barneskole\/#\/schema\/logo\/image\/"}}]}},"_links":{"self":[{"href":"https:\/\/reklameskolen.devz.no\/barneskole\/wp-json\/wp\/v2\/pages\/3547","targetHints":{"allow":["GET"]}}],"collection":[{"href":"https:\/\/reklameskolen.devz.no\/barneskole\/wp-json\/wp\/v2\/pages"}],"about":[{"href":"https:\/\/reklameskolen.devz.no\/barneskole\/wp-json\/wp\/v2\/types\/page"}],"author":[{"embeddable":true,"href":"https:\/\/reklameskolen.devz.no\/barneskole\/wp-json\/wp\/v2\/users\/10"}],"replies":[{"embeddable":true,"href":"https:\/\/reklameskolen.devz.no\/barneskole\/wp-json\/wp\/v2\/comments?post=3547"}],"version-history":[{"count":20,"href":"https:\/\/reklameskolen.devz.no\/barneskole\/wp-json\/wp\/v2\/pages\/3547\/revisions"}],"predecessor-version":[{"id":5152,"href":"https:\/\/reklameskolen.devz.no\/barneskole\/wp-json\/wp\/v2\/pages\/3547\/revisions\/5152"}],"wp:attachment":[{"href":"https:\/\/reklameskolen.devz.no\/barneskole\/wp-json\/wp\/v2\/media?parent=3547"}],"curies":[{"name":"wp","href":"https:\/\/api.w.org\/{rel}","templated":true}]}}