{"id":3553,"date":"2023-04-26T18:45:29","date_gmt":"2023-04-26T16:45:29","guid":{"rendered":"https:\/\/reklameskolen.devz.no\/barneskole\/?page_id=3553"},"modified":"2023-12-15T13:59:19","modified_gmt":"2023-12-15T12:59:19","slug":"reklame-i-butikken","status":"publish","type":"page","link":"https:\/\/reklameskolen.devz.no\/barneskole\/reklame-i-butikken\/","title":{"rendered":"Reklame i butikken"},"content":{"rendered":"\n<div style=\"height:10px\" aria-hidden=\"true\" class=\"wp-block-spacer\"><\/div>\n\n\n\n<figure class=\"wp-block-image aligncenter size-full\"><img loading=\"lazy\" decoding=\"async\" width=\"1495\" height=\"374\" src=\"https:\/\/reklameskolen.devz.no\/barneskole\/files\/2023\/06\/iStock-1337275668.jpg\" alt=\"Illustrasjon av en stor haug med r\u00f8de snakkebobler. Alle snakkeboblene inneholder tekster som signaliserer rabatt, for eksempel &quot;-20%&quot; og &quot;-60%&quot;.\" class=\"wp-image-4210\" srcset=\"https:\/\/reklameskolen.devz.no\/barneskole\/files\/2023\/06\/iStock-1337275668.jpg 1495w, https:\/\/reklameskolen.devz.no\/barneskole\/files\/2023\/06\/iStock-1337275668-300x75.jpg 300w, https:\/\/reklameskolen.devz.no\/barneskole\/files\/2023\/06\/iStock-1337275668-1024x256.jpg 1024w, https:\/\/reklameskolen.devz.no\/barneskole\/files\/2023\/06\/iStock-1337275668-768x192.jpg 768w, https:\/\/reklameskolen.devz.no\/barneskole\/files\/2023\/06\/iStock-1337275668-150x38.jpg 150w\" sizes=\"auto, (max-width: 1495px) 100vw, 1495px\" \/><figcaption class=\"wp-element-caption\">Illustrastjon: Akinbostanci\/iStock<\/figcaption><\/figure>\n\n\n\n<h1 class=\"wp-block-heading\">Reklame i butikken<\/h1>\n\n\n\n<p><strong>\u00ab3 for 2\u00bb. \u00abOpptil 70% rabatt\u00bb. \u00abSalg!\u00bb. \u00abBlack Friday\u00bb. \u00abTilbud!\u00bb<\/strong>&nbsp;<\/p>\n\n\n\n<p>Mange butikker og nettsider reklamerer med salg eller tilbud. Store plakater i sterke farger annonserer for eksempel <strong>\u00ab<\/strong>3 for 2<strong>\u00bb<\/strong> eller <strong>\u00ab<\/strong>70% rabatt<strong>\u00bb<\/strong>&nbsp;&nbsp;<\/p>\n\n\n\n<p>Butikkene bruker mange forskjellige virkemidler for \u00e5 f\u00e5 deg til \u00e5 handle fort. I nettbutikkene kan det for eksempel v\u00e6re en klokke som teller ned mot at tilbudet tar slutt. Du kan f\u00e5 beskjed om at det er f\u00e5 varer igjen, og at det er mange som ser p\u00e5 denne varen akkurat n\u00e5. Rabattkoder og kuponger kan gi inntrykk av at du er spesielt heldig som f\u00e5r dette tilbudet.&nbsp;&nbsp;<\/p>\n\n\n\n<p>Det er lett \u00e5 la seg rive med av slike tilbud. Derfor er det strenge regler for hvordan butikkene kan reklamere for salg. De m\u00e5 blant annet skrive prisen b\u00e5de f\u00f8r og etter rabatten. Og f\u00f8rprisen m\u00e5 v\u00e6re den laveste prisen varen har hatt de siste 30 dagene f\u00f8r salget startet.\u202f<\/p>\n\n\n\n<p>Likevel er det lurt \u00e5 v\u00e6re skeptisk til gode tilbud. Det kan for eksempel v\u00e6re smart \u00e5 sjekke om varen er billigere et annet sted. For det er ikke alt som er p\u00e5 salg som er billig!&nbsp;<\/p>\n\n\n\n<div class=\"wp-block-group alignfull is-layout-flow wp-block-group-is-layout-flow\">\n<div class=\"wp-block-columns is-layout-flex wp-container-core-columns-is-layout-28f84493 wp-block-columns-is-layout-flex\">\n<div class=\"wp-block-column is-layout-flow wp-block-column-is-layout-flow\">\n<div class=\"wp-block-buttons is-content-justification-right is-layout-flex wp-container-core-buttons-is-layout-d445cf74 wp-block-buttons-is-layout-flex\">\n<div class=\"wp-block-button\"><a class=\"wp-block-button__link has-palette-color-8-color has-palette-color-3-background-color has-text-color has-background wp-element-button\" href=\"https:\/\/reklameskolen.devz.no\/barneskole\/reklame-overalt\/\" style=\"padding-top:var(--wp--preset--spacing--40);padding-right:var(--wp--preset--spacing--40);padding-bottom:var(--wp--preset--spacing--40);padding-left:var(--wp--preset--spacing--40)\">Tilbake til &laquo;Reklame overalt&raquo;<\/a><\/div>\n<\/div>\n<\/div>\n\n\n\n<div class=\"wp-block-column is-layout-flow wp-block-column-is-layout-flow\">\n<div class=\"wp-block-buttons is-horizontal is-content-justification-left is-layout-flex wp-container-core-buttons-is-layout-20be11b6 wp-block-buttons-is-layout-flex\">\n<div class=\"wp-block-button\"><a class=\"wp-block-button__link has-palette-color-8-color has-palette-color-3-background-color has-text-color has-background wp-element-button\" href=\"https:\/\/reklameskolen.devz.no\/barneskole\/reklame-i-butikken\/virkemidler-i-butikken\/\" style=\"padding-top:var(--wp--preset--spacing--40);padding-right:var(--wp--preset--spacing--40);padding-bottom:var(--wp--preset--spacing--40);padding-left:var(--wp--preset--spacing--40)\">Videre til &laquo;Virkemidler i butikken&raquo;<\/a><\/div>\n<\/div>\n<\/div>\n<\/div>\n<\/div>\n\n\n\n<div style=\"height:30px\" aria-hidden=\"true\" class=\"wp-block-spacer\"><\/div>\n","protected":false},"excerpt":{"rendered":"<p>Reklame i butikken \u00ab3 for 2\u00bb. \u00abOpptil 70% rabatt\u00bb. \u00abSalg!\u00bb. \u00abBlack Friday\u00bb. \u00abTilbud!\u00bb&nbsp; Mange butikker og nettsider reklamerer med salg eller tilbud. Store plakater i sterke farger annonserer for eksempel \u00ab3 for 2\u00bb eller \u00ab70% rabatt\u00bb&nbsp;&nbsp; Butikkene bruker mange forskjellige virkemidler for \u00e5 f\u00e5 deg til \u00e5 handle fort. I nettbutikkene kan det for eksempel [&hellip;]<\/p>\n","protected":false},"author":10,"featured_media":0,"parent":0,"menu_order":18,"comment_status":"closed","ping_status":"closed","template":"","meta":{"_acf_changed":false,"editor_notices":[],"footnotes":""},"class_list":["post-3553","page","type-page","status-publish","hentry"],"blocksy_meta":[],"acf":[],"yoast_head":"<!-- This site is optimized with the Yoast SEO plugin v25.9 - https:\/\/yoast.com\/wordpress\/plugins\/seo\/ -->\n<title>Reklame i butikken - Barneskole<\/title>\n<meta name=\"robots\" content=\"index, follow, max-snippet:-1, max-image-preview:large, max-video-preview:-1\" \/>\n<link rel=\"canonical\" href=\"https:\/\/reklameskolen.devz.no\/barneskole\/reklame-i-butikken\/\" \/>\n<meta property=\"og:locale\" content=\"nb_NO\" \/>\n<meta property=\"og:type\" content=\"article\" \/>\n<meta property=\"og:title\" content=\"Reklame i butikken - Barneskole\" \/>\n<meta property=\"og:description\" content=\"Reklame i butikken \u00ab3 for 2\u00bb. \u00abOpptil 70% rabatt\u00bb. \u00abSalg!\u00bb. \u00abBlack Friday\u00bb. \u00abTilbud!\u00bb&nbsp; Mange butikker og nettsider reklamerer med salg eller tilbud. Store plakater i sterke farger annonserer for eksempel \u00ab3 for 2\u00bb eller \u00ab70% rabatt\u00bb&nbsp;&nbsp; Butikkene bruker mange forskjellige virkemidler for \u00e5 f\u00e5 deg til \u00e5 handle fort. I nettbutikkene kan det for eksempel [&hellip;]\" \/>\n<meta property=\"og:url\" content=\"https:\/\/reklameskolen.devz.no\/barneskole\/reklame-i-butikken\/\" \/>\n<meta property=\"og:site_name\" content=\"Barneskole\" \/>\n<meta property=\"article:modified_time\" content=\"2023-12-15T12:59:19+00:00\" \/>\n<meta property=\"og:image\" content=\"https:\/\/reklameskolen.devz.no\/barneskole\/files\/2023\/06\/iStock-1337275668.jpg\" \/>\n\t<meta property=\"og:image:width\" content=\"1495\" \/>\n\t<meta property=\"og:image:height\" content=\"374\" \/>\n\t<meta property=\"og:image:type\" content=\"image\/jpeg\" \/>\n<meta name=\"twitter:card\" content=\"summary_large_image\" \/>\n<meta name=\"twitter:label1\" content=\"Ansl. lesetid\" \/>\n\t<meta name=\"twitter:data1\" content=\"1 minutt\" \/>\n<script type=\"application\/ld+json\" class=\"yoast-schema-graph\">{\"@context\":\"https:\/\/schema.org\",\"@graph\":[{\"@type\":\"WebPage\",\"@id\":\"https:\/\/reklameskolen.devz.no\/barneskole\/reklame-i-butikken\/\",\"url\":\"https:\/\/reklameskolen.devz.no\/barneskole\/reklame-i-butikken\/\",\"name\":\"Reklame i butikken - Barneskole\",\"isPartOf\":{\"@id\":\"https:\/\/reklameskolen.devz.no\/barneskole\/#website\"},\"primaryImageOfPage\":{\"@id\":\"https:\/\/reklameskolen.devz.no\/barneskole\/reklame-i-butikken\/#primaryimage\"},\"image\":{\"@id\":\"https:\/\/reklameskolen.devz.no\/barneskole\/reklame-i-butikken\/#primaryimage\"},\"thumbnailUrl\":\"https:\/\/reklameskolen.devz.no\/barneskole\/files\/2023\/06\/iStock-1337275668.jpg\",\"datePublished\":\"2023-04-26T16:45:29+00:00\",\"dateModified\":\"2023-12-15T12:59:19+00:00\",\"breadcrumb\":{\"@id\":\"https:\/\/reklameskolen.devz.no\/barneskole\/reklame-i-butikken\/#breadcrumb\"},\"inLanguage\":\"nb-NO\",\"potentialAction\":[{\"@type\":\"ReadAction\",\"target\":[\"https:\/\/reklameskolen.devz.no\/barneskole\/reklame-i-butikken\/\"]}]},{\"@type\":\"ImageObject\",\"inLanguage\":\"nb-NO\",\"@id\":\"https:\/\/reklameskolen.devz.no\/barneskole\/reklame-i-butikken\/#primaryimage\",\"url\":\"https:\/\/reklameskolen.devz.no\/barneskole\/files\/2023\/06\/iStock-1337275668.jpg\",\"contentUrl\":\"https:\/\/reklameskolen.devz.no\/barneskole\/files\/2023\/06\/iStock-1337275668.jpg\",\"width\":1495,\"height\":374,\"caption\":\"Illustrastjon: Akinbostanci\/iStock\"},{\"@type\":\"BreadcrumbList\",\"@id\":\"https:\/\/reklameskolen.devz.no\/barneskole\/reklame-i-butikken\/#breadcrumb\",\"itemListElement\":[{\"@type\":\"ListItem\",\"position\":1,\"name\":\"Home\",\"item\":\"https:\/\/reklameskolen.devz.no\/barneskole\/\"},{\"@type\":\"ListItem\",\"position\":2,\"name\":\"Reklame i butikken\"}]},{\"@type\":\"WebSite\",\"@id\":\"https:\/\/reklameskolen.devz.no\/barneskole\/#website\",\"url\":\"https:\/\/reklameskolen.devz.no\/barneskole\/\",\"name\":\"Barneskole\",\"description\":\"Oppl\u00e6ringsverkt\u00f8y om reklame\",\"publisher\":{\"@id\":\"https:\/\/reklameskolen.devz.no\/barneskole\/#organization\"},\"potentialAction\":[{\"@type\":\"SearchAction\",\"target\":{\"@type\":\"EntryPoint\",\"urlTemplate\":\"https:\/\/reklameskolen.devz.no\/barneskole\/?s={search_term_string}\"},\"query-input\":{\"@type\":\"PropertyValueSpecification\",\"valueRequired\":true,\"valueName\":\"search_term_string\"}}],\"inLanguage\":\"nb-NO\"},{\"@type\":\"Organization\",\"@id\":\"https:\/\/reklameskolen.devz.no\/barneskole\/#organization\",\"name\":\"Barneskole\",\"url\":\"https:\/\/reklameskolen.devz.no\/barneskole\/\",\"logo\":{\"@type\":\"ImageObject\",\"inLanguage\":\"nb-NO\",\"@id\":\"https:\/\/reklameskolen.devz.no\/barneskole\/#\/schema\/logo\/image\/\",\"url\":\"https:\/\/reklameskolen.devz.no\/barneskole\/files\/2023\/08\/Reklameskolen-Logo-01.png\",\"contentUrl\":\"https:\/\/reklameskolen.devz.no\/barneskole\/files\/2023\/08\/Reklameskolen-Logo-01.png\",\"width\":2571,\"height\":950,\"caption\":\"Barneskole\"},\"image\":{\"@id\":\"https:\/\/reklameskolen.devz.no\/barneskole\/#\/schema\/logo\/image\/\"}}]}<\/script>\n<!-- \/ Yoast SEO plugin. -->","yoast_head_json":{"title":"Reklame i butikken - Barneskole","robots":{"index":"index","follow":"follow","max-snippet":"max-snippet:-1","max-image-preview":"max-image-preview:large","max-video-preview":"max-video-preview:-1"},"canonical":"https:\/\/reklameskolen.devz.no\/barneskole\/reklame-i-butikken\/","og_locale":"nb_NO","og_type":"article","og_title":"Reklame i butikken - Barneskole","og_description":"Reklame i butikken \u00ab3 for 2\u00bb. \u00abOpptil 70% rabatt\u00bb. \u00abSalg!\u00bb. \u00abBlack Friday\u00bb. \u00abTilbud!\u00bb&nbsp; Mange butikker og nettsider reklamerer med salg eller tilbud. Store plakater i sterke farger annonserer for eksempel \u00ab3 for 2\u00bb eller \u00ab70% rabatt\u00bb&nbsp;&nbsp; Butikkene bruker mange forskjellige virkemidler for \u00e5 f\u00e5 deg til \u00e5 handle fort. I nettbutikkene kan det for eksempel [&hellip;]","og_url":"https:\/\/reklameskolen.devz.no\/barneskole\/reklame-i-butikken\/","og_site_name":"Barneskole","article_modified_time":"2023-12-15T12:59:19+00:00","og_image":[{"width":1495,"height":374,"url":"https:\/\/reklameskolen.devz.no\/barneskole\/files\/2023\/06\/iStock-1337275668.jpg","type":"image\/jpeg"}],"twitter_card":"summary_large_image","twitter_misc":{"Ansl. lesetid":"1 minutt"},"schema":{"@context":"https:\/\/schema.org","@graph":[{"@type":"WebPage","@id":"https:\/\/reklameskolen.devz.no\/barneskole\/reklame-i-butikken\/","url":"https:\/\/reklameskolen.devz.no\/barneskole\/reklame-i-butikken\/","name":"Reklame i butikken - Barneskole","isPartOf":{"@id":"https:\/\/reklameskolen.devz.no\/barneskole\/#website"},"primaryImageOfPage":{"@id":"https:\/\/reklameskolen.devz.no\/barneskole\/reklame-i-butikken\/#primaryimage"},"image":{"@id":"https:\/\/reklameskolen.devz.no\/barneskole\/reklame-i-butikken\/#primaryimage"},"thumbnailUrl":"https:\/\/reklameskolen.devz.no\/barneskole\/files\/2023\/06\/iStock-1337275668.jpg","datePublished":"2023-04-26T16:45:29+00:00","dateModified":"2023-12-15T12:59:19+00:00","breadcrumb":{"@id":"https:\/\/reklameskolen.devz.no\/barneskole\/reklame-i-butikken\/#breadcrumb"},"inLanguage":"nb-NO","potentialAction":[{"@type":"ReadAction","target":["https:\/\/reklameskolen.devz.no\/barneskole\/reklame-i-butikken\/"]}]},{"@type":"ImageObject","inLanguage":"nb-NO","@id":"https:\/\/reklameskolen.devz.no\/barneskole\/reklame-i-butikken\/#primaryimage","url":"https:\/\/reklameskolen.devz.no\/barneskole\/files\/2023\/06\/iStock-1337275668.jpg","contentUrl":"https:\/\/reklameskolen.devz.no\/barneskole\/files\/2023\/06\/iStock-1337275668.jpg","width":1495,"height":374,"caption":"Illustrastjon: Akinbostanci\/iStock"},{"@type":"BreadcrumbList","@id":"https:\/\/reklameskolen.devz.no\/barneskole\/reklame-i-butikken\/#breadcrumb","itemListElement":[{"@type":"ListItem","position":1,"name":"Home","item":"https:\/\/reklameskolen.devz.no\/barneskole\/"},{"@type":"ListItem","position":2,"name":"Reklame i butikken"}]},{"@type":"WebSite","@id":"https:\/\/reklameskolen.devz.no\/barneskole\/#website","url":"https:\/\/reklameskolen.devz.no\/barneskole\/","name":"Barneskole","description":"Oppl\u00e6ringsverkt\u00f8y om reklame","publisher":{"@id":"https:\/\/reklameskolen.devz.no\/barneskole\/#organization"},"potentialAction":[{"@type":"SearchAction","target":{"@type":"EntryPoint","urlTemplate":"https:\/\/reklameskolen.devz.no\/barneskole\/?s={search_term_string}"},"query-input":{"@type":"PropertyValueSpecification","valueRequired":true,"valueName":"search_term_string"}}],"inLanguage":"nb-NO"},{"@type":"Organization","@id":"https:\/\/reklameskolen.devz.no\/barneskole\/#organization","name":"Barneskole","url":"https:\/\/reklameskolen.devz.no\/barneskole\/","logo":{"@type":"ImageObject","inLanguage":"nb-NO","@id":"https:\/\/reklameskolen.devz.no\/barneskole\/#\/schema\/logo\/image\/","url":"https:\/\/reklameskolen.devz.no\/barneskole\/files\/2023\/08\/Reklameskolen-Logo-01.png","contentUrl":"https:\/\/reklameskolen.devz.no\/barneskole\/files\/2023\/08\/Reklameskolen-Logo-01.png","width":2571,"height":950,"caption":"Barneskole"},"image":{"@id":"https:\/\/reklameskolen.devz.no\/barneskole\/#\/schema\/logo\/image\/"}}]}},"_links":{"self":[{"href":"https:\/\/reklameskolen.devz.no\/barneskole\/wp-json\/wp\/v2\/pages\/3553","targetHints":{"allow":["GET"]}}],"collection":[{"href":"https:\/\/reklameskolen.devz.no\/barneskole\/wp-json\/wp\/v2\/pages"}],"about":[{"href":"https:\/\/reklameskolen.devz.no\/barneskole\/wp-json\/wp\/v2\/types\/page"}],"author":[{"embeddable":true,"href":"https:\/\/reklameskolen.devz.no\/barneskole\/wp-json\/wp\/v2\/users\/10"}],"replies":[{"embeddable":true,"href":"https:\/\/reklameskolen.devz.no\/barneskole\/wp-json\/wp\/v2\/comments?post=3553"}],"version-history":[{"count":27,"href":"https:\/\/reklameskolen.devz.no\/barneskole\/wp-json\/wp\/v2\/pages\/3553\/revisions"}],"predecessor-version":[{"id":4916,"href":"https:\/\/reklameskolen.devz.no\/barneskole\/wp-json\/wp\/v2\/pages\/3553\/revisions\/4916"}],"wp:attachment":[{"href":"https:\/\/reklameskolen.devz.no\/barneskole\/wp-json\/wp\/v2\/media?parent=3553"}],"curies":[{"name":"wp","href":"https:\/\/api.w.org\/{rel}","templated":true}]}}