{"id":4083,"date":"2023-05-24T12:57:16","date_gmt":"2023-05-24T10:57:16","guid":{"rendered":"https:\/\/reklameskolen.devz.no\/barneskole\/?page_id=4083"},"modified":"2024-01-11T09:59:38","modified_gmt":"2024-01-11T08:59:38","slug":"ferdig-med-reklameskolen","status":"publish","type":"page","link":"https:\/\/reklameskolen.devz.no\/barneskole\/ferdig-med-reklameskolen\/","title":{"rendered":"Ferdig med Reklameskolen"},"content":{"rendered":"\n<div style=\"height:10px\" aria-hidden=\"true\" class=\"wp-block-spacer\"><\/div>\n\n\n\n<figure class=\"wp-block-image aligncenter size-full\"><img loading=\"lazy\" decoding=\"async\" width=\"1500\" height=\"375\" src=\"https:\/\/reklameskolen.devz.no\/barneskole\/files\/2023\/06\/pexels-designecologist-2526105.jpg\" alt=\"Fotografi av et stort fyrverkeri p\u00e5 en m\u00f8rk nattehimmel.\" class=\"wp-image-4212\" srcset=\"https:\/\/reklameskolen.devz.no\/barneskole\/files\/2023\/06\/pexels-designecologist-2526105.jpg 1500w, https:\/\/reklameskolen.devz.no\/barneskole\/files\/2023\/06\/pexels-designecologist-2526105-300x75.jpg 300w, https:\/\/reklameskolen.devz.no\/barneskole\/files\/2023\/06\/pexels-designecologist-2526105-1024x256.jpg 1024w, https:\/\/reklameskolen.devz.no\/barneskole\/files\/2023\/06\/pexels-designecologist-2526105-768x192.jpg 768w, https:\/\/reklameskolen.devz.no\/barneskole\/files\/2023\/06\/pexels-designecologist-2526105-150x38.jpg 150w\" sizes=\"auto, (max-width: 1500px) 100vw, 1500px\" \/><figcaption class=\"wp-element-caption\">Foto: Designecologist\/Pexels.com<\/figcaption><\/figure>\n\n\n\n<h1 class=\"wp-block-heading has-text-align-left\">Gratulerer!<br>Du er n\u00e5 ferdig med Reklameskolen!<\/h1>\n\n\n\n<p class=\"has-text-align-left\">N\u00e5 har du l\u00e6rt mye om hva reklame er og hvordan den p\u00e5virker deg. Du har l\u00e6rt hvor det er reklame, og hvordan du kan kjenne den igjen. Da blir du kanskje ikke like p\u00e5virket av reklamen. <\/p>\n\n\n\n<p class=\"has-text-align-left\">N\u00e5r du vet hvordan reklamen pr\u00f8ver \u00e5 p\u00e5virke deg, blir det kanskje litt enklere \u00e5 ta egne, gode valg n\u00e5r du m\u00f8ter reklame.<\/p>\n\n\n\n<h2 class=\"wp-block-heading has-text-align-left\">Lykke til \u2013 og husk reklamebrillene!<\/h2>\n\n\n\n<div style=\"height:100px\" aria-hidden=\"true\" class=\"wp-block-spacer\"><\/div>\n","protected":false},"excerpt":{"rendered":"<p>Gratulerer!Du er n\u00e5 ferdig med Reklameskolen! N\u00e5 har du l\u00e6rt mye om hva reklame er og hvordan den p\u00e5virker deg. Du har l\u00e6rt hvor det er reklame, og hvordan du kan kjenne den igjen. Da blir du kanskje ikke like p\u00e5virket av reklamen. N\u00e5r du vet hvordan reklamen pr\u00f8ver \u00e5 p\u00e5virke deg, blir det kanskje [&hellip;]<\/p>\n","protected":false},"author":4,"featured_media":0,"parent":0,"menu_order":19,"comment_status":"closed","ping_status":"closed","template":"","meta":{"_acf_changed":false,"editor_notices":[],"footnotes":""},"class_list":["post-4083","page","type-page","status-publish","hentry"],"blocksy_meta":[],"acf":[],"yoast_head":"<!-- This site is optimized with the Yoast SEO plugin v25.9 - https:\/\/yoast.com\/wordpress\/plugins\/seo\/ -->\n<title>Ferdig med Reklameskolen - Barneskole<\/title>\n<meta name=\"robots\" content=\"index, follow, max-snippet:-1, max-image-preview:large, max-video-preview:-1\" \/>\n<link rel=\"canonical\" href=\"https:\/\/reklameskolen.devz.no\/barneskole\/ferdig-med-reklameskolen\/\" \/>\n<meta property=\"og:locale\" content=\"nb_NO\" \/>\n<meta property=\"og:type\" content=\"article\" \/>\n<meta property=\"og:title\" content=\"Ferdig med Reklameskolen - Barneskole\" \/>\n<meta property=\"og:description\" content=\"Gratulerer!Du er n\u00e5 ferdig med Reklameskolen! N\u00e5 har du l\u00e6rt mye om hva reklame er og hvordan den p\u00e5virker deg. Du har l\u00e6rt hvor det er reklame, og hvordan du kan kjenne den igjen. Da blir du kanskje ikke like p\u00e5virket av reklamen. N\u00e5r du vet hvordan reklamen pr\u00f8ver \u00e5 p\u00e5virke deg, blir det kanskje [&hellip;]\" \/>\n<meta property=\"og:url\" content=\"https:\/\/reklameskolen.devz.no\/barneskole\/ferdig-med-reklameskolen\/\" \/>\n<meta property=\"og:site_name\" content=\"Barneskole\" \/>\n<meta property=\"article:modified_time\" content=\"2024-01-11T08:59:38+00:00\" \/>\n<meta property=\"og:image\" content=\"https:\/\/reklameskolen.devz.no\/barneskole\/files\/2023\/06\/pexels-designecologist-2526105.jpg\" \/>\n\t<meta property=\"og:image:width\" content=\"1500\" \/>\n\t<meta property=\"og:image:height\" content=\"375\" \/>\n\t<meta property=\"og:image:type\" content=\"image\/jpeg\" \/>\n<meta name=\"twitter:card\" content=\"summary_large_image\" \/>\n<script type=\"application\/ld+json\" class=\"yoast-schema-graph\">{\"@context\":\"https:\/\/schema.org\",\"@graph\":[{\"@type\":\"WebPage\",\"@id\":\"https:\/\/reklameskolen.devz.no\/barneskole\/ferdig-med-reklameskolen\/\",\"url\":\"https:\/\/reklameskolen.devz.no\/barneskole\/ferdig-med-reklameskolen\/\",\"name\":\"Ferdig med Reklameskolen - Barneskole\",\"isPartOf\":{\"@id\":\"https:\/\/reklameskolen.devz.no\/barneskole\/#website\"},\"primaryImageOfPage\":{\"@id\":\"https:\/\/reklameskolen.devz.no\/barneskole\/ferdig-med-reklameskolen\/#primaryimage\"},\"image\":{\"@id\":\"https:\/\/reklameskolen.devz.no\/barneskole\/ferdig-med-reklameskolen\/#primaryimage\"},\"thumbnailUrl\":\"https:\/\/reklameskolen.devz.no\/barneskole\/files\/2023\/06\/pexels-designecologist-2526105.jpg\",\"datePublished\":\"2023-05-24T10:57:16+00:00\",\"dateModified\":\"2024-01-11T08:59:38+00:00\",\"breadcrumb\":{\"@id\":\"https:\/\/reklameskolen.devz.no\/barneskole\/ferdig-med-reklameskolen\/#breadcrumb\"},\"inLanguage\":\"nb-NO\",\"potentialAction\":[{\"@type\":\"ReadAction\",\"target\":[\"https:\/\/reklameskolen.devz.no\/barneskole\/ferdig-med-reklameskolen\/\"]}]},{\"@type\":\"ImageObject\",\"inLanguage\":\"nb-NO\",\"@id\":\"https:\/\/reklameskolen.devz.no\/barneskole\/ferdig-med-reklameskolen\/#primaryimage\",\"url\":\"https:\/\/reklameskolen.devz.no\/barneskole\/files\/2023\/06\/pexels-designecologist-2526105.jpg\",\"contentUrl\":\"https:\/\/reklameskolen.devz.no\/barneskole\/files\/2023\/06\/pexels-designecologist-2526105.jpg\",\"width\":1500,\"height\":375,\"caption\":\"Fyrverkeri\"},{\"@type\":\"BreadcrumbList\",\"@id\":\"https:\/\/reklameskolen.devz.no\/barneskole\/ferdig-med-reklameskolen\/#breadcrumb\",\"itemListElement\":[{\"@type\":\"ListItem\",\"position\":1,\"name\":\"Home\",\"item\":\"https:\/\/reklameskolen.devz.no\/barneskole\/\"},{\"@type\":\"ListItem\",\"position\":2,\"name\":\"Ferdig med Reklameskolen\"}]},{\"@type\":\"WebSite\",\"@id\":\"https:\/\/reklameskolen.devz.no\/barneskole\/#website\",\"url\":\"https:\/\/reklameskolen.devz.no\/barneskole\/\",\"name\":\"Barneskole\",\"description\":\"Oppl\u00e6ringsverkt\u00f8y om reklame\",\"publisher\":{\"@id\":\"https:\/\/reklameskolen.devz.no\/barneskole\/#organization\"},\"potentialAction\":[{\"@type\":\"SearchAction\",\"target\":{\"@type\":\"EntryPoint\",\"urlTemplate\":\"https:\/\/reklameskolen.devz.no\/barneskole\/?s={search_term_string}\"},\"query-input\":{\"@type\":\"PropertyValueSpecification\",\"valueRequired\":true,\"valueName\":\"search_term_string\"}}],\"inLanguage\":\"nb-NO\"},{\"@type\":\"Organization\",\"@id\":\"https:\/\/reklameskolen.devz.no\/barneskole\/#organization\",\"name\":\"Barneskole\",\"url\":\"https:\/\/reklameskolen.devz.no\/barneskole\/\",\"logo\":{\"@type\":\"ImageObject\",\"inLanguage\":\"nb-NO\",\"@id\":\"https:\/\/reklameskolen.devz.no\/barneskole\/#\/schema\/logo\/image\/\",\"url\":\"https:\/\/reklameskolen.devz.no\/barneskole\/files\/2023\/08\/Reklameskolen-Logo-01.png\",\"contentUrl\":\"https:\/\/reklameskolen.devz.no\/barneskole\/files\/2023\/08\/Reklameskolen-Logo-01.png\",\"width\":2571,\"height\":950,\"caption\":\"Barneskole\"},\"image\":{\"@id\":\"https:\/\/reklameskolen.devz.no\/barneskole\/#\/schema\/logo\/image\/\"}}]}<\/script>\n<!-- \/ Yoast SEO plugin. -->","yoast_head_json":{"title":"Ferdig med Reklameskolen - Barneskole","robots":{"index":"index","follow":"follow","max-snippet":"max-snippet:-1","max-image-preview":"max-image-preview:large","max-video-preview":"max-video-preview:-1"},"canonical":"https:\/\/reklameskolen.devz.no\/barneskole\/ferdig-med-reklameskolen\/","og_locale":"nb_NO","og_type":"article","og_title":"Ferdig med Reklameskolen - Barneskole","og_description":"Gratulerer!Du er n\u00e5 ferdig med Reklameskolen! N\u00e5 har du l\u00e6rt mye om hva reklame er og hvordan den p\u00e5virker deg. Du har l\u00e6rt hvor det er reklame, og hvordan du kan kjenne den igjen. Da blir du kanskje ikke like p\u00e5virket av reklamen. N\u00e5r du vet hvordan reklamen pr\u00f8ver \u00e5 p\u00e5virke deg, blir det kanskje [&hellip;]","og_url":"https:\/\/reklameskolen.devz.no\/barneskole\/ferdig-med-reklameskolen\/","og_site_name":"Barneskole","article_modified_time":"2024-01-11T08:59:38+00:00","og_image":[{"width":1500,"height":375,"url":"https:\/\/reklameskolen.devz.no\/barneskole\/files\/2023\/06\/pexels-designecologist-2526105.jpg","type":"image\/jpeg"}],"twitter_card":"summary_large_image","schema":{"@context":"https:\/\/schema.org","@graph":[{"@type":"WebPage","@id":"https:\/\/reklameskolen.devz.no\/barneskole\/ferdig-med-reklameskolen\/","url":"https:\/\/reklameskolen.devz.no\/barneskole\/ferdig-med-reklameskolen\/","name":"Ferdig med Reklameskolen - Barneskole","isPartOf":{"@id":"https:\/\/reklameskolen.devz.no\/barneskole\/#website"},"primaryImageOfPage":{"@id":"https:\/\/reklameskolen.devz.no\/barneskole\/ferdig-med-reklameskolen\/#primaryimage"},"image":{"@id":"https:\/\/reklameskolen.devz.no\/barneskole\/ferdig-med-reklameskolen\/#primaryimage"},"thumbnailUrl":"https:\/\/reklameskolen.devz.no\/barneskole\/files\/2023\/06\/pexels-designecologist-2526105.jpg","datePublished":"2023-05-24T10:57:16+00:00","dateModified":"2024-01-11T08:59:38+00:00","breadcrumb":{"@id":"https:\/\/reklameskolen.devz.no\/barneskole\/ferdig-med-reklameskolen\/#breadcrumb"},"inLanguage":"nb-NO","potentialAction":[{"@type":"ReadAction","target":["https:\/\/reklameskolen.devz.no\/barneskole\/ferdig-med-reklameskolen\/"]}]},{"@type":"ImageObject","inLanguage":"nb-NO","@id":"https:\/\/reklameskolen.devz.no\/barneskole\/ferdig-med-reklameskolen\/#primaryimage","url":"https:\/\/reklameskolen.devz.no\/barneskole\/files\/2023\/06\/pexels-designecologist-2526105.jpg","contentUrl":"https:\/\/reklameskolen.devz.no\/barneskole\/files\/2023\/06\/pexels-designecologist-2526105.jpg","width":1500,"height":375,"caption":"Fyrverkeri"},{"@type":"BreadcrumbList","@id":"https:\/\/reklameskolen.devz.no\/barneskole\/ferdig-med-reklameskolen\/#breadcrumb","itemListElement":[{"@type":"ListItem","position":1,"name":"Home","item":"https:\/\/reklameskolen.devz.no\/barneskole\/"},{"@type":"ListItem","position":2,"name":"Ferdig med Reklameskolen"}]},{"@type":"WebSite","@id":"https:\/\/reklameskolen.devz.no\/barneskole\/#website","url":"https:\/\/reklameskolen.devz.no\/barneskole\/","name":"Barneskole","description":"Oppl\u00e6ringsverkt\u00f8y om reklame","publisher":{"@id":"https:\/\/reklameskolen.devz.no\/barneskole\/#organization"},"potentialAction":[{"@type":"SearchAction","target":{"@type":"EntryPoint","urlTemplate":"https:\/\/reklameskolen.devz.no\/barneskole\/?s={search_term_string}"},"query-input":{"@type":"PropertyValueSpecification","valueRequired":true,"valueName":"search_term_string"}}],"inLanguage":"nb-NO"},{"@type":"Organization","@id":"https:\/\/reklameskolen.devz.no\/barneskole\/#organization","name":"Barneskole","url":"https:\/\/reklameskolen.devz.no\/barneskole\/","logo":{"@type":"ImageObject","inLanguage":"nb-NO","@id":"https:\/\/reklameskolen.devz.no\/barneskole\/#\/schema\/logo\/image\/","url":"https:\/\/reklameskolen.devz.no\/barneskole\/files\/2023\/08\/Reklameskolen-Logo-01.png","contentUrl":"https:\/\/reklameskolen.devz.no\/barneskole\/files\/2023\/08\/Reklameskolen-Logo-01.png","width":2571,"height":950,"caption":"Barneskole"},"image":{"@id":"https:\/\/reklameskolen.devz.no\/barneskole\/#\/schema\/logo\/image\/"}}]}},"_links":{"self":[{"href":"https:\/\/reklameskolen.devz.no\/barneskole\/wp-json\/wp\/v2\/pages\/4083","targetHints":{"allow":["GET"]}}],"collection":[{"href":"https:\/\/reklameskolen.devz.no\/barneskole\/wp-json\/wp\/v2\/pages"}],"about":[{"href":"https:\/\/reklameskolen.devz.no\/barneskole\/wp-json\/wp\/v2\/types\/page"}],"author":[{"embeddable":true,"href":"https:\/\/reklameskolen.devz.no\/barneskole\/wp-json\/wp\/v2\/users\/4"}],"replies":[{"embeddable":true,"href":"https:\/\/reklameskolen.devz.no\/barneskole\/wp-json\/wp\/v2\/comments?post=4083"}],"version-history":[{"count":13,"href":"https:\/\/reklameskolen.devz.no\/barneskole\/wp-json\/wp\/v2\/pages\/4083\/revisions"}],"predecessor-version":[{"id":4956,"href":"https:\/\/reklameskolen.devz.no\/barneskole\/wp-json\/wp\/v2\/pages\/4083\/revisions\/4956"}],"wp:attachment":[{"href":"https:\/\/reklameskolen.devz.no\/barneskole\/wp-json\/wp\/v2\/media?parent=4083"}],"curies":[{"name":"wp","href":"https:\/\/api.w.org\/{rel}","templated":true}]}}