{"id":4735,"date":"2023-08-23T15:13:15","date_gmt":"2023-08-23T13:13:15","guid":{"rendered":"https:\/\/reklameskolen.devz.no\/barneskole\/?page_id=4735"},"modified":"2024-05-08T12:11:14","modified_gmt":"2024-05-08T10:11:14","slug":"til-laereren","status":"publish","type":"page","link":"https:\/\/reklameskolen.devz.no\/barneskole\/til-laereren\/","title":{"rendered":"Til l\u00e6reren"},"content":{"rendered":"\n<h1 class=\"wp-block-heading\">Til l\u00e6reren<\/h1>\n\n\n\n<p><strong>Reklameskolen er et gratis digitalt undervisningsverkt\u00f8y om reklame utviklet av Forbrukertilsynet p\u00e5 oppdrag fra Barne- og familiedepartementet.<\/strong><\/p>\n\n\n\n<p>Barn og unge i dag m\u00f8ter reklame hele tiden. I butikken, p\u00e5 skolen, i sosiale medier, i spill og p\u00e5 fritidsaktiviteter, for eksempel. Det er reklame overalt, og det er ikke alltid like lett \u00e5 vite hva som er reklame.<\/p>\n\n\n\n<p>M\u00e5let med reklameskolen er \u00e5 l\u00e6re barn \u00e5 kjenne igjen reklame og forst\u00e5 hvordan reklamen p\u00e5virker oss. Da blir det lettere \u00e5 forholde seg kritisk til reklamebudskap og ta gode valg i m\u00f8tet med reklame. <\/p>\n\n\n\n<div class=\"wp-block-group is-style-default has-palette-color-5-background-color has-background is-layout-constrained wp-block-group-is-layout-constrained\">\n<div class=\"wp-block-columns is-layout-flex wp-container-core-columns-is-layout-28f84493 wp-block-columns-is-layout-flex\">\n<div class=\"wp-block-column is-layout-flow wp-block-column-is-layout-flow\" style=\"flex-basis:70%\">\n<h2 class=\"wp-block-heading\">ICPEN Consumer Education Award<\/h2>\n\n\n\n<p>I 2024 vant Reklameskolen ICPEN Consumer Education Award i kategorien barn og unge. Denne prisen deles ut av <a href=\"https:\/\/icpen.org\/\" target=\"_blank\" rel=\"noreferrer noopener\">International Consumer Protection and Enforcement Network (ICPEN<\/a>), og g\u00e5r til en informasjonskampanje som har bidratt til god opplysning av forbrukerne.<\/p>\n<\/div>\n\n\n\n<div class=\"wp-block-column is-layout-flow wp-block-column-is-layout-flow\" style=\"flex-basis:30%\">\n<figure class=\"wp-block-image size-full\"><img loading=\"lazy\" decoding=\"async\" width=\"978\" height=\"682\" src=\"https:\/\/reklameskolen.devz.no\/barneskole\/files\/2024\/05\/award.png\" alt=\"\" class=\"wp-image-5039\" srcset=\"https:\/\/reklameskolen.devz.no\/barneskole\/files\/2024\/05\/award.png 978w, https:\/\/reklameskolen.devz.no\/barneskole\/files\/2024\/05\/award-300x209.png 300w, https:\/\/reklameskolen.devz.no\/barneskole\/files\/2024\/05\/award-768x536.png 768w, https:\/\/reklameskolen.devz.no\/barneskole\/files\/2024\/05\/award-150x105.png 150w\" sizes=\"auto, (max-width: 978px) 100vw, 978px\" \/><\/figure>\n<\/div>\n<\/div>\n<\/div>\n\n\n\n<p><\/p>\n\n\n\n<h2 class=\"wp-block-heading\">Slik bruker du Reklameskolen<\/h2>\n\n\n\n<p>Reklameskolen er lagt opp som et komplett undervisningsopplegg som lar elevene l\u00e6re gjennom videoer, tekster og interaktive oppgaver.  Hele opplegget kan gjennomf\u00f8res p\u00e5 ca. tre til fire timer, avhengig av elevenes alder. <\/p>\n\n\n\n<p><strong>\u00d8nsker du \u00e5 gjennomf\u00f8re hele opplegget, kan det v\u00e6re lurt \u00e5 ta en kikk p\u00e5 denne l\u00e6rerveiledningen.<\/strong><\/p>\n\n\n\n<div class=\"wp-block-buttons is-layout-flex wp-block-buttons-is-layout-flex\">\n<div class=\"wp-block-button\"><a class=\"wp-block-button__link has-palette-color-8-color has-palette-color-3-background-color has-text-color has-background wp-element-button\" href=\"https:\/\/reklameskolen.devz.no\/barneskole\/laererveiledning\/\">TIL L\u00c6RERVEILEDNINGEN<\/a><\/div>\n<\/div>\n\n\n\n<p>Det er ogs\u00e5 mulig \u00e5 velge ut og bruke enkeltst\u00e5ende temaer, sider, oppgaver og videoer. Du kan naturligvis velge fritt, men temaene <a href=\"https:\/\/reklameskolen.devz.no\/barneskole\/reklame-i-sosiale-medier\/\">reklame i sosiale medier<\/a>, <a href=\"https:\/\/reklameskolen.devz.no\/barneskole\/reklame-i-spill\/\">reklame i spill<\/a> og <a href=\"https:\/\/reklameskolen.devz.no\/barneskole\/reklame-pa-skolen\/\">reklame p\u00e5 skolen <\/a>er spesielt aktuelle for m\u00e5lgruppa.<\/p>\n\n\n\n<h2 class=\"wp-block-heading\">Reklameskolen og l\u00e6replanene<\/h2>\n\n\n\n<p>Reklameskolen passer godt inn i norsk og samfunnsfag p\u00e5 mellomtrinnet. Flere av tekstene og oppgavene kan ogs\u00e5 knyttes opp mot kompetansem\u00e5l innen kunst og h\u00e5ndverk, og det kan med fordel jobbes tverrfaglig med temaet reklame. <\/p>\n\n\n\n<h3 class=\"wp-block-heading\">Norsk<\/h3>\n\n\n\n<ul class=\"wp-block-list\">\n<li><strong><a href=\"https:\/\/www.udir.no\/lk20\/nor01-06\/om-faget\/kjerneelementer\" target=\"_blank\" rel=\"noreferrer noopener\">Kjerneelementet kritisk tiln\u00e6rming til tekst:<\/a><\/strong> Gjennom reklameskolen l\u00e6rer elevene om flere av de viktigste spr\u00e5klige, retoriske og visuelle virkemidlene i reklame. Gjennom hele undervisningsopplegget blir elevene oppfordret til og veiledet i \u00e5 reflektere kritisk over hva slags p\u00e5virkningskraft og troverdighet reklamen har, og vise digital d\u00f8mmekraft.<\/li>\n\n\n\n<li><strong><a href=\"https:\/\/www.udir.no\/lk20\/nor01-06\/om-faget\/tverrfaglige-temaer\" target=\"_blank\" rel=\"noreferrer noopener\">Det tverrfaglige temaet demokrati og medborgerskap:<\/a><\/strong> Gjennom kritisk arbeid med reklamebudskap \u00f8ver elevene opp evnen til kritisk tenkning.<\/li>\n<\/ul>\n\n\n\n<h3 class=\"wp-block-heading\">Samfunnsfag<\/h3>\n\n\n\n<p>Reklameskolen er aktuell med tanke p\u00e5 flere av <a href=\"https:\/\/www.udir.no\/lk20\/saf01-04\/kompetansemaal-og-vurdering\/kv146\">kompetansem\u00e5lene i samfunnsfag<\/a>.  Oppl\u00e6ringsverkt\u00f8yet utfordrer stadig elevene til \u00e5 <\/p>\n\n\n\n<ul class=\"wp-block-list\">\n<li>reflektere over forskjeller mellom fakta, meninger og kommersielle budskap i mediebildet<\/li>\n\n\n\n<li>reflektere over hvordan kommersiell p\u00e5virkning kan virke inn p\u00e5 forbruk, personlig \u00f8konomi og selvbilde<\/li>\n\n\n\n<li>reflektere over hvordan de deltar i digital samhandling <\/li>\n\n\n\n<li>diskutere og bruke d\u00f8mmekraft, b\u00e5de p\u00e5 nett og sett i lys av gjeldende regler for reklame.<\/li>\n<\/ul>\n\n\n\n<h3 class=\"wp-block-heading\">Kunst og h\u00e5ndverk<\/h3>\n\n\n\n<p>Reklameskolen lar elevene ta del i en kritisk unders\u00f8kelse av forbrukskultur, og oppfordrer elevene til \u00e5 gj\u00f8re egne etiske valg i m\u00f8te med reklame. P\u00e5 denne m\u00e5ten kan Reklameskolen knyttes opp mot <a href=\"https:\/\/www.udir.no\/lk20\/khv01-02\/om-faget\/tverrfaglige-temaer\" target=\"_blank\" rel=\"noreferrer noopener\">det tverrfaglige temaet b\u00e6rekraftig utvikling<\/a>.<\/p>\n\n\n\n<p>Analyse av og arbeid med virkemidlene i reklame kan ogs\u00e5 knyttes opp mot flere av <a href=\"https:\/\/www.udir.no\/lk20\/khv01-02\/kompetansemaal-og-vurdering\/kv158\" target=\"_blank\" rel=\"noreferrer noopener\">kompetansem\u00e5lene i kunst og h\u00e5ndverk<\/a>:<\/p>\n\n\n\n<ul class=\"wp-block-list\">\n<li>Reklameskolen g\u00e5r gjennom flere av de viktigste visuelle virkemidlene i reklame. Dette kan l\u00e6re elevene \u00e5 analysere og forst\u00e5 visuelle virkemidler i flere forskjellige medier. <\/li>\n\n\n\n<li>Temaer som retusjert reklame og reglene for reklame til barn lar elevene unders\u00f8ke hvordan reklamen ofte viser frem, forsterker og spiller p\u00e5 kj\u00f8nnsroller, og kan v\u00e6re med p\u00e5 \u00e5 etablere og opprettholde stereotypier.<\/li>\n<\/ul>\n\n\n\n<p><\/p>\n","protected":false},"excerpt":{"rendered":"<p>Til l\u00e6reren Reklameskolen er et gratis digitalt undervisningsverkt\u00f8y om reklame utviklet av Forbrukertilsynet p\u00e5 oppdrag fra Barne- og familiedepartementet. Barn og unge i dag m\u00f8ter reklame hele tiden. I butikken, p\u00e5 skolen, i sosiale medier, i spill og p\u00e5 fritidsaktiviteter, for eksempel. Det er reklame overalt, og det er ikke alltid like lett \u00e5 vite [&hellip;]<\/p>\n","protected":false},"author":4,"featured_media":0,"parent":0,"menu_order":0,"comment_status":"closed","ping_status":"closed","template":"","meta":{"_acf_changed":false,"editor_notices":[],"footnotes":""},"class_list":["post-4735","page","type-page","status-publish","hentry"],"blocksy_meta":[],"acf":[],"yoast_head":"<!-- This site is optimized with the Yoast SEO plugin v25.9 - https:\/\/yoast.com\/wordpress\/plugins\/seo\/ -->\n<title>Til l\u00e6reren - Barneskole<\/title>\n<meta name=\"robots\" content=\"index, follow, max-snippet:-1, max-image-preview:large, max-video-preview:-1\" \/>\n<link rel=\"canonical\" href=\"https:\/\/reklameskolen.devz.no\/barneskole\/til-laereren\/\" \/>\n<meta property=\"og:locale\" content=\"nb_NO\" \/>\n<meta property=\"og:type\" content=\"article\" \/>\n<meta property=\"og:title\" content=\"Til l\u00e6reren - Barneskole\" \/>\n<meta property=\"og:description\" content=\"Til l\u00e6reren Reklameskolen er et gratis digitalt undervisningsverkt\u00f8y om reklame utviklet av Forbrukertilsynet p\u00e5 oppdrag fra Barne- og familiedepartementet. Barn og unge i dag m\u00f8ter reklame hele tiden. I butikken, p\u00e5 skolen, i sosiale medier, i spill og p\u00e5 fritidsaktiviteter, for eksempel. Det er reklame overalt, og det er ikke alltid like lett \u00e5 vite [&hellip;]\" \/>\n<meta property=\"og:url\" content=\"https:\/\/reklameskolen.devz.no\/barneskole\/til-laereren\/\" \/>\n<meta property=\"og:site_name\" content=\"Barneskole\" \/>\n<meta property=\"article:modified_time\" content=\"2024-05-08T10:11:14+00:00\" \/>\n<meta property=\"og:image\" content=\"https:\/\/reklameskolen.devz.no\/barneskole\/files\/2024\/05\/award.png\" \/>\n\t<meta property=\"og:image:width\" content=\"978\" \/>\n\t<meta property=\"og:image:height\" content=\"682\" \/>\n\t<meta property=\"og:image:type\" content=\"image\/png\" \/>\n<meta name=\"twitter:card\" content=\"summary_large_image\" \/>\n<meta name=\"twitter:label1\" content=\"Ansl. lesetid\" \/>\n\t<meta name=\"twitter:data1\" content=\"3 minutter\" \/>\n<script type=\"application\/ld+json\" class=\"yoast-schema-graph\">{\"@context\":\"https:\/\/schema.org\",\"@graph\":[{\"@type\":\"WebPage\",\"@id\":\"https:\/\/reklameskolen.devz.no\/barneskole\/til-laereren\/\",\"url\":\"https:\/\/reklameskolen.devz.no\/barneskole\/til-laereren\/\",\"name\":\"Til l\u00e6reren - Barneskole\",\"isPartOf\":{\"@id\":\"https:\/\/reklameskolen.devz.no\/barneskole\/#website\"},\"primaryImageOfPage\":{\"@id\":\"https:\/\/reklameskolen.devz.no\/barneskole\/til-laereren\/#primaryimage\"},\"image\":{\"@id\":\"https:\/\/reklameskolen.devz.no\/barneskole\/til-laereren\/#primaryimage\"},\"thumbnailUrl\":\"https:\/\/reklameskolen.devz.no\/barneskole\/files\/2024\/05\/award.png\",\"datePublished\":\"2023-08-23T13:13:15+00:00\",\"dateModified\":\"2024-05-08T10:11:14+00:00\",\"breadcrumb\":{\"@id\":\"https:\/\/reklameskolen.devz.no\/barneskole\/til-laereren\/#breadcrumb\"},\"inLanguage\":\"nb-NO\",\"potentialAction\":[{\"@type\":\"ReadAction\",\"target\":[\"https:\/\/reklameskolen.devz.no\/barneskole\/til-laereren\/\"]}]},{\"@type\":\"ImageObject\",\"inLanguage\":\"nb-NO\",\"@id\":\"https:\/\/reklameskolen.devz.no\/barneskole\/til-laereren\/#primaryimage\",\"url\":\"https:\/\/reklameskolen.devz.no\/barneskole\/files\/2024\/05\/award.png\",\"contentUrl\":\"https:\/\/reklameskolen.devz.no\/barneskole\/files\/2024\/05\/award.png\",\"width\":978,\"height\":682,\"caption\":\"Faksimile av diplomet for ICPEN Consumer Education Awards 2024\"},{\"@type\":\"BreadcrumbList\",\"@id\":\"https:\/\/reklameskolen.devz.no\/barneskole\/til-laereren\/#breadcrumb\",\"itemListElement\":[{\"@type\":\"ListItem\",\"position\":1,\"name\":\"Home\",\"item\":\"https:\/\/reklameskolen.devz.no\/barneskole\/\"},{\"@type\":\"ListItem\",\"position\":2,\"name\":\"Til l\u00e6reren\"}]},{\"@type\":\"WebSite\",\"@id\":\"https:\/\/reklameskolen.devz.no\/barneskole\/#website\",\"url\":\"https:\/\/reklameskolen.devz.no\/barneskole\/\",\"name\":\"Barneskole\",\"description\":\"Oppl\u00e6ringsverkt\u00f8y om reklame\",\"publisher\":{\"@id\":\"https:\/\/reklameskolen.devz.no\/barneskole\/#organization\"},\"potentialAction\":[{\"@type\":\"SearchAction\",\"target\":{\"@type\":\"EntryPoint\",\"urlTemplate\":\"https:\/\/reklameskolen.devz.no\/barneskole\/?s={search_term_string}\"},\"query-input\":{\"@type\":\"PropertyValueSpecification\",\"valueRequired\":true,\"valueName\":\"search_term_string\"}}],\"inLanguage\":\"nb-NO\"},{\"@type\":\"Organization\",\"@id\":\"https:\/\/reklameskolen.devz.no\/barneskole\/#organization\",\"name\":\"Barneskole\",\"url\":\"https:\/\/reklameskolen.devz.no\/barneskole\/\",\"logo\":{\"@type\":\"ImageObject\",\"inLanguage\":\"nb-NO\",\"@id\":\"https:\/\/reklameskolen.devz.no\/barneskole\/#\/schema\/logo\/image\/\",\"url\":\"https:\/\/reklameskolen.devz.no\/barneskole\/files\/2023\/08\/Reklameskolen-Logo-01.png\",\"contentUrl\":\"https:\/\/reklameskolen.devz.no\/barneskole\/files\/2023\/08\/Reklameskolen-Logo-01.png\",\"width\":2571,\"height\":950,\"caption\":\"Barneskole\"},\"image\":{\"@id\":\"https:\/\/reklameskolen.devz.no\/barneskole\/#\/schema\/logo\/image\/\"}}]}<\/script>\n<!-- \/ Yoast SEO plugin. -->","yoast_head_json":{"title":"Til l\u00e6reren - Barneskole","robots":{"index":"index","follow":"follow","max-snippet":"max-snippet:-1","max-image-preview":"max-image-preview:large","max-video-preview":"max-video-preview:-1"},"canonical":"https:\/\/reklameskolen.devz.no\/barneskole\/til-laereren\/","og_locale":"nb_NO","og_type":"article","og_title":"Til l\u00e6reren - Barneskole","og_description":"Til l\u00e6reren Reklameskolen er et gratis digitalt undervisningsverkt\u00f8y om reklame utviklet av Forbrukertilsynet p\u00e5 oppdrag fra Barne- og familiedepartementet. Barn og unge i dag m\u00f8ter reklame hele tiden. I butikken, p\u00e5 skolen, i sosiale medier, i spill og p\u00e5 fritidsaktiviteter, for eksempel. Det er reklame overalt, og det er ikke alltid like lett \u00e5 vite [&hellip;]","og_url":"https:\/\/reklameskolen.devz.no\/barneskole\/til-laereren\/","og_site_name":"Barneskole","article_modified_time":"2024-05-08T10:11:14+00:00","og_image":[{"width":978,"height":682,"url":"https:\/\/reklameskolen.devz.no\/barneskole\/files\/2024\/05\/award.png","type":"image\/png"}],"twitter_card":"summary_large_image","twitter_misc":{"Ansl. lesetid":"3 minutter"},"schema":{"@context":"https:\/\/schema.org","@graph":[{"@type":"WebPage","@id":"https:\/\/reklameskolen.devz.no\/barneskole\/til-laereren\/","url":"https:\/\/reklameskolen.devz.no\/barneskole\/til-laereren\/","name":"Til l\u00e6reren - Barneskole","isPartOf":{"@id":"https:\/\/reklameskolen.devz.no\/barneskole\/#website"},"primaryImageOfPage":{"@id":"https:\/\/reklameskolen.devz.no\/barneskole\/til-laereren\/#primaryimage"},"image":{"@id":"https:\/\/reklameskolen.devz.no\/barneskole\/til-laereren\/#primaryimage"},"thumbnailUrl":"https:\/\/reklameskolen.devz.no\/barneskole\/files\/2024\/05\/award.png","datePublished":"2023-08-23T13:13:15+00:00","dateModified":"2024-05-08T10:11:14+00:00","breadcrumb":{"@id":"https:\/\/reklameskolen.devz.no\/barneskole\/til-laereren\/#breadcrumb"},"inLanguage":"nb-NO","potentialAction":[{"@type":"ReadAction","target":["https:\/\/reklameskolen.devz.no\/barneskole\/til-laereren\/"]}]},{"@type":"ImageObject","inLanguage":"nb-NO","@id":"https:\/\/reklameskolen.devz.no\/barneskole\/til-laereren\/#primaryimage","url":"https:\/\/reklameskolen.devz.no\/barneskole\/files\/2024\/05\/award.png","contentUrl":"https:\/\/reklameskolen.devz.no\/barneskole\/files\/2024\/05\/award.png","width":978,"height":682,"caption":"Faksimile av diplomet for ICPEN Consumer Education Awards 2024"},{"@type":"BreadcrumbList","@id":"https:\/\/reklameskolen.devz.no\/barneskole\/til-laereren\/#breadcrumb","itemListElement":[{"@type":"ListItem","position":1,"name":"Home","item":"https:\/\/reklameskolen.devz.no\/barneskole\/"},{"@type":"ListItem","position":2,"name":"Til l\u00e6reren"}]},{"@type":"WebSite","@id":"https:\/\/reklameskolen.devz.no\/barneskole\/#website","url":"https:\/\/reklameskolen.devz.no\/barneskole\/","name":"Barneskole","description":"Oppl\u00e6ringsverkt\u00f8y om reklame","publisher":{"@id":"https:\/\/reklameskolen.devz.no\/barneskole\/#organization"},"potentialAction":[{"@type":"SearchAction","target":{"@type":"EntryPoint","urlTemplate":"https:\/\/reklameskolen.devz.no\/barneskole\/?s={search_term_string}"},"query-input":{"@type":"PropertyValueSpecification","valueRequired":true,"valueName":"search_term_string"}}],"inLanguage":"nb-NO"},{"@type":"Organization","@id":"https:\/\/reklameskolen.devz.no\/barneskole\/#organization","name":"Barneskole","url":"https:\/\/reklameskolen.devz.no\/barneskole\/","logo":{"@type":"ImageObject","inLanguage":"nb-NO","@id":"https:\/\/reklameskolen.devz.no\/barneskole\/#\/schema\/logo\/image\/","url":"https:\/\/reklameskolen.devz.no\/barneskole\/files\/2023\/08\/Reklameskolen-Logo-01.png","contentUrl":"https:\/\/reklameskolen.devz.no\/barneskole\/files\/2023\/08\/Reklameskolen-Logo-01.png","width":2571,"height":950,"caption":"Barneskole"},"image":{"@id":"https:\/\/reklameskolen.devz.no\/barneskole\/#\/schema\/logo\/image\/"}}]}},"_links":{"self":[{"href":"https:\/\/reklameskolen.devz.no\/barneskole\/wp-json\/wp\/v2\/pages\/4735","targetHints":{"allow":["GET"]}}],"collection":[{"href":"https:\/\/reklameskolen.devz.no\/barneskole\/wp-json\/wp\/v2\/pages"}],"about":[{"href":"https:\/\/reklameskolen.devz.no\/barneskole\/wp-json\/wp\/v2\/types\/page"}],"author":[{"embeddable":true,"href":"https:\/\/reklameskolen.devz.no\/barneskole\/wp-json\/wp\/v2\/users\/4"}],"replies":[{"embeddable":true,"href":"https:\/\/reklameskolen.devz.no\/barneskole\/wp-json\/wp\/v2\/comments?post=4735"}],"version-history":[{"count":14,"href":"https:\/\/reklameskolen.devz.no\/barneskole\/wp-json\/wp\/v2\/pages\/4735\/revisions"}],"predecessor-version":[{"id":5043,"href":"https:\/\/reklameskolen.devz.no\/barneskole\/wp-json\/wp\/v2\/pages\/4735\/revisions\/5043"}],"wp:attachment":[{"href":"https:\/\/reklameskolen.devz.no\/barneskole\/wp-json\/wp\/v2\/media?parent=4735"}],"curies":[{"name":"wp","href":"https:\/\/api.w.org\/{rel}","templated":true}]}}