{"id":4745,"date":"2023-08-24T12:58:46","date_gmt":"2023-08-24T10:58:46","guid":{"rendered":"https:\/\/reklameskolen.devz.no\/barneskole\/?page_id=4745"},"modified":"2023-08-28T14:43:55","modified_gmt":"2023-08-28T12:43:55","slug":"laererveiledning","status":"publish","type":"page","link":"https:\/\/reklameskolen.devz.no\/barneskole\/laererveiledning\/","title":{"rendered":"L\u00e6rerveiledning"},"content":{"rendered":"\n<h1 class=\"wp-block-heading\">L\u00e6rerveiledning<\/h1>\n\n\n\n<p>Reklameskolen best\u00e5r av to deler. Del 1 tar for seg hva reklame er, hva som er form\u00e5let med reklame og hvilke virkemidler reklamebransjen bruker for \u00e5 p\u00e5virke oss. Del 2 tar for seg seks ulike arenaer hvor elevene m\u00f8ter reklame:<\/p>\n\n\n\n<ol class=\"wp-block-list\" type=\"1\">\n<li><a href=\"https:\/\/reklameskolen.devz.no\/barneskole\/reklame-i-sosiale-medier\/\">Sosiale medier<\/a><\/li>\n\n\n\n<li><a href=\"https:\/\/reklameskolen.devz.no\/barneskole\/reklame-i-spill\/\">Spill<\/a><\/li>\n\n\n\n<li><a href=\"https:\/\/reklameskolen.devz.no\/barneskole\/reklame-pa-skolen\/\">Skolen<\/a><\/li>\n\n\n\n<li><a href=\"https:\/\/reklameskolen.devz.no\/barneskole\/reklame-rundt-oss\/\">Inne og ute<\/a> (buss, plakater, info-skjermer og lignende)<\/li>\n\n\n\n<li><a href=\"https:\/\/reklameskolen.devz.no\/barneskole\/reklame-i-alle-kanaler\/\">TV, mobil og PC<\/a><\/li>\n\n\n\n<li><a href=\"https:\/\/reklameskolen.devz.no\/barneskole\/reklame-i-butikken\/\">Butikken<\/a><\/li>\n<\/ol>\n\n\n\n<p>Reklameskolen er utviklet som et komplett digitalt oppl\u00e6ringsverkt\u00f8y, hvor elevene l\u00e6rer om reklame gjennom tekster, videoer og interaktive oppgaver. Elevene kan jobbe med Reklameskolen p\u00e5 egen h\u00e5nd, men opplegget fungerer best i en klasseromssetting hvor elevene kan diskutere enkelte temaer og problemstillinger med hverandre.<\/p>\n\n\n\n<p>Hele Reklameskolen kan gjennomf\u00f8res p\u00e5 ca. tre til fire timer. Mens de eldste elevene fint kan komme gjennom Reklameskolen p\u00e5 et par timer, vil nok de yngste &#8211; s\u00e6rlig 5. trinn &#8211; trenge mer tid.<ins><\/ins><\/p>\n\n\n\n<p>Nedenfor finner du en anbefalt fremgangsm\u00e5te. Det er naturligvis ogs\u00e5 mulig \u00e5 tilpasse opplegget. For eksempel kan du godt gi deler av opplegget i lekse, eller elevene kan se noen av videoene enkeltvis i stedet for i plenum. &nbsp;<\/p>\n\n\n\n<h2 class=\"wp-block-heading\">Forberedelser<\/h2>\n\n\n\n<p>&nbsp;Vi anbefaler at du g\u00e5r gjennom Reklameskolen p\u00e5 egen h\u00e5nd f\u00f8r du gjennomf\u00f8rer opplegget med elevene. Dette vil ta omtrent 20-30 minutter. Slik kan du gj\u00f8re deg kjent med oppsettet, sidestrukturen og innholdet.<\/p>\n\n\n\n<p>Elevene trenger PC eller nettbrett for \u00e5 gjennomf\u00f8re Reklameskolen, og de m\u00e5 ha tilgang til internett.<ins> <\/ins>Headset\/\u00f8repropper kan ogs\u00e5 v\u00e6re lurt. Du b\u00f8r ha Smartboard eller PC koblet til prosjektor\/storskjerm slik at du kan vise videoer og oppgaver i plenum.<\/p>\n\n\n\n<h2 class=\"wp-block-heading\">Reklamebrillene<\/h2>\n\n\n\n<p>Reklamebrillene er en metafor som brukes gjennom hele Reklameskolen. Det forklares i <a href=\"https:\/\/reklameskolen.devz.no\/barneskole\/reklamebrillene\/\">denne videoen<\/a>, men brukes i flere av filmene. Reklamebrillene viser at det er mulig \u00e5 trene seg opp til \u00e5 kjenne igjen reklame. De skal minne elevene p\u00e5 \u00e5 v\u00e6re bevisste p\u00e5 hva som er reklame, og p\u00e5 hvordan de blir p\u00e5virket av den.<\/p>\n\n\n\n<h2 class=\"wp-block-heading\">Del 1<\/h2>\n\n\n\n<ul class=\"wp-block-list\">\n<li>Se <a href=\"https:\/\/reklameskolen.devz.no\/barneskole\/reklame-pavirker-deg\/\">den f\u00f8rste videoen<\/a> i plenum. Diskuter i klasserommet: Hva er reklame? Hvorfor finnes det reklame? Blir vi p\u00e5virket av reklame? Hva er bra med reklame? Hva er dumt? Kan vi gj\u00f8re noe for \u00e5 bli mindre p\u00e5virket?<\/li>\n\n\n\n<li>La elevene jobbe selvstendig med oppgaven \u00ab<a href=\"https:\/\/reklameskolen.devz.no\/barneskole\/kjenner-du-igjen-reklamen\/\">Kjenner du igjen reklamen<\/a>\u00bb, og lese tekstene \u00abBetalt budskap\u00bb og \u00abHvem st\u00e5r bak reklamen\u00bb.<\/li>\n\n\n\n<li>G\u00e5 gjennom ordlista i \u00abHvem st\u00e5r bak reklamen\u00bb i plenum. Hvem er avsenderen og mottakeren av reklame? Hva er budskapet, og hvem er egentlig annons\u00f8ren?<\/li>\n\n\n\n<li>La elevene jobbe selvstendig med oppgaven \u00ab<a href=\"https:\/\/reklameskolen.devz.no\/barneskole\/hvem-sier-hva-til-hvem\/finn-annonsoren\/\">Finn annons\u00f8ren<\/a>\u00bb. G\u00e5 gjennom svarene i plenum dersom du ser at det er behov for dette.<\/li>\n\n\n\n<li>Se videoen \u00ab<a href=\"https:\/\/reklameskolen.devz.no\/barneskole\/virkemidler-i-reklame\/\">Virkemidler i reklame<\/a>\u00bb i fellesskap. Diskuter i plenum: Hva betyr det \u00e5 ta p\u00e5 reklamebrillene? Hvorfor er det lurt?<\/li>\n\n\n\n<li>La elevene lese tekstene \u00abViktige verkt\u00f8y\u00bb, \u00abOrd som virker\u00bb, \u00abFarger som forteller\u00bb og \u00abVaremerker og merkevarer\u00bb. Diskuter i klassen: Hva er sponsing? Har dere eksempler p\u00e5 at firmaer bruker kjente personer til merkevarebygging? Har dere v\u00e6rt med p\u00e5 arrangementer eller kjenner dere til lag som har blitt sponset?<\/li>\n\n\n\n<li>La elevene l\u00f8se oppgaven \u00ab<a href=\"https:\/\/reklameskolen.devz.no\/barneskole\/varemerker-og-merkevarer\/hvem-reklamerer-de-for\/\">Hvem reklamerer de for<\/a>\u00bb. Her kan det v\u00e6re en fordel at elevene jobber sammen i sm\u00e5 grupper p\u00e5 tre eller fire, gjerne b\u00e5de jenter og gutter p\u00e5 hver gruppe.<\/li>\n\n\n\n<li>La elevene g\u00e5 gjennom sidene \u00abBilder som lyver\u00bb og \u00abHva er retusjert reklame?\u00bb p\u00e5 egenh\u00e5nd. Diskuter i klassen: Har dere sett merket? Og hva tenker dere n\u00e5r dere ser det? Hvordan kan retusjert reklame f\u00f8re til kroppspress? Hjelper det at den retusjerte reklamen er merket?<ins><\/ins><\/li>\n\n\n\n<li>Se <a href=\"https:\/\/reklameskolen.devz.no\/barneskole\/den-digitale-halen\/\">filmen om den digitale halen<\/a> i plenum. La elevene hver for seg lese teksten \u00abAlgoritmene ser deg\u00bb. Diskuter i klassen: Hvorfor f\u00e5r du opp akkurat de innleggene du ser i sosiale medier? Hvordan bruker algoritmene informasjon om deg? Er det fint eller dumt at du f\u00e5r reklame som passer til det du liker? Hva kan du gj\u00f8re for at algoritmene skal vite mindre om deg?<\/li>\n\n\n\n<li>La elevene lese teksten \u00abRegler for reklame\u00bb og gj\u00f8re oppgaven \u00ab<a href=\"https:\/\/reklameskolen.devz.no\/barneskole\/regler-for-reklame\/hva-er-lov\/\">Hva er lov<\/a>?\u00bb p\u00e5 egenh\u00e5nd. Diskuter i plenum: Hvorfor er det egne regler for reklame til barn? Tror dere reglene virker?<\/li>\n\n\n\n<li>Oppsummer: Hva har dere l\u00e6rt om reklame? Hvordan kan dere bruke det dere har l\u00e6rt?<\/li>\n<\/ul>\n\n\n\n<h2 class=\"wp-block-heading\">Del 2<\/h2>\n\n\n\n<p>Denne delen best\u00e5r som nevnt av seks forskjellige arenaer hvor elevene m\u00f8ter reklame i hverdagen. Det er mulig \u00e5 g\u00e5 gjennom temaene i den rekkef\u00f8lgen dere selv \u00f8nsker, men vi har satt opp et forslag under.<\/p>\n\n\n\n<p>Det er naturligvis ogs\u00e5 mulig \u00e5 bare velge ut noen av temaene dere \u00f8nsker \u00e5 g\u00e5 gjennom.<\/p>\n\n\n\n<h3 class=\"wp-block-heading\">Forslag til gjennomf\u00f8ring:<\/h3>\n\n\n\n<h4 class=\"wp-block-heading\">Hjemmelekse: <\/h4>\n\n\n\n<p>La elevene se videoen om <a href=\"https:\/\/reklameskolen.devz.no\/barneskole\/reklamebrillene\/\">reklamebrillene<\/a>. <\/p>\n\n\n\n<p>Det er naturligvis ogs\u00e5 mulig \u00e5 se denne filmen i plenum p\u00e5 skolen.<\/p>\n\n\n\n<h4 class=\"wp-block-heading\">P\u00e5 skolen:<\/h4>\n\n\n\n<ol class=\"wp-block-list\" type=\"1\">\n<li><strong>Reklame i sosiale medier<\/strong><br>Se videoen i plenum. Diskuter i klassen: Hva er en influenser? Hvilke influensere vet dere om? Hvordan tjener de pengene sine?<br>La elevene jobbe med sidene \u00abHva er en influenser?\u00bb, \u00abEn dag i mitt liv\u00bb, \u00abSynlig og usynlig\u00bb og \u00abFinn reklamemerkingen\u00bb p\u00e5 egenh\u00e5nd.<\/li>\n\n\n\n<li><strong>Reklame i spill<\/strong><br>Se videoen i plenum. Diskuter i klassen: Har du opplevd reklame i spill? Syns du det er lett \u00e5 se hva som er reklame i spill? Har du opplevd at det kan koste penger \u00e5 kj\u00f8pe ting i gratisspill?<br>La elevene lese teksten \u00abPenger og produkter\u00bb og jobbe med oppgaven \u00abFinn reklamen\u00bb p\u00e5 egen<del> <\/del>h\u00e5nd.<\/li>\n\n\n\n<li><strong>Reklame p\u00e5 skolen<\/strong><br>La elevene lese teksten \u00abReklame p\u00e5 skolen\u00bb p\u00e5 egenh\u00e5nd.<br>Diskuter i klassen: Er det reklame p\u00e5 skolen deres? Hvorfor er noe reklame lov p\u00e5 skolen, mens andre typer reklame ikke er det?<br>La elevene jobbe selvstendig med \u00abEr dette lov p\u00e5 skolen\u00bb.<\/li>\n\n\n\n<li><strong>Inne og ute<\/strong><br>Dette temaet kan elevene jobbe med p\u00e5 egenh\u00e5nd.<\/li>\n\n\n\n<li><strong>TV, mobil og PC<\/strong><br>La elevene lese teksten \u00abReklame i alle kanaler\u00bb<br>Diskuter i klassen: Vet dere om noen eksempler p\u00e5 produktplassering? Hvorfor betaler firmaer for denne typen reklame? Hvorfor tror dere produktplassering m\u00e5 merkes?<br>La elevene jobbe selvstendig med oppgaven \u00abFinner du produktplasseringen\u00bb.<\/li>\n\n\n\n<li><strong>I butikken<\/strong><br>Dette temaet kan elevene jobbe med p\u00e5 egenh\u00e5nd.<\/li>\n<\/ol>\n\n\n\n<h2 class=\"wp-block-heading\">Oppsummering<\/h2>\n\n\n\n<p>Diskuter i klassen: Har dere l\u00e6rt noe nytt om reklame? Hva overrasket deg mest? Hva kommer dere til \u00e5 huske best?<\/p>\n\n\n\n<p><\/p>\n","protected":false},"excerpt":{"rendered":"<p>L\u00e6rerveiledning Reklameskolen best\u00e5r av to deler. Del 1 tar for seg hva reklame er, hva som er form\u00e5let med reklame og hvilke virkemidler reklamebransjen bruker for \u00e5 p\u00e5virke oss. Del 2 tar for seg seks ulike arenaer hvor elevene m\u00f8ter reklame: Reklameskolen er utviklet som et komplett digitalt oppl\u00e6ringsverkt\u00f8y, hvor elevene l\u00e6rer om reklame gjennom [&hellip;]<\/p>\n","protected":false},"author":4,"featured_media":0,"parent":0,"menu_order":0,"comment_status":"closed","ping_status":"closed","template":"","meta":{"_acf_changed":false,"editor_notices":[],"footnotes":""},"class_list":["post-4745","page","type-page","status-publish","hentry"],"blocksy_meta":[],"acf":[],"yoast_head":"<!-- This site is optimized with the Yoast SEO plugin v25.9 - https:\/\/yoast.com\/wordpress\/plugins\/seo\/ -->\n<title>L\u00e6rerveiledning - Barneskole<\/title>\n<meta name=\"robots\" content=\"index, follow, max-snippet:-1, max-image-preview:large, max-video-preview:-1\" \/>\n<link rel=\"canonical\" href=\"https:\/\/reklameskolen.devz.no\/barneskole\/laererveiledning\/\" \/>\n<meta property=\"og:locale\" content=\"nb_NO\" \/>\n<meta property=\"og:type\" content=\"article\" \/>\n<meta property=\"og:title\" content=\"L\u00e6rerveiledning - Barneskole\" \/>\n<meta property=\"og:description\" content=\"L\u00e6rerveiledning Reklameskolen best\u00e5r av to deler. Del 1 tar for seg hva reklame er, hva som er form\u00e5let med reklame og hvilke virkemidler reklamebransjen bruker for \u00e5 p\u00e5virke oss. Del 2 tar for seg seks ulike arenaer hvor elevene m\u00f8ter reklame: Reklameskolen er utviklet som et komplett digitalt oppl\u00e6ringsverkt\u00f8y, hvor elevene l\u00e6rer om reklame gjennom [&hellip;]\" \/>\n<meta property=\"og:url\" content=\"https:\/\/reklameskolen.devz.no\/barneskole\/laererveiledning\/\" \/>\n<meta property=\"og:site_name\" content=\"Barneskole\" \/>\n<meta property=\"article:modified_time\" content=\"2023-08-28T12:43:55+00:00\" \/>\n<meta name=\"twitter:card\" content=\"summary_large_image\" \/>\n<meta name=\"twitter:label1\" content=\"Ansl. lesetid\" \/>\n\t<meta name=\"twitter:data1\" content=\"5 minutter\" \/>\n<script type=\"application\/ld+json\" class=\"yoast-schema-graph\">{\"@context\":\"https:\/\/schema.org\",\"@graph\":[{\"@type\":\"WebPage\",\"@id\":\"https:\/\/reklameskolen.devz.no\/barneskole\/laererveiledning\/\",\"url\":\"https:\/\/reklameskolen.devz.no\/barneskole\/laererveiledning\/\",\"name\":\"L\u00e6rerveiledning - Barneskole\",\"isPartOf\":{\"@id\":\"https:\/\/reklameskolen.devz.no\/barneskole\/#website\"},\"datePublished\":\"2023-08-24T10:58:46+00:00\",\"dateModified\":\"2023-08-28T12:43:55+00:00\",\"breadcrumb\":{\"@id\":\"https:\/\/reklameskolen.devz.no\/barneskole\/laererveiledning\/#breadcrumb\"},\"inLanguage\":\"nb-NO\",\"potentialAction\":[{\"@type\":\"ReadAction\",\"target\":[\"https:\/\/reklameskolen.devz.no\/barneskole\/laererveiledning\/\"]}]},{\"@type\":\"BreadcrumbList\",\"@id\":\"https:\/\/reklameskolen.devz.no\/barneskole\/laererveiledning\/#breadcrumb\",\"itemListElement\":[{\"@type\":\"ListItem\",\"position\":1,\"name\":\"Home\",\"item\":\"https:\/\/reklameskolen.devz.no\/barneskole\/\"},{\"@type\":\"ListItem\",\"position\":2,\"name\":\"L\u00e6rerveiledning\"}]},{\"@type\":\"WebSite\",\"@id\":\"https:\/\/reklameskolen.devz.no\/barneskole\/#website\",\"url\":\"https:\/\/reklameskolen.devz.no\/barneskole\/\",\"name\":\"Barneskole\",\"description\":\"Oppl\u00e6ringsverkt\u00f8y om reklame\",\"publisher\":{\"@id\":\"https:\/\/reklameskolen.devz.no\/barneskole\/#organization\"},\"potentialAction\":[{\"@type\":\"SearchAction\",\"target\":{\"@type\":\"EntryPoint\",\"urlTemplate\":\"https:\/\/reklameskolen.devz.no\/barneskole\/?s={search_term_string}\"},\"query-input\":{\"@type\":\"PropertyValueSpecification\",\"valueRequired\":true,\"valueName\":\"search_term_string\"}}],\"inLanguage\":\"nb-NO\"},{\"@type\":\"Organization\",\"@id\":\"https:\/\/reklameskolen.devz.no\/barneskole\/#organization\",\"name\":\"Barneskole\",\"url\":\"https:\/\/reklameskolen.devz.no\/barneskole\/\",\"logo\":{\"@type\":\"ImageObject\",\"inLanguage\":\"nb-NO\",\"@id\":\"https:\/\/reklameskolen.devz.no\/barneskole\/#\/schema\/logo\/image\/\",\"url\":\"https:\/\/reklameskolen.devz.no\/barneskole\/files\/2023\/08\/Reklameskolen-Logo-01.png\",\"contentUrl\":\"https:\/\/reklameskolen.devz.no\/barneskole\/files\/2023\/08\/Reklameskolen-Logo-01.png\",\"width\":2571,\"height\":950,\"caption\":\"Barneskole\"},\"image\":{\"@id\":\"https:\/\/reklameskolen.devz.no\/barneskole\/#\/schema\/logo\/image\/\"}}]}<\/script>\n<!-- \/ Yoast SEO plugin. -->","yoast_head_json":{"title":"L\u00e6rerveiledning - Barneskole","robots":{"index":"index","follow":"follow","max-snippet":"max-snippet:-1","max-image-preview":"max-image-preview:large","max-video-preview":"max-video-preview:-1"},"canonical":"https:\/\/reklameskolen.devz.no\/barneskole\/laererveiledning\/","og_locale":"nb_NO","og_type":"article","og_title":"L\u00e6rerveiledning - Barneskole","og_description":"L\u00e6rerveiledning Reklameskolen best\u00e5r av to deler. Del 1 tar for seg hva reklame er, hva som er form\u00e5let med reklame og hvilke virkemidler reklamebransjen bruker for \u00e5 p\u00e5virke oss. Del 2 tar for seg seks ulike arenaer hvor elevene m\u00f8ter reklame: Reklameskolen er utviklet som et komplett digitalt oppl\u00e6ringsverkt\u00f8y, hvor elevene l\u00e6rer om reklame gjennom [&hellip;]","og_url":"https:\/\/reklameskolen.devz.no\/barneskole\/laererveiledning\/","og_site_name":"Barneskole","article_modified_time":"2023-08-28T12:43:55+00:00","twitter_card":"summary_large_image","twitter_misc":{"Ansl. lesetid":"5 minutter"},"schema":{"@context":"https:\/\/schema.org","@graph":[{"@type":"WebPage","@id":"https:\/\/reklameskolen.devz.no\/barneskole\/laererveiledning\/","url":"https:\/\/reklameskolen.devz.no\/barneskole\/laererveiledning\/","name":"L\u00e6rerveiledning - Barneskole","isPartOf":{"@id":"https:\/\/reklameskolen.devz.no\/barneskole\/#website"},"datePublished":"2023-08-24T10:58:46+00:00","dateModified":"2023-08-28T12:43:55+00:00","breadcrumb":{"@id":"https:\/\/reklameskolen.devz.no\/barneskole\/laererveiledning\/#breadcrumb"},"inLanguage":"nb-NO","potentialAction":[{"@type":"ReadAction","target":["https:\/\/reklameskolen.devz.no\/barneskole\/laererveiledning\/"]}]},{"@type":"BreadcrumbList","@id":"https:\/\/reklameskolen.devz.no\/barneskole\/laererveiledning\/#breadcrumb","itemListElement":[{"@type":"ListItem","position":1,"name":"Home","item":"https:\/\/reklameskolen.devz.no\/barneskole\/"},{"@type":"ListItem","position":2,"name":"L\u00e6rerveiledning"}]},{"@type":"WebSite","@id":"https:\/\/reklameskolen.devz.no\/barneskole\/#website","url":"https:\/\/reklameskolen.devz.no\/barneskole\/","name":"Barneskole","description":"Oppl\u00e6ringsverkt\u00f8y om reklame","publisher":{"@id":"https:\/\/reklameskolen.devz.no\/barneskole\/#organization"},"potentialAction":[{"@type":"SearchAction","target":{"@type":"EntryPoint","urlTemplate":"https:\/\/reklameskolen.devz.no\/barneskole\/?s={search_term_string}"},"query-input":{"@type":"PropertyValueSpecification","valueRequired":true,"valueName":"search_term_string"}}],"inLanguage":"nb-NO"},{"@type":"Organization","@id":"https:\/\/reklameskolen.devz.no\/barneskole\/#organization","name":"Barneskole","url":"https:\/\/reklameskolen.devz.no\/barneskole\/","logo":{"@type":"ImageObject","inLanguage":"nb-NO","@id":"https:\/\/reklameskolen.devz.no\/barneskole\/#\/schema\/logo\/image\/","url":"https:\/\/reklameskolen.devz.no\/barneskole\/files\/2023\/08\/Reklameskolen-Logo-01.png","contentUrl":"https:\/\/reklameskolen.devz.no\/barneskole\/files\/2023\/08\/Reklameskolen-Logo-01.png","width":2571,"height":950,"caption":"Barneskole"},"image":{"@id":"https:\/\/reklameskolen.devz.no\/barneskole\/#\/schema\/logo\/image\/"}}]}},"_links":{"self":[{"href":"https:\/\/reklameskolen.devz.no\/barneskole\/wp-json\/wp\/v2\/pages\/4745","targetHints":{"allow":["GET"]}}],"collection":[{"href":"https:\/\/reklameskolen.devz.no\/barneskole\/wp-json\/wp\/v2\/pages"}],"about":[{"href":"https:\/\/reklameskolen.devz.no\/barneskole\/wp-json\/wp\/v2\/types\/page"}],"author":[{"embeddable":true,"href":"https:\/\/reklameskolen.devz.no\/barneskole\/wp-json\/wp\/v2\/users\/4"}],"replies":[{"embeddable":true,"href":"https:\/\/reklameskolen.devz.no\/barneskole\/wp-json\/wp\/v2\/comments?post=4745"}],"version-history":[{"count":11,"href":"https:\/\/reklameskolen.devz.no\/barneskole\/wp-json\/wp\/v2\/pages\/4745\/revisions"}],"predecessor-version":[{"id":5049,"href":"https:\/\/reklameskolen.devz.no\/barneskole\/wp-json\/wp\/v2\/pages\/4745\/revisions\/5049"}],"wp:attachment":[{"href":"https:\/\/reklameskolen.devz.no\/barneskole\/wp-json\/wp\/v2\/media?parent=4745"}],"curies":[{"name":"wp","href":"https:\/\/api.w.org\/{rel}","templated":true}]}}