{"id":4790,"date":"2023-10-17T13:11:28","date_gmt":"2023-10-17T11:11:28","guid":{"rendered":"https:\/\/reklameskolen.devz.no\/barneskole\/?page_id=4790"},"modified":"2023-10-17T13:11:28","modified_gmt":"2023-10-17T11:11:28","slug":"videoer","status":"publish","type":"page","link":"https:\/\/reklameskolen.devz.no\/barneskole\/videoer\/","title":{"rendered":"Videoer"},"content":{"rendered":"\n<h1 class=\"wp-block-heading\">Videoer<\/h1>\n\n\n\n<h2 class=\"wp-block-heading\">Her finner du en oversikt over alle videoene p\u00e5 Reklameskolen for mellomtrinnet:<\/h2>\n\n\n\n<div class=\"wp-block-media-text is-stacked-on-mobile\" style=\"grid-template-columns:25% auto\"><figure class=\"wp-block-media-text__media\"><a href=\"https:\/\/reklameskolen.devz.no\/barneskole\/reklame-pavirker-deg\/\"><img loading=\"lazy\" decoding=\"async\" width=\"866\" height=\"496\" src=\"https:\/\/reklameskolen.devz.no\/barneskole\/files\/2023\/10\/Reklameskolen-YouTube.png\" alt=\"Skjermbilde fra video for Reklameskolen. Illustrasjonen viser en gutt som ligger p\u00e5 en sofa med en mobil i h\u00e5nda. Bak ham kan vi se en TV. Teksten nederst p\u00e5 skjermen sl\u00e5r fast at &quot;Det er reklame over alt&quot;.\" class=\"wp-image-4801 size-full\" srcset=\"https:\/\/reklameskolen.devz.no\/barneskole\/files\/2023\/10\/Reklameskolen-YouTube.png 866w, https:\/\/reklameskolen.devz.no\/barneskole\/files\/2023\/10\/Reklameskolen-YouTube-300x172.png 300w, https:\/\/reklameskolen.devz.no\/barneskole\/files\/2023\/10\/Reklameskolen-YouTube-768x440.png 768w, https:\/\/reklameskolen.devz.no\/barneskole\/files\/2023\/10\/Reklameskolen-YouTube-150x86.png 150w\" sizes=\"auto, (max-width: 866px) 100vw, 866px\" \/><\/a><\/figure><div class=\"wp-block-media-text__content\">\n<h3 class=\"wp-block-heading\"><a rel=\"noreferrer noopener\" href=\"https:\/\/reklameskolen.devz.no\/barneskole\/reklame-pavirker-deg\/\" target=\"_blank\">Reklame p\u00e5virker deg.<\/a><\/h3>\n\n\n\n<p>Det er reklame over alt. Men hva er egentlig reklame? Og hvordan p\u00e5virker reklamen oss?<\/p>\n<\/div><\/div>\n\n\n\n<div class=\"wp-block-media-text is-stacked-on-mobile\" style=\"grid-template-columns:25% auto\"><figure class=\"wp-block-media-text__media\"><a href=\"https:\/\/reklameskolen.devz.no\/barneskole\/virkemidler-i-reklame\/\"><img loading=\"lazy\" decoding=\"async\" width=\"863\" height=\"494\" src=\"https:\/\/reklameskolen.devz.no\/barneskole\/files\/2023\/10\/Virkemidler-i-reklame-YouTube.png\" alt=\"Illustrasjon av en buss med en reklameplakat. Plakaten viser to leende barn, og har teksten &quot;Lekeland - moro for hele familien&quot;.\" class=\"wp-image-4800 size-full\" srcset=\"https:\/\/reklameskolen.devz.no\/barneskole\/files\/2023\/10\/Virkemidler-i-reklame-YouTube.png 863w, https:\/\/reklameskolen.devz.no\/barneskole\/files\/2023\/10\/Virkemidler-i-reklame-YouTube-300x172.png 300w, https:\/\/reklameskolen.devz.no\/barneskole\/files\/2023\/10\/Virkemidler-i-reklame-YouTube-768x440.png 768w, https:\/\/reklameskolen.devz.no\/barneskole\/files\/2023\/10\/Virkemidler-i-reklame-YouTube-150x86.png 150w\" sizes=\"auto, (max-width: 863px) 100vw, 863px\" \/><\/a><\/figure><div class=\"wp-block-media-text__content\">\n<h3 class=\"wp-block-heading\"><a rel=\"noreferrer noopener\" href=\"https:\/\/reklameskolen.devz.no\/barneskole\/virkemidler-i-reklame\/\" target=\"_blank\">Virkemidler i reklame<\/a><\/h3>\n\n\n\n<p>De som lager reklame, bruker mange forskjellige virkemidler for \u00e5 p\u00e5virke deg. Tar du p\u00e5 deg reklamebrillene og ser n\u00f8ye etter, blir det lettere \u00e5 skj\u00f8nne hvordan reklamen virker.<\/p>\n<\/div><\/div>\n\n\n\n<div class=\"wp-block-media-text is-stacked-on-mobile\" style=\"grid-template-columns:25% auto\"><figure class=\"wp-block-media-text__media\"><a href=\"https:\/\/reklameskolen.devz.no\/barneskole\/den-digitale-halen\/\"><img loading=\"lazy\" decoding=\"async\" width=\"863\" height=\"494\" src=\"https:\/\/reklameskolen.devz.no\/barneskole\/files\/2023\/10\/Hvor-lang-er-den-digitale-halen-din_-YouTube.png\" alt=\"Skjermdump fra filmen &quot;Hvor lang er den digitale halen din?&quot;. P\u00e5 skjermen ser vi en telefon med en video med Finn Myrstad fra Forbrukerr\u00e5det. I bagfunnen ser vi en bardisk.\" class=\"wp-image-4803 size-full\" srcset=\"https:\/\/reklameskolen.devz.no\/barneskole\/files\/2023\/10\/Hvor-lang-er-den-digitale-halen-din_-YouTube.png 863w, https:\/\/reklameskolen.devz.no\/barneskole\/files\/2023\/10\/Hvor-lang-er-den-digitale-halen-din_-YouTube-300x172.png 300w, https:\/\/reklameskolen.devz.no\/barneskole\/files\/2023\/10\/Hvor-lang-er-den-digitale-halen-din_-YouTube-768x440.png 768w, https:\/\/reklameskolen.devz.no\/barneskole\/files\/2023\/10\/Hvor-lang-er-den-digitale-halen-din_-YouTube-150x86.png 150w\" sizes=\"auto, (max-width: 863px) 100vw, 863px\" \/><\/a><\/figure><div class=\"wp-block-media-text__content\">\n<h3 class=\"wp-block-heading\"><a rel=\"noreferrer noopener\" href=\"https:\/\/reklameskolen.devz.no\/barneskole\/den-digitale-halen\/\" target=\"_blank\">Den digitale halen<\/a> (fra Medietilsynet og Forbrukerr\u00e5det)<\/h3>\n\n\n\n<p>Mange firmaer f\u00f8lger med p\u00e5 hva du gj\u00f8r p\u00e5 nett. De vet hva du liker, hva du pleier \u00e5 kj\u00f8pe, og hvem vennene dine er. Alt dette blir til en digital hale av informasjon som du sleper med deg overalt p\u00e5 nettet. <\/p>\n<\/div><\/div>\n\n\n\n<div class=\"wp-block-media-text is-stacked-on-mobile\" style=\"grid-template-columns:25% auto\"><figure class=\"wp-block-media-text__media\"><a href=\"https:\/\/reklameskolen.devz.no\/barneskole\/reklamebrillene\/\"><img loading=\"lazy\" decoding=\"async\" width=\"863\" height=\"494\" src=\"https:\/\/reklameskolen.devz.no\/barneskole\/files\/2023\/10\/Se-verden-med-reklamebriller-YouTube.png\" alt=\"Skjermbilde fra videoen &quot;Se verden med reklamebriller&quot;. Bildet viser en gutt som ligger og sover. P\u00e5 nattbordet i forgrunnen ligger et par briller. Teksten nederst p\u00e5 skjermen lyder: &quot;s\u00e5 la oss utstyre Sondre her med et par &quot;reklamebriller&quot;.&quot;\" class=\"wp-image-4805 size-full\" srcset=\"https:\/\/reklameskolen.devz.no\/barneskole\/files\/2023\/10\/Se-verden-med-reklamebriller-YouTube.png 863w, https:\/\/reklameskolen.devz.no\/barneskole\/files\/2023\/10\/Se-verden-med-reklamebriller-YouTube-300x172.png 300w, https:\/\/reklameskolen.devz.no\/barneskole\/files\/2023\/10\/Se-verden-med-reklamebriller-YouTube-768x440.png 768w, https:\/\/reklameskolen.devz.no\/barneskole\/files\/2023\/10\/Se-verden-med-reklamebriller-YouTube-150x86.png 150w\" sizes=\"auto, (max-width: 863px) 100vw, 863px\" \/><\/a><\/figure><div class=\"wp-block-media-text__content\">\n<h3 class=\"wp-block-heading\"><a rel=\"noreferrer noopener\" href=\"https:\/\/reklameskolen.devz.no\/barneskole\/reklamebrillene\/\" target=\"_blank\">Se verden med reklamebriller<\/a><\/h3>\n\n\n\n<p>Det er ikke alltid s\u00e5 lett \u00e5 vite hvilke budskap som er betalt reklame. Tenk om det fantes reklamebriller som lot deg se hva som er reklame!<\/p>\n<\/div><\/div>\n\n\n\n<div class=\"wp-block-media-text is-stacked-on-mobile\" style=\"grid-template-columns:25% auto\"><figure class=\"wp-block-media-text__media\"><a href=\"https:\/\/reklameskolen.devz.no\/barneskole\/reklame-i-sosiale-medier\/\"><img loading=\"lazy\" decoding=\"async\" width=\"864\" height=\"495\" src=\"https:\/\/reklameskolen.devz.no\/barneskole\/files\/2023\/10\/Reklame-i-sosiale-medier-YouTube.png\" alt=\"Skjermbilde fra videoen &quot;Reklame i sosiale medier&quot;. Illustrasjonen viser to barn som ser p\u00e5 en influenser p\u00e5 en mobil. Teksten nederst p\u00e5 skjermen lyder &quot;Derfor er det ofte vanskelig \u00e5 vite hva influenserne faktisk liker selv&quot;.\" class=\"wp-image-4807 size-full\" srcset=\"https:\/\/reklameskolen.devz.no\/barneskole\/files\/2023\/10\/Reklame-i-sosiale-medier-YouTube.png 864w, https:\/\/reklameskolen.devz.no\/barneskole\/files\/2023\/10\/Reklame-i-sosiale-medier-YouTube-300x172.png 300w, https:\/\/reklameskolen.devz.no\/barneskole\/files\/2023\/10\/Reklame-i-sosiale-medier-YouTube-768x440.png 768w, https:\/\/reklameskolen.devz.no\/barneskole\/files\/2023\/10\/Reklame-i-sosiale-medier-YouTube-150x86.png 150w\" sizes=\"auto, (max-width: 864px) 100vw, 864px\" \/><\/a><\/figure><div class=\"wp-block-media-text__content\">\n<h3 class=\"wp-block-heading\"><a rel=\"noreferrer noopener\" href=\"https:\/\/reklameskolen.devz.no\/barneskole\/reklame-i-sosiale-medier\/\" target=\"_blank\">Reklame i sosiale medier<\/a><\/h3>\n\n\n\n<p>Mange influensere deler s\u00e5 mye fra livene sine at det er lett \u00e5 tenke at du kjenner dem p\u00e5 ordentlig. Nesten som om de var vennene dine. Men influensere driver ogs\u00e5 med reklame. Mange firmaer betaler dem for \u00e5 vise fram og skryte av tingene de selger.<\/p>\n<\/div><\/div>\n\n\n\n<div class=\"wp-block-media-text is-stacked-on-mobile\" style=\"grid-template-columns:25% auto\"><figure class=\"wp-block-media-text__media\"><a href=\"https:\/\/reklameskolen.devz.no\/barneskole\/reklame-i-spill\/\"><img loading=\"lazy\" decoding=\"async\" width=\"867\" height=\"496\" src=\"https:\/\/reklameskolen.devz.no\/barneskole\/files\/2023\/10\/Reklame-i-spill-YouTube.png\" alt=\"Skjermbilde fra videoen &quot;Reklame i spill&quot;. Illustrasjonen viser to barn foran en skjerm hvor det st\u00e5r &quot;Game over&quot;. Teksten nederst p\u00e5 skjermen lyder &quot;umulig \u00e5 gj\u00f8re det bra uten \u00e5 kj\u00f8pe noe&quot;.\" class=\"wp-image-4809 size-full\" srcset=\"https:\/\/reklameskolen.devz.no\/barneskole\/files\/2023\/10\/Reklame-i-spill-YouTube.png 867w, https:\/\/reklameskolen.devz.no\/barneskole\/files\/2023\/10\/Reklame-i-spill-YouTube-300x172.png 300w, https:\/\/reklameskolen.devz.no\/barneskole\/files\/2023\/10\/Reklame-i-spill-YouTube-768x439.png 768w, https:\/\/reklameskolen.devz.no\/barneskole\/files\/2023\/10\/Reklame-i-spill-YouTube-150x86.png 150w\" sizes=\"auto, (max-width: 867px) 100vw, 867px\" \/><\/a><\/figure><div class=\"wp-block-media-text__content\">\n<h3 class=\"wp-block-heading\"><a rel=\"noreferrer noopener\" href=\"https:\/\/reklameskolen.devz.no\/barneskole\/reklame-i-spill\/\" target=\"_blank\">Reklame i spill<\/a><\/h3>\n\n\n\n<p>Gaming er g\u00f8y! Men hvis du ikke passer p\u00e5, kan det fort bli dyrt. Mange spillselskap vil at du skal bruke s\u00e5 mye penger som mulig i spillene deres.<\/p>\n<\/div><\/div>\n\n\n\n<div style=\"height:100px\" aria-hidden=\"true\" class=\"wp-block-spacer\"><\/div>\n","protected":false},"excerpt":{"rendered":"<p>Videoer Her finner du en oversikt over alle videoene p\u00e5 Reklameskolen for mellomtrinnet: Reklame p\u00e5virker deg. Det er reklame over alt. Men hva er egentlig reklame? Og hvordan p\u00e5virker reklamen oss? Virkemidler i reklame De som lager reklame, bruker mange forskjellige virkemidler for \u00e5 p\u00e5virke deg. Tar du p\u00e5 deg reklamebrillene og ser n\u00f8ye etter, [&hellip;]<\/p>\n","protected":false},"author":4,"featured_media":0,"parent":0,"menu_order":0,"comment_status":"closed","ping_status":"closed","template":"","meta":{"_acf_changed":false,"editor_notices":[],"footnotes":""},"class_list":["post-4790","page","type-page","status-publish","hentry"],"blocksy_meta":[],"acf":[],"yoast_head":"<!-- This site is optimized with the Yoast SEO plugin v25.9 - https:\/\/yoast.com\/wordpress\/plugins\/seo\/ -->\n<title>Videoer - Barneskole<\/title>\n<meta name=\"robots\" content=\"index, follow, max-snippet:-1, max-image-preview:large, max-video-preview:-1\" \/>\n<link rel=\"canonical\" href=\"https:\/\/reklameskolen.devz.no\/barneskole\/videoer\/\" \/>\n<meta property=\"og:locale\" content=\"nb_NO\" \/>\n<meta property=\"og:type\" content=\"article\" \/>\n<meta property=\"og:title\" content=\"Videoer - Barneskole\" \/>\n<meta property=\"og:description\" content=\"Videoer Her finner du en oversikt over alle videoene p\u00e5 Reklameskolen for mellomtrinnet: Reklame p\u00e5virker deg. Det er reklame over alt. Men hva er egentlig reklame? Og hvordan p\u00e5virker reklamen oss? Virkemidler i reklame De som lager reklame, bruker mange forskjellige virkemidler for \u00e5 p\u00e5virke deg. Tar du p\u00e5 deg reklamebrillene og ser n\u00f8ye etter, [&hellip;]\" \/>\n<meta property=\"og:url\" content=\"https:\/\/reklameskolen.devz.no\/barneskole\/videoer\/\" \/>\n<meta property=\"og:site_name\" content=\"Barneskole\" \/>\n<meta property=\"og:image\" content=\"https:\/\/reklameskolen.devz.no\/barneskole\/files\/2023\/10\/Reklameskolen-YouTube.png\" \/>\n\t<meta property=\"og:image:width\" content=\"866\" \/>\n\t<meta property=\"og:image:height\" content=\"496\" \/>\n\t<meta property=\"og:image:type\" content=\"image\/png\" \/>\n<meta name=\"twitter:card\" content=\"summary_large_image\" \/>\n<meta name=\"twitter:label1\" content=\"Ansl. lesetid\" \/>\n\t<meta name=\"twitter:data1\" content=\"1 minutt\" \/>\n<script type=\"application\/ld+json\" class=\"yoast-schema-graph\">{\"@context\":\"https:\/\/schema.org\",\"@graph\":[{\"@type\":\"WebPage\",\"@id\":\"https:\/\/reklameskolen.devz.no\/barneskole\/videoer\/\",\"url\":\"https:\/\/reklameskolen.devz.no\/barneskole\/videoer\/\",\"name\":\"Videoer - Barneskole\",\"isPartOf\":{\"@id\":\"https:\/\/reklameskolen.devz.no\/barneskole\/#website\"},\"primaryImageOfPage\":{\"@id\":\"https:\/\/reklameskolen.devz.no\/barneskole\/videoer\/#primaryimage\"},\"image\":{\"@id\":\"https:\/\/reklameskolen.devz.no\/barneskole\/videoer\/#primaryimage\"},\"thumbnailUrl\":\"https:\/\/reklameskolen.devz.no\/barneskole\/files\/2023\/10\/Reklameskolen-YouTube.png\",\"datePublished\":\"2023-10-17T11:11:28+00:00\",\"breadcrumb\":{\"@id\":\"https:\/\/reklameskolen.devz.no\/barneskole\/videoer\/#breadcrumb\"},\"inLanguage\":\"nb-NO\",\"potentialAction\":[{\"@type\":\"ReadAction\",\"target\":[\"https:\/\/reklameskolen.devz.no\/barneskole\/videoer\/\"]}]},{\"@type\":\"ImageObject\",\"inLanguage\":\"nb-NO\",\"@id\":\"https:\/\/reklameskolen.devz.no\/barneskole\/videoer\/#primaryimage\",\"url\":\"https:\/\/reklameskolen.devz.no\/barneskole\/files\/2023\/10\/Reklameskolen-YouTube.png\",\"contentUrl\":\"https:\/\/reklameskolen.devz.no\/barneskole\/files\/2023\/10\/Reklameskolen-YouTube.png\",\"width\":866,\"height\":496},{\"@type\":\"BreadcrumbList\",\"@id\":\"https:\/\/reklameskolen.devz.no\/barneskole\/videoer\/#breadcrumb\",\"itemListElement\":[{\"@type\":\"ListItem\",\"position\":1,\"name\":\"Home\",\"item\":\"https:\/\/reklameskolen.devz.no\/barneskole\/\"},{\"@type\":\"ListItem\",\"position\":2,\"name\":\"Videoer\"}]},{\"@type\":\"WebSite\",\"@id\":\"https:\/\/reklameskolen.devz.no\/barneskole\/#website\",\"url\":\"https:\/\/reklameskolen.devz.no\/barneskole\/\",\"name\":\"Barneskole\",\"description\":\"Oppl\u00e6ringsverkt\u00f8y om reklame\",\"publisher\":{\"@id\":\"https:\/\/reklameskolen.devz.no\/barneskole\/#organization\"},\"potentialAction\":[{\"@type\":\"SearchAction\",\"target\":{\"@type\":\"EntryPoint\",\"urlTemplate\":\"https:\/\/reklameskolen.devz.no\/barneskole\/?s={search_term_string}\"},\"query-input\":{\"@type\":\"PropertyValueSpecification\",\"valueRequired\":true,\"valueName\":\"search_term_string\"}}],\"inLanguage\":\"nb-NO\"},{\"@type\":\"Organization\",\"@id\":\"https:\/\/reklameskolen.devz.no\/barneskole\/#organization\",\"name\":\"Barneskole\",\"url\":\"https:\/\/reklameskolen.devz.no\/barneskole\/\",\"logo\":{\"@type\":\"ImageObject\",\"inLanguage\":\"nb-NO\",\"@id\":\"https:\/\/reklameskolen.devz.no\/barneskole\/#\/schema\/logo\/image\/\",\"url\":\"https:\/\/reklameskolen.devz.no\/barneskole\/files\/2023\/08\/Reklameskolen-Logo-01.png\",\"contentUrl\":\"https:\/\/reklameskolen.devz.no\/barneskole\/files\/2023\/08\/Reklameskolen-Logo-01.png\",\"width\":2571,\"height\":950,\"caption\":\"Barneskole\"},\"image\":{\"@id\":\"https:\/\/reklameskolen.devz.no\/barneskole\/#\/schema\/logo\/image\/\"}}]}<\/script>\n<!-- \/ Yoast SEO plugin. -->","yoast_head_json":{"title":"Videoer - Barneskole","robots":{"index":"index","follow":"follow","max-snippet":"max-snippet:-1","max-image-preview":"max-image-preview:large","max-video-preview":"max-video-preview:-1"},"canonical":"https:\/\/reklameskolen.devz.no\/barneskole\/videoer\/","og_locale":"nb_NO","og_type":"article","og_title":"Videoer - Barneskole","og_description":"Videoer Her finner du en oversikt over alle videoene p\u00e5 Reklameskolen for mellomtrinnet: Reklame p\u00e5virker deg. Det er reklame over alt. Men hva er egentlig reklame? Og hvordan p\u00e5virker reklamen oss? Virkemidler i reklame De som lager reklame, bruker mange forskjellige virkemidler for \u00e5 p\u00e5virke deg. Tar du p\u00e5 deg reklamebrillene og ser n\u00f8ye etter, [&hellip;]","og_url":"https:\/\/reklameskolen.devz.no\/barneskole\/videoer\/","og_site_name":"Barneskole","og_image":[{"width":866,"height":496,"url":"https:\/\/reklameskolen.devz.no\/barneskole\/files\/2023\/10\/Reklameskolen-YouTube.png","type":"image\/png"}],"twitter_card":"summary_large_image","twitter_misc":{"Ansl. lesetid":"1 minutt"},"schema":{"@context":"https:\/\/schema.org","@graph":[{"@type":"WebPage","@id":"https:\/\/reklameskolen.devz.no\/barneskole\/videoer\/","url":"https:\/\/reklameskolen.devz.no\/barneskole\/videoer\/","name":"Videoer - Barneskole","isPartOf":{"@id":"https:\/\/reklameskolen.devz.no\/barneskole\/#website"},"primaryImageOfPage":{"@id":"https:\/\/reklameskolen.devz.no\/barneskole\/videoer\/#primaryimage"},"image":{"@id":"https:\/\/reklameskolen.devz.no\/barneskole\/videoer\/#primaryimage"},"thumbnailUrl":"https:\/\/reklameskolen.devz.no\/barneskole\/files\/2023\/10\/Reklameskolen-YouTube.png","datePublished":"2023-10-17T11:11:28+00:00","breadcrumb":{"@id":"https:\/\/reklameskolen.devz.no\/barneskole\/videoer\/#breadcrumb"},"inLanguage":"nb-NO","potentialAction":[{"@type":"ReadAction","target":["https:\/\/reklameskolen.devz.no\/barneskole\/videoer\/"]}]},{"@type":"ImageObject","inLanguage":"nb-NO","@id":"https:\/\/reklameskolen.devz.no\/barneskole\/videoer\/#primaryimage","url":"https:\/\/reklameskolen.devz.no\/barneskole\/files\/2023\/10\/Reklameskolen-YouTube.png","contentUrl":"https:\/\/reklameskolen.devz.no\/barneskole\/files\/2023\/10\/Reklameskolen-YouTube.png","width":866,"height":496},{"@type":"BreadcrumbList","@id":"https:\/\/reklameskolen.devz.no\/barneskole\/videoer\/#breadcrumb","itemListElement":[{"@type":"ListItem","position":1,"name":"Home","item":"https:\/\/reklameskolen.devz.no\/barneskole\/"},{"@type":"ListItem","position":2,"name":"Videoer"}]},{"@type":"WebSite","@id":"https:\/\/reklameskolen.devz.no\/barneskole\/#website","url":"https:\/\/reklameskolen.devz.no\/barneskole\/","name":"Barneskole","description":"Oppl\u00e6ringsverkt\u00f8y om reklame","publisher":{"@id":"https:\/\/reklameskolen.devz.no\/barneskole\/#organization"},"potentialAction":[{"@type":"SearchAction","target":{"@type":"EntryPoint","urlTemplate":"https:\/\/reklameskolen.devz.no\/barneskole\/?s={search_term_string}"},"query-input":{"@type":"PropertyValueSpecification","valueRequired":true,"valueName":"search_term_string"}}],"inLanguage":"nb-NO"},{"@type":"Organization","@id":"https:\/\/reklameskolen.devz.no\/barneskole\/#organization","name":"Barneskole","url":"https:\/\/reklameskolen.devz.no\/barneskole\/","logo":{"@type":"ImageObject","inLanguage":"nb-NO","@id":"https:\/\/reklameskolen.devz.no\/barneskole\/#\/schema\/logo\/image\/","url":"https:\/\/reklameskolen.devz.no\/barneskole\/files\/2023\/08\/Reklameskolen-Logo-01.png","contentUrl":"https:\/\/reklameskolen.devz.no\/barneskole\/files\/2023\/08\/Reklameskolen-Logo-01.png","width":2571,"height":950,"caption":"Barneskole"},"image":{"@id":"https:\/\/reklameskolen.devz.no\/barneskole\/#\/schema\/logo\/image\/"}}]}},"_links":{"self":[{"href":"https:\/\/reklameskolen.devz.no\/barneskole\/wp-json\/wp\/v2\/pages\/4790","targetHints":{"allow":["GET"]}}],"collection":[{"href":"https:\/\/reklameskolen.devz.no\/barneskole\/wp-json\/wp\/v2\/pages"}],"about":[{"href":"https:\/\/reklameskolen.devz.no\/barneskole\/wp-json\/wp\/v2\/types\/page"}],"author":[{"embeddable":true,"href":"https:\/\/reklameskolen.devz.no\/barneskole\/wp-json\/wp\/v2\/users\/4"}],"replies":[{"embeddable":true,"href":"https:\/\/reklameskolen.devz.no\/barneskole\/wp-json\/wp\/v2\/comments?post=4790"}],"version-history":[{"count":21,"href":"https:\/\/reklameskolen.devz.no\/barneskole\/wp-json\/wp\/v2\/pages\/4790\/revisions"}],"predecessor-version":[{"id":4817,"href":"https:\/\/reklameskolen.devz.no\/barneskole\/wp-json\/wp\/v2\/pages\/4790\/revisions\/4817"}],"wp:attachment":[{"href":"https:\/\/reklameskolen.devz.no\/barneskole\/wp-json\/wp\/v2\/media?parent=4790"}],"curies":[{"name":"wp","href":"https:\/\/api.w.org\/{rel}","templated":true}]}}