{"id":4918,"date":"2024-01-09T12:49:06","date_gmt":"2024-01-09T11:49:06","guid":{"rendered":"https:\/\/reklameskolen.devz.no\/barneskole\/?page_id=4918"},"modified":"2024-01-09T14:21:59","modified_gmt":"2024-01-09T13:21:59","slug":"oppgaver","status":"publish","type":"page","link":"https:\/\/reklameskolen.devz.no\/barneskole\/oppgaver\/","title":{"rendered":"Oppgaver"},"content":{"rendered":"\n<h1 class=\"wp-block-heading\">Oppgaver<\/h1>\n\n\n\n<h2 class=\"wp-block-heading\">Her finner du en oversikt over alle interaktive oppgaver p\u00e5 Reklameskolen for mellomtrinnet:<\/h2>\n\n\n\n<div class=\"wp-block-media-text is-stacked-on-mobile\" style=\"grid-template-columns:30% auto\"><figure class=\"wp-block-media-text__media\"><a href=\"https:\/\/reklameskolen.devz.no\/barneskole\/kjenner-du-igjen-reklamen\/\"><img loading=\"lazy\" decoding=\"async\" width=\"1024\" height=\"576\" src=\"https:\/\/reklameskolen.devz.no\/barneskole\/files\/2024\/01\/Kjenner-du-igjen-reklamen_-\u2013-NY-1024x576.jpg\" alt=\"Skjermbilde av oppgaven &quot;Kjenner du igjen reklamen?&quot; fra Reklameskolen.\" class=\"wp-image-4943 size-full\" srcset=\"https:\/\/reklameskolen.devz.no\/barneskole\/files\/2024\/01\/Kjenner-du-igjen-reklamen_-\u2013-NY-1024x576.jpg 1024w, https:\/\/reklameskolen.devz.no\/barneskole\/files\/2024\/01\/Kjenner-du-igjen-reklamen_-\u2013-NY-300x169.jpg 300w, https:\/\/reklameskolen.devz.no\/barneskole\/files\/2024\/01\/Kjenner-du-igjen-reklamen_-\u2013-NY-768x432.jpg 768w, https:\/\/reklameskolen.devz.no\/barneskole\/files\/2024\/01\/Kjenner-du-igjen-reklamen_-\u2013-NY-150x84.jpg 150w, https:\/\/reklameskolen.devz.no\/barneskole\/files\/2024\/01\/Kjenner-du-igjen-reklamen_-\u2013-NY.jpg 1085w\" sizes=\"auto, (max-width: 1024px) 100vw, 1024px\" \/><\/a><\/figure><div class=\"wp-block-media-text__content\">\n<h3 class=\"wp-block-heading\"><a href=\"https:\/\/reklameskolen.devz.no\/barneskole\/kjenner-du-igjen-reklamen\/\">Kjenner du igjen reklamen?<\/a><\/h3>\n\n\n\n<p>Det er reklame overalt rundt oss. Men det er ikke alltid like lett \u00e5 se hva som er reklame. Klarer du \u00e5 finne all reklamen p\u00e5 disse bildene?<\/p>\n<\/div><\/div>\n\n\n\n<div class=\"wp-block-media-text is-stacked-on-mobile\" style=\"grid-template-columns:30% auto\"><figure class=\"wp-block-media-text__media\"><a href=\"https:\/\/reklameskolen.devz.no\/barneskole\/hvem-sier-hva-til-hvem\/finn-annonsoren\/\"><img loading=\"lazy\" decoding=\"async\" width=\"912\" height=\"513\" src=\"https:\/\/reklameskolen.devz.no\/barneskole\/files\/2024\/01\/Finn-annonsoren-\u2013-lite.jpg\" alt=\"Skjermbilde av oppgaven &quot;Finn annons\u00f8ren&quot; fra Reklameskolen.\" class=\"wp-image-4922 size-full\" srcset=\"https:\/\/reklameskolen.devz.no\/barneskole\/files\/2024\/01\/Finn-annonsoren-\u2013-lite.jpg 912w, https:\/\/reklameskolen.devz.no\/barneskole\/files\/2024\/01\/Finn-annonsoren-\u2013-lite-300x169.jpg 300w, https:\/\/reklameskolen.devz.no\/barneskole\/files\/2024\/01\/Finn-annonsoren-\u2013-lite-768x432.jpg 768w, https:\/\/reklameskolen.devz.no\/barneskole\/files\/2024\/01\/Finn-annonsoren-\u2013-lite-150x84.jpg 150w\" sizes=\"auto, (max-width: 912px) 100vw, 912px\" \/><\/a><\/figure><div class=\"wp-block-media-text__content\">\n<h3 class=\"wp-block-heading\"><a href=\"https:\/\/reklameskolen.devz.no\/barneskole\/hvem-sier-hva-til-hvem\/finn-annonsoren\/\">Finn annons\u00f8ren<\/a><\/h3>\n\n\n\n<p>Ofte kan det v\u00e6re vanskelig \u00e5 vite hvem som er annons\u00f8ren bak et reklamebudskap. Klarer du \u00e5 se hvem som er annons\u00f8ren bak  reklamen p\u00e5 disse bildene?&nbsp;<\/p>\n<\/div><\/div>\n\n\n\n<div class=\"wp-block-media-text is-stacked-on-mobile\" style=\"grid-template-columns:30% auto\"><figure class=\"wp-block-media-text__media\"><a href=\"https:\/\/reklameskolen.devz.no\/barneskole\/varemerker-og-merkevarer\/hvem-reklamerer-de-for\/\"><img loading=\"lazy\" decoding=\"async\" width=\"886\" height=\"498\" src=\"https:\/\/reklameskolen.devz.no\/barneskole\/files\/2024\/01\/Hvem-sponser-landslaget_-\u2013-lite.jpg\" alt=\"Skjermbilde av oppgaven &quot;Hvem sponser landslaget?&quot; fra Reklameskolen.\" class=\"wp-image-4924 size-full\" srcset=\"https:\/\/reklameskolen.devz.no\/barneskole\/files\/2024\/01\/Hvem-sponser-landslaget_-\u2013-lite.jpg 886w, https:\/\/reklameskolen.devz.no\/barneskole\/files\/2024\/01\/Hvem-sponser-landslaget_-\u2013-lite-300x169.jpg 300w, https:\/\/reklameskolen.devz.no\/barneskole\/files\/2024\/01\/Hvem-sponser-landslaget_-\u2013-lite-768x432.jpg 768w, https:\/\/reklameskolen.devz.no\/barneskole\/files\/2024\/01\/Hvem-sponser-landslaget_-\u2013-lite-150x84.jpg 150w\" sizes=\"auto, (max-width: 886px) 100vw, 886px\" \/><\/a><\/figure><div class=\"wp-block-media-text__content\">\n<h3 class=\"wp-block-heading\"><a href=\"https:\/\/reklameskolen.devz.no\/barneskole\/varemerker-og-merkevarer\/hvem-reklamerer-de-for\/\">Hvem sponser landslaget?<\/a><\/h3>\n\n\n\n<p>Mange firmaer sponser idrettsut\u00f8vere eller andre kjente personer. Men hvor godt virker det egentlig? Ser du hvilket fruktfirma som sponser det norske fotballandslaget?<\/p>\n<\/div><\/div>\n\n\n\n<div class=\"wp-block-media-text is-stacked-on-mobile\" style=\"grid-template-columns:30% auto\"><figure class=\"wp-block-media-text__media\"><a href=\"https:\/\/reklameskolen.devz.no\/barneskole\/regler-for-reklame\/hva-er-lov\/\"><img loading=\"lazy\" decoding=\"async\" width=\"830\" height=\"467\" src=\"https:\/\/reklameskolen.devz.no\/barneskole\/files\/2024\/01\/Hva-er-lov_-\u2013-NY.jpg\" alt=\"Skjermbilde av oppgaven &quot;Hva er lov?&quot; fra Reklameskolen.\" class=\"wp-image-4947 size-full\" srcset=\"https:\/\/reklameskolen.devz.no\/barneskole\/files\/2024\/01\/Hva-er-lov_-\u2013-NY.jpg 830w, https:\/\/reklameskolen.devz.no\/barneskole\/files\/2024\/01\/Hva-er-lov_-\u2013-NY-300x169.jpg 300w, https:\/\/reklameskolen.devz.no\/barneskole\/files\/2024\/01\/Hva-er-lov_-\u2013-NY-768x432.jpg 768w, https:\/\/reklameskolen.devz.no\/barneskole\/files\/2024\/01\/Hva-er-lov_-\u2013-NY-150x84.jpg 150w\" sizes=\"auto, (max-width: 830px) 100vw, 830px\" \/><\/a><\/figure><div class=\"wp-block-media-text__content\">\n<h3 class=\"wp-block-heading\"><a href=\"https:\/\/reklameskolen.devz.no\/barneskole\/regler-for-reklame\/hva-er-lov\/\">Hva er lov?<\/a><\/h3>\n\n\n\n<p>Det er ikke forbudt \u00e5 lage reklame for barn. Men i Norge har vi lovregler som skal beskytte barn mot noen typer reklame. I denne oppgaven f\u00e5r du se flere eksempler p\u00e5 reklame til barn. Hva er lov ?<\/p>\n<\/div><\/div>\n\n\n\n<div class=\"wp-block-media-text is-stacked-on-mobile\" style=\"grid-template-columns:30% auto\"><figure class=\"wp-block-media-text__media\"><a href=\"https:\/\/reklameskolen.devz.no\/barneskole\/reklame-i-sosiale-medier\/en-dag-i-mitt-liv\/\"><img loading=\"lazy\" decoding=\"async\" width=\"873\" height=\"491\" src=\"https:\/\/reklameskolen.devz.no\/barneskole\/files\/2024\/01\/En-dag-i-mitt-liv-\u2013-LIte.jpg\" alt=\"\" class=\"wp-image-4927 size-full\" srcset=\"https:\/\/reklameskolen.devz.no\/barneskole\/files\/2024\/01\/En-dag-i-mitt-liv-\u2013-LIte.jpg 873w, https:\/\/reklameskolen.devz.no\/barneskole\/files\/2024\/01\/En-dag-i-mitt-liv-\u2013-LIte-300x169.jpg 300w, https:\/\/reklameskolen.devz.no\/barneskole\/files\/2024\/01\/En-dag-i-mitt-liv-\u2013-LIte-768x432.jpg 768w, https:\/\/reklameskolen.devz.no\/barneskole\/files\/2024\/01\/En-dag-i-mitt-liv-\u2013-LIte-150x84.jpg 150w\" sizes=\"auto, (max-width: 873px) 100vw, 873px\" \/><\/a><\/figure><div class=\"wp-block-media-text__content\">\n<h3 class=\"wp-block-heading\"><a href=\"https:\/\/reklameskolen.devz.no\/barneskole\/reklame-i-sosiale-medier\/en-dag-i-mitt-liv\/\">En dag i mitt liv<\/a><\/h3>\n\n\n\n<p>F\u00f8lg denne influenseren gjennom en hel dag. Klarer du \u00e5 se hvilke innlegg som inneholder reklame?<\/p>\n<\/div><\/div>\n\n\n\n<div class=\"wp-block-media-text is-stacked-on-mobile\" style=\"grid-template-columns:30% auto\"><figure class=\"wp-block-media-text__media\"><a href=\"https:\/\/reklameskolen.devz.no\/barneskole\/reklame-i-sosiale-medier\/finn-reklamemerkingen\/\"><img loading=\"lazy\" decoding=\"async\" width=\"746\" height=\"420\" src=\"https:\/\/reklameskolen.devz.no\/barneskole\/files\/2024\/01\/Finn-reklamemerkingen-\u2013-NY.jpg\" alt=\"Skjermbilde av oppgaven &quot;Finn reklamemerkingen&quot; fra Reklameskolen.\" class=\"wp-image-4949 size-full\" srcset=\"https:\/\/reklameskolen.devz.no\/barneskole\/files\/2024\/01\/Finn-reklamemerkingen-\u2013-NY.jpg 746w, https:\/\/reklameskolen.devz.no\/barneskole\/files\/2024\/01\/Finn-reklamemerkingen-\u2013-NY-300x169.jpg 300w, https:\/\/reklameskolen.devz.no\/barneskole\/files\/2024\/01\/Finn-reklamemerkingen-\u2013-NY-150x84.jpg 150w\" sizes=\"auto, (max-width: 746px) 100vw, 746px\" \/><\/a><\/figure><div class=\"wp-block-media-text__content\">\n<h3 class=\"wp-block-heading\"><a href=\"https:\/\/reklameskolen.devz.no\/barneskole\/reklame-i-sosiale-medier\/finn-reklamemerkingen\/\">Finn reklamemerkingen<\/a><\/h3>\n\n\n\n<p>All reklame skal se ut som reklame. I sosiale medier b\u00f8r reklame merkes tydelig, slik at det er lett \u00e5 se at det er reklame.<\/p>\n\n\n\n<p>Ser du reklamemerkingen i disse innleggene?<\/p>\n<\/div><\/div>\n\n\n\n<div class=\"wp-block-media-text is-stacked-on-mobile\" style=\"grid-template-columns:30% auto\"><figure class=\"wp-block-media-text__media\"><a href=\"https:\/\/reklameskolen.devz.no\/barneskole\/reklame-i-spill\/finn-reklamen\/\"><img loading=\"lazy\" decoding=\"async\" width=\"824\" height=\"464\" src=\"https:\/\/reklameskolen.devz.no\/barneskole\/files\/2024\/01\/Reklamei-spill-Finn-reklamen-\u2013-LIte.jpg\" alt=\"Skjermbilde av oppgaven &quot;Finn reklamen&quot; fra Reklameskolen.\" class=\"wp-image-4929 size-full\" srcset=\"https:\/\/reklameskolen.devz.no\/barneskole\/files\/2024\/01\/Reklamei-spill-Finn-reklamen-\u2013-LIte.jpg 824w, https:\/\/reklameskolen.devz.no\/barneskole\/files\/2024\/01\/Reklamei-spill-Finn-reklamen-\u2013-LIte-300x169.jpg 300w, https:\/\/reklameskolen.devz.no\/barneskole\/files\/2024\/01\/Reklamei-spill-Finn-reklamen-\u2013-LIte-768x432.jpg 768w, https:\/\/reklameskolen.devz.no\/barneskole\/files\/2024\/01\/Reklamei-spill-Finn-reklamen-\u2013-LIte-150x84.jpg 150w\" sizes=\"auto, (max-width: 824px) 100vw, 824px\" \/><\/a><\/figure><div class=\"wp-block-media-text__content\">\n<h3 class=\"wp-block-heading\"><a href=\"https:\/\/reklameskolen.devz.no\/barneskole\/reklame-i-spill\/finn-reklamen\/\">Finn reklamen i spillene<\/a><\/h3>\n\n\n\n<p>Mange spill er fulle av produktplassering. Andre maser stadig p\u00e5 at du skal kj\u00f8pe noe i spillet.&nbsp;<\/p>\n\n\n\n<p>Ser du produktplasseringen og kj\u00f8psoppfordringene i disse spillene?<\/p>\n<\/div><\/div>\n\n\n\n<div class=\"wp-block-media-text is-stacked-on-mobile\" style=\"grid-template-columns:30% auto\"><figure class=\"wp-block-media-text__media\"><a href=\"https:\/\/reklameskolen.devz.no\/barneskole\/reklame-pa-skolen\/er-dette-lov-pa-skolen\/\"><img loading=\"lazy\" decoding=\"async\" width=\"1007\" height=\"566\" src=\"https:\/\/reklameskolen.devz.no\/barneskole\/files\/2024\/01\/Er-dette-lov-pa-skolen_-\u2013-lite.png\" alt=\"Skjermbilde av oppgaven &quot;Er dette lov p\u00e5 skolen?&quot; fra Reklameskolen.\" class=\"wp-image-4933 size-full\" srcset=\"https:\/\/reklameskolen.devz.no\/barneskole\/files\/2024\/01\/Er-dette-lov-pa-skolen_-\u2013-lite.png 1007w, https:\/\/reklameskolen.devz.no\/barneskole\/files\/2024\/01\/Er-dette-lov-pa-skolen_-\u2013-lite-300x169.png 300w, https:\/\/reklameskolen.devz.no\/barneskole\/files\/2024\/01\/Er-dette-lov-pa-skolen_-\u2013-lite-768x432.png 768w, https:\/\/reklameskolen.devz.no\/barneskole\/files\/2024\/01\/Er-dette-lov-pa-skolen_-\u2013-lite-150x84.png 150w\" sizes=\"auto, (max-width: 1007px) 100vw, 1007px\" \/><\/a><\/figure><div class=\"wp-block-media-text__content\">\n<h3 class=\"wp-block-heading\"><a href=\"https:\/\/reklameskolen.devz.no\/barneskole\/reklame-pa-skolen\/er-dette-lov-pa-skolen\/\">Er dette lov p\u00e5 skolen?<\/a><\/h3>\n\n\n\n<p>Skolen kan bestemme selv hvilken reklame de vil slippe til, men det finnes noen hovedregler som alle skoler m\u00e5 f\u00f8lge.\u202f&nbsp; Se p\u00e5 reklameeksemplene i oppgaven. Er det lov \u00e5 ha denne reklamen p\u00e5 skolen?<\/p>\n<\/div><\/div>\n\n\n\n<div class=\"wp-block-media-text is-stacked-on-mobile\" style=\"grid-template-columns:30% auto\"><figure class=\"wp-block-media-text__media\"><a href=\"https:\/\/reklameskolen.devz.no\/barneskole\/reklame-rundt-oss\/hvor-finner-du-reklame\/\"><img loading=\"lazy\" decoding=\"async\" width=\"840\" height=\"473\" src=\"https:\/\/reklameskolen.devz.no\/barneskole\/files\/2024\/01\/Hvor-finner-du-reklame_-\u2013lite.jpg\" alt=\"Skjermbilde av oppgaven &quot;Hvor finner du reklame?&quot; fra Reklameskolen.\" class=\"wp-image-4935 size-full\" srcset=\"https:\/\/reklameskolen.devz.no\/barneskole\/files\/2024\/01\/Hvor-finner-du-reklame_-\u2013lite.jpg 840w, https:\/\/reklameskolen.devz.no\/barneskole\/files\/2024\/01\/Hvor-finner-du-reklame_-\u2013lite-300x169.jpg 300w, https:\/\/reklameskolen.devz.no\/barneskole\/files\/2024\/01\/Hvor-finner-du-reklame_-\u2013lite-768x432.jpg 768w, https:\/\/reklameskolen.devz.no\/barneskole\/files\/2024\/01\/Hvor-finner-du-reklame_-\u2013lite-150x84.jpg 150w\" sizes=\"auto, (max-width: 840px) 100vw, 840px\" \/><\/a><\/figure><div class=\"wp-block-media-text__content\">\n<h3 class=\"wp-block-heading\"><a href=\"https:\/\/reklameskolen.devz.no\/barneskole\/reklame-rundt-oss\/hvor-finner-du-reklame\/\">Hvor finner du reklame?<\/a><\/h3>\n\n\n\n<p>I denne oppgaven skal du finne ord for steder du kan finne reklame.<\/p>\n<\/div><\/div>\n\n\n\n<div class=\"wp-block-media-text is-stacked-on-mobile\" style=\"grid-template-columns:30% auto\"><figure class=\"wp-block-media-text__media\"><a href=\"https:\/\/reklameskolen.devz.no\/barneskole\/reklame-i-alle-kanaler\/finner-du-produktplasseringen\/\"><img loading=\"lazy\" decoding=\"async\" width=\"761\" height=\"428\" src=\"https:\/\/reklameskolen.devz.no\/barneskole\/files\/2024\/01\/Finner-du-produktplasseringen_-\u2013-Lite.jpg\" alt=\"Skjermbilde av oppgaven &quot;Finner du produktplasseringen?&quot; fra Reklameskolen.\" class=\"wp-image-4936 size-full\" srcset=\"https:\/\/reklameskolen.devz.no\/barneskole\/files\/2024\/01\/Finner-du-produktplasseringen_-\u2013-Lite.jpg 761w, https:\/\/reklameskolen.devz.no\/barneskole\/files\/2024\/01\/Finner-du-produktplasseringen_-\u2013-Lite-300x169.jpg 300w, https:\/\/reklameskolen.devz.no\/barneskole\/files\/2024\/01\/Finner-du-produktplasseringen_-\u2013-Lite-150x84.jpg 150w\" sizes=\"auto, (max-width: 761px) 100vw, 761px\" \/><\/a><\/figure><div class=\"wp-block-media-text__content\">\n<h3 class=\"wp-block-heading\"><a href=\"https:\/\/reklameskolen.devz.no\/barneskole\/reklame-i-alle-kanaler\/finner-du-produktplasseringen\/\">Finner du produktplasseringen?<\/a><\/h3>\n\n\n\n<p>Mange annons\u00f8rer betaler for \u00e5 vise fram produktene sine inne i selve videoene. Dette kaller vi produktplassering.<\/p>\n\n\n\n<p>Finner du produktplasseringen i disse bildene?<\/p>\n<\/div><\/div>\n\n\n\n<div class=\"wp-block-media-text is-stacked-on-mobile\" style=\"grid-template-columns:30% auto\"><figure class=\"wp-block-media-text__media\"><a href=\"https:\/\/reklameskolen.devz.no\/barneskole\/reklame-i-butikken\/virkemidler-i-butikken\/\"><img loading=\"lazy\" decoding=\"async\" width=\"944\" height=\"531\" src=\"https:\/\/reklameskolen.devz.no\/barneskole\/files\/2024\/01\/Virkemidler-i-butikken-\u2013-Lite.jpg\" alt=\"Skjermbilde av oppgaven &quot;Virkemidler i butikken&quot; fra Reklameskolen.\" class=\"wp-image-4938 size-full\" srcset=\"https:\/\/reklameskolen.devz.no\/barneskole\/files\/2024\/01\/Virkemidler-i-butikken-\u2013-Lite.jpg 944w, https:\/\/reklameskolen.devz.no\/barneskole\/files\/2024\/01\/Virkemidler-i-butikken-\u2013-Lite-300x169.jpg 300w, https:\/\/reklameskolen.devz.no\/barneskole\/files\/2024\/01\/Virkemidler-i-butikken-\u2013-Lite-768x432.jpg 768w, https:\/\/reklameskolen.devz.no\/barneskole\/files\/2024\/01\/Virkemidler-i-butikken-\u2013-Lite-150x84.jpg 150w\" sizes=\"auto, (max-width: 944px) 100vw, 944px\" \/><\/a><\/figure><div class=\"wp-block-media-text__content\">\n<h3 class=\"wp-block-heading\"><a href=\"https:\/\/reklameskolen.devz.no\/barneskole\/reklame-i-butikken\/virkemidler-i-butikken\/\">Virkemidler i butikken<\/a><\/h3>\n\n\n\n<p>Kan du finne alle virkemidlene som er brukt i denne nettbutikken?<\/p>\n<\/div><\/div>\n\n\n\n<div style=\"height:100px\" aria-hidden=\"true\" class=\"wp-block-spacer\"><\/div>\n","protected":false},"excerpt":{"rendered":"<p>Oppgaver Her finner du en oversikt over alle interaktive oppgaver p\u00e5 Reklameskolen for mellomtrinnet: Kjenner du igjen reklamen? Det er reklame overalt rundt oss. Men det er ikke alltid like lett \u00e5 se hva som er reklame. Klarer du \u00e5 finne all reklamen p\u00e5 disse bildene? Finn annons\u00f8ren Ofte kan det v\u00e6re vanskelig \u00e5 vite [&hellip;]<\/p>\n","protected":false},"author":4,"featured_media":0,"parent":0,"menu_order":0,"comment_status":"closed","ping_status":"closed","template":"","meta":{"_acf_changed":false,"editor_notices":[],"footnotes":""},"class_list":["post-4918","page","type-page","status-publish","hentry"],"blocksy_meta":[],"acf":[],"yoast_head":"<!-- This site is optimized with the Yoast SEO plugin v25.9 - https:\/\/yoast.com\/wordpress\/plugins\/seo\/ -->\n<title>Oppgaver - Barneskole<\/title>\n<meta name=\"robots\" content=\"index, follow, max-snippet:-1, max-image-preview:large, max-video-preview:-1\" \/>\n<link rel=\"canonical\" href=\"https:\/\/reklameskolen.devz.no\/barneskole\/oppgaver\/\" \/>\n<meta property=\"og:locale\" content=\"nb_NO\" \/>\n<meta property=\"og:type\" content=\"article\" \/>\n<meta property=\"og:title\" content=\"Oppgaver - Barneskole\" \/>\n<meta property=\"og:description\" content=\"Oppgaver Her finner du en oversikt over alle interaktive oppgaver p\u00e5 Reklameskolen for mellomtrinnet: Kjenner du igjen reklamen? Det er reklame overalt rundt oss. Men det er ikke alltid like lett \u00e5 se hva som er reklame. Klarer du \u00e5 finne all reklamen p\u00e5 disse bildene? Finn annons\u00f8ren Ofte kan det v\u00e6re vanskelig \u00e5 vite [&hellip;]\" \/>\n<meta property=\"og:url\" content=\"https:\/\/reklameskolen.devz.no\/barneskole\/oppgaver\/\" \/>\n<meta property=\"og:site_name\" content=\"Barneskole\" \/>\n<meta property=\"article:modified_time\" content=\"2024-01-09T13:21:59+00:00\" \/>\n<meta name=\"twitter:card\" content=\"summary_large_image\" \/>\n<meta name=\"twitter:label1\" content=\"Ansl. lesetid\" \/>\n\t<meta name=\"twitter:data1\" content=\"2 minutter\" \/>\n<script type=\"application\/ld+json\" class=\"yoast-schema-graph\">{\"@context\":\"https:\/\/schema.org\",\"@graph\":[{\"@type\":\"WebPage\",\"@id\":\"https:\/\/reklameskolen.devz.no\/barneskole\/oppgaver\/\",\"url\":\"https:\/\/reklameskolen.devz.no\/barneskole\/oppgaver\/\",\"name\":\"Oppgaver - Barneskole\",\"isPartOf\":{\"@id\":\"https:\/\/reklameskolen.devz.no\/barneskole\/#website\"},\"datePublished\":\"2024-01-09T11:49:06+00:00\",\"dateModified\":\"2024-01-09T13:21:59+00:00\",\"breadcrumb\":{\"@id\":\"https:\/\/reklameskolen.devz.no\/barneskole\/oppgaver\/#breadcrumb\"},\"inLanguage\":\"nb-NO\",\"potentialAction\":[{\"@type\":\"ReadAction\",\"target\":[\"https:\/\/reklameskolen.devz.no\/barneskole\/oppgaver\/\"]}]},{\"@type\":\"BreadcrumbList\",\"@id\":\"https:\/\/reklameskolen.devz.no\/barneskole\/oppgaver\/#breadcrumb\",\"itemListElement\":[{\"@type\":\"ListItem\",\"position\":1,\"name\":\"Home\",\"item\":\"https:\/\/reklameskolen.devz.no\/barneskole\/\"},{\"@type\":\"ListItem\",\"position\":2,\"name\":\"Oppgaver\"}]},{\"@type\":\"WebSite\",\"@id\":\"https:\/\/reklameskolen.devz.no\/barneskole\/#website\",\"url\":\"https:\/\/reklameskolen.devz.no\/barneskole\/\",\"name\":\"Barneskole\",\"description\":\"Oppl\u00e6ringsverkt\u00f8y om reklame\",\"publisher\":{\"@id\":\"https:\/\/reklameskolen.devz.no\/barneskole\/#organization\"},\"potentialAction\":[{\"@type\":\"SearchAction\",\"target\":{\"@type\":\"EntryPoint\",\"urlTemplate\":\"https:\/\/reklameskolen.devz.no\/barneskole\/?s={search_term_string}\"},\"query-input\":{\"@type\":\"PropertyValueSpecification\",\"valueRequired\":true,\"valueName\":\"search_term_string\"}}],\"inLanguage\":\"nb-NO\"},{\"@type\":\"Organization\",\"@id\":\"https:\/\/reklameskolen.devz.no\/barneskole\/#organization\",\"name\":\"Barneskole\",\"url\":\"https:\/\/reklameskolen.devz.no\/barneskole\/\",\"logo\":{\"@type\":\"ImageObject\",\"inLanguage\":\"nb-NO\",\"@id\":\"https:\/\/reklameskolen.devz.no\/barneskole\/#\/schema\/logo\/image\/\",\"url\":\"https:\/\/reklameskolen.devz.no\/barneskole\/files\/2023\/08\/Reklameskolen-Logo-01.png\",\"contentUrl\":\"https:\/\/reklameskolen.devz.no\/barneskole\/files\/2023\/08\/Reklameskolen-Logo-01.png\",\"width\":2571,\"height\":950,\"caption\":\"Barneskole\"},\"image\":{\"@id\":\"https:\/\/reklameskolen.devz.no\/barneskole\/#\/schema\/logo\/image\/\"}}]}<\/script>\n<!-- \/ Yoast SEO plugin. -->","yoast_head_json":{"title":"Oppgaver - Barneskole","robots":{"index":"index","follow":"follow","max-snippet":"max-snippet:-1","max-image-preview":"max-image-preview:large","max-video-preview":"max-video-preview:-1"},"canonical":"https:\/\/reklameskolen.devz.no\/barneskole\/oppgaver\/","og_locale":"nb_NO","og_type":"article","og_title":"Oppgaver - Barneskole","og_description":"Oppgaver Her finner du en oversikt over alle interaktive oppgaver p\u00e5 Reklameskolen for mellomtrinnet: Kjenner du igjen reklamen? Det er reklame overalt rundt oss. Men det er ikke alltid like lett \u00e5 se hva som er reklame. Klarer du \u00e5 finne all reklamen p\u00e5 disse bildene? Finn annons\u00f8ren Ofte kan det v\u00e6re vanskelig \u00e5 vite [&hellip;]","og_url":"https:\/\/reklameskolen.devz.no\/barneskole\/oppgaver\/","og_site_name":"Barneskole","article_modified_time":"2024-01-09T13:21:59+00:00","twitter_card":"summary_large_image","twitter_misc":{"Ansl. lesetid":"2 minutter"},"schema":{"@context":"https:\/\/schema.org","@graph":[{"@type":"WebPage","@id":"https:\/\/reklameskolen.devz.no\/barneskole\/oppgaver\/","url":"https:\/\/reklameskolen.devz.no\/barneskole\/oppgaver\/","name":"Oppgaver - Barneskole","isPartOf":{"@id":"https:\/\/reklameskolen.devz.no\/barneskole\/#website"},"datePublished":"2024-01-09T11:49:06+00:00","dateModified":"2024-01-09T13:21:59+00:00","breadcrumb":{"@id":"https:\/\/reklameskolen.devz.no\/barneskole\/oppgaver\/#breadcrumb"},"inLanguage":"nb-NO","potentialAction":[{"@type":"ReadAction","target":["https:\/\/reklameskolen.devz.no\/barneskole\/oppgaver\/"]}]},{"@type":"BreadcrumbList","@id":"https:\/\/reklameskolen.devz.no\/barneskole\/oppgaver\/#breadcrumb","itemListElement":[{"@type":"ListItem","position":1,"name":"Home","item":"https:\/\/reklameskolen.devz.no\/barneskole\/"},{"@type":"ListItem","position":2,"name":"Oppgaver"}]},{"@type":"WebSite","@id":"https:\/\/reklameskolen.devz.no\/barneskole\/#website","url":"https:\/\/reklameskolen.devz.no\/barneskole\/","name":"Barneskole","description":"Oppl\u00e6ringsverkt\u00f8y om reklame","publisher":{"@id":"https:\/\/reklameskolen.devz.no\/barneskole\/#organization"},"potentialAction":[{"@type":"SearchAction","target":{"@type":"EntryPoint","urlTemplate":"https:\/\/reklameskolen.devz.no\/barneskole\/?s={search_term_string}"},"query-input":{"@type":"PropertyValueSpecification","valueRequired":true,"valueName":"search_term_string"}}],"inLanguage":"nb-NO"},{"@type":"Organization","@id":"https:\/\/reklameskolen.devz.no\/barneskole\/#organization","name":"Barneskole","url":"https:\/\/reklameskolen.devz.no\/barneskole\/","logo":{"@type":"ImageObject","inLanguage":"nb-NO","@id":"https:\/\/reklameskolen.devz.no\/barneskole\/#\/schema\/logo\/image\/","url":"https:\/\/reklameskolen.devz.no\/barneskole\/files\/2023\/08\/Reklameskolen-Logo-01.png","contentUrl":"https:\/\/reklameskolen.devz.no\/barneskole\/files\/2023\/08\/Reklameskolen-Logo-01.png","width":2571,"height":950,"caption":"Barneskole"},"image":{"@id":"https:\/\/reklameskolen.devz.no\/barneskole\/#\/schema\/logo\/image\/"}}]}},"_links":{"self":[{"href":"https:\/\/reklameskolen.devz.no\/barneskole\/wp-json\/wp\/v2\/pages\/4918","targetHints":{"allow":["GET"]}}],"collection":[{"href":"https:\/\/reklameskolen.devz.no\/barneskole\/wp-json\/wp\/v2\/pages"}],"about":[{"href":"https:\/\/reklameskolen.devz.no\/barneskole\/wp-json\/wp\/v2\/types\/page"}],"author":[{"embeddable":true,"href":"https:\/\/reklameskolen.devz.no\/barneskole\/wp-json\/wp\/v2\/users\/4"}],"replies":[{"embeddable":true,"href":"https:\/\/reklameskolen.devz.no\/barneskole\/wp-json\/wp\/v2\/comments?post=4918"}],"version-history":[{"count":19,"href":"https:\/\/reklameskolen.devz.no\/barneskole\/wp-json\/wp\/v2\/pages\/4918\/revisions"}],"predecessor-version":[{"id":4955,"href":"https:\/\/reklameskolen.devz.no\/barneskole\/wp-json\/wp\/v2\/pages\/4918\/revisions\/4955"}],"wp:attachment":[{"href":"https:\/\/reklameskolen.devz.no\/barneskole\/wp-json\/wp\/v2\/media?parent=4918"}],"curies":[{"name":"wp","href":"https:\/\/api.w.org\/{rel}","templated":true}]}}