{"id":231,"date":"2021-12-09T11:17:54","date_gmt":"2021-12-09T10:17:54","guid":{"rendered":"https:\/\/reklameskolen.devz.no\/?page_id=231"},"modified":"2022-05-12T22:09:00","modified_gmt":"2022-05-12T20:09:00","slug":"introduksjon","status":"publish","type":"page","link":"https:\/\/reklameskolen.devz.no\/nn\/","title":{"rendered":"Introduksjon"},"content":{"rendered":"\n<div class=\"wp-block-cover alignfull has-parallax\" style=\"background-image:url(https:\/\/reklameskolen.devz.no\/wp-content\/uploads\/sites\/4\/2021\/10\/image.png);min-height:100vh;aspect-ratio:unset;\"><span aria-hidden=\"true\" class=\"has-palette-color-4-background-color has-background-dim-90 wp-block-cover__gradient-background has-background-dim\"><\/span><div class=\"wp-block-cover__inner-container is-layout-flow wp-block-cover-is-layout-flow\">\n<h1 class=\"has-text-align-center has-palette-color-8-color has-text-color wp-block-heading\" id=\"velkommen-til-reklameskolen\">Velkommen til Reklameskolen<\/h1>\n\n\n\n<div class=\"wp-block-frontkom-fk-grade-groups\">\n<p>Kvar dag ser vi tusenvis av reklameplakatar, bilde og filmar. Du legg kanskje ikkje merke til det, men det er reklame rundt oss p\u00e5 alle kantar. All denne reklamen p\u00e5verkar korleis vi tenkjer, handlar og f\u00f8ler. Derfor har vi i Forbrukartilsynet laga Reklameskolen. <\/p>\n\n\n\n<p>Vi begynte med \u00e5 lage Reklameskolen for ungdomsskoleelevar. Vi jobbar med \u00e5 lage eigne tekstar og oppg\u00e5ver for barneskoleelevar \u00f2g. Dessverre er vi ikkje heilt ferdige enno. Derfor er dei fleste tekstane og oppg\u00e5vene her framleis laga for ungdomsskolen. Du kan gjerne ta ein kikk p\u00e5 sidene v\u00e5re, men ikkje f\u00e5 panikk viss nokre av tekstane eller oppg\u00e5vene er litt vanskelege.<\/p>\n<\/div>\n\n\n\n<div class=\"wp-block-frontkom-fk-grade-groups\">\n<p>Kvar dag ser vi tusenvis av reklameplakatar, bilde og filmar. Du legg kanskje ikkje merke til det, men det er reklame rundt oss overalt. All denne reklamen pr\u00f8ver \u00e5 p\u00e5verke korleis vi tenkjer, handlar og f\u00f8ler. Det er derfor vi i Forbrukartilsynet har laga Reklameskolen. Her vil du l\u00e6re om kva reklame er, kor du finn reklame, verkemiddel som blir brukt i reklame og mykje meir!<\/p>\n\n\n\n<p>N\u00e5r du l\u00e6rer meir om kva reklame er og korleis han verkar, h\u00e5per vi at det blir lettare \u00e5 kjenne igjen reklamen, slik at du sj\u00f8lv kan velje korleis du \u00f8nsker \u00e5 handle i m\u00f8te med den.<\/p>\n<\/div>\n\n\n\n<div class=\"wp-block-frontkom-fk-grade-groups\">\n<p>Kvar dag ser vi tusenvis av reklameplakatar, bilde og filmar. Mange registrerer du kanskje ikkje, men dei p\u00e5verkar likevel korleis vi tenkjer, handlar og f\u00f8ler. Derfor har vi i Forbrukertilsynet laget Reklameskolen. <\/p>\n\n\n\n<p>Her l\u00e6rer du om kva reklame er, kor du finn reklame, verkemiddel i reklame og mykje meir! <\/p>\n\n\n\n<p>N\u00e5r du l\u00e6rer meir om korleis reklame er forma og korleis han verkar, h\u00e5per vi at det blir lettare \u00e5 identifisere reklamen, slik at du sj\u00f8lv kan velje korleis du \u00f8nsker \u00e5 handle i m\u00f8te med den.<\/p>\n\n\n\n<p>Reklameskolen blei opphavleg laget for ungdomsskoleelevar. Vi jobbar med \u00e5 lage eige innhald for vidareg\u00e5ande skole, men dette arbeidet er dessverre ikkje ferdig enno. Derfor er mesteparten av innhaldet framleis tilpassa ungdomsskolen. Vi h\u00e5per du likevel kan l\u00e6re noko nyttig og interessant av tekstane og oppg\u00e5vene du finn her!<\/p>\n<\/div>\n\n\n\n<div style=\"height:50px\" aria-hidden=\"true\" class=\"wp-block-spacer\"><\/div>\n\n\n\n<div class=\"wp-block-columns alignwide is-style-chapter-select is-layout-flex wp-container-core-columns-is-layout-9d6595d7 wp-block-columns-is-layout-flex\">\n<div class=\"wp-block-column has-palette-color-7-background-color has-background is-layout-flow wp-block-column-is-layout-flow\">\n<h2 class=\"wp-block-heading\" id=\"del-1-reklamen-og-oss\">Del 1: <\/h2>\n\n\n\n<h2 class=\"wp-block-heading\" id=\"del-1-reklamen-og-oss\">Reklamen og oss<\/h2>\n\n\n\n<p><a href=\"https:\/\/reklameskolen.devz.no\/nn\/reklamen-og-oss\/\">G\u00e5 til Del 1<\/a><\/p>\n<\/div>\n\n\n\n<div class=\"wp-block-column has-palette-color-3-background-color has-background is-layout-flow wp-block-column-is-layout-flow\">\n<div class=\"wp-block-group\"><div class=\"wp-block-group__inner-container is-layout-flow wp-block-group-is-layout-flow\">\n<h2 class=\"has-palette-color-8-color has-text-color wp-block-heading\" id=\"del-2-metoder\">Del 2: <\/h2>\n\n\n\n<h2 class=\"has-palette-color-8-color has-text-color wp-block-heading\" id=\"del-2-metoder\">Metodar, medium og milj\u00f8<\/h2>\n<\/div><\/div>\n\n\n\n<p class=\"has-palette-color-8-color has-text-color\"><a href=\"https:\/\/reklameskolen.devz.no\/nn\/metoder-medier-og-miljo\/\">G\u00e5 til Del 2<\/a><\/p>\n<\/div>\n\n\n\n<div class=\"wp-block-column has-palette-color-1-background-color has-background is-layout-flow wp-block-column-is-layout-flow\">\n<div class=\"wp-block-group\"><div class=\"wp-block-group__inner-container is-layout-flow wp-block-group-is-layout-flow\">\n<h2 class=\"has-palette-color-4-color has-text-color wp-block-heading\" id=\"del-3-andre-temaer\">Del 3: <\/h2>\n\n\n\n<h2 class=\"has-palette-color-4-color has-text-color wp-block-heading\" id=\"del-3-andre-temaer\">Andre tema<\/h2>\n\n\n\n<p class=\"has-palette-color-4-color has-text-color\"><a href=\"https:\/\/reklameskolen.devz.no\/nn\/andre-temaer\/\">G\u00e5 til Del 3<\/a><\/p>\n<\/div><\/div>\n<\/div>\n<\/div>\n\n\n\n<div style=\"height:25px\" aria-hidden=\"true\" class=\"wp-block-spacer\"><\/div>\n\n\n\n<div class=\"wp-block-buttons is-content-justification-center is-layout-flex wp-container-core-buttons-is-layout-16018d1d wp-block-buttons-is-layout-flex\">\n<div class=\"wp-block-button\"><a class=\"wp-block-button__link has-palette-color-3-color has-palette-color-5-background-color has-text-color has-background\" href=\"https:\/\/reklameskolen.devz.no\/laererveiledning-2\/\">L\u00e6rarrettleiing<\/a><\/div>\n<\/div>\n<\/div><\/div>\n\n\n\n<p class=\"has-palette-color-6-color has-text-color\"><\/p>\n","protected":false},"excerpt":{"rendered":"","protected":false},"author":1,"featured_media":0,"parent":0,"menu_order":0,"comment_status":"closed","ping_status":"closed","template":"","meta":{"_acf_changed":false,"editor_notices":[],"footnotes":""},"class_list":["post-231","page","type-page","status-publish","hentry"],"acf":[],"yoast_head":"<!-- This site is optimized with the Yoast SEO plugin v25.9 - https:\/\/yoast.com\/wordpress\/plugins\/seo\/ -->\n<title>Introduksjon - Reklameskolen - Nynorsk<\/title>\n<meta name=\"robots\" content=\"index, follow, max-snippet:-1, max-image-preview:large, max-video-preview:-1\" \/>\n<link rel=\"canonical\" href=\"https:\/\/reklameskolen.devz.no\/nn\/\" \/>\n<meta property=\"og:locale\" content=\"nn_NO\" \/>\n<meta property=\"og:type\" content=\"article\" \/>\n<meta property=\"og:title\" content=\"Introduksjon - Reklameskolen - Nynorsk\" \/>\n<meta property=\"og:url\" content=\"https:\/\/reklameskolen.devz.no\/nn\/\" \/>\n<meta property=\"og:site_name\" content=\"Reklameskolen - Nynorsk\" \/>\n<meta property=\"article:modified_time\" content=\"2022-05-12T20:09:00+00:00\" \/>\n<meta name=\"twitter:card\" content=\"summary_large_image\" \/>\n<meta name=\"twitter:label1\" content=\"Est. reading time\" \/>\n\t<meta name=\"twitter:data1\" content=\"2 minutes\" \/>\n<script type=\"application\/ld+json\" class=\"yoast-schema-graph\">{\"@context\":\"https:\/\/schema.org\",\"@graph\":[{\"@type\":\"WebPage\",\"@id\":\"https:\/\/reklameskolen.devz.no\/nn\/\",\"url\":\"https:\/\/reklameskolen.devz.no\/nn\/\",\"name\":\"Introduksjon - Reklameskolen - Nynorsk\",\"isPartOf\":{\"@id\":\"https:\/\/reklameskolen.devz.no\/nn\/#website\"},\"datePublished\":\"2021-12-09T10:17:54+00:00\",\"dateModified\":\"2022-05-12T20:09:00+00:00\",\"breadcrumb\":{\"@id\":\"https:\/\/reklameskolen.devz.no\/nn\/#breadcrumb\"},\"inLanguage\":\"nn-NO\",\"potentialAction\":[{\"@type\":\"ReadAction\",\"target\":[\"https:\/\/reklameskolen.devz.no\/nn\/\"]}]},{\"@type\":\"BreadcrumbList\",\"@id\":\"https:\/\/reklameskolen.devz.no\/nn\/#breadcrumb\",\"itemListElement\":[{\"@type\":\"ListItem\",\"position\":1,\"name\":\"Home\",\"item\":\"https:\/\/reklameskolen.devz.no\/nn\/\"},{\"@type\":\"ListItem\",\"position\":2,\"name\":\"Introduksjon\"}]},{\"@type\":\"WebSite\",\"@id\":\"https:\/\/reklameskolen.devz.no\/nn\/#website\",\"url\":\"https:\/\/reklameskolen.devz.no\/nn\/\",\"name\":\"Reklameskolen - Nynorsk\",\"description\":\"Oppl\u00e6ringsverkt\u00f8y om reklame\",\"publisher\":{\"@id\":\"https:\/\/reklameskolen.devz.no\/nn\/#organization\"},\"potentialAction\":[{\"@type\":\"SearchAction\",\"target\":{\"@type\":\"EntryPoint\",\"urlTemplate\":\"https:\/\/reklameskolen.devz.no\/nn\/?s={search_term_string}\"},\"query-input\":{\"@type\":\"PropertyValueSpecification\",\"valueRequired\":true,\"valueName\":\"search_term_string\"}}],\"inLanguage\":\"nn-NO\"},{\"@type\":\"Organization\",\"@id\":\"https:\/\/reklameskolen.devz.no\/nn\/#organization\",\"name\":\"Reklameskolen\",\"url\":\"https:\/\/reklameskolen.devz.no\/nn\/\",\"logo\":{\"@type\":\"ImageObject\",\"inLanguage\":\"nn-NO\",\"@id\":\"https:\/\/reklameskolen.devz.no\/nn\/#\/schema\/logo\/image\/\",\"url\":\"https:\/\/reklameskolen.devz.no\/wp-content\/uploads\/2024\/10\/Reklameskolen-Logo-01.png\",\"contentUrl\":\"https:\/\/reklameskolen.devz.no\/wp-content\/uploads\/2024\/10\/Reklameskolen-Logo-01.png\",\"width\":2571,\"height\":950,\"caption\":\"Reklameskolen\"},\"image\":{\"@id\":\"https:\/\/reklameskolen.devz.no\/nn\/#\/schema\/logo\/image\/\"}}]}<\/script>\n<!-- \/ Yoast SEO plugin. -->","yoast_head_json":{"title":"Introduksjon - Reklameskolen - Nynorsk","robots":{"index":"index","follow":"follow","max-snippet":"max-snippet:-1","max-image-preview":"max-image-preview:large","max-video-preview":"max-video-preview:-1"},"canonical":"https:\/\/reklameskolen.devz.no\/nn\/","og_locale":"nn_NO","og_type":"article","og_title":"Introduksjon - Reklameskolen - Nynorsk","og_url":"https:\/\/reklameskolen.devz.no\/nn\/","og_site_name":"Reklameskolen - Nynorsk","article_modified_time":"2022-05-12T20:09:00+00:00","twitter_card":"summary_large_image","twitter_misc":{"Est. reading time":"2 minutes"},"schema":{"@context":"https:\/\/schema.org","@graph":[{"@type":"WebPage","@id":"https:\/\/reklameskolen.devz.no\/nn\/","url":"https:\/\/reklameskolen.devz.no\/nn\/","name":"Introduksjon - Reklameskolen - Nynorsk","isPartOf":{"@id":"https:\/\/reklameskolen.devz.no\/nn\/#website"},"datePublished":"2021-12-09T10:17:54+00:00","dateModified":"2022-05-12T20:09:00+00:00","breadcrumb":{"@id":"https:\/\/reklameskolen.devz.no\/nn\/#breadcrumb"},"inLanguage":"nn-NO","potentialAction":[{"@type":"ReadAction","target":["https:\/\/reklameskolen.devz.no\/nn\/"]}]},{"@type":"BreadcrumbList","@id":"https:\/\/reklameskolen.devz.no\/nn\/#breadcrumb","itemListElement":[{"@type":"ListItem","position":1,"name":"Home","item":"https:\/\/reklameskolen.devz.no\/nn\/"},{"@type":"ListItem","position":2,"name":"Introduksjon"}]},{"@type":"WebSite","@id":"https:\/\/reklameskolen.devz.no\/nn\/#website","url":"https:\/\/reklameskolen.devz.no\/nn\/","name":"Reklameskolen - Nynorsk","description":"Oppl\u00e6ringsverkt\u00f8y om reklame","publisher":{"@id":"https:\/\/reklameskolen.devz.no\/nn\/#organization"},"potentialAction":[{"@type":"SearchAction","target":{"@type":"EntryPoint","urlTemplate":"https:\/\/reklameskolen.devz.no\/nn\/?s={search_term_string}"},"query-input":{"@type":"PropertyValueSpecification","valueRequired":true,"valueName":"search_term_string"}}],"inLanguage":"nn-NO"},{"@type":"Organization","@id":"https:\/\/reklameskolen.devz.no\/nn\/#organization","name":"Reklameskolen","url":"https:\/\/reklameskolen.devz.no\/nn\/","logo":{"@type":"ImageObject","inLanguage":"nn-NO","@id":"https:\/\/reklameskolen.devz.no\/nn\/#\/schema\/logo\/image\/","url":"https:\/\/reklameskolen.devz.no\/wp-content\/uploads\/2024\/10\/Reklameskolen-Logo-01.png","contentUrl":"https:\/\/reklameskolen.devz.no\/wp-content\/uploads\/2024\/10\/Reklameskolen-Logo-01.png","width":2571,"height":950,"caption":"Reklameskolen"},"image":{"@id":"https:\/\/reklameskolen.devz.no\/nn\/#\/schema\/logo\/image\/"}}]}},"_links":{"self":[{"href":"https:\/\/reklameskolen.devz.no\/nn\/wp-json\/wp\/v2\/pages\/231","targetHints":{"allow":["GET"]}}],"collection":[{"href":"https:\/\/reklameskolen.devz.no\/nn\/wp-json\/wp\/v2\/pages"}],"about":[{"href":"https:\/\/reklameskolen.devz.no\/nn\/wp-json\/wp\/v2\/types\/page"}],"author":[{"embeddable":true,"href":"https:\/\/reklameskolen.devz.no\/nn\/wp-json\/wp\/v2\/users\/1"}],"replies":[{"embeddable":true,"href":"https:\/\/reklameskolen.devz.no\/nn\/wp-json\/wp\/v2\/comments?post=231"}],"version-history":[{"count":51,"href":"https:\/\/reklameskolen.devz.no\/nn\/wp-json\/wp\/v2\/pages\/231\/revisions"}],"predecessor-version":[{"id":3427,"href":"https:\/\/reklameskolen.devz.no\/nn\/wp-json\/wp\/v2\/pages\/231\/revisions\/3427"}],"wp:attachment":[{"href":"https:\/\/reklameskolen.devz.no\/nn\/wp-json\/wp\/v2\/media?parent=231"}],"curies":[{"name":"wp","href":"https:\/\/api.w.org\/{rel}","templated":true}]}}