{"id":1319,"date":"2022-02-22T12:57:13","date_gmt":"2022-02-22T11:57:13","guid":{"rendered":"https:\/\/reklameskolen.devz.no\/?page_id=1319"},"modified":"2023-10-18T10:21:52","modified_gmt":"2023-10-18T08:21:52","slug":"fiktive-konkurranser","status":"publish","type":"page","link":"https:\/\/reklameskolen.devz.no\/ungdomsskole\/nn\/reklamen-og-oss\/hvordan-virker-reklame\/konkurranser\/fiktive-konkurranser\/","title":{"rendered":"Fiktive konkurransar"},"content":{"rendered":"\n<div class=\"wp-block-columns is-layout-flex wp-container-core-columns-is-layout-28f84493 wp-block-columns-is-layout-flex\">\n<div class=\"wp-block-column is-layout-flow wp-block-column-is-layout-flow\" style=\"flex-basis:66.66%\">\n<h2 class=\"wp-block-heading\" id=\"bloggemammaens-fiktive-konkurranser\">Bloggemammaa fiktive konkurransar<\/h2>\n\n\n\n<p>I 2018 publiserte ei kjent bloggemamma sju konkurransar p\u00e5 seks dagar som gjekk ut p\u00e5 \u00e5 \u00ablike\u00bb sida hennar. Kort tid seinare blei det heldt to nye konkurransar der ein kunne vinne premiar om ein \u00ablikte sida\u00bb og kommenterte \u00abja\u00bb p\u00e5 innlegget. Trekninga skulle vera kort tid etterp\u00e5. Begge innlegga blei likevel sletta utan at det var trekt vinnarar. Kvar av konkurransane hadde ein premie til ein verdi av rundt kr 1&nbsp;000,-.<\/p>\n\n\n\n<p>F\u00f8rst etter at Forbrukartilsynet hadde varsla sanksjonar blei det trekt vinnar i fem av konkurransane. <\/p>\n\n\n\n<p>Marknadsr\u00e5det (<a rel=\"noreferrer noopener\" href=\"https:\/\/www.forbrukertilsynet.no\/lov-og-rett\/markedsradets-vedtak\/mr-2018-1234\" target=\"_blank\">MR-2018-1234<\/a>) p\u00e5la bloggemammaa ei bot p\u00e5 kr 100&nbsp;000,-. Det blei vurdert som alvorleg at det som utgangspunkt var heldt fiktive konkurransar. Det blei uttala at \u00ab<em>Premierte konkurranser er et virkemiddel som i s\u00e6rlig grad er egnet til \u00e5 tiltrekke seg forbrukernes oppmerksomhet, ikke bare til den konkrete konkurransen, men ogs\u00e5 til produktene som kan vinnes og foretakets \u00f8vrige markedsf\u00f8ring.<\/em>\u00bb Sj\u00f8lv om det berre var stilt enkle krav til deltaking, og det isolert sett var l\u00e5g deltaking sett opp mot talet f\u00f8lgerar, blei det lagt vekt p\u00e5 konkurransane si betyding for \u00e5 vekke merksemd. <\/p>\n\n\n\n<p><\/p>\n<\/div>\n\n\n\n<div class=\"wp-block-column is-layout-flow wp-block-column-is-layout-flow\" style=\"flex-basis:33.33%\">\n<figure class=\"wp-block-image size-full\"><img decoding=\"async\" src=\"https:\/\/reklameskolen.devz.no\/nn\/wp-content\/uploads\/2022\/05\/bloggemamma.jpg\" alt=\"Illustrasjonen viser en annonse fra &quot;Mamma ti lMichelle&quot; hvor det er bilde av sko, og f\u00f8lgende tekst: &quot;Vinn et valgfritt par ASFVLT sneakers! Skriv &quot;JA&quot; i kommentarfeltet for \u00e5 delta i trekningen! Vinner trekkes N\u00c5 p\u00e5 s\u00f8ndag&quot;\" class=\"wp-image-3119\"\/><figcaption class=\"wp-element-caption\">Eksempel p\u00e5 eit av konkurranseinnlegga til Bloggemammaen<\/figcaption><\/figure>\n<\/div>\n<\/div>\n\n\n\n<div class=\"wp-block-columns is-layout-flex wp-container-core-columns-is-layout-28f84493 wp-block-columns-is-layout-flex\">\n<div class=\"wp-block-column is-layout-flow wp-block-column-is-layout-flow\">\n<div class=\"wp-block-buttons is-layout-flex wp-block-buttons-is-layout-flex\"><\/div>\n<\/div>\n\n\n\n<div class=\"wp-block-column is-layout-flow wp-block-column-is-layout-flow\"><\/div>\n<\/div>\n\n\n\n<div style=\"height:100px\" aria-hidden=\"true\" class=\"wp-block-spacer\"><\/div>\n\n\n\n<div class=\"wp-block-group alignfull has-palette-color-4-background-color has-background is-layout-flow wp-block-group-is-layout-flow\">\n<div class=\"wp-block-columns is-layout-flex wp-container-core-columns-is-layout-28f84493 wp-block-columns-is-layout-flex\">\n<div class=\"wp-block-column is-layout-flow wp-block-column-is-layout-flow\">\n<div class=\"wp-block-buttons is-layout-flex wp-block-buttons-is-layout-flex\">\n<div class=\"wp-block-button\"><a class=\"wp-block-button__link wp-element-button\" href=\"https:\/\/reklameskolen.devz.no\/ungdomsskole\/nn\/reklamen-og-oss\/hvordan-virker-reklame\/konkurranser\/\">Tilbake til &#8220;Konkurransar&#8221;<\/a><\/div>\n<\/div>\n<\/div>\n\n\n\n<div class=\"wp-block-column is-layout-flow wp-block-column-is-layout-flow\">\n<div class=\"wp-block-buttons is-horizontal is-content-justification-right is-layout-flex wp-container-core-buttons-is-layout-30af2ff6 wp-block-buttons-is-layout-flex\"><\/div>\n<\/div>\n<\/div>\n<\/div>\n\n\n\n<p><\/p>\n","protected":false},"excerpt":{"rendered":"<p>Bloggemammaa fiktive konkurransar I 2018 publiserte ei kjent bloggemamma sju konkurransar p\u00e5 seks dagar som gjekk ut p\u00e5 \u00e5 \u00ablike\u00bb sida hennar. Kort tid seinare blei det heldt to nye konkurransar der ein kunne vinne premiar om ein \u00ablikte sida\u00bb og kommenterte \u00abja\u00bb p\u00e5 innlegget. Trekninga skulle vera kort tid etterp\u00e5. Begge innlegga blei likevel [&hellip;]<\/p>\n","protected":false},"author":6,"featured_media":0,"parent":166,"menu_order":0,"comment_status":"closed","ping_status":"closed","template":"","meta":{"_acf_changed":false,"editor_notices":[],"footnotes":""},"class_list":["post-1319","page","type-page","status-publish","hentry"],"blocksy_meta":{"styles_descriptor":{"styles":{"desktop":"","tablet":"","mobile":""},"google_fonts":[],"version":6}},"acf":[],"yoast_head":"<!-- This site is optimized with the Yoast SEO plugin v25.9 - https:\/\/yoast.com\/wordpress\/plugins\/seo\/ -->\n<title>Fiktive konkurransar - Ungdomskole Nynorsk<\/title>\n<meta name=\"robots\" content=\"index, follow, max-snippet:-1, max-image-preview:large, max-video-preview:-1\" \/>\n<link rel=\"canonical\" href=\"https:\/\/reklameskolen.devz.no\/ungdomsskole\/nn\/reklamen-og-oss\/hvordan-virker-reklame\/konkurranser\/fiktive-konkurranser\/\" \/>\n<meta property=\"og:locale\" content=\"en_US\" \/>\n<meta property=\"og:type\" content=\"article\" \/>\n<meta property=\"og:title\" content=\"Fiktive konkurransar - Ungdomskole Nynorsk\" \/>\n<meta property=\"og:description\" content=\"Bloggemammaa fiktive konkurransar I 2018 publiserte ei kjent bloggemamma sju konkurransar p\u00e5 seks dagar som gjekk ut p\u00e5 \u00e5 \u00ablike\u00bb sida hennar. Kort tid seinare blei det heldt to nye konkurransar der ein kunne vinne premiar om ein \u00ablikte sida\u00bb og kommenterte \u00abja\u00bb p\u00e5 innlegget. Trekninga skulle vera kort tid etterp\u00e5. Begge innlegga blei likevel [&hellip;]\" \/>\n<meta property=\"og:url\" content=\"https:\/\/reklameskolen.devz.no\/ungdomsskole\/nn\/reklamen-og-oss\/hvordan-virker-reklame\/konkurranser\/fiktive-konkurranser\/\" \/>\n<meta property=\"og:site_name\" content=\"Ungdomskole Nynorsk\" \/>\n<meta property=\"article:modified_time\" content=\"2023-10-18T08:21:52+00:00\" \/>\n<meta name=\"twitter:card\" content=\"summary_large_image\" \/>\n<meta name=\"twitter:label1\" content=\"Est. reading time\" \/>\n\t<meta name=\"twitter:data1\" content=\"1 minute\" \/>\n<script type=\"application\/ld+json\" class=\"yoast-schema-graph\">{\"@context\":\"https:\/\/schema.org\",\"@graph\":[{\"@type\":\"WebPage\",\"@id\":\"https:\/\/reklameskolen.devz.no\/ungdomsskole\/nn\/reklamen-og-oss\/hvordan-virker-reklame\/konkurranser\/fiktive-konkurranser\/\",\"url\":\"https:\/\/reklameskolen.devz.no\/ungdomsskole\/nn\/reklamen-og-oss\/hvordan-virker-reklame\/konkurranser\/fiktive-konkurranser\/\",\"name\":\"Fiktive konkurransar - Ungdomskole Nynorsk\",\"isPartOf\":{\"@id\":\"https:\/\/reklameskolen.devz.no\/ungdomsskole\/nn\/#website\"},\"primaryImageOfPage\":{\"@id\":\"https:\/\/reklameskolen.devz.no\/ungdomsskole\/nn\/reklamen-og-oss\/hvordan-virker-reklame\/konkurranser\/fiktive-konkurranser\/#primaryimage\"},\"image\":{\"@id\":\"https:\/\/reklameskolen.devz.no\/ungdomsskole\/nn\/reklamen-og-oss\/hvordan-virker-reklame\/konkurranser\/fiktive-konkurranser\/#primaryimage\"},\"thumbnailUrl\":\"https:\/\/reklameskolen.devz.no\/nn\/wp-content\/uploads\/2022\/05\/bloggemamma.jpg\",\"datePublished\":\"2022-02-22T11:57:13+00:00\",\"dateModified\":\"2023-10-18T08:21:52+00:00\",\"breadcrumb\":{\"@id\":\"https:\/\/reklameskolen.devz.no\/ungdomsskole\/nn\/reklamen-og-oss\/hvordan-virker-reklame\/konkurranser\/fiktive-konkurranser\/#breadcrumb\"},\"inLanguage\":\"en-US\",\"potentialAction\":[{\"@type\":\"ReadAction\",\"target\":[\"https:\/\/reklameskolen.devz.no\/ungdomsskole\/nn\/reklamen-og-oss\/hvordan-virker-reklame\/konkurranser\/fiktive-konkurranser\/\"]}]},{\"@type\":\"ImageObject\",\"inLanguage\":\"en-US\",\"@id\":\"https:\/\/reklameskolen.devz.no\/ungdomsskole\/nn\/reklamen-og-oss\/hvordan-virker-reklame\/konkurranser\/fiktive-konkurranser\/#primaryimage\",\"url\":\"https:\/\/reklameskolen.devz.no\/nn\/wp-content\/uploads\/2022\/05\/bloggemamma.jpg\",\"contentUrl\":\"https:\/\/reklameskolen.devz.no\/nn\/wp-content\/uploads\/2022\/05\/bloggemamma.jpg\"},{\"@type\":\"BreadcrumbList\",\"@id\":\"https:\/\/reklameskolen.devz.no\/ungdomsskole\/nn\/reklamen-og-oss\/hvordan-virker-reklame\/konkurranser\/fiktive-konkurranser\/#breadcrumb\",\"itemListElement\":[{\"@type\":\"ListItem\",\"position\":1,\"name\":\"Home\",\"item\":\"https:\/\/reklameskolen.devz.no\/ungdomsskole\/nn\/\"},{\"@type\":\"ListItem\",\"position\":2,\"name\":\"Reklamen og oss\",\"item\":\"https:\/\/reklameskolen.devz.no\/ungdomsskole\/nn\/reklamen-og-oss\/\"},{\"@type\":\"ListItem\",\"position\":3,\"name\":\"Korleis verkar reklame?\",\"item\":\"https:\/\/reklameskolen.devz.no\/ungdomsskole\/nn\/reklamen-og-oss\/hvordan-virker-reklame\/\"},{\"@type\":\"ListItem\",\"position\":4,\"name\":\"Konkurransar\",\"item\":\"https:\/\/reklameskolen.devz.no\/ungdomsskole\/nn\/reklamen-og-oss\/hvordan-virker-reklame\/konkurranser\/\"},{\"@type\":\"ListItem\",\"position\":5,\"name\":\"Fiktive konkurransar\"}]},{\"@type\":\"WebSite\",\"@id\":\"https:\/\/reklameskolen.devz.no\/ungdomsskole\/nn\/#website\",\"url\":\"https:\/\/reklameskolen.devz.no\/ungdomsskole\/nn\/\",\"name\":\"Ungdomskole Nynorsk\",\"description\":\"Oppl\u00e6ringsverkt\u00f8y om reklame\",\"publisher\":{\"@id\":\"https:\/\/reklameskolen.devz.no\/ungdomsskole\/nn\/#organization\"},\"potentialAction\":[{\"@type\":\"SearchAction\",\"target\":{\"@type\":\"EntryPoint\",\"urlTemplate\":\"https:\/\/reklameskolen.devz.no\/ungdomsskole\/nn\/?s={search_term_string}\"},\"query-input\":{\"@type\":\"PropertyValueSpecification\",\"valueRequired\":true,\"valueName\":\"search_term_string\"}}],\"inLanguage\":\"en-US\"},{\"@type\":\"Organization\",\"@id\":\"https:\/\/reklameskolen.devz.no\/ungdomsskole\/nn\/#organization\",\"name\":\"Ungdomskole Nynorsk\",\"url\":\"https:\/\/reklameskolen.devz.no\/ungdomsskole\/nn\/\",\"logo\":{\"@type\":\"ImageObject\",\"inLanguage\":\"en-US\",\"@id\":\"https:\/\/reklameskolen.devz.no\/ungdomsskole\/nn\/#\/schema\/logo\/image\/\",\"url\":\"https:\/\/reklameskolen.devz.no\/wp-content\/uploads\/2023\/08\/Reklameskolen-Logo-01.png\",\"contentUrl\":\"https:\/\/reklameskolen.devz.no\/wp-content\/uploads\/2023\/08\/Reklameskolen-Logo-01.png\",\"caption\":\"Ungdomskole Nynorsk\"},\"image\":{\"@id\":\"https:\/\/reklameskolen.devz.no\/ungdomsskole\/nn\/#\/schema\/logo\/image\/\"}}]}<\/script>\n<!-- \/ Yoast SEO plugin. -->","yoast_head_json":{"title":"Fiktive konkurransar - Ungdomskole Nynorsk","robots":{"index":"index","follow":"follow","max-snippet":"max-snippet:-1","max-image-preview":"max-image-preview:large","max-video-preview":"max-video-preview:-1"},"canonical":"https:\/\/reklameskolen.devz.no\/ungdomsskole\/nn\/reklamen-og-oss\/hvordan-virker-reklame\/konkurranser\/fiktive-konkurranser\/","og_locale":"en_US","og_type":"article","og_title":"Fiktive konkurransar - Ungdomskole Nynorsk","og_description":"Bloggemammaa fiktive konkurransar I 2018 publiserte ei kjent bloggemamma sju konkurransar p\u00e5 seks dagar som gjekk ut p\u00e5 \u00e5 \u00ablike\u00bb sida hennar. Kort tid seinare blei det heldt to nye konkurransar der ein kunne vinne premiar om ein \u00ablikte sida\u00bb og kommenterte \u00abja\u00bb p\u00e5 innlegget. Trekninga skulle vera kort tid etterp\u00e5. Begge innlegga blei likevel [&hellip;]","og_url":"https:\/\/reklameskolen.devz.no\/ungdomsskole\/nn\/reklamen-og-oss\/hvordan-virker-reklame\/konkurranser\/fiktive-konkurranser\/","og_site_name":"Ungdomskole Nynorsk","article_modified_time":"2023-10-18T08:21:52+00:00","twitter_card":"summary_large_image","twitter_misc":{"Est. reading time":"1 minute"},"schema":{"@context":"https:\/\/schema.org","@graph":[{"@type":"WebPage","@id":"https:\/\/reklameskolen.devz.no\/ungdomsskole\/nn\/reklamen-og-oss\/hvordan-virker-reklame\/konkurranser\/fiktive-konkurranser\/","url":"https:\/\/reklameskolen.devz.no\/ungdomsskole\/nn\/reklamen-og-oss\/hvordan-virker-reklame\/konkurranser\/fiktive-konkurranser\/","name":"Fiktive konkurransar - Ungdomskole Nynorsk","isPartOf":{"@id":"https:\/\/reklameskolen.devz.no\/ungdomsskole\/nn\/#website"},"primaryImageOfPage":{"@id":"https:\/\/reklameskolen.devz.no\/ungdomsskole\/nn\/reklamen-og-oss\/hvordan-virker-reklame\/konkurranser\/fiktive-konkurranser\/#primaryimage"},"image":{"@id":"https:\/\/reklameskolen.devz.no\/ungdomsskole\/nn\/reklamen-og-oss\/hvordan-virker-reklame\/konkurranser\/fiktive-konkurranser\/#primaryimage"},"thumbnailUrl":"https:\/\/reklameskolen.devz.no\/nn\/wp-content\/uploads\/2022\/05\/bloggemamma.jpg","datePublished":"2022-02-22T11:57:13+00:00","dateModified":"2023-10-18T08:21:52+00:00","breadcrumb":{"@id":"https:\/\/reklameskolen.devz.no\/ungdomsskole\/nn\/reklamen-og-oss\/hvordan-virker-reklame\/konkurranser\/fiktive-konkurranser\/#breadcrumb"},"inLanguage":"en-US","potentialAction":[{"@type":"ReadAction","target":["https:\/\/reklameskolen.devz.no\/ungdomsskole\/nn\/reklamen-og-oss\/hvordan-virker-reklame\/konkurranser\/fiktive-konkurranser\/"]}]},{"@type":"ImageObject","inLanguage":"en-US","@id":"https:\/\/reklameskolen.devz.no\/ungdomsskole\/nn\/reklamen-og-oss\/hvordan-virker-reklame\/konkurranser\/fiktive-konkurranser\/#primaryimage","url":"https:\/\/reklameskolen.devz.no\/nn\/wp-content\/uploads\/2022\/05\/bloggemamma.jpg","contentUrl":"https:\/\/reklameskolen.devz.no\/nn\/wp-content\/uploads\/2022\/05\/bloggemamma.jpg"},{"@type":"BreadcrumbList","@id":"https:\/\/reklameskolen.devz.no\/ungdomsskole\/nn\/reklamen-og-oss\/hvordan-virker-reklame\/konkurranser\/fiktive-konkurranser\/#breadcrumb","itemListElement":[{"@type":"ListItem","position":1,"name":"Home","item":"https:\/\/reklameskolen.devz.no\/ungdomsskole\/nn\/"},{"@type":"ListItem","position":2,"name":"Reklamen og oss","item":"https:\/\/reklameskolen.devz.no\/ungdomsskole\/nn\/reklamen-og-oss\/"},{"@type":"ListItem","position":3,"name":"Korleis verkar reklame?","item":"https:\/\/reklameskolen.devz.no\/ungdomsskole\/nn\/reklamen-og-oss\/hvordan-virker-reklame\/"},{"@type":"ListItem","position":4,"name":"Konkurransar","item":"https:\/\/reklameskolen.devz.no\/ungdomsskole\/nn\/reklamen-og-oss\/hvordan-virker-reklame\/konkurranser\/"},{"@type":"ListItem","position":5,"name":"Fiktive konkurransar"}]},{"@type":"WebSite","@id":"https:\/\/reklameskolen.devz.no\/ungdomsskole\/nn\/#website","url":"https:\/\/reklameskolen.devz.no\/ungdomsskole\/nn\/","name":"Ungdomskole Nynorsk","description":"Oppl\u00e6ringsverkt\u00f8y om reklame","publisher":{"@id":"https:\/\/reklameskolen.devz.no\/ungdomsskole\/nn\/#organization"},"potentialAction":[{"@type":"SearchAction","target":{"@type":"EntryPoint","urlTemplate":"https:\/\/reklameskolen.devz.no\/ungdomsskole\/nn\/?s={search_term_string}"},"query-input":{"@type":"PropertyValueSpecification","valueRequired":true,"valueName":"search_term_string"}}],"inLanguage":"en-US"},{"@type":"Organization","@id":"https:\/\/reklameskolen.devz.no\/ungdomsskole\/nn\/#organization","name":"Ungdomskole Nynorsk","url":"https:\/\/reklameskolen.devz.no\/ungdomsskole\/nn\/","logo":{"@type":"ImageObject","inLanguage":"en-US","@id":"https:\/\/reklameskolen.devz.no\/ungdomsskole\/nn\/#\/schema\/logo\/image\/","url":"https:\/\/reklameskolen.devz.no\/wp-content\/uploads\/2023\/08\/Reklameskolen-Logo-01.png","contentUrl":"https:\/\/reklameskolen.devz.no\/wp-content\/uploads\/2023\/08\/Reklameskolen-Logo-01.png","caption":"Ungdomskole Nynorsk"},"image":{"@id":"https:\/\/reklameskolen.devz.no\/ungdomsskole\/nn\/#\/schema\/logo\/image\/"}}]}},"_links":{"self":[{"href":"https:\/\/reklameskolen.devz.no\/ungdomsskole\/nn\/wp-json\/wp\/v2\/pages\/1319","targetHints":{"allow":["GET"]}}],"collection":[{"href":"https:\/\/reklameskolen.devz.no\/ungdomsskole\/nn\/wp-json\/wp\/v2\/pages"}],"about":[{"href":"https:\/\/reklameskolen.devz.no\/ungdomsskole\/nn\/wp-json\/wp\/v2\/types\/page"}],"author":[{"embeddable":true,"href":"https:\/\/reklameskolen.devz.no\/ungdomsskole\/nn\/wp-json\/wp\/v2\/users\/6"}],"replies":[{"embeddable":true,"href":"https:\/\/reklameskolen.devz.no\/ungdomsskole\/nn\/wp-json\/wp\/v2\/comments?post=1319"}],"version-history":[{"count":21,"href":"https:\/\/reklameskolen.devz.no\/ungdomsskole\/nn\/wp-json\/wp\/v2\/pages\/1319\/revisions"}],"predecessor-version":[{"id":3643,"href":"https:\/\/reklameskolen.devz.no\/ungdomsskole\/nn\/wp-json\/wp\/v2\/pages\/1319\/revisions\/3643"}],"up":[{"embeddable":true,"href":"https:\/\/reklameskolen.devz.no\/ungdomsskole\/nn\/wp-json\/wp\/v2\/pages\/166"}],"wp:attachment":[{"href":"https:\/\/reklameskolen.devz.no\/ungdomsskole\/nn\/wp-json\/wp\/v2\/media?parent=1319"}],"curies":[{"name":"wp","href":"https:\/\/api.w.org\/{rel}","templated":true}]}}