{"id":1349,"date":"2022-02-22T17:18:44","date_gmt":"2022-02-22T16:18:44","guid":{"rendered":"https:\/\/reklameskolen.devz.no\/?page_id=1349"},"modified":"2023-10-26T12:43:06","modified_gmt":"2023-10-26T10:43:06","slug":"donna-ionna-modellskolen","status":"publish","type":"page","link":"https:\/\/reklameskolen.devz.no\/ungdomsskole\/nn\/metoder-medier-og-miljo\/barn-og-unge-som-malgruppe\/barns-rettsvern-i-lovgivningen\/donna-ionna-modellskolen\/","title":{"rendered":"Donna \u2013 Ionna \u2013 Modellskolen"},"content":{"rendered":"\n<h2 class=\"wp-block-heading\" id=\"modellskolen-som-tok-direktekontakt\">Modellskolen som tok direktekontakt<\/h2>\n\n\n\n<div class=\"wp-block-columns is-layout-flex wp-container-core-columns-is-layout-28f84493 wp-block-columns-is-layout-flex\">\n<div class=\"wp-block-column is-layout-flow wp-block-column-is-layout-flow\" style=\"flex-basis:66.66%\">\n<p class=\"has-text-align-center has-palette-color-3-color has-text-color\"><em>Hei, kunne du tenke deg \u00e5 delta p\u00e5 modellkurs? En dag med meg og sjansen til \u00e5 bli oppdaget som modell \u2026<\/em><\/p>\n\n\n\n<p>Slik begynte meldingane sendt fr\u00e5 ein modellagent til unge jenter p\u00e5 Instagram. Meldingane blei sende gjennom Messenger, og var ein invitasjon om \u00e5 delta p\u00e5 modellkurs. <\/p>\n\n\n\n<p class=\"has-text-align-center\"><em>Hei, hvis du blir med p\u00e5 en weekend med meg, kommer du til \u00e5 f\u00e5 en ny fremtid <\/em><em>? H\u00e5per du blir med!<\/em><\/p>\n\n\n\n<p>Var du jente i perioden fr\u00e5 2016 til 2018 og aktiv p\u00e5 Instagram, kunne du oppleve \u00e5 f\u00e5 ei direktemelding fr\u00e5 ein modellagent med invitasjon om \u00e5 delta p\u00e5 modellkurs. Det kom gjerne fram at du var blitt spesielt lagt merke til, at du hadde det som skulle til, og at du hadde ein mogleg modellkarriere i framtida. Det var dessutan f\u00e5 plassar om du skulle n\u00f8le med \u00e5 seie ja.<\/p>\n\n\n\n<p class=\"has-text-align-center\"><em>Er du usikker? Vel, Synd \u00e5 kaste bort utseendet \u2026<\/em><\/p>\n\n\n\n<p>Om du var under 18 \u00e5r var dette inga hindring. Modellagenten kunne gjerne snakke med foreldra dine. At modellkurset kosta fleire tusen kroner, alt fr\u00e5 5&nbsp;500,- og opp til 25&nbsp;000,- kroner, blei naturlegvis ikkje nemnt.<\/p>\n\n\n\n<p>Fleire av jentene som tok imot desse meldingane f\u00f8lte seg naturlegvis spesielle sidan akkurat dei blei kontakta. Nokon f\u00f8lte seg nesten tvinga til \u00e5 delta. Fleire blei fr\u00e5r\u00e5dd \u00e5 delta, eller valde sj\u00f8lv \u00e5 ikkje delta p\u00e5 kurset.<\/p>\n\n\n\n<p><\/p>\n\n\n\n<p>Slike meldingar er naturlegvis ikkje lov. <\/p>\n\n\n\n<p>\u00c5 sende reklame i direktemeldingar blir rekna som ein direkte kj\u00f8psoppfordring. Dette er forbode viss mottakaren ikkje har sagt ja til \u00e5 f\u00e5 slike meldingar. Direkte kj\u00f8psoppfordringar til ein som er under 18 \u00e5r, er uansett forbode. <\/p>\n\n\n\n<p>Forbrukartilsynet fatta vedtak <a rel=\"noreferrer noopener\" href=\"https:\/\/www.forbrukertilsynet.no\/lov-og-rett\/vedtak\/fov-2018-1870-donna-ioanna-milano\" target=\"_blank\">(2018-1870)<\/a> om at annons\u00f8ren i dette tilfellet m\u00e5tte betale 150 000,- i bot.<\/p>\n<\/div>\n\n\n\n<div class=\"wp-block-column is-layout-flow wp-block-column-is-layout-flow\" style=\"flex-basis:33.33%\">\n<figure class=\"wp-block-image size-full\"><img loading=\"lazy\" decoding=\"async\" width=\"797\" height=\"535\" src=\"https:\/\/reklameskolen.devz.no\/wp-content\/uploads\/sites\/8\/2022\/02\/Modellagent-2-1.jpg\" alt=\"Illustrasjon som viser en sms med teksten &quot;Hei, Selma! Kunne du tenke deg \u00e5 delta p\u00e5 modellkurs? Vi holder kurs i Kristiansand 8. juli og i Oslo 15. juli. P\u00e5 kurset vil du f\u00e5 catwalktrening, to fotoshoots samt en dag med meg og muligheten til \u00e5 bli oppdaget som modell. Det er ingen krav til h\u00f8yde eller m\u00e5l. \u00d8nsker du mer info om pris og hva det inneb\u00e6rer?&quot;.\" class=\"wp-image-1439\" srcset=\"https:\/\/reklameskolen.devz.no\/ungdomsskole\/nn\/files\/2022\/02\/Modellagent-2-1.jpg 797w, https:\/\/reklameskolen.devz.no\/ungdomsskole\/nn\/files\/2022\/02\/Modellagent-2-1-300x201.jpg 300w, https:\/\/reklameskolen.devz.no\/ungdomsskole\/nn\/files\/2022\/02\/Modellagent-2-1-768x516.jpg 768w, https:\/\/reklameskolen.devz.no\/ungdomsskole\/nn\/files\/2022\/02\/Modellagent-2-1-150x101.jpg 150w\" sizes=\"auto, (max-width: 797px) 100vw, 797px\" \/><\/figure>\n\n\n\n<figure class=\"wp-block-image size-full\"><img loading=\"lazy\" decoding=\"async\" width=\"875\" height=\"370\" src=\"https:\/\/reklameskolen.devz.no\/wp-content\/uploads\/sites\/8\/2022\/02\/Modellagent-3.jpg\" alt=\"Illustrasjon som viser en sms-korrespondanse med teksten \n&quot;Jeg bare lurte p\u00e5 en ting? Hvorfor spurte du akkurat meg?&quot;\n&quot;Kom over instagrammen din&quot;\" class=\"wp-image-1442\" srcset=\"https:\/\/reklameskolen.devz.no\/ungdomsskole\/nn\/files\/2022\/02\/Modellagent-3.jpg 875w, https:\/\/reklameskolen.devz.no\/ungdomsskole\/nn\/files\/2022\/02\/Modellagent-3-300x127.jpg 300w, https:\/\/reklameskolen.devz.no\/ungdomsskole\/nn\/files\/2022\/02\/Modellagent-3-768x325.jpg 768w, https:\/\/reklameskolen.devz.no\/ungdomsskole\/nn\/files\/2022\/02\/Modellagent-3-150x63.jpg 150w\" sizes=\"auto, (max-width: 875px) 100vw, 875px\" \/><\/figure>\n\n\n\n<figure class=\"wp-block-image size-full\"><img loading=\"lazy\" decoding=\"async\" width=\"775\" height=\"484\" src=\"https:\/\/reklameskolen.devz.no\/wp-content\/uploads\/sites\/8\/2022\/02\/Modellagent-4.jpg\" alt=\"Illustrasjon som viser en sms-korrespondanse med teksten \n&quot;Jeg mener ikke \u00e5 v\u00e6re frekk, men sp\u00f8r du personen som kan ha en mulighet til \u00e5 bli modell eller sender du mld til randome?\n\n&quot;Sender melding til de jeg kommer over p\u00e5 instagram, som jeg ser noe i&quot;\" class=\"wp-image-1445\" srcset=\"https:\/\/reklameskolen.devz.no\/ungdomsskole\/nn\/files\/2022\/02\/Modellagent-4.jpg 775w, https:\/\/reklameskolen.devz.no\/ungdomsskole\/nn\/files\/2022\/02\/Modellagent-4-300x187.jpg 300w, https:\/\/reklameskolen.devz.no\/ungdomsskole\/nn\/files\/2022\/02\/Modellagent-4-768x480.jpg 768w, https:\/\/reklameskolen.devz.no\/ungdomsskole\/nn\/files\/2022\/02\/Modellagent-4-150x94.jpg 150w\" sizes=\"auto, (max-width: 775px) 100vw, 775px\" \/><\/figure>\n<\/div>\n<\/div>\n\n\n\n<div style=\"height:100px\" aria-hidden=\"true\" class=\"wp-block-spacer\"><\/div>\n\n\n\n<div class=\"wp-block-group alignfull has-palette-color-4-background-color has-background is-layout-flow wp-block-group-is-layout-flow\">\n<div class=\"wp-block-columns is-layout-flex wp-container-core-columns-is-layout-28f84493 wp-block-columns-is-layout-flex\">\n<div class=\"wp-block-column is-layout-flow wp-block-column-is-layout-flow\">\n<div class=\"wp-block-buttons is-layout-flex wp-block-buttons-is-layout-flex\">\n<div class=\"wp-block-button\"><a class=\"wp-block-button__link wp-element-button\" href=\"https:\/\/reklameskolen.devz.no\/ungdomsskole\/nn\/metoder-medier-og-miljo\/barn-og-unge-som-malgruppe\/barns-rettsvern-i-lovgivningen\/\">Tilbake til &#8220;Barns rettsvern i lovgivinga&#8221;<\/a><\/div>\n<\/div>\n<\/div>\n\n\n\n<div class=\"wp-block-column is-layout-flow wp-block-column-is-layout-flow\">\n<div class=\"wp-block-buttons is-horizontal is-content-justification-right is-layout-flex wp-container-core-buttons-is-layout-30af2ff6 wp-block-buttons-is-layout-flex\"><\/div>\n<\/div>\n<\/div>\n<\/div>\n","protected":false},"excerpt":{"rendered":"<p>Modellskolen som tok direktekontakt Hei, kunne du tenke deg \u00e5 delta p\u00e5 modellkurs? En dag med meg og sjansen til \u00e5 bli oppdaget som modell \u2026 Slik begynte meldingane sendt fr\u00e5 ein modellagent til unge jenter p\u00e5 Instagram. Meldingane blei sende gjennom Messenger, og var ein invitasjon om \u00e5 delta p\u00e5 modellkurs. Hei, hvis du [&hellip;]<\/p>\n","protected":false},"author":6,"featured_media":0,"parent":1341,"menu_order":0,"comment_status":"closed","ping_status":"closed","template":"","meta":{"_acf_changed":false,"editor_notices":[],"footnotes":""},"class_list":["post-1349","page","type-page","status-publish","hentry"],"blocksy_meta":{"styles_descriptor":{"styles":{"desktop":"","tablet":"","mobile":""},"google_fonts":[],"version":6}},"acf":[],"yoast_head":"<!-- This site is optimized with the Yoast SEO plugin v25.9 - https:\/\/yoast.com\/wordpress\/plugins\/seo\/ -->\n<title>Donna \u2013 Ionna \u2013 Modellskolen - Ungdomskole Nynorsk<\/title>\n<meta name=\"robots\" content=\"index, follow, max-snippet:-1, max-image-preview:large, max-video-preview:-1\" \/>\n<link rel=\"canonical\" href=\"https:\/\/reklameskolen.devz.no\/ungdomsskole\/nn\/metoder-medier-og-miljo\/barn-og-unge-som-malgruppe\/barns-rettsvern-i-lovgivningen\/donna-ionna-modellskolen\/\" \/>\n<meta property=\"og:locale\" content=\"en_US\" \/>\n<meta property=\"og:type\" content=\"article\" \/>\n<meta property=\"og:title\" content=\"Donna \u2013 Ionna \u2013 Modellskolen - Ungdomskole Nynorsk\" \/>\n<meta property=\"og:description\" content=\"Modellskolen som tok direktekontakt Hei, kunne du tenke deg \u00e5 delta p\u00e5 modellkurs? En dag med meg og sjansen til \u00e5 bli oppdaget som modell \u2026 Slik begynte meldingane sendt fr\u00e5 ein modellagent til unge jenter p\u00e5 Instagram. Meldingane blei sende gjennom Messenger, og var ein invitasjon om \u00e5 delta p\u00e5 modellkurs. Hei, hvis du [&hellip;]\" \/>\n<meta property=\"og:url\" content=\"https:\/\/reklameskolen.devz.no\/ungdomsskole\/nn\/metoder-medier-og-miljo\/barn-og-unge-som-malgruppe\/barns-rettsvern-i-lovgivningen\/donna-ionna-modellskolen\/\" \/>\n<meta property=\"og:site_name\" content=\"Ungdomskole Nynorsk\" \/>\n<meta property=\"article:modified_time\" content=\"2023-10-26T10:43:06+00:00\" \/>\n<meta property=\"og:image\" content=\"https:\/\/reklameskolen.devz.no\/wp-content\/uploads\/2022\/02\/Modellagent-2-1.jpg\" \/>\n\t<meta property=\"og:image:width\" content=\"797\" \/>\n\t<meta property=\"og:image:height\" content=\"535\" \/>\n\t<meta property=\"og:image:type\" content=\"image\/jpeg\" \/>\n<meta name=\"twitter:card\" content=\"summary_large_image\" \/>\n<meta name=\"twitter:label1\" content=\"Est. reading time\" \/>\n\t<meta name=\"twitter:data1\" content=\"1 minute\" \/>\n<script type=\"application\/ld+json\" class=\"yoast-schema-graph\">{\"@context\":\"https:\/\/schema.org\",\"@graph\":[{\"@type\":\"WebPage\",\"@id\":\"https:\/\/reklameskolen.devz.no\/ungdomsskole\/nn\/metoder-medier-og-miljo\/barn-og-unge-som-malgruppe\/barns-rettsvern-i-lovgivningen\/donna-ionna-modellskolen\/\",\"url\":\"https:\/\/reklameskolen.devz.no\/ungdomsskole\/nn\/metoder-medier-og-miljo\/barn-og-unge-som-malgruppe\/barns-rettsvern-i-lovgivningen\/donna-ionna-modellskolen\/\",\"name\":\"Donna \u2013 Ionna \u2013 Modellskolen - Ungdomskole Nynorsk\",\"isPartOf\":{\"@id\":\"https:\/\/reklameskolen.devz.no\/ungdomsskole\/nn\/#website\"},\"primaryImageOfPage\":{\"@id\":\"https:\/\/reklameskolen.devz.no\/ungdomsskole\/nn\/metoder-medier-og-miljo\/barn-og-unge-som-malgruppe\/barns-rettsvern-i-lovgivningen\/donna-ionna-modellskolen\/#primaryimage\"},\"image\":{\"@id\":\"https:\/\/reklameskolen.devz.no\/ungdomsskole\/nn\/metoder-medier-og-miljo\/barn-og-unge-som-malgruppe\/barns-rettsvern-i-lovgivningen\/donna-ionna-modellskolen\/#primaryimage\"},\"thumbnailUrl\":\"https:\/\/reklameskolen.devz.no\/wp-content\/uploads\/sites\/8\/2022\/02\/Modellagent-2-1.jpg\",\"datePublished\":\"2022-02-22T16:18:44+00:00\",\"dateModified\":\"2023-10-26T10:43:06+00:00\",\"breadcrumb\":{\"@id\":\"https:\/\/reklameskolen.devz.no\/ungdomsskole\/nn\/metoder-medier-og-miljo\/barn-og-unge-som-malgruppe\/barns-rettsvern-i-lovgivningen\/donna-ionna-modellskolen\/#breadcrumb\"},\"inLanguage\":\"en-US\",\"potentialAction\":[{\"@type\":\"ReadAction\",\"target\":[\"https:\/\/reklameskolen.devz.no\/ungdomsskole\/nn\/metoder-medier-og-miljo\/barn-og-unge-som-malgruppe\/barns-rettsvern-i-lovgivningen\/donna-ionna-modellskolen\/\"]}]},{\"@type\":\"ImageObject\",\"inLanguage\":\"en-US\",\"@id\":\"https:\/\/reklameskolen.devz.no\/ungdomsskole\/nn\/metoder-medier-og-miljo\/barn-og-unge-som-malgruppe\/barns-rettsvern-i-lovgivningen\/donna-ionna-modellskolen\/#primaryimage\",\"url\":\"https:\/\/reklameskolen.devz.no\/wp-content\/uploads\/sites\/8\/2022\/02\/Modellagent-2-1.jpg\",\"contentUrl\":\"https:\/\/reklameskolen.devz.no\/wp-content\/uploads\/sites\/8\/2022\/02\/Modellagent-2-1.jpg\"},{\"@type\":\"BreadcrumbList\",\"@id\":\"https:\/\/reklameskolen.devz.no\/ungdomsskole\/nn\/metoder-medier-og-miljo\/barn-og-unge-som-malgruppe\/barns-rettsvern-i-lovgivningen\/donna-ionna-modellskolen\/#breadcrumb\",\"itemListElement\":[{\"@type\":\"ListItem\",\"position\":1,\"name\":\"Home\",\"item\":\"https:\/\/reklameskolen.devz.no\/ungdomsskole\/nn\/\"},{\"@type\":\"ListItem\",\"position\":2,\"name\":\"Metodar, medium og milj\u00f8\",\"item\":\"https:\/\/reklameskolen.devz.no\/ungdomsskole\/nn\/metoder-medier-og-miljo\/\"},{\"@type\":\"ListItem\",\"position\":3,\"name\":\"Barn og unge\",\"item\":\"https:\/\/reklameskolen.devz.no\/ungdomsskole\/nn\/metoder-medier-og-miljo\/barn-og-unge-som-malgruppe\/\"},{\"@type\":\"ListItem\",\"position\":4,\"name\":\"Beskytta av lova\",\"item\":\"https:\/\/reklameskolen.devz.no\/ungdomsskole\/nn\/metoder-medier-og-miljo\/barn-og-unge-som-malgruppe\/barns-rettsvern-i-lovgivningen\/\"},{\"@type\":\"ListItem\",\"position\":5,\"name\":\"Donna \u2013 Ionna \u2013 Modellskolen\"}]},{\"@type\":\"WebSite\",\"@id\":\"https:\/\/reklameskolen.devz.no\/ungdomsskole\/nn\/#website\",\"url\":\"https:\/\/reklameskolen.devz.no\/ungdomsskole\/nn\/\",\"name\":\"Ungdomskole Nynorsk\",\"description\":\"Oppl\u00e6ringsverkt\u00f8y om reklame\",\"publisher\":{\"@id\":\"https:\/\/reklameskolen.devz.no\/ungdomsskole\/nn\/#organization\"},\"potentialAction\":[{\"@type\":\"SearchAction\",\"target\":{\"@type\":\"EntryPoint\",\"urlTemplate\":\"https:\/\/reklameskolen.devz.no\/ungdomsskole\/nn\/?s={search_term_string}\"},\"query-input\":{\"@type\":\"PropertyValueSpecification\",\"valueRequired\":true,\"valueName\":\"search_term_string\"}}],\"inLanguage\":\"en-US\"},{\"@type\":\"Organization\",\"@id\":\"https:\/\/reklameskolen.devz.no\/ungdomsskole\/nn\/#organization\",\"name\":\"Ungdomskole Nynorsk\",\"url\":\"https:\/\/reklameskolen.devz.no\/ungdomsskole\/nn\/\",\"logo\":{\"@type\":\"ImageObject\",\"inLanguage\":\"en-US\",\"@id\":\"https:\/\/reklameskolen.devz.no\/ungdomsskole\/nn\/#\/schema\/logo\/image\/\",\"url\":\"https:\/\/reklameskolen.devz.no\/wp-content\/uploads\/2023\/08\/Reklameskolen-Logo-01.png\",\"contentUrl\":\"https:\/\/reklameskolen.devz.no\/wp-content\/uploads\/2023\/08\/Reklameskolen-Logo-01.png\",\"caption\":\"Ungdomskole Nynorsk\"},\"image\":{\"@id\":\"https:\/\/reklameskolen.devz.no\/ungdomsskole\/nn\/#\/schema\/logo\/image\/\"}}]}<\/script>\n<!-- \/ Yoast SEO plugin. -->","yoast_head_json":{"title":"Donna \u2013 Ionna \u2013 Modellskolen - Ungdomskole Nynorsk","robots":{"index":"index","follow":"follow","max-snippet":"max-snippet:-1","max-image-preview":"max-image-preview:large","max-video-preview":"max-video-preview:-1"},"canonical":"https:\/\/reklameskolen.devz.no\/ungdomsskole\/nn\/metoder-medier-og-miljo\/barn-og-unge-som-malgruppe\/barns-rettsvern-i-lovgivningen\/donna-ionna-modellskolen\/","og_locale":"en_US","og_type":"article","og_title":"Donna \u2013 Ionna \u2013 Modellskolen - Ungdomskole Nynorsk","og_description":"Modellskolen som tok direktekontakt Hei, kunne du tenke deg \u00e5 delta p\u00e5 modellkurs? En dag med meg og sjansen til \u00e5 bli oppdaget som modell \u2026 Slik begynte meldingane sendt fr\u00e5 ein modellagent til unge jenter p\u00e5 Instagram. Meldingane blei sende gjennom Messenger, og var ein invitasjon om \u00e5 delta p\u00e5 modellkurs. Hei, hvis du [&hellip;]","og_url":"https:\/\/reklameskolen.devz.no\/ungdomsskole\/nn\/metoder-medier-og-miljo\/barn-og-unge-som-malgruppe\/barns-rettsvern-i-lovgivningen\/donna-ionna-modellskolen\/","og_site_name":"Ungdomskole Nynorsk","article_modified_time":"2023-10-26T10:43:06+00:00","og_image":[{"width":797,"height":535,"url":"https:\/\/reklameskolen.devz.no\/wp-content\/uploads\/2022\/02\/Modellagent-2-1.jpg","type":"image\/jpeg"}],"twitter_card":"summary_large_image","twitter_misc":{"Est. reading time":"1 minute"},"schema":{"@context":"https:\/\/schema.org","@graph":[{"@type":"WebPage","@id":"https:\/\/reklameskolen.devz.no\/ungdomsskole\/nn\/metoder-medier-og-miljo\/barn-og-unge-som-malgruppe\/barns-rettsvern-i-lovgivningen\/donna-ionna-modellskolen\/","url":"https:\/\/reklameskolen.devz.no\/ungdomsskole\/nn\/metoder-medier-og-miljo\/barn-og-unge-som-malgruppe\/barns-rettsvern-i-lovgivningen\/donna-ionna-modellskolen\/","name":"Donna \u2013 Ionna \u2013 Modellskolen - Ungdomskole Nynorsk","isPartOf":{"@id":"https:\/\/reklameskolen.devz.no\/ungdomsskole\/nn\/#website"},"primaryImageOfPage":{"@id":"https:\/\/reklameskolen.devz.no\/ungdomsskole\/nn\/metoder-medier-og-miljo\/barn-og-unge-som-malgruppe\/barns-rettsvern-i-lovgivningen\/donna-ionna-modellskolen\/#primaryimage"},"image":{"@id":"https:\/\/reklameskolen.devz.no\/ungdomsskole\/nn\/metoder-medier-og-miljo\/barn-og-unge-som-malgruppe\/barns-rettsvern-i-lovgivningen\/donna-ionna-modellskolen\/#primaryimage"},"thumbnailUrl":"https:\/\/reklameskolen.devz.no\/wp-content\/uploads\/sites\/8\/2022\/02\/Modellagent-2-1.jpg","datePublished":"2022-02-22T16:18:44+00:00","dateModified":"2023-10-26T10:43:06+00:00","breadcrumb":{"@id":"https:\/\/reklameskolen.devz.no\/ungdomsskole\/nn\/metoder-medier-og-miljo\/barn-og-unge-som-malgruppe\/barns-rettsvern-i-lovgivningen\/donna-ionna-modellskolen\/#breadcrumb"},"inLanguage":"en-US","potentialAction":[{"@type":"ReadAction","target":["https:\/\/reklameskolen.devz.no\/ungdomsskole\/nn\/metoder-medier-og-miljo\/barn-og-unge-som-malgruppe\/barns-rettsvern-i-lovgivningen\/donna-ionna-modellskolen\/"]}]},{"@type":"ImageObject","inLanguage":"en-US","@id":"https:\/\/reklameskolen.devz.no\/ungdomsskole\/nn\/metoder-medier-og-miljo\/barn-og-unge-som-malgruppe\/barns-rettsvern-i-lovgivningen\/donna-ionna-modellskolen\/#primaryimage","url":"https:\/\/reklameskolen.devz.no\/wp-content\/uploads\/sites\/8\/2022\/02\/Modellagent-2-1.jpg","contentUrl":"https:\/\/reklameskolen.devz.no\/wp-content\/uploads\/sites\/8\/2022\/02\/Modellagent-2-1.jpg"},{"@type":"BreadcrumbList","@id":"https:\/\/reklameskolen.devz.no\/ungdomsskole\/nn\/metoder-medier-og-miljo\/barn-og-unge-som-malgruppe\/barns-rettsvern-i-lovgivningen\/donna-ionna-modellskolen\/#breadcrumb","itemListElement":[{"@type":"ListItem","position":1,"name":"Home","item":"https:\/\/reklameskolen.devz.no\/ungdomsskole\/nn\/"},{"@type":"ListItem","position":2,"name":"Metodar, medium og milj\u00f8","item":"https:\/\/reklameskolen.devz.no\/ungdomsskole\/nn\/metoder-medier-og-miljo\/"},{"@type":"ListItem","position":3,"name":"Barn og unge","item":"https:\/\/reklameskolen.devz.no\/ungdomsskole\/nn\/metoder-medier-og-miljo\/barn-og-unge-som-malgruppe\/"},{"@type":"ListItem","position":4,"name":"Beskytta av lova","item":"https:\/\/reklameskolen.devz.no\/ungdomsskole\/nn\/metoder-medier-og-miljo\/barn-og-unge-som-malgruppe\/barns-rettsvern-i-lovgivningen\/"},{"@type":"ListItem","position":5,"name":"Donna \u2013 Ionna \u2013 Modellskolen"}]},{"@type":"WebSite","@id":"https:\/\/reklameskolen.devz.no\/ungdomsskole\/nn\/#website","url":"https:\/\/reklameskolen.devz.no\/ungdomsskole\/nn\/","name":"Ungdomskole Nynorsk","description":"Oppl\u00e6ringsverkt\u00f8y om reklame","publisher":{"@id":"https:\/\/reklameskolen.devz.no\/ungdomsskole\/nn\/#organization"},"potentialAction":[{"@type":"SearchAction","target":{"@type":"EntryPoint","urlTemplate":"https:\/\/reklameskolen.devz.no\/ungdomsskole\/nn\/?s={search_term_string}"},"query-input":{"@type":"PropertyValueSpecification","valueRequired":true,"valueName":"search_term_string"}}],"inLanguage":"en-US"},{"@type":"Organization","@id":"https:\/\/reklameskolen.devz.no\/ungdomsskole\/nn\/#organization","name":"Ungdomskole Nynorsk","url":"https:\/\/reklameskolen.devz.no\/ungdomsskole\/nn\/","logo":{"@type":"ImageObject","inLanguage":"en-US","@id":"https:\/\/reklameskolen.devz.no\/ungdomsskole\/nn\/#\/schema\/logo\/image\/","url":"https:\/\/reklameskolen.devz.no\/wp-content\/uploads\/2023\/08\/Reklameskolen-Logo-01.png","contentUrl":"https:\/\/reklameskolen.devz.no\/wp-content\/uploads\/2023\/08\/Reklameskolen-Logo-01.png","caption":"Ungdomskole Nynorsk"},"image":{"@id":"https:\/\/reklameskolen.devz.no\/ungdomsskole\/nn\/#\/schema\/logo\/image\/"}}]}},"_links":{"self":[{"href":"https:\/\/reklameskolen.devz.no\/ungdomsskole\/nn\/wp-json\/wp\/v2\/pages\/1349","targetHints":{"allow":["GET"]}}],"collection":[{"href":"https:\/\/reklameskolen.devz.no\/ungdomsskole\/nn\/wp-json\/wp\/v2\/pages"}],"about":[{"href":"https:\/\/reklameskolen.devz.no\/ungdomsskole\/nn\/wp-json\/wp\/v2\/types\/page"}],"author":[{"embeddable":true,"href":"https:\/\/reklameskolen.devz.no\/ungdomsskole\/nn\/wp-json\/wp\/v2\/users\/6"}],"replies":[{"embeddable":true,"href":"https:\/\/reklameskolen.devz.no\/ungdomsskole\/nn\/wp-json\/wp\/v2\/comments?post=1349"}],"version-history":[{"count":28,"href":"https:\/\/reklameskolen.devz.no\/ungdomsskole\/nn\/wp-json\/wp\/v2\/pages\/1349\/revisions"}],"predecessor-version":[{"id":3698,"href":"https:\/\/reklameskolen.devz.no\/ungdomsskole\/nn\/wp-json\/wp\/v2\/pages\/1349\/revisions\/3698"}],"up":[{"embeddable":true,"href":"https:\/\/reklameskolen.devz.no\/ungdomsskole\/nn\/wp-json\/wp\/v2\/pages\/1341"}],"wp:attachment":[{"href":"https:\/\/reklameskolen.devz.no\/ungdomsskole\/nn\/wp-json\/wp\/v2\/media?parent=1349"}],"curies":[{"name":"wp","href":"https:\/\/api.w.org\/{rel}","templated":true}]}}