{"id":159,"date":"2021-12-09T08:58:10","date_gmt":"2021-12-09T07:58:10","guid":{"rendered":"https:\/\/reklameskolen.devz.no\/?page_id=159"},"modified":"2024-08-20T13:21:17","modified_gmt":"2024-08-20T11:21:17","slug":"virkemidler1","status":"publish","type":"page","link":"https:\/\/reklameskolen.devz.no\/ungdomsskole\/nn\/reklamen-og-oss\/hvordan-virker-reklame\/virkemidler1\/","title":{"rendered":"Verkemiddel i reklame del 1"},"content":{"rendered":"\n<h1 class=\"wp-block-heading\" id=\"hvordan-virker-reklamen\">Spr\u00e5k og fargar<\/h1>\n\n\n\n<div style=\"height:20px\" aria-hidden=\"true\" class=\"wp-block-spacer\"><\/div>\n\n\n\n<div class=\"wp-block-columns is-layout-flex wp-container-core-columns-is-layout-28f84493 wp-block-columns-is-layout-flex\">\n<div class=\"wp-block-column is-layout-flow wp-block-column-is-layout-flow\" style=\"flex-basis:66.66%\">\n<p class=\"has-medium-font-size\"><strong>Har du nokon gong tenkt over kvifor du vel eit produkt av eit spesielt merke overfor eit anna? Eller kvifor du kj\u00f8pte akkurat den genseren, eller \u00f8nsker deg akkurat det hovudsettet?&nbsp;&nbsp;<\/strong><\/p>\n\n\n\n<p>Reklamebransjen har eit stort utval av ulike verkemiddel som dei kan bruke for \u00e5 p\u00e5verke oss til \u00e5 kj\u00f8pe ting. <\/p>\n\n\n\n<p>Nokre verkemiddel kjenner du kanskje igjen, som kva for eit spr\u00e5k som blir brukt i reklamen. Ord som \u00abSal\u00bb, \u00abTilbod\u00bb eller \u00abElleville dagar\u00bb kan p\u00e5verke oss utan at vi er klar over det. Enkelte butikkar og kjeder bruker \u00f2g slagord, som er enkle \u00e5 hugse og som kan liggje i bakhovudet v\u00e5rt. Du kjenner kanskje \u00f2g igjen somme songar eller musikksnuttar som blir brukt b\u00e5de p\u00e5 tv og i radio, og som du no forbind med eit spesielt produkt eller ei spesiell kjede. <\/p>\n\n\n\n<p>Andre verkemiddel skal p\u00e5verke deg til \u00e5 ta raske avgjerder. Det kan for eksempel vere ei klokke som tikkar ned p\u00e5 bestillingssida, eller n\u00e5r du i nettbutikken f\u00e5r beskjed om at ei viss mengde andre personar ser p\u00e5 same produkt som deg akkurat n\u00e5.  Alle desse verkemidla er n\u00f8ye planlagt for \u00e5 f\u00e5 deg til \u00e5 kj\u00f8pe ei bestemt vare. &nbsp;&nbsp;&nbsp;&nbsp;&nbsp;&nbsp;<\/p>\n<\/div>\n\n\n\n<div class=\"wp-block-column is-layout-flow wp-block-column-is-layout-flow\" style=\"flex-basis:33.33%\">\n<div class=\"wp-block-group is-style-fact-box is-layout-flow wp-block-group-is-layout-flow\">\n<h2 class=\"wp-block-heading has-palette-color-8-color has-text-color\" id=\"ordforklaring\">Ordforklaring<\/h2>\n\n\n\n<p><strong>Verkemiddel:<\/strong> Metodar og verkt\u00f8y ein kan bruke for \u00e5 n\u00e5 eit m\u00e5l. Reklamen bruker mange verkemiddel for \u00e5 fange merksemda di.<\/p>\n\n\n\n<figure class=\"wp-block-image size-large\"><img loading=\"lazy\" decoding=\"async\" width=\"1024\" height=\"683\" src=\"https:\/\/reklameskolen.devz.no\/wp-content\/uploads\/sites\/8\/2022\/03\/alexander-schimmeck-1N5jjLyBafc-unsplash-1024x683.jpg\" alt=\"Bildet viser en verkt\u00f8ykasse full av verkt\u00f8y. \" class=\"wp-image-1947\" srcset=\"https:\/\/reklameskolen.devz.no\/ungdomsskole\/nn\/files\/2022\/03\/alexander-schimmeck-1N5jjLyBafc-unsplash-1024x683.jpg 1024w, https:\/\/reklameskolen.devz.no\/ungdomsskole\/nn\/files\/2022\/03\/alexander-schimmeck-1N5jjLyBafc-unsplash-300x200.jpg 300w, https:\/\/reklameskolen.devz.no\/ungdomsskole\/nn\/files\/2022\/03\/alexander-schimmeck-1N5jjLyBafc-unsplash-768x512.jpg 768w, https:\/\/reklameskolen.devz.no\/ungdomsskole\/nn\/files\/2022\/03\/alexander-schimmeck-1N5jjLyBafc-unsplash-150x100.jpg 150w, https:\/\/reklameskolen.devz.no\/ungdomsskole\/nn\/files\/2022\/03\/alexander-schimmeck-1N5jjLyBafc-unsplash.jpg 1500w\" sizes=\"auto, (max-width: 1024px) 100vw, 1024px\" \/><figcaption class=\"wp-element-caption\">Reklamebransjen har ei heil verkt\u00f8ykasse full av verkemiddel.<\/figcaption><\/figure>\n<\/div>\n<\/div>\n<\/div>\n\n\n\n<div style=\"height:100px\" aria-hidden=\"true\" class=\"wp-block-spacer\"><\/div>\n\n\n\n<div class=\"wp-block-columns is-layout-flex wp-container-core-columns-is-layout-28f84493 wp-block-columns-is-layout-flex\">\n<div class=\"wp-block-column is-layout-flow wp-block-column-is-layout-flow\" style=\"flex-basis:40%\">\n<h2 class=\"wp-block-heading\" id=\"spraklige-virkemidler\">Spr\u00e5klege verkemiddel<\/h2>\n\n\n\n<p class=\"has-medium-font-size\">Spr\u00e5ket kan p\u00e5verke korleis vi oppfattar reklamen. <\/p>\n\n\n\n<p class=\"has-medium-font-size\">Her er nokre av dei vanlegaste verkemidla som blir brukte i reklame:<\/p>\n\n\n<div class=\"h5p-iframe-wrapper\"><iframe id=\"h5p-iframe-75\" class=\"h5p-iframe\" data-content-id=\"75\" style=\"height:1px\" src=\"about:blank\" frameBorder=\"0\" scrolling=\"no\" title=\"Nynorsk - Spr\u00e5k\"><\/iframe><\/div>\n<\/div>\n\n\n\n<div class=\"wp-block-column is-layout-flow wp-block-column-is-layout-flow\" style=\"flex-basis:60%\">\n<figure class=\"wp-block-image size-large\"><img loading=\"lazy\" decoding=\"async\" width=\"1024\" height=\"683\" src=\"https:\/\/reklameskolen.devz.no\/wp-content\/uploads\/sites\/8\/2022\/02\/clarissa-watson-0aLt3QExk3Y-unsplash-1024x683.jpg\" alt=\"Fotografi av en haug med scrabblebrikker p\u00e5 hvit bakgrunn.\" class=\"wp-image-920\" srcset=\"https:\/\/reklameskolen.devz.no\/ungdomsskole\/nn\/files\/2022\/02\/clarissa-watson-0aLt3QExk3Y-unsplash-1024x683.jpg 1024w, https:\/\/reklameskolen.devz.no\/ungdomsskole\/nn\/files\/2022\/02\/clarissa-watson-0aLt3QExk3Y-unsplash-300x200.jpg 300w, https:\/\/reklameskolen.devz.no\/ungdomsskole\/nn\/files\/2022\/02\/clarissa-watson-0aLt3QExk3Y-unsplash-768x512.jpg 768w, https:\/\/reklameskolen.devz.no\/ungdomsskole\/nn\/files\/2022\/02\/clarissa-watson-0aLt3QExk3Y-unsplash-1536x1024.jpg 1536w, https:\/\/reklameskolen.devz.no\/ungdomsskole\/nn\/files\/2022\/02\/clarissa-watson-0aLt3QExk3Y-unsplash-2048x1365.jpg 2048w, https:\/\/reklameskolen.devz.no\/ungdomsskole\/nn\/files\/2022\/02\/clarissa-watson-0aLt3QExk3Y-unsplash-150x100.jpg 150w\" sizes=\"auto, (max-width: 1024px) 100vw, 1024px\" \/><figcaption class=\"wp-element-caption\">Foto: Clarissa Watson\/Unsplash<\/figcaption><\/figure>\n<\/div>\n<\/div>\n\n\n\n<div style=\"height:100px\" aria-hidden=\"true\" class=\"wp-block-spacer\"><\/div>\n\n\n\n<div class=\"wp-block-columns is-layout-flex wp-container-core-columns-is-layout-28f84493 wp-block-columns-is-layout-flex\">\n<div class=\"wp-block-column is-layout-flow wp-block-column-is-layout-flow\" style=\"flex-basis:60%\">\n<figure class=\"wp-block-image size-large\"><img loading=\"lazy\" decoding=\"async\" width=\"1024\" height=\"982\" src=\"https:\/\/reklameskolen.devz.no\/wp-content\/uploads\/sites\/8\/2022\/04\/david-pisnoy-46juD4zY1XA-unsplash-scaled-1-1024x982.jpg\" alt=\"Fotografi av fire malerruller med hver sin farge p\u00e5 hvit bakgrunn.\" class=\"wp-image-2455\" srcset=\"https:\/\/reklameskolen.devz.no\/ungdomsskole\/nn\/files\/2022\/04\/david-pisnoy-46juD4zY1XA-unsplash-scaled-1-1024x982.jpg 1024w, https:\/\/reklameskolen.devz.no\/ungdomsskole\/nn\/files\/2022\/04\/david-pisnoy-46juD4zY1XA-unsplash-scaled-1-300x288.jpg 300w, https:\/\/reklameskolen.devz.no\/ungdomsskole\/nn\/files\/2022\/04\/david-pisnoy-46juD4zY1XA-unsplash-scaled-1-768x736.jpg 768w, https:\/\/reklameskolen.devz.no\/ungdomsskole\/nn\/files\/2022\/04\/david-pisnoy-46juD4zY1XA-unsplash-scaled-1-1536x1473.jpg 1536w, https:\/\/reklameskolen.devz.no\/ungdomsskole\/nn\/files\/2022\/04\/david-pisnoy-46juD4zY1XA-unsplash-scaled-1-150x144.jpg 150w, https:\/\/reklameskolen.devz.no\/ungdomsskole\/nn\/files\/2022\/04\/david-pisnoy-46juD4zY1XA-unsplash-scaled-1.jpg 1920w\" sizes=\"auto, (max-width: 1024px) 100vw, 1024px\" \/><figcaption class=\"wp-element-caption\">Foto: David Pisnoy\/Unsplash<\/figcaption><\/figure>\n<\/div>\n\n\n\n<div class=\"wp-block-column is-layout-flow wp-block-column-is-layout-flow\" style=\"flex-basis:40%\">\n<h2 class=\"wp-block-heading\" id=\"farger\">Fargar<\/h2>\n\n\n\n<p class=\"has-medium-font-size\">Fargar kan f\u00e5 deg til \u00e5 tenkje at produktet har somme kvalitetar, utan at det blir sagt eller skrivast i reklamen. <\/p>\n\n\n\n<p class=\"has-medium-font-size\">Desse fargane blir brukte ofte for \u00e5 symbolisere eller antyde bestemde verdiar eller eigenskapar:<\/p>\n\n\n<div class=\"h5p-iframe-wrapper\"><iframe id=\"h5p-iframe-74\" class=\"h5p-iframe\" data-content-id=\"74\" style=\"height:1px\" src=\"about:blank\" frameBorder=\"0\" scrolling=\"no\" title=\"Nynorsk - Fargar\"><\/iframe><\/div>\n<\/div>\n<\/div>\n\n\n\n<div style=\"height:100px\" aria-hidden=\"true\" class=\"wp-block-spacer\"><\/div>\n\n\n\n<div class=\"wp-block-group alignfull has-palette-color-4-background-color has-background is-layout-flow wp-block-group-is-layout-flow\">\n<div class=\"wp-block-columns is-layout-flex wp-container-core-columns-is-layout-28f84493 wp-block-columns-is-layout-flex\">\n<div class=\"wp-block-column is-layout-flow wp-block-column-is-layout-flow\">\n<div class=\"wp-block-buttons is-layout-flex wp-block-buttons-is-layout-flex\">\n<div class=\"wp-block-button\"><a class=\"wp-block-button__link wp-element-button\" href=\"https:\/\/reklameskolen.devz.no\/ungdomsskole\/nn\/reklamen-og-oss\/hvordan-virker-reklame\/\">Tilbake til &#8220;Korleis verkar reklame?&#8221;<\/a><\/div>\n<\/div>\n<\/div>\n\n\n\n<div class=\"wp-block-column is-layout-flow wp-block-column-is-layout-flow\">\n<div class=\"wp-block-buttons is-horizontal is-content-justification-right is-layout-flex wp-container-core-buttons-is-layout-30af2ff6 wp-block-buttons-is-layout-flex\">\n<div class=\"wp-block-button\"><a class=\"wp-block-button__link wp-element-button\" href=\"https:\/\/reklameskolen.devz.no\/ungdomsskole\/nn\/reklamen-og-oss\/hvordan-virker-reklame\/bilde-som-lyg\/\">Vidare til &#8220;Bilde som lyg&#8221;<\/a><\/div>\n<\/div>\n<\/div>\n<\/div>\n<\/div>\n\n\n\n<p><\/p>\n","protected":false},"excerpt":{"rendered":"<p>Spr\u00e5k og fargar Har du nokon gong tenkt over kvifor du vel eit produkt av eit spesielt merke overfor eit anna? Eller kvifor du kj\u00f8pte akkurat den genseren, eller \u00f8nsker deg akkurat det hovudsettet?&nbsp;&nbsp; Reklamebransjen har eit stort utval av ulike verkemiddel som dei kan bruke for \u00e5 p\u00e5verke oss til \u00e5 kj\u00f8pe ting. Nokre [&hellip;]<\/p>\n","protected":false},"author":1,"featured_media":0,"parent":1087,"menu_order":1,"comment_status":"closed","ping_status":"closed","template":"","meta":{"_acf_changed":false,"editor_notices":[],"footnotes":""},"class_list":["post-159","page","type-page","status-publish","hentry"],"blocksy_meta":{"styles_descriptor":{"styles":{"desktop":"","tablet":"","mobile":""},"google_fonts":[],"version":6}},"acf":[],"yoast_head":"<!-- This site is optimized with the Yoast SEO plugin v25.9 - https:\/\/yoast.com\/wordpress\/plugins\/seo\/ -->\n<title>Verkemiddel i reklame del 1 - Ungdomskole Nynorsk<\/title>\n<meta name=\"robots\" content=\"index, follow, max-snippet:-1, max-image-preview:large, max-video-preview:-1\" \/>\n<link rel=\"canonical\" href=\"https:\/\/reklameskolen.devz.no\/ungdomsskole\/nn\/reklamen-og-oss\/hvordan-virker-reklame\/virkemidler1\/\" \/>\n<meta property=\"og:locale\" content=\"en_US\" \/>\n<meta property=\"og:type\" content=\"article\" \/>\n<meta property=\"og:title\" content=\"Verkemiddel i reklame del 1 - Ungdomskole Nynorsk\" \/>\n<meta property=\"og:description\" content=\"Spr\u00e5k og fargar Har du nokon gong tenkt over kvifor du vel eit produkt av eit spesielt merke overfor eit anna? Eller kvifor du kj\u00f8pte akkurat den genseren, eller \u00f8nsker deg akkurat det hovudsettet?&nbsp;&nbsp; Reklamebransjen har eit stort utval av ulike verkemiddel som dei kan bruke for \u00e5 p\u00e5verke oss til \u00e5 kj\u00f8pe ting. Nokre [&hellip;]\" \/>\n<meta property=\"og:url\" content=\"https:\/\/reklameskolen.devz.no\/ungdomsskole\/nn\/reklamen-og-oss\/hvordan-virker-reklame\/virkemidler1\/\" \/>\n<meta property=\"og:site_name\" content=\"Ungdomskole Nynorsk\" \/>\n<meta property=\"article:modified_time\" content=\"2024-08-20T11:21:17+00:00\" \/>\n<meta property=\"og:image\" content=\"https:\/\/reklameskolen.devz.no\/wp-content\/uploads\/2022\/03\/alexander-schimmeck-1N5jjLyBafc-unsplash.jpg\" \/>\n\t<meta property=\"og:image:width\" content=\"1500\" \/>\n\t<meta property=\"og:image:height\" content=\"1000\" \/>\n\t<meta property=\"og:image:type\" content=\"image\/jpeg\" \/>\n<meta name=\"twitter:card\" content=\"summary_large_image\" \/>\n<meta name=\"twitter:label1\" content=\"Est. reading time\" \/>\n\t<meta name=\"twitter:data1\" content=\"2 minutes\" \/>\n<script type=\"application\/ld+json\" class=\"yoast-schema-graph\">{\"@context\":\"https:\/\/schema.org\",\"@graph\":[{\"@type\":\"WebPage\",\"@id\":\"https:\/\/reklameskolen.devz.no\/ungdomsskole\/nn\/reklamen-og-oss\/hvordan-virker-reklame\/virkemidler1\/\",\"url\":\"https:\/\/reklameskolen.devz.no\/ungdomsskole\/nn\/reklamen-og-oss\/hvordan-virker-reklame\/virkemidler1\/\",\"name\":\"Verkemiddel i reklame del 1 - Ungdomskole Nynorsk\",\"isPartOf\":{\"@id\":\"https:\/\/reklameskolen.devz.no\/ungdomsskole\/nn\/#website\"},\"primaryImageOfPage\":{\"@id\":\"https:\/\/reklameskolen.devz.no\/ungdomsskole\/nn\/reklamen-og-oss\/hvordan-virker-reklame\/virkemidler1\/#primaryimage\"},\"image\":{\"@id\":\"https:\/\/reklameskolen.devz.no\/ungdomsskole\/nn\/reklamen-og-oss\/hvordan-virker-reklame\/virkemidler1\/#primaryimage\"},\"thumbnailUrl\":\"https:\/\/reklameskolen.devz.no\/wp-content\/uploads\/sites\/8\/2022\/03\/alexander-schimmeck-1N5jjLyBafc-unsplash-1024x683.jpg\",\"datePublished\":\"2021-12-09T07:58:10+00:00\",\"dateModified\":\"2024-08-20T11:21:17+00:00\",\"breadcrumb\":{\"@id\":\"https:\/\/reklameskolen.devz.no\/ungdomsskole\/nn\/reklamen-og-oss\/hvordan-virker-reklame\/virkemidler1\/#breadcrumb\"},\"inLanguage\":\"en-US\",\"potentialAction\":[{\"@type\":\"ReadAction\",\"target\":[\"https:\/\/reklameskolen.devz.no\/ungdomsskole\/nn\/reklamen-og-oss\/hvordan-virker-reklame\/virkemidler1\/\"]}]},{\"@type\":\"ImageObject\",\"inLanguage\":\"en-US\",\"@id\":\"https:\/\/reklameskolen.devz.no\/ungdomsskole\/nn\/reklamen-og-oss\/hvordan-virker-reklame\/virkemidler1\/#primaryimage\",\"url\":\"https:\/\/reklameskolen.devz.no\/wp-content\/uploads\/sites\/8\/2022\/03\/alexander-schimmeck-1N5jjLyBafc-unsplash-1024x683.jpg\",\"contentUrl\":\"https:\/\/reklameskolen.devz.no\/wp-content\/uploads\/sites\/8\/2022\/03\/alexander-schimmeck-1N5jjLyBafc-unsplash-1024x683.jpg\"},{\"@type\":\"BreadcrumbList\",\"@id\":\"https:\/\/reklameskolen.devz.no\/ungdomsskole\/nn\/reklamen-og-oss\/hvordan-virker-reklame\/virkemidler1\/#breadcrumb\",\"itemListElement\":[{\"@type\":\"ListItem\",\"position\":1,\"name\":\"Home\",\"item\":\"https:\/\/reklameskolen.devz.no\/ungdomsskole\/nn\/\"},{\"@type\":\"ListItem\",\"position\":2,\"name\":\"Reklamen og oss\",\"item\":\"https:\/\/reklameskolen.devz.no\/ungdomsskole\/nn\/reklamen-og-oss\/\"},{\"@type\":\"ListItem\",\"position\":3,\"name\":\"Korleis verkar reklame?\",\"item\":\"https:\/\/reklameskolen.devz.no\/ungdomsskole\/nn\/reklamen-og-oss\/hvordan-virker-reklame\/\"},{\"@type\":\"ListItem\",\"position\":4,\"name\":\"Verkemiddel i reklame del 1\"}]},{\"@type\":\"WebSite\",\"@id\":\"https:\/\/reklameskolen.devz.no\/ungdomsskole\/nn\/#website\",\"url\":\"https:\/\/reklameskolen.devz.no\/ungdomsskole\/nn\/\",\"name\":\"Ungdomskole Nynorsk\",\"description\":\"Oppl\u00e6ringsverkt\u00f8y om reklame\",\"publisher\":{\"@id\":\"https:\/\/reklameskolen.devz.no\/ungdomsskole\/nn\/#organization\"},\"potentialAction\":[{\"@type\":\"SearchAction\",\"target\":{\"@type\":\"EntryPoint\",\"urlTemplate\":\"https:\/\/reklameskolen.devz.no\/ungdomsskole\/nn\/?s={search_term_string}\"},\"query-input\":{\"@type\":\"PropertyValueSpecification\",\"valueRequired\":true,\"valueName\":\"search_term_string\"}}],\"inLanguage\":\"en-US\"},{\"@type\":\"Organization\",\"@id\":\"https:\/\/reklameskolen.devz.no\/ungdomsskole\/nn\/#organization\",\"name\":\"Ungdomskole Nynorsk\",\"url\":\"https:\/\/reklameskolen.devz.no\/ungdomsskole\/nn\/\",\"logo\":{\"@type\":\"ImageObject\",\"inLanguage\":\"en-US\",\"@id\":\"https:\/\/reklameskolen.devz.no\/ungdomsskole\/nn\/#\/schema\/logo\/image\/\",\"url\":\"https:\/\/reklameskolen.devz.no\/wp-content\/uploads\/2023\/08\/Reklameskolen-Logo-01.png\",\"contentUrl\":\"https:\/\/reklameskolen.devz.no\/wp-content\/uploads\/2023\/08\/Reklameskolen-Logo-01.png\",\"caption\":\"Ungdomskole Nynorsk\"},\"image\":{\"@id\":\"https:\/\/reklameskolen.devz.no\/ungdomsskole\/nn\/#\/schema\/logo\/image\/\"}}]}<\/script>\n<!-- \/ Yoast SEO plugin. -->","yoast_head_json":{"title":"Verkemiddel i reklame del 1 - Ungdomskole Nynorsk","robots":{"index":"index","follow":"follow","max-snippet":"max-snippet:-1","max-image-preview":"max-image-preview:large","max-video-preview":"max-video-preview:-1"},"canonical":"https:\/\/reklameskolen.devz.no\/ungdomsskole\/nn\/reklamen-og-oss\/hvordan-virker-reklame\/virkemidler1\/","og_locale":"en_US","og_type":"article","og_title":"Verkemiddel i reklame del 1 - Ungdomskole Nynorsk","og_description":"Spr\u00e5k og fargar Har du nokon gong tenkt over kvifor du vel eit produkt av eit spesielt merke overfor eit anna? Eller kvifor du kj\u00f8pte akkurat den genseren, eller \u00f8nsker deg akkurat det hovudsettet?&nbsp;&nbsp; Reklamebransjen har eit stort utval av ulike verkemiddel som dei kan bruke for \u00e5 p\u00e5verke oss til \u00e5 kj\u00f8pe ting. Nokre [&hellip;]","og_url":"https:\/\/reklameskolen.devz.no\/ungdomsskole\/nn\/reklamen-og-oss\/hvordan-virker-reklame\/virkemidler1\/","og_site_name":"Ungdomskole Nynorsk","article_modified_time":"2024-08-20T11:21:17+00:00","og_image":[{"width":1500,"height":1000,"url":"https:\/\/reklameskolen.devz.no\/wp-content\/uploads\/2022\/03\/alexander-schimmeck-1N5jjLyBafc-unsplash.jpg","type":"image\/jpeg"}],"twitter_card":"summary_large_image","twitter_misc":{"Est. reading time":"2 minutes"},"schema":{"@context":"https:\/\/schema.org","@graph":[{"@type":"WebPage","@id":"https:\/\/reklameskolen.devz.no\/ungdomsskole\/nn\/reklamen-og-oss\/hvordan-virker-reklame\/virkemidler1\/","url":"https:\/\/reklameskolen.devz.no\/ungdomsskole\/nn\/reklamen-og-oss\/hvordan-virker-reklame\/virkemidler1\/","name":"Verkemiddel i reklame del 1 - Ungdomskole Nynorsk","isPartOf":{"@id":"https:\/\/reklameskolen.devz.no\/ungdomsskole\/nn\/#website"},"primaryImageOfPage":{"@id":"https:\/\/reklameskolen.devz.no\/ungdomsskole\/nn\/reklamen-og-oss\/hvordan-virker-reklame\/virkemidler1\/#primaryimage"},"image":{"@id":"https:\/\/reklameskolen.devz.no\/ungdomsskole\/nn\/reklamen-og-oss\/hvordan-virker-reklame\/virkemidler1\/#primaryimage"},"thumbnailUrl":"https:\/\/reklameskolen.devz.no\/wp-content\/uploads\/sites\/8\/2022\/03\/alexander-schimmeck-1N5jjLyBafc-unsplash-1024x683.jpg","datePublished":"2021-12-09T07:58:10+00:00","dateModified":"2024-08-20T11:21:17+00:00","breadcrumb":{"@id":"https:\/\/reklameskolen.devz.no\/ungdomsskole\/nn\/reklamen-og-oss\/hvordan-virker-reklame\/virkemidler1\/#breadcrumb"},"inLanguage":"en-US","potentialAction":[{"@type":"ReadAction","target":["https:\/\/reklameskolen.devz.no\/ungdomsskole\/nn\/reklamen-og-oss\/hvordan-virker-reklame\/virkemidler1\/"]}]},{"@type":"ImageObject","inLanguage":"en-US","@id":"https:\/\/reklameskolen.devz.no\/ungdomsskole\/nn\/reklamen-og-oss\/hvordan-virker-reklame\/virkemidler1\/#primaryimage","url":"https:\/\/reklameskolen.devz.no\/wp-content\/uploads\/sites\/8\/2022\/03\/alexander-schimmeck-1N5jjLyBafc-unsplash-1024x683.jpg","contentUrl":"https:\/\/reklameskolen.devz.no\/wp-content\/uploads\/sites\/8\/2022\/03\/alexander-schimmeck-1N5jjLyBafc-unsplash-1024x683.jpg"},{"@type":"BreadcrumbList","@id":"https:\/\/reklameskolen.devz.no\/ungdomsskole\/nn\/reklamen-og-oss\/hvordan-virker-reklame\/virkemidler1\/#breadcrumb","itemListElement":[{"@type":"ListItem","position":1,"name":"Home","item":"https:\/\/reklameskolen.devz.no\/ungdomsskole\/nn\/"},{"@type":"ListItem","position":2,"name":"Reklamen og oss","item":"https:\/\/reklameskolen.devz.no\/ungdomsskole\/nn\/reklamen-og-oss\/"},{"@type":"ListItem","position":3,"name":"Korleis verkar reklame?","item":"https:\/\/reklameskolen.devz.no\/ungdomsskole\/nn\/reklamen-og-oss\/hvordan-virker-reklame\/"},{"@type":"ListItem","position":4,"name":"Verkemiddel i reklame del 1"}]},{"@type":"WebSite","@id":"https:\/\/reklameskolen.devz.no\/ungdomsskole\/nn\/#website","url":"https:\/\/reklameskolen.devz.no\/ungdomsskole\/nn\/","name":"Ungdomskole Nynorsk","description":"Oppl\u00e6ringsverkt\u00f8y om reklame","publisher":{"@id":"https:\/\/reklameskolen.devz.no\/ungdomsskole\/nn\/#organization"},"potentialAction":[{"@type":"SearchAction","target":{"@type":"EntryPoint","urlTemplate":"https:\/\/reklameskolen.devz.no\/ungdomsskole\/nn\/?s={search_term_string}"},"query-input":{"@type":"PropertyValueSpecification","valueRequired":true,"valueName":"search_term_string"}}],"inLanguage":"en-US"},{"@type":"Organization","@id":"https:\/\/reklameskolen.devz.no\/ungdomsskole\/nn\/#organization","name":"Ungdomskole Nynorsk","url":"https:\/\/reklameskolen.devz.no\/ungdomsskole\/nn\/","logo":{"@type":"ImageObject","inLanguage":"en-US","@id":"https:\/\/reklameskolen.devz.no\/ungdomsskole\/nn\/#\/schema\/logo\/image\/","url":"https:\/\/reklameskolen.devz.no\/wp-content\/uploads\/2023\/08\/Reklameskolen-Logo-01.png","contentUrl":"https:\/\/reklameskolen.devz.no\/wp-content\/uploads\/2023\/08\/Reklameskolen-Logo-01.png","caption":"Ungdomskole Nynorsk"},"image":{"@id":"https:\/\/reklameskolen.devz.no\/ungdomsskole\/nn\/#\/schema\/logo\/image\/"}}]}},"_links":{"self":[{"href":"https:\/\/reklameskolen.devz.no\/ungdomsskole\/nn\/wp-json\/wp\/v2\/pages\/159","targetHints":{"allow":["GET"]}}],"collection":[{"href":"https:\/\/reklameskolen.devz.no\/ungdomsskole\/nn\/wp-json\/wp\/v2\/pages"}],"about":[{"href":"https:\/\/reklameskolen.devz.no\/ungdomsskole\/nn\/wp-json\/wp\/v2\/types\/page"}],"author":[{"embeddable":true,"href":"https:\/\/reklameskolen.devz.no\/ungdomsskole\/nn\/wp-json\/wp\/v2\/users\/1"}],"replies":[{"embeddable":true,"href":"https:\/\/reklameskolen.devz.no\/ungdomsskole\/nn\/wp-json\/wp\/v2\/comments?post=159"}],"version-history":[{"count":85,"href":"https:\/\/reklameskolen.devz.no\/ungdomsskole\/nn\/wp-json\/wp\/v2\/pages\/159\/revisions"}],"predecessor-version":[{"id":3926,"href":"https:\/\/reklameskolen.devz.no\/ungdomsskole\/nn\/wp-json\/wp\/v2\/pages\/159\/revisions\/3926"}],"up":[{"embeddable":true,"href":"https:\/\/reklameskolen.devz.no\/ungdomsskole\/nn\/wp-json\/wp\/v2\/pages\/1087"}],"wp:attachment":[{"href":"https:\/\/reklameskolen.devz.no\/ungdomsskole\/nn\/wp-json\/wp\/v2\/media?parent=159"}],"curies":[{"name":"wp","href":"https:\/\/api.w.org\/{rel}","templated":true}]}}