{"id":162,"date":"2021-12-09T08:58:10","date_gmt":"2021-12-09T07:58:10","guid":{"rendered":"https:\/\/reklameskolen.devz.no\/?page_id=162"},"modified":"2024-08-20T13:27:19","modified_gmt":"2024-08-20T11:27:19","slug":"pavirkere-og-sosiale-medier","status":"publish","type":"page","link":"https:\/\/reklameskolen.devz.no\/ungdomsskole\/nn\/metoder-medier-og-miljo\/pavirkere-og-sosiale-medier\/","title":{"rendered":"Influensarar"},"content":{"rendered":"\n<h1 class=\"wp-block-heading\" id=\"pavirkere-og-sosiale-medier\">Kva er ein influensar?<\/h1>\n\n\n\n<figure class=\"wp-block-image size-full\"><img decoding=\"async\" src=\"https:\/\/reklameskolen.devz.no\/wp-content\/uploads\/2024\/08\/kiril-krsteski-6enQSaGKxlY-unsplash.jpg\" alt=\"Foto av en ung kvinne som st\u00e5r midt i et tropisk landskap. Hun tar bilde av palmene med en mobiltelefon.\" class=\"wp-image-5061\"\/><figcaption class=\"wp-element-caption\">Foto: Kiril Krsteski\/Unsplash<\/figcaption><\/figure>\n\n\n\n<div style=\"height:100px\" aria-hidden=\"true\" class=\"wp-block-spacer\"><\/div>\n\n\n\n<div class=\"wp-block-columns is-layout-flex wp-container-core-columns-is-layout-28f84493 wp-block-columns-is-layout-flex\">\n<div class=\"wp-block-column is-layout-flow wp-block-column-is-layout-flow\" style=\"flex-basis:66.66%\">\n<p>Ein&nbsp;<strong>influensar&nbsp;<\/strong>er ein person som bruker sosiale medium for \u00e5 p\u00e5verke andre. Nokon er til d\u00f8mes tiktokarar eller youtubarar. Andre er gamarar som str\u00f8ymer p\u00e5 Twitch eller andre plattformer.<\/p>\n\n\n\n<p>Vanlegvis kostar det ingenting \u00e5 sj\u00e5 det influensarane legg ut p\u00e5 Instagram, Snapchat eller TikTok. Likevel f\u00e5r dei betalt for det dei postar. Nokon f\u00e5r pengar, andre f\u00e5r rabattar, gratis produkt eller reiser.&nbsp;Mange influensarar tener nok til at dei kan leva av det. Dei aller mest kjende kan bli ganske rike. Korleis er det mogleg? Kvar kjem pengane fr\u00e5? Kven er det eigentleg som betaler?&nbsp;<\/p>\n\n\n\n<p>Svaret er at mange influensarar lever av reklame. Store bedrifter betaler kjende influensarar for \u00e5 reklamera for dei. M\u00e5let er \u00e5 p\u00e5verke kva andre tenkjer og f\u00f8ler. Annons\u00f8rane h\u00e5par at tilr\u00e5dingar fr\u00e5 ein influensar betyr meir for folk enn reklamefilmar og annonseplakatar. Og det kan dei faktisk ha rett i! If\u00f8lgje ei unders\u00f8king fr\u00e5 analysebyr\u00e5et&nbsp;Kantar&nbsp;har omtrent \u00e9in av tre norske ungdommar mellom 15 og 29 \u00e5r vorte p\u00e5verka til \u00e5 kj\u00f8pa noko p\u00e5 grunn av anbefaling fr\u00e5 ein influensar (Ebrahimi,&nbsp;Kumano-Ensby&nbsp;&amp; Erikstad, 2020).&nbsp;&nbsp;&nbsp;<\/p>\n\n\n\n<div class=\"wp-block-group is-style-tableofcontent has-palette-color-5-background-color has-background is-layout-flow wp-block-group-is-layout-flow\">\n<h2 class=\"wp-block-heading has-text-align-center has-palette-color-4-color has-palette-color-5-background-color has-text-color has-background\" id=\"ekstra-vil-du-vite-mer-om-pavirkere-og-reklame\">Ekstra: Vil du vite meir om influensarar og reklame?<\/h2>\n\n\n\n<p class=\"has-text-align-center has-palette-color-5-background-color has-background\">D\u00e5 kan du lese meir i denne artikkelen hos NRK om alt det &#8220;influenser\u00adbransjen ikkje viser deg&#8221;. <\/p>\n\n\n\n<div class=\"wp-block-buttons is-content-justification-center is-layout-flex wp-container-core-buttons-is-layout-a89b3969 wp-block-buttons-is-layout-flex\">\n<div class=\"wp-block-button\"><a class=\"wp-block-button__link has-palette-color-8-color has-palette-color-3-background-color has-text-color has-background wp-element-button\" href=\"https:\/\/www.nrk.no\/dokumentar\/xl\/det-pavirkerbransjen-ikke-viser-deg-1.15160391\" target=\"_blank\" rel=\"noreferrer noopener\">Les meir hos NRK<\/a><\/div>\n<\/div>\n<\/div>\n<\/div>\n\n\n\n<div class=\"wp-block-column is-layout-flow wp-block-column-is-layout-flow\" style=\"flex-basis:33.33%\">\n<div style=\"height:50px\" aria-hidden=\"true\" class=\"wp-block-spacer\"><\/div>\n\n\n\n<div class=\"wp-block-group is-style-default is-layout-flow wp-block-group-is-layout-flow\">\n<div class=\"wp-block-group is-style-fact-box is-layout-flow wp-block-group-is-layout-flow\">\n<h2 class=\"wp-block-heading\" id=\"definisjon\">Definisjon<\/h2>\n\n\n\n<ul class=\"wp-block-list\">\n<li><strong>Influenser <\/strong>Influensar (<em>ogs\u00e5 kalla \u00abp\u00e5verkar\u00bb eller&nbsp;<\/em>\u00abinfluencer\u00bb): ein person som p\u00e5verkar andre. Influensarar har gjerne sine eigne profesjonelle og kommersielle kanalar i sosiale medium, der dei deler innlegg om til d\u00f8mes livsstil, mote, trening, gaming eller humor.&nbsp;<\/li>\n<\/ul>\n<\/div>\n<\/div>\n<\/div>\n<\/div>\n\n\n\n<div style=\"height:100px\" aria-hidden=\"true\" class=\"wp-block-spacer\"><\/div>\n\n\n\n<div class=\"wp-block-group is-style-questions is-layout-flow wp-block-group-is-layout-flow\">\n<h2 class=\"wp-block-heading\" id=\"kryssord\">Kryssord: Influensarar<\/h2>\n\n\n<div class=\"h5p-iframe-wrapper\"><iframe id=\"h5p-iframe-58\" class=\"h5p-iframe\" data-content-id=\"58\" style=\"height:1px\" src=\"about:blank\" frameBorder=\"0\" scrolling=\"no\" title=\"Nynorsk \u2013 Influensarar og sosiale medium (kryssord)\"><\/iframe><\/div>\n<\/div>\n\n\n\n<div style=\"height:100px\" aria-hidden=\"true\" class=\"wp-block-spacer\"><\/div>\n\n\n\n<div class=\"wp-block-group alignfull has-palette-color-4-background-color has-background is-layout-flow wp-block-group-is-layout-flow\">\n<div class=\"wp-block-columns is-layout-flex wp-container-core-columns-is-layout-28f84493 wp-block-columns-is-layout-flex\">\n<div class=\"wp-block-column is-layout-flow wp-block-column-is-layout-flow\">\n<div class=\"wp-block-buttons is-layout-flex wp-block-buttons-is-layout-flex\">\n<div class=\"wp-block-button\"><a class=\"wp-block-button__link wp-element-button\" href=\"https:\/\/reklameskolen.devz.no\/ungdomsskole\/nn\/reklamen-og-oss\/\">Tilbake til &#8220;Del 1&#8221;<\/a><\/div>\n<\/div>\n<\/div>\n\n\n\n<div class=\"wp-block-column is-layout-flow wp-block-column-is-layout-flow\">\n<div class=\"wp-block-buttons is-horizontal is-content-justification-right is-layout-flex wp-container-core-buttons-is-layout-30af2ff6 wp-block-buttons-is-layout-flex\">\n<div class=\"wp-block-button\"><a class=\"wp-block-button__link wp-element-button\" href=\"https:\/\/reklameskolen.devz.no\/ungdomsskole\/nn\/metoder-medier-og-miljo\/den-usynlige-reklame\/\">Vidare til &#8220;Usynleg reklame&#8221;<\/a><\/div>\n<\/div>\n<\/div>\n<\/div>\n<\/div>\n\n\n\n<p><\/p>\n","protected":false},"excerpt":{"rendered":"<p>Kva er ein influensar? Ein&nbsp;influensar&nbsp;er ein person som bruker sosiale medium for \u00e5 p\u00e5verke andre. Nokon er til d\u00f8mes tiktokarar eller youtubarar. Andre er gamarar som str\u00f8ymer p\u00e5 Twitch eller andre plattformer. Vanlegvis kostar det ingenting \u00e5 sj\u00e5 det influensarane legg ut p\u00e5 Instagram, Snapchat eller TikTok. Likevel f\u00e5r dei betalt for det dei postar. [&hellip;]<\/p>\n","protected":false},"author":8,"featured_media":0,"parent":109,"menu_order":1,"comment_status":"closed","ping_status":"closed","template":"","meta":{"_acf_changed":false,"editor_notices":[],"footnotes":""},"class_list":["post-162","page","type-page","status-publish","hentry"],"blocksy_meta":{"styles_descriptor":{"styles":{"desktop":"","tablet":"","mobile":""},"google_fonts":[],"version":6}},"acf":[],"yoast_head":"<!-- This site is optimized with the Yoast SEO plugin v25.9 - https:\/\/yoast.com\/wordpress\/plugins\/seo\/ -->\n<title>Influensarar - Ungdomskole Nynorsk<\/title>\n<meta name=\"robots\" content=\"index, follow, max-snippet:-1, max-image-preview:large, max-video-preview:-1\" \/>\n<link rel=\"canonical\" href=\"https:\/\/reklameskolen.devz.no\/ungdomsskole\/nn\/metoder-medier-og-miljo\/pavirkere-og-sosiale-medier\/\" \/>\n<meta property=\"og:locale\" content=\"en_US\" \/>\n<meta property=\"og:type\" content=\"article\" \/>\n<meta property=\"og:title\" content=\"Influensarar - Ungdomskole Nynorsk\" \/>\n<meta property=\"og:description\" content=\"Kva er ein influensar? Ein&nbsp;influensar&nbsp;er ein person som bruker sosiale medium for \u00e5 p\u00e5verke andre. Nokon er til d\u00f8mes tiktokarar eller youtubarar. Andre er gamarar som str\u00f8ymer p\u00e5 Twitch eller andre plattformer. Vanlegvis kostar det ingenting \u00e5 sj\u00e5 det influensarane legg ut p\u00e5 Instagram, Snapchat eller TikTok. Likevel f\u00e5r dei betalt for det dei postar. [&hellip;]\" \/>\n<meta property=\"og:url\" content=\"https:\/\/reklameskolen.devz.no\/ungdomsskole\/nn\/metoder-medier-og-miljo\/pavirkere-og-sosiale-medier\/\" \/>\n<meta property=\"og:site_name\" content=\"Ungdomskole Nynorsk\" \/>\n<meta property=\"article:modified_time\" content=\"2024-08-20T11:27:19+00:00\" \/>\n<meta name=\"twitter:card\" content=\"summary_large_image\" \/>\n<meta name=\"twitter:label1\" content=\"Est. reading time\" \/>\n\t<meta name=\"twitter:data1\" content=\"1 minute\" \/>\n<script type=\"application\/ld+json\" class=\"yoast-schema-graph\">{\"@context\":\"https:\/\/schema.org\",\"@graph\":[{\"@type\":\"WebPage\",\"@id\":\"https:\/\/reklameskolen.devz.no\/ungdomsskole\/nn\/metoder-medier-og-miljo\/pavirkere-og-sosiale-medier\/\",\"url\":\"https:\/\/reklameskolen.devz.no\/ungdomsskole\/nn\/metoder-medier-og-miljo\/pavirkere-og-sosiale-medier\/\",\"name\":\"Influensarar - Ungdomskole Nynorsk\",\"isPartOf\":{\"@id\":\"https:\/\/reklameskolen.devz.no\/ungdomsskole\/nn\/#website\"},\"primaryImageOfPage\":{\"@id\":\"https:\/\/reklameskolen.devz.no\/ungdomsskole\/nn\/metoder-medier-og-miljo\/pavirkere-og-sosiale-medier\/#primaryimage\"},\"image\":{\"@id\":\"https:\/\/reklameskolen.devz.no\/ungdomsskole\/nn\/metoder-medier-og-miljo\/pavirkere-og-sosiale-medier\/#primaryimage\"},\"thumbnailUrl\":\"https:\/\/reklameskolen.devz.no\/wp-content\/uploads\/2024\/08\/kiril-krsteski-6enQSaGKxlY-unsplash.jpg\",\"datePublished\":\"2021-12-09T07:58:10+00:00\",\"dateModified\":\"2024-08-20T11:27:19+00:00\",\"breadcrumb\":{\"@id\":\"https:\/\/reklameskolen.devz.no\/ungdomsskole\/nn\/metoder-medier-og-miljo\/pavirkere-og-sosiale-medier\/#breadcrumb\"},\"inLanguage\":\"en-US\",\"potentialAction\":[{\"@type\":\"ReadAction\",\"target\":[\"https:\/\/reklameskolen.devz.no\/ungdomsskole\/nn\/metoder-medier-og-miljo\/pavirkere-og-sosiale-medier\/\"]}]},{\"@type\":\"ImageObject\",\"inLanguage\":\"en-US\",\"@id\":\"https:\/\/reklameskolen.devz.no\/ungdomsskole\/nn\/metoder-medier-og-miljo\/pavirkere-og-sosiale-medier\/#primaryimage\",\"url\":\"https:\/\/reklameskolen.devz.no\/wp-content\/uploads\/2024\/08\/kiril-krsteski-6enQSaGKxlY-unsplash.jpg\",\"contentUrl\":\"https:\/\/reklameskolen.devz.no\/wp-content\/uploads\/2024\/08\/kiril-krsteski-6enQSaGKxlY-unsplash.jpg\"},{\"@type\":\"BreadcrumbList\",\"@id\":\"https:\/\/reklameskolen.devz.no\/ungdomsskole\/nn\/metoder-medier-og-miljo\/pavirkere-og-sosiale-medier\/#breadcrumb\",\"itemListElement\":[{\"@type\":\"ListItem\",\"position\":1,\"name\":\"Home\",\"item\":\"https:\/\/reklameskolen.devz.no\/ungdomsskole\/nn\/\"},{\"@type\":\"ListItem\",\"position\":2,\"name\":\"Metodar, medium og milj\u00f8\",\"item\":\"https:\/\/reklameskolen.devz.no\/ungdomsskole\/nn\/metoder-medier-og-miljo\/\"},{\"@type\":\"ListItem\",\"position\":3,\"name\":\"Influensarar\"}]},{\"@type\":\"WebSite\",\"@id\":\"https:\/\/reklameskolen.devz.no\/ungdomsskole\/nn\/#website\",\"url\":\"https:\/\/reklameskolen.devz.no\/ungdomsskole\/nn\/\",\"name\":\"Ungdomskole Nynorsk\",\"description\":\"Oppl\u00e6ringsverkt\u00f8y om reklame\",\"publisher\":{\"@id\":\"https:\/\/reklameskolen.devz.no\/ungdomsskole\/nn\/#organization\"},\"potentialAction\":[{\"@type\":\"SearchAction\",\"target\":{\"@type\":\"EntryPoint\",\"urlTemplate\":\"https:\/\/reklameskolen.devz.no\/ungdomsskole\/nn\/?s={search_term_string}\"},\"query-input\":{\"@type\":\"PropertyValueSpecification\",\"valueRequired\":true,\"valueName\":\"search_term_string\"}}],\"inLanguage\":\"en-US\"},{\"@type\":\"Organization\",\"@id\":\"https:\/\/reklameskolen.devz.no\/ungdomsskole\/nn\/#organization\",\"name\":\"Ungdomskole Nynorsk\",\"url\":\"https:\/\/reklameskolen.devz.no\/ungdomsskole\/nn\/\",\"logo\":{\"@type\":\"ImageObject\",\"inLanguage\":\"en-US\",\"@id\":\"https:\/\/reklameskolen.devz.no\/ungdomsskole\/nn\/#\/schema\/logo\/image\/\",\"url\":\"https:\/\/reklameskolen.devz.no\/wp-content\/uploads\/2023\/08\/Reklameskolen-Logo-01.png\",\"contentUrl\":\"https:\/\/reklameskolen.devz.no\/wp-content\/uploads\/2023\/08\/Reklameskolen-Logo-01.png\",\"caption\":\"Ungdomskole Nynorsk\"},\"image\":{\"@id\":\"https:\/\/reklameskolen.devz.no\/ungdomsskole\/nn\/#\/schema\/logo\/image\/\"}}]}<\/script>\n<!-- \/ Yoast SEO plugin. -->","yoast_head_json":{"title":"Influensarar - Ungdomskole Nynorsk","robots":{"index":"index","follow":"follow","max-snippet":"max-snippet:-1","max-image-preview":"max-image-preview:large","max-video-preview":"max-video-preview:-1"},"canonical":"https:\/\/reklameskolen.devz.no\/ungdomsskole\/nn\/metoder-medier-og-miljo\/pavirkere-og-sosiale-medier\/","og_locale":"en_US","og_type":"article","og_title":"Influensarar - Ungdomskole Nynorsk","og_description":"Kva er ein influensar? Ein&nbsp;influensar&nbsp;er ein person som bruker sosiale medium for \u00e5 p\u00e5verke andre. Nokon er til d\u00f8mes tiktokarar eller youtubarar. Andre er gamarar som str\u00f8ymer p\u00e5 Twitch eller andre plattformer. Vanlegvis kostar det ingenting \u00e5 sj\u00e5 det influensarane legg ut p\u00e5 Instagram, Snapchat eller TikTok. Likevel f\u00e5r dei betalt for det dei postar. [&hellip;]","og_url":"https:\/\/reklameskolen.devz.no\/ungdomsskole\/nn\/metoder-medier-og-miljo\/pavirkere-og-sosiale-medier\/","og_site_name":"Ungdomskole Nynorsk","article_modified_time":"2024-08-20T11:27:19+00:00","twitter_card":"summary_large_image","twitter_misc":{"Est. reading time":"1 minute"},"schema":{"@context":"https:\/\/schema.org","@graph":[{"@type":"WebPage","@id":"https:\/\/reklameskolen.devz.no\/ungdomsskole\/nn\/metoder-medier-og-miljo\/pavirkere-og-sosiale-medier\/","url":"https:\/\/reklameskolen.devz.no\/ungdomsskole\/nn\/metoder-medier-og-miljo\/pavirkere-og-sosiale-medier\/","name":"Influensarar - Ungdomskole Nynorsk","isPartOf":{"@id":"https:\/\/reklameskolen.devz.no\/ungdomsskole\/nn\/#website"},"primaryImageOfPage":{"@id":"https:\/\/reklameskolen.devz.no\/ungdomsskole\/nn\/metoder-medier-og-miljo\/pavirkere-og-sosiale-medier\/#primaryimage"},"image":{"@id":"https:\/\/reklameskolen.devz.no\/ungdomsskole\/nn\/metoder-medier-og-miljo\/pavirkere-og-sosiale-medier\/#primaryimage"},"thumbnailUrl":"https:\/\/reklameskolen.devz.no\/wp-content\/uploads\/2024\/08\/kiril-krsteski-6enQSaGKxlY-unsplash.jpg","datePublished":"2021-12-09T07:58:10+00:00","dateModified":"2024-08-20T11:27:19+00:00","breadcrumb":{"@id":"https:\/\/reklameskolen.devz.no\/ungdomsskole\/nn\/metoder-medier-og-miljo\/pavirkere-og-sosiale-medier\/#breadcrumb"},"inLanguage":"en-US","potentialAction":[{"@type":"ReadAction","target":["https:\/\/reklameskolen.devz.no\/ungdomsskole\/nn\/metoder-medier-og-miljo\/pavirkere-og-sosiale-medier\/"]}]},{"@type":"ImageObject","inLanguage":"en-US","@id":"https:\/\/reklameskolen.devz.no\/ungdomsskole\/nn\/metoder-medier-og-miljo\/pavirkere-og-sosiale-medier\/#primaryimage","url":"https:\/\/reklameskolen.devz.no\/wp-content\/uploads\/2024\/08\/kiril-krsteski-6enQSaGKxlY-unsplash.jpg","contentUrl":"https:\/\/reklameskolen.devz.no\/wp-content\/uploads\/2024\/08\/kiril-krsteski-6enQSaGKxlY-unsplash.jpg"},{"@type":"BreadcrumbList","@id":"https:\/\/reklameskolen.devz.no\/ungdomsskole\/nn\/metoder-medier-og-miljo\/pavirkere-og-sosiale-medier\/#breadcrumb","itemListElement":[{"@type":"ListItem","position":1,"name":"Home","item":"https:\/\/reklameskolen.devz.no\/ungdomsskole\/nn\/"},{"@type":"ListItem","position":2,"name":"Metodar, medium og milj\u00f8","item":"https:\/\/reklameskolen.devz.no\/ungdomsskole\/nn\/metoder-medier-og-miljo\/"},{"@type":"ListItem","position":3,"name":"Influensarar"}]},{"@type":"WebSite","@id":"https:\/\/reklameskolen.devz.no\/ungdomsskole\/nn\/#website","url":"https:\/\/reklameskolen.devz.no\/ungdomsskole\/nn\/","name":"Ungdomskole Nynorsk","description":"Oppl\u00e6ringsverkt\u00f8y om reklame","publisher":{"@id":"https:\/\/reklameskolen.devz.no\/ungdomsskole\/nn\/#organization"},"potentialAction":[{"@type":"SearchAction","target":{"@type":"EntryPoint","urlTemplate":"https:\/\/reklameskolen.devz.no\/ungdomsskole\/nn\/?s={search_term_string}"},"query-input":{"@type":"PropertyValueSpecification","valueRequired":true,"valueName":"search_term_string"}}],"inLanguage":"en-US"},{"@type":"Organization","@id":"https:\/\/reklameskolen.devz.no\/ungdomsskole\/nn\/#organization","name":"Ungdomskole Nynorsk","url":"https:\/\/reklameskolen.devz.no\/ungdomsskole\/nn\/","logo":{"@type":"ImageObject","inLanguage":"en-US","@id":"https:\/\/reklameskolen.devz.no\/ungdomsskole\/nn\/#\/schema\/logo\/image\/","url":"https:\/\/reklameskolen.devz.no\/wp-content\/uploads\/2023\/08\/Reklameskolen-Logo-01.png","contentUrl":"https:\/\/reklameskolen.devz.no\/wp-content\/uploads\/2023\/08\/Reklameskolen-Logo-01.png","caption":"Ungdomskole Nynorsk"},"image":{"@id":"https:\/\/reklameskolen.devz.no\/ungdomsskole\/nn\/#\/schema\/logo\/image\/"}}]}},"_links":{"self":[{"href":"https:\/\/reklameskolen.devz.no\/ungdomsskole\/nn\/wp-json\/wp\/v2\/pages\/162","targetHints":{"allow":["GET"]}}],"collection":[{"href":"https:\/\/reklameskolen.devz.no\/ungdomsskole\/nn\/wp-json\/wp\/v2\/pages"}],"about":[{"href":"https:\/\/reklameskolen.devz.no\/ungdomsskole\/nn\/wp-json\/wp\/v2\/types\/page"}],"author":[{"embeddable":true,"href":"https:\/\/reklameskolen.devz.no\/ungdomsskole\/nn\/wp-json\/wp\/v2\/users\/8"}],"replies":[{"embeddable":true,"href":"https:\/\/reklameskolen.devz.no\/ungdomsskole\/nn\/wp-json\/wp\/v2\/comments?post=162"}],"version-history":[{"count":96,"href":"https:\/\/reklameskolen.devz.no\/ungdomsskole\/nn\/wp-json\/wp\/v2\/pages\/162\/revisions"}],"predecessor-version":[{"id":3929,"href":"https:\/\/reklameskolen.devz.no\/ungdomsskole\/nn\/wp-json\/wp\/v2\/pages\/162\/revisions\/3929"}],"up":[{"embeddable":true,"href":"https:\/\/reklameskolen.devz.no\/ungdomsskole\/nn\/wp-json\/wp\/v2\/pages\/109"}],"wp:attachment":[{"href":"https:\/\/reklameskolen.devz.no\/ungdomsskole\/nn\/wp-json\/wp\/v2\/media?parent=162"}],"curies":[{"name":"wp","href":"https:\/\/api.w.org\/{rel}","templated":true}]}}