{"id":1627,"date":"2022-03-01T12:37:38","date_gmt":"2022-03-01T11:37:38","guid":{"rendered":"https:\/\/reklameskolen.devz.no\/?page_id=1627"},"modified":"2023-11-27T10:27:58","modified_gmt":"2023-11-27T09:27:58","slug":"om-forbrukertilsynet","status":"publish","type":"page","link":"https:\/\/reklameskolen.devz.no\/ungdomsskole\/nn\/om-forbrukertilsynet\/","title":{"rendered":"Om Forbrukartilsynet"},"content":{"rendered":"\n<h2 class=\"wp-block-heading\" id=\"om-forbrukertilsynet\">Om Forbrukartilsynet<\/h2>\n\n\n\n<h4 class=\"wp-block-heading\" id=\"et-enklere-og-tryggere-samfunn-for-forbrukerne\">Eit enklare og tryggare samfunn for forbrukarane<\/h4>\n\n\n\n<div class=\"wp-block-columns is-layout-flex wp-container-core-columns-is-layout-28f84493 wp-block-columns-is-layout-flex\">\n<div class=\"wp-block-column is-layout-flow wp-block-column-is-layout-flow\" style=\"flex-basis:66.66%\">\n<p><strong>Forbrukartilsynet er ein offentleg tilsynsmyndigheit som f\u00f8rer tilsyn med marknadsf\u00f8ring og avtalevilk\u00e5r, handhevar forbrukarvernlovgivning og meklar i konfliktar mellom forbrukarar og n\u00e6ringsdrivande. <\/strong><\/p>\n\n\n\n<p>Forbrukartilsynet jobbar for eit enklare og tryggare samfunn for norske forbrukarar. Vi jobbar med \u00e5 f\u00f8rebyggje og stoppe ulovleg marknadsf\u00f8ring og urimelege avtalevilk\u00e5r for norske forbrukarar. Vi rettleiar n\u00e6ringsdrivande om kva lovar og reglar som gjeld for marknadsf\u00f8ring, og vi driv informasjonsarbeid retta mot b\u00e5de forbrukarar og n\u00e6ringsdrivande. For \u00e5 l\u00e6re barn og unge om reklame, og korleis den p\u00e5verkar oss, har vi laga denne &#8220;Reklameskolen&#8221;.  <\/p>\n\n\n\n<p>Reklameskolen er eit digitalt undervisningsverkt\u00f8y om reklame. Det er utvikla av Forbrukertilsynet p\u00e5 oppdrag fr\u00e5 Barne- og familiedepartementet. M\u00e5let er at dagens barn og unge skal f\u00e5 sunne og gode haldningar til reklame, og at dei skal bli i stand til \u00e5 ta trygge og velinformerte val som forbrukarar. <\/p>\n<\/div>\n\n\n\n<div class=\"wp-block-column is-layout-flow wp-block-column-is-layout-flow\" style=\"flex-basis:25%\">\n<div class=\"wp-block-group is-style-tableofcontent has-palette-color-5-background-color has-background is-layout-flow wp-block-group-is-layout-flow\">\n<h2 class=\"wp-block-heading has-palette-color-4-color has-palette-color-5-background-color has-text-color has-background\" id=\"vil-du-vite-mer-om-oss\">Vil du vite meir om oss?<\/h2>\n\n\n\n<div class=\"wp-block-buttons is-layout-flex wp-block-buttons-is-layout-flex\">\n<div class=\"wp-block-button\"><a class=\"wp-block-button__link has-palette-color-8-color has-palette-color-3-background-color has-text-color has-background wp-element-button\" href=\"https:\/\/forbrukertilsynet.no\" target=\"_blank\" rel=\"noreferrer noopener\">Les meir p\u00e5 forbrukertilsynet.no.<\/a><\/div>\n<\/div>\n<\/div>\n<\/div>\n<\/div>\n\n\n\n<div class=\"wp-block-group is-style-tableofcontent is-layout-flow wp-block-group-is-layout-flow\"><\/div>\n\n\n\n<p><\/p>\n","protected":false},"excerpt":{"rendered":"<p>Om Forbrukartilsynet Eit enklare og tryggare samfunn for forbrukarane Forbrukartilsynet er ein offentleg tilsynsmyndigheit som f\u00f8rer tilsyn med marknadsf\u00f8ring og avtalevilk\u00e5r, handhevar forbrukarvernlovgivning og meklar i konfliktar mellom forbrukarar og n\u00e6ringsdrivande. Forbrukartilsynet jobbar for eit enklare og tryggare samfunn for norske forbrukarar. Vi jobbar med \u00e5 f\u00f8rebyggje og stoppe ulovleg marknadsf\u00f8ring og urimelege avtalevilk\u00e5r for [&hellip;]<\/p>\n","protected":false},"author":10,"featured_media":0,"parent":0,"menu_order":0,"comment_status":"closed","ping_status":"closed","template":"","meta":{"_acf_changed":false,"editor_notices":[],"footnotes":""},"class_list":["post-1627","page","type-page","status-publish","hentry"],"blocksy_meta":{"styles_descriptor":{"styles":{"desktop":"","tablet":"","mobile":""},"google_fonts":[],"version":6}},"acf":[],"yoast_head":"<!-- This site is optimized with the Yoast SEO plugin v25.9 - https:\/\/yoast.com\/wordpress\/plugins\/seo\/ -->\n<title>Om Forbrukartilsynet - Ungdomskole Nynorsk<\/title>\n<meta name=\"robots\" content=\"index, follow, max-snippet:-1, max-image-preview:large, max-video-preview:-1\" \/>\n<link rel=\"canonical\" href=\"https:\/\/reklameskolen.devz.no\/ungdomsskole\/nn\/om-forbrukertilsynet\/\" \/>\n<meta property=\"og:locale\" content=\"en_US\" \/>\n<meta property=\"og:type\" content=\"article\" \/>\n<meta property=\"og:title\" content=\"Om Forbrukartilsynet - Ungdomskole Nynorsk\" \/>\n<meta property=\"og:description\" content=\"Om Forbrukartilsynet Eit enklare og tryggare samfunn for forbrukarane Forbrukartilsynet er ein offentleg tilsynsmyndigheit som f\u00f8rer tilsyn med marknadsf\u00f8ring og avtalevilk\u00e5r, handhevar forbrukarvernlovgivning og meklar i konfliktar mellom forbrukarar og n\u00e6ringsdrivande. Forbrukartilsynet jobbar for eit enklare og tryggare samfunn for norske forbrukarar. Vi jobbar med \u00e5 f\u00f8rebyggje og stoppe ulovleg marknadsf\u00f8ring og urimelege avtalevilk\u00e5r for [&hellip;]\" \/>\n<meta property=\"og:url\" content=\"https:\/\/reklameskolen.devz.no\/ungdomsskole\/nn\/om-forbrukertilsynet\/\" \/>\n<meta property=\"og:site_name\" content=\"Ungdomskole Nynorsk\" \/>\n<meta property=\"article:modified_time\" content=\"2023-11-27T09:27:58+00:00\" \/>\n<meta name=\"twitter:card\" content=\"summary_large_image\" \/>\n<meta name=\"twitter:label1\" content=\"Est. reading time\" \/>\n\t<meta name=\"twitter:data1\" content=\"1 minute\" \/>\n<script type=\"application\/ld+json\" class=\"yoast-schema-graph\">{\"@context\":\"https:\/\/schema.org\",\"@graph\":[{\"@type\":\"WebPage\",\"@id\":\"https:\/\/reklameskolen.devz.no\/ungdomsskole\/nn\/om-forbrukertilsynet\/\",\"url\":\"https:\/\/reklameskolen.devz.no\/ungdomsskole\/nn\/om-forbrukertilsynet\/\",\"name\":\"Om Forbrukartilsynet - Ungdomskole Nynorsk\",\"isPartOf\":{\"@id\":\"https:\/\/reklameskolen.devz.no\/ungdomsskole\/nn\/#website\"},\"datePublished\":\"2022-03-01T11:37:38+00:00\",\"dateModified\":\"2023-11-27T09:27:58+00:00\",\"breadcrumb\":{\"@id\":\"https:\/\/reklameskolen.devz.no\/ungdomsskole\/nn\/om-forbrukertilsynet\/#breadcrumb\"},\"inLanguage\":\"en-US\",\"potentialAction\":[{\"@type\":\"ReadAction\",\"target\":[\"https:\/\/reklameskolen.devz.no\/ungdomsskole\/nn\/om-forbrukertilsynet\/\"]}]},{\"@type\":\"BreadcrumbList\",\"@id\":\"https:\/\/reklameskolen.devz.no\/ungdomsskole\/nn\/om-forbrukertilsynet\/#breadcrumb\",\"itemListElement\":[{\"@type\":\"ListItem\",\"position\":1,\"name\":\"Home\",\"item\":\"https:\/\/reklameskolen.devz.no\/ungdomsskole\/nn\/\"},{\"@type\":\"ListItem\",\"position\":2,\"name\":\"Om Forbrukartilsynet\"}]},{\"@type\":\"WebSite\",\"@id\":\"https:\/\/reklameskolen.devz.no\/ungdomsskole\/nn\/#website\",\"url\":\"https:\/\/reklameskolen.devz.no\/ungdomsskole\/nn\/\",\"name\":\"Ungdomskole Nynorsk\",\"description\":\"Oppl\u00e6ringsverkt\u00f8y om reklame\",\"publisher\":{\"@id\":\"https:\/\/reklameskolen.devz.no\/ungdomsskole\/nn\/#organization\"},\"potentialAction\":[{\"@type\":\"SearchAction\",\"target\":{\"@type\":\"EntryPoint\",\"urlTemplate\":\"https:\/\/reklameskolen.devz.no\/ungdomsskole\/nn\/?s={search_term_string}\"},\"query-input\":{\"@type\":\"PropertyValueSpecification\",\"valueRequired\":true,\"valueName\":\"search_term_string\"}}],\"inLanguage\":\"en-US\"},{\"@type\":\"Organization\",\"@id\":\"https:\/\/reklameskolen.devz.no\/ungdomsskole\/nn\/#organization\",\"name\":\"Ungdomskole Nynorsk\",\"url\":\"https:\/\/reklameskolen.devz.no\/ungdomsskole\/nn\/\",\"logo\":{\"@type\":\"ImageObject\",\"inLanguage\":\"en-US\",\"@id\":\"https:\/\/reklameskolen.devz.no\/ungdomsskole\/nn\/#\/schema\/logo\/image\/\",\"url\":\"https:\/\/reklameskolen.devz.no\/wp-content\/uploads\/2023\/08\/Reklameskolen-Logo-01.png\",\"contentUrl\":\"https:\/\/reklameskolen.devz.no\/wp-content\/uploads\/2023\/08\/Reklameskolen-Logo-01.png\",\"caption\":\"Ungdomskole Nynorsk\"},\"image\":{\"@id\":\"https:\/\/reklameskolen.devz.no\/ungdomsskole\/nn\/#\/schema\/logo\/image\/\"}}]}<\/script>\n<!-- \/ Yoast SEO plugin. -->","yoast_head_json":{"title":"Om Forbrukartilsynet - Ungdomskole Nynorsk","robots":{"index":"index","follow":"follow","max-snippet":"max-snippet:-1","max-image-preview":"max-image-preview:large","max-video-preview":"max-video-preview:-1"},"canonical":"https:\/\/reklameskolen.devz.no\/ungdomsskole\/nn\/om-forbrukertilsynet\/","og_locale":"en_US","og_type":"article","og_title":"Om Forbrukartilsynet - Ungdomskole Nynorsk","og_description":"Om Forbrukartilsynet Eit enklare og tryggare samfunn for forbrukarane Forbrukartilsynet er ein offentleg tilsynsmyndigheit som f\u00f8rer tilsyn med marknadsf\u00f8ring og avtalevilk\u00e5r, handhevar forbrukarvernlovgivning og meklar i konfliktar mellom forbrukarar og n\u00e6ringsdrivande. Forbrukartilsynet jobbar for eit enklare og tryggare samfunn for norske forbrukarar. Vi jobbar med \u00e5 f\u00f8rebyggje og stoppe ulovleg marknadsf\u00f8ring og urimelege avtalevilk\u00e5r for [&hellip;]","og_url":"https:\/\/reklameskolen.devz.no\/ungdomsskole\/nn\/om-forbrukertilsynet\/","og_site_name":"Ungdomskole Nynorsk","article_modified_time":"2023-11-27T09:27:58+00:00","twitter_card":"summary_large_image","twitter_misc":{"Est. reading time":"1 minute"},"schema":{"@context":"https:\/\/schema.org","@graph":[{"@type":"WebPage","@id":"https:\/\/reklameskolen.devz.no\/ungdomsskole\/nn\/om-forbrukertilsynet\/","url":"https:\/\/reklameskolen.devz.no\/ungdomsskole\/nn\/om-forbrukertilsynet\/","name":"Om Forbrukartilsynet - Ungdomskole Nynorsk","isPartOf":{"@id":"https:\/\/reklameskolen.devz.no\/ungdomsskole\/nn\/#website"},"datePublished":"2022-03-01T11:37:38+00:00","dateModified":"2023-11-27T09:27:58+00:00","breadcrumb":{"@id":"https:\/\/reklameskolen.devz.no\/ungdomsskole\/nn\/om-forbrukertilsynet\/#breadcrumb"},"inLanguage":"en-US","potentialAction":[{"@type":"ReadAction","target":["https:\/\/reklameskolen.devz.no\/ungdomsskole\/nn\/om-forbrukertilsynet\/"]}]},{"@type":"BreadcrumbList","@id":"https:\/\/reklameskolen.devz.no\/ungdomsskole\/nn\/om-forbrukertilsynet\/#breadcrumb","itemListElement":[{"@type":"ListItem","position":1,"name":"Home","item":"https:\/\/reklameskolen.devz.no\/ungdomsskole\/nn\/"},{"@type":"ListItem","position":2,"name":"Om Forbrukartilsynet"}]},{"@type":"WebSite","@id":"https:\/\/reklameskolen.devz.no\/ungdomsskole\/nn\/#website","url":"https:\/\/reklameskolen.devz.no\/ungdomsskole\/nn\/","name":"Ungdomskole Nynorsk","description":"Oppl\u00e6ringsverkt\u00f8y om reklame","publisher":{"@id":"https:\/\/reklameskolen.devz.no\/ungdomsskole\/nn\/#organization"},"potentialAction":[{"@type":"SearchAction","target":{"@type":"EntryPoint","urlTemplate":"https:\/\/reklameskolen.devz.no\/ungdomsskole\/nn\/?s={search_term_string}"},"query-input":{"@type":"PropertyValueSpecification","valueRequired":true,"valueName":"search_term_string"}}],"inLanguage":"en-US"},{"@type":"Organization","@id":"https:\/\/reklameskolen.devz.no\/ungdomsskole\/nn\/#organization","name":"Ungdomskole Nynorsk","url":"https:\/\/reklameskolen.devz.no\/ungdomsskole\/nn\/","logo":{"@type":"ImageObject","inLanguage":"en-US","@id":"https:\/\/reklameskolen.devz.no\/ungdomsskole\/nn\/#\/schema\/logo\/image\/","url":"https:\/\/reklameskolen.devz.no\/wp-content\/uploads\/2023\/08\/Reklameskolen-Logo-01.png","contentUrl":"https:\/\/reklameskolen.devz.no\/wp-content\/uploads\/2023\/08\/Reklameskolen-Logo-01.png","caption":"Ungdomskole Nynorsk"},"image":{"@id":"https:\/\/reklameskolen.devz.no\/ungdomsskole\/nn\/#\/schema\/logo\/image\/"}}]}},"_links":{"self":[{"href":"https:\/\/reklameskolen.devz.no\/ungdomsskole\/nn\/wp-json\/wp\/v2\/pages\/1627","targetHints":{"allow":["GET"]}}],"collection":[{"href":"https:\/\/reklameskolen.devz.no\/ungdomsskole\/nn\/wp-json\/wp\/v2\/pages"}],"about":[{"href":"https:\/\/reklameskolen.devz.no\/ungdomsskole\/nn\/wp-json\/wp\/v2\/types\/page"}],"author":[{"embeddable":true,"href":"https:\/\/reklameskolen.devz.no\/ungdomsskole\/nn\/wp-json\/wp\/v2\/users\/10"}],"replies":[{"embeddable":true,"href":"https:\/\/reklameskolen.devz.no\/ungdomsskole\/nn\/wp-json\/wp\/v2\/comments?post=1627"}],"version-history":[{"count":27,"href":"https:\/\/reklameskolen.devz.no\/ungdomsskole\/nn\/wp-json\/wp\/v2\/pages\/1627\/revisions"}],"predecessor-version":[{"id":3736,"href":"https:\/\/reklameskolen.devz.no\/ungdomsskole\/nn\/wp-json\/wp\/v2\/pages\/1627\/revisions\/3736"}],"wp:attachment":[{"href":"https:\/\/reklameskolen.devz.no\/ungdomsskole\/nn\/wp-json\/wp\/v2\/media?parent=1627"}],"curies":[{"name":"wp","href":"https:\/\/api.w.org\/{rel}","templated":true}]}}