{"id":165,"date":"2021-12-09T08:58:10","date_gmt":"2021-12-09T07:58:10","guid":{"rendered":"https:\/\/reklameskolen.devz.no\/?page_id=165"},"modified":"2024-08-20T13:35:30","modified_gmt":"2024-08-20T11:35:30","slug":"barn-og-unge-som-malgruppe","status":"publish","type":"page","link":"https:\/\/reklameskolen.devz.no\/ungdomsskole\/nn\/metoder-medier-og-miljo\/barn-og-unge-som-malgruppe\/","title":{"rendered":"Barn og unge"},"content":{"rendered":"\n<figure class=\"wp-block-image size-full\"><img decoding=\"async\" src=\"https:\/\/reklameskolen.devz.no\/wp-content\/uploads\/2024\/08\/forbrukertilsynet-barn-unge19SMAL.jpg\" alt=\"Foto av tre unge jenter som holder hverandre om skuldrene. I bakgrunnen ser vi blokker og en park.\" class=\"wp-image-5067\"\/><\/figure>\n\n\n\n<div class=\"wp-block-columns is-layout-flex wp-container-core-columns-is-layout-28f84493 wp-block-columns-is-layout-flex\">\n<div class=\"wp-block-column is-layout-flow wp-block-column-is-layout-flow\">\n<div class=\"wp-block-columns is-layout-flex wp-container-core-columns-is-layout-28f84493 wp-block-columns-is-layout-flex\">\n<div class=\"wp-block-column is-layout-flow wp-block-column-is-layout-flow\" style=\"flex-basis:66.66%\">\n<h2 class=\"wp-block-heading\">Barn og unge<\/h2>\n\n\n\n<p>Barn og unge blir i dag eksponert for reklame i st\u00f8rre grad enn f\u00f8r. Reklame er overalt, p\u00e5 skolen, i l\u00e6ringsmateriell, p\u00e5 skolebussen og p\u00e5 tv. S\u00e6rleg p\u00e5 sosiale medium er reklametrykket stort. Med aukande bruk av sosiale medium blir \u00f2g barn heilt ned til 9-\u00e5rsalderen utsett for store mengder reklame. &nbsp;<\/p>\n\n\n\n<p>I ei unders\u00f8king utf\u00f8rt av Medietilsynet i 2020 svarte 7 av 10 i aldersgruppa 13\u201318 \u00e5r at det var for mykje reklame p\u00e5 sosiale medium. Same unders\u00f8king viste at omtrent halvparten av 13\u201318-\u00e5ringar har teke imot reklame for produkt som skal s\u00f8rgje for vekttap eller gi st\u00f8rre musklar. Mange oppgav \u00f2g at dei hadde teke imot reklame for kosmetiske inngrep, tobakksprodukt, alkohol, pengespel og gambling. &nbsp;<\/p>\n<\/div>\n\n\n\n<div class=\"wp-block-column is-layout-flow wp-block-column-is-layout-flow\" style=\"flex-basis:33.33%\">\n<div style=\"height:100px\" aria-hidden=\"true\" class=\"wp-block-spacer\"><\/div>\n\n\n\n<div class=\"wp-block-group is-style-questions is-layout-flow wp-block-group-is-layout-flow\">\n<h2 class=\"wp-block-heading\">Refleksjonsoppg\u00e5ve:<\/h2>\n\n\n\n<p>Har du sett ein reklame du synest var upassande? F\u00f8ler du at det er mykje reklame p\u00e5 sosiale medium? Kvifor?<\/p>\n<\/div>\n<\/div>\n<\/div>\n<\/div>\n<\/div>\n\n\n\n<div style=\"height:100px\" aria-hidden=\"true\" class=\"wp-block-spacer\"><\/div>\n\n\n\n<div class=\"wp-block-group alignfull has-palette-color-4-background-color has-background is-layout-flow wp-block-group-is-layout-flow\">\n<div class=\"wp-block-columns is-layout-flex wp-container-core-columns-is-layout-28f84493 wp-block-columns-is-layout-flex\">\n<div class=\"wp-block-column is-layout-flow wp-block-column-is-layout-flow\">\n<div class=\"wp-block-buttons is-layout-flex wp-block-buttons-is-layout-flex\">\n<div class=\"wp-block-button\"><a class=\"wp-block-button__link wp-element-button\" href=\"https:\/\/reklameskolen.devz.no\/ungdomsskole\/nn\/metoder-medier-og-miljo\/personrettet-overvakningsbasert-markedsforing\/\">Tilbake til &#8220;Personleg reklame&#8221;<\/a><\/div>\n<\/div>\n<\/div>\n\n\n\n<div class=\"wp-block-column is-layout-flow wp-block-column-is-layout-flow\">\n<div class=\"wp-block-buttons is-horizontal is-content-justification-right is-layout-flex wp-container-core-buttons-is-layout-30af2ff6 wp-block-buttons-is-layout-flex\">\n<div class=\"wp-block-button\"><a class=\"wp-block-button__link wp-element-button\" href=\"https:\/\/reklameskolen.devz.no\/ungdomsskole\/nn\/metoder-medier-og-miljo\/barn-og-unge-som-malgruppe\/barns-rettsvern-i-lovgivningen\/\">G\u00e5 vidare til &#8220;Beskytta av lova&#8221;<\/a><\/div>\n<\/div>\n<\/div>\n<\/div>\n<\/div>\n","protected":false},"excerpt":{"rendered":"<p>Barn og unge Barn og unge blir i dag eksponert for reklame i st\u00f8rre grad enn f\u00f8r. Reklame er overalt, p\u00e5 skolen, i l\u00e6ringsmateriell, p\u00e5 skolebussen og p\u00e5 tv. S\u00e6rleg p\u00e5 sosiale medium er reklametrykket stort. Med aukande bruk av sosiale medium blir \u00f2g barn heilt ned til 9-\u00e5rsalderen utsett for store mengder reklame. &nbsp; [&hellip;]<\/p>\n","protected":false},"author":8,"featured_media":0,"parent":109,"menu_order":5,"comment_status":"closed","ping_status":"closed","template":"","meta":{"_acf_changed":false,"editor_notices":[],"footnotes":""},"class_list":["post-165","page","type-page","status-publish","hentry"],"blocksy_meta":{"styles_descriptor":{"styles":{"desktop":"","tablet":"","mobile":""},"google_fonts":[],"version":6}},"acf":[],"yoast_head":"<!-- This site is optimized with the Yoast SEO plugin v25.9 - https:\/\/yoast.com\/wordpress\/plugins\/seo\/ -->\n<title>Barn og unge - Ungdomskole Nynorsk<\/title>\n<meta name=\"robots\" content=\"index, follow, max-snippet:-1, max-image-preview:large, max-video-preview:-1\" \/>\n<link rel=\"canonical\" href=\"https:\/\/reklameskolen.devz.no\/ungdomsskole\/nn\/metoder-medier-og-miljo\/barn-og-unge-som-malgruppe\/\" \/>\n<meta property=\"og:locale\" content=\"en_US\" \/>\n<meta property=\"og:type\" content=\"article\" \/>\n<meta property=\"og:title\" content=\"Barn og unge - Ungdomskole Nynorsk\" \/>\n<meta property=\"og:description\" content=\"Barn og unge Barn og unge blir i dag eksponert for reklame i st\u00f8rre grad enn f\u00f8r. Reklame er overalt, p\u00e5 skolen, i l\u00e6ringsmateriell, p\u00e5 skolebussen og p\u00e5 tv. S\u00e6rleg p\u00e5 sosiale medium er reklametrykket stort. Med aukande bruk av sosiale medium blir \u00f2g barn heilt ned til 9-\u00e5rsalderen utsett for store mengder reklame. &nbsp; [&hellip;]\" \/>\n<meta property=\"og:url\" content=\"https:\/\/reklameskolen.devz.no\/ungdomsskole\/nn\/metoder-medier-og-miljo\/barn-og-unge-som-malgruppe\/\" \/>\n<meta property=\"og:site_name\" content=\"Ungdomskole Nynorsk\" \/>\n<meta property=\"article:modified_time\" content=\"2024-08-20T11:35:30+00:00\" \/>\n<meta name=\"twitter:card\" content=\"summary_large_image\" \/>\n<meta name=\"twitter:label1\" content=\"Est. reading time\" \/>\n\t<meta name=\"twitter:data1\" content=\"1 minute\" \/>\n<script type=\"application\/ld+json\" class=\"yoast-schema-graph\">{\"@context\":\"https:\/\/schema.org\",\"@graph\":[{\"@type\":\"WebPage\",\"@id\":\"https:\/\/reklameskolen.devz.no\/ungdomsskole\/nn\/metoder-medier-og-miljo\/barn-og-unge-som-malgruppe\/\",\"url\":\"https:\/\/reklameskolen.devz.no\/ungdomsskole\/nn\/metoder-medier-og-miljo\/barn-og-unge-som-malgruppe\/\",\"name\":\"Barn og unge - Ungdomskole Nynorsk\",\"isPartOf\":{\"@id\":\"https:\/\/reklameskolen.devz.no\/ungdomsskole\/nn\/#website\"},\"primaryImageOfPage\":{\"@id\":\"https:\/\/reklameskolen.devz.no\/ungdomsskole\/nn\/metoder-medier-og-miljo\/barn-og-unge-som-malgruppe\/#primaryimage\"},\"image\":{\"@id\":\"https:\/\/reklameskolen.devz.no\/ungdomsskole\/nn\/metoder-medier-og-miljo\/barn-og-unge-som-malgruppe\/#primaryimage\"},\"thumbnailUrl\":\"https:\/\/reklameskolen.devz.no\/wp-content\/uploads\/2024\/08\/forbrukertilsynet-barn-unge19SMAL.jpg\",\"datePublished\":\"2021-12-09T07:58:10+00:00\",\"dateModified\":\"2024-08-20T11:35:30+00:00\",\"breadcrumb\":{\"@id\":\"https:\/\/reklameskolen.devz.no\/ungdomsskole\/nn\/metoder-medier-og-miljo\/barn-og-unge-som-malgruppe\/#breadcrumb\"},\"inLanguage\":\"en-US\",\"potentialAction\":[{\"@type\":\"ReadAction\",\"target\":[\"https:\/\/reklameskolen.devz.no\/ungdomsskole\/nn\/metoder-medier-og-miljo\/barn-og-unge-som-malgruppe\/\"]}]},{\"@type\":\"ImageObject\",\"inLanguage\":\"en-US\",\"@id\":\"https:\/\/reklameskolen.devz.no\/ungdomsskole\/nn\/metoder-medier-og-miljo\/barn-og-unge-som-malgruppe\/#primaryimage\",\"url\":\"https:\/\/reklameskolen.devz.no\/wp-content\/uploads\/2024\/08\/forbrukertilsynet-barn-unge19SMAL.jpg\",\"contentUrl\":\"https:\/\/reklameskolen.devz.no\/wp-content\/uploads\/2024\/08\/forbrukertilsynet-barn-unge19SMAL.jpg\"},{\"@type\":\"BreadcrumbList\",\"@id\":\"https:\/\/reklameskolen.devz.no\/ungdomsskole\/nn\/metoder-medier-og-miljo\/barn-og-unge-som-malgruppe\/#breadcrumb\",\"itemListElement\":[{\"@type\":\"ListItem\",\"position\":1,\"name\":\"Home\",\"item\":\"https:\/\/reklameskolen.devz.no\/ungdomsskole\/nn\/\"},{\"@type\":\"ListItem\",\"position\":2,\"name\":\"Metodar, medium og milj\u00f8\",\"item\":\"https:\/\/reklameskolen.devz.no\/ungdomsskole\/nn\/metoder-medier-og-miljo\/\"},{\"@type\":\"ListItem\",\"position\":3,\"name\":\"Barn og unge\"}]},{\"@type\":\"WebSite\",\"@id\":\"https:\/\/reklameskolen.devz.no\/ungdomsskole\/nn\/#website\",\"url\":\"https:\/\/reklameskolen.devz.no\/ungdomsskole\/nn\/\",\"name\":\"Ungdomskole Nynorsk\",\"description\":\"Oppl\u00e6ringsverkt\u00f8y om reklame\",\"publisher\":{\"@id\":\"https:\/\/reklameskolen.devz.no\/ungdomsskole\/nn\/#organization\"},\"potentialAction\":[{\"@type\":\"SearchAction\",\"target\":{\"@type\":\"EntryPoint\",\"urlTemplate\":\"https:\/\/reklameskolen.devz.no\/ungdomsskole\/nn\/?s={search_term_string}\"},\"query-input\":{\"@type\":\"PropertyValueSpecification\",\"valueRequired\":true,\"valueName\":\"search_term_string\"}}],\"inLanguage\":\"en-US\"},{\"@type\":\"Organization\",\"@id\":\"https:\/\/reklameskolen.devz.no\/ungdomsskole\/nn\/#organization\",\"name\":\"Ungdomskole Nynorsk\",\"url\":\"https:\/\/reklameskolen.devz.no\/ungdomsskole\/nn\/\",\"logo\":{\"@type\":\"ImageObject\",\"inLanguage\":\"en-US\",\"@id\":\"https:\/\/reklameskolen.devz.no\/ungdomsskole\/nn\/#\/schema\/logo\/image\/\",\"url\":\"https:\/\/reklameskolen.devz.no\/wp-content\/uploads\/2023\/08\/Reklameskolen-Logo-01.png\",\"contentUrl\":\"https:\/\/reklameskolen.devz.no\/wp-content\/uploads\/2023\/08\/Reklameskolen-Logo-01.png\",\"caption\":\"Ungdomskole Nynorsk\"},\"image\":{\"@id\":\"https:\/\/reklameskolen.devz.no\/ungdomsskole\/nn\/#\/schema\/logo\/image\/\"}}]}<\/script>\n<!-- \/ Yoast SEO plugin. -->","yoast_head_json":{"title":"Barn og unge - Ungdomskole Nynorsk","robots":{"index":"index","follow":"follow","max-snippet":"max-snippet:-1","max-image-preview":"max-image-preview:large","max-video-preview":"max-video-preview:-1"},"canonical":"https:\/\/reklameskolen.devz.no\/ungdomsskole\/nn\/metoder-medier-og-miljo\/barn-og-unge-som-malgruppe\/","og_locale":"en_US","og_type":"article","og_title":"Barn og unge - Ungdomskole Nynorsk","og_description":"Barn og unge Barn og unge blir i dag eksponert for reklame i st\u00f8rre grad enn f\u00f8r. Reklame er overalt, p\u00e5 skolen, i l\u00e6ringsmateriell, p\u00e5 skolebussen og p\u00e5 tv. S\u00e6rleg p\u00e5 sosiale medium er reklametrykket stort. Med aukande bruk av sosiale medium blir \u00f2g barn heilt ned til 9-\u00e5rsalderen utsett for store mengder reklame. &nbsp; [&hellip;]","og_url":"https:\/\/reklameskolen.devz.no\/ungdomsskole\/nn\/metoder-medier-og-miljo\/barn-og-unge-som-malgruppe\/","og_site_name":"Ungdomskole Nynorsk","article_modified_time":"2024-08-20T11:35:30+00:00","twitter_card":"summary_large_image","twitter_misc":{"Est. reading time":"1 minute"},"schema":{"@context":"https:\/\/schema.org","@graph":[{"@type":"WebPage","@id":"https:\/\/reklameskolen.devz.no\/ungdomsskole\/nn\/metoder-medier-og-miljo\/barn-og-unge-som-malgruppe\/","url":"https:\/\/reklameskolen.devz.no\/ungdomsskole\/nn\/metoder-medier-og-miljo\/barn-og-unge-som-malgruppe\/","name":"Barn og unge - Ungdomskole Nynorsk","isPartOf":{"@id":"https:\/\/reklameskolen.devz.no\/ungdomsskole\/nn\/#website"},"primaryImageOfPage":{"@id":"https:\/\/reklameskolen.devz.no\/ungdomsskole\/nn\/metoder-medier-og-miljo\/barn-og-unge-som-malgruppe\/#primaryimage"},"image":{"@id":"https:\/\/reklameskolen.devz.no\/ungdomsskole\/nn\/metoder-medier-og-miljo\/barn-og-unge-som-malgruppe\/#primaryimage"},"thumbnailUrl":"https:\/\/reklameskolen.devz.no\/wp-content\/uploads\/2024\/08\/forbrukertilsynet-barn-unge19SMAL.jpg","datePublished":"2021-12-09T07:58:10+00:00","dateModified":"2024-08-20T11:35:30+00:00","breadcrumb":{"@id":"https:\/\/reklameskolen.devz.no\/ungdomsskole\/nn\/metoder-medier-og-miljo\/barn-og-unge-som-malgruppe\/#breadcrumb"},"inLanguage":"en-US","potentialAction":[{"@type":"ReadAction","target":["https:\/\/reklameskolen.devz.no\/ungdomsskole\/nn\/metoder-medier-og-miljo\/barn-og-unge-som-malgruppe\/"]}]},{"@type":"ImageObject","inLanguage":"en-US","@id":"https:\/\/reklameskolen.devz.no\/ungdomsskole\/nn\/metoder-medier-og-miljo\/barn-og-unge-som-malgruppe\/#primaryimage","url":"https:\/\/reklameskolen.devz.no\/wp-content\/uploads\/2024\/08\/forbrukertilsynet-barn-unge19SMAL.jpg","contentUrl":"https:\/\/reklameskolen.devz.no\/wp-content\/uploads\/2024\/08\/forbrukertilsynet-barn-unge19SMAL.jpg"},{"@type":"BreadcrumbList","@id":"https:\/\/reklameskolen.devz.no\/ungdomsskole\/nn\/metoder-medier-og-miljo\/barn-og-unge-som-malgruppe\/#breadcrumb","itemListElement":[{"@type":"ListItem","position":1,"name":"Home","item":"https:\/\/reklameskolen.devz.no\/ungdomsskole\/nn\/"},{"@type":"ListItem","position":2,"name":"Metodar, medium og milj\u00f8","item":"https:\/\/reklameskolen.devz.no\/ungdomsskole\/nn\/metoder-medier-og-miljo\/"},{"@type":"ListItem","position":3,"name":"Barn og unge"}]},{"@type":"WebSite","@id":"https:\/\/reklameskolen.devz.no\/ungdomsskole\/nn\/#website","url":"https:\/\/reklameskolen.devz.no\/ungdomsskole\/nn\/","name":"Ungdomskole Nynorsk","description":"Oppl\u00e6ringsverkt\u00f8y om reklame","publisher":{"@id":"https:\/\/reklameskolen.devz.no\/ungdomsskole\/nn\/#organization"},"potentialAction":[{"@type":"SearchAction","target":{"@type":"EntryPoint","urlTemplate":"https:\/\/reklameskolen.devz.no\/ungdomsskole\/nn\/?s={search_term_string}"},"query-input":{"@type":"PropertyValueSpecification","valueRequired":true,"valueName":"search_term_string"}}],"inLanguage":"en-US"},{"@type":"Organization","@id":"https:\/\/reklameskolen.devz.no\/ungdomsskole\/nn\/#organization","name":"Ungdomskole Nynorsk","url":"https:\/\/reklameskolen.devz.no\/ungdomsskole\/nn\/","logo":{"@type":"ImageObject","inLanguage":"en-US","@id":"https:\/\/reklameskolen.devz.no\/ungdomsskole\/nn\/#\/schema\/logo\/image\/","url":"https:\/\/reklameskolen.devz.no\/wp-content\/uploads\/2023\/08\/Reklameskolen-Logo-01.png","contentUrl":"https:\/\/reklameskolen.devz.no\/wp-content\/uploads\/2023\/08\/Reklameskolen-Logo-01.png","caption":"Ungdomskole Nynorsk"},"image":{"@id":"https:\/\/reklameskolen.devz.no\/ungdomsskole\/nn\/#\/schema\/logo\/image\/"}}]}},"_links":{"self":[{"href":"https:\/\/reklameskolen.devz.no\/ungdomsskole\/nn\/wp-json\/wp\/v2\/pages\/165","targetHints":{"allow":["GET"]}}],"collection":[{"href":"https:\/\/reklameskolen.devz.no\/ungdomsskole\/nn\/wp-json\/wp\/v2\/pages"}],"about":[{"href":"https:\/\/reklameskolen.devz.no\/ungdomsskole\/nn\/wp-json\/wp\/v2\/types\/page"}],"author":[{"embeddable":true,"href":"https:\/\/reklameskolen.devz.no\/ungdomsskole\/nn\/wp-json\/wp\/v2\/users\/8"}],"replies":[{"embeddable":true,"href":"https:\/\/reklameskolen.devz.no\/ungdomsskole\/nn\/wp-json\/wp\/v2\/comments?post=165"}],"version-history":[{"count":38,"href":"https:\/\/reklameskolen.devz.no\/ungdomsskole\/nn\/wp-json\/wp\/v2\/pages\/165\/revisions"}],"predecessor-version":[{"id":3931,"href":"https:\/\/reklameskolen.devz.no\/ungdomsskole\/nn\/wp-json\/wp\/v2\/pages\/165\/revisions\/3931"}],"up":[{"embeddable":true,"href":"https:\/\/reklameskolen.devz.no\/ungdomsskole\/nn\/wp-json\/wp\/v2\/pages\/109"}],"wp:attachment":[{"href":"https:\/\/reklameskolen.devz.no\/ungdomsskole\/nn\/wp-json\/wp\/v2\/media?parent=165"}],"curies":[{"name":"wp","href":"https:\/\/api.w.org\/{rel}","templated":true}]}}