{"id":166,"date":"2021-12-09T08:58:10","date_gmt":"2021-12-09T07:58:10","guid":{"rendered":"https:\/\/reklameskolen.devz.no\/?page_id=166"},"modified":"2024-10-03T14:08:25","modified_gmt":"2024-10-03T12:08:25","slug":"konkurranser","status":"publish","type":"page","link":"https:\/\/reklameskolen.devz.no\/ungdomsskole\/nn\/reklamen-og-oss\/hvordan-virker-reklame\/konkurranser\/","title":{"rendered":"Konkurransar"},"content":{"rendered":"\n<h1 class=\"wp-block-heading\" id=\"konkurranser\">Konkurransar<\/h1>\n\n\n\n<div class=\"wp-block-columns is-layout-flex wp-container-core-columns-is-layout-28f84493 wp-block-columns-is-layout-flex\">\n<div class=\"wp-block-column is-layout-flow wp-block-column-is-layout-flow\" style=\"flex-basis:70%\">\n<p>I sosiale medium er det mykje reklame. S\u00e5 mykje at du kanskje ikkje legg merke til han. Konkurransar kan vere ein god m\u00e5te \u00e5 skape merksemd p\u00e5. N\u00e5r du kan vinne ein stor premie, er det kanskje st\u00f8rre sjanse for at du legg merke til reklamen. Konkurransar med flotte premiar skaper ofte mykje aktivitet. Mange liker reklamen, deler den eller taggar vennar. Alt for \u00e5 f\u00e5 ein sjanse til \u00e5 vinne premien.<\/p>\n\n\n\n<h2 class=\"wp-block-heading\" id=\"klare-betingelser\">Klare vilk\u00e5r<\/h2>\n\n\n\n<p>Det er ikkje alle konkurransar som er lovlege. Dei som lagar konkurransane, m\u00e5 f\u00f8lge mange reglar. Dei m\u00e5 blant anna forklare tydeleg kva som er vilk\u00e5ra for \u00e5 vere med i konkurransen. Det m\u00e5 for eksempel vere lett \u00e5 forst\u00e5<\/p>\n\n\n\n<ul class=\"wp-block-list\">\n<li>korleis du deltek i konkurransen.<\/li>\n\n\n\n<li>n\u00e5r og korleis vinnaren blir k\u00e5ra.<\/li>\n\n\n\n<li>om det er aldersgrense eller krav til \u00e5 bu ein spesiell stad for \u00e5 delta.<\/li>\n\n\n\n<li>eventuelle vilk\u00e5r for levering eller henting av premie.<\/li>\n\n\n\n<li>om du m\u00e5 kj\u00f8pe noko eller seie ja til \u00e5 ta imot nyheitsbrev for \u00e5 delta.<\/li>\n<\/ul>\n\n\n\n<h2 class=\"wp-block-heading\" id=\"betingelser-som-ikke-er-tillatt\">Dette er ikkje lov<\/h2>\n\n\n\n<ul class=\"wp-block-list\">\n<li>Det er ikkje lov \u00e5 lokke med premiar som aldri blir delt ut. Dersom ein annons\u00f8r har ein konkurranse kor dei lovar \u00e5 dele ut ein premie, m\u00e5 han faktisk gjere det.<\/li>\n\n\n\n<li>Det er ikkje lov \u00e5 seie at ein premie er gratis viss han ikkje faktisk er det i. Dersom du for eksempel m\u00e5 betale frakt for \u00e5 ta imot premien, er han ikkje gratis.<\/li>\n\n\n\n<li>Det er ikkje lov \u00e5 krevje at du m\u00e5 tagge vennar for \u00e5 delta i konkurransen.<\/li>\n<\/ul>\n\n\n\n<div style=\"height:50px\" aria-hidden=\"true\" class=\"wp-block-spacer\"><\/div>\n\n\n\n<div style=\"height:50px\" aria-hidden=\"true\" class=\"wp-block-spacer\"><\/div>\n\n\n\n<p><\/p>\n<\/div>\n\n\n\n<div class=\"wp-block-column is-layout-flow wp-block-column-is-layout-flow\">\n<div class=\"wp-block-group is-style-tableofcontent has-palette-color-5-background-color has-background is-layout-flow wp-block-group-is-layout-flow\">\n<h2 class=\"wp-block-heading has-text-align-left has-palette-color-4-color has-palette-color-5-background-color has-text-color has-background has-large-font-size\" id=\"bloggemammas-fiktive-konkurranser\">Ekstratekst: Bloggemamma sine fiktive konkurransar<\/h2>\n\n\n\n<p>Har du lyst til \u00e5 lese om bloggemammaa som heldt fiktive konkurransar for \u00e5 auke merksemda rundt eigen blogg?<\/p>\n\n\n\n<div class=\"wp-block-buttons is-layout-flex wp-block-buttons-is-layout-flex\">\n<div class=\"wp-block-button aligncenter\"><a class=\"wp-block-button__link has-palette-color-8-color has-palette-color-3-background-color has-text-color has-background wp-element-button\" href=\"https:\/\/reklameskolen.devz.no\/ungdomsskole\/nn\/reklamen-og-oss\/hvordan-virker-reklame\/konkurranser\/fiktive-konkurranser\/\">Les ekstrateksten her<\/a><\/div>\n<\/div>\n<\/div>\n<\/div>\n<\/div>\n\n\n\n<div class=\"wp-block-group alignfull has-palette-color-4-background-color has-background is-layout-flow wp-block-group-is-layout-flow\">\n<div class=\"wp-block-columns is-layout-flex wp-container-core-columns-is-layout-28f84493 wp-block-columns-is-layout-flex\">\n<div class=\"wp-block-column is-layout-flow wp-block-column-is-layout-flow\">\n<div class=\"wp-block-buttons is-layout-flex wp-block-buttons-is-layout-flex\">\n<div class=\"wp-block-button\"><a class=\"wp-block-button__link wp-element-button\" href=\"https:\/\/reklameskolen.devz.no\/ungdomsskole\/nn\/reklamen-og-oss\/hvordan-virker-reklame\/kjopsoppfordringer\/\">Tilbake til &#8220;L\u00f8p og  kj\u00f8p&#8221;<\/a><\/div>\n<\/div>\n<\/div>\n\n\n\n<div class=\"wp-block-column is-layout-flow wp-block-column-is-layout-flow\">\n<div class=\"wp-block-buttons is-horizontal is-content-justification-right is-layout-flex wp-container-core-buttons-is-layout-30af2ff6 wp-block-buttons-is-layout-flex\">\n<div class=\"wp-block-button\"><a class=\"wp-block-button__link wp-element-button\" href=\"https:\/\/reklameskolen.devz.no\/ungdomsskole\/nn\/reklamen-og-oss\/merkevarebygging\/\">Vidare til &#8220;Merkevarebygging&#8221;<\/a><\/div>\n<\/div>\n<\/div>\n<\/div>\n<\/div>\n","protected":false},"excerpt":{"rendered":"<p>Konkurransar I sosiale medium er det mykje reklame. S\u00e5 mykje at du kanskje ikkje legg merke til han. Konkurransar kan vere ein god m\u00e5te \u00e5 skape merksemd p\u00e5. N\u00e5r du kan vinne ein stor premie, er det kanskje st\u00f8rre sjanse for at du legg merke til reklamen. Konkurransar med flotte premiar skaper ofte mykje aktivitet. [&hellip;]<\/p>\n","protected":false},"author":1,"featured_media":0,"parent":1087,"menu_order":4,"comment_status":"closed","ping_status":"closed","template":"","meta":{"_acf_changed":false,"editor_notices":[],"footnotes":""},"class_list":["post-166","page","type-page","status-publish","hentry"],"blocksy_meta":{"styles_descriptor":{"styles":{"desktop":"","tablet":"","mobile":""},"google_fonts":[],"version":6}},"acf":[],"yoast_head":"<!-- This site is optimized with the Yoast SEO plugin v25.9 - https:\/\/yoast.com\/wordpress\/plugins\/seo\/ -->\n<title>Konkurransar - Ungdomskole Nynorsk<\/title>\n<meta name=\"robots\" content=\"index, follow, max-snippet:-1, max-image-preview:large, max-video-preview:-1\" \/>\n<link rel=\"canonical\" href=\"https:\/\/reklameskolen.devz.no\/ungdomsskole\/nn\/reklamen-og-oss\/hvordan-virker-reklame\/konkurranser\/\" \/>\n<meta property=\"og:locale\" content=\"en_US\" \/>\n<meta property=\"og:type\" content=\"article\" \/>\n<meta property=\"og:title\" content=\"Konkurransar - Ungdomskole Nynorsk\" \/>\n<meta property=\"og:description\" content=\"Konkurransar I sosiale medium er det mykje reklame. S\u00e5 mykje at du kanskje ikkje legg merke til han. Konkurransar kan vere ein god m\u00e5te \u00e5 skape merksemd p\u00e5. N\u00e5r du kan vinne ein stor premie, er det kanskje st\u00f8rre sjanse for at du legg merke til reklamen. Konkurransar med flotte premiar skaper ofte mykje aktivitet. [&hellip;]\" \/>\n<meta property=\"og:url\" content=\"https:\/\/reklameskolen.devz.no\/ungdomsskole\/nn\/reklamen-og-oss\/hvordan-virker-reklame\/konkurranser\/\" \/>\n<meta property=\"og:site_name\" content=\"Ungdomskole Nynorsk\" \/>\n<meta property=\"article:modified_time\" content=\"2024-10-03T12:08:25+00:00\" \/>\n<meta name=\"twitter:card\" content=\"summary_large_image\" \/>\n<meta name=\"twitter:label1\" content=\"Est. reading time\" \/>\n\t<meta name=\"twitter:data1\" content=\"1 minute\" \/>\n<script type=\"application\/ld+json\" class=\"yoast-schema-graph\">{\"@context\":\"https:\/\/schema.org\",\"@graph\":[{\"@type\":\"WebPage\",\"@id\":\"https:\/\/reklameskolen.devz.no\/ungdomsskole\/nn\/reklamen-og-oss\/hvordan-virker-reklame\/konkurranser\/\",\"url\":\"https:\/\/reklameskolen.devz.no\/ungdomsskole\/nn\/reklamen-og-oss\/hvordan-virker-reklame\/konkurranser\/\",\"name\":\"Konkurransar - Ungdomskole Nynorsk\",\"isPartOf\":{\"@id\":\"https:\/\/reklameskolen.devz.no\/ungdomsskole\/nn\/#website\"},\"datePublished\":\"2021-12-09T07:58:10+00:00\",\"dateModified\":\"2024-10-03T12:08:25+00:00\",\"breadcrumb\":{\"@id\":\"https:\/\/reklameskolen.devz.no\/ungdomsskole\/nn\/reklamen-og-oss\/hvordan-virker-reklame\/konkurranser\/#breadcrumb\"},\"inLanguage\":\"en-US\",\"potentialAction\":[{\"@type\":\"ReadAction\",\"target\":[\"https:\/\/reklameskolen.devz.no\/ungdomsskole\/nn\/reklamen-og-oss\/hvordan-virker-reklame\/konkurranser\/\"]}]},{\"@type\":\"BreadcrumbList\",\"@id\":\"https:\/\/reklameskolen.devz.no\/ungdomsskole\/nn\/reklamen-og-oss\/hvordan-virker-reklame\/konkurranser\/#breadcrumb\",\"itemListElement\":[{\"@type\":\"ListItem\",\"position\":1,\"name\":\"Home\",\"item\":\"https:\/\/reklameskolen.devz.no\/ungdomsskole\/nn\/\"},{\"@type\":\"ListItem\",\"position\":2,\"name\":\"Reklamen og oss\",\"item\":\"https:\/\/reklameskolen.devz.no\/ungdomsskole\/nn\/reklamen-og-oss\/\"},{\"@type\":\"ListItem\",\"position\":3,\"name\":\"Korleis verkar reklame?\",\"item\":\"https:\/\/reklameskolen.devz.no\/ungdomsskole\/nn\/reklamen-og-oss\/hvordan-virker-reklame\/\"},{\"@type\":\"ListItem\",\"position\":4,\"name\":\"Konkurransar\"}]},{\"@type\":\"WebSite\",\"@id\":\"https:\/\/reklameskolen.devz.no\/ungdomsskole\/nn\/#website\",\"url\":\"https:\/\/reklameskolen.devz.no\/ungdomsskole\/nn\/\",\"name\":\"Ungdomskole Nynorsk\",\"description\":\"Oppl\u00e6ringsverkt\u00f8y om reklame\",\"publisher\":{\"@id\":\"https:\/\/reklameskolen.devz.no\/ungdomsskole\/nn\/#organization\"},\"potentialAction\":[{\"@type\":\"SearchAction\",\"target\":{\"@type\":\"EntryPoint\",\"urlTemplate\":\"https:\/\/reklameskolen.devz.no\/ungdomsskole\/nn\/?s={search_term_string}\"},\"query-input\":{\"@type\":\"PropertyValueSpecification\",\"valueRequired\":true,\"valueName\":\"search_term_string\"}}],\"inLanguage\":\"en-US\"},{\"@type\":\"Organization\",\"@id\":\"https:\/\/reklameskolen.devz.no\/ungdomsskole\/nn\/#organization\",\"name\":\"Ungdomskole Nynorsk\",\"url\":\"https:\/\/reklameskolen.devz.no\/ungdomsskole\/nn\/\",\"logo\":{\"@type\":\"ImageObject\",\"inLanguage\":\"en-US\",\"@id\":\"https:\/\/reklameskolen.devz.no\/ungdomsskole\/nn\/#\/schema\/logo\/image\/\",\"url\":\"https:\/\/reklameskolen.devz.no\/wp-content\/uploads\/2023\/08\/Reklameskolen-Logo-01.png\",\"contentUrl\":\"https:\/\/reklameskolen.devz.no\/wp-content\/uploads\/2023\/08\/Reklameskolen-Logo-01.png\",\"caption\":\"Ungdomskole Nynorsk\"},\"image\":{\"@id\":\"https:\/\/reklameskolen.devz.no\/ungdomsskole\/nn\/#\/schema\/logo\/image\/\"}}]}<\/script>\n<!-- \/ Yoast SEO plugin. -->","yoast_head_json":{"title":"Konkurransar - Ungdomskole Nynorsk","robots":{"index":"index","follow":"follow","max-snippet":"max-snippet:-1","max-image-preview":"max-image-preview:large","max-video-preview":"max-video-preview:-1"},"canonical":"https:\/\/reklameskolen.devz.no\/ungdomsskole\/nn\/reklamen-og-oss\/hvordan-virker-reklame\/konkurranser\/","og_locale":"en_US","og_type":"article","og_title":"Konkurransar - Ungdomskole Nynorsk","og_description":"Konkurransar I sosiale medium er det mykje reklame. S\u00e5 mykje at du kanskje ikkje legg merke til han. Konkurransar kan vere ein god m\u00e5te \u00e5 skape merksemd p\u00e5. N\u00e5r du kan vinne ein stor premie, er det kanskje st\u00f8rre sjanse for at du legg merke til reklamen. Konkurransar med flotte premiar skaper ofte mykje aktivitet. [&hellip;]","og_url":"https:\/\/reklameskolen.devz.no\/ungdomsskole\/nn\/reklamen-og-oss\/hvordan-virker-reklame\/konkurranser\/","og_site_name":"Ungdomskole Nynorsk","article_modified_time":"2024-10-03T12:08:25+00:00","twitter_card":"summary_large_image","twitter_misc":{"Est. reading time":"1 minute"},"schema":{"@context":"https:\/\/schema.org","@graph":[{"@type":"WebPage","@id":"https:\/\/reklameskolen.devz.no\/ungdomsskole\/nn\/reklamen-og-oss\/hvordan-virker-reklame\/konkurranser\/","url":"https:\/\/reklameskolen.devz.no\/ungdomsskole\/nn\/reklamen-og-oss\/hvordan-virker-reklame\/konkurranser\/","name":"Konkurransar - Ungdomskole Nynorsk","isPartOf":{"@id":"https:\/\/reklameskolen.devz.no\/ungdomsskole\/nn\/#website"},"datePublished":"2021-12-09T07:58:10+00:00","dateModified":"2024-10-03T12:08:25+00:00","breadcrumb":{"@id":"https:\/\/reklameskolen.devz.no\/ungdomsskole\/nn\/reklamen-og-oss\/hvordan-virker-reklame\/konkurranser\/#breadcrumb"},"inLanguage":"en-US","potentialAction":[{"@type":"ReadAction","target":["https:\/\/reklameskolen.devz.no\/ungdomsskole\/nn\/reklamen-og-oss\/hvordan-virker-reklame\/konkurranser\/"]}]},{"@type":"BreadcrumbList","@id":"https:\/\/reklameskolen.devz.no\/ungdomsskole\/nn\/reklamen-og-oss\/hvordan-virker-reklame\/konkurranser\/#breadcrumb","itemListElement":[{"@type":"ListItem","position":1,"name":"Home","item":"https:\/\/reklameskolen.devz.no\/ungdomsskole\/nn\/"},{"@type":"ListItem","position":2,"name":"Reklamen og oss","item":"https:\/\/reklameskolen.devz.no\/ungdomsskole\/nn\/reklamen-og-oss\/"},{"@type":"ListItem","position":3,"name":"Korleis verkar reklame?","item":"https:\/\/reklameskolen.devz.no\/ungdomsskole\/nn\/reklamen-og-oss\/hvordan-virker-reklame\/"},{"@type":"ListItem","position":4,"name":"Konkurransar"}]},{"@type":"WebSite","@id":"https:\/\/reklameskolen.devz.no\/ungdomsskole\/nn\/#website","url":"https:\/\/reklameskolen.devz.no\/ungdomsskole\/nn\/","name":"Ungdomskole Nynorsk","description":"Oppl\u00e6ringsverkt\u00f8y om reklame","publisher":{"@id":"https:\/\/reklameskolen.devz.no\/ungdomsskole\/nn\/#organization"},"potentialAction":[{"@type":"SearchAction","target":{"@type":"EntryPoint","urlTemplate":"https:\/\/reklameskolen.devz.no\/ungdomsskole\/nn\/?s={search_term_string}"},"query-input":{"@type":"PropertyValueSpecification","valueRequired":true,"valueName":"search_term_string"}}],"inLanguage":"en-US"},{"@type":"Organization","@id":"https:\/\/reklameskolen.devz.no\/ungdomsskole\/nn\/#organization","name":"Ungdomskole Nynorsk","url":"https:\/\/reklameskolen.devz.no\/ungdomsskole\/nn\/","logo":{"@type":"ImageObject","inLanguage":"en-US","@id":"https:\/\/reklameskolen.devz.no\/ungdomsskole\/nn\/#\/schema\/logo\/image\/","url":"https:\/\/reklameskolen.devz.no\/wp-content\/uploads\/2023\/08\/Reklameskolen-Logo-01.png","contentUrl":"https:\/\/reklameskolen.devz.no\/wp-content\/uploads\/2023\/08\/Reklameskolen-Logo-01.png","caption":"Ungdomskole Nynorsk"},"image":{"@id":"https:\/\/reklameskolen.devz.no\/ungdomsskole\/nn\/#\/schema\/logo\/image\/"}}]}},"_links":{"self":[{"href":"https:\/\/reklameskolen.devz.no\/ungdomsskole\/nn\/wp-json\/wp\/v2\/pages\/166","targetHints":{"allow":["GET"]}}],"collection":[{"href":"https:\/\/reklameskolen.devz.no\/ungdomsskole\/nn\/wp-json\/wp\/v2\/pages"}],"about":[{"href":"https:\/\/reklameskolen.devz.no\/ungdomsskole\/nn\/wp-json\/wp\/v2\/types\/page"}],"author":[{"embeddable":true,"href":"https:\/\/reklameskolen.devz.no\/ungdomsskole\/nn\/wp-json\/wp\/v2\/users\/1"}],"replies":[{"embeddable":true,"href":"https:\/\/reklameskolen.devz.no\/ungdomsskole\/nn\/wp-json\/wp\/v2\/comments?post=166"}],"version-history":[{"count":68,"href":"https:\/\/reklameskolen.devz.no\/ungdomsskole\/nn\/wp-json\/wp\/v2\/pages\/166\/revisions"}],"predecessor-version":[{"id":3944,"href":"https:\/\/reklameskolen.devz.no\/ungdomsskole\/nn\/wp-json\/wp\/v2\/pages\/166\/revisions\/3944"}],"up":[{"embeddable":true,"href":"https:\/\/reklameskolen.devz.no\/ungdomsskole\/nn\/wp-json\/wp\/v2\/pages\/1087"}],"wp:attachment":[{"href":"https:\/\/reklameskolen.devz.no\/ungdomsskole\/nn\/wp-json\/wp\/v2\/media?parent=166"}],"curies":[{"name":"wp","href":"https:\/\/api.w.org\/{rel}","templated":true}]}}