{"id":167,"date":"2021-12-09T08:58:10","date_gmt":"2021-12-09T07:58:10","guid":{"rendered":"https:\/\/reklameskolen.devz.no\/?page_id=167"},"modified":"2024-10-03T14:49:01","modified_gmt":"2024-10-03T12:49:01","slug":"baerekraft","status":"publish","type":"page","link":"https:\/\/reklameskolen.devz.no\/ungdomsskole\/nn\/metoder-medier-og-miljo\/baerekraft\/","title":{"rendered":"Klima og milj\u00f8"},"content":{"rendered":"\n<figure class=\"wp-block-gallery has-nested-images columns-default is-cropped wp-block-gallery-1 is-layout-flex wp-block-gallery-is-layout-flex\">\n<figure class=\"wp-block-image size-large\"><img decoding=\"async\" data-id=\"5079\" src=\"https:\/\/reklameskolen.devz.no\/wp-content\/uploads\/2024\/10\/forbrukertilsynet-etikk_baerekraft19-1024x256.jpg\" alt=\"Fotografi av fire blomsterpotter med spirende gr\u00f8nne planter.\" class=\"wp-image-5079\"\/><\/figure>\n<\/figure>\n\n\n\n<h1 class=\"wp-block-heading\" id=\"baerekraft\">Klima og milj\u00f8<\/h1>\n\n\n\n<p>For \u00e5 selje deg ting, fokuserer seljarane p\u00e5 det dei trur du er oppteken av. Mange er i dag oppteken av klima og milj\u00f8. I reklame er det derfor blitt vanleg at produkt blir kalla milj\u00f8vennlege, gr\u00f8ne, berekraftige, kliman\u00f8ytrale og liknande.<\/p>\n\n\n\n<p>Ein reklame kan \u00f2g gi inntrykk av at eit produkt er milj\u00f8vennlege sj\u00f8lv om det ikkje blir sagt med ord. Det kan for eksempel vere at fargebruk, symbol, lydar eller bilde gjer at produktet st\u00e5r fram som milj\u00f8vennleg. Men sj\u00f8lv om eit produkt blir marknadsf\u00f8rt som milj\u00f8vennleg, betyr ikkje det at produktet faktisk er milj\u00f8vennleg.<\/p>\n\n\n\n<p>Grunnen til at produkt blir marknadsf\u00f8rt som milj\u00f8vennlege vil ofte vere at ein mindre del av produktet er bra for milj\u00f8et. Ein genser kan for eksempel innehalde resirkulert plast. Sj\u00f8lv om resirkulert plast kanskje er betre for milj\u00f8et enn ny plast, betyr det ikkje at plast er bra for milj\u00f8et. Sj\u00f8lv om det st\u00e5r at noko er milj\u00f8vennleg eller kliman\u00f8ytralt, er det alts\u00e5 ikkje alltid riktig.<\/p>\n\n\n\n<p>Enkelte produkt er faktiske s\u00e5 skadelege for milj\u00f8et at dei per i dag aldri vil kunne vere milj\u00f8vennlege. Ein t- skjorte i organisk bomull kan vere betre enn ein t-skjorte i vanleg bomull, men gjer ikkje at t-skjorta er milj\u00f8vennleg. D\u00e5 kan det vere ulovleg dersom marknadsf\u00f8ringa likevel gir eit slikt inntrykk.<\/p>\n\n\n\n<p>For at eit produkt skal kunne kallast milj\u00f8vennleg m\u00e5 det vere milj\u00f8vennleg i heile levetida si, fr\u00e5 det blir produsert til det blir kasta.<\/p>\n\n\n\n<p>Nokre gongar st\u00e5r det at noko er milj\u00f8vennleg utan at det st\u00e5r kvifor. Dette gjer det vanskeleg for deg \u00e5 vite om det er sant at det du skal kj\u00f8pe er milj\u00f8vennleg. Viss reklamen p\u00e5st\u00e5r at eit produkt er milj\u00f8vennleg, b\u00f8r det derfor alltid vere ei forklaring p\u00e5 kvifor produktet er bra for milj\u00f8et. Denne forklaringa b\u00f8r alltid st\u00e5 rett ved milj\u00f8p\u00e5standen, slik at det blir enkelt for deg \u00e5 vite grunnen til at produktet blir kalla milj\u00f8vennleg.<\/p>\n\n\n\n<div style=\"height:70px\" aria-hidden=\"true\" class=\"wp-block-spacer\"><\/div>\n\n\n\n<div class=\"wp-block-group is-style-questions is-layout-flow wp-block-group-is-layout-flow\">\n<h2 class=\"wp-block-heading\" id=\"tittel-for-oppgave-1\">Ord om milj\u00f8<\/h2>\n\n\n\n<p>Klarer du \u00e5 finne fram til typiske ord som blir brukte i marknadsf\u00f8ring for \u00e5 vise at eit produkt eller ei teneste er berekraftig? Orda du skal fram til finnar du i lista ved sida av oppg\u00e5va. N\u00e5r du har funne ordet markerer du dette ved \u00e5 trykkje p\u00e5 den f\u00f8rste bokstaven og dra muskepekeren over resten av bokstavane. Orda kan vere skrive loddrett, vassrett, p\u00e5 tvers og baklengs. <\/p>\n\n\n<div class=\"h5p-iframe-wrapper\"><iframe id=\"h5p-iframe-56\" class=\"h5p-iframe\" data-content-id=\"56\" style=\"height:1px\" src=\"about:blank\" frameBorder=\"0\" scrolling=\"no\" title=\"Nynorsk \u2013 Klima- og milj\u00f8p\u00e5standar i reklame\"><\/iframe><\/div>\n<\/div>\n\n\n\n<div style=\"height:30px\" aria-hidden=\"true\" class=\"wp-block-spacer\"><\/div>\n\n\n\n<h2 class=\"wp-block-heading\" id=\"merkeordninger\">Merkeordningar<\/h2>\n\n\n\n<p>Nokre gongar blir brukt symbol for \u00e5 vise at eit produkt er meir milj\u00f8vennleg enn liknande produkt. Du har kanskje sett svanemerket? Kanskje p\u00e5 dopapir eller enkelte s\u00e5per? Slike symbol er ofte merkeordningar. Nokon slike merkeordningar er til \u00e5 stole p\u00e5, andre ikkje. Svanemerket er offentleg godkjent, s\u00e5 det kan ein stole p\u00e5. Dette merket kan berre brukast p\u00e5 produkt som oppfyller strenge milj\u00f8krav som blir kontrollerte av ekspertar.<\/p>\n\n\n\n<p>Det finst \u00f2g merkeordningar som bransjane sj\u00f8lv har funne opp, og som ikkje stiller like strenge milj\u00f8krav. Desse kan ein ikkje alltid stole p\u00e5. Dersom det blir nytta merkeordningar, skal du som forbruker uansett kunne finne meir informasjon om merkeordninga og kva han betyr. Viss ikkje, kan du fort bli lurt.<\/p>\n\n\n\n<p><\/p>\n\n\n\n<div style=\"height:70px\" aria-hidden=\"true\" class=\"wp-block-spacer\"><\/div>\n\n\n\n<div class=\"wp-block-group is-style-questions is-layout-flow wp-block-group-is-layout-flow\">\n<h2 class=\"wp-block-heading\" id=\"tittel-for-oppgave-2\">Merkeordningar<\/h2>\n\n\n\n<p class=\"has-medium-font-size\">Klikk og dra merkeforklaringa til riktig logo<\/p>\n\n\n<div class=\"h5p-iframe-wrapper\"><iframe id=\"h5p-iframe-60\" class=\"h5p-iframe\" data-content-id=\"60\" style=\"height:1px\" src=\"about:blank\" frameBorder=\"0\" scrolling=\"no\" title=\"Kva tyder merka? Trekk dei gr\u00e5 boksane med forklaring til rett merke.\"><\/iframe><\/div>\n<\/div>\n\n\n\n<div style=\"height:100px\" aria-hidden=\"true\" class=\"wp-block-spacer\"><\/div>\n\n\n\n<div class=\"wp-block-group alignfull has-palette-color-4-background-color has-background is-layout-flow wp-block-group-is-layout-flow\">\n<div class=\"wp-block-columns is-layout-flex wp-container-core-columns-is-layout-28f84493 wp-block-columns-is-layout-flex\">\n<div class=\"wp-block-column is-layout-flow wp-block-column-is-layout-flow\">\n<div class=\"wp-block-buttons is-layout-flex wp-block-buttons-is-layout-flex\">\n<div class=\"wp-block-button\"><a class=\"wp-block-button__link wp-element-button\" href=\"https:\/\/reklameskolen.devz.no\/ungdomsskole\/nn\/reklame-i-spill\/\">Tilbake til &#8220;Reklame i spel&#8221;<\/a><\/div>\n<\/div>\n<\/div>\n\n\n\n<div class=\"wp-block-column is-layout-flow wp-block-column-is-layout-flow\">\n<div class=\"wp-block-buttons is-horizontal is-content-justification-right is-layout-flex wp-container-core-buttons-is-layout-30af2ff6 wp-block-buttons-is-layout-flex\">\n<div class=\"wp-block-button\"><a class=\"wp-block-button__link wp-element-button\" href=\"https:\/\/reklameskolen.devz.no\/ungdomsskole\/nn\/andre-temaer\/\">Vidare til &#8220;Del 3&#8221;<\/a><\/div>\n<\/div>\n<\/div>\n<\/div>\n<\/div>\n","protected":false},"excerpt":{"rendered":"<p>Klima og milj\u00f8 For \u00e5 selje deg ting, fokuserer seljarane p\u00e5 det dei trur du er oppteken av. Mange er i dag oppteken av klima og milj\u00f8. I reklame er det derfor blitt vanleg at produkt blir kalla milj\u00f8vennlege, gr\u00f8ne, berekraftige, kliman\u00f8ytrale og liknande. Ein reklame kan \u00f2g gi inntrykk av at eit produkt er [&hellip;]<\/p>\n","protected":false},"author":1,"featured_media":0,"parent":109,"menu_order":5,"comment_status":"closed","ping_status":"closed","template":"","meta":{"_acf_changed":false,"editor_notices":[],"footnotes":""},"class_list":["post-167","page","type-page","status-publish","hentry"],"blocksy_meta":{"styles_descriptor":{"styles":{"desktop":"","tablet":"","mobile":""},"google_fonts":[],"version":6}},"acf":[],"yoast_head":"<!-- This site is optimized with the Yoast SEO plugin v25.9 - https:\/\/yoast.com\/wordpress\/plugins\/seo\/ -->\n<title>Klima og milj\u00f8 - Ungdomskole Nynorsk<\/title>\n<meta name=\"robots\" content=\"index, follow, max-snippet:-1, max-image-preview:large, max-video-preview:-1\" \/>\n<link rel=\"canonical\" href=\"https:\/\/reklameskolen.devz.no\/ungdomsskole\/nn\/metoder-medier-og-miljo\/baerekraft\/\" \/>\n<meta property=\"og:locale\" content=\"en_US\" \/>\n<meta property=\"og:type\" content=\"article\" \/>\n<meta property=\"og:title\" content=\"Klima og milj\u00f8 - Ungdomskole Nynorsk\" \/>\n<meta property=\"og:description\" content=\"Klima og milj\u00f8 For \u00e5 selje deg ting, fokuserer seljarane p\u00e5 det dei trur du er oppteken av. Mange er i dag oppteken av klima og milj\u00f8. I reklame er det derfor blitt vanleg at produkt blir kalla milj\u00f8vennlege, gr\u00f8ne, berekraftige, kliman\u00f8ytrale og liknande. Ein reklame kan \u00f2g gi inntrykk av at eit produkt er [&hellip;]\" \/>\n<meta property=\"og:url\" content=\"https:\/\/reklameskolen.devz.no\/ungdomsskole\/nn\/metoder-medier-og-miljo\/baerekraft\/\" \/>\n<meta property=\"og:site_name\" content=\"Ungdomskole Nynorsk\" \/>\n<meta property=\"article:modified_time\" content=\"2024-10-03T12:49:01+00:00\" \/>\n<meta name=\"twitter:card\" content=\"summary_large_image\" \/>\n<meta name=\"twitter:label1\" content=\"Est. reading time\" \/>\n\t<meta name=\"twitter:data1\" content=\"3 minutes\" \/>\n<script type=\"application\/ld+json\" class=\"yoast-schema-graph\">{\"@context\":\"https:\/\/schema.org\",\"@graph\":[{\"@type\":\"WebPage\",\"@id\":\"https:\/\/reklameskolen.devz.no\/ungdomsskole\/nn\/metoder-medier-og-miljo\/baerekraft\/\",\"url\":\"https:\/\/reklameskolen.devz.no\/ungdomsskole\/nn\/metoder-medier-og-miljo\/baerekraft\/\",\"name\":\"Klima og milj\u00f8 - Ungdomskole Nynorsk\",\"isPartOf\":{\"@id\":\"https:\/\/reklameskolen.devz.no\/ungdomsskole\/nn\/#website\"},\"primaryImageOfPage\":{\"@id\":\"https:\/\/reklameskolen.devz.no\/ungdomsskole\/nn\/metoder-medier-og-miljo\/baerekraft\/#primaryimage\"},\"image\":{\"@id\":\"https:\/\/reklameskolen.devz.no\/ungdomsskole\/nn\/metoder-medier-og-miljo\/baerekraft\/#primaryimage\"},\"thumbnailUrl\":\"https:\/\/reklameskolen.devz.no\/wp-content\/uploads\/2024\/10\/forbrukertilsynet-etikk_baerekraft19-1024x256.jpg\",\"datePublished\":\"2021-12-09T07:58:10+00:00\",\"dateModified\":\"2024-10-03T12:49:01+00:00\",\"breadcrumb\":{\"@id\":\"https:\/\/reklameskolen.devz.no\/ungdomsskole\/nn\/metoder-medier-og-miljo\/baerekraft\/#breadcrumb\"},\"inLanguage\":\"en-US\",\"potentialAction\":[{\"@type\":\"ReadAction\",\"target\":[\"https:\/\/reklameskolen.devz.no\/ungdomsskole\/nn\/metoder-medier-og-miljo\/baerekraft\/\"]}]},{\"@type\":\"ImageObject\",\"inLanguage\":\"en-US\",\"@id\":\"https:\/\/reklameskolen.devz.no\/ungdomsskole\/nn\/metoder-medier-og-miljo\/baerekraft\/#primaryimage\",\"url\":\"https:\/\/reklameskolen.devz.no\/wp-content\/uploads\/2024\/10\/forbrukertilsynet-etikk_baerekraft19-1024x256.jpg\",\"contentUrl\":\"https:\/\/reklameskolen.devz.no\/wp-content\/uploads\/2024\/10\/forbrukertilsynet-etikk_baerekraft19-1024x256.jpg\"},{\"@type\":\"BreadcrumbList\",\"@id\":\"https:\/\/reklameskolen.devz.no\/ungdomsskole\/nn\/metoder-medier-og-miljo\/baerekraft\/#breadcrumb\",\"itemListElement\":[{\"@type\":\"ListItem\",\"position\":1,\"name\":\"Home\",\"item\":\"https:\/\/reklameskolen.devz.no\/ungdomsskole\/nn\/\"},{\"@type\":\"ListItem\",\"position\":2,\"name\":\"Metodar, medium og milj\u00f8\",\"item\":\"https:\/\/reklameskolen.devz.no\/ungdomsskole\/nn\/metoder-medier-og-miljo\/\"},{\"@type\":\"ListItem\",\"position\":3,\"name\":\"Klima og milj\u00f8\"}]},{\"@type\":\"WebSite\",\"@id\":\"https:\/\/reklameskolen.devz.no\/ungdomsskole\/nn\/#website\",\"url\":\"https:\/\/reklameskolen.devz.no\/ungdomsskole\/nn\/\",\"name\":\"Ungdomskole Nynorsk\",\"description\":\"Oppl\u00e6ringsverkt\u00f8y om reklame\",\"publisher\":{\"@id\":\"https:\/\/reklameskolen.devz.no\/ungdomsskole\/nn\/#organization\"},\"potentialAction\":[{\"@type\":\"SearchAction\",\"target\":{\"@type\":\"EntryPoint\",\"urlTemplate\":\"https:\/\/reklameskolen.devz.no\/ungdomsskole\/nn\/?s={search_term_string}\"},\"query-input\":{\"@type\":\"PropertyValueSpecification\",\"valueRequired\":true,\"valueName\":\"search_term_string\"}}],\"inLanguage\":\"en-US\"},{\"@type\":\"Organization\",\"@id\":\"https:\/\/reklameskolen.devz.no\/ungdomsskole\/nn\/#organization\",\"name\":\"Ungdomskole Nynorsk\",\"url\":\"https:\/\/reklameskolen.devz.no\/ungdomsskole\/nn\/\",\"logo\":{\"@type\":\"ImageObject\",\"inLanguage\":\"en-US\",\"@id\":\"https:\/\/reklameskolen.devz.no\/ungdomsskole\/nn\/#\/schema\/logo\/image\/\",\"url\":\"https:\/\/reklameskolen.devz.no\/wp-content\/uploads\/2023\/08\/Reklameskolen-Logo-01.png\",\"contentUrl\":\"https:\/\/reklameskolen.devz.no\/wp-content\/uploads\/2023\/08\/Reklameskolen-Logo-01.png\",\"caption\":\"Ungdomskole Nynorsk\"},\"image\":{\"@id\":\"https:\/\/reklameskolen.devz.no\/ungdomsskole\/nn\/#\/schema\/logo\/image\/\"}}]}<\/script>\n<!-- \/ Yoast SEO plugin. -->","yoast_head_json":{"title":"Klima og milj\u00f8 - Ungdomskole Nynorsk","robots":{"index":"index","follow":"follow","max-snippet":"max-snippet:-1","max-image-preview":"max-image-preview:large","max-video-preview":"max-video-preview:-1"},"canonical":"https:\/\/reklameskolen.devz.no\/ungdomsskole\/nn\/metoder-medier-og-miljo\/baerekraft\/","og_locale":"en_US","og_type":"article","og_title":"Klima og milj\u00f8 - Ungdomskole Nynorsk","og_description":"Klima og milj\u00f8 For \u00e5 selje deg ting, fokuserer seljarane p\u00e5 det dei trur du er oppteken av. Mange er i dag oppteken av klima og milj\u00f8. I reklame er det derfor blitt vanleg at produkt blir kalla milj\u00f8vennlege, gr\u00f8ne, berekraftige, kliman\u00f8ytrale og liknande. Ein reklame kan \u00f2g gi inntrykk av at eit produkt er [&hellip;]","og_url":"https:\/\/reklameskolen.devz.no\/ungdomsskole\/nn\/metoder-medier-og-miljo\/baerekraft\/","og_site_name":"Ungdomskole Nynorsk","article_modified_time":"2024-10-03T12:49:01+00:00","twitter_card":"summary_large_image","twitter_misc":{"Est. reading time":"3 minutes"},"schema":{"@context":"https:\/\/schema.org","@graph":[{"@type":"WebPage","@id":"https:\/\/reklameskolen.devz.no\/ungdomsskole\/nn\/metoder-medier-og-miljo\/baerekraft\/","url":"https:\/\/reklameskolen.devz.no\/ungdomsskole\/nn\/metoder-medier-og-miljo\/baerekraft\/","name":"Klima og milj\u00f8 - Ungdomskole Nynorsk","isPartOf":{"@id":"https:\/\/reklameskolen.devz.no\/ungdomsskole\/nn\/#website"},"primaryImageOfPage":{"@id":"https:\/\/reklameskolen.devz.no\/ungdomsskole\/nn\/metoder-medier-og-miljo\/baerekraft\/#primaryimage"},"image":{"@id":"https:\/\/reklameskolen.devz.no\/ungdomsskole\/nn\/metoder-medier-og-miljo\/baerekraft\/#primaryimage"},"thumbnailUrl":"https:\/\/reklameskolen.devz.no\/wp-content\/uploads\/2024\/10\/forbrukertilsynet-etikk_baerekraft19-1024x256.jpg","datePublished":"2021-12-09T07:58:10+00:00","dateModified":"2024-10-03T12:49:01+00:00","breadcrumb":{"@id":"https:\/\/reklameskolen.devz.no\/ungdomsskole\/nn\/metoder-medier-og-miljo\/baerekraft\/#breadcrumb"},"inLanguage":"en-US","potentialAction":[{"@type":"ReadAction","target":["https:\/\/reklameskolen.devz.no\/ungdomsskole\/nn\/metoder-medier-og-miljo\/baerekraft\/"]}]},{"@type":"ImageObject","inLanguage":"en-US","@id":"https:\/\/reklameskolen.devz.no\/ungdomsskole\/nn\/metoder-medier-og-miljo\/baerekraft\/#primaryimage","url":"https:\/\/reklameskolen.devz.no\/wp-content\/uploads\/2024\/10\/forbrukertilsynet-etikk_baerekraft19-1024x256.jpg","contentUrl":"https:\/\/reklameskolen.devz.no\/wp-content\/uploads\/2024\/10\/forbrukertilsynet-etikk_baerekraft19-1024x256.jpg"},{"@type":"BreadcrumbList","@id":"https:\/\/reklameskolen.devz.no\/ungdomsskole\/nn\/metoder-medier-og-miljo\/baerekraft\/#breadcrumb","itemListElement":[{"@type":"ListItem","position":1,"name":"Home","item":"https:\/\/reklameskolen.devz.no\/ungdomsskole\/nn\/"},{"@type":"ListItem","position":2,"name":"Metodar, medium og milj\u00f8","item":"https:\/\/reklameskolen.devz.no\/ungdomsskole\/nn\/metoder-medier-og-miljo\/"},{"@type":"ListItem","position":3,"name":"Klima og milj\u00f8"}]},{"@type":"WebSite","@id":"https:\/\/reklameskolen.devz.no\/ungdomsskole\/nn\/#website","url":"https:\/\/reklameskolen.devz.no\/ungdomsskole\/nn\/","name":"Ungdomskole Nynorsk","description":"Oppl\u00e6ringsverkt\u00f8y om reklame","publisher":{"@id":"https:\/\/reklameskolen.devz.no\/ungdomsskole\/nn\/#organization"},"potentialAction":[{"@type":"SearchAction","target":{"@type":"EntryPoint","urlTemplate":"https:\/\/reklameskolen.devz.no\/ungdomsskole\/nn\/?s={search_term_string}"},"query-input":{"@type":"PropertyValueSpecification","valueRequired":true,"valueName":"search_term_string"}}],"inLanguage":"en-US"},{"@type":"Organization","@id":"https:\/\/reklameskolen.devz.no\/ungdomsskole\/nn\/#organization","name":"Ungdomskole Nynorsk","url":"https:\/\/reklameskolen.devz.no\/ungdomsskole\/nn\/","logo":{"@type":"ImageObject","inLanguage":"en-US","@id":"https:\/\/reklameskolen.devz.no\/ungdomsskole\/nn\/#\/schema\/logo\/image\/","url":"https:\/\/reklameskolen.devz.no\/wp-content\/uploads\/2023\/08\/Reklameskolen-Logo-01.png","contentUrl":"https:\/\/reklameskolen.devz.no\/wp-content\/uploads\/2023\/08\/Reklameskolen-Logo-01.png","caption":"Ungdomskole Nynorsk"},"image":{"@id":"https:\/\/reklameskolen.devz.no\/ungdomsskole\/nn\/#\/schema\/logo\/image\/"}}]}},"_links":{"self":[{"href":"https:\/\/reklameskolen.devz.no\/ungdomsskole\/nn\/wp-json\/wp\/v2\/pages\/167","targetHints":{"allow":["GET"]}}],"collection":[{"href":"https:\/\/reklameskolen.devz.no\/ungdomsskole\/nn\/wp-json\/wp\/v2\/pages"}],"about":[{"href":"https:\/\/reklameskolen.devz.no\/ungdomsskole\/nn\/wp-json\/wp\/v2\/types\/page"}],"author":[{"embeddable":true,"href":"https:\/\/reklameskolen.devz.no\/ungdomsskole\/nn\/wp-json\/wp\/v2\/users\/1"}],"replies":[{"embeddable":true,"href":"https:\/\/reklameskolen.devz.no\/ungdomsskole\/nn\/wp-json\/wp\/v2\/comments?post=167"}],"version-history":[{"count":45,"href":"https:\/\/reklameskolen.devz.no\/ungdomsskole\/nn\/wp-json\/wp\/v2\/pages\/167\/revisions"}],"predecessor-version":[{"id":3952,"href":"https:\/\/reklameskolen.devz.no\/ungdomsskole\/nn\/wp-json\/wp\/v2\/pages\/167\/revisions\/3952"}],"up":[{"embeddable":true,"href":"https:\/\/reklameskolen.devz.no\/ungdomsskole\/nn\/wp-json\/wp\/v2\/pages\/109"}],"wp:attachment":[{"href":"https:\/\/reklameskolen.devz.no\/ungdomsskole\/nn\/wp-json\/wp\/v2\/media?parent=167"}],"curies":[{"name":"wp","href":"https:\/\/api.w.org\/{rel}","templated":true}]}}