{"id":171,"date":"2021-12-09T08:58:11","date_gmt":"2021-12-09T07:58:11","guid":{"rendered":"https:\/\/reklameskolen.devz.no\/?page_id=171"},"modified":"2024-08-20T13:45:21","modified_gmt":"2024-08-20T11:45:21","slug":"direktemarkedsforing","status":"publish","type":"page","link":"https:\/\/reklameskolen.devz.no\/ungdomsskole\/nn\/andre-temaer\/direktemarkedsforing\/","title":{"rendered":"Reklame rett heim"},"content":{"rendered":"\n<h2 class=\"wp-block-heading\" id=\"direktemarkedsforing-telefonsalg-reklame-i-posten-e-post-og-sms\">Reklame rett heim<\/h2>\n\n\n\n<p>Du har kanskje henta posten heime og oppdaga at postkassa er full av reklame, eller opplevd at det har ringt telefonseljarar til foreldra dine. Denne type marknadsf\u00f8ring blir kalla \u00abdirektemarknadsf\u00f8ring\u00bb. Det vil seie at seljarar tek direkte kontakt med s\u00e5 mange som mogleg for \u00e5 fors\u00f8kje \u00e5 selje varene sine. Dette kan for eksempel gjerast via telefonsal, reklame i postkassa eller at dei sender deg ein e-post eller SMS med ulike tilbod. <\/p>\n\n\n\n<p>Det er strenge reglar for n\u00e5r og korleis seljarar kan ta kontakt med deg. Du har \u00f2g moglegheit til \u00e5 reservere deg mot slik reklame. <\/p>\n\n\n\n<div style=\"height:42px\" aria-hidden=\"true\" class=\"wp-block-spacer\"><\/div>\n\n\n\n<h3 class=\"wp-block-heading has-medium-font-size\" id=\"telefonsalg-1\" style=\"font-style:normal;font-weight:700;text-transform:capitalize\"><strong>Telefonsal<\/strong><\/h3>\n\n\n\n<div class=\"wp-block-columns is-layout-flex wp-container-core-columns-is-layout-28f84493 wp-block-columns-is-layout-flex\">\n<div class=\"wp-block-column is-layout-flow wp-block-column-is-layout-flow\" style=\"flex-basis:33.33%\">\n<figure class=\"wp-block-image size-large is-resized\"><img loading=\"lazy\" decoding=\"async\" src=\"https:\/\/reklameskolen.devz.no\/wp-content\/uploads\/sites\/8\/2022\/02\/patricia-zavala-DAA6PTVYKz4-unsplash-1024x757.jpg\" alt=\"N\u00e6rbilde av en ung kvinne med m\u00f8rkt h\u00e5r som snakker i en mobiltelefon.\" class=\"wp-image-874\" width=\"416\" height=\"307\" srcset=\"https:\/\/reklameskolen.devz.no\/ungdomsskole\/nn\/files\/2022\/02\/patricia-zavala-DAA6PTVYKz4-unsplash-1024x757.jpg 1024w, https:\/\/reklameskolen.devz.no\/ungdomsskole\/nn\/files\/2022\/02\/patricia-zavala-DAA6PTVYKz4-unsplash-300x222.jpg 300w, https:\/\/reklameskolen.devz.no\/ungdomsskole\/nn\/files\/2022\/02\/patricia-zavala-DAA6PTVYKz4-unsplash-768x567.jpg 768w, https:\/\/reklameskolen.devz.no\/ungdomsskole\/nn\/files\/2022\/02\/patricia-zavala-DAA6PTVYKz4-unsplash-1536x1135.jpg 1536w, https:\/\/reklameskolen.devz.no\/ungdomsskole\/nn\/files\/2022\/02\/patricia-zavala-DAA6PTVYKz4-unsplash-2048x1513.jpg 2048w, https:\/\/reklameskolen.devz.no\/ungdomsskole\/nn\/files\/2022\/02\/patricia-zavala-DAA6PTVYKz4-unsplash-150x111.jpg 150w\" sizes=\"auto, (max-width: 416px) 100vw, 416px\" \/><figcaption class=\"wp-element-caption\">Foto: Patricia Zavala\/unsplash<\/figcaption><\/figure>\n\n\n\n<div class=\"wp-block-group is-style-tableofcontent is-layout-flow wp-block-group-is-layout-flow\">\n<p><\/p>\n<\/div>\n<\/div>\n\n\n\n<div class=\"wp-block-column is-layout-flow wp-block-column-is-layout-flow\" style=\"flex-basis:66.66%\">\n<p>Du hugsar kanskje forbodet mot direkte kj\u00f8psoppfordringar til mindre\u00e5rige? Dette er heller ikkje tillate over telefon. Telefonseljarar skal derfor ikkje ringe til deg under 18 \u00e5r for \u00e5 f\u00e5 deg til \u00e5 kj\u00f8pe produkt eller tenester. Forbrukarar som vil unng\u00e5 \u00e5 bli ringt opp av telefonseljarar kan reservere seg mot dette i noko som heiter Reservasjonsregisteret.<\/p>\n\n\n\n<p>Telefonseljarar har ikkje lov til \u00e5 ringe forbrukarar som har reservert seg i Reservasjonsregisteret. Ein n\u00e6ringsdrivande har likevel lov til \u00e5 ringe forbrukarar som har bedt om \u00e5 bli ringt opp eller som dei har eit kundeforhold til. &nbsp;<br>&nbsp;<br>Det er \u00f2g mogleg \u00e5 reservere seg direkte hos seljaren som tek kontakt<\/p>\n<\/div>\n<\/div>\n\n\n\n<div style=\"height:48px\" aria-hidden=\"true\" class=\"wp-block-spacer\"><\/div>\n\n\n\n<h2 class=\"wp-block-heading has-medium-font-size\" id=\"reklame-i-postkassa\"><strong>Uadressert reklame<\/strong><\/h2>\n\n\n\n<div class=\"wp-block-columns is-layout-flex wp-container-core-columns-is-layout-28f84493 wp-block-columns-is-layout-flex\">\n<div class=\"wp-block-column is-layout-flow wp-block-column-is-layout-flow\">\n<p>Vi skil mellom to ulike typar reklame som blir sendt i posten. &nbsp;<br>&nbsp;<br>Det eine er <em>uadressert reklame<\/em>, for eksempel reklame fr\u00e5 matbutikken eller andre liknande butikkar. Dette er reklame som blir levert ut til alle postkasser i eit bestemt omr\u00e5de, og som ikkje er adressert til nokon spesielle. &nbsp;&nbsp;<\/p>\n\n\n\n<p>Dersom ein ikkje \u00f8nsker \u00e5 ta imot slik reklame, kan ein klistre ein lapp p\u00e5 postkassa kor det st\u00e5r \u00abNei takk til reklame\u00bb. Det er mogleg \u00e5 bruke b\u00e5de heimelaga lappar og ferdiglaga lappar. Dei som leverer ut reklamen m\u00e5 d\u00e5 respektere dette. Dersom ein likevel mottek slik reklame, trass i lappen, kan ein ta direkte kontakt med dei som leverer reklamen.<\/p>\n\n\n\n<h2 class=\"wp-block-heading has-medium-font-size\"><strong>Adressert reklame<\/strong><\/h2>\n\n\n\n<p>Den andre typen reklame som blir sendt i posten er det som ofte blir kalla <em>adressert reklame<\/em>. Slik reklame kan sj\u00e5 ut som eit vanleg brev som er sendt til deg med namnet ditt og adressa di, eller det kan vere reklamekatalogar som er sende til deg i namnet ditt. &nbsp;<\/p>\n\n\n\n<p>Sidan postbodet ikkje kan vite om brevet inneheld reklame, eller om du har bestilt katalogen, vil ikkje merket \u00abNei takk til reklame\u00bb hjelpe mot dette. For \u00e5 unng\u00e5 \u00e5 ta imot adressert reklame, m\u00e5 ein reservere seg mot dette hos Reservasjonsregisteret. <br>&nbsp;<br>Sj\u00f8lv om ein har reservert seg mot adressert reklame i Reservasjonsregisteret har ein n\u00e6ringsdrivande likevel lov til \u00e5 sende reklame dersom ein har eit kundeforhold til den n\u00e6ringsdrivande. &nbsp;<br>&nbsp;<br>Det er \u00f2g mogleg \u00e5 reservere seg direkte hos han som sender ut slik reklame.<\/p>\n<\/div>\n\n\n\n<div class=\"wp-block-column is-layout-flow wp-block-column-is-layout-flow\">\n<figure class=\"wp-block-image size-large\"><img loading=\"lazy\" decoding=\"async\" width=\"890\" height=\"1024\" src=\"https:\/\/reklameskolen.devz.no\/wp-content\/uploads\/sites\/8\/2022\/02\/jac-alexandru-L0Wdk52FAmM-unsplash-890x1024.jpg\" alt=\"Foto av en vegg med mange postkasser.\" class=\"wp-image-876\" srcset=\"https:\/\/reklameskolen.devz.no\/ungdomsskole\/nn\/files\/2022\/02\/jac-alexandru-L0Wdk52FAmM-unsplash-890x1024.jpg 890w, https:\/\/reklameskolen.devz.no\/ungdomsskole\/nn\/files\/2022\/02\/jac-alexandru-L0Wdk52FAmM-unsplash-261x300.jpg 261w, https:\/\/reklameskolen.devz.no\/ungdomsskole\/nn\/files\/2022\/02\/jac-alexandru-L0Wdk52FAmM-unsplash-768x883.jpg 768w, https:\/\/reklameskolen.devz.no\/ungdomsskole\/nn\/files\/2022\/02\/jac-alexandru-L0Wdk52FAmM-unsplash-1335x1536.jpg 1335w, https:\/\/reklameskolen.devz.no\/ungdomsskole\/nn\/files\/2022\/02\/jac-alexandru-L0Wdk52FAmM-unsplash-1780x2048.jpg 1780w, https:\/\/reklameskolen.devz.no\/ungdomsskole\/nn\/files\/2022\/02\/jac-alexandru-L0Wdk52FAmM-unsplash-150x173.jpg 150w\" sizes=\"auto, (max-width: 890px) 100vw, 890px\" \/><figcaption class=\"wp-element-caption\">Foto: Jac Alexandru\/Unsplash<\/figcaption><\/figure>\n<\/div>\n<\/div>\n\n\n\n<div style=\"height:100px\" aria-hidden=\"true\" class=\"wp-block-spacer\"><\/div>\n\n\n\n<h2 class=\"wp-block-heading has-medium-font-size\" id=\"e-post-og-sms\"><strong>E-post og SMS<\/strong><\/h2>\n\n\n\n<div class=\"wp-block-group is-layout-flow wp-block-group-is-layout-flow\">\n<div class=\"wp-block-columns is-layout-flex wp-container-core-columns-is-layout-28f84493 wp-block-columns-is-layout-flex\">\n<div class=\"wp-block-column is-layout-flow wp-block-column-is-layout-flow\" style=\"flex-basis:66.66%\">\n<p>Ein n\u00e6ringsdrivande har ikkje lov til \u00e5 sende deg reklame p\u00e5 e-post eller SMS utan at du p\u00e5 f\u00f8rehand har godteke \u00e5 ta imot slik reklame.  Er du under 15 \u00e5r, er det foreldra dine som m\u00e5 godta at du skal ta imot reklame p\u00e5 e-post og SMS. <\/p>\n\n\n\n<p>Dersom du allereie har kj\u00f8pt varer fr\u00e5 den n\u00e6ringsdrivande tidlegare, kan seljaren i enkelte tilfelle likevel sende deg reklame p\u00e5 SMS og e-post. Du skal likevel ha f\u00e5tt beskjed om at seljaren vil sende deg slik reklame, og du skal ha f\u00e5tt moglegheit til \u00e5 seie nei til reklamen. &nbsp;<\/p>\n\n\n\n<p id=\"e-post-og-sms-1\">&nbsp;<\/p>\n<\/div>\n\n\n\n<div class=\"wp-block-column is-layout-flow wp-block-column-is-layout-flow\" style=\"flex-basis:33.33%\">\n<figure class=\"wp-block-image size-large\"><img decoding=\"async\" src=\"https:\/\/reklameskolen.devz.no\/nn\/wp-content\/uploads\/2022\/04\/SMS-IDa-1024x561.png\" alt=\"Illustrasjonen viser en tekstmelding hvor det st\u00e5r &quot;SLUTTSALG i butikk! N\u00e5 50% p\u00e5 ALT! Gjelder kun i butikk! Kan ikke kombineres med andre tilbud.&quot;\" class=\"wp-image-3108\"\/><figcaption class=\"wp-element-caption\">Det er forbode \u00e5 sende marknadsf\u00f8ring p\u00e5 e-post og SMS til forbrukarar utan samtykke<\/figcaption><\/figure>\n<\/div>\n<\/div>\n<\/div>\n\n\n\n<div class=\"wp-block-group alignfull has-palette-color-4-background-color has-background is-layout-flow wp-block-group-is-layout-flow\">\n<div class=\"wp-block-columns is-layout-flex wp-container-core-columns-is-layout-28f84493 wp-block-columns-is-layout-flex\">\n<div class=\"wp-block-column is-layout-flow wp-block-column-is-layout-flow\">\n<div class=\"wp-block-buttons is-layout-flex wp-block-buttons-is-layout-flex\">\n<div class=\"wp-block-button\"><a class=\"wp-block-button__link wp-element-button\" href=\"https:\/\/reklameskolen.devz.no\/ungdomsskole\/nn\/andre-temaer\/okonomi\/\">Tilbake til &#8220;\u00d8konomi&#8221;<\/a><\/div>\n<\/div>\n<\/div>\n\n\n\n<div class=\"wp-block-column is-layout-flow wp-block-column-is-layout-flow\">\n<div class=\"wp-block-buttons is-horizontal is-content-justification-right is-layout-flex wp-container-core-buttons-is-layout-30af2ff6 wp-block-buttons-is-layout-flex\">\n<div class=\"wp-block-button\"><a class=\"wp-block-button__link wp-element-button\" href=\"https:\/\/reklameskolen.devz.no\/ungdomsskole\/nn\/andre-temaer\/personvern\/\">Vidare til &#8220;Personvern&#8221;<\/a><\/div>\n<\/div>\n<\/div>\n<\/div>\n<\/div>\n\n\n\n<p><\/p>\n","protected":false},"excerpt":{"rendered":"<p>Reklame rett heim Du har kanskje henta posten heime og oppdaga at postkassa er full av reklame, eller opplevd at det har ringt telefonseljarar til foreldra dine. Denne type marknadsf\u00f8ring blir kalla \u00abdirektemarknadsf\u00f8ring\u00bb. Det vil seie at seljarar tek direkte kontakt med s\u00e5 mange som mogleg for \u00e5 fors\u00f8kje \u00e5 selje varene sine. Dette kan [&hellip;]<\/p>\n","protected":false},"author":1,"featured_media":0,"parent":111,"menu_order":4,"comment_status":"closed","ping_status":"closed","template":"","meta":{"_acf_changed":false,"editor_notices":[],"footnotes":""},"class_list":["post-171","page","type-page","status-publish","hentry"],"blocksy_meta":{"styles_descriptor":{"styles":{"desktop":"","tablet":"","mobile":""},"google_fonts":[],"version":6}},"acf":[],"yoast_head":"<!-- This site is optimized with the Yoast SEO plugin v25.9 - https:\/\/yoast.com\/wordpress\/plugins\/seo\/ -->\n<title>Reklame rett heim - Ungdomskole Nynorsk<\/title>\n<meta name=\"robots\" content=\"index, follow, max-snippet:-1, max-image-preview:large, max-video-preview:-1\" \/>\n<link rel=\"canonical\" href=\"https:\/\/reklameskolen.devz.no\/ungdomsskole\/nn\/andre-temaer\/direktemarkedsforing\/\" \/>\n<meta property=\"og:locale\" content=\"en_US\" \/>\n<meta property=\"og:type\" content=\"article\" \/>\n<meta property=\"og:title\" content=\"Reklame rett heim - Ungdomskole Nynorsk\" \/>\n<meta property=\"og:description\" content=\"Reklame rett heim Du har kanskje henta posten heime og oppdaga at postkassa er full av reklame, eller opplevd at det har ringt telefonseljarar til foreldra dine. Denne type marknadsf\u00f8ring blir kalla \u00abdirektemarknadsf\u00f8ring\u00bb. Det vil seie at seljarar tek direkte kontakt med s\u00e5 mange som mogleg for \u00e5 fors\u00f8kje \u00e5 selje varene sine. Dette kan [&hellip;]\" \/>\n<meta property=\"og:url\" content=\"https:\/\/reklameskolen.devz.no\/ungdomsskole\/nn\/andre-temaer\/direktemarkedsforing\/\" \/>\n<meta property=\"og:site_name\" content=\"Ungdomskole Nynorsk\" \/>\n<meta property=\"article:modified_time\" content=\"2024-08-20T11:45:21+00:00\" \/>\n<meta property=\"og:image\" content=\"https:\/\/reklameskolen.devz.no\/wp-content\/uploads\/2022\/02\/patricia-zavala-DAA6PTVYKz4-unsplash-scaled.jpg\" \/>\n\t<meta property=\"og:image:width\" content=\"2560\" \/>\n\t<meta property=\"og:image:height\" content=\"1891\" \/>\n\t<meta property=\"og:image:type\" content=\"image\/jpeg\" \/>\n<meta name=\"twitter:card\" content=\"summary_large_image\" \/>\n<meta name=\"twitter:label1\" content=\"Est. reading time\" \/>\n\t<meta name=\"twitter:data1\" content=\"3 minutes\" \/>\n<script type=\"application\/ld+json\" class=\"yoast-schema-graph\">{\"@context\":\"https:\/\/schema.org\",\"@graph\":[{\"@type\":\"WebPage\",\"@id\":\"https:\/\/reklameskolen.devz.no\/ungdomsskole\/nn\/andre-temaer\/direktemarkedsforing\/\",\"url\":\"https:\/\/reklameskolen.devz.no\/ungdomsskole\/nn\/andre-temaer\/direktemarkedsforing\/\",\"name\":\"Reklame rett heim - Ungdomskole Nynorsk\",\"isPartOf\":{\"@id\":\"https:\/\/reklameskolen.devz.no\/ungdomsskole\/nn\/#website\"},\"primaryImageOfPage\":{\"@id\":\"https:\/\/reklameskolen.devz.no\/ungdomsskole\/nn\/andre-temaer\/direktemarkedsforing\/#primaryimage\"},\"image\":{\"@id\":\"https:\/\/reklameskolen.devz.no\/ungdomsskole\/nn\/andre-temaer\/direktemarkedsforing\/#primaryimage\"},\"thumbnailUrl\":\"https:\/\/reklameskolen.devz.no\/wp-content\/uploads\/sites\/8\/2022\/02\/patricia-zavala-DAA6PTVYKz4-unsplash-1024x757.jpg\",\"datePublished\":\"2021-12-09T07:58:11+00:00\",\"dateModified\":\"2024-08-20T11:45:21+00:00\",\"breadcrumb\":{\"@id\":\"https:\/\/reklameskolen.devz.no\/ungdomsskole\/nn\/andre-temaer\/direktemarkedsforing\/#breadcrumb\"},\"inLanguage\":\"en-US\",\"potentialAction\":[{\"@type\":\"ReadAction\",\"target\":[\"https:\/\/reklameskolen.devz.no\/ungdomsskole\/nn\/andre-temaer\/direktemarkedsforing\/\"]}]},{\"@type\":\"ImageObject\",\"inLanguage\":\"en-US\",\"@id\":\"https:\/\/reklameskolen.devz.no\/ungdomsskole\/nn\/andre-temaer\/direktemarkedsforing\/#primaryimage\",\"url\":\"https:\/\/reklameskolen.devz.no\/wp-content\/uploads\/sites\/8\/2022\/02\/patricia-zavala-DAA6PTVYKz4-unsplash-1024x757.jpg\",\"contentUrl\":\"https:\/\/reklameskolen.devz.no\/wp-content\/uploads\/sites\/8\/2022\/02\/patricia-zavala-DAA6PTVYKz4-unsplash-1024x757.jpg\"},{\"@type\":\"BreadcrumbList\",\"@id\":\"https:\/\/reklameskolen.devz.no\/ungdomsskole\/nn\/andre-temaer\/direktemarkedsforing\/#breadcrumb\",\"itemListElement\":[{\"@type\":\"ListItem\",\"position\":1,\"name\":\"Home\",\"item\":\"https:\/\/reklameskolen.devz.no\/ungdomsskole\/nn\/\"},{\"@type\":\"ListItem\",\"position\":2,\"name\":\"Andre tema\",\"item\":\"https:\/\/reklameskolen.devz.no\/ungdomsskole\/nn\/andre-temaer\/\"},{\"@type\":\"ListItem\",\"position\":3,\"name\":\"Reklame rett heim\"}]},{\"@type\":\"WebSite\",\"@id\":\"https:\/\/reklameskolen.devz.no\/ungdomsskole\/nn\/#website\",\"url\":\"https:\/\/reklameskolen.devz.no\/ungdomsskole\/nn\/\",\"name\":\"Ungdomskole Nynorsk\",\"description\":\"Oppl\u00e6ringsverkt\u00f8y om reklame\",\"publisher\":{\"@id\":\"https:\/\/reklameskolen.devz.no\/ungdomsskole\/nn\/#organization\"},\"potentialAction\":[{\"@type\":\"SearchAction\",\"target\":{\"@type\":\"EntryPoint\",\"urlTemplate\":\"https:\/\/reklameskolen.devz.no\/ungdomsskole\/nn\/?s={search_term_string}\"},\"query-input\":{\"@type\":\"PropertyValueSpecification\",\"valueRequired\":true,\"valueName\":\"search_term_string\"}}],\"inLanguage\":\"en-US\"},{\"@type\":\"Organization\",\"@id\":\"https:\/\/reklameskolen.devz.no\/ungdomsskole\/nn\/#organization\",\"name\":\"Ungdomskole Nynorsk\",\"url\":\"https:\/\/reklameskolen.devz.no\/ungdomsskole\/nn\/\",\"logo\":{\"@type\":\"ImageObject\",\"inLanguage\":\"en-US\",\"@id\":\"https:\/\/reklameskolen.devz.no\/ungdomsskole\/nn\/#\/schema\/logo\/image\/\",\"url\":\"https:\/\/reklameskolen.devz.no\/wp-content\/uploads\/2023\/08\/Reklameskolen-Logo-01.png\",\"contentUrl\":\"https:\/\/reklameskolen.devz.no\/wp-content\/uploads\/2023\/08\/Reklameskolen-Logo-01.png\",\"caption\":\"Ungdomskole Nynorsk\"},\"image\":{\"@id\":\"https:\/\/reklameskolen.devz.no\/ungdomsskole\/nn\/#\/schema\/logo\/image\/\"}}]}<\/script>\n<!-- \/ Yoast SEO plugin. -->","yoast_head_json":{"title":"Reklame rett heim - Ungdomskole Nynorsk","robots":{"index":"index","follow":"follow","max-snippet":"max-snippet:-1","max-image-preview":"max-image-preview:large","max-video-preview":"max-video-preview:-1"},"canonical":"https:\/\/reklameskolen.devz.no\/ungdomsskole\/nn\/andre-temaer\/direktemarkedsforing\/","og_locale":"en_US","og_type":"article","og_title":"Reklame rett heim - Ungdomskole Nynorsk","og_description":"Reklame rett heim Du har kanskje henta posten heime og oppdaga at postkassa er full av reklame, eller opplevd at det har ringt telefonseljarar til foreldra dine. Denne type marknadsf\u00f8ring blir kalla \u00abdirektemarknadsf\u00f8ring\u00bb. Det vil seie at seljarar tek direkte kontakt med s\u00e5 mange som mogleg for \u00e5 fors\u00f8kje \u00e5 selje varene sine. Dette kan [&hellip;]","og_url":"https:\/\/reklameskolen.devz.no\/ungdomsskole\/nn\/andre-temaer\/direktemarkedsforing\/","og_site_name":"Ungdomskole Nynorsk","article_modified_time":"2024-08-20T11:45:21+00:00","og_image":[{"width":2560,"height":1891,"url":"https:\/\/reklameskolen.devz.no\/wp-content\/uploads\/2022\/02\/patricia-zavala-DAA6PTVYKz4-unsplash-scaled.jpg","type":"image\/jpeg"}],"twitter_card":"summary_large_image","twitter_misc":{"Est. reading time":"3 minutes"},"schema":{"@context":"https:\/\/schema.org","@graph":[{"@type":"WebPage","@id":"https:\/\/reklameskolen.devz.no\/ungdomsskole\/nn\/andre-temaer\/direktemarkedsforing\/","url":"https:\/\/reklameskolen.devz.no\/ungdomsskole\/nn\/andre-temaer\/direktemarkedsforing\/","name":"Reklame rett heim - Ungdomskole Nynorsk","isPartOf":{"@id":"https:\/\/reklameskolen.devz.no\/ungdomsskole\/nn\/#website"},"primaryImageOfPage":{"@id":"https:\/\/reklameskolen.devz.no\/ungdomsskole\/nn\/andre-temaer\/direktemarkedsforing\/#primaryimage"},"image":{"@id":"https:\/\/reklameskolen.devz.no\/ungdomsskole\/nn\/andre-temaer\/direktemarkedsforing\/#primaryimage"},"thumbnailUrl":"https:\/\/reklameskolen.devz.no\/wp-content\/uploads\/sites\/8\/2022\/02\/patricia-zavala-DAA6PTVYKz4-unsplash-1024x757.jpg","datePublished":"2021-12-09T07:58:11+00:00","dateModified":"2024-08-20T11:45:21+00:00","breadcrumb":{"@id":"https:\/\/reklameskolen.devz.no\/ungdomsskole\/nn\/andre-temaer\/direktemarkedsforing\/#breadcrumb"},"inLanguage":"en-US","potentialAction":[{"@type":"ReadAction","target":["https:\/\/reklameskolen.devz.no\/ungdomsskole\/nn\/andre-temaer\/direktemarkedsforing\/"]}]},{"@type":"ImageObject","inLanguage":"en-US","@id":"https:\/\/reklameskolen.devz.no\/ungdomsskole\/nn\/andre-temaer\/direktemarkedsforing\/#primaryimage","url":"https:\/\/reklameskolen.devz.no\/wp-content\/uploads\/sites\/8\/2022\/02\/patricia-zavala-DAA6PTVYKz4-unsplash-1024x757.jpg","contentUrl":"https:\/\/reklameskolen.devz.no\/wp-content\/uploads\/sites\/8\/2022\/02\/patricia-zavala-DAA6PTVYKz4-unsplash-1024x757.jpg"},{"@type":"BreadcrumbList","@id":"https:\/\/reklameskolen.devz.no\/ungdomsskole\/nn\/andre-temaer\/direktemarkedsforing\/#breadcrumb","itemListElement":[{"@type":"ListItem","position":1,"name":"Home","item":"https:\/\/reklameskolen.devz.no\/ungdomsskole\/nn\/"},{"@type":"ListItem","position":2,"name":"Andre tema","item":"https:\/\/reklameskolen.devz.no\/ungdomsskole\/nn\/andre-temaer\/"},{"@type":"ListItem","position":3,"name":"Reklame rett heim"}]},{"@type":"WebSite","@id":"https:\/\/reklameskolen.devz.no\/ungdomsskole\/nn\/#website","url":"https:\/\/reklameskolen.devz.no\/ungdomsskole\/nn\/","name":"Ungdomskole Nynorsk","description":"Oppl\u00e6ringsverkt\u00f8y om reklame","publisher":{"@id":"https:\/\/reklameskolen.devz.no\/ungdomsskole\/nn\/#organization"},"potentialAction":[{"@type":"SearchAction","target":{"@type":"EntryPoint","urlTemplate":"https:\/\/reklameskolen.devz.no\/ungdomsskole\/nn\/?s={search_term_string}"},"query-input":{"@type":"PropertyValueSpecification","valueRequired":true,"valueName":"search_term_string"}}],"inLanguage":"en-US"},{"@type":"Organization","@id":"https:\/\/reklameskolen.devz.no\/ungdomsskole\/nn\/#organization","name":"Ungdomskole Nynorsk","url":"https:\/\/reklameskolen.devz.no\/ungdomsskole\/nn\/","logo":{"@type":"ImageObject","inLanguage":"en-US","@id":"https:\/\/reklameskolen.devz.no\/ungdomsskole\/nn\/#\/schema\/logo\/image\/","url":"https:\/\/reklameskolen.devz.no\/wp-content\/uploads\/2023\/08\/Reklameskolen-Logo-01.png","contentUrl":"https:\/\/reklameskolen.devz.no\/wp-content\/uploads\/2023\/08\/Reklameskolen-Logo-01.png","caption":"Ungdomskole Nynorsk"},"image":{"@id":"https:\/\/reklameskolen.devz.no\/ungdomsskole\/nn\/#\/schema\/logo\/image\/"}}]}},"_links":{"self":[{"href":"https:\/\/reklameskolen.devz.no\/ungdomsskole\/nn\/wp-json\/wp\/v2\/pages\/171","targetHints":{"allow":["GET"]}}],"collection":[{"href":"https:\/\/reklameskolen.devz.no\/ungdomsskole\/nn\/wp-json\/wp\/v2\/pages"}],"about":[{"href":"https:\/\/reklameskolen.devz.no\/ungdomsskole\/nn\/wp-json\/wp\/v2\/types\/page"}],"author":[{"embeddable":true,"href":"https:\/\/reklameskolen.devz.no\/ungdomsskole\/nn\/wp-json\/wp\/v2\/users\/1"}],"replies":[{"embeddable":true,"href":"https:\/\/reklameskolen.devz.no\/ungdomsskole\/nn\/wp-json\/wp\/v2\/comments?post=171"}],"version-history":[{"count":44,"href":"https:\/\/reklameskolen.devz.no\/ungdomsskole\/nn\/wp-json\/wp\/v2\/pages\/171\/revisions"}],"predecessor-version":[{"id":3937,"href":"https:\/\/reklameskolen.devz.no\/ungdomsskole\/nn\/wp-json\/wp\/v2\/pages\/171\/revisions\/3937"}],"up":[{"embeddable":true,"href":"https:\/\/reklameskolen.devz.no\/ungdomsskole\/nn\/wp-json\/wp\/v2\/pages\/111"}],"wp:attachment":[{"href":"https:\/\/reklameskolen.devz.no\/ungdomsskole\/nn\/wp-json\/wp\/v2\/media?parent=171"}],"curies":[{"name":"wp","href":"https:\/\/api.w.org\/{rel}","templated":true}]}}