{"id":172,"date":"2021-12-09T08:58:11","date_gmt":"2021-12-09T07:58:11","guid":{"rendered":"https:\/\/reklameskolen.devz.no\/?page_id=172"},"modified":"2024-01-11T10:03:43","modified_gmt":"2024-01-11T09:03:43","slug":"personvern","status":"publish","type":"page","link":"https:\/\/reklameskolen.devz.no\/ungdomsskole\/nn\/andre-temaer\/personvern\/","title":{"rendered":"Personvern"},"content":{"rendered":"\n<figure class=\"wp-block-image size-full is-resized\"><img loading=\"lazy\" decoding=\"async\" src=\"https:\/\/reklameskolen.devz.no\/wp-content\/uploads\/sites\/8\/2022\/02\/personvern-2.jpg\" alt=\"Bilde av en Cookie-aksept.\n\n&quot;Ved \u00e5 klikke p\u00e5 &quot;godta alle cookies&quot; godtar du lagring av cookies p\u00e5 enheten for \u00e5 forbedre nettstedsnavigeringen, analysere bruken av nettstedet og bist\u00e5 i v\u00e5re markedsf\u00f8ringstiltak&quot; &quot;Godta alle cookies&quot; &quot;Avvist alle&quot; &quot;Informasjonskapselsinnstillinger&quot;\" class=\"wp-image-1470\" width=\"838\" height=\"350\" srcset=\"https:\/\/reklameskolen.devz.no\/ungdomsskole\/nn\/files\/2022\/02\/personvern-2.jpg 457w, https:\/\/reklameskolen.devz.no\/ungdomsskole\/nn\/files\/2022\/02\/personvern-2-300x125.jpg 300w, https:\/\/reklameskolen.devz.no\/ungdomsskole\/nn\/files\/2022\/02\/personvern-2-150x63.jpg 150w\" sizes=\"auto, (max-width: 838px) 100vw, 838px\" \/><\/figure>\n\n\n\n<h2 class=\"wp-block-heading\" id=\"personvern\">Personvern<\/h2>\n\n\n\n<p>Vil du godta alle cookies? Dette er eit sp\u00f8rsm\u00e5l som ofte kan dukke opp. Men kva betyr det eigentleg? <\/p>\n\n\n\n<div class=\"wp-block-columns is-layout-flex wp-container-core-columns-is-layout-28f84493 wp-block-columns-is-layout-flex\">\n<div class=\"wp-block-column is-layout-flow wp-block-column-is-layout-flow\" style=\"flex-basis:66.66%\">\n<p id=\"block-abe6531a-93d6-4fd7-aae7-2e80bbec79ef\">Cookies eller informasjonskapslar har med <strong>personvern<\/strong> \u00e5 gjere. Med personvern meinast vern av <strong>personopplysningar<\/strong>. Personopplysningar er forst\u00e5tte som alle opplysningar og vurderingar som kan knytast til deg som enkeltperson. Typiske personopplysningar er namn, adresse, telefonnummer, e-post og f\u00f8dselsnummer. Men, \u00f2g bilde, ansiktsfasong (biometri) og kva du kj\u00f8per eller andre handlingsm\u00f8nster, med meir,  blir rekna som personopplysningar. <\/p>\n\n\n\n<p id=\"block-c6a36719-6a9a-4c82-a0ce-e7044289e76a\">I praksis vil eit samtykke til informasjonskapslar ha betydning for om nettstaden eller tenesta har moglegheit til \u00e5 lagre og hente informasjon fr\u00e5 din nettlesar eller eining (mobil, nettbrett eller PC). Dette kan vere informasjon om deg, innstillingane dine og om eininga di. Informasjonskapselen blir for eksempel brukt til \u00e5 lagre innloggingsdetaljar, hugse handlekorg i nettbutikken eller registrere kor brukaren bevegar seg rundt p\u00e5 nettstaden.&nbsp;<\/p>\n\n\n\n<p id=\"block-c6a36719-6a9a-4c82-a0ce-e7044289e76a\">Informasjonen vil vanlegvis ikkje identifisere deg direkte, men kan gi deg ei meir personleg oppleving ved at handlingsm\u00f8nster blir lagra. Lagringa av enkelte informasjonskapslar vil ofte kunne vere n\u00f8dvendig for at nettstaden eller tenesta skal fungere best mogleg. <\/p>\n\n\n\n<p id=\"block-0f0f2947-d878-445d-bf28-94cbf3ebccdc\">Det er likevel greitt \u00e5 vere klar over kva du samtykkjer til, og vere oppmerksam p\u00e5 at ikkje alle nettsider eller tenester har like gode intensjonar. Tenk derfor p\u00e5 kva opplysningar du frivillig l\u00e8t etter deg! Dette gjeld s\u00e6rleg n\u00e5r du oppgir sensitive personopplysningar, slik som betalingsinformasjon eller liknande. Du kan \u00f2g velje \u00e5 dele berre dei n\u00f8dvendige informasjonskapslane for \u00e5 avgrense deling av personopplysningar. <\/p>\n\n\n\n<p id=\"block-01bda84f-48f7-43ee-9540-097347a7ba88\"><strong>Vil du lese meir?<\/strong><\/p>\n\n\n\n<p id=\"block-97ecac36-fe00-43ec-897e-632f6b5b9638\">Personvern er eit omfattande tema. I dagens globaliserte verd har personvern stadig st\u00f8rre betydning i kvardagen v\u00e5r. Du kan l\u00e6re meir om personvern p\u00e5 dubestemmer.no.<\/p>\n\n\n\n<div class=\"wp-block-buttons is-layout-flex wp-block-buttons-is-layout-flex\">\n<div class=\"wp-block-button\"><a class=\"wp-block-button__link has-palette-color-8-color has-palette-color-3-background-color has-text-color has-background wp-element-button\" href=\"https:\/\/www.dubestemmer.no\/\" target=\"_blank\" rel=\"noreferrer noopener\">Til dubestemmer.no<\/a><\/div>\n<\/div>\n\n\n\n<p id=\"block-c9be2281-cf9e-4819-845c-f17b9337ec9d\">&nbsp;<\/p>\n<\/div>\n\n\n\n<div class=\"wp-block-column is-layout-flow wp-block-column-is-layout-flow\" style=\"flex-basis:33.33%\">\n<div class=\"wp-block-group is-style-fact-box is-layout-flow wp-block-group-is-layout-flow\">\n<h2 class=\"wp-block-heading\" id=\"definisjon\">Ordliste<\/h2>\n\n\n\n<ul class=\"wp-block-list\">\n<li><strong>Personvern: <\/strong>Personvern betyr vern av personopplysningar, og handlar om retten til privatliv og retten til \u00e5 bestemme over eigne personopplysningar.<\/li>\n\n\n\n<li><strong>Personopplysningar<\/strong>: Alle opplysningar og vurderingar som kan knytast til deg som enkeltperson.<\/li>\n<\/ul>\n<\/div>\n<\/div>\n<\/div>\n\n\n\n<div style=\"height:168px\" aria-hidden=\"true\" class=\"wp-block-spacer\"><\/div>\n\n\n\n<div class=\"wp-block-group alignfull has-palette-color-4-background-color has-background is-layout-flow wp-block-group-is-layout-flow\">\n<div class=\"wp-block-columns is-layout-flex wp-container-core-columns-is-layout-28f84493 wp-block-columns-is-layout-flex\">\n<div class=\"wp-block-column is-layout-flow wp-block-column-is-layout-flow\">\n<div class=\"wp-block-buttons is-layout-flex wp-block-buttons-is-layout-flex\">\n<div class=\"wp-block-button\"><a class=\"wp-block-button__link wp-element-button\" href=\"https:\/\/reklameskolen.devz.no\/ungdomsskole\/nn\/andre-temaer\/direktemarkedsforing\/\">Tilbake til &#8220;Reklame rett heim&#8221;<\/a><\/div>\n<\/div>\n<\/div>\n\n\n\n<div class=\"wp-block-column is-layout-flow wp-block-column-is-layout-flow\">\n<div class=\"wp-block-buttons is-horizontal is-content-justification-right is-layout-flex wp-container-core-buttons-is-layout-30af2ff6 wp-block-buttons-is-layout-flex\">\n<div class=\"wp-block-button\"><a class=\"wp-block-button__link wp-element-button\" href=\"https:\/\/reklameskolen.devz.no\/ungdomsskole\/nn\/ferdig-med-reklameskolen\/\">Vidare til neste side<\/a><\/div>\n<\/div>\n<\/div>\n<\/div>\n<\/div>\n","protected":false},"excerpt":{"rendered":"<p>Personvern Vil du godta alle cookies? Dette er eit sp\u00f8rsm\u00e5l som ofte kan dukke opp. Men kva betyr det eigentleg? Cookies eller informasjonskapslar har med personvern \u00e5 gjere. Med personvern meinast vern av personopplysningar. Personopplysningar er forst\u00e5tte som alle opplysningar og vurderingar som kan knytast til deg som enkeltperson. Typiske personopplysningar er namn, adresse, telefonnummer, [&hellip;]<\/p>\n","protected":false},"author":1,"featured_media":0,"parent":111,"menu_order":5,"comment_status":"closed","ping_status":"closed","template":"","meta":{"_acf_changed":false,"editor_notices":[],"footnotes":""},"class_list":["post-172","page","type-page","status-publish","hentry"],"blocksy_meta":{"styles_descriptor":{"styles":{"desktop":"","tablet":"","mobile":""},"google_fonts":[],"version":6}},"acf":[],"yoast_head":"<!-- This site is optimized with the Yoast SEO plugin v25.9 - https:\/\/yoast.com\/wordpress\/plugins\/seo\/ -->\n<title>Personvern - Ungdomskole Nynorsk<\/title>\n<meta name=\"robots\" content=\"index, follow, max-snippet:-1, max-image-preview:large, max-video-preview:-1\" \/>\n<link rel=\"canonical\" href=\"https:\/\/reklameskolen.devz.no\/ungdomsskole\/nn\/andre-temaer\/personvern\/\" \/>\n<meta property=\"og:locale\" content=\"en_US\" \/>\n<meta property=\"og:type\" content=\"article\" \/>\n<meta property=\"og:title\" content=\"Personvern - Ungdomskole Nynorsk\" \/>\n<meta property=\"og:description\" content=\"Personvern Vil du godta alle cookies? Dette er eit sp\u00f8rsm\u00e5l som ofte kan dukke opp. Men kva betyr det eigentleg? Cookies eller informasjonskapslar har med personvern \u00e5 gjere. Med personvern meinast vern av personopplysningar. Personopplysningar er forst\u00e5tte som alle opplysningar og vurderingar som kan knytast til deg som enkeltperson. Typiske personopplysningar er namn, adresse, telefonnummer, [&hellip;]\" \/>\n<meta property=\"og:url\" content=\"https:\/\/reklameskolen.devz.no\/ungdomsskole\/nn\/andre-temaer\/personvern\/\" \/>\n<meta property=\"og:site_name\" content=\"Ungdomskole Nynorsk\" \/>\n<meta property=\"article:modified_time\" content=\"2024-01-11T09:03:43+00:00\" \/>\n<meta property=\"og:image\" content=\"https:\/\/reklameskolen.devz.no\/wp-content\/uploads\/2022\/02\/personvern-2.jpg\" \/>\n\t<meta property=\"og:image:width\" content=\"457\" \/>\n\t<meta property=\"og:image:height\" content=\"191\" \/>\n\t<meta property=\"og:image:type\" content=\"image\/jpeg\" \/>\n<meta name=\"twitter:card\" content=\"summary_large_image\" \/>\n<meta name=\"twitter:label1\" content=\"Est. reading time\" \/>\n\t<meta name=\"twitter:data1\" content=\"2 minutes\" \/>\n<script type=\"application\/ld+json\" class=\"yoast-schema-graph\">{\"@context\":\"https:\/\/schema.org\",\"@graph\":[{\"@type\":\"WebPage\",\"@id\":\"https:\/\/reklameskolen.devz.no\/ungdomsskole\/nn\/andre-temaer\/personvern\/\",\"url\":\"https:\/\/reklameskolen.devz.no\/ungdomsskole\/nn\/andre-temaer\/personvern\/\",\"name\":\"Personvern - Ungdomskole Nynorsk\",\"isPartOf\":{\"@id\":\"https:\/\/reklameskolen.devz.no\/ungdomsskole\/nn\/#website\"},\"primaryImageOfPage\":{\"@id\":\"https:\/\/reklameskolen.devz.no\/ungdomsskole\/nn\/andre-temaer\/personvern\/#primaryimage\"},\"image\":{\"@id\":\"https:\/\/reklameskolen.devz.no\/ungdomsskole\/nn\/andre-temaer\/personvern\/#primaryimage\"},\"thumbnailUrl\":\"https:\/\/reklameskolen.devz.no\/wp-content\/uploads\/sites\/8\/2022\/02\/personvern-2.jpg\",\"datePublished\":\"2021-12-09T07:58:11+00:00\",\"dateModified\":\"2024-01-11T09:03:43+00:00\",\"breadcrumb\":{\"@id\":\"https:\/\/reklameskolen.devz.no\/ungdomsskole\/nn\/andre-temaer\/personvern\/#breadcrumb\"},\"inLanguage\":\"en-US\",\"potentialAction\":[{\"@type\":\"ReadAction\",\"target\":[\"https:\/\/reklameskolen.devz.no\/ungdomsskole\/nn\/andre-temaer\/personvern\/\"]}]},{\"@type\":\"ImageObject\",\"inLanguage\":\"en-US\",\"@id\":\"https:\/\/reklameskolen.devz.no\/ungdomsskole\/nn\/andre-temaer\/personvern\/#primaryimage\",\"url\":\"https:\/\/reklameskolen.devz.no\/wp-content\/uploads\/sites\/8\/2022\/02\/personvern-2.jpg\",\"contentUrl\":\"https:\/\/reklameskolen.devz.no\/wp-content\/uploads\/sites\/8\/2022\/02\/personvern-2.jpg\"},{\"@type\":\"BreadcrumbList\",\"@id\":\"https:\/\/reklameskolen.devz.no\/ungdomsskole\/nn\/andre-temaer\/personvern\/#breadcrumb\",\"itemListElement\":[{\"@type\":\"ListItem\",\"position\":1,\"name\":\"Home\",\"item\":\"https:\/\/reklameskolen.devz.no\/ungdomsskole\/nn\/\"},{\"@type\":\"ListItem\",\"position\":2,\"name\":\"Andre tema\",\"item\":\"https:\/\/reklameskolen.devz.no\/ungdomsskole\/nn\/andre-temaer\/\"},{\"@type\":\"ListItem\",\"position\":3,\"name\":\"Personvern\"}]},{\"@type\":\"WebSite\",\"@id\":\"https:\/\/reklameskolen.devz.no\/ungdomsskole\/nn\/#website\",\"url\":\"https:\/\/reklameskolen.devz.no\/ungdomsskole\/nn\/\",\"name\":\"Ungdomskole Nynorsk\",\"description\":\"Oppl\u00e6ringsverkt\u00f8y om reklame\",\"publisher\":{\"@id\":\"https:\/\/reklameskolen.devz.no\/ungdomsskole\/nn\/#organization\"},\"potentialAction\":[{\"@type\":\"SearchAction\",\"target\":{\"@type\":\"EntryPoint\",\"urlTemplate\":\"https:\/\/reklameskolen.devz.no\/ungdomsskole\/nn\/?s={search_term_string}\"},\"query-input\":{\"@type\":\"PropertyValueSpecification\",\"valueRequired\":true,\"valueName\":\"search_term_string\"}}],\"inLanguage\":\"en-US\"},{\"@type\":\"Organization\",\"@id\":\"https:\/\/reklameskolen.devz.no\/ungdomsskole\/nn\/#organization\",\"name\":\"Ungdomskole Nynorsk\",\"url\":\"https:\/\/reklameskolen.devz.no\/ungdomsskole\/nn\/\",\"logo\":{\"@type\":\"ImageObject\",\"inLanguage\":\"en-US\",\"@id\":\"https:\/\/reklameskolen.devz.no\/ungdomsskole\/nn\/#\/schema\/logo\/image\/\",\"url\":\"https:\/\/reklameskolen.devz.no\/wp-content\/uploads\/2023\/08\/Reklameskolen-Logo-01.png\",\"contentUrl\":\"https:\/\/reklameskolen.devz.no\/wp-content\/uploads\/2023\/08\/Reklameskolen-Logo-01.png\",\"caption\":\"Ungdomskole Nynorsk\"},\"image\":{\"@id\":\"https:\/\/reklameskolen.devz.no\/ungdomsskole\/nn\/#\/schema\/logo\/image\/\"}}]}<\/script>\n<!-- \/ Yoast SEO plugin. -->","yoast_head_json":{"title":"Personvern - Ungdomskole Nynorsk","robots":{"index":"index","follow":"follow","max-snippet":"max-snippet:-1","max-image-preview":"max-image-preview:large","max-video-preview":"max-video-preview:-1"},"canonical":"https:\/\/reklameskolen.devz.no\/ungdomsskole\/nn\/andre-temaer\/personvern\/","og_locale":"en_US","og_type":"article","og_title":"Personvern - Ungdomskole Nynorsk","og_description":"Personvern Vil du godta alle cookies? Dette er eit sp\u00f8rsm\u00e5l som ofte kan dukke opp. Men kva betyr det eigentleg? Cookies eller informasjonskapslar har med personvern \u00e5 gjere. Med personvern meinast vern av personopplysningar. Personopplysningar er forst\u00e5tte som alle opplysningar og vurderingar som kan knytast til deg som enkeltperson. Typiske personopplysningar er namn, adresse, telefonnummer, [&hellip;]","og_url":"https:\/\/reklameskolen.devz.no\/ungdomsskole\/nn\/andre-temaer\/personvern\/","og_site_name":"Ungdomskole Nynorsk","article_modified_time":"2024-01-11T09:03:43+00:00","og_image":[{"width":457,"height":191,"url":"https:\/\/reklameskolen.devz.no\/wp-content\/uploads\/2022\/02\/personvern-2.jpg","type":"image\/jpeg"}],"twitter_card":"summary_large_image","twitter_misc":{"Est. reading time":"2 minutes"},"schema":{"@context":"https:\/\/schema.org","@graph":[{"@type":"WebPage","@id":"https:\/\/reklameskolen.devz.no\/ungdomsskole\/nn\/andre-temaer\/personvern\/","url":"https:\/\/reklameskolen.devz.no\/ungdomsskole\/nn\/andre-temaer\/personvern\/","name":"Personvern - Ungdomskole Nynorsk","isPartOf":{"@id":"https:\/\/reklameskolen.devz.no\/ungdomsskole\/nn\/#website"},"primaryImageOfPage":{"@id":"https:\/\/reklameskolen.devz.no\/ungdomsskole\/nn\/andre-temaer\/personvern\/#primaryimage"},"image":{"@id":"https:\/\/reklameskolen.devz.no\/ungdomsskole\/nn\/andre-temaer\/personvern\/#primaryimage"},"thumbnailUrl":"https:\/\/reklameskolen.devz.no\/wp-content\/uploads\/sites\/8\/2022\/02\/personvern-2.jpg","datePublished":"2021-12-09T07:58:11+00:00","dateModified":"2024-01-11T09:03:43+00:00","breadcrumb":{"@id":"https:\/\/reklameskolen.devz.no\/ungdomsskole\/nn\/andre-temaer\/personvern\/#breadcrumb"},"inLanguage":"en-US","potentialAction":[{"@type":"ReadAction","target":["https:\/\/reklameskolen.devz.no\/ungdomsskole\/nn\/andre-temaer\/personvern\/"]}]},{"@type":"ImageObject","inLanguage":"en-US","@id":"https:\/\/reklameskolen.devz.no\/ungdomsskole\/nn\/andre-temaer\/personvern\/#primaryimage","url":"https:\/\/reklameskolen.devz.no\/wp-content\/uploads\/sites\/8\/2022\/02\/personvern-2.jpg","contentUrl":"https:\/\/reklameskolen.devz.no\/wp-content\/uploads\/sites\/8\/2022\/02\/personvern-2.jpg"},{"@type":"BreadcrumbList","@id":"https:\/\/reklameskolen.devz.no\/ungdomsskole\/nn\/andre-temaer\/personvern\/#breadcrumb","itemListElement":[{"@type":"ListItem","position":1,"name":"Home","item":"https:\/\/reklameskolen.devz.no\/ungdomsskole\/nn\/"},{"@type":"ListItem","position":2,"name":"Andre tema","item":"https:\/\/reklameskolen.devz.no\/ungdomsskole\/nn\/andre-temaer\/"},{"@type":"ListItem","position":3,"name":"Personvern"}]},{"@type":"WebSite","@id":"https:\/\/reklameskolen.devz.no\/ungdomsskole\/nn\/#website","url":"https:\/\/reklameskolen.devz.no\/ungdomsskole\/nn\/","name":"Ungdomskole Nynorsk","description":"Oppl\u00e6ringsverkt\u00f8y om reklame","publisher":{"@id":"https:\/\/reklameskolen.devz.no\/ungdomsskole\/nn\/#organization"},"potentialAction":[{"@type":"SearchAction","target":{"@type":"EntryPoint","urlTemplate":"https:\/\/reklameskolen.devz.no\/ungdomsskole\/nn\/?s={search_term_string}"},"query-input":{"@type":"PropertyValueSpecification","valueRequired":true,"valueName":"search_term_string"}}],"inLanguage":"en-US"},{"@type":"Organization","@id":"https:\/\/reklameskolen.devz.no\/ungdomsskole\/nn\/#organization","name":"Ungdomskole Nynorsk","url":"https:\/\/reklameskolen.devz.no\/ungdomsskole\/nn\/","logo":{"@type":"ImageObject","inLanguage":"en-US","@id":"https:\/\/reklameskolen.devz.no\/ungdomsskole\/nn\/#\/schema\/logo\/image\/","url":"https:\/\/reklameskolen.devz.no\/wp-content\/uploads\/2023\/08\/Reklameskolen-Logo-01.png","contentUrl":"https:\/\/reklameskolen.devz.no\/wp-content\/uploads\/2023\/08\/Reklameskolen-Logo-01.png","caption":"Ungdomskole Nynorsk"},"image":{"@id":"https:\/\/reklameskolen.devz.no\/ungdomsskole\/nn\/#\/schema\/logo\/image\/"}}]}},"_links":{"self":[{"href":"https:\/\/reklameskolen.devz.no\/ungdomsskole\/nn\/wp-json\/wp\/v2\/pages\/172","targetHints":{"allow":["GET"]}}],"collection":[{"href":"https:\/\/reklameskolen.devz.no\/ungdomsskole\/nn\/wp-json\/wp\/v2\/pages"}],"about":[{"href":"https:\/\/reklameskolen.devz.no\/ungdomsskole\/nn\/wp-json\/wp\/v2\/types\/page"}],"author":[{"embeddable":true,"href":"https:\/\/reklameskolen.devz.no\/ungdomsskole\/nn\/wp-json\/wp\/v2\/users\/1"}],"replies":[{"embeddable":true,"href":"https:\/\/reklameskolen.devz.no\/ungdomsskole\/nn\/wp-json\/wp\/v2\/comments?post=172"}],"version-history":[{"count":40,"href":"https:\/\/reklameskolen.devz.no\/ungdomsskole\/nn\/wp-json\/wp\/v2\/pages\/172\/revisions"}],"predecessor-version":[{"id":3857,"href":"https:\/\/reklameskolen.devz.no\/ungdomsskole\/nn\/wp-json\/wp\/v2\/pages\/172\/revisions\/3857"}],"up":[{"embeddable":true,"href":"https:\/\/reklameskolen.devz.no\/ungdomsskole\/nn\/wp-json\/wp\/v2\/pages\/111"}],"wp:attachment":[{"href":"https:\/\/reklameskolen.devz.no\/ungdomsskole\/nn\/wp-json\/wp\/v2\/media?parent=172"}],"curies":[{"name":"wp","href":"https:\/\/api.w.org\/{rel}","templated":true}]}}