{"id":1740,"date":"2022-03-02T11:18:47","date_gmt":"2022-03-02T10:18:47","guid":{"rendered":"https:\/\/reklameskolen.devz.no\/?page_id=1740"},"modified":"2024-05-08T12:50:02","modified_gmt":"2024-05-08T10:50:02","slug":"laererveiledning-2","status":"publish","type":"page","link":"https:\/\/reklameskolen.devz.no\/ungdomsskole\/nn\/laererveiledning-2\/","title":{"rendered":"L\u00e6rerveiledning Nynorsk"},"content":{"rendered":"\n<h1 class=\"wp-block-heading\" id=\"til-laereren\">Til l\u00e6raren<\/h1>\n\n\n\n<div class=\"wp-block-columns is-layout-flex wp-container-core-columns-is-layout-28f84493 wp-block-columns-is-layout-flex\">\n<div class=\"wp-block-column is-layout-flow wp-block-column-is-layout-flow\" style=\"flex-basis:40%\">\n<h2 class=\"wp-block-heading\" id=\"om-reklameskolen\">Om Reklameskolen<\/h2>\n\n\n\n<figure class=\"wp-block-pullquote\"><blockquote><p>Reklame er \u00abenhver betalt og kommersielt motivert kommunikasjon av budskap om en id\u00e9, tjeneste eller produkt fra en identifiserbar avsender, i den hensikt \u00e5 vekke oppmerksomhet, skape interesse, informere eller selge.\u00bb<\/p><cite><a href=\"https:\/\/snl.no\/reklame\" target=\"_blank\" rel=\"noreferrer noopener\">Snl.no: Reklame<\/a><\/cite><\/blockquote><\/figure>\n<\/div>\n\n\n\n<div class=\"wp-block-column is-layout-flow wp-block-column-is-layout-flow\" style=\"flex-basis:60%\">\n<h4 class=\"wp-block-heading\" id=\"reklameskolen-er-et-digitalt-undervisningsverktoy-om-reklame-utviklet-av-forbrukertilsynet-pa-oppdrag-fra-barne-og-familiedepartementet\">Reklameskolen er eit digitalt undervisningsverkt\u00f8y om reklame utvikla av Forbrukertilsynet p\u00e5 oppdrag fr\u00e5 Barne- og familiedepartementet. <\/h4>\n\n\n\n<p class=\"has-medium-font-size\">M\u00e5let er \u00e5 formidle kunnskap til barn og unge om reklame p\u00e5 ein lettfatteleg og engasjerande m\u00e5te, og auke kunnskapen om korleis denne p\u00e5verkar oss.<\/p>\n\n\n\n<div class=\"wp-block-group is-style-default has-palette-color-5-background-color has-background is-layout-constrained wp-block-group-is-layout-constrained\">\n<div class=\"wp-block-columns is-layout-flex wp-container-core-columns-is-layout-28f84493 wp-block-columns-is-layout-flex\">\n<div class=\"wp-block-column is-layout-flow wp-block-column-is-layout-flow\" style=\"flex-basis:70%\">\n<h2 class=\"wp-block-heading\">ICPEN Consumer Education Award<\/h2>\n\n\n\n<p>I 2024 vann Reklameskolen ICPEN Consumer Education Awards i kategorien barn og unge. Denne prisen blir delt ut av <a href=\"https:\/\/icpen.org\/\" target=\"_blank\" rel=\"noreferrer noopener\">International Consumer Protection and Enforcement Network (ICPEN)<\/a>, og g\u00e5r til ein informasjonskampanje som har bidratt til god opplysning av forbrukarane.<\/p>\n<\/div>\n\n\n\n<div class=\"wp-block-column is-layout-flow wp-block-column-is-layout-flow\" style=\"flex-basis:30%\">\n<figure class=\"wp-block-image size-full\"><img decoding=\"async\" src=\"https:\/\/reklameskolen.devz.no\/barneskole\/files\/2024\/05\/award.png\" alt=\"\" class=\"wp-image-5039\"\/><\/figure>\n<\/div>\n<\/div>\n<\/div>\n\n\n<div class=\"h5p-iframe-wrapper\"><iframe id=\"h5p-iframe-48\" class=\"h5p-iframe\" data-content-id=\"48\" style=\"height:1px\" src=\"about:blank\" frameBorder=\"0\" scrolling=\"no\" title=\"Om reklameskolen\"><\/iframe><\/div>\n<\/div>\n<\/div>\n\n\n\n<h2 class=\"wp-block-heading\" id=\"laereplanmal\">L\u00e6replanm\u00e5l<\/h2>\n\n\n\n<div class=\"wp-block-columns is-layout-flex wp-container-core-columns-is-layout-28f84493 wp-block-columns-is-layout-flex\">\n<div class=\"wp-block-column is-layout-flow wp-block-column-is-layout-flow\" style=\"flex-basis:25%\">\n<div style=\"height:10px\" aria-hidden=\"true\" class=\"wp-block-spacer\"><\/div>\n\n\n\n<h4 class=\"wp-block-heading\" id=\"reklameskolen-passer-godt-inn-i-norsk-og-samfunnsfaget-men-det-kan-gjerne-ogsa-jobbes-tverrfaglig-med-temaet\">Reklameskolen passar godt inn i norsk- og samfunnsfaget, men det kan gjerne \u00f2g blir jobba tverrfagleg med temaet. <\/h4>\n\n\n\n<p class=\"has-medium-font-size\">I avslutninga av del 1 i Reklameskolen f\u00e5r elevane i oppg\u00e5ve \u00e5 lage ein eigen reklamefilm. Dette kan vere relevant \u00e5 knyte opp mot kunst- og handverksfaget. &nbsp;&nbsp;<\/p>\n<\/div>\n\n\n\n<div class=\"wp-block-column is-layout-flow wp-block-column-is-layout-flow\" style=\"flex-basis:75%\">\n<h3 class=\"wp-block-heading\" id=\"overordnede-kompetansemal\">Overordna kompetansem\u00e5l<\/h3>\n\n\n<div class=\"h5p-iframe-wrapper\"><iframe id=\"h5p-iframe-49\" class=\"h5p-iframe\" data-content-id=\"49\" style=\"height:1px\" src=\"about:blank\" frameBorder=\"0\" scrolling=\"no\" title=\"Overordnede kompetansem\u00e5l\"><\/iframe><\/div>\n\n\n\n<h3 class=\"wp-block-heading\" id=\"kompetansemal-i-spesifikke-fag\">Kompetansem\u00e5l i spesifikke fag<\/h3>\n\n\n\n<p>Reklameskolen kan knytast opp mot kompetansem\u00e5l i f\u00f8lgjande fag:<\/p>\n\n\n<div class=\"h5p-iframe-wrapper\"><iframe id=\"h5p-iframe-50\" class=\"h5p-iframe\" data-content-id=\"50\" style=\"height:1px\" src=\"about:blank\" frameBorder=\"0\" scrolling=\"no\" title=\"Kompetansem\u00e5l per fag\"><\/iframe><\/div>\n<\/div>\n<\/div>\n\n\n\n<h2 class=\"wp-block-heading\" id=\"forberedelser-og-vurdering\">F\u00f8rebuingar, undervisning og vurdering<strong>&nbsp;<\/strong><\/h2>\n\n\n\n<h4 class=\"wp-block-heading\" id=\"reklameskolen-er-utviklet-som-et-komplett-laereverk-som-elevene-i-stor-grad-kan-navigere-gjennom-selv-den-bestar-av-tre-deler-med-underkategorier-disse-inneholder-film-bilder-infotekst-interaktive-oppgaver-og-refleksjonsoppgaver\">Reklameskolen er utvikla som eit komplett l\u00e6reverk som elevane i stor grad kan navigere gjennom sj\u00f8lv. Han best\u00e5r av tre delar med underkategoriar. Desse inneheld film, bilde, infotekst, interaktive oppg\u00e5ver og refleksjonsoppg\u00e5ver. <\/h4>\n\n\n\n<p>M\u00e5let med Reklameskolen er \u00e5 gi elevane kunnskap og kompetanse om reklame, influensarar, avsendarar og \u00e5 avkle bodskap. &nbsp;Elevane f\u00e5r umiddelbart svar p\u00e5 om dei svarer rett eller gale p\u00e5 oppg\u00e5vene, s\u00e5 Reklameskolen legg ikkje opp til noko rettearbeid. Undervisningsopplegget inneheld filmar med lyd, s\u00e5 vi anbefaler at elevane har \u00f8yretelefonar tilgjengeleg. &nbsp;&nbsp;<\/p>\n\n\n\n<p>Vi anbefaler at ein set seg grundig inn i innhaldet f\u00f8r undervisninga, og vurderer kva av refleksjonsoppg\u00e5vene elevane skal l\u00f8yse sj\u00f8lv, og kva som skal dr\u00f8ftast i plenum. Alle oppg\u00e5vene kan l\u00f8ysast p\u00e5 eigenhand, men det kan \u00f2g gi ein god diskusjon og refleksjon om det blir valt ut ein eller fleire av desse som ein kan ta i plenum i klassen.  Vidare kan det gi eit betre l\u00e6ringsutbyte om Reklameskolen blir knytta til relevant reklame for elevane. Det kan derfor vere ein fordel \u00e5 be elevane leggje ekstra merke til reklame dei m\u00f8ter i dagane f\u00f8r dei skal gjennom Reklameskolen. <\/p>\n\n\n\n<h3 class=\"wp-block-heading\" id=\"filmoppgaven\">Filmoppg\u00e5va<\/h3>\n\n\n\n<p>Del 1 i Reklameskolen blir avslutta med ei oppg\u00e5ve kor elevane skal lage ein eigen reklamefilm. Dette er ei st\u00f8rre oppg\u00e5ve som vi anbefaler at det blir sett av god tid til, og at det gjerne blir jobba tverrfagleg med denne oppg\u00e5va. I eit slikt tilfelle er det fint \u00e5 sj\u00e5 norsk og samfunnsfag opp mot kunst og handverk. Oppg\u00e5va kor elevane skal lage sin eigen reklamefilm gir eit godt grunnlag for \u00e5 vurdere elevane sitt l\u00e6ringsutbyte. Her kan ein vurdere om elevane for eksempel:&nbsp;<\/p>\n\n\n\n<ul class=\"wp-block-list\">\n<li>Har forst\u00e5tt dei grunnleggjande prinsippa bak reklame.&nbsp;<\/li>\n\n\n\n<li>Forst\u00e5r m\u00e5lgrupper og m\u00e5lgruppetilpassingar.&nbsp;<\/li>\n\n\n\n<li>Kan bruke reklamen sine verkemiddel.&nbsp;<\/li>\n\n\n\n<li>Forst\u00e5r avsendarrolle.&nbsp;&nbsp;<\/li>\n<\/ul>\n\n\n\n<h2 class=\"wp-block-heading\" id=\"andre-nyttige-nettsider\">Andre nyttige nettsider<\/h2>\n\n\n\n<div class=\"wp-block-columns is-layout-flex wp-container-core-columns-is-layout-28f84493 wp-block-columns-is-layout-flex\">\n<div class=\"wp-block-column is-layout-flow wp-block-column-is-layout-flow\" style=\"flex-basis:40%\">\n<figure class=\"wp-block-image size-full\"><img loading=\"lazy\" decoding=\"async\" width=\"720\" height=\"480\" src=\"https:\/\/reklameskolen.devz.no\/wp-content\/uploads\/sites\/8\/2022\/04\/forbrukertilsynet-digitalt-ikt16.jpg\" alt=\"Bildet viser et par hender som skriver p\u00e5 tastaturet p\u00e5 en laptop.\" class=\"wp-image-2727\" srcset=\"https:\/\/reklameskolen.devz.no\/ungdomsskole\/nn\/files\/2022\/04\/forbrukertilsynet-digitalt-ikt16.jpg 720w, https:\/\/reklameskolen.devz.no\/ungdomsskole\/nn\/files\/2022\/04\/forbrukertilsynet-digitalt-ikt16-300x200.jpg 300w, https:\/\/reklameskolen.devz.no\/ungdomsskole\/nn\/files\/2022\/04\/forbrukertilsynet-digitalt-ikt16-150x100.jpg 150w\" sizes=\"auto, (max-width: 720px) 100vw, 720px\" \/><\/figure>\n<\/div>\n\n\n\n<div class=\"wp-block-column is-layout-flow wp-block-column-is-layout-flow\" style=\"flex-basis:60%\">\n<div style=\"height:100px\" aria-hidden=\"true\" class=\"wp-block-spacer\"><\/div>\n\n\n\n<ul class=\"has-medium-font-size wp-block-list\">\n<li>Forbrukartilsynet: <a rel=\"noreferrer noopener\" href=\"https:\/\/www.forbrukertilsynet.no\/\" target=\"_blank\">https:\/\/www.forbrukertilsynet.no\/<\/a><\/li>\n\n\n\n<li>Medietilsynet: <a rel=\"noreferrer noopener\" href=\"https:\/\/www.medietilsynet.no\/\" target=\"_blank\">https:\/\/www.medietilsynet.no\/<\/a><\/li>\n\n\n\n<li>Datatilsynet: <a rel=\"noreferrer noopener\" href=\"https:\/\/www.datatilsynet.no\/\" target=\"_blank\">https:\/\/www.datatilsynet.no\/<\/a><\/li>\n\n\n\n<li>Utdanningsdirektoratet: <a rel=\"noreferrer noopener\" href=\"https:\/\/www.udir.no\/\" target=\"_blank\">https:\/\/www.udir.no\/<\/a><\/li>\n<\/ul>\n<\/div>\n<\/div>\n\n\n\n<p><\/p>\n\n\n\n<p><\/p>\n\n\n\n<p><\/p>\n\n\n\n<p><\/p>\n\n\n\n<div style=\"height:100px\" aria-hidden=\"true\" class=\"wp-block-spacer\"><\/div>\n","protected":false},"excerpt":{"rendered":"<p>Til l\u00e6raren Om Reklameskolen Reklame er \u00abenhver betalt og kommersielt motivert kommunikasjon av budskap om en id\u00e9, tjeneste eller produkt fra en identifiserbar avsender, i den hensikt \u00e5 vekke oppmerksomhet, skape interesse, informere eller selge.\u00bb Snl.no: Reklame Reklameskolen er eit digitalt undervisningsverkt\u00f8y om reklame utvikla av Forbrukertilsynet p\u00e5 oppdrag fr\u00e5 Barne- og familiedepartementet. M\u00e5let er [&hellip;]<\/p>\n","protected":false},"author":4,"featured_media":0,"parent":0,"menu_order":0,"comment_status":"closed","ping_status":"closed","template":"","meta":{"_acf_changed":false,"editor_notices":[],"footnotes":""},"class_list":["post-1740","page","type-page","status-publish","hentry"],"blocksy_meta":{"styles_descriptor":{"styles":{"desktop":"","tablet":"","mobile":""},"google_fonts":[],"version":6}},"acf":[],"yoast_head":"<!-- This site is optimized with the Yoast SEO plugin v25.9 - https:\/\/yoast.com\/wordpress\/plugins\/seo\/ -->\n<title>L\u00e6rerveiledning Nynorsk - Ungdomskole Nynorsk<\/title>\n<meta name=\"robots\" content=\"index, follow, max-snippet:-1, max-image-preview:large, max-video-preview:-1\" \/>\n<link rel=\"canonical\" href=\"https:\/\/reklameskolen.devz.no\/ungdomsskole\/nn\/laererveiledning-2\/\" \/>\n<meta property=\"og:locale\" content=\"en_US\" \/>\n<meta property=\"og:type\" content=\"article\" \/>\n<meta property=\"og:title\" content=\"L\u00e6rerveiledning Nynorsk - Ungdomskole Nynorsk\" \/>\n<meta property=\"og:description\" content=\"Til l\u00e6raren Om Reklameskolen Reklame er \u00abenhver betalt og kommersielt motivert kommunikasjon av budskap om en id\u00e9, tjeneste eller produkt fra en identifiserbar avsender, i den hensikt \u00e5 vekke oppmerksomhet, skape interesse, informere eller selge.\u00bb Snl.no: Reklame Reklameskolen er eit digitalt undervisningsverkt\u00f8y om reklame utvikla av Forbrukertilsynet p\u00e5 oppdrag fr\u00e5 Barne- og familiedepartementet. M\u00e5let er [&hellip;]\" \/>\n<meta property=\"og:url\" content=\"https:\/\/reklameskolen.devz.no\/ungdomsskole\/nn\/laererveiledning-2\/\" \/>\n<meta property=\"og:site_name\" content=\"Ungdomskole Nynorsk\" \/>\n<meta property=\"article:modified_time\" content=\"2024-05-08T10:50:02+00:00\" \/>\n<meta name=\"twitter:card\" content=\"summary_large_image\" \/>\n<meta name=\"twitter:label1\" content=\"Est. reading time\" \/>\n\t<meta name=\"twitter:data1\" content=\"3 minutes\" \/>\n<script type=\"application\/ld+json\" class=\"yoast-schema-graph\">{\"@context\":\"https:\/\/schema.org\",\"@graph\":[{\"@type\":\"WebPage\",\"@id\":\"https:\/\/reklameskolen.devz.no\/ungdomsskole\/nn\/laererveiledning-2\/\",\"url\":\"https:\/\/reklameskolen.devz.no\/ungdomsskole\/nn\/laererveiledning-2\/\",\"name\":\"L\u00e6rerveiledning Nynorsk - Ungdomskole Nynorsk\",\"isPartOf\":{\"@id\":\"https:\/\/reklameskolen.devz.no\/ungdomsskole\/nn\/#website\"},\"primaryImageOfPage\":{\"@id\":\"https:\/\/reklameskolen.devz.no\/ungdomsskole\/nn\/laererveiledning-2\/#primaryimage\"},\"image\":{\"@id\":\"https:\/\/reklameskolen.devz.no\/ungdomsskole\/nn\/laererveiledning-2\/#primaryimage\"},\"thumbnailUrl\":\"https:\/\/reklameskolen.devz.no\/barneskole\/files\/2024\/05\/award.png\",\"datePublished\":\"2022-03-02T10:18:47+00:00\",\"dateModified\":\"2024-05-08T10:50:02+00:00\",\"breadcrumb\":{\"@id\":\"https:\/\/reklameskolen.devz.no\/ungdomsskole\/nn\/laererveiledning-2\/#breadcrumb\"},\"inLanguage\":\"en-US\",\"potentialAction\":[{\"@type\":\"ReadAction\",\"target\":[\"https:\/\/reklameskolen.devz.no\/ungdomsskole\/nn\/laererveiledning-2\/\"]}]},{\"@type\":\"ImageObject\",\"inLanguage\":\"en-US\",\"@id\":\"https:\/\/reklameskolen.devz.no\/ungdomsskole\/nn\/laererveiledning-2\/#primaryimage\",\"url\":\"https:\/\/reklameskolen.devz.no\/barneskole\/files\/2024\/05\/award.png\",\"contentUrl\":\"https:\/\/reklameskolen.devz.no\/barneskole\/files\/2024\/05\/award.png\"},{\"@type\":\"BreadcrumbList\",\"@id\":\"https:\/\/reklameskolen.devz.no\/ungdomsskole\/nn\/laererveiledning-2\/#breadcrumb\",\"itemListElement\":[{\"@type\":\"ListItem\",\"position\":1,\"name\":\"Home\",\"item\":\"https:\/\/reklameskolen.devz.no\/ungdomsskole\/nn\/\"},{\"@type\":\"ListItem\",\"position\":2,\"name\":\"L\u00e6rerveiledning Nynorsk\"}]},{\"@type\":\"WebSite\",\"@id\":\"https:\/\/reklameskolen.devz.no\/ungdomsskole\/nn\/#website\",\"url\":\"https:\/\/reklameskolen.devz.no\/ungdomsskole\/nn\/\",\"name\":\"Ungdomskole Nynorsk\",\"description\":\"Oppl\u00e6ringsverkt\u00f8y om reklame\",\"publisher\":{\"@id\":\"https:\/\/reklameskolen.devz.no\/ungdomsskole\/nn\/#organization\"},\"potentialAction\":[{\"@type\":\"SearchAction\",\"target\":{\"@type\":\"EntryPoint\",\"urlTemplate\":\"https:\/\/reklameskolen.devz.no\/ungdomsskole\/nn\/?s={search_term_string}\"},\"query-input\":{\"@type\":\"PropertyValueSpecification\",\"valueRequired\":true,\"valueName\":\"search_term_string\"}}],\"inLanguage\":\"en-US\"},{\"@type\":\"Organization\",\"@id\":\"https:\/\/reklameskolen.devz.no\/ungdomsskole\/nn\/#organization\",\"name\":\"Ungdomskole Nynorsk\",\"url\":\"https:\/\/reklameskolen.devz.no\/ungdomsskole\/nn\/\",\"logo\":{\"@type\":\"ImageObject\",\"inLanguage\":\"en-US\",\"@id\":\"https:\/\/reklameskolen.devz.no\/ungdomsskole\/nn\/#\/schema\/logo\/image\/\",\"url\":\"https:\/\/reklameskolen.devz.no\/wp-content\/uploads\/2023\/08\/Reklameskolen-Logo-01.png\",\"contentUrl\":\"https:\/\/reklameskolen.devz.no\/wp-content\/uploads\/2023\/08\/Reklameskolen-Logo-01.png\",\"caption\":\"Ungdomskole Nynorsk\"},\"image\":{\"@id\":\"https:\/\/reklameskolen.devz.no\/ungdomsskole\/nn\/#\/schema\/logo\/image\/\"}}]}<\/script>\n<!-- \/ Yoast SEO plugin. -->","yoast_head_json":{"title":"L\u00e6rerveiledning Nynorsk - Ungdomskole Nynorsk","robots":{"index":"index","follow":"follow","max-snippet":"max-snippet:-1","max-image-preview":"max-image-preview:large","max-video-preview":"max-video-preview:-1"},"canonical":"https:\/\/reklameskolen.devz.no\/ungdomsskole\/nn\/laererveiledning-2\/","og_locale":"en_US","og_type":"article","og_title":"L\u00e6rerveiledning Nynorsk - Ungdomskole Nynorsk","og_description":"Til l\u00e6raren Om Reklameskolen Reklame er \u00abenhver betalt og kommersielt motivert kommunikasjon av budskap om en id\u00e9, tjeneste eller produkt fra en identifiserbar avsender, i den hensikt \u00e5 vekke oppmerksomhet, skape interesse, informere eller selge.\u00bb Snl.no: Reklame Reklameskolen er eit digitalt undervisningsverkt\u00f8y om reklame utvikla av Forbrukertilsynet p\u00e5 oppdrag fr\u00e5 Barne- og familiedepartementet. M\u00e5let er [&hellip;]","og_url":"https:\/\/reklameskolen.devz.no\/ungdomsskole\/nn\/laererveiledning-2\/","og_site_name":"Ungdomskole Nynorsk","article_modified_time":"2024-05-08T10:50:02+00:00","twitter_card":"summary_large_image","twitter_misc":{"Est. reading time":"3 minutes"},"schema":{"@context":"https:\/\/schema.org","@graph":[{"@type":"WebPage","@id":"https:\/\/reklameskolen.devz.no\/ungdomsskole\/nn\/laererveiledning-2\/","url":"https:\/\/reklameskolen.devz.no\/ungdomsskole\/nn\/laererveiledning-2\/","name":"L\u00e6rerveiledning Nynorsk - Ungdomskole Nynorsk","isPartOf":{"@id":"https:\/\/reklameskolen.devz.no\/ungdomsskole\/nn\/#website"},"primaryImageOfPage":{"@id":"https:\/\/reklameskolen.devz.no\/ungdomsskole\/nn\/laererveiledning-2\/#primaryimage"},"image":{"@id":"https:\/\/reklameskolen.devz.no\/ungdomsskole\/nn\/laererveiledning-2\/#primaryimage"},"thumbnailUrl":"https:\/\/reklameskolen.devz.no\/barneskole\/files\/2024\/05\/award.png","datePublished":"2022-03-02T10:18:47+00:00","dateModified":"2024-05-08T10:50:02+00:00","breadcrumb":{"@id":"https:\/\/reklameskolen.devz.no\/ungdomsskole\/nn\/laererveiledning-2\/#breadcrumb"},"inLanguage":"en-US","potentialAction":[{"@type":"ReadAction","target":["https:\/\/reklameskolen.devz.no\/ungdomsskole\/nn\/laererveiledning-2\/"]}]},{"@type":"ImageObject","inLanguage":"en-US","@id":"https:\/\/reklameskolen.devz.no\/ungdomsskole\/nn\/laererveiledning-2\/#primaryimage","url":"https:\/\/reklameskolen.devz.no\/barneskole\/files\/2024\/05\/award.png","contentUrl":"https:\/\/reklameskolen.devz.no\/barneskole\/files\/2024\/05\/award.png"},{"@type":"BreadcrumbList","@id":"https:\/\/reklameskolen.devz.no\/ungdomsskole\/nn\/laererveiledning-2\/#breadcrumb","itemListElement":[{"@type":"ListItem","position":1,"name":"Home","item":"https:\/\/reklameskolen.devz.no\/ungdomsskole\/nn\/"},{"@type":"ListItem","position":2,"name":"L\u00e6rerveiledning Nynorsk"}]},{"@type":"WebSite","@id":"https:\/\/reklameskolen.devz.no\/ungdomsskole\/nn\/#website","url":"https:\/\/reklameskolen.devz.no\/ungdomsskole\/nn\/","name":"Ungdomskole Nynorsk","description":"Oppl\u00e6ringsverkt\u00f8y om reklame","publisher":{"@id":"https:\/\/reklameskolen.devz.no\/ungdomsskole\/nn\/#organization"},"potentialAction":[{"@type":"SearchAction","target":{"@type":"EntryPoint","urlTemplate":"https:\/\/reklameskolen.devz.no\/ungdomsskole\/nn\/?s={search_term_string}"},"query-input":{"@type":"PropertyValueSpecification","valueRequired":true,"valueName":"search_term_string"}}],"inLanguage":"en-US"},{"@type":"Organization","@id":"https:\/\/reklameskolen.devz.no\/ungdomsskole\/nn\/#organization","name":"Ungdomskole Nynorsk","url":"https:\/\/reklameskolen.devz.no\/ungdomsskole\/nn\/","logo":{"@type":"ImageObject","inLanguage":"en-US","@id":"https:\/\/reklameskolen.devz.no\/ungdomsskole\/nn\/#\/schema\/logo\/image\/","url":"https:\/\/reklameskolen.devz.no\/wp-content\/uploads\/2023\/08\/Reklameskolen-Logo-01.png","contentUrl":"https:\/\/reklameskolen.devz.no\/wp-content\/uploads\/2023\/08\/Reklameskolen-Logo-01.png","caption":"Ungdomskole Nynorsk"},"image":{"@id":"https:\/\/reklameskolen.devz.no\/ungdomsskole\/nn\/#\/schema\/logo\/image\/"}}]}},"_links":{"self":[{"href":"https:\/\/reklameskolen.devz.no\/ungdomsskole\/nn\/wp-json\/wp\/v2\/pages\/1740","targetHints":{"allow":["GET"]}}],"collection":[{"href":"https:\/\/reklameskolen.devz.no\/ungdomsskole\/nn\/wp-json\/wp\/v2\/pages"}],"about":[{"href":"https:\/\/reklameskolen.devz.no\/ungdomsskole\/nn\/wp-json\/wp\/v2\/types\/page"}],"author":[{"embeddable":true,"href":"https:\/\/reklameskolen.devz.no\/ungdomsskole\/nn\/wp-json\/wp\/v2\/users\/4"}],"replies":[{"embeddable":true,"href":"https:\/\/reklameskolen.devz.no\/ungdomsskole\/nn\/wp-json\/wp\/v2\/comments?post=1740"}],"version-history":[{"count":54,"href":"https:\/\/reklameskolen.devz.no\/ungdomsskole\/nn\/wp-json\/wp\/v2\/pages\/1740\/revisions"}],"predecessor-version":[{"id":3920,"href":"https:\/\/reklameskolen.devz.no\/ungdomsskole\/nn\/wp-json\/wp\/v2\/pages\/1740\/revisions\/3920"}],"wp:attachment":[{"href":"https:\/\/reklameskolen.devz.no\/ungdomsskole\/nn\/wp-json\/wp\/v2\/media?parent=1740"}],"curies":[{"name":"wp","href":"https:\/\/api.w.org\/{rel}","templated":true}]}}