{"id":2317,"date":"2022-04-01T14:40:51","date_gmt":"2022-04-01T12:40:51","guid":{"rendered":"https:\/\/reklameskolen.devz.no\/?page_id=2317"},"modified":"2024-10-03T14:39:53","modified_gmt":"2024-10-03T12:39:53","slug":"reklame-i-spill","status":"publish","type":"page","link":"https:\/\/reklameskolen.devz.no\/ungdomsskole\/nn\/reklame-i-spill\/","title":{"rendered":"Reklame i spel"},"content":{"rendered":"\n<div style=\"height:100px\" aria-hidden=\"true\" class=\"wp-block-spacer\"><\/div>\n\n\n\n<div class=\"wp-block-columns alignwide is-layout-flex wp-container-core-columns-is-layout-28f84493 wp-block-columns-is-layout-flex\">\n<div class=\"wp-block-column is-layout-flow wp-block-column-is-layout-flow\" style=\"padding-top:0;padding-right:0;padding-bottom:0;padding-left:0;flex-basis:60%\">\n<h1 class=\"wp-block-heading\">Reklame i spel<\/h1>\n\n\n\n<p>Har du nokon gong tenkt over korleis spelstudioa kan tene pengar p\u00e5 spel det er gratis \u00e5 spele? Har du lurt p\u00e5 kvifor ekte produkt som bilar eller energidrikkar dukkar opp i spel etter spel? Eller har du irritert deg over spel som pr\u00f8ver \u00e5 f\u00e5 deg til \u00e5 kj\u00f8pe <strong>lootboksar<\/strong>, kortpakkar, <strong>skins <\/strong>eller <strong>spelpengar<\/strong>?<\/p>\n\n\n\n<p>Mange spelprodusenter tener pengar p\u00e5 reklame. Nokon f\u00e5r betalt for <strong>produktplassering<\/strong>. Bilmerke betaler for eksempel for \u00e5 f\u00e5 bilane sine med i popul\u00e6re bilspel. Utstyrsprodusentar kan betale for \u00e5 plassere utstyr og klede i alle slags sportsspel.  <\/p>\n\n\n\n<p>N\u00e5r ein ekte sportsbil, eit sn\u00f8brett, ein energidrikk eller ei kul jakke dukkar opp i eit spel, f\u00e5r spelarar over heile verda sj\u00e5 dette produktet. Dei blir eksponerte for produktet, selskapet bak det, og logoen til selskapet. Dermed blir selskapa kjent, og kan selje fleire produkt. <\/p>\n\n\n\n<h2 class=\"wp-block-heading alignwide\" id=\"dyre-gratisspill\">Dyre gratisspel<\/h2>\n\n\n\n<p>Sj\u00f8lv om eit spel er gratis \u00e5 spele, kan det fort bli dyrt likevel. I mange spel blir du n\u00e6rast bombardert med tilbod om \u00e5 kj\u00f8pe spelpengar<strong>,<\/strong> v\u00e5pen eller ekstra innhald. I nokre spel er det nesten umogleg \u00e5 gjere det bra utan \u00e5 bruke ekte pengar p\u00e5 ekstra innhald. Viss ein ikkje passar godt p\u00e5, kan det fort bli veldig dyrt.<\/p>\n\n\n\n<p>I mange spel kan ein \u00f2g kj\u00f8pe s\u00e5kalla lootboksar eller kortpakkar. Dette er ein slags forundringspakkar. Produsenten freistar ofte med at dei kan innehalde figurar, v\u00e5pen eller utstyr som gjer det lettare \u00e5 gjere det bra i spelet. Men spelaren veit ikkje kva pakken faktisk inneheld f\u00f8r han er kj\u00f8pt og betalt.<\/p>\n\n\n\n<p>Det er ikkje alle former for reklame og sal i spel som er lov. Det er for eksempel forbode \u00e5 bruke&nbsp;direkte&nbsp;kj\u00f8psoppfordringar&nbsp;retta mot barn og unge \u2013 \u00f2g i spel.<\/p>\n<\/div>\n\n\n\n<div class=\"wp-block-column is-layout-flow wp-block-column-is-layout-flow\" style=\"flex-basis:40%\">\n<div class=\"wp-block-group is-style-fact-box is-layout-flow wp-block-group-is-layout-flow\">\n<h2 class=\"wp-block-heading\" id=\"ordliste\">Ordliste<\/h2>\n\n\n\n<ul class=\"wp-block-list\">\n<li><strong>Lootboks:<\/strong> Ein lootboks er ei slags vare som kan finnast, vinnast eller kj\u00f8past i mange spel. Spelaren veit ikkje p\u00e5 f\u00f8rehand kva lootboksen inneheld.<\/li>\n\n\n\n<li><strong>Produktplassering:<\/strong> N\u00e5r eit firma kj\u00f8per plass i ein film, eit tv-program eller eit spel for \u00e5 vise fram sitt eige produkt eller varemerke.<\/li>\n\n\n\n<li><strong>Spelpenger:<\/strong> Ein slags pengar du kan bruke til \u00e5 kj\u00f8pe ting i eit spel. Som regel kan ein tene spelpenger ved \u00e5 spele, men ofte kan dei blir kj\u00f8pt for ekte pengar \u00f2g.<\/li>\n\n\n\n<li><strong>Skin:<\/strong> Ein slags tillegspakke som endrar utsj\u00e5naden til gjenstandar eller karakterar i spelet.<\/li>\n<\/ul>\n<\/div>\n\n\n\n<div style=\"height:30px\" aria-hidden=\"true\" class=\"wp-block-spacer\"><\/div>\n\n\n\n<div class=\"wp-block-group is-style-tableofcontent has-palette-color-5-background-color has-background is-layout-constrained wp-block-group-is-layout-constrained\">\n<h2 class=\"wp-block-heading has-palette-color-4-color has-palette-color-5-background-color has-text-color has-background\">Kj\u00f8p i spel<\/h2>\n\n\n\n<blockquote class=\"wp-block-quote is-layout-flow wp-block-quote-is-layout-flow\">\n<p>Kj\u00f8p i spel er veldig vanleg. 58 % av 9-18-\u00e5ringar som spelar spel har kj\u00f8pt noko med ekte pengar i spel.<\/p>\n<cite><a rel=\"noreferrer noopener\" href=\"https:\/\/www.medietilsynet.no\/globalassets\/publikasjoner\/barn-og-medier-undersokelser\/2020\/201015-barn-og-medier-2020-hovedrapport-med-engelsk-summary.pdf\" target=\"_blank\">Kilde: Unders\u00f8kelsen Barn og medier 2020.<\/a><\/cite><\/blockquote>\n<\/div>\n\n\n\n<div style=\"height:30px\" aria-hidden=\"true\" class=\"wp-block-spacer\"><\/div>\n\n\n\n<div class=\"wp-block-group is-style-tableofcontent has-palette-color-5-background-color has-background is-layout-flow wp-block-group-is-layout-flow\">\n<h2 class=\"wp-block-heading has-palette-color-4-color has-palette-color-5-background-color has-text-color has-background\" id=\"ekstra-vil-du-vite-mer\">Ekstra: Vil du vite meir?<\/h2>\n\n\n\n<p>Vil du vite meir om pengebruk i spel? D\u00e5 kan du lese meir hos Medietilsynet.<\/p>\n\n\n\n<div class=\"wp-block-buttons is-content-justification-center is-layout-flex wp-container-core-buttons-is-layout-a89b3969 wp-block-buttons-is-layout-flex\">\n<div class=\"wp-block-button\"><a class=\"wp-block-button__link has-palette-color-8-color has-palette-color-3-background-color has-text-color has-background wp-element-button\" href=\"https:\/\/www.medietilsynet.no\/digitale-medier\/dataspill\/pengebruk-i-dataspill\/\" target=\"_blank\" rel=\"noreferrer noopener\">Til Medietilsynet<\/a><\/div>\n<\/div>\n<\/div>\n<\/div>\n<\/div>\n\n\n\n<div style=\"height:70px\" aria-hidden=\"true\" class=\"wp-block-spacer\"><\/div>\n\n\n\n<div class=\"wp-block-group alignwide is-style-questions is-layout-flow wp-block-group-is-layout-flow\">\n<h2 class=\"wp-block-heading\" id=\"ser-du-reklamen\">Finn reklamen<\/h2>\n\n\n<div class=\"h5p-iframe-wrapper\"><iframe id=\"h5p-iframe-100\" class=\"h5p-iframe\" data-content-id=\"100\" style=\"height:1px\" src=\"about:blank\" frameBorder=\"0\" scrolling=\"no\" title=\"Reklame i spel NYNORSK\"><\/iframe><\/div>\n<\/div>\n\n\n\n<div style=\"height:100px\" aria-hidden=\"true\" class=\"wp-block-spacer\"><\/div>\n\n\n\n<div class=\"wp-block-group alignfull is-style-pagination has-palette-color-4-background-color has-background is-layout-flow wp-block-group-is-layout-flow\">\n<div class=\"wp-block-columns is-layout-flex wp-container-core-columns-is-layout-28f84493 wp-block-columns-is-layout-flex\">\n<div class=\"wp-block-column is-layout-flow wp-block-column-is-layout-flow\">\n<div class=\"wp-block-buttons is-layout-flex wp-block-buttons-is-layout-flex\">\n<div class=\"wp-block-button\"><a class=\"wp-block-button__link wp-element-button\" href=\"https:\/\/reklameskolen.devz.no\/ungdomsskole\/nn\/metoder-medier-og-miljo\/barn-og-unge-som-malgruppe\/barns-rettsvern-i-lovgivningen\/\">Tilbake til &#8220;Beskytta av lova&#8221;<\/a><\/div>\n<\/div>\n<\/div>\n\n\n\n<div class=\"wp-block-column is-layout-flow wp-block-column-is-layout-flow\">\n<div class=\"wp-block-buttons is-horizontal is-content-justification-right is-layout-flex wp-container-core-buttons-is-layout-30af2ff6 wp-block-buttons-is-layout-flex\">\n<div class=\"wp-block-button\"><a class=\"wp-block-button__link wp-element-button\" href=\"https:\/\/reklameskolen.devz.no\/ungdomsskole\/nn\/metoder-medier-og-miljo\/baerekraft\/\">Vidare til &#8220;Klima og milj\u00f8&#8221;<\/a><\/div>\n<\/div>\n<\/div>\n<\/div>\n<\/div>\n\n\n\n<p><\/p>\n","protected":false},"excerpt":{"rendered":"<p>Reklame i spel Har du nokon gong tenkt over korleis spelstudioa kan tene pengar p\u00e5 spel det er gratis \u00e5 spele? Har du lurt p\u00e5 kvifor ekte produkt som bilar eller energidrikkar dukkar opp i spel etter spel? Eller har du irritert deg over spel som pr\u00f8ver \u00e5 f\u00e5 deg til \u00e5 kj\u00f8pe lootboksar, kortpakkar, [&hellip;]<\/p>\n","protected":false},"author":4,"featured_media":0,"parent":0,"menu_order":0,"comment_status":"closed","ping_status":"closed","template":"","meta":{"_acf_changed":false,"editor_notices":[],"footnotes":""},"class_list":["post-2317","page","type-page","status-publish","hentry"],"blocksy_meta":{"styles_descriptor":{"styles":{"desktop":"","tablet":"","mobile":""},"google_fonts":[],"version":6}},"acf":[],"yoast_head":"<!-- This site is optimized with the Yoast SEO plugin v25.9 - https:\/\/yoast.com\/wordpress\/plugins\/seo\/ -->\n<title>Reklame i spel - Ungdomskole Nynorsk<\/title>\n<meta name=\"robots\" content=\"index, follow, max-snippet:-1, max-image-preview:large, max-video-preview:-1\" \/>\n<link rel=\"canonical\" href=\"https:\/\/reklameskolen.devz.no\/ungdomsskole\/nn\/reklame-i-spill\/\" \/>\n<meta property=\"og:locale\" content=\"en_US\" \/>\n<meta property=\"og:type\" content=\"article\" \/>\n<meta property=\"og:title\" content=\"Reklame i spel - Ungdomskole Nynorsk\" \/>\n<meta property=\"og:description\" content=\"Reklame i spel Har du nokon gong tenkt over korleis spelstudioa kan tene pengar p\u00e5 spel det er gratis \u00e5 spele? Har du lurt p\u00e5 kvifor ekte produkt som bilar eller energidrikkar dukkar opp i spel etter spel? Eller har du irritert deg over spel som pr\u00f8ver \u00e5 f\u00e5 deg til \u00e5 kj\u00f8pe lootboksar, kortpakkar, [&hellip;]\" \/>\n<meta property=\"og:url\" content=\"https:\/\/reklameskolen.devz.no\/ungdomsskole\/nn\/reklame-i-spill\/\" \/>\n<meta property=\"og:site_name\" content=\"Ungdomskole Nynorsk\" \/>\n<meta property=\"article:modified_time\" content=\"2024-10-03T12:39:53+00:00\" \/>\n<meta name=\"twitter:card\" content=\"summary_large_image\" \/>\n<meta name=\"twitter:label1\" content=\"Est. reading time\" \/>\n\t<meta name=\"twitter:data1\" content=\"2 minutes\" \/>\n<script type=\"application\/ld+json\" class=\"yoast-schema-graph\">{\"@context\":\"https:\/\/schema.org\",\"@graph\":[{\"@type\":\"WebPage\",\"@id\":\"https:\/\/reklameskolen.devz.no\/ungdomsskole\/nn\/reklame-i-spill\/\",\"url\":\"https:\/\/reklameskolen.devz.no\/ungdomsskole\/nn\/reklame-i-spill\/\",\"name\":\"Reklame i spel - Ungdomskole Nynorsk\",\"isPartOf\":{\"@id\":\"https:\/\/reklameskolen.devz.no\/ungdomsskole\/nn\/#website\"},\"datePublished\":\"2022-04-01T12:40:51+00:00\",\"dateModified\":\"2024-10-03T12:39:53+00:00\",\"breadcrumb\":{\"@id\":\"https:\/\/reklameskolen.devz.no\/ungdomsskole\/nn\/reklame-i-spill\/#breadcrumb\"},\"inLanguage\":\"en-US\",\"potentialAction\":[{\"@type\":\"ReadAction\",\"target\":[\"https:\/\/reklameskolen.devz.no\/ungdomsskole\/nn\/reklame-i-spill\/\"]}]},{\"@type\":\"BreadcrumbList\",\"@id\":\"https:\/\/reklameskolen.devz.no\/ungdomsskole\/nn\/reklame-i-spill\/#breadcrumb\",\"itemListElement\":[{\"@type\":\"ListItem\",\"position\":1,\"name\":\"Home\",\"item\":\"https:\/\/reklameskolen.devz.no\/ungdomsskole\/nn\/\"},{\"@type\":\"ListItem\",\"position\":2,\"name\":\"Reklame i spel\"}]},{\"@type\":\"WebSite\",\"@id\":\"https:\/\/reklameskolen.devz.no\/ungdomsskole\/nn\/#website\",\"url\":\"https:\/\/reklameskolen.devz.no\/ungdomsskole\/nn\/\",\"name\":\"Ungdomskole Nynorsk\",\"description\":\"Oppl\u00e6ringsverkt\u00f8y om reklame\",\"publisher\":{\"@id\":\"https:\/\/reklameskolen.devz.no\/ungdomsskole\/nn\/#organization\"},\"potentialAction\":[{\"@type\":\"SearchAction\",\"target\":{\"@type\":\"EntryPoint\",\"urlTemplate\":\"https:\/\/reklameskolen.devz.no\/ungdomsskole\/nn\/?s={search_term_string}\"},\"query-input\":{\"@type\":\"PropertyValueSpecification\",\"valueRequired\":true,\"valueName\":\"search_term_string\"}}],\"inLanguage\":\"en-US\"},{\"@type\":\"Organization\",\"@id\":\"https:\/\/reklameskolen.devz.no\/ungdomsskole\/nn\/#organization\",\"name\":\"Ungdomskole Nynorsk\",\"url\":\"https:\/\/reklameskolen.devz.no\/ungdomsskole\/nn\/\",\"logo\":{\"@type\":\"ImageObject\",\"inLanguage\":\"en-US\",\"@id\":\"https:\/\/reklameskolen.devz.no\/ungdomsskole\/nn\/#\/schema\/logo\/image\/\",\"url\":\"https:\/\/reklameskolen.devz.no\/wp-content\/uploads\/2023\/08\/Reklameskolen-Logo-01.png\",\"contentUrl\":\"https:\/\/reklameskolen.devz.no\/wp-content\/uploads\/2023\/08\/Reklameskolen-Logo-01.png\",\"caption\":\"Ungdomskole Nynorsk\"},\"image\":{\"@id\":\"https:\/\/reklameskolen.devz.no\/ungdomsskole\/nn\/#\/schema\/logo\/image\/\"}}]}<\/script>\n<!-- \/ Yoast SEO plugin. -->","yoast_head_json":{"title":"Reklame i spel - Ungdomskole Nynorsk","robots":{"index":"index","follow":"follow","max-snippet":"max-snippet:-1","max-image-preview":"max-image-preview:large","max-video-preview":"max-video-preview:-1"},"canonical":"https:\/\/reklameskolen.devz.no\/ungdomsskole\/nn\/reklame-i-spill\/","og_locale":"en_US","og_type":"article","og_title":"Reklame i spel - Ungdomskole Nynorsk","og_description":"Reklame i spel Har du nokon gong tenkt over korleis spelstudioa kan tene pengar p\u00e5 spel det er gratis \u00e5 spele? Har du lurt p\u00e5 kvifor ekte produkt som bilar eller energidrikkar dukkar opp i spel etter spel? Eller har du irritert deg over spel som pr\u00f8ver \u00e5 f\u00e5 deg til \u00e5 kj\u00f8pe lootboksar, kortpakkar, [&hellip;]","og_url":"https:\/\/reklameskolen.devz.no\/ungdomsskole\/nn\/reklame-i-spill\/","og_site_name":"Ungdomskole Nynorsk","article_modified_time":"2024-10-03T12:39:53+00:00","twitter_card":"summary_large_image","twitter_misc":{"Est. reading time":"2 minutes"},"schema":{"@context":"https:\/\/schema.org","@graph":[{"@type":"WebPage","@id":"https:\/\/reklameskolen.devz.no\/ungdomsskole\/nn\/reklame-i-spill\/","url":"https:\/\/reklameskolen.devz.no\/ungdomsskole\/nn\/reklame-i-spill\/","name":"Reklame i spel - Ungdomskole Nynorsk","isPartOf":{"@id":"https:\/\/reklameskolen.devz.no\/ungdomsskole\/nn\/#website"},"datePublished":"2022-04-01T12:40:51+00:00","dateModified":"2024-10-03T12:39:53+00:00","breadcrumb":{"@id":"https:\/\/reklameskolen.devz.no\/ungdomsskole\/nn\/reklame-i-spill\/#breadcrumb"},"inLanguage":"en-US","potentialAction":[{"@type":"ReadAction","target":["https:\/\/reklameskolen.devz.no\/ungdomsskole\/nn\/reklame-i-spill\/"]}]},{"@type":"BreadcrumbList","@id":"https:\/\/reklameskolen.devz.no\/ungdomsskole\/nn\/reklame-i-spill\/#breadcrumb","itemListElement":[{"@type":"ListItem","position":1,"name":"Home","item":"https:\/\/reklameskolen.devz.no\/ungdomsskole\/nn\/"},{"@type":"ListItem","position":2,"name":"Reklame i spel"}]},{"@type":"WebSite","@id":"https:\/\/reklameskolen.devz.no\/ungdomsskole\/nn\/#website","url":"https:\/\/reklameskolen.devz.no\/ungdomsskole\/nn\/","name":"Ungdomskole Nynorsk","description":"Oppl\u00e6ringsverkt\u00f8y om reklame","publisher":{"@id":"https:\/\/reklameskolen.devz.no\/ungdomsskole\/nn\/#organization"},"potentialAction":[{"@type":"SearchAction","target":{"@type":"EntryPoint","urlTemplate":"https:\/\/reklameskolen.devz.no\/ungdomsskole\/nn\/?s={search_term_string}"},"query-input":{"@type":"PropertyValueSpecification","valueRequired":true,"valueName":"search_term_string"}}],"inLanguage":"en-US"},{"@type":"Organization","@id":"https:\/\/reklameskolen.devz.no\/ungdomsskole\/nn\/#organization","name":"Ungdomskole Nynorsk","url":"https:\/\/reklameskolen.devz.no\/ungdomsskole\/nn\/","logo":{"@type":"ImageObject","inLanguage":"en-US","@id":"https:\/\/reklameskolen.devz.no\/ungdomsskole\/nn\/#\/schema\/logo\/image\/","url":"https:\/\/reklameskolen.devz.no\/wp-content\/uploads\/2023\/08\/Reklameskolen-Logo-01.png","contentUrl":"https:\/\/reklameskolen.devz.no\/wp-content\/uploads\/2023\/08\/Reklameskolen-Logo-01.png","caption":"Ungdomskole Nynorsk"},"image":{"@id":"https:\/\/reklameskolen.devz.no\/ungdomsskole\/nn\/#\/schema\/logo\/image\/"}}]}},"_links":{"self":[{"href":"https:\/\/reklameskolen.devz.no\/ungdomsskole\/nn\/wp-json\/wp\/v2\/pages\/2317","targetHints":{"allow":["GET"]}}],"collection":[{"href":"https:\/\/reklameskolen.devz.no\/ungdomsskole\/nn\/wp-json\/wp\/v2\/pages"}],"about":[{"href":"https:\/\/reklameskolen.devz.no\/ungdomsskole\/nn\/wp-json\/wp\/v2\/types\/page"}],"author":[{"embeddable":true,"href":"https:\/\/reklameskolen.devz.no\/ungdomsskole\/nn\/wp-json\/wp\/v2\/users\/4"}],"replies":[{"embeddable":true,"href":"https:\/\/reklameskolen.devz.no\/ungdomsskole\/nn\/wp-json\/wp\/v2\/comments?post=2317"}],"version-history":[{"count":85,"href":"https:\/\/reklameskolen.devz.no\/ungdomsskole\/nn\/wp-json\/wp\/v2\/pages\/2317\/revisions"}],"predecessor-version":[{"id":3951,"href":"https:\/\/reklameskolen.devz.no\/ungdomsskole\/nn\/wp-json\/wp\/v2\/pages\/2317\/revisions\/3951"}],"wp:attachment":[{"href":"https:\/\/reklameskolen.devz.no\/ungdomsskole\/nn\/wp-json\/wp\/v2\/media?parent=2317"}],"curies":[{"name":"wp","href":"https:\/\/api.w.org\/{rel}","templated":true}]}}