{"id":2924,"date":"2022-04-20T14:58:25","date_gmt":"2022-04-20T12:58:25","guid":{"rendered":"https:\/\/reklameskolen.devz.no\/?page_id=2924"},"modified":"2024-03-21T15:29:41","modified_gmt":"2024-03-21T14:29:41","slug":"personvern","status":"publish","type":"page","link":"https:\/\/reklameskolen.devz.no\/ungdomsskole\/nn\/personvern\/","title":{"rendered":"Personvern"},"content":{"rendered":"\n<h1 class=\"wp-block-heading\" id=\"personvern\">Personvernerkl\u00e6ring<\/h1>\n\n\n\n<p>Nettsida reklameskolen.no er utvikla av <a rel=\"noreferrer noopener\" href=\"https:\/\/no.frontkom.com\/\" target=\"_blank\">Frontkom <\/a>p\u00e5 oppdrag fr\u00e5 <a rel=\"noreferrer noopener\" href=\"https:\/\/www.forbrukertilsynet.no\/\" target=\"_blank\">Forbrukertilsynet<\/a>. <\/p>\n\n\n\n<p>Frontkom er databehandlar for informasjon som blir samla inn p\u00e5 nettsida. Denne informasjonen blir lagra p\u00e5 eigne serverar i Noreg. <\/p>\n\n\n\n<p>Det er berre tilsett hos Forbrukertilsynet og Frontkom som har tilgang til opplysningane som blir lagra. Ein eigen databehandleravtale mellom Forbrukertilsynet og Frontkom regulerer kva slags informasjon leverand\u00f8ren har tilgang til og kva leverand\u00f8ren kan gjere med denne informasjonen. <\/p>\n\n\n\n<div class=\"wp-block-columns is-layout-flex wp-container-core-columns-is-layout-28f84493 wp-block-columns-is-layout-flex\">\n<div class=\"wp-block-column is-layout-flow wp-block-column-is-layout-flow\" style=\"flex-basis:66.66%\">\n<h2 class=\"wp-block-heading\" id=\"informasjonskapsler-og-tipsskjema\">Informasjonskapslar<\/h2>\n\n\n\n<p>Ein informasjonskapsel (cookie) er ei lita tekstfil som blir lasta ned og lagra p\u00e5 maskina di.<\/p>\n\n\n\n<p>N\u00e5r du brukar Reklameskolen, blir det plassert to slike informasjonskapslar i nettlesaren din. Dei har namn som begynner med _pk_id og _pk_ses.<\/p>\n\n\n\n<p>Dei to informasjonskapslane kjem fr\u00e5 eit program som heiter Matomo. Forbrukartilsynet nyttar dette programmet for \u00e5 samle inn informasjon om korleis du brukar Reklameskolen. Det gjer vi for \u00e5 kunne gjere Reklameskolen betre og meir nyttig for deg og andre brukarar.<\/p>\n\n\n\n<p>Informasjonen Matomo samlar inn, blir lagra i Noreg. All informasjonen blir anonymisert. Vi samlar ikkje inn nokon informasjon som kan knytast direkte til IP-adressa di. Vi veit alts\u00e5 ikkje kven du er eller kor du bur.<\/p>\n<\/div>\n\n\n\n<div class=\"wp-block-column is-layout-flow wp-block-column-is-layout-flow\" style=\"flex-basis:33.33%\">\n<div style=\"height:80px\" aria-hidden=\"true\" class=\"wp-block-spacer\"><\/div>\n\n\n\n<div class=\"wp-block-group is-style-tableofcontent has-palette-color-5-background-color has-background is-layout-flow wp-block-group-is-layout-flow\">\n<h2 class=\"wp-block-heading has-palette-color-4-color has-palette-color-5-background-color has-text-color has-background\" id=\"vil-du-vite-mer-om-hvordan-forbrukertilsynet-behandler-personopplysninger\">Vil du vite meir om korleis Forbrukertilsynet behandlar personopplysningar?<\/h2>\n\n\n\n<p>Les meir i personvernerkl\u00e6ringa til Forbrukartilsynet.<\/p>\n\n\n\n<div class=\"wp-block-buttons is-content-justification-center is-layout-flex wp-container-core-buttons-is-layout-a89b3969 wp-block-buttons-is-layout-flex\">\n<div class=\"wp-block-button\"><a class=\"wp-block-button__link has-palette-color-8-color has-palette-color-3-background-color has-text-color has-background wp-element-button\" href=\"https:\/\/www.forbrukertilsynet.no\/personvern\" target=\"_blank\" rel=\"noreferrer noopener\">Les meir hos Forbrukartilsynet<\/a><\/div>\n<\/div>\n<\/div>\n<\/div>\n<\/div>\n\n\n\n<div style=\"height:100px\" aria-hidden=\"true\" class=\"wp-block-spacer\"><\/div>\n","protected":false},"excerpt":{"rendered":"<p>Personvernerkl\u00e6ring Nettsida reklameskolen.no er utvikla av Frontkom p\u00e5 oppdrag fr\u00e5 Forbrukertilsynet. Frontkom er databehandlar for informasjon som blir samla inn p\u00e5 nettsida. Denne informasjonen blir lagra p\u00e5 eigne serverar i Noreg. Det er berre tilsett hos Forbrukertilsynet og Frontkom som har tilgang til opplysningane som blir lagra. Ein eigen databehandleravtale mellom Forbrukertilsynet og Frontkom regulerer [&hellip;]<\/p>\n","protected":false},"author":4,"featured_media":0,"parent":0,"menu_order":0,"comment_status":"closed","ping_status":"closed","template":"","meta":{"_acf_changed":false,"editor_notices":[],"footnotes":""},"class_list":["post-2924","page","type-page","status-publish","hentry"],"blocksy_meta":{"styles_descriptor":{"styles":{"desktop":"","tablet":"","mobile":""},"google_fonts":[],"version":6}},"acf":[],"yoast_head":"<!-- This site is optimized with the Yoast SEO plugin v25.9 - https:\/\/yoast.com\/wordpress\/plugins\/seo\/ -->\n<title>Personvern - Ungdomskole Nynorsk<\/title>\n<meta name=\"robots\" content=\"index, follow, max-snippet:-1, max-image-preview:large, max-video-preview:-1\" \/>\n<link rel=\"canonical\" href=\"https:\/\/reklameskolen.devz.no\/ungdomsskole\/nn\/personvern\/\" \/>\n<meta property=\"og:locale\" content=\"en_US\" \/>\n<meta property=\"og:type\" content=\"article\" \/>\n<meta property=\"og:title\" content=\"Personvern - Ungdomskole Nynorsk\" \/>\n<meta property=\"og:description\" content=\"Personvernerkl\u00e6ring Nettsida reklameskolen.no er utvikla av Frontkom p\u00e5 oppdrag fr\u00e5 Forbrukertilsynet. Frontkom er databehandlar for informasjon som blir samla inn p\u00e5 nettsida. Denne informasjonen blir lagra p\u00e5 eigne serverar i Noreg. Det er berre tilsett hos Forbrukertilsynet og Frontkom som har tilgang til opplysningane som blir lagra. Ein eigen databehandleravtale mellom Forbrukertilsynet og Frontkom regulerer [&hellip;]\" \/>\n<meta property=\"og:url\" content=\"https:\/\/reklameskolen.devz.no\/ungdomsskole\/nn\/personvern\/\" \/>\n<meta property=\"og:site_name\" content=\"Ungdomskole Nynorsk\" \/>\n<meta property=\"article:modified_time\" content=\"2024-03-21T14:29:41+00:00\" \/>\n<meta name=\"twitter:card\" content=\"summary_large_image\" \/>\n<meta name=\"twitter:label1\" content=\"Est. reading time\" \/>\n\t<meta name=\"twitter:data1\" content=\"1 minute\" \/>\n<script type=\"application\/ld+json\" class=\"yoast-schema-graph\">{\"@context\":\"https:\/\/schema.org\",\"@graph\":[{\"@type\":\"WebPage\",\"@id\":\"https:\/\/reklameskolen.devz.no\/ungdomsskole\/nn\/personvern\/\",\"url\":\"https:\/\/reklameskolen.devz.no\/ungdomsskole\/nn\/personvern\/\",\"name\":\"Personvern - Ungdomskole Nynorsk\",\"isPartOf\":{\"@id\":\"https:\/\/reklameskolen.devz.no\/ungdomsskole\/nn\/#website\"},\"datePublished\":\"2022-04-20T12:58:25+00:00\",\"dateModified\":\"2024-03-21T14:29:41+00:00\",\"breadcrumb\":{\"@id\":\"https:\/\/reklameskolen.devz.no\/ungdomsskole\/nn\/personvern\/#breadcrumb\"},\"inLanguage\":\"en-US\",\"potentialAction\":[{\"@type\":\"ReadAction\",\"target\":[\"https:\/\/reklameskolen.devz.no\/ungdomsskole\/nn\/personvern\/\"]}]},{\"@type\":\"BreadcrumbList\",\"@id\":\"https:\/\/reklameskolen.devz.no\/ungdomsskole\/nn\/personvern\/#breadcrumb\",\"itemListElement\":[{\"@type\":\"ListItem\",\"position\":1,\"name\":\"Home\",\"item\":\"https:\/\/reklameskolen.devz.no\/ungdomsskole\/nn\/\"},{\"@type\":\"ListItem\",\"position\":2,\"name\":\"Personvern\"}]},{\"@type\":\"WebSite\",\"@id\":\"https:\/\/reklameskolen.devz.no\/ungdomsskole\/nn\/#website\",\"url\":\"https:\/\/reklameskolen.devz.no\/ungdomsskole\/nn\/\",\"name\":\"Ungdomskole Nynorsk\",\"description\":\"Oppl\u00e6ringsverkt\u00f8y om reklame\",\"publisher\":{\"@id\":\"https:\/\/reklameskolen.devz.no\/ungdomsskole\/nn\/#organization\"},\"potentialAction\":[{\"@type\":\"SearchAction\",\"target\":{\"@type\":\"EntryPoint\",\"urlTemplate\":\"https:\/\/reklameskolen.devz.no\/ungdomsskole\/nn\/?s={search_term_string}\"},\"query-input\":{\"@type\":\"PropertyValueSpecification\",\"valueRequired\":true,\"valueName\":\"search_term_string\"}}],\"inLanguage\":\"en-US\"},{\"@type\":\"Organization\",\"@id\":\"https:\/\/reklameskolen.devz.no\/ungdomsskole\/nn\/#organization\",\"name\":\"Ungdomskole Nynorsk\",\"url\":\"https:\/\/reklameskolen.devz.no\/ungdomsskole\/nn\/\",\"logo\":{\"@type\":\"ImageObject\",\"inLanguage\":\"en-US\",\"@id\":\"https:\/\/reklameskolen.devz.no\/ungdomsskole\/nn\/#\/schema\/logo\/image\/\",\"url\":\"https:\/\/reklameskolen.devz.no\/wp-content\/uploads\/2023\/08\/Reklameskolen-Logo-01.png\",\"contentUrl\":\"https:\/\/reklameskolen.devz.no\/wp-content\/uploads\/2023\/08\/Reklameskolen-Logo-01.png\",\"caption\":\"Ungdomskole Nynorsk\"},\"image\":{\"@id\":\"https:\/\/reklameskolen.devz.no\/ungdomsskole\/nn\/#\/schema\/logo\/image\/\"}}]}<\/script>\n<!-- \/ Yoast SEO plugin. -->","yoast_head_json":{"title":"Personvern - Ungdomskole Nynorsk","robots":{"index":"index","follow":"follow","max-snippet":"max-snippet:-1","max-image-preview":"max-image-preview:large","max-video-preview":"max-video-preview:-1"},"canonical":"https:\/\/reklameskolen.devz.no\/ungdomsskole\/nn\/personvern\/","og_locale":"en_US","og_type":"article","og_title":"Personvern - Ungdomskole Nynorsk","og_description":"Personvernerkl\u00e6ring Nettsida reklameskolen.no er utvikla av Frontkom p\u00e5 oppdrag fr\u00e5 Forbrukertilsynet. Frontkom er databehandlar for informasjon som blir samla inn p\u00e5 nettsida. Denne informasjonen blir lagra p\u00e5 eigne serverar i Noreg. Det er berre tilsett hos Forbrukertilsynet og Frontkom som har tilgang til opplysningane som blir lagra. Ein eigen databehandleravtale mellom Forbrukertilsynet og Frontkom regulerer [&hellip;]","og_url":"https:\/\/reklameskolen.devz.no\/ungdomsskole\/nn\/personvern\/","og_site_name":"Ungdomskole Nynorsk","article_modified_time":"2024-03-21T14:29:41+00:00","twitter_card":"summary_large_image","twitter_misc":{"Est. reading time":"1 minute"},"schema":{"@context":"https:\/\/schema.org","@graph":[{"@type":"WebPage","@id":"https:\/\/reklameskolen.devz.no\/ungdomsskole\/nn\/personvern\/","url":"https:\/\/reklameskolen.devz.no\/ungdomsskole\/nn\/personvern\/","name":"Personvern - Ungdomskole Nynorsk","isPartOf":{"@id":"https:\/\/reklameskolen.devz.no\/ungdomsskole\/nn\/#website"},"datePublished":"2022-04-20T12:58:25+00:00","dateModified":"2024-03-21T14:29:41+00:00","breadcrumb":{"@id":"https:\/\/reklameskolen.devz.no\/ungdomsskole\/nn\/personvern\/#breadcrumb"},"inLanguage":"en-US","potentialAction":[{"@type":"ReadAction","target":["https:\/\/reklameskolen.devz.no\/ungdomsskole\/nn\/personvern\/"]}]},{"@type":"BreadcrumbList","@id":"https:\/\/reklameskolen.devz.no\/ungdomsskole\/nn\/personvern\/#breadcrumb","itemListElement":[{"@type":"ListItem","position":1,"name":"Home","item":"https:\/\/reklameskolen.devz.no\/ungdomsskole\/nn\/"},{"@type":"ListItem","position":2,"name":"Personvern"}]},{"@type":"WebSite","@id":"https:\/\/reklameskolen.devz.no\/ungdomsskole\/nn\/#website","url":"https:\/\/reklameskolen.devz.no\/ungdomsskole\/nn\/","name":"Ungdomskole Nynorsk","description":"Oppl\u00e6ringsverkt\u00f8y om reklame","publisher":{"@id":"https:\/\/reklameskolen.devz.no\/ungdomsskole\/nn\/#organization"},"potentialAction":[{"@type":"SearchAction","target":{"@type":"EntryPoint","urlTemplate":"https:\/\/reklameskolen.devz.no\/ungdomsskole\/nn\/?s={search_term_string}"},"query-input":{"@type":"PropertyValueSpecification","valueRequired":true,"valueName":"search_term_string"}}],"inLanguage":"en-US"},{"@type":"Organization","@id":"https:\/\/reklameskolen.devz.no\/ungdomsskole\/nn\/#organization","name":"Ungdomskole Nynorsk","url":"https:\/\/reklameskolen.devz.no\/ungdomsskole\/nn\/","logo":{"@type":"ImageObject","inLanguage":"en-US","@id":"https:\/\/reklameskolen.devz.no\/ungdomsskole\/nn\/#\/schema\/logo\/image\/","url":"https:\/\/reklameskolen.devz.no\/wp-content\/uploads\/2023\/08\/Reklameskolen-Logo-01.png","contentUrl":"https:\/\/reklameskolen.devz.no\/wp-content\/uploads\/2023\/08\/Reklameskolen-Logo-01.png","caption":"Ungdomskole Nynorsk"},"image":{"@id":"https:\/\/reklameskolen.devz.no\/ungdomsskole\/nn\/#\/schema\/logo\/image\/"}}]}},"_links":{"self":[{"href":"https:\/\/reklameskolen.devz.no\/ungdomsskole\/nn\/wp-json\/wp\/v2\/pages\/2924","targetHints":{"allow":["GET"]}}],"collection":[{"href":"https:\/\/reklameskolen.devz.no\/ungdomsskole\/nn\/wp-json\/wp\/v2\/pages"}],"about":[{"href":"https:\/\/reklameskolen.devz.no\/ungdomsskole\/nn\/wp-json\/wp\/v2\/types\/page"}],"author":[{"embeddable":true,"href":"https:\/\/reklameskolen.devz.no\/ungdomsskole\/nn\/wp-json\/wp\/v2\/users\/4"}],"replies":[{"embeddable":true,"href":"https:\/\/reklameskolen.devz.no\/ungdomsskole\/nn\/wp-json\/wp\/v2\/comments?post=2924"}],"version-history":[{"count":24,"href":"https:\/\/reklameskolen.devz.no\/ungdomsskole\/nn\/wp-json\/wp\/v2\/pages\/2924\/revisions"}],"predecessor-version":[{"id":3918,"href":"https:\/\/reklameskolen.devz.no\/ungdomsskole\/nn\/wp-json\/wp\/v2\/pages\/2924\/revisions\/3918"}],"wp:attachment":[{"href":"https:\/\/reklameskolen.devz.no\/ungdomsskole\/nn\/wp-json\/wp\/v2\/media?parent=2924"}],"curies":[{"name":"wp","href":"https:\/\/api.w.org\/{rel}","templated":true}]}}